{"id":3858,"date":"2020-07-03T03:35:07","date_gmt":"2020-07-03T05:35:07","guid":{"rendered":"https:\/\/www.specagra.ee.nemokamossvetaines.hostingas.lt\/?post_type=product&#038;p=3858"},"modified":"2022-11-21T05:16:35","modified_gmt":"2022-11-21T07:16:35","slug":"automatiniai-galviju-pasaru-trasporteriai","status":"publish","type":"product","link":"https:\/\/www.specagra.ee\/?product=automatiniai-galviju-pasaru-trasporteriai","title":{"rendered":"Automatiniai galvij\u0173 pa\u0161ar\u0173 trasporteriai"},"content":{"rendered":"<p>CK Industries, pranc\u016bz\u0173 gamintojo 40 met\u0173 tobulinta automatinio galvij\u0173 \u0161\u0117rimo technologija, pasi\u017eyminti i\u0161baigtumu ir ilgaam\u017ei\u0161kumu. Aktualus \u016bkininkams taupantiems viet\u0105<u>,pa\u0161arus, darbo bei finansinius<\/u>\u00a0ka\u0161tus.<\/p>\n<p>Siauras \u0161\u0117rimo transporteris taupo statomos\u00a0 arba renovuojamos karvid\u0117s ka\u0161tus, paliekama daug daugiau vietos papildomoms guoliaviet\u0117ms arba kitai \u012frangai. CK \u2013 industries tikslingai projektuotas\u00a0 \u0161\u0117rimo transporteris karv\u0117ms u\u017etikrina lengvesni, tolyg\u0173, nuolatin\u012f bei higieni\u0161k\u0105 galvij\u0173 \u0161\u0117rim\u0105 d\u0117l foto sensori\u0173 sistemos ir atliekam\u0173 pa\u0161ar\u0173 gr\u0105\u017einimo. Galite atsisveikinti su rankiniu darbu\u00a0 &#8211; pa\u0161ar\u0173 padavimas vyksta tiesiai \u012f transporter\u012f i\u0161 pa\u0161ar\u0173 mai\u0161ytuvo &#8211; dalytuvo!<\/p>\n<p>&nbsp;<\/p>\n<h5>Remiantis straipsnio \u201cPastato renovacija: bandos padidinimas i\u0161gelb\u0117jo nuo bankroto\u201d informacija publikuota 2017 m. rugs\u0117j\u012f pranc\u016bz\u0173 laikra\u0161tyje \u00ab L\u2019eleveur laitier \u00bb tira\u017eu 20 000 egzempliori\u0173:<\/h5>\n<p><strong><a href=\"http:\/\/www.specagra.ee\/wp-content\/uploads\/2020\/07\/Atsisi\u0173sti-\u201cPastato-renovacija-bandos-padidinimas-i\u0161gelb\u0117jo-nuo-bankroto\u201d.pdf\">Atsisi\u0173sti \u201cPastato renovacija bandos padidinimas i\u0161gelb\u0117jo nuo bankroto\u201d<\/a><\/strong><\/p>\n<p>D\u0117ka dvigubo \u0161\u0117rimo transporterio sumontuoto vietoj anks\u010diau buvusio plataus \u0161\u0117rimo tako ir padidinus tre\u010ddaliu pastato plot\u0105, \u016bkininkas padvigubino laikomos bandos skai\u010di\u0173. \u016akininkas paskai\u010diavo, kad i\u0161 buvusio 700 m\u00b2 tvarto tapo 963 m\u00b2. Senasis pastatas buvo 35 x 20 metr\u0173, su 60 gulim\u0173 viet\u0173 ir 50 \u0161\u0117rimo grot\u0173 viet\u0173 (t.y. apie 35 metrai \u0161\u0117rimo grot\u0173). O naujasis pastatas su 100 guoliavie\u010di\u0173 ir 76 metrais \u0161\u0117rimo grot\u0173. \u016akininko paskai\u010diavimais, diegdamas \u0161\u0117rimo transporter\u012f, kaip karvid\u0117s renovacij\u0105, jis sutaup\u0117 apie 12\u00a0000 eur\u0173, lyginant su skai\u010diuojamais kito renovacijos b\u016bdo ka\u0161tais esamoje fermoje. Ir tai \u0161\u012f \u016bk\u012f i\u0161gelb\u0117jo nuo bankroto.<\/p>\n<p>&nbsp;<\/p>\n<p><strong>PRODUKTO PRIVALUMAI:<\/strong><\/p>\n<ul>\n<li>Tausojanti viet\u0105 bei taupanti pinigus technologija, statant ar renovuojant. Optimalus tvarto vietos i\u0161naudojimas.<\/li>\n<li>Taupanti laik\u0105 technologija kasdien\u0117je \u0161\u0117rimo rutinoje: \u0161\u0117rimas be rankinio darbo (daug lengvesnis darbas);<\/li>\n<li>Lik\u0119 pa\u0161arai yra sugr\u0105\u017einami, kas suma\u017eina pa\u0161ar\u0173 praradimus ir suteikia galimyb\u0119 pa\u0161arus gr\u0105\u017einti gyvuliams \u0161erti v\u0117lesniu laiku.<\/li>\n<li>Trifazis elektros variklis u\u017etikrina gyvuli\u0173 saugum\u0105.<\/li>\n<li>Gerinama galvij\u0173 sveikatos b\u016bkl\u0117: da\u017enas pa\u0161ar\u0173 pateikimas ir reguliarus maitinimasis u\u017etikrina optimal\u0173 prie\u0161skrand\u017eio r\u016bg\u0161tingumo (pH) lyg\u012f.<\/li>\n<li>\u0160\u0117rimo greitis yra reguliuojamas.<\/li>\n<li>Gyvuliai netrikdomi i\u0161metamaisiais d\u016bmais ar garsu.<\/li>\n<li>Atsparus pa\u0161ar\u0173 r\u016bg\u0161tims.<\/li>\n<li>Lankstus para\u0161\u0173 pateikimas: i\u0161 pa\u0161ar\u0173 mai\u0161ytuvo tiesiai \u012f \u0161\u0117rimo stal\u0105<\/li>\n<\/ul>\n<p>&nbsp;<\/p>\n<ul>\n<li><strong>Tarptautin\u0117je \u017eem\u0117s \u016bkio parodoje &#8220;K\u0105 pas\u0117si&#8230; 2019&#8221; dir\u017einis pa\u0161ar\u0173 transporteris apdovanotas medaliu:<\/strong> <a href=\"http:\/\/inx.lv\/g09\">http:\/\/inx.lv\/g09<\/a><\/li>\n<\/ul>\n<p>&nbsp;<\/p>\n<ul>\n<li><strong>\u00a0Gyvas pokalbis apie dir\u017ein\u012f pa\u0161ar\u0173 transporter\u012f laidos &#8220;Kaimo akademija&#8221; reporta\u017ee (nuo 7 min.) :<\/strong><\/li>\n<\/ul>\n<p><a href=\"http:\/\/inx.lv\/g0C\">\u00a0\u00a0 http:\/\/inx.lv\/g0C<\/a><\/p>\n<ul>\n<li><strong>Tinklara\u0161\u010dio &#8220;Mano \u016bkis&#8221; straipsnyje pabr\u0117\u017eiami dir\u017einio transportelio privalumai ir naudingumas :<\/strong><\/li>\n<\/ul>\n<p><a href=\"http:\/\/inx.lv\/g02\">\u00a0\u00a0 http:\/\/inx.lv\/g02<\/a><\/p>\n","protected":false},"excerpt":{"rendered":"<p>CK Industries, pranc\u016bz\u0173 gamintojo 40 met\u0173 tobulinta automatinio galvij\u0173 \u0161\u0117rimo technologija, pasi\u017eyminti i\u0161baigtumu ir ilgaam\u017ei\u0161kumu. Aktualus \u016bkininkams taupantiems viet\u0105,pa\u0161arus, darbo bei finansinius\u00a0ka\u0161tus. Siauras \u0161\u0117rimo transporteris taupo statomos\u00a0 arba renovuojamos karvid\u0117s ka\u0161tus, paliekama daug daugiau vietos papildomoms guoliaviet\u0117ms arba kitai \u012frangai. CK \u2013 industries tikslingai projektuotas\u00a0 \u0161\u0117rimo transporteris karv\u0117ms u\u017etikrina lengvesni, tolyg\u0173, nuolatin\u012f bei higieni\u0161k\u0105 galvij\u0173 [&hellip;]<\/p>\n","protected":false},"featured_media":19266,"template":"","meta":{"_et_pb_use_builder":"","_et_pb_old_content":"","_et_gb_content_width":""},"product_brand":[],"product_cat":[110],"product_tag":[],"class_list":{"0":"post-3858","1":"product","2":"type-product","3":"status-publish","4":"has-post-thumbnail","6":"product_cat-automaatsed-sooda-transportoorid","8":"first","9":"instock","10":"shipping-taxable","11":"product-type-simple"},"yoast_head":"<!-- This site is optimized with the Yoast SEO plugin v26.4 - https:\/\/yoast.com\/wordpress\/plugins\/seo\/ -->\n<title>Automatiniai galvij\u0173 pa\u0161ar\u0173 trasporteriai - Specagra<\/title>\n<meta name=\"robots\" content=\"index, follow, max-snippet:-1, max-image-preview:large, max-video-preview:-1\" \/>\n<link rel=\"canonical\" href=\"https:\/\/www.specagra.ee\/?product=automatiniai-galviju-pasaru-trasporteriai\" \/>\n<meta property=\"og:locale\" content=\"et_EE\" \/>\n<meta property=\"og:type\" content=\"article\" \/>\n<meta property=\"og:title\" content=\"Automatiniai galvij\u0173 pa\u0161ar\u0173 trasporteriai - Specagra\" \/>\n<meta property=\"og:description\" content=\"CK Industries, pranc\u016bz\u0173 gamintojo 40 met\u0173 tobulinta automatinio galvij\u0173 \u0161\u0117rimo technologija, pasi\u017eyminti i\u0161baigtumu ir ilgaam\u017ei\u0161kumu. Aktualus \u016bkininkams taupantiems viet\u0105,pa\u0161arus, darbo bei finansinius\u00a0ka\u0161tus. Siauras \u0161\u0117rimo transporteris taupo statomos\u00a0 arba renovuojamos karvid\u0117s ka\u0161tus, paliekama daug daugiau vietos papildomoms guoliaviet\u0117ms arba kitai \u012frangai. CK \u2013 industries tikslingai projektuotas\u00a0 \u0161\u0117rimo transporteris karv\u0117ms u\u017etikrina lengvesni, tolyg\u0173, nuolatin\u012f bei higieni\u0161k\u0105 galvij\u0173 [&hellip;]\" \/>\n<meta property=\"og:url\" content=\"https:\/\/www.specagra.ee\/?product=automatiniai-galviju-pasaru-trasporteriai\" \/>\n<meta property=\"og:site_name\" content=\"Specagra\" \/>\n<meta property=\"article:modified_time\" content=\"2022-11-21T07:16:35+00:00\" \/>\n<meta property=\"og:image\" content=\"https:\/\/www.specagra.ee\/wp-content\/uploads\/2020\/07\/Untitled-design1461.jpg\" \/>\n\t<meta property=\"og:image:width\" content=\"800\" \/>\n\t<meta property=\"og:image:height\" content=\"800\" \/>\n\t<meta property=\"og:image:type\" content=\"image\/jpeg\" \/>\n<meta name=\"twitter:card\" content=\"summary_large_image\" \/>\n<meta name=\"twitter:label1\" content=\"Est. reading time\" \/>\n\t<meta name=\"twitter:data1\" content=\"2 minutit\" \/>\n<script type=\"application\/ld+json\" class=\"yoast-schema-graph\">{\"@context\":\"https:\/\/schema.org\",\"@graph\":[{\"@type\":\"WebPage\",\"@id\":\"https:\/\/www.specagra.ee\/?product=automatiniai-galviju-pasaru-trasporteriai\",\"url\":\"https:\/\/www.specagra.ee\/?product=automatiniai-galviju-pasaru-trasporteriai\",\"name\":\"Automatiniai galvij\u0173 pa\u0161ar\u0173 trasporteriai - Specagra\",\"isPartOf\":{\"@id\":\"https:\/\/www.specagra.ee\/#website\"},\"primaryImageOfPage\":{\"@id\":\"https:\/\/www.specagra.ee\/?product=automatiniai-galviju-pasaru-trasporteriai#primaryimage\"},\"image\":{\"@id\":\"https:\/\/www.specagra.ee\/?product=automatiniai-galviju-pasaru-trasporteriai#primaryimage\"},\"thumbnailUrl\":\"https:\/\/www.specagra.ee\/wp-content\/uploads\/2020\/07\/Untitled-design1461.jpg\",\"datePublished\":\"2020-07-03T05:35:07+00:00\",\"dateModified\":\"2022-11-21T07:16:35+00:00\",\"breadcrumb\":{\"@id\":\"https:\/\/www.specagra.ee\/?product=automatiniai-galviju-pasaru-trasporteriai#breadcrumb\"},\"inLanguage\":\"et\",\"potentialAction\":[{\"@type\":\"ReadAction\",\"target\":[\"https:\/\/www.specagra.ee\/?product=automatiniai-galviju-pasaru-trasporteriai\"]}]},{\"@type\":\"ImageObject\",\"inLanguage\":\"et\",\"@id\":\"https:\/\/www.specagra.ee\/?product=automatiniai-galviju-pasaru-trasporteriai#primaryimage\",\"url\":\"https:\/\/www.specagra.ee\/wp-content\/uploads\/2020\/07\/Untitled-design1461.jpg\",\"contentUrl\":\"https:\/\/www.specagra.ee\/wp-content\/uploads\/2020\/07\/Untitled-design1461.jpg\",\"width\":800,\"height\":800,\"caption\":\"Automatiniai galvij\u0173 pa\u0161ar\u0173 trasporteriai\"},{\"@type\":\"BreadcrumbList\",\"@id\":\"https:\/\/www.specagra.ee\/?product=automatiniai-galviju-pasaru-trasporteriai#breadcrumb\",\"itemListElement\":[{\"@type\":\"ListItem\",\"position\":1,\"name\":\"Home\",\"item\":\"https:\/\/www.specagra.ee\/\"},{\"@type\":\"ListItem\",\"position\":2,\"name\":\"P\u00f5llumajandustehnika ja loomakasvatus\",\"item\":\"https:\/\/www.specagra.ee\/?page_id=18493\"},{\"@type\":\"ListItem\",\"position\":3,\"name\":\"Automatiniai galvij\u0173 pa\u0161ar\u0173 trasporteriai\"}]},{\"@type\":\"WebSite\",\"@id\":\"https:\/\/www.specagra.ee\/#website\",\"url\":\"https:\/\/www.specagra.ee\/\",\"name\":\"Specagra\",\"description\":\"P\u00f5llumajandustehnika ja varuosad\",\"publisher\":{\"@id\":\"https:\/\/www.specagra.ee\/#organization\"},\"potentialAction\":[{\"@type\":\"SearchAction\",\"target\":{\"@type\":\"EntryPoint\",\"urlTemplate\":\"https:\/\/www.specagra.ee\/?s={search_term_string}\"},\"query-input\":{\"@type\":\"PropertyValueSpecification\",\"valueRequired\":true,\"valueName\":\"search_term_string\"}}],\"inLanguage\":\"et\"},{\"@type\":\"Organization\",\"@id\":\"https:\/\/www.specagra.ee\/#organization\",\"name\":\"UAB Specagra\",\"url\":\"https:\/\/www.specagra.ee\/\",\"logo\":{\"@type\":\"ImageObject\",\"inLanguage\":\"et\",\"@id\":\"https:\/\/www.specagra.ee\/#\/schema\/logo\/image\/\",\"url\":\"http:\/\/www.specagra.ee\/wp-content\/uploads\/2022\/02\/SP-logo_naujas-scaled.jpg\",\"contentUrl\":\"http:\/\/www.specagra.ee\/wp-content\/uploads\/2022\/02\/SP-logo_naujas-scaled.jpg\",\"width\":2560,\"height\":326,\"caption\":\"UAB Specagra\"},\"image\":{\"@id\":\"https:\/\/www.specagra.ee\/#\/schema\/logo\/image\/\"}}]}<\/script>\n<!-- \/ Yoast SEO plugin. -->","yoast_head_json":{"title":"Automatiniai galvij\u0173 pa\u0161ar\u0173 trasporteriai - Specagra","robots":{"index":"index","follow":"follow","max-snippet":"max-snippet:-1","max-image-preview":"max-image-preview:large","max-video-preview":"max-video-preview:-1"},"canonical":"https:\/\/www.specagra.ee\/?product=automatiniai-galviju-pasaru-trasporteriai","og_locale":"et_EE","og_type":"article","og_title":"Automatiniai galvij\u0173 pa\u0161ar\u0173 trasporteriai - Specagra","og_description":"CK Industries, pranc\u016bz\u0173 gamintojo 40 met\u0173 tobulinta automatinio galvij\u0173 \u0161\u0117rimo technologija, pasi\u017eyminti i\u0161baigtumu ir ilgaam\u017ei\u0161kumu. Aktualus \u016bkininkams taupantiems viet\u0105,pa\u0161arus, darbo bei finansinius\u00a0ka\u0161tus. Siauras \u0161\u0117rimo transporteris taupo statomos\u00a0 arba renovuojamos karvid\u0117s ka\u0161tus, paliekama daug daugiau vietos papildomoms guoliaviet\u0117ms arba kitai \u012frangai. CK \u2013 industries tikslingai projektuotas\u00a0 \u0161\u0117rimo transporteris karv\u0117ms u\u017etikrina lengvesni, tolyg\u0173, nuolatin\u012f bei higieni\u0161k\u0105 galvij\u0173 [&hellip;]","og_url":"https:\/\/www.specagra.ee\/?product=automatiniai-galviju-pasaru-trasporteriai","og_site_name":"Specagra","article_modified_time":"2022-11-21T07:16:35+00:00","og_image":[{"width":800,"height":800,"url":"https:\/\/www.specagra.ee\/wp-content\/uploads\/2020\/07\/Untitled-design1461.jpg","type":"image\/jpeg"}],"twitter_card":"summary_large_image","twitter_misc":{"Est. reading time":"2 minutit"},"schema":{"@context":"https:\/\/schema.org","@graph":[{"@type":"WebPage","@id":"https:\/\/www.specagra.ee\/?product=automatiniai-galviju-pasaru-trasporteriai","url":"https:\/\/www.specagra.ee\/?product=automatiniai-galviju-pasaru-trasporteriai","name":"Automatiniai galvij\u0173 pa\u0161ar\u0173 trasporteriai - Specagra","isPartOf":{"@id":"https:\/\/www.specagra.ee\/#website"},"primaryImageOfPage":{"@id":"https:\/\/www.specagra.ee\/?product=automatiniai-galviju-pasaru-trasporteriai#primaryimage"},"image":{"@id":"https:\/\/www.specagra.ee\/?product=automatiniai-galviju-pasaru-trasporteriai#primaryimage"},"thumbnailUrl":"https:\/\/www.specagra.ee\/wp-content\/uploads\/2020\/07\/Untitled-design1461.jpg","datePublished":"2020-07-03T05:35:07+00:00","dateModified":"2022-11-21T07:16:35+00:00","breadcrumb":{"@id":"https:\/\/www.specagra.ee\/?product=automatiniai-galviju-pasaru-trasporteriai#breadcrumb"},"inLanguage":"et","potentialAction":[{"@type":"ReadAction","target":["https:\/\/www.specagra.ee\/?product=automatiniai-galviju-pasaru-trasporteriai"]}]},{"@type":"ImageObject","inLanguage":"et","@id":"https:\/\/www.specagra.ee\/?product=automatiniai-galviju-pasaru-trasporteriai#primaryimage","url":"https:\/\/www.specagra.ee\/wp-content\/uploads\/2020\/07\/Untitled-design1461.jpg","contentUrl":"https:\/\/www.specagra.ee\/wp-content\/uploads\/2020\/07\/Untitled-design1461.jpg","width":800,"height":800,"caption":"Automatiniai galvij\u0173 pa\u0161ar\u0173 trasporteriai"},{"@type":"BreadcrumbList","@id":"https:\/\/www.specagra.ee\/?product=automatiniai-galviju-pasaru-trasporteriai#breadcrumb","itemListElement":[{"@type":"ListItem","position":1,"name":"Home","item":"https:\/\/www.specagra.ee\/"},{"@type":"ListItem","position":2,"name":"P\u00f5llumajandustehnika ja loomakasvatus","item":"https:\/\/www.specagra.ee\/?page_id=18493"},{"@type":"ListItem","position":3,"name":"Automatiniai galvij\u0173 pa\u0161ar\u0173 trasporteriai"}]},{"@type":"WebSite","@id":"https:\/\/www.specagra.ee\/#website","url":"https:\/\/www.specagra.ee\/","name":"Specagra","description":"P\u00f5llumajandustehnika ja varuosad","publisher":{"@id":"https:\/\/www.specagra.ee\/#organization"},"potentialAction":[{"@type":"SearchAction","target":{"@type":"EntryPoint","urlTemplate":"https:\/\/www.specagra.ee\/?s={search_term_string}"},"query-input":{"@type":"PropertyValueSpecification","valueRequired":true,"valueName":"search_term_string"}}],"inLanguage":"et"},{"@type":"Organization","@id":"https:\/\/www.specagra.ee\/#organization","name":"UAB Specagra","url":"https:\/\/www.specagra.ee\/","logo":{"@type":"ImageObject","inLanguage":"et","@id":"https:\/\/www.specagra.ee\/#\/schema\/logo\/image\/","url":"http:\/\/www.specagra.ee\/wp-content\/uploads\/2022\/02\/SP-logo_naujas-scaled.jpg","contentUrl":"http:\/\/www.specagra.ee\/wp-content\/uploads\/2022\/02\/SP-logo_naujas-scaled.jpg","width":2560,"height":326,"caption":"UAB Specagra"},"image":{"@id":"https:\/\/www.specagra.ee\/#\/schema\/logo\/image\/"}}]}},"_links":{"self":[{"href":"https:\/\/www.specagra.ee\/index.php?rest_route=\/wp\/v2\/product\/3858","targetHints":{"allow":["GET"]}}],"collection":[{"href":"https:\/\/www.specagra.ee\/index.php?rest_route=\/wp\/v2\/product"}],"about":[{"href":"https:\/\/www.specagra.ee\/index.php?rest_route=\/wp\/v2\/types\/product"}],"wp:featuredmedia":[{"embeddable":true,"href":"https:\/\/www.specagra.ee\/index.php?rest_route=\/wp\/v2\/media\/19266"}],"wp:attachment":[{"href":"https:\/\/www.specagra.ee\/index.php?rest_route=%2Fwp%2Fv2%2Fmedia&parent=3858"}],"wp:term":[{"taxonomy":"product_brand","embeddable":true,"href":"https:\/\/www.specagra.ee\/index.php?rest_route=%2Fwp%2Fv2%2Fproduct_brand&post=3858"},{"taxonomy":"product_cat","embeddable":true,"href":"https:\/\/www.specagra.ee\/index.php?rest_route=%2Fwp%2Fv2%2Fproduct_cat&post=3858"},{"taxonomy":"product_tag","embeddable":true,"href":"https:\/\/www.specagra.ee\/index.php?rest_route=%2Fwp%2Fv2%2Fproduct_tag&post=3858"}],"curies":[{"name":"wp","href":"https:\/\/api.w.org\/{rel}","templated":true}]}}