{"id":3775,"date":"2020-07-02T03:13:18","date_gmt":"2020-07-02T05:13:18","guid":{"rendered":"https:\/\/www.specagra.ee.nemokamossvetaines.hostingas.lt\/?post_type=product&#038;p=3775"},"modified":"2022-11-21T06:45:07","modified_gmt":"2022-11-21T08:45:07","slug":"moduliniai-loviai-galviju-pasarams","status":"publish","type":"product","link":"https:\/\/www.specagra.ee\/?product=moduliniai-loviai-galviju-pasarams","title":{"rendered":"Moduliniai loviai galvij\u0173 pa\u0161arams"},"content":{"rendered":"<ol>\n<li>Pa\u0161ar\u0173 loviai galvijams, laikomiems viduje arba lauke.<\/li>\n<li style=\"text-align: left;\">Vientisas lovys pagamintas i\u0161 100% gryno plastiko, atsparaus r\u016bg\u0161\u010diam silosui.<\/li>\n<\/ol>\n<p><strong>Didelio tankio plastiko loviams gamintojas suteikia 8 met\u0173 garantij\u0105 d\u0117l gamyklini\u0173 defekt\u0173.<\/strong><\/p>\n<ul>\n<li>Didelio tankio plastiko lovys, atsparus UV spinduli\u0173 poveikiui. Atsparus r\u016bg\u0161tims bei lengvai pri\u017ei\u016brimas.<\/li>\n<li>Ner\u016bdijan\u010dio plieno r\u0117mas (50&#215;50 mm vamzd\u017eiai) su 3 sutvirtinan\u010diais profiliais kas 1,5 m. Lengvai ir greitai sumontuojamas.<\/li>\n<li>Var\u017etais reguliuojamas koj\u0173 auk\u0161tis.<\/li>\n<li>30 mm diametro drenavimo anga, reguliuojama be \u012franki\u0173.<\/li>\n<\/ul>\n<p>Galimi ilgiai:<\/p>\n<ul>\n<li>3 metr\u0173 \u2013 620 litr\u0173 talpos<\/li>\n<li>4 metr\u0173 \u2013 845 litr\u0173 talpos<\/li>\n<li>5 metr\u0173 \u2013 1070 litr\u0173 talpos<\/li>\n<\/ul>\n<p>Papildomai galima \u012fsigyti D227 komplekt\u0105, kuris perdaro pa\u0161ar\u0173 lov\u012f \u012f girdymo lov\u012f.<\/p>\n","protected":false},"excerpt":{"rendered":"<p>Pa\u0161ar\u0173 loviai galvijams, laikomiems viduje arba lauke. Vientisas lovys pagamintas i\u0161 100% gryno plastiko, atsparaus r\u016bg\u0161\u010diam silosui. Didelio tankio plastiko loviams gamintojas suteikia 8 met\u0173 garantij\u0105 d\u0117l gamyklini\u0173 defekt\u0173. Didelio tankio plastiko lovys, atsparus UV spinduli\u0173 poveikiui. Atsparus r\u016bg\u0161tims bei lengvai pri\u017ei\u016brimas. Ner\u016bdijan\u010dio plieno r\u0117mas (50&#215;50 mm vamzd\u017eiai) su 3 sutvirtinan\u010diais profiliais kas 1,5 m. [&hellip;]<\/p>\n","protected":false},"featured_media":19273,"template":"","meta":{"_et_pb_use_builder":"","_et_pb_old_content":"","_et_gb_content_width":""},"product_brand":[],"product_cat":[114],"product_tag":[],"class_list":{"0":"post-3775","1":"product","2":"type-product","3":"status-publish","4":"has-post-thumbnail","6":"product_cat-soodakunad","8":"first","9":"instock","10":"shipping-taxable","11":"product-type-simple"},"yoast_head":"<!-- This site is optimized with the Yoast SEO plugin v26.4 - https:\/\/yoast.com\/wordpress\/plugins\/seo\/ -->\n<title>Moduliniai loviai galvij\u0173 pa\u0161arams - Specagra<\/title>\n<meta name=\"robots\" content=\"index, follow, max-snippet:-1, max-image-preview:large, max-video-preview:-1\" \/>\n<link rel=\"canonical\" href=\"https:\/\/www.specagra.ee\/?product=moduliniai-loviai-galviju-pasarams\" \/>\n<meta property=\"og:locale\" content=\"et_EE\" \/>\n<meta property=\"og:type\" content=\"article\" \/>\n<meta property=\"og:title\" content=\"Moduliniai loviai galvij\u0173 pa\u0161arams - Specagra\" \/>\n<meta property=\"og:description\" content=\"Pa\u0161ar\u0173 loviai galvijams, laikomiems viduje arba lauke. Vientisas lovys pagamintas i\u0161 100% gryno plastiko, atsparaus r\u016bg\u0161\u010diam silosui. Didelio tankio plastiko loviams gamintojas suteikia 8 met\u0173 garantij\u0105 d\u0117l gamyklini\u0173 defekt\u0173. Didelio tankio plastiko lovys, atsparus UV spinduli\u0173 poveikiui. Atsparus r\u016bg\u0161tims bei lengvai pri\u017ei\u016brimas. Ner\u016bdijan\u010dio plieno r\u0117mas (50&#215;50 mm vamzd\u017eiai) su 3 sutvirtinan\u010diais profiliais kas 1,5 m. [&hellip;]\" \/>\n<meta property=\"og:url\" content=\"https:\/\/www.specagra.ee\/?product=moduliniai-loviai-galviju-pasarams\" \/>\n<meta property=\"og:site_name\" content=\"Specagra\" \/>\n<meta property=\"article:modified_time\" content=\"2022-11-21T08:45:07+00:00\" \/>\n<meta property=\"og:image\" content=\"https:\/\/www.specagra.ee\/wp-content\/uploads\/2020\/07\/Untitled-design151.jpg\" \/>\n\t<meta property=\"og:image:width\" content=\"800\" \/>\n\t<meta property=\"og:image:height\" content=\"800\" \/>\n\t<meta property=\"og:image:type\" content=\"image\/jpeg\" \/>\n<meta name=\"twitter:card\" content=\"summary_large_image\" \/>\n<meta name=\"twitter:label1\" content=\"Est. reading time\" \/>\n\t<meta name=\"twitter:data1\" content=\"1 minut\" \/>\n<script type=\"application\/ld+json\" class=\"yoast-schema-graph\">{\"@context\":\"https:\/\/schema.org\",\"@graph\":[{\"@type\":\"WebPage\",\"@id\":\"https:\/\/www.specagra.ee\/?product=moduliniai-loviai-galviju-pasarams\",\"url\":\"https:\/\/www.specagra.ee\/?product=moduliniai-loviai-galviju-pasarams\",\"name\":\"Moduliniai loviai galvij\u0173 pa\u0161arams - Specagra\",\"isPartOf\":{\"@id\":\"https:\/\/www.specagra.ee\/#website\"},\"primaryImageOfPage\":{\"@id\":\"https:\/\/www.specagra.ee\/?product=moduliniai-loviai-galviju-pasarams#primaryimage\"},\"image\":{\"@id\":\"https:\/\/www.specagra.ee\/?product=moduliniai-loviai-galviju-pasarams#primaryimage\"},\"thumbnailUrl\":\"https:\/\/www.specagra.ee\/wp-content\/uploads\/2020\/07\/Untitled-design151.jpg\",\"datePublished\":\"2020-07-02T05:13:18+00:00\",\"dateModified\":\"2022-11-21T08:45:07+00:00\",\"breadcrumb\":{\"@id\":\"https:\/\/www.specagra.ee\/?product=moduliniai-loviai-galviju-pasarams#breadcrumb\"},\"inLanguage\":\"et\",\"potentialAction\":[{\"@type\":\"ReadAction\",\"target\":[\"https:\/\/www.specagra.ee\/?product=moduliniai-loviai-galviju-pasarams\"]}]},{\"@type\":\"ImageObject\",\"inLanguage\":\"et\",\"@id\":\"https:\/\/www.specagra.ee\/?product=moduliniai-loviai-galviju-pasarams#primaryimage\",\"url\":\"https:\/\/www.specagra.ee\/wp-content\/uploads\/2020\/07\/Untitled-design151.jpg\",\"contentUrl\":\"https:\/\/www.specagra.ee\/wp-content\/uploads\/2020\/07\/Untitled-design151.jpg\",\"width\":800,\"height\":800,\"caption\":\"Moduliniai loviai galvij\u0173 pa\u0161arams\"},{\"@type\":\"BreadcrumbList\",\"@id\":\"https:\/\/www.specagra.ee\/?product=moduliniai-loviai-galviju-pasarams#breadcrumb\",\"itemListElement\":[{\"@type\":\"ListItem\",\"position\":1,\"name\":\"Home\",\"item\":\"https:\/\/www.specagra.ee\/\"},{\"@type\":\"ListItem\",\"position\":2,\"name\":\"P\u00f5llumajandustehnika ja loomakasvatus\",\"item\":\"https:\/\/specagra.ee\/?page_id=18493\"},{\"@type\":\"ListItem\",\"position\":3,\"name\":\"Moduliniai loviai galvij\u0173 pa\u0161arams\"}]},{\"@type\":\"WebSite\",\"@id\":\"https:\/\/www.specagra.ee\/#website\",\"url\":\"https:\/\/www.specagra.ee\/\",\"name\":\"Specagra\",\"description\":\"P\u00f5llumajandustehnika ja varuosad\",\"publisher\":{\"@id\":\"https:\/\/www.specagra.ee\/#organization\"},\"potentialAction\":[{\"@type\":\"SearchAction\",\"target\":{\"@type\":\"EntryPoint\",\"urlTemplate\":\"https:\/\/www.specagra.ee\/?s={search_term_string}\"},\"query-input\":{\"@type\":\"PropertyValueSpecification\",\"valueRequired\":true,\"valueName\":\"search_term_string\"}}],\"inLanguage\":\"et\"},{\"@type\":\"Organization\",\"@id\":\"https:\/\/www.specagra.ee\/#organization\",\"name\":\"UAB Specagra\",\"url\":\"https:\/\/www.specagra.ee\/\",\"logo\":{\"@type\":\"ImageObject\",\"inLanguage\":\"et\",\"@id\":\"https:\/\/www.specagra.ee\/#\/schema\/logo\/image\/\",\"url\":\"http:\/\/www.specagra.ee\/wp-content\/uploads\/2022\/02\/SP-logo_naujas-scaled.jpg\",\"contentUrl\":\"http:\/\/www.specagra.ee\/wp-content\/uploads\/2022\/02\/SP-logo_naujas-scaled.jpg\",\"width\":2560,\"height\":326,\"caption\":\"UAB Specagra\"},\"image\":{\"@id\":\"https:\/\/www.specagra.ee\/#\/schema\/logo\/image\/\"}}]}<\/script>\n<!-- \/ Yoast SEO plugin. -->","yoast_head_json":{"title":"Moduliniai loviai galvij\u0173 pa\u0161arams - Specagra","robots":{"index":"index","follow":"follow","max-snippet":"max-snippet:-1","max-image-preview":"max-image-preview:large","max-video-preview":"max-video-preview:-1"},"canonical":"https:\/\/www.specagra.ee\/?product=moduliniai-loviai-galviju-pasarams","og_locale":"et_EE","og_type":"article","og_title":"Moduliniai loviai galvij\u0173 pa\u0161arams - Specagra","og_description":"Pa\u0161ar\u0173 loviai galvijams, laikomiems viduje arba lauke. Vientisas lovys pagamintas i\u0161 100% gryno plastiko, atsparaus r\u016bg\u0161\u010diam silosui. Didelio tankio plastiko loviams gamintojas suteikia 8 met\u0173 garantij\u0105 d\u0117l gamyklini\u0173 defekt\u0173. Didelio tankio plastiko lovys, atsparus UV spinduli\u0173 poveikiui. Atsparus r\u016bg\u0161tims bei lengvai pri\u017ei\u016brimas. Ner\u016bdijan\u010dio plieno r\u0117mas (50&#215;50 mm vamzd\u017eiai) su 3 sutvirtinan\u010diais profiliais kas 1,5 m. [&hellip;]","og_url":"https:\/\/www.specagra.ee\/?product=moduliniai-loviai-galviju-pasarams","og_site_name":"Specagra","article_modified_time":"2022-11-21T08:45:07+00:00","og_image":[{"width":800,"height":800,"url":"https:\/\/www.specagra.ee\/wp-content\/uploads\/2020\/07\/Untitled-design151.jpg","type":"image\/jpeg"}],"twitter_card":"summary_large_image","twitter_misc":{"Est. reading time":"1 minut"},"schema":{"@context":"https:\/\/schema.org","@graph":[{"@type":"WebPage","@id":"https:\/\/www.specagra.ee\/?product=moduliniai-loviai-galviju-pasarams","url":"https:\/\/www.specagra.ee\/?product=moduliniai-loviai-galviju-pasarams","name":"Moduliniai loviai galvij\u0173 pa\u0161arams - Specagra","isPartOf":{"@id":"https:\/\/www.specagra.ee\/#website"},"primaryImageOfPage":{"@id":"https:\/\/www.specagra.ee\/?product=moduliniai-loviai-galviju-pasarams#primaryimage"},"image":{"@id":"https:\/\/www.specagra.ee\/?product=moduliniai-loviai-galviju-pasarams#primaryimage"},"thumbnailUrl":"https:\/\/www.specagra.ee\/wp-content\/uploads\/2020\/07\/Untitled-design151.jpg","datePublished":"2020-07-02T05:13:18+00:00","dateModified":"2022-11-21T08:45:07+00:00","breadcrumb":{"@id":"https:\/\/www.specagra.ee\/?product=moduliniai-loviai-galviju-pasarams#breadcrumb"},"inLanguage":"et","potentialAction":[{"@type":"ReadAction","target":["https:\/\/www.specagra.ee\/?product=moduliniai-loviai-galviju-pasarams"]}]},{"@type":"ImageObject","inLanguage":"et","@id":"https:\/\/www.specagra.ee\/?product=moduliniai-loviai-galviju-pasarams#primaryimage","url":"https:\/\/www.specagra.ee\/wp-content\/uploads\/2020\/07\/Untitled-design151.jpg","contentUrl":"https:\/\/www.specagra.ee\/wp-content\/uploads\/2020\/07\/Untitled-design151.jpg","width":800,"height":800,"caption":"Moduliniai loviai galvij\u0173 pa\u0161arams"},{"@type":"BreadcrumbList","@id":"https:\/\/www.specagra.ee\/?product=moduliniai-loviai-galviju-pasarams#breadcrumb","itemListElement":[{"@type":"ListItem","position":1,"name":"Home","item":"https:\/\/www.specagra.ee\/"},{"@type":"ListItem","position":2,"name":"P\u00f5llumajandustehnika ja loomakasvatus","item":"https:\/\/specagra.ee\/?page_id=18493"},{"@type":"ListItem","position":3,"name":"Moduliniai loviai galvij\u0173 pa\u0161arams"}]},{"@type":"WebSite","@id":"https:\/\/www.specagra.ee\/#website","url":"https:\/\/www.specagra.ee\/","name":"Specagra","description":"P\u00f5llumajandustehnika ja varuosad","publisher":{"@id":"https:\/\/www.specagra.ee\/#organization"},"potentialAction":[{"@type":"SearchAction","target":{"@type":"EntryPoint","urlTemplate":"https:\/\/www.specagra.ee\/?s={search_term_string}"},"query-input":{"@type":"PropertyValueSpecification","valueRequired":true,"valueName":"search_term_string"}}],"inLanguage":"et"},{"@type":"Organization","@id":"https:\/\/www.specagra.ee\/#organization","name":"UAB Specagra","url":"https:\/\/www.specagra.ee\/","logo":{"@type":"ImageObject","inLanguage":"et","@id":"https:\/\/www.specagra.ee\/#\/schema\/logo\/image\/","url":"http:\/\/www.specagra.ee\/wp-content\/uploads\/2022\/02\/SP-logo_naujas-scaled.jpg","contentUrl":"http:\/\/www.specagra.ee\/wp-content\/uploads\/2022\/02\/SP-logo_naujas-scaled.jpg","width":2560,"height":326,"caption":"UAB Specagra"},"image":{"@id":"https:\/\/www.specagra.ee\/#\/schema\/logo\/image\/"}}]}},"_links":{"self":[{"href":"https:\/\/www.specagra.ee\/index.php?rest_route=\/wp\/v2\/product\/3775","targetHints":{"allow":["GET"]}}],"collection":[{"href":"https:\/\/www.specagra.ee\/index.php?rest_route=\/wp\/v2\/product"}],"about":[{"href":"https:\/\/www.specagra.ee\/index.php?rest_route=\/wp\/v2\/types\/product"}],"wp:featuredmedia":[{"embeddable":true,"href":"https:\/\/www.specagra.ee\/index.php?rest_route=\/wp\/v2\/media\/19273"}],"wp:attachment":[{"href":"https:\/\/www.specagra.ee\/index.php?rest_route=%2Fwp%2Fv2%2Fmedia&parent=3775"}],"wp:term":[{"taxonomy":"product_brand","embeddable":true,"href":"https:\/\/www.specagra.ee\/index.php?rest_route=%2Fwp%2Fv2%2Fproduct_brand&post=3775"},{"taxonomy":"product_cat","embeddable":true,"href":"https:\/\/www.specagra.ee\/index.php?rest_route=%2Fwp%2Fv2%2Fproduct_cat&post=3775"},{"taxonomy":"product_tag","embeddable":true,"href":"https:\/\/www.specagra.ee\/index.php?rest_route=%2Fwp%2Fv2%2Fproduct_tag&post=3775"}],"curies":[{"name":"wp","href":"https:\/\/api.w.org\/{rel}","templated":true}]}}