{"id":3751,"date":"2020-07-01T08:40:58","date_gmt":"2020-07-01T10:40:58","guid":{"rendered":"https:\/\/www.specagra.ee.nemokamossvetaines.hostingas.lt\/?post_type=product&#038;p=3751"},"modified":"2023-08-30T11:15:42","modified_gmt":"2023-08-30T13:15:42","slug":"pieno-vakuumo-linijos","status":"publish","type":"product","link":"https:\/\/www.specagra.ee\/?product=pieno-vakuumo-linijos","title":{"rendered":"Pieno &#8211; vakuumo linijos"},"content":{"rendered":"<p>Bendrosios savyb\u0117s:<\/p>\n<ul>\n<li>Mel\u017eimo aparatas KOMPAS 100 su pieno matuokliu<\/li>\n<\/ul>\n<p><img loading=\"lazy\" decoding=\"async\" class=\"alignnone wp-image-5721\" src=\"http:\/\/www.specagra.ee\/wp-content\/uploads\/2020\/07\/Kompas-1-do-wwweu-300x213.jpg\" alt=\"\" width=\"266\" height=\"189\" srcset=\"https:\/\/www.specagra.ee\/wp-content\/uploads\/2020\/07\/Kompas-1-do-wwweu-300x213.jpg 300w, https:\/\/www.specagra.ee\/wp-content\/uploads\/2020\/07\/Kompas-1-do-wwweu-1024x728.jpg 1024w, https:\/\/www.specagra.ee\/wp-content\/uploads\/2020\/07\/Kompas-1-do-wwweu-768x546.jpg 768w, https:\/\/www.specagra.ee\/wp-content\/uploads\/2020\/07\/Kompas-1-do-wwweu-1536x1093.jpg 1536w, https:\/\/www.specagra.ee\/wp-content\/uploads\/2020\/07\/Kompas-1-do-wwweu-2048x1457.jpg 2048w, https:\/\/www.specagra.ee\/wp-content\/uploads\/2020\/07\/Kompas-1-do-wwweu-400x284.jpg 400w, https:\/\/www.specagra.ee\/wp-content\/uploads\/2020\/07\/Kompas-1-do-wwweu-1080x768.jpg 1080w, https:\/\/www.specagra.ee\/wp-content\/uploads\/2020\/07\/Kompas-1-do-wwweu-1280x911.jpg 1280w, https:\/\/www.specagra.ee\/wp-content\/uploads\/2020\/07\/Kompas-1-do-wwweu-980x697.jpg 980w, https:\/\/www.specagra.ee\/wp-content\/uploads\/2020\/07\/Kompas-1-do-wwweu-480x341.jpg 480w, https:\/\/www.specagra.ee\/wp-content\/uploads\/2020\/07\/Kompas-1-do-wwweu-100x71.jpg 100w, https:\/\/www.specagra.ee\/wp-content\/uploads\/2020\/07\/Kompas-1-do-wwweu-600x427.jpg 600w\" sizes=\"(max-width: 266px) 100vw, 266px\" \/><\/p>\n<ul>\n<li>Vakuumo agregatai nuo 600 iki 2000 l\/min. na\u0161umo<\/li>\n<\/ul>\n<p><img loading=\"lazy\" decoding=\"async\" class=\"alignnone wp-image-5722\" src=\"http:\/\/www.specagra.ee\/wp-content\/uploads\/2020\/07\/agregat-wwweu-300x180-1.jpg\" alt=\"\" width=\"272\" height=\"163\" srcset=\"https:\/\/www.specagra.ee\/wp-content\/uploads\/2020\/07\/agregat-wwweu-300x180-1.jpg 300w, https:\/\/www.specagra.ee\/wp-content\/uploads\/2020\/07\/agregat-wwweu-300x180-1-100x60.jpg 100w\" sizes=\"(max-width: 272px) 100vw, 272px\" \/><\/p>\n<ul>\n<li>Servo reguliatorius POLANES 3500<\/li>\n<\/ul>\n<p><img loading=\"lazy\" decoding=\"async\" class=\"alignnone wp-image-5723\" src=\"http:\/\/www.specagra.ee\/wp-content\/uploads\/2020\/07\/serwo-wwweu-300x180-1.jpg\" alt=\"\" width=\"235\" height=\"141\" srcset=\"https:\/\/www.specagra.ee\/wp-content\/uploads\/2020\/07\/serwo-wwweu-300x180-1.jpg 300w, https:\/\/www.specagra.ee\/wp-content\/uploads\/2020\/07\/serwo-wwweu-300x180-1-100x60.jpg 100w\" sizes=\"(max-width: 235px) 100vw, 235px\" \/><\/p>\n<ul>\n<li>Integruotos pieno ir vakuumo linijos<\/li>\n<\/ul>\n<p><img loading=\"lazy\" decoding=\"async\" class=\"alignnone size-full wp-image-5724\" src=\"http:\/\/www.specagra.ee\/wp-content\/uploads\/2020\/07\/do-wwweu-przewod-300x180-2.jpg\" alt=\"\" width=\"300\" height=\"180\" srcset=\"https:\/\/www.specagra.ee\/wp-content\/uploads\/2020\/07\/do-wwweu-przewod-300x180-2.jpg 300w, https:\/\/www.specagra.ee\/wp-content\/uploads\/2020\/07\/do-wwweu-przewod-300x180-2-100x60.jpg 100w\" sizes=\"(max-width: 300px) 100vw, 300px\" \/><\/p>\n<ul>\n<li>Pieno vamzd\u017eiai pagaminti i\u0161 r\u016bg\u0161\u010diai atsparaus plieno<\/li>\n<\/ul>\n<p><img loading=\"lazy\" decoding=\"async\" class=\"alignnone size-full wp-image-5725\" src=\"http:\/\/www.specagra.ee\/wp-content\/uploads\/2020\/07\/ruroc-home-300x180-2.jpg\" alt=\"\" width=\"300\" height=\"180\" srcset=\"https:\/\/www.specagra.ee\/wp-content\/uploads\/2020\/07\/ruroc-home-300x180-2.jpg 300w, https:\/\/www.specagra.ee\/wp-content\/uploads\/2020\/07\/ruroc-home-300x180-2-100x60.jpg 100w\" sizes=\"(max-width: 300px) 100vw, 300px\" \/><\/p>\n<ul>\n<li>Pusiau automatin\u0117 plovykla AQUARIUS 80<\/li>\n<\/ul>\n<p><img loading=\"lazy\" decoding=\"async\" class=\"alignnone size-full wp-image-5726\" src=\"http:\/\/www.specagra.ee\/wp-content\/uploads\/2020\/07\/20151128_174840wwweu-300x180-2.jpg\" alt=\"\" width=\"300\" height=\"180\" srcset=\"https:\/\/www.specagra.ee\/wp-content\/uploads\/2020\/07\/20151128_174840wwweu-300x180-2.jpg 300w, https:\/\/www.specagra.ee\/wp-content\/uploads\/2020\/07\/20151128_174840wwweu-300x180-2-100x60.jpg 100w\" sizes=\"(max-width: 300px) 100vw, 300px\" \/><\/p>\n<ul>\n<li>Mel\u017eimo \u012frangos tip\u0105 pirmiausiai nulemia gyvuli\u0173 laikymo b\u016bdas: palaid\u0105 karvi\u0173 band\u0105 patogiausia mel\u017eti mel\u017eimo aik\u0161tel\u0117je, o priri\u0161tas karves- \u012f pieno linij\u0105.<\/li>\n<li>Pieno linijos mel\u017eimo sistema leid\u017eia sinchroni\u0161kai transportuoti pagamint\u0105 pien\u0105 \u012f pieno laikymo, filtravimo ir vamzdynais \u012f au\u0161inimo talpas.<\/li>\n<li>Karvi\u0173 bandos skai\u010dius gali svyruoti nuo 10 iki 400 ir daugiau.<\/li>\n<\/ul>\n<p>&nbsp;<\/p>\n","protected":false},"excerpt":{"rendered":"<p>Bendrosios savyb\u0117s: Mel\u017eimo aparatas KOMPAS 100 su pieno matuokliu Vakuumo agregatai nuo 600 iki 2000 l\/min. na\u0161umo Servo reguliatorius POLANES 3500 Integruotos pieno ir vakuumo linijos Pieno vamzd\u017eiai pagaminti i\u0161 r\u016bg\u0161\u010diai atsparaus plieno Pusiau automatin\u0117 plovykla AQUARIUS 80 Mel\u017eimo \u012frangos tip\u0105 pirmiausiai nulemia gyvuli\u0173 laikymo b\u016bdas: palaid\u0105 karvi\u0173 band\u0105 patogiausia mel\u017eti mel\u017eimo aik\u0161tel\u0117je, o priri\u0161tas [&hellip;]<\/p>\n","protected":false},"featured_media":19306,"template":"","meta":{"_et_pb_use_builder":"","_et_pb_old_content":"","_et_gb_content_width":""},"product_brand":[],"product_cat":[249],"product_tag":[],"class_list":{"0":"post-3751","1":"product","2":"type-product","3":"status-publish","4":"has-post-thumbnail","6":"product_cat-lupsiseadmete-varuosad","8":"first","9":"instock","10":"shipping-taxable","11":"product-type-simple"},"yoast_head":"<!-- This site is optimized with the Yoast SEO plugin v26.4 - https:\/\/yoast.com\/wordpress\/plugins\/seo\/ -->\n<title>Pieno - vakuumo linijos - Specagra<\/title>\n<meta name=\"robots\" content=\"index, follow, max-snippet:-1, max-image-preview:large, max-video-preview:-1\" \/>\n<link rel=\"canonical\" href=\"https:\/\/www.specagra.ee\/?product=pieno-vakuumo-linijos\" \/>\n<meta property=\"og:locale\" content=\"et_EE\" \/>\n<meta property=\"og:type\" content=\"article\" \/>\n<meta property=\"og:title\" content=\"Pieno - vakuumo linijos - Specagra\" \/>\n<meta property=\"og:description\" content=\"Bendrosios savyb\u0117s: Mel\u017eimo aparatas KOMPAS 100 su pieno matuokliu Vakuumo agregatai nuo 600 iki 2000 l\/min. na\u0161umo Servo reguliatorius POLANES 3500 Integruotos pieno ir vakuumo linijos Pieno vamzd\u017eiai pagaminti i\u0161 r\u016bg\u0161\u010diai atsparaus plieno Pusiau automatin\u0117 plovykla AQUARIUS 80 Mel\u017eimo \u012frangos tip\u0105 pirmiausiai nulemia gyvuli\u0173 laikymo b\u016bdas: palaid\u0105 karvi\u0173 band\u0105 patogiausia mel\u017eti mel\u017eimo aik\u0161tel\u0117je, o priri\u0161tas [&hellip;]\" \/>\n<meta property=\"og:url\" content=\"https:\/\/www.specagra.ee\/?product=pieno-vakuumo-linijos\" \/>\n<meta property=\"og:site_name\" content=\"Specagra\" \/>\n<meta property=\"article:modified_time\" content=\"2023-08-30T13:15:42+00:00\" \/>\n<meta property=\"og:image\" content=\"https:\/\/www.specagra.ee\/wp-content\/uploads\/2020\/07\/200000073752-3.jpg\" \/>\n\t<meta property=\"og:image:width\" content=\"800\" \/>\n\t<meta property=\"og:image:height\" content=\"800\" \/>\n\t<meta property=\"og:image:type\" content=\"image\/jpeg\" \/>\n<meta name=\"twitter:card\" content=\"summary_large_image\" \/>\n<meta name=\"twitter:label1\" content=\"Est. reading time\" \/>\n\t<meta name=\"twitter:data1\" content=\"2 minutit\" \/>\n<script type=\"application\/ld+json\" class=\"yoast-schema-graph\">{\"@context\":\"https:\/\/schema.org\",\"@graph\":[{\"@type\":\"WebPage\",\"@id\":\"https:\/\/www.specagra.ee\/?product=pieno-vakuumo-linijos\",\"url\":\"https:\/\/www.specagra.ee\/?product=pieno-vakuumo-linijos\",\"name\":\"Pieno - vakuumo linijos - Specagra\",\"isPartOf\":{\"@id\":\"https:\/\/www.specagra.ee\/#website\"},\"primaryImageOfPage\":{\"@id\":\"https:\/\/www.specagra.ee\/?product=pieno-vakuumo-linijos#primaryimage\"},\"image\":{\"@id\":\"https:\/\/www.specagra.ee\/?product=pieno-vakuumo-linijos#primaryimage\"},\"thumbnailUrl\":\"https:\/\/www.specagra.ee\/wp-content\/uploads\/2020\/07\/200000073752-3.jpg\",\"datePublished\":\"2020-07-01T10:40:58+00:00\",\"dateModified\":\"2023-08-30T13:15:42+00:00\",\"breadcrumb\":{\"@id\":\"https:\/\/www.specagra.ee\/?product=pieno-vakuumo-linijos#breadcrumb\"},\"inLanguage\":\"et\",\"potentialAction\":[{\"@type\":\"ReadAction\",\"target\":[\"https:\/\/www.specagra.ee\/?product=pieno-vakuumo-linijos\"]}]},{\"@type\":\"ImageObject\",\"inLanguage\":\"et\",\"@id\":\"https:\/\/www.specagra.ee\/?product=pieno-vakuumo-linijos#primaryimage\",\"url\":\"https:\/\/www.specagra.ee\/wp-content\/uploads\/2020\/07\/200000073752-3.jpg\",\"contentUrl\":\"https:\/\/www.specagra.ee\/wp-content\/uploads\/2020\/07\/200000073752-3.jpg\",\"width\":800,\"height\":800,\"caption\":\"Pieno - vakuumo linijos\"},{\"@type\":\"BreadcrumbList\",\"@id\":\"https:\/\/www.specagra.ee\/?product=pieno-vakuumo-linijos#breadcrumb\",\"itemListElement\":[{\"@type\":\"ListItem\",\"position\":1,\"name\":\"Home\",\"item\":\"https:\/\/www.specagra.ee\/\"},{\"@type\":\"ListItem\",\"position\":2,\"name\":\"P\u00f5llumajandustehnika ja loomakasvatus\",\"item\":\"https:\/\/specagra.ee\/?page_id=18493\"},{\"@type\":\"ListItem\",\"position\":3,\"name\":\"Pieno &#8211; vakuumo linijos\"}]},{\"@type\":\"WebSite\",\"@id\":\"https:\/\/www.specagra.ee\/#website\",\"url\":\"https:\/\/www.specagra.ee\/\",\"name\":\"Specagra\",\"description\":\"P\u00f5llumajandustehnika ja varuosad\",\"publisher\":{\"@id\":\"https:\/\/www.specagra.ee\/#organization\"},\"potentialAction\":[{\"@type\":\"SearchAction\",\"target\":{\"@type\":\"EntryPoint\",\"urlTemplate\":\"https:\/\/www.specagra.ee\/?s={search_term_string}\"},\"query-input\":{\"@type\":\"PropertyValueSpecification\",\"valueRequired\":true,\"valueName\":\"search_term_string\"}}],\"inLanguage\":\"et\"},{\"@type\":\"Organization\",\"@id\":\"https:\/\/www.specagra.ee\/#organization\",\"name\":\"UAB Specagra\",\"url\":\"https:\/\/www.specagra.ee\/\",\"logo\":{\"@type\":\"ImageObject\",\"inLanguage\":\"et\",\"@id\":\"https:\/\/www.specagra.ee\/#\/schema\/logo\/image\/\",\"url\":\"http:\/\/www.specagra.ee\/wp-content\/uploads\/2022\/02\/SP-logo_naujas-scaled.jpg\",\"contentUrl\":\"http:\/\/www.specagra.ee\/wp-content\/uploads\/2022\/02\/SP-logo_naujas-scaled.jpg\",\"width\":2560,\"height\":326,\"caption\":\"UAB Specagra\"},\"image\":{\"@id\":\"https:\/\/www.specagra.ee\/#\/schema\/logo\/image\/\"}}]}<\/script>\n<!-- \/ Yoast SEO plugin. -->","yoast_head_json":{"title":"Pieno - vakuumo linijos - Specagra","robots":{"index":"index","follow":"follow","max-snippet":"max-snippet:-1","max-image-preview":"max-image-preview:large","max-video-preview":"max-video-preview:-1"},"canonical":"https:\/\/www.specagra.ee\/?product=pieno-vakuumo-linijos","og_locale":"et_EE","og_type":"article","og_title":"Pieno - vakuumo linijos - Specagra","og_description":"Bendrosios savyb\u0117s: Mel\u017eimo aparatas KOMPAS 100 su pieno matuokliu Vakuumo agregatai nuo 600 iki 2000 l\/min. na\u0161umo Servo reguliatorius POLANES 3500 Integruotos pieno ir vakuumo linijos Pieno vamzd\u017eiai pagaminti i\u0161 r\u016bg\u0161\u010diai atsparaus plieno Pusiau automatin\u0117 plovykla AQUARIUS 80 Mel\u017eimo \u012frangos tip\u0105 pirmiausiai nulemia gyvuli\u0173 laikymo b\u016bdas: palaid\u0105 karvi\u0173 band\u0105 patogiausia mel\u017eti mel\u017eimo aik\u0161tel\u0117je, o priri\u0161tas [&hellip;]","og_url":"https:\/\/www.specagra.ee\/?product=pieno-vakuumo-linijos","og_site_name":"Specagra","article_modified_time":"2023-08-30T13:15:42+00:00","og_image":[{"width":800,"height":800,"url":"https:\/\/www.specagra.ee\/wp-content\/uploads\/2020\/07\/200000073752-3.jpg","type":"image\/jpeg"}],"twitter_card":"summary_large_image","twitter_misc":{"Est. reading time":"2 minutit"},"schema":{"@context":"https:\/\/schema.org","@graph":[{"@type":"WebPage","@id":"https:\/\/www.specagra.ee\/?product=pieno-vakuumo-linijos","url":"https:\/\/www.specagra.ee\/?product=pieno-vakuumo-linijos","name":"Pieno - vakuumo linijos - Specagra","isPartOf":{"@id":"https:\/\/www.specagra.ee\/#website"},"primaryImageOfPage":{"@id":"https:\/\/www.specagra.ee\/?product=pieno-vakuumo-linijos#primaryimage"},"image":{"@id":"https:\/\/www.specagra.ee\/?product=pieno-vakuumo-linijos#primaryimage"},"thumbnailUrl":"https:\/\/www.specagra.ee\/wp-content\/uploads\/2020\/07\/200000073752-3.jpg","datePublished":"2020-07-01T10:40:58+00:00","dateModified":"2023-08-30T13:15:42+00:00","breadcrumb":{"@id":"https:\/\/www.specagra.ee\/?product=pieno-vakuumo-linijos#breadcrumb"},"inLanguage":"et","potentialAction":[{"@type":"ReadAction","target":["https:\/\/www.specagra.ee\/?product=pieno-vakuumo-linijos"]}]},{"@type":"ImageObject","inLanguage":"et","@id":"https:\/\/www.specagra.ee\/?product=pieno-vakuumo-linijos#primaryimage","url":"https:\/\/www.specagra.ee\/wp-content\/uploads\/2020\/07\/200000073752-3.jpg","contentUrl":"https:\/\/www.specagra.ee\/wp-content\/uploads\/2020\/07\/200000073752-3.jpg","width":800,"height":800,"caption":"Pieno - vakuumo linijos"},{"@type":"BreadcrumbList","@id":"https:\/\/www.specagra.ee\/?product=pieno-vakuumo-linijos#breadcrumb","itemListElement":[{"@type":"ListItem","position":1,"name":"Home","item":"https:\/\/www.specagra.ee\/"},{"@type":"ListItem","position":2,"name":"P\u00f5llumajandustehnika ja loomakasvatus","item":"https:\/\/specagra.ee\/?page_id=18493"},{"@type":"ListItem","position":3,"name":"Pieno &#8211; vakuumo linijos"}]},{"@type":"WebSite","@id":"https:\/\/www.specagra.ee\/#website","url":"https:\/\/www.specagra.ee\/","name":"Specagra","description":"P\u00f5llumajandustehnika ja varuosad","publisher":{"@id":"https:\/\/www.specagra.ee\/#organization"},"potentialAction":[{"@type":"SearchAction","target":{"@type":"EntryPoint","urlTemplate":"https:\/\/www.specagra.ee\/?s={search_term_string}"},"query-input":{"@type":"PropertyValueSpecification","valueRequired":true,"valueName":"search_term_string"}}],"inLanguage":"et"},{"@type":"Organization","@id":"https:\/\/www.specagra.ee\/#organization","name":"UAB Specagra","url":"https:\/\/www.specagra.ee\/","logo":{"@type":"ImageObject","inLanguage":"et","@id":"https:\/\/www.specagra.ee\/#\/schema\/logo\/image\/","url":"http:\/\/www.specagra.ee\/wp-content\/uploads\/2022\/02\/SP-logo_naujas-scaled.jpg","contentUrl":"http:\/\/www.specagra.ee\/wp-content\/uploads\/2022\/02\/SP-logo_naujas-scaled.jpg","width":2560,"height":326,"caption":"UAB Specagra"},"image":{"@id":"https:\/\/www.specagra.ee\/#\/schema\/logo\/image\/"}}]}},"_links":{"self":[{"href":"https:\/\/www.specagra.ee\/index.php?rest_route=\/wp\/v2\/product\/3751","targetHints":{"allow":["GET"]}}],"collection":[{"href":"https:\/\/www.specagra.ee\/index.php?rest_route=\/wp\/v2\/product"}],"about":[{"href":"https:\/\/www.specagra.ee\/index.php?rest_route=\/wp\/v2\/types\/product"}],"wp:featuredmedia":[{"embeddable":true,"href":"https:\/\/www.specagra.ee\/index.php?rest_route=\/wp\/v2\/media\/19306"}],"wp:attachment":[{"href":"https:\/\/www.specagra.ee\/index.php?rest_route=%2Fwp%2Fv2%2Fmedia&parent=3751"}],"wp:term":[{"taxonomy":"product_brand","embeddable":true,"href":"https:\/\/www.specagra.ee\/index.php?rest_route=%2Fwp%2Fv2%2Fproduct_brand&post=3751"},{"taxonomy":"product_cat","embeddable":true,"href":"https:\/\/www.specagra.ee\/index.php?rest_route=%2Fwp%2Fv2%2Fproduct_cat&post=3751"},{"taxonomy":"product_tag","embeddable":true,"href":"https:\/\/www.specagra.ee\/index.php?rest_route=%2Fwp%2Fv2%2Fproduct_tag&post=3751"}],"curies":[{"name":"wp","href":"https:\/\/api.w.org\/{rel}","templated":true}]}}