{"id":3690,"date":"2020-07-01T06:45:48","date_gmt":"2020-07-01T08:45:48","guid":{"rendered":"https:\/\/www.specagra.ee.nemokamossvetaines.hostingas.lt\/?post_type=product&#038;p=3690"},"modified":"2023-02-13T10:55:34","modified_gmt":"2023-02-13T12:55:34","slug":"pieno-melzimo-valdymo-sistema-kompas-500","status":"publish","type":"product","link":"https:\/\/www.specagra.ee\/?product=pieno-melzimo-valdymo-sistema-kompas-500","title":{"rendered":"Mel\u017eimo valdymo sistema KOMPAS 500\u00a0"},"content":{"rendered":"<h4><strong>KOMPAS 500:<\/strong><\/h4>\n<h5><strong>Pieno mel\u017eimo valdymo sistema KOMPAS 500 leid\u017eia nustatyti individualiai kiekvienos karv\u0117s pieno temperat\u016br\u0105 bei primil\u017eio kiek\u012f.<\/strong><\/h5>\n<ol>\n<li>KOMPAS 500\u00a0&#8211; tai i\u0161sami pieno mel\u017eimo valdymo sistema.<\/li>\n<li>KOMPAS 500\u00a0yra sud\u0117tin\u0117 mel\u017eimo aik\u0161tel\u0117s dalis, kuri yra labai naudinga, kai vienas mel\u017e\u0117jas aptarnauja kelet\u0105 mel\u017eimo viet\u0173 vienu metu.<\/li>\n<li>KOMPAS 500\u00a0dirba drauge su karvi\u0173 bandos valdymo sistema\u00a0INFODEX. Kuriant \u012frengin\u012f, buvo stengt\u0105si jo valdym\u0105 padaryti kiek \u012fmanoma<\/li>\n<\/ol>\n<p>KOMPAS 500 atliekamos funkcijos:<\/p>\n<ul>\n<li>Pieno temperat\u016bros matavimas;<\/li>\n<li>Atskiras pulsatorius kiekvienam mel\u017eimo stendui;<\/li>\n<li>Automatinis mel\u017eimo aparato nu\u0117mimas, pabaigus mel\u017eti.<\/li>\n<li>Automatinis te\u0161mens masa\u017eavimas ma\u017ea pieno \u010diurk\u0161le, prie\u0161 pradedant mel\u017eim\u0105, pasirenkamas kontroliniu ekrano mygtuku.<\/li>\n<li>Ekrane nurodomi pieno primil\u017eio bei pieno temperat\u016bros rodikliai.<\/li>\n<li>Persp\u0117jimas apie ma\u017e\u0105 pieno sraut\u0105;<\/li>\n<li>\u201eCharge-And-Hold\u201c technologija padeda prat\u0119sti pulsatoriaus veikimo laik\u0105;<\/li>\n<li>Ergonomi\u0161ka klaviat\u016bra, leid\u017eianti valdyti mel\u017eimo aik\u0161tel\u0119.<\/li>\n<li>Pasirinktinis sistemos naudojimas kartu su bandos valdymo sistema\u00a0INFODEX.<\/li>\n<\/ul>\n<p>&nbsp;<\/p>\n","protected":false},"excerpt":{"rendered":"<p>KOMPAS 500: Pieno mel\u017eimo valdymo sistema KOMPAS 500 leid\u017eia nustatyti individualiai kiekvienos karv\u0117s pieno temperat\u016br\u0105 bei primil\u017eio kiek\u012f. KOMPAS 500\u00a0&#8211; tai i\u0161sami pieno mel\u017eimo valdymo sistema. KOMPAS 500\u00a0yra sud\u0117tin\u0117 mel\u017eimo aik\u0161tel\u0117s dalis, kuri yra labai naudinga, kai vienas mel\u017e\u0117jas aptarnauja kelet\u0105 mel\u017eimo viet\u0173 vienu metu. KOMPAS 500\u00a0dirba drauge su karvi\u0173 bandos valdymo sistema\u00a0INFODEX. Kuriant \u012frengin\u012f, [&hellip;]<\/p>\n","protected":false},"featured_media":19304,"template":"","meta":{"_et_pb_use_builder":"","_et_pb_old_content":"","_et_gb_content_width":""},"product_brand":[],"product_cat":[249],"product_tag":[],"class_list":{"0":"post-3690","1":"product","2":"type-product","3":"status-publish","4":"has-post-thumbnail","6":"product_cat-lupsiseadmete-varuosad","8":"first","9":"instock","10":"shipping-taxable","11":"product-type-simple"},"yoast_head":"<!-- This site is optimized with the Yoast SEO plugin v26.4 - https:\/\/yoast.com\/wordpress\/plugins\/seo\/ -->\n<title>Mel\u017eimo valdymo sistema KOMPAS 500\u00a0 - Specagra<\/title>\n<meta name=\"robots\" content=\"index, follow, max-snippet:-1, max-image-preview:large, max-video-preview:-1\" \/>\n<link rel=\"canonical\" href=\"https:\/\/www.specagra.ee\/?product=pieno-melzimo-valdymo-sistema-kompas-500\" \/>\n<meta property=\"og:locale\" content=\"et_EE\" \/>\n<meta property=\"og:type\" content=\"article\" \/>\n<meta property=\"og:title\" content=\"Mel\u017eimo valdymo sistema KOMPAS 500\u00a0 - Specagra\" \/>\n<meta property=\"og:description\" content=\"KOMPAS 500: Pieno mel\u017eimo valdymo sistema KOMPAS 500 leid\u017eia nustatyti individualiai kiekvienos karv\u0117s pieno temperat\u016br\u0105 bei primil\u017eio kiek\u012f. KOMPAS 500\u00a0&#8211; tai i\u0161sami pieno mel\u017eimo valdymo sistema. KOMPAS 500\u00a0yra sud\u0117tin\u0117 mel\u017eimo aik\u0161tel\u0117s dalis, kuri yra labai naudinga, kai vienas mel\u017e\u0117jas aptarnauja kelet\u0105 mel\u017eimo viet\u0173 vienu metu. KOMPAS 500\u00a0dirba drauge su karvi\u0173 bandos valdymo sistema\u00a0INFODEX. Kuriant \u012frengin\u012f, [&hellip;]\" \/>\n<meta property=\"og:url\" content=\"https:\/\/www.specagra.ee\/?product=pieno-melzimo-valdymo-sistema-kompas-500\" \/>\n<meta property=\"og:site_name\" content=\"Specagra\" \/>\n<meta property=\"article:modified_time\" content=\"2023-02-13T12:55:34+00:00\" \/>\n<meta property=\"og:image\" content=\"https:\/\/www.specagra.ee\/wp-content\/uploads\/2020\/07\/200000073752-4-1.jpg\" \/>\n\t<meta property=\"og:image:width\" content=\"800\" \/>\n\t<meta property=\"og:image:height\" content=\"800\" \/>\n\t<meta property=\"og:image:type\" content=\"image\/jpeg\" \/>\n<meta name=\"twitter:card\" content=\"summary_large_image\" \/>\n<meta name=\"twitter:label1\" content=\"Est. reading time\" \/>\n\t<meta name=\"twitter:data1\" content=\"1 minut\" \/>\n<script type=\"application\/ld+json\" class=\"yoast-schema-graph\">{\"@context\":\"https:\/\/schema.org\",\"@graph\":[{\"@type\":\"WebPage\",\"@id\":\"https:\/\/www.specagra.ee\/?product=pieno-melzimo-valdymo-sistema-kompas-500\",\"url\":\"https:\/\/www.specagra.ee\/?product=pieno-melzimo-valdymo-sistema-kompas-500\",\"name\":\"Mel\u017eimo valdymo sistema KOMPAS 500\u00a0 - Specagra\",\"isPartOf\":{\"@id\":\"https:\/\/www.specagra.ee\/#website\"},\"primaryImageOfPage\":{\"@id\":\"https:\/\/www.specagra.ee\/?product=pieno-melzimo-valdymo-sistema-kompas-500#primaryimage\"},\"image\":{\"@id\":\"https:\/\/www.specagra.ee\/?product=pieno-melzimo-valdymo-sistema-kompas-500#primaryimage\"},\"thumbnailUrl\":\"https:\/\/www.specagra.ee\/wp-content\/uploads\/2020\/07\/200000073752-4-1.jpg\",\"datePublished\":\"2020-07-01T08:45:48+00:00\",\"dateModified\":\"2023-02-13T12:55:34+00:00\",\"breadcrumb\":{\"@id\":\"https:\/\/www.specagra.ee\/?product=pieno-melzimo-valdymo-sistema-kompas-500#breadcrumb\"},\"inLanguage\":\"et\",\"potentialAction\":[{\"@type\":\"ReadAction\",\"target\":[\"https:\/\/www.specagra.ee\/?product=pieno-melzimo-valdymo-sistema-kompas-500\"]}]},{\"@type\":\"ImageObject\",\"inLanguage\":\"et\",\"@id\":\"https:\/\/www.specagra.ee\/?product=pieno-melzimo-valdymo-sistema-kompas-500#primaryimage\",\"url\":\"https:\/\/www.specagra.ee\/wp-content\/uploads\/2020\/07\/200000073752-4-1.jpg\",\"contentUrl\":\"https:\/\/www.specagra.ee\/wp-content\/uploads\/2020\/07\/200000073752-4-1.jpg\",\"width\":800,\"height\":800,\"caption\":\"Mel\u017eimo valdymo sistema KOMPAS 500\u00a0\"},{\"@type\":\"BreadcrumbList\",\"@id\":\"https:\/\/www.specagra.ee\/?product=pieno-melzimo-valdymo-sistema-kompas-500#breadcrumb\",\"itemListElement\":[{\"@type\":\"ListItem\",\"position\":1,\"name\":\"Home\",\"item\":\"https:\/\/www.specagra.ee\/\"},{\"@type\":\"ListItem\",\"position\":2,\"name\":\"P\u00f5llumajandustehnika ja loomakasvatus\",\"item\":\"https:\/\/specagra.ee\/?page_id=18493\"},{\"@type\":\"ListItem\",\"position\":3,\"name\":\"Mel\u017eimo valdymo sistema KOMPAS 500\u00a0\"}]},{\"@type\":\"WebSite\",\"@id\":\"https:\/\/www.specagra.ee\/#website\",\"url\":\"https:\/\/www.specagra.ee\/\",\"name\":\"Specagra\",\"description\":\"P\u00f5llumajandustehnika ja varuosad\",\"publisher\":{\"@id\":\"https:\/\/www.specagra.ee\/#organization\"},\"potentialAction\":[{\"@type\":\"SearchAction\",\"target\":{\"@type\":\"EntryPoint\",\"urlTemplate\":\"https:\/\/www.specagra.ee\/?s={search_term_string}\"},\"query-input\":{\"@type\":\"PropertyValueSpecification\",\"valueRequired\":true,\"valueName\":\"search_term_string\"}}],\"inLanguage\":\"et\"},{\"@type\":\"Organization\",\"@id\":\"https:\/\/www.specagra.ee\/#organization\",\"name\":\"UAB Specagra\",\"url\":\"https:\/\/www.specagra.ee\/\",\"logo\":{\"@type\":\"ImageObject\",\"inLanguage\":\"et\",\"@id\":\"https:\/\/www.specagra.ee\/#\/schema\/logo\/image\/\",\"url\":\"http:\/\/www.specagra.ee\/wp-content\/uploads\/2022\/02\/SP-logo_naujas-scaled.jpg\",\"contentUrl\":\"http:\/\/www.specagra.ee\/wp-content\/uploads\/2022\/02\/SP-logo_naujas-scaled.jpg\",\"width\":2560,\"height\":326,\"caption\":\"UAB Specagra\"},\"image\":{\"@id\":\"https:\/\/www.specagra.ee\/#\/schema\/logo\/image\/\"}}]}<\/script>\n<!-- \/ Yoast SEO plugin. -->","yoast_head_json":{"title":"Mel\u017eimo valdymo sistema KOMPAS 500\u00a0 - Specagra","robots":{"index":"index","follow":"follow","max-snippet":"max-snippet:-1","max-image-preview":"max-image-preview:large","max-video-preview":"max-video-preview:-1"},"canonical":"https:\/\/www.specagra.ee\/?product=pieno-melzimo-valdymo-sistema-kompas-500","og_locale":"et_EE","og_type":"article","og_title":"Mel\u017eimo valdymo sistema KOMPAS 500\u00a0 - Specagra","og_description":"KOMPAS 500: Pieno mel\u017eimo valdymo sistema KOMPAS 500 leid\u017eia nustatyti individualiai kiekvienos karv\u0117s pieno temperat\u016br\u0105 bei primil\u017eio kiek\u012f. KOMPAS 500\u00a0&#8211; tai i\u0161sami pieno mel\u017eimo valdymo sistema. KOMPAS 500\u00a0yra sud\u0117tin\u0117 mel\u017eimo aik\u0161tel\u0117s dalis, kuri yra labai naudinga, kai vienas mel\u017e\u0117jas aptarnauja kelet\u0105 mel\u017eimo viet\u0173 vienu metu. KOMPAS 500\u00a0dirba drauge su karvi\u0173 bandos valdymo sistema\u00a0INFODEX. Kuriant \u012frengin\u012f, [&hellip;]","og_url":"https:\/\/www.specagra.ee\/?product=pieno-melzimo-valdymo-sistema-kompas-500","og_site_name":"Specagra","article_modified_time":"2023-02-13T12:55:34+00:00","og_image":[{"width":800,"height":800,"url":"https:\/\/www.specagra.ee\/wp-content\/uploads\/2020\/07\/200000073752-4-1.jpg","type":"image\/jpeg"}],"twitter_card":"summary_large_image","twitter_misc":{"Est. reading time":"1 minut"},"schema":{"@context":"https:\/\/schema.org","@graph":[{"@type":"WebPage","@id":"https:\/\/www.specagra.ee\/?product=pieno-melzimo-valdymo-sistema-kompas-500","url":"https:\/\/www.specagra.ee\/?product=pieno-melzimo-valdymo-sistema-kompas-500","name":"Mel\u017eimo valdymo sistema KOMPAS 500\u00a0 - Specagra","isPartOf":{"@id":"https:\/\/www.specagra.ee\/#website"},"primaryImageOfPage":{"@id":"https:\/\/www.specagra.ee\/?product=pieno-melzimo-valdymo-sistema-kompas-500#primaryimage"},"image":{"@id":"https:\/\/www.specagra.ee\/?product=pieno-melzimo-valdymo-sistema-kompas-500#primaryimage"},"thumbnailUrl":"https:\/\/www.specagra.ee\/wp-content\/uploads\/2020\/07\/200000073752-4-1.jpg","datePublished":"2020-07-01T08:45:48+00:00","dateModified":"2023-02-13T12:55:34+00:00","breadcrumb":{"@id":"https:\/\/www.specagra.ee\/?product=pieno-melzimo-valdymo-sistema-kompas-500#breadcrumb"},"inLanguage":"et","potentialAction":[{"@type":"ReadAction","target":["https:\/\/www.specagra.ee\/?product=pieno-melzimo-valdymo-sistema-kompas-500"]}]},{"@type":"ImageObject","inLanguage":"et","@id":"https:\/\/www.specagra.ee\/?product=pieno-melzimo-valdymo-sistema-kompas-500#primaryimage","url":"https:\/\/www.specagra.ee\/wp-content\/uploads\/2020\/07\/200000073752-4-1.jpg","contentUrl":"https:\/\/www.specagra.ee\/wp-content\/uploads\/2020\/07\/200000073752-4-1.jpg","width":800,"height":800,"caption":"Mel\u017eimo valdymo sistema KOMPAS 500\u00a0"},{"@type":"BreadcrumbList","@id":"https:\/\/www.specagra.ee\/?product=pieno-melzimo-valdymo-sistema-kompas-500#breadcrumb","itemListElement":[{"@type":"ListItem","position":1,"name":"Home","item":"https:\/\/www.specagra.ee\/"},{"@type":"ListItem","position":2,"name":"P\u00f5llumajandustehnika ja loomakasvatus","item":"https:\/\/specagra.ee\/?page_id=18493"},{"@type":"ListItem","position":3,"name":"Mel\u017eimo valdymo sistema KOMPAS 500\u00a0"}]},{"@type":"WebSite","@id":"https:\/\/www.specagra.ee\/#website","url":"https:\/\/www.specagra.ee\/","name":"Specagra","description":"P\u00f5llumajandustehnika ja varuosad","publisher":{"@id":"https:\/\/www.specagra.ee\/#organization"},"potentialAction":[{"@type":"SearchAction","target":{"@type":"EntryPoint","urlTemplate":"https:\/\/www.specagra.ee\/?s={search_term_string}"},"query-input":{"@type":"PropertyValueSpecification","valueRequired":true,"valueName":"search_term_string"}}],"inLanguage":"et"},{"@type":"Organization","@id":"https:\/\/www.specagra.ee\/#organization","name":"UAB Specagra","url":"https:\/\/www.specagra.ee\/","logo":{"@type":"ImageObject","inLanguage":"et","@id":"https:\/\/www.specagra.ee\/#\/schema\/logo\/image\/","url":"http:\/\/www.specagra.ee\/wp-content\/uploads\/2022\/02\/SP-logo_naujas-scaled.jpg","contentUrl":"http:\/\/www.specagra.ee\/wp-content\/uploads\/2022\/02\/SP-logo_naujas-scaled.jpg","width":2560,"height":326,"caption":"UAB Specagra"},"image":{"@id":"https:\/\/www.specagra.ee\/#\/schema\/logo\/image\/"}}]}},"_links":{"self":[{"href":"https:\/\/www.specagra.ee\/index.php?rest_route=\/wp\/v2\/product\/3690","targetHints":{"allow":["GET"]}}],"collection":[{"href":"https:\/\/www.specagra.ee\/index.php?rest_route=\/wp\/v2\/product"}],"about":[{"href":"https:\/\/www.specagra.ee\/index.php?rest_route=\/wp\/v2\/types\/product"}],"wp:featuredmedia":[{"embeddable":true,"href":"https:\/\/www.specagra.ee\/index.php?rest_route=\/wp\/v2\/media\/19304"}],"wp:attachment":[{"href":"https:\/\/www.specagra.ee\/index.php?rest_route=%2Fwp%2Fv2%2Fmedia&parent=3690"}],"wp:term":[{"taxonomy":"product_brand","embeddable":true,"href":"https:\/\/www.specagra.ee\/index.php?rest_route=%2Fwp%2Fv2%2Fproduct_brand&post=3690"},{"taxonomy":"product_cat","embeddable":true,"href":"https:\/\/www.specagra.ee\/index.php?rest_route=%2Fwp%2Fv2%2Fproduct_cat&post=3690"},{"taxonomy":"product_tag","embeddable":true,"href":"https:\/\/www.specagra.ee\/index.php?rest_route=%2Fwp%2Fv2%2Fproduct_tag&post=3690"}],"curies":[{"name":"wp","href":"https:\/\/api.w.org\/{rel}","templated":true}]}}