{"id":3655,"date":"2020-07-01T04:21:49","date_gmt":"2020-07-01T06:21:49","guid":{"rendered":"https:\/\/www.specagra.ee.nemokamossvetaines.hostingas.lt\/?post_type=product&#038;p=3655"},"modified":"2024-11-07T08:38:04","modified_gmt":"2024-11-07T10:38:04","slug":"sienainio-plevele","status":"publish","type":"product","link":"https:\/\/www.specagra.ee\/?product=sienainio-plevele","title":{"rendered":"\u0160ienainio pl\u0117vel\u0117"},"content":{"rendered":"<h3>Privalumai<\/h3>\n<ul>\n<li>Tinka visiems presams, kuri\u0173 pl\u0117vel\u0117s \u012fleidimo anga yra iki 1,3m m<\/li>\n<li>Labai didelis 380 kg svar\u0173 ply\u0161imo stiprumas, kai plotis 1,28 m<\/li>\n<li>Didelis mechaninis atsparumas<\/li>\n<li>Stabil\u016bs rulon\u0173 matmenys d\u0117l didesnio pl\u0117vel\u0117s tankio pavir\u0161iuje<\/li>\n<li>Puikus kra\u0161t\u0173 padengimas<\/li>\n<li>Puikiai tinka dr\u0117gnoms med\u017eiagoms, kad b\u016bt\u0173 i\u0161vengta trup\u0117jimo nuostoli\u0173<\/li>\n<li>Geresn\u0117 siloso kokyb\u0117 d\u0117l pl\u0117vel\u0117s tankio ir sud\u0117ties<\/li>\n<li>Lengvas rulon\u0173 atidarymas<\/li>\n<\/ul>\n","protected":false},"excerpt":{"rendered":"<p>Privalumai Tinka visiems presams, kuri\u0173 pl\u0117vel\u0117s \u012fleidimo anga yra iki 1,3m m Labai didelis 380 kg svar\u0173 ply\u0161imo stiprumas, kai plotis 1,28 m Didelis mechaninis atsparumas Stabil\u016bs rulon\u0173 matmenys d\u0117l didesnio pl\u0117vel\u0117s tankio pavir\u0161iuje Puikus kra\u0161t\u0173 padengimas Puikiai tinka dr\u0117gnoms med\u017eiagoms, kad b\u016bt\u0173 i\u0161vengta trup\u0117jimo nuostoli\u0173 Geresn\u0117 siloso kokyb\u0117 d\u0117l pl\u0117vel\u0117s tankio ir sud\u0117ties Lengvas [&hellip;]<\/p>\n","protected":false},"featured_media":43200,"template":"","meta":{"_et_pb_use_builder":"","_et_pb_old_content":"","_et_gb_content_width":""},"product_brand":[],"product_cat":[122],"product_tag":[],"class_list":{"0":"post-3655","1":"product","2":"type-product","3":"status-publish","4":"has-post-thumbnail","6":"product_cat-silokile","8":"first","9":"instock","10":"shipping-taxable","11":"product-type-simple"},"yoast_head":"<!-- This site is optimized with the Yoast SEO plugin v26.4 - https:\/\/yoast.com\/wordpress\/plugins\/seo\/ -->\n<title>\u0160ienainio pl\u0117vel\u0117 - Specagra<\/title>\n<meta name=\"robots\" content=\"index, follow, max-snippet:-1, max-image-preview:large, max-video-preview:-1\" \/>\n<link rel=\"canonical\" href=\"https:\/\/www.specagra.ee\/?product=sienainio-plevele\" \/>\n<meta property=\"og:locale\" content=\"et_EE\" \/>\n<meta property=\"og:type\" content=\"article\" \/>\n<meta property=\"og:title\" content=\"\u0160ienainio pl\u0117vel\u0117 - Specagra\" \/>\n<meta property=\"og:description\" content=\"Privalumai Tinka visiems presams, kuri\u0173 pl\u0117vel\u0117s \u012fleidimo anga yra iki 1,3m m Labai didelis 380 kg svar\u0173 ply\u0161imo stiprumas, kai plotis 1,28 m Didelis mechaninis atsparumas Stabil\u016bs rulon\u0173 matmenys d\u0117l didesnio pl\u0117vel\u0117s tankio pavir\u0161iuje Puikus kra\u0161t\u0173 padengimas Puikiai tinka dr\u0117gnoms med\u017eiagoms, kad b\u016bt\u0173 i\u0161vengta trup\u0117jimo nuostoli\u0173 Geresn\u0117 siloso kokyb\u0117 d\u0117l pl\u0117vel\u0117s tankio ir sud\u0117ties Lengvas [&hellip;]\" \/>\n<meta property=\"og:url\" content=\"https:\/\/www.specagra.ee\/?product=sienainio-plevele\" \/>\n<meta property=\"og:site_name\" content=\"Specagra\" \/>\n<meta property=\"article:modified_time\" content=\"2024-11-07T10:38:04+00:00\" \/>\n<meta property=\"og:image\" content=\"https:\/\/www.specagra.ee\/wp-content\/uploads\/2020\/07\/Untitled-design-23.jpg\" \/>\n\t<meta property=\"og:image:width\" content=\"900\" \/>\n\t<meta property=\"og:image:height\" content=\"900\" \/>\n\t<meta property=\"og:image:type\" content=\"image\/jpeg\" \/>\n<meta name=\"twitter:card\" content=\"summary_large_image\" \/>\n<meta name=\"twitter:label1\" content=\"Est. reading time\" \/>\n\t<meta name=\"twitter:data1\" content=\"1 minut\" \/>\n<script type=\"application\/ld+json\" class=\"yoast-schema-graph\">{\"@context\":\"https:\/\/schema.org\",\"@graph\":[{\"@type\":\"WebPage\",\"@id\":\"https:\/\/www.specagra.ee\/?product=sienainio-plevele\",\"url\":\"https:\/\/www.specagra.ee\/?product=sienainio-plevele\",\"name\":\"\u0160ienainio pl\u0117vel\u0117 - Specagra\",\"isPartOf\":{\"@id\":\"https:\/\/www.specagra.ee\/#website\"},\"primaryImageOfPage\":{\"@id\":\"https:\/\/www.specagra.ee\/?product=sienainio-plevele#primaryimage\"},\"image\":{\"@id\":\"https:\/\/www.specagra.ee\/?product=sienainio-plevele#primaryimage\"},\"thumbnailUrl\":\"https:\/\/www.specagra.ee\/wp-content\/uploads\/2020\/07\/Untitled-design-23.jpg\",\"datePublished\":\"2020-07-01T06:21:49+00:00\",\"dateModified\":\"2024-11-07T10:38:04+00:00\",\"breadcrumb\":{\"@id\":\"https:\/\/www.specagra.ee\/?product=sienainio-plevele#breadcrumb\"},\"inLanguage\":\"et\",\"potentialAction\":[{\"@type\":\"ReadAction\",\"target\":[\"https:\/\/www.specagra.ee\/?product=sienainio-plevele\"]}]},{\"@type\":\"ImageObject\",\"inLanguage\":\"et\",\"@id\":\"https:\/\/www.specagra.ee\/?product=sienainio-plevele#primaryimage\",\"url\":\"https:\/\/www.specagra.ee\/wp-content\/uploads\/2020\/07\/Untitled-design-23.jpg\",\"contentUrl\":\"https:\/\/www.specagra.ee\/wp-content\/uploads\/2020\/07\/Untitled-design-23.jpg\",\"width\":900,\"height\":900},{\"@type\":\"BreadcrumbList\",\"@id\":\"https:\/\/www.specagra.ee\/?product=sienainio-plevele#breadcrumb\",\"itemListElement\":[{\"@type\":\"ListItem\",\"position\":1,\"name\":\"Home\",\"item\":\"https:\/\/www.specagra.ee\/\"},{\"@type\":\"ListItem\",\"position\":2,\"name\":\"P\u00f5llumajandustehnika ja loomakasvatus\",\"item\":\"https:\/\/specagra.ee\/?page_id=18493\"},{\"@type\":\"ListItem\",\"position\":3,\"name\":\"\u0160ienainio pl\u0117vel\u0117\"}]},{\"@type\":\"WebSite\",\"@id\":\"https:\/\/www.specagra.ee\/#website\",\"url\":\"https:\/\/www.specagra.ee\/\",\"name\":\"Specagra\",\"description\":\"P\u00f5llumajandustehnika ja varuosad\",\"publisher\":{\"@id\":\"https:\/\/www.specagra.ee\/#organization\"},\"potentialAction\":[{\"@type\":\"SearchAction\",\"target\":{\"@type\":\"EntryPoint\",\"urlTemplate\":\"https:\/\/www.specagra.ee\/?s={search_term_string}\"},\"query-input\":{\"@type\":\"PropertyValueSpecification\",\"valueRequired\":true,\"valueName\":\"search_term_string\"}}],\"inLanguage\":\"et\"},{\"@type\":\"Organization\",\"@id\":\"https:\/\/www.specagra.ee\/#organization\",\"name\":\"UAB Specagra\",\"url\":\"https:\/\/www.specagra.ee\/\",\"logo\":{\"@type\":\"ImageObject\",\"inLanguage\":\"et\",\"@id\":\"https:\/\/www.specagra.ee\/#\/schema\/logo\/image\/\",\"url\":\"http:\/\/www.specagra.ee\/wp-content\/uploads\/2022\/02\/SP-logo_naujas-scaled.jpg\",\"contentUrl\":\"http:\/\/www.specagra.ee\/wp-content\/uploads\/2022\/02\/SP-logo_naujas-scaled.jpg\",\"width\":2560,\"height\":326,\"caption\":\"UAB Specagra\"},\"image\":{\"@id\":\"https:\/\/www.specagra.ee\/#\/schema\/logo\/image\/\"}}]}<\/script>\n<!-- \/ Yoast SEO plugin. -->","yoast_head_json":{"title":"\u0160ienainio pl\u0117vel\u0117 - Specagra","robots":{"index":"index","follow":"follow","max-snippet":"max-snippet:-1","max-image-preview":"max-image-preview:large","max-video-preview":"max-video-preview:-1"},"canonical":"https:\/\/www.specagra.ee\/?product=sienainio-plevele","og_locale":"et_EE","og_type":"article","og_title":"\u0160ienainio pl\u0117vel\u0117 - Specagra","og_description":"Privalumai Tinka visiems presams, kuri\u0173 pl\u0117vel\u0117s \u012fleidimo anga yra iki 1,3m m Labai didelis 380 kg svar\u0173 ply\u0161imo stiprumas, kai plotis 1,28 m Didelis mechaninis atsparumas Stabil\u016bs rulon\u0173 matmenys d\u0117l didesnio pl\u0117vel\u0117s tankio pavir\u0161iuje Puikus kra\u0161t\u0173 padengimas Puikiai tinka dr\u0117gnoms med\u017eiagoms, kad b\u016bt\u0173 i\u0161vengta trup\u0117jimo nuostoli\u0173 Geresn\u0117 siloso kokyb\u0117 d\u0117l pl\u0117vel\u0117s tankio ir sud\u0117ties Lengvas [&hellip;]","og_url":"https:\/\/www.specagra.ee\/?product=sienainio-plevele","og_site_name":"Specagra","article_modified_time":"2024-11-07T10:38:04+00:00","og_image":[{"width":900,"height":900,"url":"https:\/\/www.specagra.ee\/wp-content\/uploads\/2020\/07\/Untitled-design-23.jpg","type":"image\/jpeg"}],"twitter_card":"summary_large_image","twitter_misc":{"Est. reading time":"1 minut"},"schema":{"@context":"https:\/\/schema.org","@graph":[{"@type":"WebPage","@id":"https:\/\/www.specagra.ee\/?product=sienainio-plevele","url":"https:\/\/www.specagra.ee\/?product=sienainio-plevele","name":"\u0160ienainio pl\u0117vel\u0117 - Specagra","isPartOf":{"@id":"https:\/\/www.specagra.ee\/#website"},"primaryImageOfPage":{"@id":"https:\/\/www.specagra.ee\/?product=sienainio-plevele#primaryimage"},"image":{"@id":"https:\/\/www.specagra.ee\/?product=sienainio-plevele#primaryimage"},"thumbnailUrl":"https:\/\/www.specagra.ee\/wp-content\/uploads\/2020\/07\/Untitled-design-23.jpg","datePublished":"2020-07-01T06:21:49+00:00","dateModified":"2024-11-07T10:38:04+00:00","breadcrumb":{"@id":"https:\/\/www.specagra.ee\/?product=sienainio-plevele#breadcrumb"},"inLanguage":"et","potentialAction":[{"@type":"ReadAction","target":["https:\/\/www.specagra.ee\/?product=sienainio-plevele"]}]},{"@type":"ImageObject","inLanguage":"et","@id":"https:\/\/www.specagra.ee\/?product=sienainio-plevele#primaryimage","url":"https:\/\/www.specagra.ee\/wp-content\/uploads\/2020\/07\/Untitled-design-23.jpg","contentUrl":"https:\/\/www.specagra.ee\/wp-content\/uploads\/2020\/07\/Untitled-design-23.jpg","width":900,"height":900},{"@type":"BreadcrumbList","@id":"https:\/\/www.specagra.ee\/?product=sienainio-plevele#breadcrumb","itemListElement":[{"@type":"ListItem","position":1,"name":"Home","item":"https:\/\/www.specagra.ee\/"},{"@type":"ListItem","position":2,"name":"P\u00f5llumajandustehnika ja loomakasvatus","item":"https:\/\/specagra.ee\/?page_id=18493"},{"@type":"ListItem","position":3,"name":"\u0160ienainio pl\u0117vel\u0117"}]},{"@type":"WebSite","@id":"https:\/\/www.specagra.ee\/#website","url":"https:\/\/www.specagra.ee\/","name":"Specagra","description":"P\u00f5llumajandustehnika ja varuosad","publisher":{"@id":"https:\/\/www.specagra.ee\/#organization"},"potentialAction":[{"@type":"SearchAction","target":{"@type":"EntryPoint","urlTemplate":"https:\/\/www.specagra.ee\/?s={search_term_string}"},"query-input":{"@type":"PropertyValueSpecification","valueRequired":true,"valueName":"search_term_string"}}],"inLanguage":"et"},{"@type":"Organization","@id":"https:\/\/www.specagra.ee\/#organization","name":"UAB Specagra","url":"https:\/\/www.specagra.ee\/","logo":{"@type":"ImageObject","inLanguage":"et","@id":"https:\/\/www.specagra.ee\/#\/schema\/logo\/image\/","url":"http:\/\/www.specagra.ee\/wp-content\/uploads\/2022\/02\/SP-logo_naujas-scaled.jpg","contentUrl":"http:\/\/www.specagra.ee\/wp-content\/uploads\/2022\/02\/SP-logo_naujas-scaled.jpg","width":2560,"height":326,"caption":"UAB Specagra"},"image":{"@id":"https:\/\/www.specagra.ee\/#\/schema\/logo\/image\/"}}]}},"_links":{"self":[{"href":"https:\/\/www.specagra.ee\/index.php?rest_route=\/wp\/v2\/product\/3655","targetHints":{"allow":["GET"]}}],"collection":[{"href":"https:\/\/www.specagra.ee\/index.php?rest_route=\/wp\/v2\/product"}],"about":[{"href":"https:\/\/www.specagra.ee\/index.php?rest_route=\/wp\/v2\/types\/product"}],"wp:featuredmedia":[{"embeddable":true,"href":"https:\/\/www.specagra.ee\/index.php?rest_route=\/wp\/v2\/media\/43200"}],"wp:attachment":[{"href":"https:\/\/www.specagra.ee\/index.php?rest_route=%2Fwp%2Fv2%2Fmedia&parent=3655"}],"wp:term":[{"taxonomy":"product_brand","embeddable":true,"href":"https:\/\/www.specagra.ee\/index.php?rest_route=%2Fwp%2Fv2%2Fproduct_brand&post=3655"},{"taxonomy":"product_cat","embeddable":true,"href":"https:\/\/www.specagra.ee\/index.php?rest_route=%2Fwp%2Fv2%2Fproduct_cat&post=3655"},{"taxonomy":"product_tag","embeddable":true,"href":"https:\/\/www.specagra.ee\/index.php?rest_route=%2Fwp%2Fv2%2Fproduct_tag&post=3655"}],"curies":[{"name":"wp","href":"https:\/\/api.w.org\/{rel}","templated":true}]}}