{"id":3473,"date":"2020-06-30T04:33:58","date_gmt":"2020-06-30T06:33:58","guid":{"rendered":"https:\/\/www.specagra.ee.nemokamossvetaines.hostingas.lt\/?post_type=product&#038;p=3473"},"modified":"2022-11-21T11:10:47","modified_gmt":"2022-11-21T13:10:47","slug":"metal-fach-t659-vieno-rotoriaus","status":"publish","type":"product","link":"https:\/\/www.specagra.ee\/?product=metal-fach-t659-vieno-rotoriaus","title":{"rendered":"Mai\u0161ytuvas \u2013 dalytuvas METAL &#8211; FACH T659"},"content":{"rendered":"<div class=\"row\">\n<div class=\"tab-content col-md-12\">\n<div id=\"tab-description\" class=\"tab-pane active\">\n<p>R\u0117min\u0117 konstrukcija<\/p>\n<p>Standartin\u0117 \u012franga:<\/p>\n<ul>\n<li>5, 6, 7, 8, 9, 10, 11, 12 ir 13 m<sup>3<\/sup><\/li>\n<li>Sraigtas su 8 peiliais;<\/li>\n<li>2 mechaniniai prie\u0161peiliai;<\/li>\n<li>I\u0161pylim\u0105 ribojantis \u017eiedas;<\/li>\n<li>Du i\u0161pylimo langai;<\/li>\n<li>Rankinis stov\u0117jimo stabdys;<\/li>\n<li>Kardaninis velenas;<\/li>\n<li>Valdymo skirstytuvais i\u0161 traktoriaus \u012frenginys;<\/li>\n<li>Ratai 10,0\/75-15,3 (nuo 5 iki 8 m<sup><span style=\"font-size: small;\">3<\/span><\/sup>);<\/li>\n<li>Ratai 400\/60-15,3 (nuo 9 m<sup>3<\/sup>);<\/li>\n<li><\/li>\n<\/ul>\n<p>Papildoma \u012franga:<\/p>\n<ul>\n<li>Dviej\u0173 grei\u010di\u0173 pavar\u0173 d\u0117\u017e\u0117;<\/li>\n<li>Hidraulinis prie\u0161peilis;<\/li>\n<li>Nuosava hidraulika;<\/li>\n<li>Magnetas metalo gaudykl\u0117;<\/li>\n<li>Peilis ant mai\u0161ymo sraig\u0117s (papildomas);<\/li>\n<li>Reguliuojama i\u0161pylimo anga;<\/li>\n<li>Papildoma i\u0161pylimo anga (tre\u010dia);<\/li>\n<li>Tiektuvas (priekinis transporteris 3,0 m);<\/li>\n<li>Tiektuvas;<\/li>\n<li>Tiektuvas ilginamas;<\/li>\n<li>Tiektuvas (galinis centrinis transporteris 2,5 m);<\/li>\n<li>Tiektuvas (\u0161oninis pakeliamas transporteris 1,0 m);<\/li>\n<li>Tiektuvas (\u0161oninis pakeliamas transporteris 1,5 m);<\/li>\n<li>Darbin\u0117 aik\u0161tel\u0117 su laipteliais i\u0161 vienos pus\u0117s;<\/li>\n<li>Darbin\u0117 aik\u0161tel\u0117 su laipteliais i\u0161 dviej\u0173 pusi\u0173 ;<\/li>\n<li>Elektrinis valdymas;<\/li>\n<li>Svarstykl\u0117s;<\/li>\n<li>Pneumatiniai stabd\u017eiai;<\/li>\n<li>Hidrauliniai stabd\u017eiai;<\/li>\n<li>Ratai 400\/60 15,3;<\/li>\n<li>Ratai 11,5 (sustiprinti);<\/li>\n<li>Prikabinimo sija su sukiojama kilpa \u00d840 mm;<\/li>\n<li>Prikabinimo sija su sukiojama kilpa \u00d850 mm;<\/li>\n<li>Mechanin\u0117 pastatymo koja;<\/li>\n<li>Hidraulin\u0117 pastatymo koja;<\/li>\n<li>Plataus kampo kardaninis velenas;<\/li>\n<li>Gabaritin\u0117s \u0161viesos<\/li>\n<\/ul>\n<p>&nbsp;<\/p>\n<ul class=\"list_check\" style=\"list-style: none; margin: 0px 0px 15px; padding: 0px; border: 0px currentColor; color: #444444; text-transform: none; line-height: inherit; text-indent: 0px; letter-spacing: normal; font-family: 'Open Sans', Arial, Tahoma, sans-serif; font-size: 16px; font-style: normal; font-weight: 300; word-spacing: 0px; vertical-align: baseline; white-space: normal; orphans: 2; widows: 2; font-stretch: inherit; background-color: #fcfcfc; font-variant-ligatures: normal; font-variant-caps: normal; font-variant-numeric: inherit; font-variant-east-asian: inherit; -webkit-text-stroke-width: 0px; text-decoration-style: initial; text-decoration-color: initial;\">\n<li><\/li>\n<li><\/li>\n<li><\/li>\n<li><\/li>\n<\/ul>\n<\/div>\n<\/div>\n<\/div>\n","protected":false},"excerpt":{"rendered":"<p>R\u0117min\u0117 konstrukcija Standartin\u0117 \u012franga: 5, 6, 7, 8, 9, 10, 11, 12 ir 13 m3 Sraigtas su 8 peiliais; 2 mechaniniai prie\u0161peiliai; I\u0161pylim\u0105 ribojantis \u017eiedas; Du i\u0161pylimo langai; Rankinis stov\u0117jimo stabdys; Kardaninis velenas; Valdymo skirstytuvais i\u0161 traktoriaus \u012frenginys; Ratai 10,0\/75-15,3 (nuo 5 iki 8 m3); Ratai 400\/60-15,3 (nuo 9 m3); Papildoma \u012franga: Dviej\u0173 grei\u010di\u0173 pavar\u0173 [&hellip;]<\/p>\n","protected":false},"featured_media":19291,"template":"","meta":{"_acf_changed":false},"product_brand":[],"product_cat":[94,111],"product_tag":[],"class_list":{"0":"post-3473","1":"product","2":"type-product","3":"status-publish","4":"has-post-thumbnail","6":"product_cat-jaoturid-segajad","7":"product_cat-soodasigistid-jaoturid","9":"first","10":"instock","11":"shipping-taxable","12":"product-type-simple"},"acf":[],"yoast_head":"<!-- This site is optimized with the Yoast SEO plugin v27.4 - https:\/\/yoast.com\/product\/yoast-seo-wordpress\/ -->\n<title>Mai\u0161ytuvas \u2013 dalytuvas METAL - FACH T659 - Specagra<\/title>\n<meta name=\"robots\" content=\"index, follow, max-snippet:-1, max-image-preview:large, max-video-preview:-1\" \/>\n<link rel=\"canonical\" href=\"https:\/\/www.specagra.ee\/?product=metal-fach-t659-vieno-rotoriaus\" \/>\n<meta property=\"og:locale\" content=\"et_EE\" \/>\n<meta property=\"og:type\" content=\"article\" \/>\n<meta property=\"og:title\" content=\"Mai\u0161ytuvas \u2013 dalytuvas METAL - FACH T659 - Specagra\" \/>\n<meta property=\"og:description\" content=\"R\u0117min\u0117 konstrukcija Standartin\u0117 \u012franga: 5, 6, 7, 8, 9, 10, 11, 12 ir 13 m3 Sraigtas su 8 peiliais; 2 mechaniniai prie\u0161peiliai; I\u0161pylim\u0105 ribojantis \u017eiedas; Du i\u0161pylimo langai; Rankinis stov\u0117jimo stabdys; Kardaninis velenas; Valdymo skirstytuvais i\u0161 traktoriaus \u012frenginys; Ratai 10,0\/75-15,3 (nuo 5 iki 8 m3); Ratai 400\/60-15,3 (nuo 9 m3); Papildoma \u012franga: Dviej\u0173 grei\u010di\u0173 pavar\u0173 [&hellip;]\" \/>\n<meta property=\"og:url\" content=\"https:\/\/www.specagra.ee\/?product=metal-fach-t659-vieno-rotoriaus\" \/>\n<meta property=\"og:site_name\" content=\"Specagra\" \/>\n<meta property=\"article:modified_time\" content=\"2022-11-21T13:10:47+00:00\" \/>\n<meta property=\"og:image\" content=\"https:\/\/www.specagra.ee\/wp-content\/uploads\/2020\/06\/rozmital-SP4-3-1.jpg\" \/>\n\t<meta property=\"og:image:width\" content=\"896\" \/>\n\t<meta property=\"og:image:height\" content=\"503\" \/>\n\t<meta property=\"og:image:type\" content=\"image\/jpeg\" \/>\n<meta name=\"twitter:card\" content=\"summary_large_image\" \/>\n<meta name=\"twitter:label1\" content=\"Est. reading time\" \/>\n\t<meta name=\"twitter:data1\" content=\"1 minut\" \/>\n<script type=\"application\/ld+json\" class=\"yoast-schema-graph\">{\"@context\":\"https:\\\/\\\/schema.org\",\"@graph\":[{\"@type\":\"WebPage\",\"@id\":\"https:\\\/\\\/www.specagra.ee\\\/?product=metal-fach-t659-vieno-rotoriaus\",\"url\":\"https:\\\/\\\/www.specagra.ee\\\/?product=metal-fach-t659-vieno-rotoriaus\",\"name\":\"Mai\u0161ytuvas \u2013 dalytuvas METAL - FACH T659 - Specagra\",\"isPartOf\":{\"@id\":\"https:\\\/\\\/www.specagra.ee\\\/#website\"},\"primaryImageOfPage\":{\"@id\":\"https:\\\/\\\/www.specagra.ee\\\/?product=metal-fach-t659-vieno-rotoriaus#primaryimage\"},\"image\":{\"@id\":\"https:\\\/\\\/www.specagra.ee\\\/?product=metal-fach-t659-vieno-rotoriaus#primaryimage\"},\"thumbnailUrl\":\"https:\\\/\\\/www.specagra.ee\\\/wp-content\\\/uploads\\\/2020\\\/06\\\/rozmital-SP4-3-1.jpg\",\"datePublished\":\"2020-06-30T06:33:58+00:00\",\"dateModified\":\"2022-11-21T13:10:47+00:00\",\"breadcrumb\":{\"@id\":\"https:\\\/\\\/www.specagra.ee\\\/?product=metal-fach-t659-vieno-rotoriaus#breadcrumb\"},\"inLanguage\":\"et\",\"potentialAction\":[{\"@type\":\"ReadAction\",\"target\":[\"https:\\\/\\\/www.specagra.ee\\\/?product=metal-fach-t659-vieno-rotoriaus\"]}]},{\"@type\":\"ImageObject\",\"inLanguage\":\"et\",\"@id\":\"https:\\\/\\\/www.specagra.ee\\\/?product=metal-fach-t659-vieno-rotoriaus#primaryimage\",\"url\":\"https:\\\/\\\/www.specagra.ee\\\/wp-content\\\/uploads\\\/2020\\\/06\\\/rozmital-SP4-3-1.jpg\",\"contentUrl\":\"https:\\\/\\\/www.specagra.ee\\\/wp-content\\\/uploads\\\/2020\\\/06\\\/rozmital-SP4-3-1.jpg\",\"width\":896,\"height\":503,\"caption\":\"Mai\u0161ytuvas \u2013 dalytuvas METAL - FACH T659\"},{\"@type\":\"BreadcrumbList\",\"@id\":\"https:\\\/\\\/www.specagra.ee\\\/?product=metal-fach-t659-vieno-rotoriaus#breadcrumb\",\"itemListElement\":[{\"@type\":\"ListItem\",\"position\":1,\"name\":\"Home\",\"item\":\"https:\\\/\\\/www.specagra.ee\\\/\"},{\"@type\":\"ListItem\",\"position\":2,\"name\":\"P\u00f5llumajandustehnika ja loomakasvatus\",\"item\":\"https:\\\/\\\/www.specagra.ee\\\/?page_id=18493\"},{\"@type\":\"ListItem\",\"position\":3,\"name\":\"Mai\u0161ytuvas \u2013 dalytuvas METAL &#8211; FACH T659\"}]},{\"@type\":\"WebSite\",\"@id\":\"https:\\\/\\\/www.specagra.ee\\\/#website\",\"url\":\"https:\\\/\\\/www.specagra.ee\\\/\",\"name\":\"Specagra\",\"description\":\"P\u00f5llumajandustehnika ja varuosad\",\"publisher\":{\"@id\":\"https:\\\/\\\/www.specagra.ee\\\/#organization\"},\"potentialAction\":[{\"@type\":\"SearchAction\",\"target\":{\"@type\":\"EntryPoint\",\"urlTemplate\":\"https:\\\/\\\/www.specagra.ee\\\/?s={search_term_string}\"},\"query-input\":{\"@type\":\"PropertyValueSpecification\",\"valueRequired\":true,\"valueName\":\"search_term_string\"}}],\"inLanguage\":\"et\"},{\"@type\":\"Organization\",\"@id\":\"https:\\\/\\\/www.specagra.ee\\\/#organization\",\"name\":\"UAB Specagra\",\"url\":\"https:\\\/\\\/www.specagra.ee\\\/\",\"logo\":{\"@type\":\"ImageObject\",\"inLanguage\":\"et\",\"@id\":\"https:\\\/\\\/www.specagra.ee\\\/#\\\/schema\\\/logo\\\/image\\\/\",\"url\":\"http:\\\/\\\/www.specagra.ee\\\/wp-content\\\/uploads\\\/2022\\\/02\\\/SP-logo_naujas-scaled.jpg\",\"contentUrl\":\"http:\\\/\\\/www.specagra.ee\\\/wp-content\\\/uploads\\\/2022\\\/02\\\/SP-logo_naujas-scaled.jpg\",\"width\":2560,\"height\":326,\"caption\":\"UAB Specagra\"},\"image\":{\"@id\":\"https:\\\/\\\/www.specagra.ee\\\/#\\\/schema\\\/logo\\\/image\\\/\"}}]}<\/script>\n<!-- \/ Yoast SEO plugin. -->","yoast_head_json":{"title":"Mai\u0161ytuvas \u2013 dalytuvas METAL - FACH T659 - Specagra","robots":{"index":"index","follow":"follow","max-snippet":"max-snippet:-1","max-image-preview":"max-image-preview:large","max-video-preview":"max-video-preview:-1"},"canonical":"https:\/\/www.specagra.ee\/?product=metal-fach-t659-vieno-rotoriaus","og_locale":"et_EE","og_type":"article","og_title":"Mai\u0161ytuvas \u2013 dalytuvas METAL - FACH T659 - Specagra","og_description":"R\u0117min\u0117 konstrukcija Standartin\u0117 \u012franga: 5, 6, 7, 8, 9, 10, 11, 12 ir 13 m3 Sraigtas su 8 peiliais; 2 mechaniniai prie\u0161peiliai; I\u0161pylim\u0105 ribojantis \u017eiedas; Du i\u0161pylimo langai; Rankinis stov\u0117jimo stabdys; Kardaninis velenas; Valdymo skirstytuvais i\u0161 traktoriaus \u012frenginys; Ratai 10,0\/75-15,3 (nuo 5 iki 8 m3); Ratai 400\/60-15,3 (nuo 9 m3); Papildoma \u012franga: Dviej\u0173 grei\u010di\u0173 pavar\u0173 [&hellip;]","og_url":"https:\/\/www.specagra.ee\/?product=metal-fach-t659-vieno-rotoriaus","og_site_name":"Specagra","article_modified_time":"2022-11-21T13:10:47+00:00","og_image":[{"width":896,"height":503,"url":"https:\/\/www.specagra.ee\/wp-content\/uploads\/2020\/06\/rozmital-SP4-3-1.jpg","type":"image\/jpeg"}],"twitter_card":"summary_large_image","twitter_misc":{"Est. reading time":"1 minut"},"schema":{"@context":"https:\/\/schema.org","@graph":[{"@type":"WebPage","@id":"https:\/\/www.specagra.ee\/?product=metal-fach-t659-vieno-rotoriaus","url":"https:\/\/www.specagra.ee\/?product=metal-fach-t659-vieno-rotoriaus","name":"Mai\u0161ytuvas \u2013 dalytuvas METAL - FACH T659 - Specagra","isPartOf":{"@id":"https:\/\/www.specagra.ee\/#website"},"primaryImageOfPage":{"@id":"https:\/\/www.specagra.ee\/?product=metal-fach-t659-vieno-rotoriaus#primaryimage"},"image":{"@id":"https:\/\/www.specagra.ee\/?product=metal-fach-t659-vieno-rotoriaus#primaryimage"},"thumbnailUrl":"https:\/\/www.specagra.ee\/wp-content\/uploads\/2020\/06\/rozmital-SP4-3-1.jpg","datePublished":"2020-06-30T06:33:58+00:00","dateModified":"2022-11-21T13:10:47+00:00","breadcrumb":{"@id":"https:\/\/www.specagra.ee\/?product=metal-fach-t659-vieno-rotoriaus#breadcrumb"},"inLanguage":"et","potentialAction":[{"@type":"ReadAction","target":["https:\/\/www.specagra.ee\/?product=metal-fach-t659-vieno-rotoriaus"]}]},{"@type":"ImageObject","inLanguage":"et","@id":"https:\/\/www.specagra.ee\/?product=metal-fach-t659-vieno-rotoriaus#primaryimage","url":"https:\/\/www.specagra.ee\/wp-content\/uploads\/2020\/06\/rozmital-SP4-3-1.jpg","contentUrl":"https:\/\/www.specagra.ee\/wp-content\/uploads\/2020\/06\/rozmital-SP4-3-1.jpg","width":896,"height":503,"caption":"Mai\u0161ytuvas \u2013 dalytuvas METAL - FACH T659"},{"@type":"BreadcrumbList","@id":"https:\/\/www.specagra.ee\/?product=metal-fach-t659-vieno-rotoriaus#breadcrumb","itemListElement":[{"@type":"ListItem","position":1,"name":"Home","item":"https:\/\/www.specagra.ee\/"},{"@type":"ListItem","position":2,"name":"P\u00f5llumajandustehnika ja loomakasvatus","item":"https:\/\/www.specagra.ee\/?page_id=18493"},{"@type":"ListItem","position":3,"name":"Mai\u0161ytuvas \u2013 dalytuvas METAL &#8211; FACH T659"}]},{"@type":"WebSite","@id":"https:\/\/www.specagra.ee\/#website","url":"https:\/\/www.specagra.ee\/","name":"Specagra","description":"P\u00f5llumajandustehnika ja varuosad","publisher":{"@id":"https:\/\/www.specagra.ee\/#organization"},"potentialAction":[{"@type":"SearchAction","target":{"@type":"EntryPoint","urlTemplate":"https:\/\/www.specagra.ee\/?s={search_term_string}"},"query-input":{"@type":"PropertyValueSpecification","valueRequired":true,"valueName":"search_term_string"}}],"inLanguage":"et"},{"@type":"Organization","@id":"https:\/\/www.specagra.ee\/#organization","name":"UAB Specagra","url":"https:\/\/www.specagra.ee\/","logo":{"@type":"ImageObject","inLanguage":"et","@id":"https:\/\/www.specagra.ee\/#\/schema\/logo\/image\/","url":"http:\/\/www.specagra.ee\/wp-content\/uploads\/2022\/02\/SP-logo_naujas-scaled.jpg","contentUrl":"http:\/\/www.specagra.ee\/wp-content\/uploads\/2022\/02\/SP-logo_naujas-scaled.jpg","width":2560,"height":326,"caption":"UAB Specagra"},"image":{"@id":"https:\/\/www.specagra.ee\/#\/schema\/logo\/image\/"}}]}},"_links":{"self":[{"href":"https:\/\/www.specagra.ee\/index.php?rest_route=\/wp\/v2\/product\/3473","targetHints":{"allow":["GET"]}}],"collection":[{"href":"https:\/\/www.specagra.ee\/index.php?rest_route=\/wp\/v2\/product"}],"about":[{"href":"https:\/\/www.specagra.ee\/index.php?rest_route=\/wp\/v2\/types\/product"}],"wp:featuredmedia":[{"embeddable":true,"href":"https:\/\/www.specagra.ee\/index.php?rest_route=\/wp\/v2\/media\/19291"}],"wp:attachment":[{"href":"https:\/\/www.specagra.ee\/index.php?rest_route=%2Fwp%2Fv2%2Fmedia&parent=3473"}],"wp:term":[{"taxonomy":"product_brand","embeddable":true,"href":"https:\/\/www.specagra.ee\/index.php?rest_route=%2Fwp%2Fv2%2Fproduct_brand&post=3473"},{"taxonomy":"product_cat","embeddable":true,"href":"https:\/\/www.specagra.ee\/index.php?rest_route=%2Fwp%2Fv2%2Fproduct_cat&post=3473"},{"taxonomy":"product_tag","embeddable":true,"href":"https:\/\/www.specagra.ee\/index.php?rest_route=%2Fwp%2Fv2%2Fproduct_tag&post=3473"}],"curies":[{"name":"wp","href":"https:\/\/api.w.org\/{rel}","templated":true}]}}