{"id":34388,"date":"2023-12-12T09:20:03","date_gmt":"2023-12-12T11:20:03","guid":{"rendered":"https:\/\/www.specagra.ee\/?post_type=product&#038;p=34388"},"modified":"2023-12-12T11:34:50","modified_gmt":"2023-12-12T13:34:50","slug":"smulkintuvas-ukininkavimui-fpm","status":"publish","type":"product","link":"https:\/\/www.specagra.ee\/?product=smulkintuvas-ukininkavimui-fpm","title":{"rendered":"Smulkintuvas ukininkavimui FPM"},"content":{"rendered":"<div class=\"cat-text\">\n<p>\u016akininkavimui skirti smulkintuvai pritaikyti smulkinti augal\u0173 liekanas nuimant lauko kult\u016bras, tokias kaip: kukur\u016bzai, saul\u0117gr\u0105\u017eos, \u0161iaudai, cukriniai runkeliai, rapsai, ry\u017eiai ir kt. \u0160ie smulkintuvai taip pat gali b\u016bti naudojami pas\u0117li\u0173 liku\u010diams smulkinti, vis\u0173 kit\u0173 \u017eem\u0117s \u016bkio, visuomenini\u0173, nepri\u017ei\u016brim\u0173 ar nedirbam\u0173 plot\u0173 prie\u017ei\u016brai. D\u0117l elektroniniu b\u016bdu subalansuoto didelio grei\u010dio rotoriaus ment\u0117s tiksliai ir efektyviai susmulkina augal\u0173 liekanas, paversdamos jas lengvomis humusingomis tr\u0105\u0161omis, pagerinant dirvo\u017eemio kokyb\u0119 ir derlingum\u0105 bei suma\u017einant neorganini\u0173 tr\u0105\u0161\u0173 naudojim\u0105. Tai tiesiogiai suma\u017eina \u017eem\u0117s \u016bkio gamybos s\u0105naudas ir padidina derli\u0173.<br \/>\n&nbsp;<br \/>\n<strong style=\"text-align: start;\">Privalumai:<\/strong><\/th>\n<p>&#8211; Visapusis pritaikymas<br \/>\n&#8211; Tvirta ir masyvi konstrukcija<br \/>\n&#8211; Universaliais Y peiliukais susmulkina iki 50 mm skersmens pas\u0117li\u0173 liku\u010dius; su plaktuko peiliais susmulkina iki 80 mm skersmens pas\u0117li\u0173 liku\u010dius<br \/>\n&#8211; Ma\u017ea kaina ir lengva prie\u017ei\u016bra<\/p>\n<p>&nbsp;<\/p>\n<table style=\"width: 100%; height: 1112px;\">\n<tbody>\n<tr style=\"height: 23px;\">\n<th style=\"width: 55.7781%; height: 23px;\" width=\"359\"><strong style=\"text-align: start;\">Pagrindin\u0117s savyb\u0117s:<\/strong><\/th>\n<th style=\"width: 43.3744%; height: 23px;\" width=\"179\"><\/th>\n<\/tr>\n<tr style=\"height: 23px;\">\n<th style=\"width: 55.7781%;\"><strong style=\"text-align: start;\">\u00a0<\/strong><\/th>\n<th style=\"width: 43.3744%;\"><\/th>\n<\/tr>\n<tr style=\"height: 23px; border-top: 1px solid #0000001c;\">\n<th style=\"width: 55.7781%;\"><strong style=\"text-align: start;\">\u00a0<\/strong><\/th>\n<th style=\"width: 43.3744%;\"><\/th>\n<\/tr>\n<tr style=\"height: 164px;\">\n<td style=\"width: 55.7781%; height: 164px;\" width=\"359\"><span style=\"font-family: inherit; font-size: inherit;\"><br \/>\n1. <\/span>Darbinio auk\u0161\u010dio reguliavimas:<br \/>\na) ratai (standartinis) arba volas (pasirinktinai; standartinis tik FPM 618.999);<\/td>\n<td style=\"width: 43.3744%; height: 164px;\" width=\"179\"><img loading=\"lazy\" decoding=\"async\" class=\"wp-image-34389 alignright\" src=\"http:\/\/www.specagra.ee\/wp-content\/uploads\/2023\/12\/Smulkintuvas-FPM-6.jpg\" alt=\"\" width=\"240\" height=\"240\" \/><\/td>\n<\/tr>\n<tr style=\"height: 29px; border-bottom: 1px solid #0000001c;\">\n<td style=\"width: 55.7781%; height: 29px;\"><\/td>\n<td style=\"width: 43.3744%; height: 29px;\"><\/td>\n<\/tr>\n<tr style=\"height: 29px;\">\n<td style=\"width: 55.7781%; height: 25px;\"><\/td>\n<td style=\"width: 43.3744%; height: 25px;\"><\/td>\n<\/tr>\n<tr style=\"height: 164px;\">\n<td style=\"width: 55.7781%; height: 164px;\" width=\"359\"><span style=\"font-family: inherit; font-size: inherit;\"><br \/>\n<\/span>b) \u0160oniniai slankikliai.<\/td>\n<td style=\"width: 43.3744%; height: 164px;\" width=\"179\"><img loading=\"lazy\" decoding=\"async\" class=\"wp-image-34390 alignright\" src=\"http:\/\/www.specagra.ee\/wp-content\/uploads\/2023\/12\/Smulkintuvas-FPM-7.jpg\" alt=\"\" width=\"240\" height=\"240\" \/><\/td>\n<\/tr>\n<tr style=\"height: 29px; border-bottom: 1px solid #0000001c;\">\n<td style=\"width: 55.7781%; height: 29px;\"><\/td>\n<td style=\"width: 43.3744%; height: 29px;\"><\/td>\n<\/tr>\n<tr style=\"height: 29px;\">\n<td style=\"width: 55.7781%; height: 25px;\"><\/td>\n<td style=\"width: 43.3744%; height: 25px;\"><\/td>\n<\/tr>\n<tr style=\"height: 164px;\">\n<td style=\"width: 55.7781%; height: 164px;\" width=\"121\"><span style=\"font-family: inherit; font-size: inherit;\"><br \/>\n2. <\/span>\u0160oninis perdavimas per dantytus V formos dir\u017eus.<br \/>\na) 4 m ir 5,6 m darbinio plo\u010dio ma\u0161inos turi \u0161onin\u0119 transmisij\u0105 i\u0161 abiej\u0173 pusi\u0173.<\/td>\n<td style=\"width: 43.3744%; height: 164px;\" width=\"179\"><img loading=\"lazy\" decoding=\"async\" class=\"wp-image-34391 alignright\" src=\"http:\/\/www.specagra.ee\/wp-content\/uploads\/2023\/12\/Smulkintuvas-FPM-5.jpg\" alt=\"\" width=\"240\" height=\"240\" \/><\/td>\n<\/tr>\n<tr style=\"height: 29px; border-bottom: 1px solid #0000001c;\">\n<td style=\"width: 55.7781%;\"><\/td>\n<td style=\"width: 43.3744%;\"><\/td>\n<\/tr>\n<tr style=\"height: 29px;\">\n<td style=\"width: 55.7781%;\"><\/td>\n<td style=\"width: 43.3744%;\"><\/td>\n<\/tr>\n<tr style=\"height: 162px;\">\n<td style=\"width: 55.7781%; height: 162px;\">3. A\u0161men\u0173 parinktys:<br \/>\na) Universal\u016bs Y peiliukai (pasirinktinai): vis\u0173 tip\u0173 pas\u0117li\u0173 liku\u010diams, ypa\u010d kukur\u016bzams, saul\u0117gr\u0105\u017eoms, cukriniams runkeliams, medvilnei, \u017eolei, pikt\u017eol\u0117ms ir kt.<\/td>\n<td style=\"width: 43.3744%; height: 162px;\"><img loading=\"lazy\" decoding=\"async\" class=\"wp-image-34392 alignright\" src=\"http:\/\/www.specagra.ee\/wp-content\/uploads\/2023\/12\/Smulkintuvas-FPM-2.jpg\" alt=\"\" width=\"240\" height=\"240\" \/><\/td>\n<\/tr>\n<tr style=\"height: 29px; border-bottom: 1px solid #0000001c;\">\n<td style=\"width: 55.7781%;\"><\/td>\n<td style=\"width: 43.3744%;\"><\/td>\n<\/tr>\n<tr style=\"height: 29px;\">\n<td style=\"width: 55.7781%;\"><\/td>\n<td style=\"width: 43.3744%;\"><\/td>\n<\/tr>\n<tr style=\"height: 162px;\">\n<td style=\"width: 55.7781%; height: 162px;\">b) Ties\u016bs a\u0161menys: kvie\u010diai, rugiai, mie\u017eiai, ry\u017eiai ir kt.;<\/td>\n<td style=\"width: 43.3744%; height: 162px;\"><img loading=\"lazy\" decoding=\"async\" class=\"wp-image-34393 alignright\" src=\"http:\/\/www.specagra.ee\/wp-content\/uploads\/2023\/12\/Smulkintuvas-FPM-3.jpg\" alt=\"\" width=\"240\" height=\"240\" \/><\/td>\n<\/tr>\n<tr style=\"height: 29px; border-bottom: 1px solid #0000001c;\">\n<td style=\"width: 55.7781%;\"><\/td>\n<td style=\"width: 43.3744%;\"><\/td>\n<\/tr>\n<tr style=\"height: 29px;\">\n<td style=\"width: 55.7781%;\"><\/td>\n<td style=\"width: 43.3744%;\"><\/td>\n<\/tr>\n<tr style=\"height: 162px;\">\n<td style=\"width: 55.7781%; height: 162px;\">c) Plaktuko peilis: skirtas dideliems darbams, pvz., sumed\u0117jusiems ir storesniems pas\u0117li\u0173 liku\u010diams.<\/td>\n<td style=\"width: 43.3744%; height: 162px;\"><img loading=\"lazy\" decoding=\"async\" class=\"wp-image-34394 alignright\" src=\"http:\/\/www.specagra.ee\/wp-content\/uploads\/2023\/12\/Smulkintuvas-FPM-4.jpg\" alt=\"\" width=\"240\" height=\"240\" \/><\/td>\n<\/tr>\n<tr style=\"height: 29px; border-bottom: 1px solid #0000001c;\">\n<td style=\"width: 55.7781%;\"><\/td>\n<td style=\"width: 43.3744%;\"><\/td>\n<\/tr>\n<tr style=\"height: 29px;\">\n<td style=\"width: 55.7781%;\"><\/td>\n<td style=\"width: 43.3744%;\"><\/td>\n<\/tr>\n<tr style=\"height: 162px;\">\n<td style=\"width: 55.7781%; height: 170px;\"><span style=\"font-family: inherit; font-size: inherit;\">4. <\/span>Pas\u0117li\u0173 liku\u010di\u0173 i\u0161metimo kampo reguliavimas per deflektori\u0173 ant galinio gaubto (barstymas arba gr\u0117bimas).<\/td>\n<td style=\"width: 43.3744%; height: 170px;\"><img loading=\"lazy\" decoding=\"async\" class=\"wp-image-34395 alignright\" src=\"http:\/\/www.specagra.ee\/wp-content\/uploads\/2023\/12\/Smulkintuvas-FPM-8.jpg\" alt=\"\" width=\"240\" height=\"240\" \/><\/td>\n<\/tr>\n<tr style=\"height: 29px; border-bottom: 1px solid #0000001c;\">\n<td style=\"width: 55.7781%;\"><\/td>\n<td style=\"width: 43.3744%;\"><\/td>\n<\/tr>\n<tr style=\"height: 29px;\">\n<td style=\"width: 55.7781%;\"><\/td>\n<td style=\"width: 43.3744%;\"><\/td>\n<\/tr>\n<tr style=\"height: 162px;\">\n<td style=\"width: 55.7781%; height: 201px;\"><span style=\"font-family: inherit; font-size: inherit;\">5. <\/span>Prie\u0161prie\u0161iniai peiliukai leid\u017eia geriau susmulkinti dangtelio liku\u010dius. Vienas komplektas (eil\u0117) yra standartin\u0117s \u012frangos dalis ir yra galimyb\u0117 montuoti dar vien\u0105 komplekt\u0105 (rekomenduojama \u0161iaudams ir pan.).<\/td>\n<td style=\"width: 43.3744%; height: 201px;\"><img loading=\"lazy\" decoding=\"async\" class=\"wp-image-34396 alignright\" src=\"http:\/\/www.specagra.ee\/wp-content\/uploads\/2023\/12\/Smulkintuvas-FPM-9.jpg\" alt=\"\" width=\"240\" height=\"240\" \/><\/td>\n<\/tr>\n<tr style=\"height: 29px; border-bottom: 1px solid #0000001c;\">\n<td style=\"width: 55.7781%;\"><\/td>\n<td style=\"width: 43.3744%;\"><\/td>\n<\/tr>\n<tr style=\"height: 29px;\">\n<td style=\"width: 55.7781%;\"><\/td>\n<td style=\"width: 43.3744%;\"><\/td>\n<\/tr>\n<tr style=\"height: 162px;\">\n<td style=\"width: 55.7781%; height: 201px;\"><span style=\"font-family: inherit; font-size: inherit;\">6.\u00a0<\/span>Transmisija i\u0161 grei\u010di\u0173 d\u0117\u017e\u0117s \u012f \u0161onin\u0119 transmisij\u0105 (velenas alyvos vonioje).<\/td>\n<td style=\"width: 43.3744%; height: 201px;\"><img loading=\"lazy\" decoding=\"async\" class=\"wp-image-34397 alignright\" src=\"http:\/\/www.specagra.ee\/wp-content\/uploads\/2023\/12\/Smulkintuvas-FPM-10.jpg\" alt=\"\" width=\"240\" height=\"240\" \/><\/td>\n<\/tr>\n<tr style=\"height: 29px; border-bottom: 1px solid #0000001c;\">\n<td style=\"width: 55.7781%;\"><\/td>\n<td style=\"width: 43.3744%;\"><\/td>\n<\/tr>\n<tr style=\"height: 29px;\">\n<td style=\"width: 55.7781%;\"><\/td>\n<td style=\"width: 43.3744%;\"><\/td>\n<\/tr>\n<tr style=\"height: 162px;\">\n<td style=\"width: 55.7781%; height: 174px;\"><span style=\"font-family: inherit; font-size: inherit;\">7. Masyv\u016bs ratai ir rat\u0173 verpst\u0117s (4 m ir 5,6 m ilgio modeliai). <\/span><\/td>\n<td style=\"width: 43.3744%; height: 174px;\"><img loading=\"lazy\" decoding=\"async\" class=\"wp-image-34398 alignright\" src=\"http:\/\/www.specagra.ee\/wp-content\/uploads\/2023\/12\/Smulkintuvas-FPM-11.jpg\" alt=\"\" width=\"240\" height=\"240\" \/><\/td>\n<\/tr>\n<tr style=\"height: 29px; border-bottom: 1px solid #0000001c;\">\n<td style=\"width: 55.7781%;\"><\/td>\n<td style=\"width: 43.3744%;\"><\/td>\n<\/tr>\n<tr style=\"height: 29px;\">\n<td style=\"width: 55.7781%;\"><\/td>\n<td style=\"width: 43.3744%;\"><\/td>\n<\/tr>\n<tr style=\"height: 162px;\">\n<td style=\"width: 55.7781%; height: 201px;\"><span style=\"font-family: inherit; font-size: inherit;\">8. Trij\u0173 ta\u0161k\u0173 jungtis 2 ir 3 kategorij\u0173 traktoriams (4 m ir 5,6 m ilgio modeliams).<\/span><\/td>\n<td style=\"width: 43.3744%; height: 201px;\"><img loading=\"lazy\" decoding=\"async\" class=\"wp-image-34399 alignright\" src=\"http:\/\/www.specagra.ee\/wp-content\/uploads\/2023\/12\/Smulkintuvas-FPM-12.jpg\" alt=\"\" width=\"240\" height=\"240\" \/><\/td>\n<\/tr>\n<tr style=\"height: 29px; border-bottom: 1px solid #0000001c;\">\n<td style=\"width: 55.7781%;\"><\/td>\n<td style=\"width: 43.3744%;\"><\/td>\n<\/tr>\n<tr style=\"height: 29px;\">\n<td style=\"width: 55.7781%;\"><\/td>\n<td style=\"width: 43.3744%;\"><\/td>\n<\/tr>\n<\/tbody>\n<\/table>\n<\/div>\n","protected":false},"excerpt":{"rendered":"<p>\u016akininkavimui skirti smulkintuvai pritaikyti smulkinti augal\u0173 liekanas nuimant lauko kult\u016bras, tokias kaip: kukur\u016bzai, saul\u0117gr\u0105\u017eos, \u0161iaudai, cukriniai runkeliai, rapsai, ry\u017eiai ir kt. \u0160ie smulkintuvai taip pat gali b\u016bti naudojami pas\u0117li\u0173 liku\u010diams smulkinti, vis\u0173 kit\u0173 \u017eem\u0117s \u016bkio, visuomenini\u0173, nepri\u017ei\u016brim\u0173 ar nedirbam\u0173 plot\u0173 prie\u017ei\u016brai.<\/p>\n","protected":false},"featured_media":34400,"template":"","meta":{"_et_pb_use_builder":"","_et_pb_old_content":"","_et_gb_content_width":""},"product_brand":[],"product_cat":[96],"product_tag":[],"class_list":{"0":"post-34388","1":"product","2":"type-product","3":"status-publish","4":"has-post-thumbnail","6":"product_cat-kommunaaltehnika","8":"first","9":"instock","10":"shipping-taxable","11":"product-type-simple"},"yoast_head":"<!-- This site is optimized with the Yoast SEO plugin v26.4 - https:\/\/yoast.com\/wordpress\/plugins\/seo\/ -->\n<title>Smulkintuvas ukininkavimui FPM - Specagra<\/title>\n<meta name=\"robots\" content=\"index, follow, max-snippet:-1, max-image-preview:large, max-video-preview:-1\" \/>\n<link rel=\"canonical\" href=\"https:\/\/www.specagra.ee\/?product=smulkintuvas-ukininkavimui-fpm\" \/>\n<meta property=\"og:locale\" content=\"et_EE\" \/>\n<meta property=\"og:type\" content=\"article\" \/>\n<meta property=\"og:title\" content=\"Smulkintuvas ukininkavimui FPM - Specagra\" \/>\n<meta property=\"og:description\" content=\"\u016akininkavimui skirti smulkintuvai pritaikyti smulkinti augal\u0173 liekanas nuimant lauko kult\u016bras, tokias kaip: kukur\u016bzai, saul\u0117gr\u0105\u017eos, \u0161iaudai, cukriniai runkeliai, rapsai, ry\u017eiai ir kt. \u0160ie smulkintuvai taip pat gali b\u016bti naudojami pas\u0117li\u0173 liku\u010diams smulkinti, vis\u0173 kit\u0173 \u017eem\u0117s \u016bkio, visuomenini\u0173, nepri\u017ei\u016brim\u0173 ar nedirbam\u0173 plot\u0173 prie\u017ei\u016brai.\" \/>\n<meta property=\"og:url\" content=\"https:\/\/www.specagra.ee\/?product=smulkintuvas-ukininkavimui-fpm\" \/>\n<meta property=\"og:site_name\" content=\"Specagra\" \/>\n<meta property=\"article:modified_time\" content=\"2023-12-12T13:34:50+00:00\" \/>\n<meta property=\"og:image\" content=\"https:\/\/www.specagra.ee\/wp-content\/uploads\/2023\/12\/Sejamosios-CZAJKOWSKI-ST1.jpg\" \/>\n\t<meta property=\"og:image:width\" content=\"896\" \/>\n\t<meta property=\"og:image:height\" content=\"503\" \/>\n\t<meta property=\"og:image:type\" content=\"image\/jpeg\" \/>\n<meta name=\"twitter:card\" content=\"summary_large_image\" \/>\n<meta name=\"twitter:label1\" content=\"Est. reading time\" \/>\n\t<meta name=\"twitter:data1\" content=\"4 minutit\" \/>\n<script type=\"application\/ld+json\" class=\"yoast-schema-graph\">{\"@context\":\"https:\/\/schema.org\",\"@graph\":[{\"@type\":\"WebPage\",\"@id\":\"https:\/\/www.specagra.ee\/?product=smulkintuvas-ukininkavimui-fpm\",\"url\":\"https:\/\/www.specagra.ee\/?product=smulkintuvas-ukininkavimui-fpm\",\"name\":\"Smulkintuvas ukininkavimui FPM - Specagra\",\"isPartOf\":{\"@id\":\"https:\/\/www.specagra.ee\/#website\"},\"primaryImageOfPage\":{\"@id\":\"https:\/\/www.specagra.ee\/?product=smulkintuvas-ukininkavimui-fpm#primaryimage\"},\"image\":{\"@id\":\"https:\/\/www.specagra.ee\/?product=smulkintuvas-ukininkavimui-fpm#primaryimage\"},\"thumbnailUrl\":\"https:\/\/www.specagra.ee\/wp-content\/uploads\/2023\/12\/Sejamosios-CZAJKOWSKI-ST1.jpg\",\"datePublished\":\"2023-12-12T11:20:03+00:00\",\"dateModified\":\"2023-12-12T13:34:50+00:00\",\"breadcrumb\":{\"@id\":\"https:\/\/www.specagra.ee\/?product=smulkintuvas-ukininkavimui-fpm#breadcrumb\"},\"inLanguage\":\"et\",\"potentialAction\":[{\"@type\":\"ReadAction\",\"target\":[\"https:\/\/www.specagra.ee\/?product=smulkintuvas-ukininkavimui-fpm\"]}]},{\"@type\":\"ImageObject\",\"inLanguage\":\"et\",\"@id\":\"https:\/\/www.specagra.ee\/?product=smulkintuvas-ukininkavimui-fpm#primaryimage\",\"url\":\"https:\/\/www.specagra.ee\/wp-content\/uploads\/2023\/12\/Sejamosios-CZAJKOWSKI-ST1.jpg\",\"contentUrl\":\"https:\/\/www.specagra.ee\/wp-content\/uploads\/2023\/12\/Sejamosios-CZAJKOWSKI-ST1.jpg\",\"width\":896,\"height\":503},{\"@type\":\"BreadcrumbList\",\"@id\":\"https:\/\/www.specagra.ee\/?product=smulkintuvas-ukininkavimui-fpm#breadcrumb\",\"itemListElement\":[{\"@type\":\"ListItem\",\"position\":1,\"name\":\"Home\",\"item\":\"https:\/\/www.specagra.ee\/\"},{\"@type\":\"ListItem\",\"position\":2,\"name\":\"P\u00f5llumajandustehnika ja loomakasvatus\",\"item\":\"https:\/\/specagra.ee\/?page_id=18493\"},{\"@type\":\"ListItem\",\"position\":3,\"name\":\"Smulkintuvas ukininkavimui FPM\"}]},{\"@type\":\"WebSite\",\"@id\":\"https:\/\/www.specagra.ee\/#website\",\"url\":\"https:\/\/www.specagra.ee\/\",\"name\":\"Specagra\",\"description\":\"P\u00f5llumajandustehnika ja varuosad\",\"publisher\":{\"@id\":\"https:\/\/www.specagra.ee\/#organization\"},\"potentialAction\":[{\"@type\":\"SearchAction\",\"target\":{\"@type\":\"EntryPoint\",\"urlTemplate\":\"https:\/\/www.specagra.ee\/?s={search_term_string}\"},\"query-input\":{\"@type\":\"PropertyValueSpecification\",\"valueRequired\":true,\"valueName\":\"search_term_string\"}}],\"inLanguage\":\"et\"},{\"@type\":\"Organization\",\"@id\":\"https:\/\/www.specagra.ee\/#organization\",\"name\":\"UAB Specagra\",\"url\":\"https:\/\/www.specagra.ee\/\",\"logo\":{\"@type\":\"ImageObject\",\"inLanguage\":\"et\",\"@id\":\"https:\/\/www.specagra.ee\/#\/schema\/logo\/image\/\",\"url\":\"http:\/\/www.specagra.ee\/wp-content\/uploads\/2022\/02\/SP-logo_naujas-scaled.jpg\",\"contentUrl\":\"http:\/\/www.specagra.ee\/wp-content\/uploads\/2022\/02\/SP-logo_naujas-scaled.jpg\",\"width\":2560,\"height\":326,\"caption\":\"UAB Specagra\"},\"image\":{\"@id\":\"https:\/\/www.specagra.ee\/#\/schema\/logo\/image\/\"}}]}<\/script>\n<!-- \/ Yoast SEO plugin. -->","yoast_head_json":{"title":"Smulkintuvas ukininkavimui FPM - Specagra","robots":{"index":"index","follow":"follow","max-snippet":"max-snippet:-1","max-image-preview":"max-image-preview:large","max-video-preview":"max-video-preview:-1"},"canonical":"https:\/\/www.specagra.ee\/?product=smulkintuvas-ukininkavimui-fpm","og_locale":"et_EE","og_type":"article","og_title":"Smulkintuvas ukininkavimui FPM - Specagra","og_description":"\u016akininkavimui skirti smulkintuvai pritaikyti smulkinti augal\u0173 liekanas nuimant lauko kult\u016bras, tokias kaip: kukur\u016bzai, saul\u0117gr\u0105\u017eos, \u0161iaudai, cukriniai runkeliai, rapsai, ry\u017eiai ir kt. \u0160ie smulkintuvai taip pat gali b\u016bti naudojami pas\u0117li\u0173 liku\u010diams smulkinti, vis\u0173 kit\u0173 \u017eem\u0117s \u016bkio, visuomenini\u0173, nepri\u017ei\u016brim\u0173 ar nedirbam\u0173 plot\u0173 prie\u017ei\u016brai.","og_url":"https:\/\/www.specagra.ee\/?product=smulkintuvas-ukininkavimui-fpm","og_site_name":"Specagra","article_modified_time":"2023-12-12T13:34:50+00:00","og_image":[{"width":896,"height":503,"url":"https:\/\/www.specagra.ee\/wp-content\/uploads\/2023\/12\/Sejamosios-CZAJKOWSKI-ST1.jpg","type":"image\/jpeg"}],"twitter_card":"summary_large_image","twitter_misc":{"Est. reading time":"4 minutit"},"schema":{"@context":"https:\/\/schema.org","@graph":[{"@type":"WebPage","@id":"https:\/\/www.specagra.ee\/?product=smulkintuvas-ukininkavimui-fpm","url":"https:\/\/www.specagra.ee\/?product=smulkintuvas-ukininkavimui-fpm","name":"Smulkintuvas ukininkavimui FPM - Specagra","isPartOf":{"@id":"https:\/\/www.specagra.ee\/#website"},"primaryImageOfPage":{"@id":"https:\/\/www.specagra.ee\/?product=smulkintuvas-ukininkavimui-fpm#primaryimage"},"image":{"@id":"https:\/\/www.specagra.ee\/?product=smulkintuvas-ukininkavimui-fpm#primaryimage"},"thumbnailUrl":"https:\/\/www.specagra.ee\/wp-content\/uploads\/2023\/12\/Sejamosios-CZAJKOWSKI-ST1.jpg","datePublished":"2023-12-12T11:20:03+00:00","dateModified":"2023-12-12T13:34:50+00:00","breadcrumb":{"@id":"https:\/\/www.specagra.ee\/?product=smulkintuvas-ukininkavimui-fpm#breadcrumb"},"inLanguage":"et","potentialAction":[{"@type":"ReadAction","target":["https:\/\/www.specagra.ee\/?product=smulkintuvas-ukininkavimui-fpm"]}]},{"@type":"ImageObject","inLanguage":"et","@id":"https:\/\/www.specagra.ee\/?product=smulkintuvas-ukininkavimui-fpm#primaryimage","url":"https:\/\/www.specagra.ee\/wp-content\/uploads\/2023\/12\/Sejamosios-CZAJKOWSKI-ST1.jpg","contentUrl":"https:\/\/www.specagra.ee\/wp-content\/uploads\/2023\/12\/Sejamosios-CZAJKOWSKI-ST1.jpg","width":896,"height":503},{"@type":"BreadcrumbList","@id":"https:\/\/www.specagra.ee\/?product=smulkintuvas-ukininkavimui-fpm#breadcrumb","itemListElement":[{"@type":"ListItem","position":1,"name":"Home","item":"https:\/\/www.specagra.ee\/"},{"@type":"ListItem","position":2,"name":"P\u00f5llumajandustehnika ja loomakasvatus","item":"https:\/\/specagra.ee\/?page_id=18493"},{"@type":"ListItem","position":3,"name":"Smulkintuvas ukininkavimui FPM"}]},{"@type":"WebSite","@id":"https:\/\/www.specagra.ee\/#website","url":"https:\/\/www.specagra.ee\/","name":"Specagra","description":"P\u00f5llumajandustehnika ja varuosad","publisher":{"@id":"https:\/\/www.specagra.ee\/#organization"},"potentialAction":[{"@type":"SearchAction","target":{"@type":"EntryPoint","urlTemplate":"https:\/\/www.specagra.ee\/?s={search_term_string}"},"query-input":{"@type":"PropertyValueSpecification","valueRequired":true,"valueName":"search_term_string"}}],"inLanguage":"et"},{"@type":"Organization","@id":"https:\/\/www.specagra.ee\/#organization","name":"UAB Specagra","url":"https:\/\/www.specagra.ee\/","logo":{"@type":"ImageObject","inLanguage":"et","@id":"https:\/\/www.specagra.ee\/#\/schema\/logo\/image\/","url":"http:\/\/www.specagra.ee\/wp-content\/uploads\/2022\/02\/SP-logo_naujas-scaled.jpg","contentUrl":"http:\/\/www.specagra.ee\/wp-content\/uploads\/2022\/02\/SP-logo_naujas-scaled.jpg","width":2560,"height":326,"caption":"UAB Specagra"},"image":{"@id":"https:\/\/www.specagra.ee\/#\/schema\/logo\/image\/"}}]}},"_links":{"self":[{"href":"https:\/\/www.specagra.ee\/index.php?rest_route=\/wp\/v2\/product\/34388","targetHints":{"allow":["GET"]}}],"collection":[{"href":"https:\/\/www.specagra.ee\/index.php?rest_route=\/wp\/v2\/product"}],"about":[{"href":"https:\/\/www.specagra.ee\/index.php?rest_route=\/wp\/v2\/types\/product"}],"wp:featuredmedia":[{"embeddable":true,"href":"https:\/\/www.specagra.ee\/index.php?rest_route=\/wp\/v2\/media\/34400"}],"wp:attachment":[{"href":"https:\/\/www.specagra.ee\/index.php?rest_route=%2Fwp%2Fv2%2Fmedia&parent=34388"}],"wp:term":[{"taxonomy":"product_brand","embeddable":true,"href":"https:\/\/www.specagra.ee\/index.php?rest_route=%2Fwp%2Fv2%2Fproduct_brand&post=34388"},{"taxonomy":"product_cat","embeddable":true,"href":"https:\/\/www.specagra.ee\/index.php?rest_route=%2Fwp%2Fv2%2Fproduct_cat&post=34388"},{"taxonomy":"product_tag","embeddable":true,"href":"https:\/\/www.specagra.ee\/index.php?rest_route=%2Fwp%2Fv2%2Fproduct_tag&post=34388"}],"curies":[{"name":"wp","href":"https:\/\/api.w.org\/{rel}","templated":true}]}}