{"id":3409,"date":"2020-06-30T03:18:27","date_gmt":"2020-06-30T05:18:27","guid":{"rendered":"https:\/\/www.specagra.ee.nemokamossvetaines.hostingas.lt\/?post_type=product&#038;p=3409"},"modified":"2020-10-01T04:00:05","modified_gmt":"2020-10-01T06:00:05","slug":"puspriekabe-metal-fach-t930","status":"publish","type":"product","link":"https:\/\/www.specagra.ee\/?product=puspriekabe-metal-fach-t930","title":{"rendered":"Puspriekab\u0117 METAL &#8211; FACH T930"},"content":{"rendered":"<p>Standartin\u0117 \u012franga:<\/p>\n<ul>\n<li>Du hidrauliniai cilindrai;<\/li>\n<li>Rankinis stov\u0117jimo stabdys;<\/li>\n<li>Vieno kont\u016bro pneumatiniai stabd\u017eiai;<\/li>\n<li>Prikabinimo sijos kilpa \u00d840 mm;<\/li>\n<li>Ratai 385\/65 R22,5;<\/li>\n<li>Paki\u0161os po ratais.<\/li>\n<\/ul>\n<p>Papildoma \u012franga:<\/p>\n<ul>\n<li>Hidrauliniai stabd\u017eiai.<\/li>\n<\/ul>\n<p>&nbsp;<\/p>\n","protected":false},"excerpt":{"rendered":"<p>Standartin\u0117 \u012franga: Du hidrauliniai cilindrai; Rankinis stov\u0117jimo stabdys; Vieno kont\u016bro pneumatiniai stabd\u017eiai; Prikabinimo sijos kilpa \u00d840 mm; Ratai 385\/65 R22,5; Paki\u0161os po ratais. Papildoma \u012franga: Hidrauliniai stabd\u017eiai. &nbsp;<\/p>\n","protected":false},"featured_media":13591,"template":"","meta":{"_et_pb_use_builder":"","_et_pb_old_content":"","_et_gb_content_width":""},"product_brand":[],"product_cat":[95],"product_tag":[],"class_list":{"0":"post-3409","1":"product","2":"type-product","3":"status-publish","4":"has-post-thumbnail","6":"product_cat-traktorikarud-ja-poolhaagised","8":"first","9":"instock","10":"shipping-taxable","11":"product-type-simple"},"yoast_head":"<!-- This site is optimized with the Yoast SEO plugin v26.4 - https:\/\/yoast.com\/wordpress\/plugins\/seo\/ -->\n<title>Puspriekab\u0117 METAL - FACH T930 - Specagra<\/title>\n<meta name=\"robots\" content=\"index, follow, max-snippet:-1, max-image-preview:large, max-video-preview:-1\" \/>\n<link rel=\"canonical\" href=\"https:\/\/www.specagra.ee\/?product=puspriekabe-metal-fach-t930\" \/>\n<meta property=\"og:locale\" content=\"et_EE\" \/>\n<meta property=\"og:type\" content=\"article\" \/>\n<meta property=\"og:title\" content=\"Puspriekab\u0117 METAL - FACH T930 - Specagra\" \/>\n<meta property=\"og:description\" content=\"Standartin\u0117 \u012franga: Du hidrauliniai cilindrai; Rankinis stov\u0117jimo stabdys; Vieno kont\u016bro pneumatiniai stabd\u017eiai; Prikabinimo sijos kilpa \u00d840 mm; Ratai 385\/65 R22,5; Paki\u0161os po ratais. Papildoma \u012franga: Hidrauliniai stabd\u017eiai. &nbsp;\" \/>\n<meta property=\"og:url\" content=\"https:\/\/www.specagra.ee\/?product=puspriekabe-metal-fach-t930\" \/>\n<meta property=\"og:site_name\" content=\"Specagra\" \/>\n<meta property=\"article:modified_time\" content=\"2020-10-01T06:00:05+00:00\" \/>\n<meta property=\"og:image\" content=\"https:\/\/specagra.ee\/wp-content\/uploads\/2020\/06\/przyczepa-rolnicza-skorupowa_T930.webp\" \/>\n\t<meta property=\"og:image:width\" content=\"1920\" \/>\n\t<meta property=\"og:image:height\" content=\"1080\" \/>\n\t<meta property=\"og:image:type\" content=\"image\/webp\" \/>\n<meta name=\"twitter:card\" content=\"summary_large_image\" \/>\n<script type=\"application\/ld+json\" class=\"yoast-schema-graph\">{\"@context\":\"https:\/\/schema.org\",\"@graph\":[{\"@type\":\"WebPage\",\"@id\":\"https:\/\/www.specagra.ee\/?product=puspriekabe-metal-fach-t930\",\"url\":\"https:\/\/www.specagra.ee\/?product=puspriekabe-metal-fach-t930\",\"name\":\"Puspriekab\u0117 METAL - FACH T930 - Specagra\",\"isPartOf\":{\"@id\":\"https:\/\/www.specagra.ee\/#website\"},\"primaryImageOfPage\":{\"@id\":\"https:\/\/www.specagra.ee\/?product=puspriekabe-metal-fach-t930#primaryimage\"},\"image\":{\"@id\":\"https:\/\/www.specagra.ee\/?product=puspriekabe-metal-fach-t930#primaryimage\"},\"thumbnailUrl\":\"https:\/\/www.specagra.ee\/wp-content\/uploads\/2020\/06\/przyczepa-rolnicza-skorupowa_T930.webp\",\"datePublished\":\"2020-06-30T05:18:27+00:00\",\"dateModified\":\"2020-10-01T06:00:05+00:00\",\"breadcrumb\":{\"@id\":\"https:\/\/www.specagra.ee\/?product=puspriekabe-metal-fach-t930#breadcrumb\"},\"inLanguage\":\"et\",\"potentialAction\":[{\"@type\":\"ReadAction\",\"target\":[\"https:\/\/www.specagra.ee\/?product=puspriekabe-metal-fach-t930\"]}]},{\"@type\":\"ImageObject\",\"inLanguage\":\"et\",\"@id\":\"https:\/\/www.specagra.ee\/?product=puspriekabe-metal-fach-t930#primaryimage\",\"url\":\"https:\/\/www.specagra.ee\/wp-content\/uploads\/2020\/06\/przyczepa-rolnicza-skorupowa_T930.webp\",\"contentUrl\":\"https:\/\/www.specagra.ee\/wp-content\/uploads\/2020\/06\/przyczepa-rolnicza-skorupowa_T930.webp\",\"width\":1920,\"height\":1080,\"caption\":\"Puspriekab\u0117 METAL \u2013 FACH T930\"},{\"@type\":\"BreadcrumbList\",\"@id\":\"https:\/\/www.specagra.ee\/?product=puspriekabe-metal-fach-t930#breadcrumb\",\"itemListElement\":[{\"@type\":\"ListItem\",\"position\":1,\"name\":\"Home\",\"item\":\"https:\/\/www.specagra.ee\/\"},{\"@type\":\"ListItem\",\"position\":2,\"name\":\"P\u00f5llumajandustehnika ja loomakasvatus\",\"item\":\"https:\/\/specagra.ee\/?page_id=18493\"},{\"@type\":\"ListItem\",\"position\":3,\"name\":\"Puspriekab\u0117 METAL &#8211; FACH T930\"}]},{\"@type\":\"WebSite\",\"@id\":\"https:\/\/www.specagra.ee\/#website\",\"url\":\"https:\/\/www.specagra.ee\/\",\"name\":\"Specagra\",\"description\":\"P\u00f5llumajandustehnika ja varuosad\",\"publisher\":{\"@id\":\"https:\/\/www.specagra.ee\/#organization\"},\"potentialAction\":[{\"@type\":\"SearchAction\",\"target\":{\"@type\":\"EntryPoint\",\"urlTemplate\":\"https:\/\/www.specagra.ee\/?s={search_term_string}\"},\"query-input\":{\"@type\":\"PropertyValueSpecification\",\"valueRequired\":true,\"valueName\":\"search_term_string\"}}],\"inLanguage\":\"et\"},{\"@type\":\"Organization\",\"@id\":\"https:\/\/www.specagra.ee\/#organization\",\"name\":\"UAB Specagra\",\"url\":\"https:\/\/www.specagra.ee\/\",\"logo\":{\"@type\":\"ImageObject\",\"inLanguage\":\"et\",\"@id\":\"https:\/\/www.specagra.ee\/#\/schema\/logo\/image\/\",\"url\":\"http:\/\/www.specagra.ee\/wp-content\/uploads\/2022\/02\/SP-logo_naujas-scaled.jpg\",\"contentUrl\":\"http:\/\/www.specagra.ee\/wp-content\/uploads\/2022\/02\/SP-logo_naujas-scaled.jpg\",\"width\":2560,\"height\":326,\"caption\":\"UAB Specagra\"},\"image\":{\"@id\":\"https:\/\/www.specagra.ee\/#\/schema\/logo\/image\/\"}}]}<\/script>\n<!-- \/ Yoast SEO plugin. -->","yoast_head_json":{"title":"Puspriekab\u0117 METAL - FACH T930 - Specagra","robots":{"index":"index","follow":"follow","max-snippet":"max-snippet:-1","max-image-preview":"max-image-preview:large","max-video-preview":"max-video-preview:-1"},"canonical":"https:\/\/www.specagra.ee\/?product=puspriekabe-metal-fach-t930","og_locale":"et_EE","og_type":"article","og_title":"Puspriekab\u0117 METAL - FACH T930 - Specagra","og_description":"Standartin\u0117 \u012franga: Du hidrauliniai cilindrai; Rankinis stov\u0117jimo stabdys; Vieno kont\u016bro pneumatiniai stabd\u017eiai; Prikabinimo sijos kilpa \u00d840 mm; Ratai 385\/65 R22,5; Paki\u0161os po ratais. Papildoma \u012franga: Hidrauliniai stabd\u017eiai. &nbsp;","og_url":"https:\/\/www.specagra.ee\/?product=puspriekabe-metal-fach-t930","og_site_name":"Specagra","article_modified_time":"2020-10-01T06:00:05+00:00","og_image":[{"width":1920,"height":1080,"url":"https:\/\/specagra.ee\/wp-content\/uploads\/2020\/06\/przyczepa-rolnicza-skorupowa_T930.webp","type":"image\/webp"}],"twitter_card":"summary_large_image","schema":{"@context":"https:\/\/schema.org","@graph":[{"@type":"WebPage","@id":"https:\/\/www.specagra.ee\/?product=puspriekabe-metal-fach-t930","url":"https:\/\/www.specagra.ee\/?product=puspriekabe-metal-fach-t930","name":"Puspriekab\u0117 METAL - FACH T930 - Specagra","isPartOf":{"@id":"https:\/\/www.specagra.ee\/#website"},"primaryImageOfPage":{"@id":"https:\/\/www.specagra.ee\/?product=puspriekabe-metal-fach-t930#primaryimage"},"image":{"@id":"https:\/\/www.specagra.ee\/?product=puspriekabe-metal-fach-t930#primaryimage"},"thumbnailUrl":"https:\/\/www.specagra.ee\/wp-content\/uploads\/2020\/06\/przyczepa-rolnicza-skorupowa_T930.webp","datePublished":"2020-06-30T05:18:27+00:00","dateModified":"2020-10-01T06:00:05+00:00","breadcrumb":{"@id":"https:\/\/www.specagra.ee\/?product=puspriekabe-metal-fach-t930#breadcrumb"},"inLanguage":"et","potentialAction":[{"@type":"ReadAction","target":["https:\/\/www.specagra.ee\/?product=puspriekabe-metal-fach-t930"]}]},{"@type":"ImageObject","inLanguage":"et","@id":"https:\/\/www.specagra.ee\/?product=puspriekabe-metal-fach-t930#primaryimage","url":"https:\/\/www.specagra.ee\/wp-content\/uploads\/2020\/06\/przyczepa-rolnicza-skorupowa_T930.webp","contentUrl":"https:\/\/www.specagra.ee\/wp-content\/uploads\/2020\/06\/przyczepa-rolnicza-skorupowa_T930.webp","width":1920,"height":1080,"caption":"Puspriekab\u0117 METAL \u2013 FACH T930"},{"@type":"BreadcrumbList","@id":"https:\/\/www.specagra.ee\/?product=puspriekabe-metal-fach-t930#breadcrumb","itemListElement":[{"@type":"ListItem","position":1,"name":"Home","item":"https:\/\/www.specagra.ee\/"},{"@type":"ListItem","position":2,"name":"P\u00f5llumajandustehnika ja loomakasvatus","item":"https:\/\/specagra.ee\/?page_id=18493"},{"@type":"ListItem","position":3,"name":"Puspriekab\u0117 METAL &#8211; FACH T930"}]},{"@type":"WebSite","@id":"https:\/\/www.specagra.ee\/#website","url":"https:\/\/www.specagra.ee\/","name":"Specagra","description":"P\u00f5llumajandustehnika ja varuosad","publisher":{"@id":"https:\/\/www.specagra.ee\/#organization"},"potentialAction":[{"@type":"SearchAction","target":{"@type":"EntryPoint","urlTemplate":"https:\/\/www.specagra.ee\/?s={search_term_string}"},"query-input":{"@type":"PropertyValueSpecification","valueRequired":true,"valueName":"search_term_string"}}],"inLanguage":"et"},{"@type":"Organization","@id":"https:\/\/www.specagra.ee\/#organization","name":"UAB Specagra","url":"https:\/\/www.specagra.ee\/","logo":{"@type":"ImageObject","inLanguage":"et","@id":"https:\/\/www.specagra.ee\/#\/schema\/logo\/image\/","url":"http:\/\/www.specagra.ee\/wp-content\/uploads\/2022\/02\/SP-logo_naujas-scaled.jpg","contentUrl":"http:\/\/www.specagra.ee\/wp-content\/uploads\/2022\/02\/SP-logo_naujas-scaled.jpg","width":2560,"height":326,"caption":"UAB Specagra"},"image":{"@id":"https:\/\/www.specagra.ee\/#\/schema\/logo\/image\/"}}]}},"_links":{"self":[{"href":"https:\/\/www.specagra.ee\/index.php?rest_route=\/wp\/v2\/product\/3409","targetHints":{"allow":["GET"]}}],"collection":[{"href":"https:\/\/www.specagra.ee\/index.php?rest_route=\/wp\/v2\/product"}],"about":[{"href":"https:\/\/www.specagra.ee\/index.php?rest_route=\/wp\/v2\/types\/product"}],"wp:featuredmedia":[{"embeddable":true,"href":"https:\/\/www.specagra.ee\/index.php?rest_route=\/wp\/v2\/media\/13591"}],"wp:attachment":[{"href":"https:\/\/www.specagra.ee\/index.php?rest_route=%2Fwp%2Fv2%2Fmedia&parent=3409"}],"wp:term":[{"taxonomy":"product_brand","embeddable":true,"href":"https:\/\/www.specagra.ee\/index.php?rest_route=%2Fwp%2Fv2%2Fproduct_brand&post=3409"},{"taxonomy":"product_cat","embeddable":true,"href":"https:\/\/www.specagra.ee\/index.php?rest_route=%2Fwp%2Fv2%2Fproduct_cat&post=3409"},{"taxonomy":"product_tag","embeddable":true,"href":"https:\/\/www.specagra.ee\/index.php?rest_route=%2Fwp%2Fv2%2Fproduct_tag&post=3409"}],"curies":[{"name":"wp","href":"https:\/\/api.w.org\/{rel}","templated":true}]}}