{"id":33954,"date":"2023-11-22T10:48:19","date_gmt":"2023-11-22T12:48:19","guid":{"rendered":"https:\/\/www.specagra.ee\/?post_type=product&#038;p=33954"},"modified":"2023-11-24T08:40:08","modified_gmt":"2023-11-24T10:40:08","slug":"elektrinis-savaeigis-pasaru-dalytuvas-maisytuvas-faresin-pf-full-electric","status":"publish","type":"product","link":"https:\/\/www.specagra.ee\/?product=elektrinis-savaeigis-pasaru-dalytuvas-maisytuvas-faresin-pf-full-electric","title":{"rendered":"Elektrinis savaeigis pa\u0161ar\u0173 dalytuvas-mai\u0161ytuvas Faresin PF Full Electric"},"content":{"rendered":"<p>&#8220;Leader PF Full Electric&#8221; yra elektrinis savaeigis pa\u0161ar\u0173 dalytuvas, sukurtas su galimybe naudoti elektros energij\u0105, kuri\u0105 \u016bkiai gamina i\u0161 fotovoltini\u0173 arba kogeneracini\u0173 j\u0117gaini\u0173, siekiant suma\u017einti aplinkos ter\u0161al\u0173 i\u0161skyrim\u0105 ir ma\u017einti \u016bkio poveik\u012f aplinkai. \u0160io \u012frenginio elektros technologijos naudojimas taip pat skatina gyv\u016bn\u0173 gerov\u0119 ir leid\u017eia sertifikuoti gamybos grandin\u0119. \u012erenginyje integruotas elektroninis valdymas efektyviai reguliuoja energijos paskirstym\u0105 skirtingoms komponent\u0173 sistemoms, neperkraunant akumuliatori\u0173, varikli\u0173 ar inverteri\u0173 ir \u017eenkliai ma\u017eindamas energijos suvartojim\u0105. Be to, visa sistema yra nuolat stebima diagnostikos priemon\u0117mis, kurios apima visas elektrines, elektronines ir hidraulines dalis, \u012fskaitant valdymo prietaisus, esan\u010dius pa\u010diame \u012frenginyje.<\/p>\n","protected":false},"excerpt":{"rendered":"<p>&#8220;Leader PF Full Electric&#8221; sukurtas taip, kad b\u016bt\u0173 galima naudoti elektros energij\u0105, kuri\u0105 \u016bkiai dideliais kiekiais gamina fotovoltin\u0117se arba kogeneracin\u0117se j\u0117gain\u0117se ir kuri yra itin pigi. <\/p>\n","protected":false},"featured_media":34228,"template":"","meta":{"_acf_changed":false},"product_brand":[],"product_cat":[280],"product_tag":[],"class_list":{"0":"post-33954","1":"product","2":"type-product","3":"status-publish","4":"has-post-thumbnail","6":"product_cat-elektrilised-isesoitvad-sooda-segajad-jaoturid","8":"first","9":"instock","10":"shipping-taxable","11":"product-type-simple"},"acf":[],"yoast_head":"<!-- This site is optimized with the Yoast SEO plugin v27.4 - https:\/\/yoast.com\/product\/yoast-seo-wordpress\/ -->\n<title>Elektrinis savaeigis pa\u0161ar\u0173 dalytuvas-mai\u0161ytuvas Faresin PF Full Electric - Specagra<\/title>\n<meta name=\"robots\" content=\"index, follow, max-snippet:-1, max-image-preview:large, max-video-preview:-1\" \/>\n<link rel=\"canonical\" href=\"https:\/\/www.specagra.ee\/?product=elektrinis-savaeigis-pasaru-dalytuvas-maisytuvas-faresin-pf-full-electric\" \/>\n<meta property=\"og:locale\" content=\"et_EE\" \/>\n<meta property=\"og:type\" content=\"article\" \/>\n<meta property=\"og:title\" content=\"Elektrinis savaeigis pa\u0161ar\u0173 dalytuvas-mai\u0161ytuvas Faresin PF Full Electric - Specagra\" \/>\n<meta property=\"og:description\" content=\"&quot;Leader PF Full Electric&quot; sukurtas taip, kad b\u016bt\u0173 galima naudoti elektros energij\u0105, kuri\u0105 \u016bkiai dideliais kiekiais gamina fotovoltin\u0117se arba kogeneracin\u0117se j\u0117gain\u0117se ir kuri yra itin pigi.\" \/>\n<meta property=\"og:url\" content=\"https:\/\/www.specagra.ee\/?product=elektrinis-savaeigis-pasaru-dalytuvas-maisytuvas-faresin-pf-full-electric\" \/>\n<meta property=\"og:site_name\" content=\"Specagra\" \/>\n<meta property=\"article:modified_time\" content=\"2023-11-24T10:40:08+00:00\" \/>\n<meta property=\"og:image\" content=\"https:\/\/www.specagra.ee\/wp-content\/uploads\/2023\/11\/Leader-PF-2.33-Plus3.jpg\" \/>\n\t<meta property=\"og:image:width\" content=\"896\" \/>\n\t<meta property=\"og:image:height\" content=\"503\" \/>\n\t<meta property=\"og:image:type\" content=\"image\/jpeg\" \/>\n<meta name=\"twitter:card\" content=\"summary_large_image\" \/>\n<meta name=\"twitter:label1\" content=\"Est. reading time\" \/>\n\t<meta name=\"twitter:data1\" content=\"1 minut\" \/>\n<script type=\"application\/ld+json\" class=\"yoast-schema-graph\">{\"@context\":\"https:\\\/\\\/schema.org\",\"@graph\":[{\"@type\":\"WebPage\",\"@id\":\"https:\\\/\\\/www.specagra.ee\\\/?product=elektrinis-savaeigis-pasaru-dalytuvas-maisytuvas-faresin-pf-full-electric\",\"url\":\"https:\\\/\\\/www.specagra.ee\\\/?product=elektrinis-savaeigis-pasaru-dalytuvas-maisytuvas-faresin-pf-full-electric\",\"name\":\"Elektrinis savaeigis pa\u0161ar\u0173 dalytuvas-mai\u0161ytuvas Faresin PF Full Electric - Specagra\",\"isPartOf\":{\"@id\":\"https:\\\/\\\/www.specagra.ee\\\/#website\"},\"primaryImageOfPage\":{\"@id\":\"https:\\\/\\\/www.specagra.ee\\\/?product=elektrinis-savaeigis-pasaru-dalytuvas-maisytuvas-faresin-pf-full-electric#primaryimage\"},\"image\":{\"@id\":\"https:\\\/\\\/www.specagra.ee\\\/?product=elektrinis-savaeigis-pasaru-dalytuvas-maisytuvas-faresin-pf-full-electric#primaryimage\"},\"thumbnailUrl\":\"https:\\\/\\\/www.specagra.ee\\\/wp-content\\\/uploads\\\/2023\\\/11\\\/Leader-PF-2.33-Plus3.jpg\",\"datePublished\":\"2023-11-22T12:48:19+00:00\",\"dateModified\":\"2023-11-24T10:40:08+00:00\",\"breadcrumb\":{\"@id\":\"https:\\\/\\\/www.specagra.ee\\\/?product=elektrinis-savaeigis-pasaru-dalytuvas-maisytuvas-faresin-pf-full-electric#breadcrumb\"},\"inLanguage\":\"et\",\"potentialAction\":[{\"@type\":\"ReadAction\",\"target\":[\"https:\\\/\\\/www.specagra.ee\\\/?product=elektrinis-savaeigis-pasaru-dalytuvas-maisytuvas-faresin-pf-full-electric\"]}]},{\"@type\":\"ImageObject\",\"inLanguage\":\"et\",\"@id\":\"https:\\\/\\\/www.specagra.ee\\\/?product=elektrinis-savaeigis-pasaru-dalytuvas-maisytuvas-faresin-pf-full-electric#primaryimage\",\"url\":\"https:\\\/\\\/www.specagra.ee\\\/wp-content\\\/uploads\\\/2023\\\/11\\\/Leader-PF-2.33-Plus3.jpg\",\"contentUrl\":\"https:\\\/\\\/www.specagra.ee\\\/wp-content\\\/uploads\\\/2023\\\/11\\\/Leader-PF-2.33-Plus3.jpg\",\"width\":896,\"height\":503},{\"@type\":\"BreadcrumbList\",\"@id\":\"https:\\\/\\\/www.specagra.ee\\\/?product=elektrinis-savaeigis-pasaru-dalytuvas-maisytuvas-faresin-pf-full-electric#breadcrumb\",\"itemListElement\":[{\"@type\":\"ListItem\",\"position\":1,\"name\":\"Home\",\"item\":\"https:\\\/\\\/www.specagra.ee\\\/\"},{\"@type\":\"ListItem\",\"position\":2,\"name\":\"P\u00f5llumajandustehnika ja loomakasvatus\",\"item\":\"https:\\\/\\\/www.specagra.ee\\\/?page_id=18493\"},{\"@type\":\"ListItem\",\"position\":3,\"name\":\"Elektrinis savaeigis pa\u0161ar\u0173 dalytuvas-mai\u0161ytuvas Faresin PF Full Electric\"}]},{\"@type\":\"WebSite\",\"@id\":\"https:\\\/\\\/www.specagra.ee\\\/#website\",\"url\":\"https:\\\/\\\/www.specagra.ee\\\/\",\"name\":\"Specagra\",\"description\":\"P\u00f5llumajandustehnika ja varuosad\",\"publisher\":{\"@id\":\"https:\\\/\\\/www.specagra.ee\\\/#organization\"},\"potentialAction\":[{\"@type\":\"SearchAction\",\"target\":{\"@type\":\"EntryPoint\",\"urlTemplate\":\"https:\\\/\\\/www.specagra.ee\\\/?s={search_term_string}\"},\"query-input\":{\"@type\":\"PropertyValueSpecification\",\"valueRequired\":true,\"valueName\":\"search_term_string\"}}],\"inLanguage\":\"et\"},{\"@type\":\"Organization\",\"@id\":\"https:\\\/\\\/www.specagra.ee\\\/#organization\",\"name\":\"UAB Specagra\",\"url\":\"https:\\\/\\\/www.specagra.ee\\\/\",\"logo\":{\"@type\":\"ImageObject\",\"inLanguage\":\"et\",\"@id\":\"https:\\\/\\\/www.specagra.ee\\\/#\\\/schema\\\/logo\\\/image\\\/\",\"url\":\"http:\\\/\\\/www.specagra.ee\\\/wp-content\\\/uploads\\\/2022\\\/02\\\/SP-logo_naujas-scaled.jpg\",\"contentUrl\":\"http:\\\/\\\/www.specagra.ee\\\/wp-content\\\/uploads\\\/2022\\\/02\\\/SP-logo_naujas-scaled.jpg\",\"width\":2560,\"height\":326,\"caption\":\"UAB Specagra\"},\"image\":{\"@id\":\"https:\\\/\\\/www.specagra.ee\\\/#\\\/schema\\\/logo\\\/image\\\/\"}}]}<\/script>\n<!-- \/ Yoast SEO plugin. -->","yoast_head_json":{"title":"Elektrinis savaeigis pa\u0161ar\u0173 dalytuvas-mai\u0161ytuvas Faresin PF Full Electric - Specagra","robots":{"index":"index","follow":"follow","max-snippet":"max-snippet:-1","max-image-preview":"max-image-preview:large","max-video-preview":"max-video-preview:-1"},"canonical":"https:\/\/www.specagra.ee\/?product=elektrinis-savaeigis-pasaru-dalytuvas-maisytuvas-faresin-pf-full-electric","og_locale":"et_EE","og_type":"article","og_title":"Elektrinis savaeigis pa\u0161ar\u0173 dalytuvas-mai\u0161ytuvas Faresin PF Full Electric - Specagra","og_description":"\"Leader PF Full Electric\" sukurtas taip, kad b\u016bt\u0173 galima naudoti elektros energij\u0105, kuri\u0105 \u016bkiai dideliais kiekiais gamina fotovoltin\u0117se arba kogeneracin\u0117se j\u0117gain\u0117se ir kuri yra itin pigi.","og_url":"https:\/\/www.specagra.ee\/?product=elektrinis-savaeigis-pasaru-dalytuvas-maisytuvas-faresin-pf-full-electric","og_site_name":"Specagra","article_modified_time":"2023-11-24T10:40:08+00:00","og_image":[{"width":896,"height":503,"url":"https:\/\/www.specagra.ee\/wp-content\/uploads\/2023\/11\/Leader-PF-2.33-Plus3.jpg","type":"image\/jpeg"}],"twitter_card":"summary_large_image","twitter_misc":{"Est. reading time":"1 minut"},"schema":{"@context":"https:\/\/schema.org","@graph":[{"@type":"WebPage","@id":"https:\/\/www.specagra.ee\/?product=elektrinis-savaeigis-pasaru-dalytuvas-maisytuvas-faresin-pf-full-electric","url":"https:\/\/www.specagra.ee\/?product=elektrinis-savaeigis-pasaru-dalytuvas-maisytuvas-faresin-pf-full-electric","name":"Elektrinis savaeigis pa\u0161ar\u0173 dalytuvas-mai\u0161ytuvas Faresin PF Full Electric - Specagra","isPartOf":{"@id":"https:\/\/www.specagra.ee\/#website"},"primaryImageOfPage":{"@id":"https:\/\/www.specagra.ee\/?product=elektrinis-savaeigis-pasaru-dalytuvas-maisytuvas-faresin-pf-full-electric#primaryimage"},"image":{"@id":"https:\/\/www.specagra.ee\/?product=elektrinis-savaeigis-pasaru-dalytuvas-maisytuvas-faresin-pf-full-electric#primaryimage"},"thumbnailUrl":"https:\/\/www.specagra.ee\/wp-content\/uploads\/2023\/11\/Leader-PF-2.33-Plus3.jpg","datePublished":"2023-11-22T12:48:19+00:00","dateModified":"2023-11-24T10:40:08+00:00","breadcrumb":{"@id":"https:\/\/www.specagra.ee\/?product=elektrinis-savaeigis-pasaru-dalytuvas-maisytuvas-faresin-pf-full-electric#breadcrumb"},"inLanguage":"et","potentialAction":[{"@type":"ReadAction","target":["https:\/\/www.specagra.ee\/?product=elektrinis-savaeigis-pasaru-dalytuvas-maisytuvas-faresin-pf-full-electric"]}]},{"@type":"ImageObject","inLanguage":"et","@id":"https:\/\/www.specagra.ee\/?product=elektrinis-savaeigis-pasaru-dalytuvas-maisytuvas-faresin-pf-full-electric#primaryimage","url":"https:\/\/www.specagra.ee\/wp-content\/uploads\/2023\/11\/Leader-PF-2.33-Plus3.jpg","contentUrl":"https:\/\/www.specagra.ee\/wp-content\/uploads\/2023\/11\/Leader-PF-2.33-Plus3.jpg","width":896,"height":503},{"@type":"BreadcrumbList","@id":"https:\/\/www.specagra.ee\/?product=elektrinis-savaeigis-pasaru-dalytuvas-maisytuvas-faresin-pf-full-electric#breadcrumb","itemListElement":[{"@type":"ListItem","position":1,"name":"Home","item":"https:\/\/www.specagra.ee\/"},{"@type":"ListItem","position":2,"name":"P\u00f5llumajandustehnika ja loomakasvatus","item":"https:\/\/www.specagra.ee\/?page_id=18493"},{"@type":"ListItem","position":3,"name":"Elektrinis savaeigis pa\u0161ar\u0173 dalytuvas-mai\u0161ytuvas Faresin PF Full Electric"}]},{"@type":"WebSite","@id":"https:\/\/www.specagra.ee\/#website","url":"https:\/\/www.specagra.ee\/","name":"Specagra","description":"P\u00f5llumajandustehnika ja varuosad","publisher":{"@id":"https:\/\/www.specagra.ee\/#organization"},"potentialAction":[{"@type":"SearchAction","target":{"@type":"EntryPoint","urlTemplate":"https:\/\/www.specagra.ee\/?s={search_term_string}"},"query-input":{"@type":"PropertyValueSpecification","valueRequired":true,"valueName":"search_term_string"}}],"inLanguage":"et"},{"@type":"Organization","@id":"https:\/\/www.specagra.ee\/#organization","name":"UAB Specagra","url":"https:\/\/www.specagra.ee\/","logo":{"@type":"ImageObject","inLanguage":"et","@id":"https:\/\/www.specagra.ee\/#\/schema\/logo\/image\/","url":"http:\/\/www.specagra.ee\/wp-content\/uploads\/2022\/02\/SP-logo_naujas-scaled.jpg","contentUrl":"http:\/\/www.specagra.ee\/wp-content\/uploads\/2022\/02\/SP-logo_naujas-scaled.jpg","width":2560,"height":326,"caption":"UAB Specagra"},"image":{"@id":"https:\/\/www.specagra.ee\/#\/schema\/logo\/image\/"}}]}},"_links":{"self":[{"href":"https:\/\/www.specagra.ee\/index.php?rest_route=\/wp\/v2\/product\/33954","targetHints":{"allow":["GET"]}}],"collection":[{"href":"https:\/\/www.specagra.ee\/index.php?rest_route=\/wp\/v2\/product"}],"about":[{"href":"https:\/\/www.specagra.ee\/index.php?rest_route=\/wp\/v2\/types\/product"}],"wp:featuredmedia":[{"embeddable":true,"href":"https:\/\/www.specagra.ee\/index.php?rest_route=\/wp\/v2\/media\/34228"}],"wp:attachment":[{"href":"https:\/\/www.specagra.ee\/index.php?rest_route=%2Fwp%2Fv2%2Fmedia&parent=33954"}],"wp:term":[{"taxonomy":"product_brand","embeddable":true,"href":"https:\/\/www.specagra.ee\/index.php?rest_route=%2Fwp%2Fv2%2Fproduct_brand&post=33954"},{"taxonomy":"product_cat","embeddable":true,"href":"https:\/\/www.specagra.ee\/index.php?rest_route=%2Fwp%2Fv2%2Fproduct_cat&post=33954"},{"taxonomy":"product_tag","embeddable":true,"href":"https:\/\/www.specagra.ee\/index.php?rest_route=%2Fwp%2Fv2%2Fproduct_tag&post=33954"}],"curies":[{"name":"wp","href":"https:\/\/api.w.org\/{rel}","templated":true}]}}