{"id":33933,"date":"2023-10-26T06:01:56","date_gmt":"2023-10-26T08:01:56","guid":{"rendered":"https:\/\/www.specagra.ee\/?post_type=product&#038;p=33933"},"modified":"2023-10-26T06:37:15","modified_gmt":"2023-10-26T08:37:15","slug":"elektrinis-krautuvas-everun-erel10","status":"publish","type":"product","link":"https:\/\/www.specagra.ee\/?product=elektrinis-krautuvas-everun-erel10","title":{"rendered":"Elektrinis krautuvas Everun EREL10"},"content":{"rendered":"<p>Bendrosios savyb\u0117s:<\/p>\n<div class=\"Wheelrt fr descs\">\n<ul>\n<li>I\u0161laikytas CE kokyb\u0117s sertifikatas.<\/li>\n<li>Standartin\u0117 konfig\u016bracija su Quick Hitch (greitu prijungimu) ir Electric Joystick (elektrine svirtimi), d\u0117l \u0161i\u0173 privalumo \u0161is krautuvas\u00a0 lengviau valdomas.<\/li>\n<li>Neprivaloma nuolatin\u0117s srov\u0117s akumuliatori\u0173 sistema ir kintamosios srov\u0117s akumuliatori\u0173 sistema su nuline tar\u0161a.<\/li>\n<li>Ma\u017eas dydis tod\u0117l galima dirbti ma\u017eoje ribotoje erdv\u0117je.<\/li>\n<li>Lengvesniems \u016bkio darbams pakankama 1000 kg keliamoji galia.<\/li>\n<li>Daugyb\u0117 papildom\u0173\u00a0 pried\u0173.<\/li>\n<\/ul>\n<\/div>\n","protected":false},"excerpt":{"rendered":"<p>Bendrosios savyb\u0117s: I\u0161laikytas CE kokyb\u0117s sertifikatas. Standartin\u0117 konfig\u016bracija su Quick Hitch (greitu prijungimu) ir Electric Joystick (elektrine svirtimi), d\u0117l \u0161i\u0173 privalumo \u0161is krautuvas\u00a0 lengviau valdomas. Neprivaloma nuolatin\u0117s srov\u0117s akumuliatori\u0173 sistema ir kintamosios srov\u0117s akumuliatori\u0173 sistema su nuline tar\u0161a. Ma\u017eas dydis tod\u0117l galima dirbti ma\u017eoje ribotoje erdv\u0117je. Lengvesniems \u016bkio darbams pakankama 1000 kg keliamoji galia. Daugyb\u0117 [&hellip;]<\/p>\n","protected":false},"featured_media":33936,"template":"","meta":{"_acf_changed":false},"product_brand":[],"product_cat":[279,213,34],"product_tag":[],"class_list":{"0":"post-33933","1":"product","2":"type-product","3":"status-publish","4":"has-post-thumbnail","6":"product_cat-elektrilaadurid","7":"product_cat-liigendtostukid","8":"product_cat-tostukid","10":"first","11":"instock","12":"shipping-taxable","13":"product-type-simple"},"acf":[],"yoast_head":"<!-- This site is optimized with the Yoast SEO plugin v27.4 - https:\/\/yoast.com\/product\/yoast-seo-wordpress\/ -->\n<title>Elektrinis krautuvas Everun EREL10 - Specagra<\/title>\n<meta name=\"robots\" content=\"index, follow, max-snippet:-1, max-image-preview:large, max-video-preview:-1\" \/>\n<link rel=\"canonical\" href=\"https:\/\/www.specagra.ee\/?product=elektrinis-krautuvas-everun-erel10\" \/>\n<meta property=\"og:locale\" content=\"et_EE\" \/>\n<meta property=\"og:type\" content=\"article\" \/>\n<meta property=\"og:title\" content=\"Elektrinis krautuvas Everun EREL10 - Specagra\" \/>\n<meta property=\"og:description\" content=\"Bendrosios savyb\u0117s: I\u0161laikytas CE kokyb\u0117s sertifikatas. Standartin\u0117 konfig\u016bracija su Quick Hitch (greitu prijungimu) ir Electric Joystick (elektrine svirtimi), d\u0117l \u0161i\u0173 privalumo \u0161is krautuvas\u00a0 lengviau valdomas. Neprivaloma nuolatin\u0117s srov\u0117s akumuliatori\u0173 sistema ir kintamosios srov\u0117s akumuliatori\u0173 sistema su nuline tar\u0161a. Ma\u017eas dydis tod\u0117l galima dirbti ma\u017eoje ribotoje erdv\u0117je. Lengvesniems \u016bkio darbams pakankama 1000 kg keliamoji galia. Daugyb\u0117 [&hellip;]\" \/>\n<meta property=\"og:url\" content=\"https:\/\/www.specagra.ee\/?product=elektrinis-krautuvas-everun-erel10\" \/>\n<meta property=\"og:site_name\" content=\"Specagra\" \/>\n<meta property=\"article:modified_time\" content=\"2023-10-26T08:37:15+00:00\" \/>\n<meta property=\"og:image\" content=\"https:\/\/www.specagra.ee\/wp-content\/uploads\/2023\/10\/Leader-PF-2.33-Plus.jpg\" \/>\n\t<meta property=\"og:image:width\" content=\"896\" \/>\n\t<meta property=\"og:image:height\" content=\"503\" \/>\n\t<meta property=\"og:image:type\" content=\"image\/jpeg\" \/>\n<meta name=\"twitter:card\" content=\"summary_large_image\" \/>\n<meta name=\"twitter:label1\" content=\"Est. reading time\" \/>\n\t<meta name=\"twitter:data1\" content=\"1 minut\" \/>\n<script type=\"application\/ld+json\" class=\"yoast-schema-graph\">{\"@context\":\"https:\\\/\\\/schema.org\",\"@graph\":[{\"@type\":\"WebPage\",\"@id\":\"https:\\\/\\\/www.specagra.ee\\\/?product=elektrinis-krautuvas-everun-erel10\",\"url\":\"https:\\\/\\\/www.specagra.ee\\\/?product=elektrinis-krautuvas-everun-erel10\",\"name\":\"Elektrinis krautuvas Everun EREL10 - Specagra\",\"isPartOf\":{\"@id\":\"https:\\\/\\\/www.specagra.ee\\\/#website\"},\"primaryImageOfPage\":{\"@id\":\"https:\\\/\\\/www.specagra.ee\\\/?product=elektrinis-krautuvas-everun-erel10#primaryimage\"},\"image\":{\"@id\":\"https:\\\/\\\/www.specagra.ee\\\/?product=elektrinis-krautuvas-everun-erel10#primaryimage\"},\"thumbnailUrl\":\"https:\\\/\\\/www.specagra.ee\\\/wp-content\\\/uploads\\\/2023\\\/10\\\/Leader-PF-2.33-Plus.jpg\",\"datePublished\":\"2023-10-26T08:01:56+00:00\",\"dateModified\":\"2023-10-26T08:37:15+00:00\",\"breadcrumb\":{\"@id\":\"https:\\\/\\\/www.specagra.ee\\\/?product=elektrinis-krautuvas-everun-erel10#breadcrumb\"},\"inLanguage\":\"et\",\"potentialAction\":[{\"@type\":\"ReadAction\",\"target\":[\"https:\\\/\\\/www.specagra.ee\\\/?product=elektrinis-krautuvas-everun-erel10\"]}]},{\"@type\":\"ImageObject\",\"inLanguage\":\"et\",\"@id\":\"https:\\\/\\\/www.specagra.ee\\\/?product=elektrinis-krautuvas-everun-erel10#primaryimage\",\"url\":\"https:\\\/\\\/www.specagra.ee\\\/wp-content\\\/uploads\\\/2023\\\/10\\\/Leader-PF-2.33-Plus.jpg\",\"contentUrl\":\"https:\\\/\\\/www.specagra.ee\\\/wp-content\\\/uploads\\\/2023\\\/10\\\/Leader-PF-2.33-Plus.jpg\",\"width\":896,\"height\":503,\"caption\":\"Elektrinis krautuvas Everun EREL10\"},{\"@type\":\"BreadcrumbList\",\"@id\":\"https:\\\/\\\/www.specagra.ee\\\/?product=elektrinis-krautuvas-everun-erel10#breadcrumb\",\"itemListElement\":[{\"@type\":\"ListItem\",\"position\":1,\"name\":\"Home\",\"item\":\"https:\\\/\\\/www.specagra.ee\\\/\"},{\"@type\":\"ListItem\",\"position\":2,\"name\":\"P\u00f5llumajandustehnika ja loomakasvatus\",\"item\":\"https:\\\/\\\/www.specagra.ee\\\/?page_id=18493\"},{\"@type\":\"ListItem\",\"position\":3,\"name\":\"Elektrinis krautuvas Everun EREL10\"}]},{\"@type\":\"WebSite\",\"@id\":\"https:\\\/\\\/www.specagra.ee\\\/#website\",\"url\":\"https:\\\/\\\/www.specagra.ee\\\/\",\"name\":\"Specagra\",\"description\":\"P\u00f5llumajandustehnika ja varuosad\",\"publisher\":{\"@id\":\"https:\\\/\\\/www.specagra.ee\\\/#organization\"},\"potentialAction\":[{\"@type\":\"SearchAction\",\"target\":{\"@type\":\"EntryPoint\",\"urlTemplate\":\"https:\\\/\\\/www.specagra.ee\\\/?s={search_term_string}\"},\"query-input\":{\"@type\":\"PropertyValueSpecification\",\"valueRequired\":true,\"valueName\":\"search_term_string\"}}],\"inLanguage\":\"et\"},{\"@type\":\"Organization\",\"@id\":\"https:\\\/\\\/www.specagra.ee\\\/#organization\",\"name\":\"UAB Specagra\",\"url\":\"https:\\\/\\\/www.specagra.ee\\\/\",\"logo\":{\"@type\":\"ImageObject\",\"inLanguage\":\"et\",\"@id\":\"https:\\\/\\\/www.specagra.ee\\\/#\\\/schema\\\/logo\\\/image\\\/\",\"url\":\"http:\\\/\\\/www.specagra.ee\\\/wp-content\\\/uploads\\\/2022\\\/02\\\/SP-logo_naujas-scaled.jpg\",\"contentUrl\":\"http:\\\/\\\/www.specagra.ee\\\/wp-content\\\/uploads\\\/2022\\\/02\\\/SP-logo_naujas-scaled.jpg\",\"width\":2560,\"height\":326,\"caption\":\"UAB Specagra\"},\"image\":{\"@id\":\"https:\\\/\\\/www.specagra.ee\\\/#\\\/schema\\\/logo\\\/image\\\/\"}}]}<\/script>\n<!-- \/ Yoast SEO plugin. -->","yoast_head_json":{"title":"Elektrinis krautuvas Everun EREL10 - Specagra","robots":{"index":"index","follow":"follow","max-snippet":"max-snippet:-1","max-image-preview":"max-image-preview:large","max-video-preview":"max-video-preview:-1"},"canonical":"https:\/\/www.specagra.ee\/?product=elektrinis-krautuvas-everun-erel10","og_locale":"et_EE","og_type":"article","og_title":"Elektrinis krautuvas Everun EREL10 - Specagra","og_description":"Bendrosios savyb\u0117s: I\u0161laikytas CE kokyb\u0117s sertifikatas. Standartin\u0117 konfig\u016bracija su Quick Hitch (greitu prijungimu) ir Electric Joystick (elektrine svirtimi), d\u0117l \u0161i\u0173 privalumo \u0161is krautuvas\u00a0 lengviau valdomas. Neprivaloma nuolatin\u0117s srov\u0117s akumuliatori\u0173 sistema ir kintamosios srov\u0117s akumuliatori\u0173 sistema su nuline tar\u0161a. Ma\u017eas dydis tod\u0117l galima dirbti ma\u017eoje ribotoje erdv\u0117je. Lengvesniems \u016bkio darbams pakankama 1000 kg keliamoji galia. Daugyb\u0117 [&hellip;]","og_url":"https:\/\/www.specagra.ee\/?product=elektrinis-krautuvas-everun-erel10","og_site_name":"Specagra","article_modified_time":"2023-10-26T08:37:15+00:00","og_image":[{"width":896,"height":503,"url":"https:\/\/www.specagra.ee\/wp-content\/uploads\/2023\/10\/Leader-PF-2.33-Plus.jpg","type":"image\/jpeg"}],"twitter_card":"summary_large_image","twitter_misc":{"Est. reading time":"1 minut"},"schema":{"@context":"https:\/\/schema.org","@graph":[{"@type":"WebPage","@id":"https:\/\/www.specagra.ee\/?product=elektrinis-krautuvas-everun-erel10","url":"https:\/\/www.specagra.ee\/?product=elektrinis-krautuvas-everun-erel10","name":"Elektrinis krautuvas Everun EREL10 - Specagra","isPartOf":{"@id":"https:\/\/www.specagra.ee\/#website"},"primaryImageOfPage":{"@id":"https:\/\/www.specagra.ee\/?product=elektrinis-krautuvas-everun-erel10#primaryimage"},"image":{"@id":"https:\/\/www.specagra.ee\/?product=elektrinis-krautuvas-everun-erel10#primaryimage"},"thumbnailUrl":"https:\/\/www.specagra.ee\/wp-content\/uploads\/2023\/10\/Leader-PF-2.33-Plus.jpg","datePublished":"2023-10-26T08:01:56+00:00","dateModified":"2023-10-26T08:37:15+00:00","breadcrumb":{"@id":"https:\/\/www.specagra.ee\/?product=elektrinis-krautuvas-everun-erel10#breadcrumb"},"inLanguage":"et","potentialAction":[{"@type":"ReadAction","target":["https:\/\/www.specagra.ee\/?product=elektrinis-krautuvas-everun-erel10"]}]},{"@type":"ImageObject","inLanguage":"et","@id":"https:\/\/www.specagra.ee\/?product=elektrinis-krautuvas-everun-erel10#primaryimage","url":"https:\/\/www.specagra.ee\/wp-content\/uploads\/2023\/10\/Leader-PF-2.33-Plus.jpg","contentUrl":"https:\/\/www.specagra.ee\/wp-content\/uploads\/2023\/10\/Leader-PF-2.33-Plus.jpg","width":896,"height":503,"caption":"Elektrinis krautuvas Everun EREL10"},{"@type":"BreadcrumbList","@id":"https:\/\/www.specagra.ee\/?product=elektrinis-krautuvas-everun-erel10#breadcrumb","itemListElement":[{"@type":"ListItem","position":1,"name":"Home","item":"https:\/\/www.specagra.ee\/"},{"@type":"ListItem","position":2,"name":"P\u00f5llumajandustehnika ja loomakasvatus","item":"https:\/\/www.specagra.ee\/?page_id=18493"},{"@type":"ListItem","position":3,"name":"Elektrinis krautuvas Everun EREL10"}]},{"@type":"WebSite","@id":"https:\/\/www.specagra.ee\/#website","url":"https:\/\/www.specagra.ee\/","name":"Specagra","description":"P\u00f5llumajandustehnika ja varuosad","publisher":{"@id":"https:\/\/www.specagra.ee\/#organization"},"potentialAction":[{"@type":"SearchAction","target":{"@type":"EntryPoint","urlTemplate":"https:\/\/www.specagra.ee\/?s={search_term_string}"},"query-input":{"@type":"PropertyValueSpecification","valueRequired":true,"valueName":"search_term_string"}}],"inLanguage":"et"},{"@type":"Organization","@id":"https:\/\/www.specagra.ee\/#organization","name":"UAB Specagra","url":"https:\/\/www.specagra.ee\/","logo":{"@type":"ImageObject","inLanguage":"et","@id":"https:\/\/www.specagra.ee\/#\/schema\/logo\/image\/","url":"http:\/\/www.specagra.ee\/wp-content\/uploads\/2022\/02\/SP-logo_naujas-scaled.jpg","contentUrl":"http:\/\/www.specagra.ee\/wp-content\/uploads\/2022\/02\/SP-logo_naujas-scaled.jpg","width":2560,"height":326,"caption":"UAB Specagra"},"image":{"@id":"https:\/\/www.specagra.ee\/#\/schema\/logo\/image\/"}}]}},"_links":{"self":[{"href":"https:\/\/www.specagra.ee\/index.php?rest_route=\/wp\/v2\/product\/33933","targetHints":{"allow":["GET"]}}],"collection":[{"href":"https:\/\/www.specagra.ee\/index.php?rest_route=\/wp\/v2\/product"}],"about":[{"href":"https:\/\/www.specagra.ee\/index.php?rest_route=\/wp\/v2\/types\/product"}],"wp:featuredmedia":[{"embeddable":true,"href":"https:\/\/www.specagra.ee\/index.php?rest_route=\/wp\/v2\/media\/33936"}],"wp:attachment":[{"href":"https:\/\/www.specagra.ee\/index.php?rest_route=%2Fwp%2Fv2%2Fmedia&parent=33933"}],"wp:term":[{"taxonomy":"product_brand","embeddable":true,"href":"https:\/\/www.specagra.ee\/index.php?rest_route=%2Fwp%2Fv2%2Fproduct_brand&post=33933"},{"taxonomy":"product_cat","embeddable":true,"href":"https:\/\/www.specagra.ee\/index.php?rest_route=%2Fwp%2Fv2%2Fproduct_cat&post=33933"},{"taxonomy":"product_tag","embeddable":true,"href":"https:\/\/www.specagra.ee\/index.php?rest_route=%2Fwp%2Fv2%2Fproduct_tag&post=33933"}],"curies":[{"name":"wp","href":"https:\/\/api.w.org\/{rel}","templated":true}]}}