{"id":3351,"date":"2020-06-29T09:43:31","date_gmt":"2020-06-29T11:43:31","guid":{"rendered":"https:\/\/www.specagra.ee.nemokamossvetaines.hostingas.lt\/?post_type=product&#038;p=3351"},"modified":"2022-09-05T05:03:30","modified_gmt":"2022-09-05T07:03:30","slug":"pom-augustow-t450-1","status":"publish","type":"product","link":"https:\/\/www.specagra.ee\/?product=pom-augustow-t450-1","title":{"rendered":"Pneumatinis transporteris T450\/1"},"content":{"rendered":"<p><strong>\u012etraukinatis-i\u0161pu\u010diantis pneumatinis trasporteris Pom Augustow T450\/1<\/strong><\/p>\n<p><b>Standartin\u0117 komplektacija:<\/b><\/p>\n<ul>\n<li><b>\u00a0<\/b><span style=\"font-weight: 400;\">Elastinga poliuretano \u017earna su \u012fsiurbimo antgaliu ir s\u0105var\u017ea<\/span><\/li>\n<li><span style=\"font-weight: 400;\">\u00a0Vamzdis\u00a0 2 m + s\u0105var\u017ea<\/span><\/li>\n<li><span style=\"font-weight: 400;\">\u00a0Alk\u016bn\u0117 90 + s\u0105var\u017ea.<\/span><\/li>\n<\/ul>\n<p>Papildoma komplektacija:<\/p>\n<ul>\n<li>Prailginimo vamzdis \u00f8 160 2 m cinkuotas<\/li>\n<li>Prailginimo vamzdis \u00f8 160 1m cinkuotas<\/li>\n<li>Prailginimo vamzdis \u00f8 160 0,5 m<\/li>\n<li>\u00a0Prailginimo vamzdis \u00f8 160 0,3 m<\/li>\n<li>\u00a0Alk\u016bn\u0117 90<\/li>\n<li>\u00a0Alk\u016bn\u0117 60<\/li>\n<li>\u00a0Alk\u016bn\u0117 45<\/li>\n<li>\u00a0Alk\u016bn\u0117 30<\/li>\n<li>\u00a0Alk\u016bn\u0117 15<\/li>\n<li>S\u0105var\u017ea \u00f8 160<\/li>\n<li>Metalin\u0117 \u012fsiurbimo prailginimo \u017earna 2,5m su antgliais<\/li>\n<li>Lanksti \u017earna PVX 1m.<\/li>\n<\/ul>\n<p>&nbsp;<\/p>\n","protected":false},"excerpt":{"rendered":"<p>\u012etraukinatis-i\u0161pu\u010diantis pneumatinis trasporteris Pom Augustow T450\/1 Standartin\u0117 komplektacija: \u00a0Elastinga poliuretano \u017earna su \u012fsiurbimo antgaliu ir s\u0105var\u017ea \u00a0Vamzdis\u00a0 2 m + s\u0105var\u017ea \u00a0Alk\u016bn\u0117 90 + s\u0105var\u017ea. Papildoma komplektacija: Prailginimo vamzdis \u00f8 160 2 m cinkuotas Prailginimo vamzdis \u00f8 160 1m cinkuotas Prailginimo vamzdis \u00f8 160 0,5 m \u00a0Prailginimo vamzdis \u00f8 160 0,3 m \u00a0Alk\u016bn\u0117 90 \u00a0Alk\u016bn\u0117 [&hellip;]<\/p>\n","protected":false},"featured_media":18363,"template":"","meta":{"_et_pb_use_builder":"","_et_pb_old_content":"","_et_gb_content_width":""},"product_brand":[],"product_cat":[70],"product_tag":[],"class_list":{"0":"post-3351","1":"product","2":"type-product","3":"status-publish","4":"has-post-thumbnail","6":"product_cat-uhendatavad-traktori-jouvotuvolliga","8":"first","9":"instock","10":"shipping-taxable","11":"product-type-simple"},"yoast_head":"<!-- This site is optimized with the Yoast SEO plugin v26.4 - https:\/\/yoast.com\/wordpress\/plugins\/seo\/ -->\n<title>Pneumatinis transporteris T450\/1 - Specagra<\/title>\n<meta name=\"robots\" content=\"index, follow, max-snippet:-1, max-image-preview:large, max-video-preview:-1\" \/>\n<link rel=\"canonical\" href=\"https:\/\/www.specagra.ee\/?product=pom-augustow-t450-1\" \/>\n<meta property=\"og:locale\" content=\"et_EE\" \/>\n<meta property=\"og:type\" content=\"article\" \/>\n<meta property=\"og:title\" content=\"Pneumatinis transporteris T450\/1 - Specagra\" \/>\n<meta property=\"og:description\" content=\"\u012etraukinatis-i\u0161pu\u010diantis pneumatinis trasporteris Pom Augustow T450\/1 Standartin\u0117 komplektacija: \u00a0Elastinga poliuretano \u017earna su \u012fsiurbimo antgaliu ir s\u0105var\u017ea \u00a0Vamzdis\u00a0 2 m + s\u0105var\u017ea \u00a0Alk\u016bn\u0117 90 + s\u0105var\u017ea. Papildoma komplektacija: Prailginimo vamzdis \u00f8 160 2 m cinkuotas Prailginimo vamzdis \u00f8 160 1m cinkuotas Prailginimo vamzdis \u00f8 160 0,5 m \u00a0Prailginimo vamzdis \u00f8 160 0,3 m \u00a0Alk\u016bn\u0117 90 \u00a0Alk\u016bn\u0117 [&hellip;]\" \/>\n<meta property=\"og:url\" content=\"https:\/\/www.specagra.ee\/?product=pom-augustow-t450-1\" \/>\n<meta property=\"og:site_name\" content=\"Specagra\" \/>\n<meta property=\"article:modified_time\" content=\"2022-09-05T07:03:30+00:00\" \/>\n<meta property=\"og:image\" content=\"https:\/\/www.specagra.ee\/wp-content\/uploads\/2020\/06\/Copy-of-0203139731-1280-\u00d7-720-px-896-\u00d7-503-px61.jpg\" \/>\n\t<meta property=\"og:image:width\" content=\"896\" \/>\n\t<meta property=\"og:image:height\" content=\"503\" \/>\n\t<meta property=\"og:image:type\" content=\"image\/jpeg\" \/>\n<meta name=\"twitter:card\" content=\"summary_large_image\" \/>\n<script type=\"application\/ld+json\" class=\"yoast-schema-graph\">{\"@context\":\"https:\/\/schema.org\",\"@graph\":[{\"@type\":\"WebPage\",\"@id\":\"https:\/\/www.specagra.ee\/?product=pom-augustow-t450-1\",\"url\":\"https:\/\/www.specagra.ee\/?product=pom-augustow-t450-1\",\"name\":\"Pneumatinis transporteris T450\/1 - Specagra\",\"isPartOf\":{\"@id\":\"https:\/\/www.specagra.ee\/#website\"},\"primaryImageOfPage\":{\"@id\":\"https:\/\/www.specagra.ee\/?product=pom-augustow-t450-1#primaryimage\"},\"image\":{\"@id\":\"https:\/\/www.specagra.ee\/?product=pom-augustow-t450-1#primaryimage\"},\"thumbnailUrl\":\"https:\/\/specagra.ee\/wp-content\/uploads\/2020\/06\/Copy-of-0203139731-1280-\u00d7-720-px-896-\u00d7-503-px61.jpg\",\"datePublished\":\"2020-06-29T11:43:31+00:00\",\"dateModified\":\"2022-09-05T07:03:30+00:00\",\"breadcrumb\":{\"@id\":\"https:\/\/www.specagra.ee\/?product=pom-augustow-t450-1#breadcrumb\"},\"inLanguage\":\"et\",\"potentialAction\":[{\"@type\":\"ReadAction\",\"target\":[\"https:\/\/www.specagra.ee\/?product=pom-augustow-t450-1\"]}]},{\"@type\":\"ImageObject\",\"inLanguage\":\"et\",\"@id\":\"https:\/\/www.specagra.ee\/?product=pom-augustow-t450-1#primaryimage\",\"url\":\"https:\/\/specagra.ee\/wp-content\/uploads\/2020\/06\/Copy-of-0203139731-1280-\u00d7-720-px-896-\u00d7-503-px61.jpg\",\"contentUrl\":\"https:\/\/specagra.ee\/wp-content\/uploads\/2020\/06\/Copy-of-0203139731-1280-\u00d7-720-px-896-\u00d7-503-px61.jpg\",\"width\":896,\"height\":503,\"caption\":\"Pneumatinis transporteris T450\/1\"},{\"@type\":\"BreadcrumbList\",\"@id\":\"https:\/\/www.specagra.ee\/?product=pom-augustow-t450-1#breadcrumb\",\"itemListElement\":[{\"@type\":\"ListItem\",\"position\":1,\"name\":\"Home\",\"item\":\"https:\/\/www.specagra.ee\/\"},{\"@type\":\"ListItem\",\"position\":2,\"name\":\"P\u00f5llumajandustehnika ja loomakasvatus\",\"item\":\"https:\/\/specagra.ee\/?page_id=18493\"},{\"@type\":\"ListItem\",\"position\":3,\"name\":\"Pneumatinis transporteris T450\/1\"}]},{\"@type\":\"WebSite\",\"@id\":\"https:\/\/www.specagra.ee\/#website\",\"url\":\"https:\/\/www.specagra.ee\/\",\"name\":\"Specagra\",\"description\":\"P\u00f5llumajandustehnika ja varuosad\",\"publisher\":{\"@id\":\"https:\/\/www.specagra.ee\/#organization\"},\"potentialAction\":[{\"@type\":\"SearchAction\",\"target\":{\"@type\":\"EntryPoint\",\"urlTemplate\":\"https:\/\/www.specagra.ee\/?s={search_term_string}\"},\"query-input\":{\"@type\":\"PropertyValueSpecification\",\"valueRequired\":true,\"valueName\":\"search_term_string\"}}],\"inLanguage\":\"et\"},{\"@type\":\"Organization\",\"@id\":\"https:\/\/www.specagra.ee\/#organization\",\"name\":\"UAB Specagra\",\"url\":\"https:\/\/www.specagra.ee\/\",\"logo\":{\"@type\":\"ImageObject\",\"inLanguage\":\"et\",\"@id\":\"https:\/\/www.specagra.ee\/#\/schema\/logo\/image\/\",\"url\":\"http:\/\/www.specagra.ee\/wp-content\/uploads\/2022\/02\/SP-logo_naujas-scaled.jpg\",\"contentUrl\":\"http:\/\/www.specagra.ee\/wp-content\/uploads\/2022\/02\/SP-logo_naujas-scaled.jpg\",\"width\":2560,\"height\":326,\"caption\":\"UAB Specagra\"},\"image\":{\"@id\":\"https:\/\/www.specagra.ee\/#\/schema\/logo\/image\/\"}}]}<\/script>\n<!-- \/ Yoast SEO plugin. -->","yoast_head_json":{"title":"Pneumatinis transporteris T450\/1 - Specagra","robots":{"index":"index","follow":"follow","max-snippet":"max-snippet:-1","max-image-preview":"max-image-preview:large","max-video-preview":"max-video-preview:-1"},"canonical":"https:\/\/www.specagra.ee\/?product=pom-augustow-t450-1","og_locale":"et_EE","og_type":"article","og_title":"Pneumatinis transporteris T450\/1 - Specagra","og_description":"\u012etraukinatis-i\u0161pu\u010diantis pneumatinis trasporteris Pom Augustow T450\/1 Standartin\u0117 komplektacija: \u00a0Elastinga poliuretano \u017earna su \u012fsiurbimo antgaliu ir s\u0105var\u017ea \u00a0Vamzdis\u00a0 2 m + s\u0105var\u017ea \u00a0Alk\u016bn\u0117 90 + s\u0105var\u017ea. Papildoma komplektacija: Prailginimo vamzdis \u00f8 160 2 m cinkuotas Prailginimo vamzdis \u00f8 160 1m cinkuotas Prailginimo vamzdis \u00f8 160 0,5 m \u00a0Prailginimo vamzdis \u00f8 160 0,3 m \u00a0Alk\u016bn\u0117 90 \u00a0Alk\u016bn\u0117 [&hellip;]","og_url":"https:\/\/www.specagra.ee\/?product=pom-augustow-t450-1","og_site_name":"Specagra","article_modified_time":"2022-09-05T07:03:30+00:00","og_image":[{"width":896,"height":503,"url":"https:\/\/www.specagra.ee\/wp-content\/uploads\/2020\/06\/Copy-of-0203139731-1280-\u00d7-720-px-896-\u00d7-503-px61.jpg","type":"image\/jpeg"}],"twitter_card":"summary_large_image","schema":{"@context":"https:\/\/schema.org","@graph":[{"@type":"WebPage","@id":"https:\/\/www.specagra.ee\/?product=pom-augustow-t450-1","url":"https:\/\/www.specagra.ee\/?product=pom-augustow-t450-1","name":"Pneumatinis transporteris T450\/1 - Specagra","isPartOf":{"@id":"https:\/\/www.specagra.ee\/#website"},"primaryImageOfPage":{"@id":"https:\/\/www.specagra.ee\/?product=pom-augustow-t450-1#primaryimage"},"image":{"@id":"https:\/\/www.specagra.ee\/?product=pom-augustow-t450-1#primaryimage"},"thumbnailUrl":"https:\/\/specagra.ee\/wp-content\/uploads\/2020\/06\/Copy-of-0203139731-1280-\u00d7-720-px-896-\u00d7-503-px61.jpg","datePublished":"2020-06-29T11:43:31+00:00","dateModified":"2022-09-05T07:03:30+00:00","breadcrumb":{"@id":"https:\/\/www.specagra.ee\/?product=pom-augustow-t450-1#breadcrumb"},"inLanguage":"et","potentialAction":[{"@type":"ReadAction","target":["https:\/\/www.specagra.ee\/?product=pom-augustow-t450-1"]}]},{"@type":"ImageObject","inLanguage":"et","@id":"https:\/\/www.specagra.ee\/?product=pom-augustow-t450-1#primaryimage","url":"https:\/\/specagra.ee\/wp-content\/uploads\/2020\/06\/Copy-of-0203139731-1280-\u00d7-720-px-896-\u00d7-503-px61.jpg","contentUrl":"https:\/\/specagra.ee\/wp-content\/uploads\/2020\/06\/Copy-of-0203139731-1280-\u00d7-720-px-896-\u00d7-503-px61.jpg","width":896,"height":503,"caption":"Pneumatinis transporteris T450\/1"},{"@type":"BreadcrumbList","@id":"https:\/\/www.specagra.ee\/?product=pom-augustow-t450-1#breadcrumb","itemListElement":[{"@type":"ListItem","position":1,"name":"Home","item":"https:\/\/www.specagra.ee\/"},{"@type":"ListItem","position":2,"name":"P\u00f5llumajandustehnika ja loomakasvatus","item":"https:\/\/specagra.ee\/?page_id=18493"},{"@type":"ListItem","position":3,"name":"Pneumatinis transporteris T450\/1"}]},{"@type":"WebSite","@id":"https:\/\/www.specagra.ee\/#website","url":"https:\/\/www.specagra.ee\/","name":"Specagra","description":"P\u00f5llumajandustehnika ja varuosad","publisher":{"@id":"https:\/\/www.specagra.ee\/#organization"},"potentialAction":[{"@type":"SearchAction","target":{"@type":"EntryPoint","urlTemplate":"https:\/\/www.specagra.ee\/?s={search_term_string}"},"query-input":{"@type":"PropertyValueSpecification","valueRequired":true,"valueName":"search_term_string"}}],"inLanguage":"et"},{"@type":"Organization","@id":"https:\/\/www.specagra.ee\/#organization","name":"UAB Specagra","url":"https:\/\/www.specagra.ee\/","logo":{"@type":"ImageObject","inLanguage":"et","@id":"https:\/\/www.specagra.ee\/#\/schema\/logo\/image\/","url":"http:\/\/www.specagra.ee\/wp-content\/uploads\/2022\/02\/SP-logo_naujas-scaled.jpg","contentUrl":"http:\/\/www.specagra.ee\/wp-content\/uploads\/2022\/02\/SP-logo_naujas-scaled.jpg","width":2560,"height":326,"caption":"UAB Specagra"},"image":{"@id":"https:\/\/www.specagra.ee\/#\/schema\/logo\/image\/"}}]}},"_links":{"self":[{"href":"https:\/\/www.specagra.ee\/index.php?rest_route=\/wp\/v2\/product\/3351","targetHints":{"allow":["GET"]}}],"collection":[{"href":"https:\/\/www.specagra.ee\/index.php?rest_route=\/wp\/v2\/product"}],"about":[{"href":"https:\/\/www.specagra.ee\/index.php?rest_route=\/wp\/v2\/types\/product"}],"wp:featuredmedia":[{"embeddable":true,"href":"https:\/\/www.specagra.ee\/index.php?rest_route=\/wp\/v2\/media\/18363"}],"wp:attachment":[{"href":"https:\/\/www.specagra.ee\/index.php?rest_route=%2Fwp%2Fv2%2Fmedia&parent=3351"}],"wp:term":[{"taxonomy":"product_brand","embeddable":true,"href":"https:\/\/www.specagra.ee\/index.php?rest_route=%2Fwp%2Fv2%2Fproduct_brand&post=3351"},{"taxonomy":"product_cat","embeddable":true,"href":"https:\/\/www.specagra.ee\/index.php?rest_route=%2Fwp%2Fv2%2Fproduct_cat&post=3351"},{"taxonomy":"product_tag","embeddable":true,"href":"https:\/\/www.specagra.ee\/index.php?rest_route=%2Fwp%2Fv2%2Fproduct_tag&post=3351"}],"curies":[{"name":"wp","href":"https:\/\/api.w.org\/{rel}","templated":true}]}}