{"id":3344,"date":"2020-06-29T09:35:10","date_gmt":"2020-06-29T11:35:10","guid":{"rendered":"https:\/\/www.specagra.ee.nemokamossvetaines.hostingas.lt\/?post_type=product&#038;p=3344"},"modified":"2022-09-05T11:37:07","modified_gmt":"2022-09-05T13:37:07","slug":"sraigtiniai-trasporteriai-su-hidrauline-pavara-t206-5-t458-t461","status":"publish","type":"product","link":"https:\/\/www.specagra.ee\/?product=sraigtiniai-trasporteriai-su-hidrauline-pavara-t206-5-t458-t461","title":{"rendered":"Sraigtinis transporteris montuojamas ant priekabos T461"},"content":{"rendered":"<p><strong>Standartin\u0117 komplektacija:<\/strong><\/p>\n<ul>\n<li>Transporterio diametras 200 mm;<\/li>\n<li>Darbinis ilgis 4.8 m;<\/li>\n<li>Na\u0161umas iki 35 t\/h;<\/li>\n<li>Reikalingas hidraulinio siurblio na\u0161umas 20-40 ltr\/min;<\/li>\n<li>Transportavimui sulankstomas hidrauli\u0161kai;<\/li>\n<li>Hidraulin\u0117s \u017earnos, tvirtinimo elementai;<\/li>\n<li>Da\u017eytas raudona spalva;<\/li>\n<\/ul>\n<p><strong>Papildoma komplektacija:<\/strong><\/p>\n<ul>\n<li>Sraigtinis tiektuvas : na\u0161umas iki 50 t\/h ; diametras 180 mm ; reikalingas hidraulinio siurblio na\u0161umas 55-75 ltr\/min;<\/li>\n<li>U\u017ekrovimo kau\u0161as : na\u0161umas iki 50 t\/h ; sraigto diametras 200 mm ; kau\u0161o talpa 1,5 m3 ; reikalingas hidraulinio siurblio na\u0161umas 20-40 ltr\/min;<\/li>\n<li>Lanksti i\u0161pylimo \u017earna;<\/li>\n<\/ul>\n","protected":false},"excerpt":{"rendered":"<p>Standartin\u0117 komplektacija: Transporterio diametras 200 mm; Darbinis ilgis 4.8 m; Na\u0161umas iki 35 t\/h; Reikalingas hidraulinio siurblio na\u0161umas 20-40 ltr\/min; Transportavimui sulankstomas hidrauli\u0161kai; Hidraulin\u0117s \u017earnos, tvirtinimo elementai; Da\u017eytas raudona spalva; Papildoma komplektacija: Sraigtinis tiektuvas : na\u0161umas iki 50 t\/h ; diametras 180 mm ; reikalingas hidraulinio siurblio na\u0161umas 55-75 ltr\/min; U\u017ekrovimo kau\u0161as : na\u0161umas iki [&hellip;]<\/p>\n","protected":false},"featured_media":18402,"template":"","meta":{"_et_pb_use_builder":"","_et_pb_old_content":"","_et_gb_content_width":""},"product_brand":[],"product_cat":[66,218],"product_tag":[],"class_list":{"0":"post-3344","1":"product","2":"type-product","3":"status-publish","4":"has-post-thumbnail","6":"product_cat-teravilja-transportimine","7":"product_cat-tigulaadurid","9":"first","10":"instock","11":"shipping-taxable","12":"product-type-simple"},"yoast_head":"<!-- This site is optimized with the Yoast SEO plugin v26.4 - https:\/\/yoast.com\/wordpress\/plugins\/seo\/ -->\n<title>Sraigtinis transporteris montuojamas ant priekabos T461 - Specagra<\/title>\n<meta name=\"robots\" content=\"index, follow, max-snippet:-1, max-image-preview:large, max-video-preview:-1\" \/>\n<link rel=\"canonical\" href=\"https:\/\/www.specagra.ee\/?product=sraigtiniai-trasporteriai-su-hidrauline-pavara-t206-5-t458-t461\" \/>\n<meta property=\"og:locale\" content=\"et_EE\" \/>\n<meta property=\"og:type\" content=\"article\" \/>\n<meta property=\"og:title\" content=\"Sraigtinis transporteris montuojamas ant priekabos T461 - Specagra\" \/>\n<meta property=\"og:description\" content=\"Standartin\u0117 komplektacija: Transporterio diametras 200 mm; Darbinis ilgis 4.8 m; Na\u0161umas iki 35 t\/h; Reikalingas hidraulinio siurblio na\u0161umas 20-40 ltr\/min; Transportavimui sulankstomas hidrauli\u0161kai; Hidraulin\u0117s \u017earnos, tvirtinimo elementai; Da\u017eytas raudona spalva; Papildoma komplektacija: Sraigtinis tiektuvas : na\u0161umas iki 50 t\/h ; diametras 180 mm ; reikalingas hidraulinio siurblio na\u0161umas 55-75 ltr\/min; U\u017ekrovimo kau\u0161as : na\u0161umas iki [&hellip;]\" \/>\n<meta property=\"og:url\" content=\"https:\/\/www.specagra.ee\/?product=sraigtiniai-trasporteriai-su-hidrauline-pavara-t206-5-t458-t461\" \/>\n<meta property=\"og:site_name\" content=\"Specagra\" \/>\n<meta property=\"article:modified_time\" content=\"2022-09-05T13:37:07+00:00\" \/>\n<meta property=\"og:image\" content=\"https:\/\/www.specagra.ee\/wp-content\/uploads\/2020\/06\/Copy-of-0203139731-1280-\u00d7-720-px-896-\u00d7-503-px82.jpg\" \/>\n\t<meta property=\"og:image:width\" content=\"896\" \/>\n\t<meta property=\"og:image:height\" content=\"503\" \/>\n\t<meta property=\"og:image:type\" content=\"image\/jpeg\" \/>\n<meta name=\"twitter:card\" content=\"summary_large_image\" \/>\n<script type=\"application\/ld+json\" class=\"yoast-schema-graph\">{\"@context\":\"https:\/\/schema.org\",\"@graph\":[{\"@type\":\"WebPage\",\"@id\":\"https:\/\/www.specagra.ee\/?product=sraigtiniai-trasporteriai-su-hidrauline-pavara-t206-5-t458-t461\",\"url\":\"https:\/\/www.specagra.ee\/?product=sraigtiniai-trasporteriai-su-hidrauline-pavara-t206-5-t458-t461\",\"name\":\"Sraigtinis transporteris montuojamas ant priekabos T461 - Specagra\",\"isPartOf\":{\"@id\":\"https:\/\/www.specagra.ee\/#website\"},\"primaryImageOfPage\":{\"@id\":\"https:\/\/www.specagra.ee\/?product=sraigtiniai-trasporteriai-su-hidrauline-pavara-t206-5-t458-t461#primaryimage\"},\"image\":{\"@id\":\"https:\/\/www.specagra.ee\/?product=sraigtiniai-trasporteriai-su-hidrauline-pavara-t206-5-t458-t461#primaryimage\"},\"thumbnailUrl\":\"https:\/\/www.specagra.ee\/wp-content\/uploads\/2020\/06\/Copy-of-0203139731-1280-\u00d7-720-px-896-\u00d7-503-px82.jpg\",\"datePublished\":\"2020-06-29T11:35:10+00:00\",\"dateModified\":\"2022-09-05T13:37:07+00:00\",\"breadcrumb\":{\"@id\":\"https:\/\/www.specagra.ee\/?product=sraigtiniai-trasporteriai-su-hidrauline-pavara-t206-5-t458-t461#breadcrumb\"},\"inLanguage\":\"et\",\"potentialAction\":[{\"@type\":\"ReadAction\",\"target\":[\"https:\/\/www.specagra.ee\/?product=sraigtiniai-trasporteriai-su-hidrauline-pavara-t206-5-t458-t461\"]}]},{\"@type\":\"ImageObject\",\"inLanguage\":\"et\",\"@id\":\"https:\/\/www.specagra.ee\/?product=sraigtiniai-trasporteriai-su-hidrauline-pavara-t206-5-t458-t461#primaryimage\",\"url\":\"https:\/\/www.specagra.ee\/wp-content\/uploads\/2020\/06\/Copy-of-0203139731-1280-\u00d7-720-px-896-\u00d7-503-px82.jpg\",\"contentUrl\":\"https:\/\/www.specagra.ee\/wp-content\/uploads\/2020\/06\/Copy-of-0203139731-1280-\u00d7-720-px-896-\u00d7-503-px82.jpg\",\"width\":896,\"height\":503,\"caption\":\"Sraigtinis transporteris montuojamas ant priekabos T461\"},{\"@type\":\"BreadcrumbList\",\"@id\":\"https:\/\/www.specagra.ee\/?product=sraigtiniai-trasporteriai-su-hidrauline-pavara-t206-5-t458-t461#breadcrumb\",\"itemListElement\":[{\"@type\":\"ListItem\",\"position\":1,\"name\":\"Home\",\"item\":\"https:\/\/www.specagra.ee\/\"},{\"@type\":\"ListItem\",\"position\":2,\"name\":\"P\u00f5llumajandustehnika ja loomakasvatus\",\"item\":\"https:\/\/specagra.ee\/?page_id=18493\"},{\"@type\":\"ListItem\",\"position\":3,\"name\":\"Sraigtinis transporteris montuojamas ant priekabos T461\"}]},{\"@type\":\"WebSite\",\"@id\":\"https:\/\/www.specagra.ee\/#website\",\"url\":\"https:\/\/www.specagra.ee\/\",\"name\":\"Specagra\",\"description\":\"P\u00f5llumajandustehnika ja varuosad\",\"publisher\":{\"@id\":\"https:\/\/www.specagra.ee\/#organization\"},\"potentialAction\":[{\"@type\":\"SearchAction\",\"target\":{\"@type\":\"EntryPoint\",\"urlTemplate\":\"https:\/\/www.specagra.ee\/?s={search_term_string}\"},\"query-input\":{\"@type\":\"PropertyValueSpecification\",\"valueRequired\":true,\"valueName\":\"search_term_string\"}}],\"inLanguage\":\"et\"},{\"@type\":\"Organization\",\"@id\":\"https:\/\/www.specagra.ee\/#organization\",\"name\":\"UAB Specagra\",\"url\":\"https:\/\/www.specagra.ee\/\",\"logo\":{\"@type\":\"ImageObject\",\"inLanguage\":\"et\",\"@id\":\"https:\/\/www.specagra.ee\/#\/schema\/logo\/image\/\",\"url\":\"http:\/\/www.specagra.ee\/wp-content\/uploads\/2022\/02\/SP-logo_naujas-scaled.jpg\",\"contentUrl\":\"http:\/\/www.specagra.ee\/wp-content\/uploads\/2022\/02\/SP-logo_naujas-scaled.jpg\",\"width\":2560,\"height\":326,\"caption\":\"UAB Specagra\"},\"image\":{\"@id\":\"https:\/\/www.specagra.ee\/#\/schema\/logo\/image\/\"}}]}<\/script>\n<!-- \/ Yoast SEO plugin. -->","yoast_head_json":{"title":"Sraigtinis transporteris montuojamas ant priekabos T461 - Specagra","robots":{"index":"index","follow":"follow","max-snippet":"max-snippet:-1","max-image-preview":"max-image-preview:large","max-video-preview":"max-video-preview:-1"},"canonical":"https:\/\/www.specagra.ee\/?product=sraigtiniai-trasporteriai-su-hidrauline-pavara-t206-5-t458-t461","og_locale":"et_EE","og_type":"article","og_title":"Sraigtinis transporteris montuojamas ant priekabos T461 - Specagra","og_description":"Standartin\u0117 komplektacija: Transporterio diametras 200 mm; Darbinis ilgis 4.8 m; Na\u0161umas iki 35 t\/h; Reikalingas hidraulinio siurblio na\u0161umas 20-40 ltr\/min; Transportavimui sulankstomas hidrauli\u0161kai; Hidraulin\u0117s \u017earnos, tvirtinimo elementai; Da\u017eytas raudona spalva; Papildoma komplektacija: Sraigtinis tiektuvas : na\u0161umas iki 50 t\/h ; diametras 180 mm ; reikalingas hidraulinio siurblio na\u0161umas 55-75 ltr\/min; U\u017ekrovimo kau\u0161as : na\u0161umas iki [&hellip;]","og_url":"https:\/\/www.specagra.ee\/?product=sraigtiniai-trasporteriai-su-hidrauline-pavara-t206-5-t458-t461","og_site_name":"Specagra","article_modified_time":"2022-09-05T13:37:07+00:00","og_image":[{"width":896,"height":503,"url":"https:\/\/www.specagra.ee\/wp-content\/uploads\/2020\/06\/Copy-of-0203139731-1280-\u00d7-720-px-896-\u00d7-503-px82.jpg","type":"image\/jpeg"}],"twitter_card":"summary_large_image","schema":{"@context":"https:\/\/schema.org","@graph":[{"@type":"WebPage","@id":"https:\/\/www.specagra.ee\/?product=sraigtiniai-trasporteriai-su-hidrauline-pavara-t206-5-t458-t461","url":"https:\/\/www.specagra.ee\/?product=sraigtiniai-trasporteriai-su-hidrauline-pavara-t206-5-t458-t461","name":"Sraigtinis transporteris montuojamas ant priekabos T461 - Specagra","isPartOf":{"@id":"https:\/\/www.specagra.ee\/#website"},"primaryImageOfPage":{"@id":"https:\/\/www.specagra.ee\/?product=sraigtiniai-trasporteriai-su-hidrauline-pavara-t206-5-t458-t461#primaryimage"},"image":{"@id":"https:\/\/www.specagra.ee\/?product=sraigtiniai-trasporteriai-su-hidrauline-pavara-t206-5-t458-t461#primaryimage"},"thumbnailUrl":"https:\/\/www.specagra.ee\/wp-content\/uploads\/2020\/06\/Copy-of-0203139731-1280-\u00d7-720-px-896-\u00d7-503-px82.jpg","datePublished":"2020-06-29T11:35:10+00:00","dateModified":"2022-09-05T13:37:07+00:00","breadcrumb":{"@id":"https:\/\/www.specagra.ee\/?product=sraigtiniai-trasporteriai-su-hidrauline-pavara-t206-5-t458-t461#breadcrumb"},"inLanguage":"et","potentialAction":[{"@type":"ReadAction","target":["https:\/\/www.specagra.ee\/?product=sraigtiniai-trasporteriai-su-hidrauline-pavara-t206-5-t458-t461"]}]},{"@type":"ImageObject","inLanguage":"et","@id":"https:\/\/www.specagra.ee\/?product=sraigtiniai-trasporteriai-su-hidrauline-pavara-t206-5-t458-t461#primaryimage","url":"https:\/\/www.specagra.ee\/wp-content\/uploads\/2020\/06\/Copy-of-0203139731-1280-\u00d7-720-px-896-\u00d7-503-px82.jpg","contentUrl":"https:\/\/www.specagra.ee\/wp-content\/uploads\/2020\/06\/Copy-of-0203139731-1280-\u00d7-720-px-896-\u00d7-503-px82.jpg","width":896,"height":503,"caption":"Sraigtinis transporteris montuojamas ant priekabos T461"},{"@type":"BreadcrumbList","@id":"https:\/\/www.specagra.ee\/?product=sraigtiniai-trasporteriai-su-hidrauline-pavara-t206-5-t458-t461#breadcrumb","itemListElement":[{"@type":"ListItem","position":1,"name":"Home","item":"https:\/\/www.specagra.ee\/"},{"@type":"ListItem","position":2,"name":"P\u00f5llumajandustehnika ja loomakasvatus","item":"https:\/\/specagra.ee\/?page_id=18493"},{"@type":"ListItem","position":3,"name":"Sraigtinis transporteris montuojamas ant priekabos T461"}]},{"@type":"WebSite","@id":"https:\/\/www.specagra.ee\/#website","url":"https:\/\/www.specagra.ee\/","name":"Specagra","description":"P\u00f5llumajandustehnika ja varuosad","publisher":{"@id":"https:\/\/www.specagra.ee\/#organization"},"potentialAction":[{"@type":"SearchAction","target":{"@type":"EntryPoint","urlTemplate":"https:\/\/www.specagra.ee\/?s={search_term_string}"},"query-input":{"@type":"PropertyValueSpecification","valueRequired":true,"valueName":"search_term_string"}}],"inLanguage":"et"},{"@type":"Organization","@id":"https:\/\/www.specagra.ee\/#organization","name":"UAB Specagra","url":"https:\/\/www.specagra.ee\/","logo":{"@type":"ImageObject","inLanguage":"et","@id":"https:\/\/www.specagra.ee\/#\/schema\/logo\/image\/","url":"http:\/\/www.specagra.ee\/wp-content\/uploads\/2022\/02\/SP-logo_naujas-scaled.jpg","contentUrl":"http:\/\/www.specagra.ee\/wp-content\/uploads\/2022\/02\/SP-logo_naujas-scaled.jpg","width":2560,"height":326,"caption":"UAB Specagra"},"image":{"@id":"https:\/\/www.specagra.ee\/#\/schema\/logo\/image\/"}}]}},"_links":{"self":[{"href":"https:\/\/www.specagra.ee\/index.php?rest_route=\/wp\/v2\/product\/3344","targetHints":{"allow":["GET"]}}],"collection":[{"href":"https:\/\/www.specagra.ee\/index.php?rest_route=\/wp\/v2\/product"}],"about":[{"href":"https:\/\/www.specagra.ee\/index.php?rest_route=\/wp\/v2\/types\/product"}],"wp:featuredmedia":[{"embeddable":true,"href":"https:\/\/www.specagra.ee\/index.php?rest_route=\/wp\/v2\/media\/18402"}],"wp:attachment":[{"href":"https:\/\/www.specagra.ee\/index.php?rest_route=%2Fwp%2Fv2%2Fmedia&parent=3344"}],"wp:term":[{"taxonomy":"product_brand","embeddable":true,"href":"https:\/\/www.specagra.ee\/index.php?rest_route=%2Fwp%2Fv2%2Fproduct_brand&post=3344"},{"taxonomy":"product_cat","embeddable":true,"href":"https:\/\/www.specagra.ee\/index.php?rest_route=%2Fwp%2Fv2%2Fproduct_cat&post=3344"},{"taxonomy":"product_tag","embeddable":true,"href":"https:\/\/www.specagra.ee\/index.php?rest_route=%2Fwp%2Fv2%2Fproduct_tag&post=3344"}],"curies":[{"name":"wp","href":"https:\/\/api.w.org\/{rel}","templated":true}]}}