{"id":3260,"date":"2020-06-29T06:36:33","date_gmt":"2020-06-29T08:36:33","guid":{"rendered":"https:\/\/www.specagra.ee.nemokamossvetaines.hostingas.lt\/?post_type=product&#038;p=3260"},"modified":"2022-09-09T09:21:58","modified_gmt":"2022-09-09T11:21:58","slug":"srautines-dziovyklos-m2-m6","status":"publish","type":"product","link":"https:\/\/www.specagra.ee\/?product=srautines-dziovyklos-m2-m6","title":{"rendered":"Srautin\u0117s D\u017eiovyklos M2-M6"},"content":{"rendered":"<p><strong>\u0161traukiam\u0173j\u0173 ventiliatori\u0173 sistema:<\/strong><\/p>\n<p>\u0160io tipo d\u017eiovyklose kar\u0161tas oras yra i\u0161traukiamas ventiliatoriais, sumontuotais ant d\u017eiovyklos kolonos. Ventiliatori\u0173 kiekis yra skirtingas priklausomai nuo d\u017eiovyklos kolonos dyd\u017eio.<\/p>\n<p>\u0160ios gr\u016bd\u0173 d\u017eiovyklos pritaikytos gr\u016bd\u0173 srauto tek\u0117jimui per u\u017ekrovimo, d\u017eiovinimo, v\u0117sinimo ir i\u0161krovimo zonas su tikslu pasiekti pageidaujamus gr\u016bd\u0173 parametrus.<\/p>\n<p>Visos \u0161io tipo gr\u016bd\u0173 d\u017eiovyklos yra tinkamos naudoti individualiuose \u016bkiuose, o taipogi \u017eem\u0117s \u016bkio ir maisto pramon\u0117je.<\/p>\n<ul>\n<li>D\u017eiovyklos yra suprojektuotos ir pagamintos Did\u017eiojoje Britanijoje. Gamybai naudojamas pilnai galvanizuoto metalo konstrukcija.<\/li>\n<li>Numatyta galimyb\u0117 sujungti dvi d\u017eiovyklas lygiagre\u010diai, tokiu b\u016bdu pasiekiant d\u017eiovyklos na\u0161um\u0105 iki 150 t\/val.<\/li>\n<li>Vir\u0161utiniai d\u017eiovyklos d\u017eiovinimo loveliai pagaminti i\u0161 3mm storio metalo su tikslu padidinti d\u017eiovyklos ilgaam\u017ei\u0161kum\u0105. d\u017eiovyklos sienel\u0117s pagamintos i\u0161 2 mm storio galvanizuoto metalo.<\/li>\n<li>D\u017eiovyklos ventiliatoriai gali b\u016bti komplektuojami su garso ir dulki\u0173 duslintuvais, j\u0173 montavimas numatytas trimis kryptimis (Statmeniu ir sta\u010diu kampu d\u017eiovyklos \u0161ahtai o taipogi \u012f vir\u0161\u0173).<\/li>\n<li>Gr\u016bd\u0173 d\u017eiovyklos i\u0161krovimo sistema yra valdoma pneumatin\u0117s sistemos. Tai supaprastina d\u017eiovyklos aptarnavim\u0105.<\/li>\n<li>Galimi keletas tiesioginio kaitinimo \u0161ilumos \u0161altini\u0173 pasirinkim\u0173:\n<ul>\n<li>Degimo kamera su LPG arba gamtin\u0117mis dujomis;<\/li>\n<li>Degimo kamera su dyzelinu arba \u017eibalu;<\/li>\n<li>Degimo kamera su biomase arba dvigubu degikliu (veikian\u010diu nuo duj\u0173 ir dyzelino vienu metu).<\/li>\n<\/ul>\n<\/li>\n<\/ul>\n<hr \/>\n<p>Visos \u0161io Did\u017eiosios Britanijos gamintojo, PERRY Engineering, d\u017eiovinimo \u012frenginiai yra komplektuojami su kompiuterine valdymo sistema, valdoma lietimui jautrios panel\u0117s. Tai labai supaprastina visos gr\u016bd\u0173 apdorojimo investicijos valdym\u0105. Lietimui jautri panel\u0117 yra 12 coli\u0173 \u012fstri\u017eain\u0117s, kas lengvai leid\u017eia valdyti visus su darbu susijusius veiksmus. Kadangi pozicija yra kompiuterizuota, galima suvesti atitinkamas kult\u016bras \u012f atmint\u012f. Tokia funkcija supaprastins \u012frangos valdym\u0105 ir suma\u017eins darbo ka\u0161tus (kadangi pagal nustatymus bus automati\u0161kai numatomi \u012frangos veikimo grei\u010diai ir na\u0161umai).<\/p>\n<p><strong>Kompiuterin\u0117s panel\u0117s privalumai, pajungus panel\u0119 prie interneto jungties:<\/strong><\/p>\n<ul>\n<li>Sugeneruotos klaidos yra tiesiogiai siun\u010diamos gamintojui. Tai \u012fgalina numatyti artimiausius aptarnavimo darbus.<\/li>\n<li>Galimyb\u0117 valdyti vis\u0105 proces\u0105 tiesiogiai i\u0161 plan\u0161etinio kompiuterio ar i\u0161maniojo telefono per nemokam\u0105 program\u0117l\u0119.<\/li>\n<li>Gr\u016bd\u0173 dr\u0117gm\u0117s \u012fvestis darbo metu. Kuro s\u0105naud\u0173 skai\u010diuotuvas, D\u017eiovyklos veikimo procijiniu r\u0117\u017eimu valdymas.<\/li>\n<\/ul>\n","protected":false},"excerpt":{"rendered":"<p>\u0161traukiam\u0173j\u0173 ventiliatori\u0173 sistema: \u0160io tipo d\u017eiovyklose kar\u0161tas oras yra i\u0161traukiamas ventiliatoriais, sumontuotais ant d\u017eiovyklos kolonos. Ventiliatori\u0173 kiekis yra skirtingas priklausomai nuo d\u017eiovyklos kolonos dyd\u017eio. \u0160ios gr\u016bd\u0173 d\u017eiovyklos pritaikytos gr\u016bd\u0173 srauto tek\u0117jimui per u\u017ekrovimo, d\u017eiovinimo, v\u0117sinimo ir i\u0161krovimo zonas su tikslu pasiekti pageidaujamus gr\u016bd\u0173 parametrus. Visos \u0161io tipo gr\u016bd\u0173 d\u017eiovyklos yra tinkamos naudoti individualiuose \u016bkiuose, o [&hellip;]<\/p>\n","protected":false},"featured_media":18498,"template":"","meta":{"_et_pb_use_builder":"","_et_pb_old_content":"","_et_gb_content_width":""},"product_brand":[],"product_cat":[215],"product_tag":[],"class_list":{"0":"post-3260","1":"product","2":"type-product","3":"status-publish","4":"has-post-thumbnail","6":"product_cat-voolkuivatid","8":"first","9":"instock","10":"shipping-taxable","11":"product-type-simple"},"yoast_head":"<!-- This site is optimized with the Yoast SEO plugin v26.4 - https:\/\/yoast.com\/wordpress\/plugins\/seo\/ -->\n<title>Srautin\u0117s D\u017eiovyklos M2-M6 - Specagra<\/title>\n<meta name=\"robots\" content=\"index, follow, max-snippet:-1, max-image-preview:large, max-video-preview:-1\" \/>\n<link rel=\"canonical\" href=\"https:\/\/www.specagra.ee\/?product=srautines-dziovyklos-m2-m6\" \/>\n<meta property=\"og:locale\" content=\"et_EE\" \/>\n<meta property=\"og:type\" content=\"article\" \/>\n<meta property=\"og:title\" content=\"Srautin\u0117s D\u017eiovyklos M2-M6 - Specagra\" \/>\n<meta property=\"og:description\" content=\"\u0161traukiam\u0173j\u0173 ventiliatori\u0173 sistema: \u0160io tipo d\u017eiovyklose kar\u0161tas oras yra i\u0161traukiamas ventiliatoriais, sumontuotais ant d\u017eiovyklos kolonos. Ventiliatori\u0173 kiekis yra skirtingas priklausomai nuo d\u017eiovyklos kolonos dyd\u017eio. \u0160ios gr\u016bd\u0173 d\u017eiovyklos pritaikytos gr\u016bd\u0173 srauto tek\u0117jimui per u\u017ekrovimo, d\u017eiovinimo, v\u0117sinimo ir i\u0161krovimo zonas su tikslu pasiekti pageidaujamus gr\u016bd\u0173 parametrus. Visos \u0161io tipo gr\u016bd\u0173 d\u017eiovyklos yra tinkamos naudoti individualiuose \u016bkiuose, o [&hellip;]\" \/>\n<meta property=\"og:url\" content=\"https:\/\/www.specagra.ee\/?product=srautines-dziovyklos-m2-m6\" \/>\n<meta property=\"og:site_name\" content=\"Specagra\" \/>\n<meta property=\"article:modified_time\" content=\"2022-09-09T11:21:58+00:00\" \/>\n<meta property=\"og:image\" content=\"https:\/\/www.specagra.ee\/wp-content\/uploads\/2020\/06\/Copy-of-0203139731-1280-\u00d7-720-px-896-\u00d7-503-px97.jpg\" \/>\n\t<meta property=\"og:image:width\" content=\"896\" \/>\n\t<meta property=\"og:image:height\" content=\"503\" \/>\n\t<meta property=\"og:image:type\" content=\"image\/jpeg\" \/>\n<meta name=\"twitter:card\" content=\"summary_large_image\" \/>\n<meta name=\"twitter:label1\" content=\"Est. reading time\" \/>\n\t<meta name=\"twitter:data1\" content=\"2 minutit\" \/>\n<script type=\"application\/ld+json\" class=\"yoast-schema-graph\">{\"@context\":\"https:\/\/schema.org\",\"@graph\":[{\"@type\":\"WebPage\",\"@id\":\"https:\/\/www.specagra.ee\/?product=srautines-dziovyklos-m2-m6\",\"url\":\"https:\/\/www.specagra.ee\/?product=srautines-dziovyklos-m2-m6\",\"name\":\"Srautin\u0117s D\u017eiovyklos M2-M6 - Specagra\",\"isPartOf\":{\"@id\":\"https:\/\/www.specagra.ee\/#website\"},\"primaryImageOfPage\":{\"@id\":\"https:\/\/www.specagra.ee\/?product=srautines-dziovyklos-m2-m6#primaryimage\"},\"image\":{\"@id\":\"https:\/\/www.specagra.ee\/?product=srautines-dziovyklos-m2-m6#primaryimage\"},\"thumbnailUrl\":\"https:\/\/www.specagra.ee\/wp-content\/uploads\/2020\/06\/Copy-of-0203139731-1280-\u00d7-720-px-896-\u00d7-503-px97.jpg\",\"datePublished\":\"2020-06-29T08:36:33+00:00\",\"dateModified\":\"2022-09-09T11:21:58+00:00\",\"breadcrumb\":{\"@id\":\"https:\/\/www.specagra.ee\/?product=srautines-dziovyklos-m2-m6#breadcrumb\"},\"inLanguage\":\"et\",\"potentialAction\":[{\"@type\":\"ReadAction\",\"target\":[\"https:\/\/www.specagra.ee\/?product=srautines-dziovyklos-m2-m6\"]}]},{\"@type\":\"ImageObject\",\"inLanguage\":\"et\",\"@id\":\"https:\/\/www.specagra.ee\/?product=srautines-dziovyklos-m2-m6#primaryimage\",\"url\":\"https:\/\/www.specagra.ee\/wp-content\/uploads\/2020\/06\/Copy-of-0203139731-1280-\u00d7-720-px-896-\u00d7-503-px97.jpg\",\"contentUrl\":\"https:\/\/www.specagra.ee\/wp-content\/uploads\/2020\/06\/Copy-of-0203139731-1280-\u00d7-720-px-896-\u00d7-503-px97.jpg\",\"width\":896,\"height\":503,\"caption\":\"Srautin\u0117s D\u017eiovyklos M2-M6\"},{\"@type\":\"BreadcrumbList\",\"@id\":\"https:\/\/www.specagra.ee\/?product=srautines-dziovyklos-m2-m6#breadcrumb\",\"itemListElement\":[{\"@type\":\"ListItem\",\"position\":1,\"name\":\"Home\",\"item\":\"https:\/\/www.specagra.ee\/\"},{\"@type\":\"ListItem\",\"position\":2,\"name\":\"P\u00f5llumajandustehnika ja loomakasvatus\",\"item\":\"https:\/\/specagra.ee\/?page_id=18493\"},{\"@type\":\"ListItem\",\"position\":3,\"name\":\"Srautin\u0117s D\u017eiovyklos M2-M6\"}]},{\"@type\":\"WebSite\",\"@id\":\"https:\/\/www.specagra.ee\/#website\",\"url\":\"https:\/\/www.specagra.ee\/\",\"name\":\"Specagra\",\"description\":\"P\u00f5llumajandustehnika ja varuosad\",\"publisher\":{\"@id\":\"https:\/\/www.specagra.ee\/#organization\"},\"potentialAction\":[{\"@type\":\"SearchAction\",\"target\":{\"@type\":\"EntryPoint\",\"urlTemplate\":\"https:\/\/www.specagra.ee\/?s={search_term_string}\"},\"query-input\":{\"@type\":\"PropertyValueSpecification\",\"valueRequired\":true,\"valueName\":\"search_term_string\"}}],\"inLanguage\":\"et\"},{\"@type\":\"Organization\",\"@id\":\"https:\/\/www.specagra.ee\/#organization\",\"name\":\"UAB Specagra\",\"url\":\"https:\/\/www.specagra.ee\/\",\"logo\":{\"@type\":\"ImageObject\",\"inLanguage\":\"et\",\"@id\":\"https:\/\/www.specagra.ee\/#\/schema\/logo\/image\/\",\"url\":\"http:\/\/www.specagra.ee\/wp-content\/uploads\/2022\/02\/SP-logo_naujas-scaled.jpg\",\"contentUrl\":\"http:\/\/www.specagra.ee\/wp-content\/uploads\/2022\/02\/SP-logo_naujas-scaled.jpg\",\"width\":2560,\"height\":326,\"caption\":\"UAB Specagra\"},\"image\":{\"@id\":\"https:\/\/www.specagra.ee\/#\/schema\/logo\/image\/\"}}]}<\/script>\n<!-- \/ Yoast SEO plugin. -->","yoast_head_json":{"title":"Srautin\u0117s D\u017eiovyklos M2-M6 - Specagra","robots":{"index":"index","follow":"follow","max-snippet":"max-snippet:-1","max-image-preview":"max-image-preview:large","max-video-preview":"max-video-preview:-1"},"canonical":"https:\/\/www.specagra.ee\/?product=srautines-dziovyklos-m2-m6","og_locale":"et_EE","og_type":"article","og_title":"Srautin\u0117s D\u017eiovyklos M2-M6 - Specagra","og_description":"\u0161traukiam\u0173j\u0173 ventiliatori\u0173 sistema: \u0160io tipo d\u017eiovyklose kar\u0161tas oras yra i\u0161traukiamas ventiliatoriais, sumontuotais ant d\u017eiovyklos kolonos. Ventiliatori\u0173 kiekis yra skirtingas priklausomai nuo d\u017eiovyklos kolonos dyd\u017eio. \u0160ios gr\u016bd\u0173 d\u017eiovyklos pritaikytos gr\u016bd\u0173 srauto tek\u0117jimui per u\u017ekrovimo, d\u017eiovinimo, v\u0117sinimo ir i\u0161krovimo zonas su tikslu pasiekti pageidaujamus gr\u016bd\u0173 parametrus. Visos \u0161io tipo gr\u016bd\u0173 d\u017eiovyklos yra tinkamos naudoti individualiuose \u016bkiuose, o [&hellip;]","og_url":"https:\/\/www.specagra.ee\/?product=srautines-dziovyklos-m2-m6","og_site_name":"Specagra","article_modified_time":"2022-09-09T11:21:58+00:00","og_image":[{"width":896,"height":503,"url":"https:\/\/www.specagra.ee\/wp-content\/uploads\/2020\/06\/Copy-of-0203139731-1280-\u00d7-720-px-896-\u00d7-503-px97.jpg","type":"image\/jpeg"}],"twitter_card":"summary_large_image","twitter_misc":{"Est. reading time":"2 minutit"},"schema":{"@context":"https:\/\/schema.org","@graph":[{"@type":"WebPage","@id":"https:\/\/www.specagra.ee\/?product=srautines-dziovyklos-m2-m6","url":"https:\/\/www.specagra.ee\/?product=srautines-dziovyklos-m2-m6","name":"Srautin\u0117s D\u017eiovyklos M2-M6 - Specagra","isPartOf":{"@id":"https:\/\/www.specagra.ee\/#website"},"primaryImageOfPage":{"@id":"https:\/\/www.specagra.ee\/?product=srautines-dziovyklos-m2-m6#primaryimage"},"image":{"@id":"https:\/\/www.specagra.ee\/?product=srautines-dziovyklos-m2-m6#primaryimage"},"thumbnailUrl":"https:\/\/www.specagra.ee\/wp-content\/uploads\/2020\/06\/Copy-of-0203139731-1280-\u00d7-720-px-896-\u00d7-503-px97.jpg","datePublished":"2020-06-29T08:36:33+00:00","dateModified":"2022-09-09T11:21:58+00:00","breadcrumb":{"@id":"https:\/\/www.specagra.ee\/?product=srautines-dziovyklos-m2-m6#breadcrumb"},"inLanguage":"et","potentialAction":[{"@type":"ReadAction","target":["https:\/\/www.specagra.ee\/?product=srautines-dziovyklos-m2-m6"]}]},{"@type":"ImageObject","inLanguage":"et","@id":"https:\/\/www.specagra.ee\/?product=srautines-dziovyklos-m2-m6#primaryimage","url":"https:\/\/www.specagra.ee\/wp-content\/uploads\/2020\/06\/Copy-of-0203139731-1280-\u00d7-720-px-896-\u00d7-503-px97.jpg","contentUrl":"https:\/\/www.specagra.ee\/wp-content\/uploads\/2020\/06\/Copy-of-0203139731-1280-\u00d7-720-px-896-\u00d7-503-px97.jpg","width":896,"height":503,"caption":"Srautin\u0117s D\u017eiovyklos M2-M6"},{"@type":"BreadcrumbList","@id":"https:\/\/www.specagra.ee\/?product=srautines-dziovyklos-m2-m6#breadcrumb","itemListElement":[{"@type":"ListItem","position":1,"name":"Home","item":"https:\/\/www.specagra.ee\/"},{"@type":"ListItem","position":2,"name":"P\u00f5llumajandustehnika ja loomakasvatus","item":"https:\/\/specagra.ee\/?page_id=18493"},{"@type":"ListItem","position":3,"name":"Srautin\u0117s D\u017eiovyklos M2-M6"}]},{"@type":"WebSite","@id":"https:\/\/www.specagra.ee\/#website","url":"https:\/\/www.specagra.ee\/","name":"Specagra","description":"P\u00f5llumajandustehnika ja varuosad","publisher":{"@id":"https:\/\/www.specagra.ee\/#organization"},"potentialAction":[{"@type":"SearchAction","target":{"@type":"EntryPoint","urlTemplate":"https:\/\/www.specagra.ee\/?s={search_term_string}"},"query-input":{"@type":"PropertyValueSpecification","valueRequired":true,"valueName":"search_term_string"}}],"inLanguage":"et"},{"@type":"Organization","@id":"https:\/\/www.specagra.ee\/#organization","name":"UAB Specagra","url":"https:\/\/www.specagra.ee\/","logo":{"@type":"ImageObject","inLanguage":"et","@id":"https:\/\/www.specagra.ee\/#\/schema\/logo\/image\/","url":"http:\/\/www.specagra.ee\/wp-content\/uploads\/2022\/02\/SP-logo_naujas-scaled.jpg","contentUrl":"http:\/\/www.specagra.ee\/wp-content\/uploads\/2022\/02\/SP-logo_naujas-scaled.jpg","width":2560,"height":326,"caption":"UAB Specagra"},"image":{"@id":"https:\/\/www.specagra.ee\/#\/schema\/logo\/image\/"}}]}},"_links":{"self":[{"href":"https:\/\/www.specagra.ee\/index.php?rest_route=\/wp\/v2\/product\/3260","targetHints":{"allow":["GET"]}}],"collection":[{"href":"https:\/\/www.specagra.ee\/index.php?rest_route=\/wp\/v2\/product"}],"about":[{"href":"https:\/\/www.specagra.ee\/index.php?rest_route=\/wp\/v2\/types\/product"}],"wp:featuredmedia":[{"embeddable":true,"href":"https:\/\/www.specagra.ee\/index.php?rest_route=\/wp\/v2\/media\/18498"}],"wp:attachment":[{"href":"https:\/\/www.specagra.ee\/index.php?rest_route=%2Fwp%2Fv2%2Fmedia&parent=3260"}],"wp:term":[{"taxonomy":"product_brand","embeddable":true,"href":"https:\/\/www.specagra.ee\/index.php?rest_route=%2Fwp%2Fv2%2Fproduct_brand&post=3260"},{"taxonomy":"product_cat","embeddable":true,"href":"https:\/\/www.specagra.ee\/index.php?rest_route=%2Fwp%2Fv2%2Fproduct_cat&post=3260"},{"taxonomy":"product_tag","embeddable":true,"href":"https:\/\/www.specagra.ee\/index.php?rest_route=%2Fwp%2Fv2%2Fproduct_tag&post=3260"}],"curies":[{"name":"wp","href":"https:\/\/api.w.org\/{rel}","templated":true}]}}