{"id":3257,"date":"2020-06-29T06:31:26","date_gmt":"2020-06-29T08:31:26","guid":{"rendered":"https:\/\/www.specagra.ee.nemokamossvetaines.hostingas.lt\/?post_type=product&#038;p=3257"},"modified":"2022-09-09T09:21:42","modified_gmt":"2022-09-09T11:21:42","slug":"srautine-dziovyklos-drytech","status":"publish","type":"product","link":"https:\/\/www.specagra.ee\/?product=srautine-dziovyklos-drytech","title":{"rendered":"Srautin\u0117 D\u017eiovyklos DRYTECH"},"content":{"rendered":"<p><strong>Vir\u0161utinio i\u0161traukimo sistema su \u0161ilumos regeneracija:<\/strong><\/p>\n<p>Pastovus, \u0161velnus d\u017eiovinimo procesas vir\u0161utinio ventiliatoriaus d\u0117ka. Dulki\u0173 emisijos suma\u017eintos iki minimumo. . I\u0161maniosios valdymo ir matavimo sistemos ir \u012franga. 20 modulini\u0173 modeli\u0173, suprojektuoti patikimai ir kompakti\u0161kai.<\/p>\n<p>\u0160ios gr\u016bd\u0173 d\u017eiovyklos pritaikytos gr\u016bd\u0173 srauto tek\u0117jimui per u\u017ekrovimo, d\u017eiovinimo, v\u0117sinimo ir i\u0161krovimo zonas su tikslu pasiekti pageidaujamus gr\u016bd\u0173 parametrus.<\/p>\n<p>Visos \u0161io tipo gr\u016bd\u0173 d\u017eiovyklos yra tinkamos naudoti individualiuose \u016bkiuose, o taipogi \u017eem\u0117s \u016bkio ir maisto pramon\u0117je.<\/p>\n<ul>\n<li>D\u017eiovyklos kolona yra sudaryta i\u0161 loveli\u0173 profilio sistemos, kuri u\u017etikrina optimaliai efektyv\u0173 oro pasiskirstym\u0105 gr\u016bduose, taip pasiekiant geriausi\u0105 efektyvumo ir dr\u0117gm\u0117s d\u017eiovinimo santyk\u012f.<\/li>\n<li>Oras perduodamas i\u0161traukimo principu t.y. oro padavimas \u012f d\u017eiovykl\u0105 yra vienalytis visoje gr\u016bd\u0173 kolonoje.<\/li>\n<li>Galimi keletas \u0161ilumos \u0161altini\u0173 pasirinkim\u0173:\n<ul>\n<li>Tiesioginio kaitinimo degimo kamera su LPG arba gamtin\u0117mis dujomis.<\/li>\n<li>Netiesioginio kaitinimo \u0161ilumokaitis su LPG\u00a0 arba gamtin\u0117mis dujomis.<\/li>\n<li>Kaitinimo kamera su biomas\u0117s k\u016brenimo \u0161ilumokai\u010diu.<\/li>\n<li>Kaitinimo kamera su anglies dulki\u0173 k\u016brenimo \u0161ilumokai\u010diiu.<\/li>\n<li>Blokinis kolonos projektas sudarytas i\u0161 individuali\u0173 pasikartojan\u010di\u0173 element\u0173 (segment\u0173), kurie leid\u017eia d\u017eiovykl\u0105 ateityje i\u0161pl\u0117sti ir patobulinti pagal u\u017esakovo individualius pageidavimus ir reikalavimus.<\/li>\n<\/ul>\n<\/li>\n<\/ul>\n","protected":false},"excerpt":{"rendered":"<p>Vir\u0161utinio i\u0161traukimo sistema su \u0161ilumos regeneracija: Pastovus, \u0161velnus d\u017eiovinimo procesas vir\u0161utinio ventiliatoriaus d\u0117ka. Dulki\u0173 emisijos suma\u017eintos iki minimumo. . I\u0161maniosios valdymo ir matavimo sistemos ir \u012franga. 20 modulini\u0173 modeli\u0173, suprojektuoti patikimai ir kompakti\u0161kai. \u0160ios gr\u016bd\u0173 d\u017eiovyklos pritaikytos gr\u016bd\u0173 srauto tek\u0117jimui per u\u017ekrovimo, d\u017eiovinimo, v\u0117sinimo ir i\u0161krovimo zonas su tikslu pasiekti pageidaujamus gr\u016bd\u0173 parametrus. Visos \u0161io [&hellip;]<\/p>\n","protected":false},"featured_media":18497,"template":"","meta":{"_et_pb_use_builder":"","_et_pb_old_content":"","_et_gb_content_width":""},"product_brand":[],"product_cat":[215],"product_tag":[],"class_list":{"0":"post-3257","1":"product","2":"type-product","3":"status-publish","4":"has-post-thumbnail","6":"product_cat-voolkuivatid","8":"first","9":"instock","10":"shipping-taxable","11":"product-type-simple"},"yoast_head":"<!-- This site is optimized with the Yoast SEO plugin v26.4 - https:\/\/yoast.com\/wordpress\/plugins\/seo\/ -->\n<title>Srautin\u0117 D\u017eiovyklos DRYTECH - Specagra<\/title>\n<meta name=\"robots\" content=\"index, follow, max-snippet:-1, max-image-preview:large, max-video-preview:-1\" \/>\n<link rel=\"canonical\" href=\"https:\/\/www.specagra.ee\/?product=srautine-dziovyklos-drytech\" \/>\n<meta property=\"og:locale\" content=\"et_EE\" \/>\n<meta property=\"og:type\" content=\"article\" \/>\n<meta property=\"og:title\" content=\"Srautin\u0117 D\u017eiovyklos DRYTECH - Specagra\" \/>\n<meta property=\"og:description\" content=\"Vir\u0161utinio i\u0161traukimo sistema su \u0161ilumos regeneracija: Pastovus, \u0161velnus d\u017eiovinimo procesas vir\u0161utinio ventiliatoriaus d\u0117ka. Dulki\u0173 emisijos suma\u017eintos iki minimumo. . I\u0161maniosios valdymo ir matavimo sistemos ir \u012franga. 20 modulini\u0173 modeli\u0173, suprojektuoti patikimai ir kompakti\u0161kai. \u0160ios gr\u016bd\u0173 d\u017eiovyklos pritaikytos gr\u016bd\u0173 srauto tek\u0117jimui per u\u017ekrovimo, d\u017eiovinimo, v\u0117sinimo ir i\u0161krovimo zonas su tikslu pasiekti pageidaujamus gr\u016bd\u0173 parametrus. Visos \u0161io [&hellip;]\" \/>\n<meta property=\"og:url\" content=\"https:\/\/www.specagra.ee\/?product=srautine-dziovyklos-drytech\" \/>\n<meta property=\"og:site_name\" content=\"Specagra\" \/>\n<meta property=\"article:modified_time\" content=\"2022-09-09T11:21:42+00:00\" \/>\n<meta property=\"og:image\" content=\"https:\/\/www.specagra.ee\/wp-content\/uploads\/2020\/06\/Copy-of-0203139731-1280-\u00d7-720-px-896-\u00d7-503-px94.jpg\" \/>\n\t<meta property=\"og:image:width\" content=\"896\" \/>\n\t<meta property=\"og:image:height\" content=\"503\" \/>\n\t<meta property=\"og:image:type\" content=\"image\/jpeg\" \/>\n<meta name=\"twitter:card\" content=\"summary_large_image\" \/>\n<meta name=\"twitter:label1\" content=\"Est. reading time\" \/>\n\t<meta name=\"twitter:data1\" content=\"1 minut\" \/>\n<script type=\"application\/ld+json\" class=\"yoast-schema-graph\">{\"@context\":\"https:\/\/schema.org\",\"@graph\":[{\"@type\":\"WebPage\",\"@id\":\"https:\/\/www.specagra.ee\/?product=srautine-dziovyklos-drytech\",\"url\":\"https:\/\/www.specagra.ee\/?product=srautine-dziovyklos-drytech\",\"name\":\"Srautin\u0117 D\u017eiovyklos DRYTECH - Specagra\",\"isPartOf\":{\"@id\":\"https:\/\/www.specagra.ee\/#website\"},\"primaryImageOfPage\":{\"@id\":\"https:\/\/www.specagra.ee\/?product=srautine-dziovyklos-drytech#primaryimage\"},\"image\":{\"@id\":\"https:\/\/www.specagra.ee\/?product=srautine-dziovyklos-drytech#primaryimage\"},\"thumbnailUrl\":\"https:\/\/specagra.ee\/wp-content\/uploads\/2020\/06\/Copy-of-0203139731-1280-\u00d7-720-px-896-\u00d7-503-px94.jpg\",\"datePublished\":\"2020-06-29T08:31:26+00:00\",\"dateModified\":\"2022-09-09T11:21:42+00:00\",\"breadcrumb\":{\"@id\":\"https:\/\/www.specagra.ee\/?product=srautine-dziovyklos-drytech#breadcrumb\"},\"inLanguage\":\"et\",\"potentialAction\":[{\"@type\":\"ReadAction\",\"target\":[\"https:\/\/www.specagra.ee\/?product=srautine-dziovyklos-drytech\"]}]},{\"@type\":\"ImageObject\",\"inLanguage\":\"et\",\"@id\":\"https:\/\/www.specagra.ee\/?product=srautine-dziovyklos-drytech#primaryimage\",\"url\":\"https:\/\/specagra.ee\/wp-content\/uploads\/2020\/06\/Copy-of-0203139731-1280-\u00d7-720-px-896-\u00d7-503-px94.jpg\",\"contentUrl\":\"https:\/\/specagra.ee\/wp-content\/uploads\/2020\/06\/Copy-of-0203139731-1280-\u00d7-720-px-896-\u00d7-503-px94.jpg\",\"width\":896,\"height\":503,\"caption\":\"Srautin\u0117 D\u017eiovyklos DRYTECH\"},{\"@type\":\"BreadcrumbList\",\"@id\":\"https:\/\/www.specagra.ee\/?product=srautine-dziovyklos-drytech#breadcrumb\",\"itemListElement\":[{\"@type\":\"ListItem\",\"position\":1,\"name\":\"Home\",\"item\":\"https:\/\/www.specagra.ee\/\"},{\"@type\":\"ListItem\",\"position\":2,\"name\":\"P\u00f5llumajandustehnika ja loomakasvatus\",\"item\":\"https:\/\/specagra.ee\/?page_id=18493\"},{\"@type\":\"ListItem\",\"position\":3,\"name\":\"Srautin\u0117 D\u017eiovyklos DRYTECH\"}]},{\"@type\":\"WebSite\",\"@id\":\"https:\/\/www.specagra.ee\/#website\",\"url\":\"https:\/\/www.specagra.ee\/\",\"name\":\"Specagra\",\"description\":\"P\u00f5llumajandustehnika ja varuosad\",\"publisher\":{\"@id\":\"https:\/\/www.specagra.ee\/#organization\"},\"potentialAction\":[{\"@type\":\"SearchAction\",\"target\":{\"@type\":\"EntryPoint\",\"urlTemplate\":\"https:\/\/www.specagra.ee\/?s={search_term_string}\"},\"query-input\":{\"@type\":\"PropertyValueSpecification\",\"valueRequired\":true,\"valueName\":\"search_term_string\"}}],\"inLanguage\":\"et\"},{\"@type\":\"Organization\",\"@id\":\"https:\/\/www.specagra.ee\/#organization\",\"name\":\"UAB Specagra\",\"url\":\"https:\/\/www.specagra.ee\/\",\"logo\":{\"@type\":\"ImageObject\",\"inLanguage\":\"et\",\"@id\":\"https:\/\/www.specagra.ee\/#\/schema\/logo\/image\/\",\"url\":\"http:\/\/www.specagra.ee\/wp-content\/uploads\/2022\/02\/SP-logo_naujas-scaled.jpg\",\"contentUrl\":\"http:\/\/www.specagra.ee\/wp-content\/uploads\/2022\/02\/SP-logo_naujas-scaled.jpg\",\"width\":2560,\"height\":326,\"caption\":\"UAB Specagra\"},\"image\":{\"@id\":\"https:\/\/www.specagra.ee\/#\/schema\/logo\/image\/\"}}]}<\/script>\n<!-- \/ Yoast SEO plugin. -->","yoast_head_json":{"title":"Srautin\u0117 D\u017eiovyklos DRYTECH - Specagra","robots":{"index":"index","follow":"follow","max-snippet":"max-snippet:-1","max-image-preview":"max-image-preview:large","max-video-preview":"max-video-preview:-1"},"canonical":"https:\/\/www.specagra.ee\/?product=srautine-dziovyklos-drytech","og_locale":"et_EE","og_type":"article","og_title":"Srautin\u0117 D\u017eiovyklos DRYTECH - Specagra","og_description":"Vir\u0161utinio i\u0161traukimo sistema su \u0161ilumos regeneracija: Pastovus, \u0161velnus d\u017eiovinimo procesas vir\u0161utinio ventiliatoriaus d\u0117ka. Dulki\u0173 emisijos suma\u017eintos iki minimumo. . I\u0161maniosios valdymo ir matavimo sistemos ir \u012franga. 20 modulini\u0173 modeli\u0173, suprojektuoti patikimai ir kompakti\u0161kai. \u0160ios gr\u016bd\u0173 d\u017eiovyklos pritaikytos gr\u016bd\u0173 srauto tek\u0117jimui per u\u017ekrovimo, d\u017eiovinimo, v\u0117sinimo ir i\u0161krovimo zonas su tikslu pasiekti pageidaujamus gr\u016bd\u0173 parametrus. Visos \u0161io [&hellip;]","og_url":"https:\/\/www.specagra.ee\/?product=srautine-dziovyklos-drytech","og_site_name":"Specagra","article_modified_time":"2022-09-09T11:21:42+00:00","og_image":[{"width":896,"height":503,"url":"https:\/\/www.specagra.ee\/wp-content\/uploads\/2020\/06\/Copy-of-0203139731-1280-\u00d7-720-px-896-\u00d7-503-px94.jpg","type":"image\/jpeg"}],"twitter_card":"summary_large_image","twitter_misc":{"Est. reading time":"1 minut"},"schema":{"@context":"https:\/\/schema.org","@graph":[{"@type":"WebPage","@id":"https:\/\/www.specagra.ee\/?product=srautine-dziovyklos-drytech","url":"https:\/\/www.specagra.ee\/?product=srautine-dziovyklos-drytech","name":"Srautin\u0117 D\u017eiovyklos DRYTECH - Specagra","isPartOf":{"@id":"https:\/\/www.specagra.ee\/#website"},"primaryImageOfPage":{"@id":"https:\/\/www.specagra.ee\/?product=srautine-dziovyklos-drytech#primaryimage"},"image":{"@id":"https:\/\/www.specagra.ee\/?product=srautine-dziovyklos-drytech#primaryimage"},"thumbnailUrl":"https:\/\/specagra.ee\/wp-content\/uploads\/2020\/06\/Copy-of-0203139731-1280-\u00d7-720-px-896-\u00d7-503-px94.jpg","datePublished":"2020-06-29T08:31:26+00:00","dateModified":"2022-09-09T11:21:42+00:00","breadcrumb":{"@id":"https:\/\/www.specagra.ee\/?product=srautine-dziovyklos-drytech#breadcrumb"},"inLanguage":"et","potentialAction":[{"@type":"ReadAction","target":["https:\/\/www.specagra.ee\/?product=srautine-dziovyklos-drytech"]}]},{"@type":"ImageObject","inLanguage":"et","@id":"https:\/\/www.specagra.ee\/?product=srautine-dziovyklos-drytech#primaryimage","url":"https:\/\/specagra.ee\/wp-content\/uploads\/2020\/06\/Copy-of-0203139731-1280-\u00d7-720-px-896-\u00d7-503-px94.jpg","contentUrl":"https:\/\/specagra.ee\/wp-content\/uploads\/2020\/06\/Copy-of-0203139731-1280-\u00d7-720-px-896-\u00d7-503-px94.jpg","width":896,"height":503,"caption":"Srautin\u0117 D\u017eiovyklos DRYTECH"},{"@type":"BreadcrumbList","@id":"https:\/\/www.specagra.ee\/?product=srautine-dziovyklos-drytech#breadcrumb","itemListElement":[{"@type":"ListItem","position":1,"name":"Home","item":"https:\/\/www.specagra.ee\/"},{"@type":"ListItem","position":2,"name":"P\u00f5llumajandustehnika ja loomakasvatus","item":"https:\/\/specagra.ee\/?page_id=18493"},{"@type":"ListItem","position":3,"name":"Srautin\u0117 D\u017eiovyklos DRYTECH"}]},{"@type":"WebSite","@id":"https:\/\/www.specagra.ee\/#website","url":"https:\/\/www.specagra.ee\/","name":"Specagra","description":"P\u00f5llumajandustehnika ja varuosad","publisher":{"@id":"https:\/\/www.specagra.ee\/#organization"},"potentialAction":[{"@type":"SearchAction","target":{"@type":"EntryPoint","urlTemplate":"https:\/\/www.specagra.ee\/?s={search_term_string}"},"query-input":{"@type":"PropertyValueSpecification","valueRequired":true,"valueName":"search_term_string"}}],"inLanguage":"et"},{"@type":"Organization","@id":"https:\/\/www.specagra.ee\/#organization","name":"UAB Specagra","url":"https:\/\/www.specagra.ee\/","logo":{"@type":"ImageObject","inLanguage":"et","@id":"https:\/\/www.specagra.ee\/#\/schema\/logo\/image\/","url":"http:\/\/www.specagra.ee\/wp-content\/uploads\/2022\/02\/SP-logo_naujas-scaled.jpg","contentUrl":"http:\/\/www.specagra.ee\/wp-content\/uploads\/2022\/02\/SP-logo_naujas-scaled.jpg","width":2560,"height":326,"caption":"UAB Specagra"},"image":{"@id":"https:\/\/www.specagra.ee\/#\/schema\/logo\/image\/"}}]}},"_links":{"self":[{"href":"https:\/\/www.specagra.ee\/index.php?rest_route=\/wp\/v2\/product\/3257","targetHints":{"allow":["GET"]}}],"collection":[{"href":"https:\/\/www.specagra.ee\/index.php?rest_route=\/wp\/v2\/product"}],"about":[{"href":"https:\/\/www.specagra.ee\/index.php?rest_route=\/wp\/v2\/types\/product"}],"wp:featuredmedia":[{"embeddable":true,"href":"https:\/\/www.specagra.ee\/index.php?rest_route=\/wp\/v2\/media\/18497"}],"wp:attachment":[{"href":"https:\/\/www.specagra.ee\/index.php?rest_route=%2Fwp%2Fv2%2Fmedia&parent=3257"}],"wp:term":[{"taxonomy":"product_brand","embeddable":true,"href":"https:\/\/www.specagra.ee\/index.php?rest_route=%2Fwp%2Fv2%2Fproduct_brand&post=3257"},{"taxonomy":"product_cat","embeddable":true,"href":"https:\/\/www.specagra.ee\/index.php?rest_route=%2Fwp%2Fv2%2Fproduct_cat&post=3257"},{"taxonomy":"product_tag","embeddable":true,"href":"https:\/\/www.specagra.ee\/index.php?rest_route=%2Fwp%2Fv2%2Fproduct_tag&post=3257"}],"curies":[{"name":"wp","href":"https:\/\/api.w.org\/{rel}","templated":true}]}}