{"id":32122,"date":"2023-08-03T06:13:43","date_gmt":"2023-08-03T08:13:43","guid":{"rendered":"https:\/\/www.specagra.ee\/?post_type=product&#038;p=32122"},"modified":"2023-08-03T06:38:10","modified_gmt":"2023-08-03T08:38:10","slug":"eys-vertikalus-priesduobes-siurblys-su-ispurskimo-sklende","status":"publish","type":"product","link":"https:\/\/www.specagra.ee\/?product=eys-vertikalus-priesduobes-siurblys-su-ispurskimo-sklende","title":{"rendered":"EYS vertikalus prie\u0161duob\u0117s siurblys su i\u0161pur\u0161kimo sklende"},"content":{"rendered":"<p>VPN serijos EYS naudojamas m\u0117\u0161lui perpumpuoti \u012f prie\u0161duobes, kuriose srutos yra ma\u017eo tankio (pvz., mel\u017eimo aik\u0161tel\u0117se ir t. t.). \u0160is siurblys turi i\u0161pur\u0161kimo sklend\u0119, kuri yra valdoma u\u017edarymo vo\u017etuyvu. Kai i\u0161pur\u0161kimo sklend\u0117 u\u017edara, i\u0161leidimo anga taip pat yra u\u017edaryta, tuomet srutos perpilamos i\u0161 antgalio atgal \u012f prie\u0161duob\u0119.\u00a0 \u0160is procesas padeda pramai\u0161yti prie\u0161duob\u0119.<br \/>\nVPN siurblyje (su i\u0161pur\u0161kimo sklende) tiesiogin\u0117s mai\u0161ymo funkcijos n\u0117ra, tod\u0117l srut\u0173 tankis turi b\u016bti ma\u017eesnis nei 8 %.<br \/>\nSiurbimo na\u0161umas priklauso nuo variklio tipo.<\/p>\n","protected":false},"excerpt":{"rendered":"<p>VPN serijos EYS naudojamas m\u0117\u0161lui perpumpuoti \u012f prie\u0161duobes, kuriose srutos yra ma\u017eo tankio (pvz., mel\u017eimo aik\u0161tel\u0117se ir t. t.). \u0160is siurblys turi i\u0161pur\u0161kimo sklend\u0119, kuri yra valdoma u\u017edarymo vo\u017etuyvu. Kai i\u0161pur\u0161kimo sklend\u0117 u\u017edara, i\u0161leidimo anga taip pat yra u\u017edaryta, tuomet srutos perpilamos i\u0161 antgalio atgal \u012f prie\u0161duob\u0119.\u00a0 \u0160is procesas padeda pramai\u0161yti prie\u0161duob\u0119. VPN siurblyje (su [&hellip;]<\/p>\n","protected":false},"featured_media":32123,"template":"","meta":{"_et_pb_use_builder":"","_et_pb_old_content":"","_et_gb_content_width":""},"product_brand":[],"product_cat":[130],"product_tag":[],"class_list":{"0":"post-32122","1":"product","2":"type-product","3":"status-publish","4":"has-post-thumbnail","6":"product_cat-lagapumbad","8":"first","9":"instock","10":"shipping-taxable","11":"product-type-simple"},"yoast_head":"<!-- This site is optimized with the Yoast SEO plugin v26.4 - https:\/\/yoast.com\/wordpress\/plugins\/seo\/ -->\n<title>EYS vertikalus prie\u0161duob\u0117s siurblys su i\u0161pur\u0161kimo sklende - Specagra<\/title>\n<meta name=\"robots\" content=\"index, follow, max-snippet:-1, max-image-preview:large, max-video-preview:-1\" \/>\n<link rel=\"canonical\" href=\"https:\/\/www.specagra.ee\/?product=eys-vertikalus-priesduobes-siurblys-su-ispurskimo-sklende\" \/>\n<meta property=\"og:locale\" content=\"et_EE\" \/>\n<meta property=\"og:type\" content=\"article\" \/>\n<meta property=\"og:title\" content=\"EYS vertikalus prie\u0161duob\u0117s siurblys su i\u0161pur\u0161kimo sklende - Specagra\" \/>\n<meta property=\"og:description\" content=\"VPN serijos EYS naudojamas m\u0117\u0161lui perpumpuoti \u012f prie\u0161duobes, kuriose srutos yra ma\u017eo tankio (pvz., mel\u017eimo aik\u0161tel\u0117se ir t. t.). \u0160is siurblys turi i\u0161pur\u0161kimo sklend\u0119, kuri yra valdoma u\u017edarymo vo\u017etuyvu. Kai i\u0161pur\u0161kimo sklend\u0117 u\u017edara, i\u0161leidimo anga taip pat yra u\u017edaryta, tuomet srutos perpilamos i\u0161 antgalio atgal \u012f prie\u0161duob\u0119.\u00a0 \u0160is procesas padeda pramai\u0161yti prie\u0161duob\u0119. VPN siurblyje (su [&hellip;]\" \/>\n<meta property=\"og:url\" content=\"https:\/\/www.specagra.ee\/?product=eys-vertikalus-priesduobes-siurblys-su-ispurskimo-sklende\" \/>\n<meta property=\"og:site_name\" content=\"Specagra\" \/>\n<meta property=\"article:modified_time\" content=\"2023-08-03T08:38:10+00:00\" \/>\n<meta property=\"og:image\" content=\"https:\/\/www.specagra.ee\/wp-content\/uploads\/2023\/08\/Untitled-design-20.jpg\" \/>\n\t<meta property=\"og:image:width\" content=\"800\" \/>\n\t<meta property=\"og:image:height\" content=\"800\" \/>\n\t<meta property=\"og:image:type\" content=\"image\/jpeg\" \/>\n<meta name=\"twitter:card\" content=\"summary_large_image\" \/>\n<meta name=\"twitter:label1\" content=\"Est. reading time\" \/>\n\t<meta name=\"twitter:data1\" content=\"1 minut\" \/>\n<script type=\"application\/ld+json\" class=\"yoast-schema-graph\">{\"@context\":\"https:\/\/schema.org\",\"@graph\":[{\"@type\":\"WebPage\",\"@id\":\"https:\/\/www.specagra.ee\/?product=eys-vertikalus-priesduobes-siurblys-su-ispurskimo-sklende\",\"url\":\"https:\/\/www.specagra.ee\/?product=eys-vertikalus-priesduobes-siurblys-su-ispurskimo-sklende\",\"name\":\"EYS vertikalus prie\u0161duob\u0117s siurblys su i\u0161pur\u0161kimo sklende - Specagra\",\"isPartOf\":{\"@id\":\"https:\/\/www.specagra.ee\/#website\"},\"primaryImageOfPage\":{\"@id\":\"https:\/\/www.specagra.ee\/?product=eys-vertikalus-priesduobes-siurblys-su-ispurskimo-sklende#primaryimage\"},\"image\":{\"@id\":\"https:\/\/www.specagra.ee\/?product=eys-vertikalus-priesduobes-siurblys-su-ispurskimo-sklende#primaryimage\"},\"thumbnailUrl\":\"https:\/\/www.specagra.ee\/wp-content\/uploads\/2023\/08\/Untitled-design-20.jpg\",\"datePublished\":\"2023-08-03T08:13:43+00:00\",\"dateModified\":\"2023-08-03T08:38:10+00:00\",\"breadcrumb\":{\"@id\":\"https:\/\/www.specagra.ee\/?product=eys-vertikalus-priesduobes-siurblys-su-ispurskimo-sklende#breadcrumb\"},\"inLanguage\":\"et\",\"potentialAction\":[{\"@type\":\"ReadAction\",\"target\":[\"https:\/\/www.specagra.ee\/?product=eys-vertikalus-priesduobes-siurblys-su-ispurskimo-sklende\"]}]},{\"@type\":\"ImageObject\",\"inLanguage\":\"et\",\"@id\":\"https:\/\/www.specagra.ee\/?product=eys-vertikalus-priesduobes-siurblys-su-ispurskimo-sklende#primaryimage\",\"url\":\"https:\/\/www.specagra.ee\/wp-content\/uploads\/2023\/08\/Untitled-design-20.jpg\",\"contentUrl\":\"https:\/\/www.specagra.ee\/wp-content\/uploads\/2023\/08\/Untitled-design-20.jpg\",\"width\":800,\"height\":800},{\"@type\":\"BreadcrumbList\",\"@id\":\"https:\/\/www.specagra.ee\/?product=eys-vertikalus-priesduobes-siurblys-su-ispurskimo-sklende#breadcrumb\",\"itemListElement\":[{\"@type\":\"ListItem\",\"position\":1,\"name\":\"Home\",\"item\":\"https:\/\/www.specagra.ee\/\"},{\"@type\":\"ListItem\",\"position\":2,\"name\":\"P\u00f5llumajandustehnika ja loomakasvatus\",\"item\":\"https:\/\/specagra.ee\/?page_id=18493\"},{\"@type\":\"ListItem\",\"position\":3,\"name\":\"EYS vertikalus prie\u0161duob\u0117s siurblys su i\u0161pur\u0161kimo sklende\"}]},{\"@type\":\"WebSite\",\"@id\":\"https:\/\/www.specagra.ee\/#website\",\"url\":\"https:\/\/www.specagra.ee\/\",\"name\":\"Specagra\",\"description\":\"P\u00f5llumajandustehnika ja varuosad\",\"publisher\":{\"@id\":\"https:\/\/www.specagra.ee\/#organization\"},\"potentialAction\":[{\"@type\":\"SearchAction\",\"target\":{\"@type\":\"EntryPoint\",\"urlTemplate\":\"https:\/\/www.specagra.ee\/?s={search_term_string}\"},\"query-input\":{\"@type\":\"PropertyValueSpecification\",\"valueRequired\":true,\"valueName\":\"search_term_string\"}}],\"inLanguage\":\"et\"},{\"@type\":\"Organization\",\"@id\":\"https:\/\/www.specagra.ee\/#organization\",\"name\":\"UAB Specagra\",\"url\":\"https:\/\/www.specagra.ee\/\",\"logo\":{\"@type\":\"ImageObject\",\"inLanguage\":\"et\",\"@id\":\"https:\/\/www.specagra.ee\/#\/schema\/logo\/image\/\",\"url\":\"http:\/\/www.specagra.ee\/wp-content\/uploads\/2022\/02\/SP-logo_naujas-scaled.jpg\",\"contentUrl\":\"http:\/\/www.specagra.ee\/wp-content\/uploads\/2022\/02\/SP-logo_naujas-scaled.jpg\",\"width\":2560,\"height\":326,\"caption\":\"UAB Specagra\"},\"image\":{\"@id\":\"https:\/\/www.specagra.ee\/#\/schema\/logo\/image\/\"}}]}<\/script>\n<!-- \/ Yoast SEO plugin. -->","yoast_head_json":{"title":"EYS vertikalus prie\u0161duob\u0117s siurblys su i\u0161pur\u0161kimo sklende - Specagra","robots":{"index":"index","follow":"follow","max-snippet":"max-snippet:-1","max-image-preview":"max-image-preview:large","max-video-preview":"max-video-preview:-1"},"canonical":"https:\/\/www.specagra.ee\/?product=eys-vertikalus-priesduobes-siurblys-su-ispurskimo-sklende","og_locale":"et_EE","og_type":"article","og_title":"EYS vertikalus prie\u0161duob\u0117s siurblys su i\u0161pur\u0161kimo sklende - Specagra","og_description":"VPN serijos EYS naudojamas m\u0117\u0161lui perpumpuoti \u012f prie\u0161duobes, kuriose srutos yra ma\u017eo tankio (pvz., mel\u017eimo aik\u0161tel\u0117se ir t. t.). \u0160is siurblys turi i\u0161pur\u0161kimo sklend\u0119, kuri yra valdoma u\u017edarymo vo\u017etuyvu. Kai i\u0161pur\u0161kimo sklend\u0117 u\u017edara, i\u0161leidimo anga taip pat yra u\u017edaryta, tuomet srutos perpilamos i\u0161 antgalio atgal \u012f prie\u0161duob\u0119.\u00a0 \u0160is procesas padeda pramai\u0161yti prie\u0161duob\u0119. VPN siurblyje (su [&hellip;]","og_url":"https:\/\/www.specagra.ee\/?product=eys-vertikalus-priesduobes-siurblys-su-ispurskimo-sklende","og_site_name":"Specagra","article_modified_time":"2023-08-03T08:38:10+00:00","og_image":[{"width":800,"height":800,"url":"https:\/\/www.specagra.ee\/wp-content\/uploads\/2023\/08\/Untitled-design-20.jpg","type":"image\/jpeg"}],"twitter_card":"summary_large_image","twitter_misc":{"Est. reading time":"1 minut"},"schema":{"@context":"https:\/\/schema.org","@graph":[{"@type":"WebPage","@id":"https:\/\/www.specagra.ee\/?product=eys-vertikalus-priesduobes-siurblys-su-ispurskimo-sklende","url":"https:\/\/www.specagra.ee\/?product=eys-vertikalus-priesduobes-siurblys-su-ispurskimo-sklende","name":"EYS vertikalus prie\u0161duob\u0117s siurblys su i\u0161pur\u0161kimo sklende - Specagra","isPartOf":{"@id":"https:\/\/www.specagra.ee\/#website"},"primaryImageOfPage":{"@id":"https:\/\/www.specagra.ee\/?product=eys-vertikalus-priesduobes-siurblys-su-ispurskimo-sklende#primaryimage"},"image":{"@id":"https:\/\/www.specagra.ee\/?product=eys-vertikalus-priesduobes-siurblys-su-ispurskimo-sklende#primaryimage"},"thumbnailUrl":"https:\/\/www.specagra.ee\/wp-content\/uploads\/2023\/08\/Untitled-design-20.jpg","datePublished":"2023-08-03T08:13:43+00:00","dateModified":"2023-08-03T08:38:10+00:00","breadcrumb":{"@id":"https:\/\/www.specagra.ee\/?product=eys-vertikalus-priesduobes-siurblys-su-ispurskimo-sklende#breadcrumb"},"inLanguage":"et","potentialAction":[{"@type":"ReadAction","target":["https:\/\/www.specagra.ee\/?product=eys-vertikalus-priesduobes-siurblys-su-ispurskimo-sklende"]}]},{"@type":"ImageObject","inLanguage":"et","@id":"https:\/\/www.specagra.ee\/?product=eys-vertikalus-priesduobes-siurblys-su-ispurskimo-sklende#primaryimage","url":"https:\/\/www.specagra.ee\/wp-content\/uploads\/2023\/08\/Untitled-design-20.jpg","contentUrl":"https:\/\/www.specagra.ee\/wp-content\/uploads\/2023\/08\/Untitled-design-20.jpg","width":800,"height":800},{"@type":"BreadcrumbList","@id":"https:\/\/www.specagra.ee\/?product=eys-vertikalus-priesduobes-siurblys-su-ispurskimo-sklende#breadcrumb","itemListElement":[{"@type":"ListItem","position":1,"name":"Home","item":"https:\/\/www.specagra.ee\/"},{"@type":"ListItem","position":2,"name":"P\u00f5llumajandustehnika ja loomakasvatus","item":"https:\/\/specagra.ee\/?page_id=18493"},{"@type":"ListItem","position":3,"name":"EYS vertikalus prie\u0161duob\u0117s siurblys su i\u0161pur\u0161kimo sklende"}]},{"@type":"WebSite","@id":"https:\/\/www.specagra.ee\/#website","url":"https:\/\/www.specagra.ee\/","name":"Specagra","description":"P\u00f5llumajandustehnika ja varuosad","publisher":{"@id":"https:\/\/www.specagra.ee\/#organization"},"potentialAction":[{"@type":"SearchAction","target":{"@type":"EntryPoint","urlTemplate":"https:\/\/www.specagra.ee\/?s={search_term_string}"},"query-input":{"@type":"PropertyValueSpecification","valueRequired":true,"valueName":"search_term_string"}}],"inLanguage":"et"},{"@type":"Organization","@id":"https:\/\/www.specagra.ee\/#organization","name":"UAB Specagra","url":"https:\/\/www.specagra.ee\/","logo":{"@type":"ImageObject","inLanguage":"et","@id":"https:\/\/www.specagra.ee\/#\/schema\/logo\/image\/","url":"http:\/\/www.specagra.ee\/wp-content\/uploads\/2022\/02\/SP-logo_naujas-scaled.jpg","contentUrl":"http:\/\/www.specagra.ee\/wp-content\/uploads\/2022\/02\/SP-logo_naujas-scaled.jpg","width":2560,"height":326,"caption":"UAB Specagra"},"image":{"@id":"https:\/\/www.specagra.ee\/#\/schema\/logo\/image\/"}}]}},"_links":{"self":[{"href":"https:\/\/www.specagra.ee\/index.php?rest_route=\/wp\/v2\/product\/32122","targetHints":{"allow":["GET"]}}],"collection":[{"href":"https:\/\/www.specagra.ee\/index.php?rest_route=\/wp\/v2\/product"}],"about":[{"href":"https:\/\/www.specagra.ee\/index.php?rest_route=\/wp\/v2\/types\/product"}],"wp:featuredmedia":[{"embeddable":true,"href":"https:\/\/www.specagra.ee\/index.php?rest_route=\/wp\/v2\/media\/32123"}],"wp:attachment":[{"href":"https:\/\/www.specagra.ee\/index.php?rest_route=%2Fwp%2Fv2%2Fmedia&parent=32122"}],"wp:term":[{"taxonomy":"product_brand","embeddable":true,"href":"https:\/\/www.specagra.ee\/index.php?rest_route=%2Fwp%2Fv2%2Fproduct_brand&post=32122"},{"taxonomy":"product_cat","embeddable":true,"href":"https:\/\/www.specagra.ee\/index.php?rest_route=%2Fwp%2Fv2%2Fproduct_cat&post=32122"},{"taxonomy":"product_tag","embeddable":true,"href":"https:\/\/www.specagra.ee\/index.php?rest_route=%2Fwp%2Fv2%2Fproduct_tag&post=32122"}],"curies":[{"name":"wp","href":"https:\/\/api.w.org\/{rel}","templated":true}]}}