{"id":32114,"date":"2023-08-03T05:36:21","date_gmt":"2023-08-03T07:36:21","guid":{"rendered":"https:\/\/www.specagra.ee\/?post_type=product&#038;p=32114"},"modified":"2023-08-03T06:09:07","modified_gmt":"2023-08-03T08:09:07","slug":"eys-vertikalus-priesduobes-siurblys","status":"publish","type":"product","link":"https:\/\/www.specagra.ee\/?product=eys-vertikalus-priesduobes-siurblys","title":{"rendered":"EYS vertikalus prie\u0161duob\u0117s siurblys"},"content":{"rendered":"<p>&nbsp;<\/p>\n<p>VP serijos EYS naudojamas m\u0117\u0161lui perpumpuoti \u012f prie\u0161duobes, kuriose srutos yra ma\u017eo tankio (pvz., mel\u017eimo aik\u0161tel\u0117se ir t. t.).<br \/>\nElektros variklis suka ver\u017eliarak\u010dio mechanizm\u0105 ir ver\u017eliarak\u010dio dir\u017e\u0105 ,o mechanizmas suka vertikal\u0173j\u012f velen\u0105. Tada vertikalusis velenas suka siurblio ventiliatori\u0173 ir taip prasideda siurbimas.<br \/>\nVP serijos siurblys neturi mai\u0161ymo funkcijos, tod\u0117l srut\u0173 tankis turi b\u016bti ma\u017eesnis nei 12 %.<br \/>\nSiurbimo na\u0161umas priklauso nuo variklio tipo.<\/p>\n","protected":false},"excerpt":{"rendered":"<p>&nbsp; VP serijos EYS naudojamas m\u0117\u0161lui perpumpuoti \u012f prie\u0161duobes, kuriose srutos yra ma\u017eo tankio (pvz., mel\u017eimo aik\u0161tel\u0117se ir t. t.). Elektros variklis suka ver\u017eliarak\u010dio mechanizm\u0105 ir ver\u017eliarak\u010dio dir\u017e\u0105 ,o mechanizmas suka vertikal\u0173j\u012f velen\u0105. Tada vertikalusis velenas suka siurblio ventiliatori\u0173 ir taip prasideda siurbimas. VP serijos siurblys neturi mai\u0161ymo funkcijos, tod\u0117l srut\u0173 tankis turi b\u016bti ma\u017eesnis [&hellip;]<\/p>\n","protected":false},"featured_media":32115,"template":"","meta":{"_et_pb_use_builder":"","_et_pb_old_content":"","_et_gb_content_width":""},"product_brand":[],"product_cat":[130],"product_tag":[],"class_list":{"0":"post-32114","1":"product","2":"type-product","3":"status-publish","4":"has-post-thumbnail","6":"product_cat-lagapumbad","8":"first","9":"instock","10":"shipping-taxable","11":"product-type-simple"},"yoast_head":"<!-- This site is optimized with the Yoast SEO plugin v26.4 - https:\/\/yoast.com\/wordpress\/plugins\/seo\/ -->\n<title>EYS vertikalus prie\u0161duob\u0117s siurblys - Specagra<\/title>\n<meta name=\"robots\" content=\"index, follow, max-snippet:-1, max-image-preview:large, max-video-preview:-1\" \/>\n<link rel=\"canonical\" href=\"https:\/\/www.specagra.ee\/?product=eys-vertikalus-priesduobes-siurblys\" \/>\n<meta property=\"og:locale\" content=\"et_EE\" \/>\n<meta property=\"og:type\" content=\"article\" \/>\n<meta property=\"og:title\" content=\"EYS vertikalus prie\u0161duob\u0117s siurblys - Specagra\" \/>\n<meta property=\"og:description\" content=\"&nbsp; VP serijos EYS naudojamas m\u0117\u0161lui perpumpuoti \u012f prie\u0161duobes, kuriose srutos yra ma\u017eo tankio (pvz., mel\u017eimo aik\u0161tel\u0117se ir t. t.). Elektros variklis suka ver\u017eliarak\u010dio mechanizm\u0105 ir ver\u017eliarak\u010dio dir\u017e\u0105 ,o mechanizmas suka vertikal\u0173j\u012f velen\u0105. Tada vertikalusis velenas suka siurblio ventiliatori\u0173 ir taip prasideda siurbimas. VP serijos siurblys neturi mai\u0161ymo funkcijos, tod\u0117l srut\u0173 tankis turi b\u016bti ma\u017eesnis [&hellip;]\" \/>\n<meta property=\"og:url\" content=\"https:\/\/www.specagra.ee\/?product=eys-vertikalus-priesduobes-siurblys\" \/>\n<meta property=\"og:site_name\" content=\"Specagra\" \/>\n<meta property=\"article:modified_time\" content=\"2023-08-03T08:09:07+00:00\" \/>\n<meta property=\"og:image\" content=\"https:\/\/www.specagra.ee\/wp-content\/uploads\/2023\/08\/Untitled-design-17.jpg\" \/>\n\t<meta property=\"og:image:width\" content=\"800\" \/>\n\t<meta property=\"og:image:height\" content=\"800\" \/>\n\t<meta property=\"og:image:type\" content=\"image\/jpeg\" \/>\n<meta name=\"twitter:card\" content=\"summary_large_image\" \/>\n<meta name=\"twitter:label1\" content=\"Est. reading time\" \/>\n\t<meta name=\"twitter:data1\" content=\"1 minut\" \/>\n<script type=\"application\/ld+json\" class=\"yoast-schema-graph\">{\"@context\":\"https:\/\/schema.org\",\"@graph\":[{\"@type\":\"WebPage\",\"@id\":\"https:\/\/www.specagra.ee\/?product=eys-vertikalus-priesduobes-siurblys\",\"url\":\"https:\/\/www.specagra.ee\/?product=eys-vertikalus-priesduobes-siurblys\",\"name\":\"EYS vertikalus prie\u0161duob\u0117s siurblys - Specagra\",\"isPartOf\":{\"@id\":\"https:\/\/www.specagra.ee\/#website\"},\"primaryImageOfPage\":{\"@id\":\"https:\/\/www.specagra.ee\/?product=eys-vertikalus-priesduobes-siurblys#primaryimage\"},\"image\":{\"@id\":\"https:\/\/www.specagra.ee\/?product=eys-vertikalus-priesduobes-siurblys#primaryimage\"},\"thumbnailUrl\":\"https:\/\/www.specagra.ee\/wp-content\/uploads\/2023\/08\/Untitled-design-17.jpg\",\"datePublished\":\"2023-08-03T07:36:21+00:00\",\"dateModified\":\"2023-08-03T08:09:07+00:00\",\"breadcrumb\":{\"@id\":\"https:\/\/www.specagra.ee\/?product=eys-vertikalus-priesduobes-siurblys#breadcrumb\"},\"inLanguage\":\"et\",\"potentialAction\":[{\"@type\":\"ReadAction\",\"target\":[\"https:\/\/www.specagra.ee\/?product=eys-vertikalus-priesduobes-siurblys\"]}]},{\"@type\":\"ImageObject\",\"inLanguage\":\"et\",\"@id\":\"https:\/\/www.specagra.ee\/?product=eys-vertikalus-priesduobes-siurblys#primaryimage\",\"url\":\"https:\/\/www.specagra.ee\/wp-content\/uploads\/2023\/08\/Untitled-design-17.jpg\",\"contentUrl\":\"https:\/\/www.specagra.ee\/wp-content\/uploads\/2023\/08\/Untitled-design-17.jpg\",\"width\":800,\"height\":800},{\"@type\":\"BreadcrumbList\",\"@id\":\"https:\/\/www.specagra.ee\/?product=eys-vertikalus-priesduobes-siurblys#breadcrumb\",\"itemListElement\":[{\"@type\":\"ListItem\",\"position\":1,\"name\":\"Home\",\"item\":\"https:\/\/www.specagra.ee\/\"},{\"@type\":\"ListItem\",\"position\":2,\"name\":\"P\u00f5llumajandustehnika ja loomakasvatus\",\"item\":\"https:\/\/specagra.ee\/?page_id=18493\"},{\"@type\":\"ListItem\",\"position\":3,\"name\":\"EYS vertikalus prie\u0161duob\u0117s siurblys\"}]},{\"@type\":\"WebSite\",\"@id\":\"https:\/\/www.specagra.ee\/#website\",\"url\":\"https:\/\/www.specagra.ee\/\",\"name\":\"Specagra\",\"description\":\"P\u00f5llumajandustehnika ja varuosad\",\"publisher\":{\"@id\":\"https:\/\/www.specagra.ee\/#organization\"},\"potentialAction\":[{\"@type\":\"SearchAction\",\"target\":{\"@type\":\"EntryPoint\",\"urlTemplate\":\"https:\/\/www.specagra.ee\/?s={search_term_string}\"},\"query-input\":{\"@type\":\"PropertyValueSpecification\",\"valueRequired\":true,\"valueName\":\"search_term_string\"}}],\"inLanguage\":\"et\"},{\"@type\":\"Organization\",\"@id\":\"https:\/\/www.specagra.ee\/#organization\",\"name\":\"UAB Specagra\",\"url\":\"https:\/\/www.specagra.ee\/\",\"logo\":{\"@type\":\"ImageObject\",\"inLanguage\":\"et\",\"@id\":\"https:\/\/www.specagra.ee\/#\/schema\/logo\/image\/\",\"url\":\"http:\/\/www.specagra.ee\/wp-content\/uploads\/2022\/02\/SP-logo_naujas-scaled.jpg\",\"contentUrl\":\"http:\/\/www.specagra.ee\/wp-content\/uploads\/2022\/02\/SP-logo_naujas-scaled.jpg\",\"width\":2560,\"height\":326,\"caption\":\"UAB Specagra\"},\"image\":{\"@id\":\"https:\/\/www.specagra.ee\/#\/schema\/logo\/image\/\"}}]}<\/script>\n<!-- \/ Yoast SEO plugin. -->","yoast_head_json":{"title":"EYS vertikalus prie\u0161duob\u0117s siurblys - Specagra","robots":{"index":"index","follow":"follow","max-snippet":"max-snippet:-1","max-image-preview":"max-image-preview:large","max-video-preview":"max-video-preview:-1"},"canonical":"https:\/\/www.specagra.ee\/?product=eys-vertikalus-priesduobes-siurblys","og_locale":"et_EE","og_type":"article","og_title":"EYS vertikalus prie\u0161duob\u0117s siurblys - Specagra","og_description":"&nbsp; VP serijos EYS naudojamas m\u0117\u0161lui perpumpuoti \u012f prie\u0161duobes, kuriose srutos yra ma\u017eo tankio (pvz., mel\u017eimo aik\u0161tel\u0117se ir t. t.). Elektros variklis suka ver\u017eliarak\u010dio mechanizm\u0105 ir ver\u017eliarak\u010dio dir\u017e\u0105 ,o mechanizmas suka vertikal\u0173j\u012f velen\u0105. Tada vertikalusis velenas suka siurblio ventiliatori\u0173 ir taip prasideda siurbimas. VP serijos siurblys neturi mai\u0161ymo funkcijos, tod\u0117l srut\u0173 tankis turi b\u016bti ma\u017eesnis [&hellip;]","og_url":"https:\/\/www.specagra.ee\/?product=eys-vertikalus-priesduobes-siurblys","og_site_name":"Specagra","article_modified_time":"2023-08-03T08:09:07+00:00","og_image":[{"width":800,"height":800,"url":"https:\/\/www.specagra.ee\/wp-content\/uploads\/2023\/08\/Untitled-design-17.jpg","type":"image\/jpeg"}],"twitter_card":"summary_large_image","twitter_misc":{"Est. reading time":"1 minut"},"schema":{"@context":"https:\/\/schema.org","@graph":[{"@type":"WebPage","@id":"https:\/\/www.specagra.ee\/?product=eys-vertikalus-priesduobes-siurblys","url":"https:\/\/www.specagra.ee\/?product=eys-vertikalus-priesduobes-siurblys","name":"EYS vertikalus prie\u0161duob\u0117s siurblys - Specagra","isPartOf":{"@id":"https:\/\/www.specagra.ee\/#website"},"primaryImageOfPage":{"@id":"https:\/\/www.specagra.ee\/?product=eys-vertikalus-priesduobes-siurblys#primaryimage"},"image":{"@id":"https:\/\/www.specagra.ee\/?product=eys-vertikalus-priesduobes-siurblys#primaryimage"},"thumbnailUrl":"https:\/\/www.specagra.ee\/wp-content\/uploads\/2023\/08\/Untitled-design-17.jpg","datePublished":"2023-08-03T07:36:21+00:00","dateModified":"2023-08-03T08:09:07+00:00","breadcrumb":{"@id":"https:\/\/www.specagra.ee\/?product=eys-vertikalus-priesduobes-siurblys#breadcrumb"},"inLanguage":"et","potentialAction":[{"@type":"ReadAction","target":["https:\/\/www.specagra.ee\/?product=eys-vertikalus-priesduobes-siurblys"]}]},{"@type":"ImageObject","inLanguage":"et","@id":"https:\/\/www.specagra.ee\/?product=eys-vertikalus-priesduobes-siurblys#primaryimage","url":"https:\/\/www.specagra.ee\/wp-content\/uploads\/2023\/08\/Untitled-design-17.jpg","contentUrl":"https:\/\/www.specagra.ee\/wp-content\/uploads\/2023\/08\/Untitled-design-17.jpg","width":800,"height":800},{"@type":"BreadcrumbList","@id":"https:\/\/www.specagra.ee\/?product=eys-vertikalus-priesduobes-siurblys#breadcrumb","itemListElement":[{"@type":"ListItem","position":1,"name":"Home","item":"https:\/\/www.specagra.ee\/"},{"@type":"ListItem","position":2,"name":"P\u00f5llumajandustehnika ja loomakasvatus","item":"https:\/\/specagra.ee\/?page_id=18493"},{"@type":"ListItem","position":3,"name":"EYS vertikalus prie\u0161duob\u0117s siurblys"}]},{"@type":"WebSite","@id":"https:\/\/www.specagra.ee\/#website","url":"https:\/\/www.specagra.ee\/","name":"Specagra","description":"P\u00f5llumajandustehnika ja varuosad","publisher":{"@id":"https:\/\/www.specagra.ee\/#organization"},"potentialAction":[{"@type":"SearchAction","target":{"@type":"EntryPoint","urlTemplate":"https:\/\/www.specagra.ee\/?s={search_term_string}"},"query-input":{"@type":"PropertyValueSpecification","valueRequired":true,"valueName":"search_term_string"}}],"inLanguage":"et"},{"@type":"Organization","@id":"https:\/\/www.specagra.ee\/#organization","name":"UAB Specagra","url":"https:\/\/www.specagra.ee\/","logo":{"@type":"ImageObject","inLanguage":"et","@id":"https:\/\/www.specagra.ee\/#\/schema\/logo\/image\/","url":"http:\/\/www.specagra.ee\/wp-content\/uploads\/2022\/02\/SP-logo_naujas-scaled.jpg","contentUrl":"http:\/\/www.specagra.ee\/wp-content\/uploads\/2022\/02\/SP-logo_naujas-scaled.jpg","width":2560,"height":326,"caption":"UAB Specagra"},"image":{"@id":"https:\/\/www.specagra.ee\/#\/schema\/logo\/image\/"}}]}},"_links":{"self":[{"href":"https:\/\/www.specagra.ee\/index.php?rest_route=\/wp\/v2\/product\/32114","targetHints":{"allow":["GET"]}}],"collection":[{"href":"https:\/\/www.specagra.ee\/index.php?rest_route=\/wp\/v2\/product"}],"about":[{"href":"https:\/\/www.specagra.ee\/index.php?rest_route=\/wp\/v2\/types\/product"}],"wp:featuredmedia":[{"embeddable":true,"href":"https:\/\/www.specagra.ee\/index.php?rest_route=\/wp\/v2\/media\/32115"}],"wp:attachment":[{"href":"https:\/\/www.specagra.ee\/index.php?rest_route=%2Fwp%2Fv2%2Fmedia&parent=32114"}],"wp:term":[{"taxonomy":"product_brand","embeddable":true,"href":"https:\/\/www.specagra.ee\/index.php?rest_route=%2Fwp%2Fv2%2Fproduct_brand&post=32114"},{"taxonomy":"product_cat","embeddable":true,"href":"https:\/\/www.specagra.ee\/index.php?rest_route=%2Fwp%2Fv2%2Fproduct_cat&post=32114"},{"taxonomy":"product_tag","embeddable":true,"href":"https:\/\/www.specagra.ee\/index.php?rest_route=%2Fwp%2Fv2%2Fproduct_tag&post=32114"}],"curies":[{"name":"wp","href":"https:\/\/api.w.org\/{rel}","templated":true}]}}