{"id":32107,"date":"2023-08-03T04:16:53","date_gmt":"2023-08-03T06:16:53","guid":{"rendered":"https:\/\/www.specagra.ee\/?post_type=product&#038;p=32107"},"modified":"2023-08-03T05:10:20","modified_gmt":"2023-08-03T07:10:20","slug":"eys-srutu-priesduobes-siurblys-su-pamaisymu","status":"publish","type":"product","link":"https:\/\/www.specagra.ee\/?product=eys-srutu-priesduobes-siurblys-su-pamaisymu","title":{"rendered":"EYS srut\u0173 prie\u0161duob\u0117s siurblys su pamai\u0161ymu"},"content":{"rendered":"<p>MP serijos EYS mai\u0161ymo siurblys leid\u017eia mai\u0161yti ir siurbti m\u0117\u0161l\u0105 tuo pa\u010diu metu. Taip pat, u\u017edarius i\u0161\u0117jimo ang\u0105, m\u0117\u0161l\u0105 prie\u0161duob\u0117je galima tik mai\u0161yti.<br \/>\nSiurblio na\u0161umas ir mai\u0161ymo efektyvumas priklauso nuo variklio tipo.<\/p>\n","protected":false},"excerpt":{"rendered":"<p>MP serijos EYS mai\u0161ymo siurblys leid\u017eia mai\u0161yti ir siurbti m\u0117\u0161l\u0105 tuo pa\u010diu metu. Taip pat, u\u017edarius i\u0161\u0117jimo ang\u0105, m\u0117\u0161l\u0105 prie\u0161duob\u0117je galima tik mai\u0161yti. Siurblio na\u0161umas ir mai\u0161ymo efektyvumas priklauso nuo variklio tipo.<\/p>\n","protected":false},"featured_media":32108,"template":"","meta":{"_et_pb_use_builder":"","_et_pb_old_content":"","_et_gb_content_width":""},"product_brand":[],"product_cat":[130],"product_tag":[],"class_list":{"0":"post-32107","1":"product","2":"type-product","3":"status-publish","4":"has-post-thumbnail","6":"product_cat-lagapumbad","8":"first","9":"instock","10":"shipping-taxable","11":"product-type-simple"},"yoast_head":"<!-- This site is optimized with the Yoast SEO plugin v26.4 - https:\/\/yoast.com\/wordpress\/plugins\/seo\/ -->\n<title>EYS srut\u0173 prie\u0161duob\u0117s siurblys su pamai\u0161ymu - Specagra<\/title>\n<meta name=\"robots\" content=\"index, follow, max-snippet:-1, max-image-preview:large, max-video-preview:-1\" \/>\n<link rel=\"canonical\" href=\"https:\/\/www.specagra.ee\/?product=eys-srutu-priesduobes-siurblys-su-pamaisymu\" \/>\n<meta property=\"og:locale\" content=\"et_EE\" \/>\n<meta property=\"og:type\" content=\"article\" \/>\n<meta property=\"og:title\" content=\"EYS srut\u0173 prie\u0161duob\u0117s siurblys su pamai\u0161ymu - Specagra\" \/>\n<meta property=\"og:description\" content=\"MP serijos EYS mai\u0161ymo siurblys leid\u017eia mai\u0161yti ir siurbti m\u0117\u0161l\u0105 tuo pa\u010diu metu. Taip pat, u\u017edarius i\u0161\u0117jimo ang\u0105, m\u0117\u0161l\u0105 prie\u0161duob\u0117je galima tik mai\u0161yti. Siurblio na\u0161umas ir mai\u0161ymo efektyvumas priklauso nuo variklio tipo.\" \/>\n<meta property=\"og:url\" content=\"https:\/\/www.specagra.ee\/?product=eys-srutu-priesduobes-siurblys-su-pamaisymu\" \/>\n<meta property=\"og:site_name\" content=\"Specagra\" \/>\n<meta property=\"article:modified_time\" content=\"2023-08-03T07:10:20+00:00\" \/>\n<meta property=\"og:image\" content=\"https:\/\/www.specagra.ee\/wp-content\/uploads\/2023\/08\/Untitled-design-12.jpg\" \/>\n\t<meta property=\"og:image:width\" content=\"800\" \/>\n\t<meta property=\"og:image:height\" content=\"800\" \/>\n\t<meta property=\"og:image:type\" content=\"image\/jpeg\" \/>\n<meta name=\"twitter:card\" content=\"summary_large_image\" \/>\n<meta name=\"twitter:label1\" content=\"Est. reading time\" \/>\n\t<meta name=\"twitter:data1\" content=\"1 minut\" \/>\n<script type=\"application\/ld+json\" class=\"yoast-schema-graph\">{\"@context\":\"https:\/\/schema.org\",\"@graph\":[{\"@type\":\"WebPage\",\"@id\":\"https:\/\/www.specagra.ee\/?product=eys-srutu-priesduobes-siurblys-su-pamaisymu\",\"url\":\"https:\/\/www.specagra.ee\/?product=eys-srutu-priesduobes-siurblys-su-pamaisymu\",\"name\":\"EYS srut\u0173 prie\u0161duob\u0117s siurblys su pamai\u0161ymu - Specagra\",\"isPartOf\":{\"@id\":\"https:\/\/www.specagra.ee\/#website\"},\"primaryImageOfPage\":{\"@id\":\"https:\/\/www.specagra.ee\/?product=eys-srutu-priesduobes-siurblys-su-pamaisymu#primaryimage\"},\"image\":{\"@id\":\"https:\/\/www.specagra.ee\/?product=eys-srutu-priesduobes-siurblys-su-pamaisymu#primaryimage\"},\"thumbnailUrl\":\"https:\/\/www.specagra.ee\/wp-content\/uploads\/2023\/08\/Untitled-design-12.jpg\",\"datePublished\":\"2023-08-03T06:16:53+00:00\",\"dateModified\":\"2023-08-03T07:10:20+00:00\",\"breadcrumb\":{\"@id\":\"https:\/\/www.specagra.ee\/?product=eys-srutu-priesduobes-siurblys-su-pamaisymu#breadcrumb\"},\"inLanguage\":\"et\",\"potentialAction\":[{\"@type\":\"ReadAction\",\"target\":[\"https:\/\/www.specagra.ee\/?product=eys-srutu-priesduobes-siurblys-su-pamaisymu\"]}]},{\"@type\":\"ImageObject\",\"inLanguage\":\"et\",\"@id\":\"https:\/\/www.specagra.ee\/?product=eys-srutu-priesduobes-siurblys-su-pamaisymu#primaryimage\",\"url\":\"https:\/\/www.specagra.ee\/wp-content\/uploads\/2023\/08\/Untitled-design-12.jpg\",\"contentUrl\":\"https:\/\/www.specagra.ee\/wp-content\/uploads\/2023\/08\/Untitled-design-12.jpg\",\"width\":800,\"height\":800},{\"@type\":\"BreadcrumbList\",\"@id\":\"https:\/\/www.specagra.ee\/?product=eys-srutu-priesduobes-siurblys-su-pamaisymu#breadcrumb\",\"itemListElement\":[{\"@type\":\"ListItem\",\"position\":1,\"name\":\"Home\",\"item\":\"https:\/\/www.specagra.ee\/\"},{\"@type\":\"ListItem\",\"position\":2,\"name\":\"P\u00f5llumajandustehnika ja loomakasvatus\",\"item\":\"https:\/\/specagra.ee\/?page_id=18493\"},{\"@type\":\"ListItem\",\"position\":3,\"name\":\"EYS srut\u0173 prie\u0161duob\u0117s siurblys su pamai\u0161ymu\"}]},{\"@type\":\"WebSite\",\"@id\":\"https:\/\/www.specagra.ee\/#website\",\"url\":\"https:\/\/www.specagra.ee\/\",\"name\":\"Specagra\",\"description\":\"P\u00f5llumajandustehnika ja varuosad\",\"publisher\":{\"@id\":\"https:\/\/www.specagra.ee\/#organization\"},\"potentialAction\":[{\"@type\":\"SearchAction\",\"target\":{\"@type\":\"EntryPoint\",\"urlTemplate\":\"https:\/\/www.specagra.ee\/?s={search_term_string}\"},\"query-input\":{\"@type\":\"PropertyValueSpecification\",\"valueRequired\":true,\"valueName\":\"search_term_string\"}}],\"inLanguage\":\"et\"},{\"@type\":\"Organization\",\"@id\":\"https:\/\/www.specagra.ee\/#organization\",\"name\":\"UAB Specagra\",\"url\":\"https:\/\/www.specagra.ee\/\",\"logo\":{\"@type\":\"ImageObject\",\"inLanguage\":\"et\",\"@id\":\"https:\/\/www.specagra.ee\/#\/schema\/logo\/image\/\",\"url\":\"http:\/\/www.specagra.ee\/wp-content\/uploads\/2022\/02\/SP-logo_naujas-scaled.jpg\",\"contentUrl\":\"http:\/\/www.specagra.ee\/wp-content\/uploads\/2022\/02\/SP-logo_naujas-scaled.jpg\",\"width\":2560,\"height\":326,\"caption\":\"UAB Specagra\"},\"image\":{\"@id\":\"https:\/\/www.specagra.ee\/#\/schema\/logo\/image\/\"}}]}<\/script>\n<!-- \/ Yoast SEO plugin. -->","yoast_head_json":{"title":"EYS srut\u0173 prie\u0161duob\u0117s siurblys su pamai\u0161ymu - Specagra","robots":{"index":"index","follow":"follow","max-snippet":"max-snippet:-1","max-image-preview":"max-image-preview:large","max-video-preview":"max-video-preview:-1"},"canonical":"https:\/\/www.specagra.ee\/?product=eys-srutu-priesduobes-siurblys-su-pamaisymu","og_locale":"et_EE","og_type":"article","og_title":"EYS srut\u0173 prie\u0161duob\u0117s siurblys su pamai\u0161ymu - Specagra","og_description":"MP serijos EYS mai\u0161ymo siurblys leid\u017eia mai\u0161yti ir siurbti m\u0117\u0161l\u0105 tuo pa\u010diu metu. Taip pat, u\u017edarius i\u0161\u0117jimo ang\u0105, m\u0117\u0161l\u0105 prie\u0161duob\u0117je galima tik mai\u0161yti. Siurblio na\u0161umas ir mai\u0161ymo efektyvumas priklauso nuo variklio tipo.","og_url":"https:\/\/www.specagra.ee\/?product=eys-srutu-priesduobes-siurblys-su-pamaisymu","og_site_name":"Specagra","article_modified_time":"2023-08-03T07:10:20+00:00","og_image":[{"width":800,"height":800,"url":"https:\/\/www.specagra.ee\/wp-content\/uploads\/2023\/08\/Untitled-design-12.jpg","type":"image\/jpeg"}],"twitter_card":"summary_large_image","twitter_misc":{"Est. reading time":"1 minut"},"schema":{"@context":"https:\/\/schema.org","@graph":[{"@type":"WebPage","@id":"https:\/\/www.specagra.ee\/?product=eys-srutu-priesduobes-siurblys-su-pamaisymu","url":"https:\/\/www.specagra.ee\/?product=eys-srutu-priesduobes-siurblys-su-pamaisymu","name":"EYS srut\u0173 prie\u0161duob\u0117s siurblys su pamai\u0161ymu - Specagra","isPartOf":{"@id":"https:\/\/www.specagra.ee\/#website"},"primaryImageOfPage":{"@id":"https:\/\/www.specagra.ee\/?product=eys-srutu-priesduobes-siurblys-su-pamaisymu#primaryimage"},"image":{"@id":"https:\/\/www.specagra.ee\/?product=eys-srutu-priesduobes-siurblys-su-pamaisymu#primaryimage"},"thumbnailUrl":"https:\/\/www.specagra.ee\/wp-content\/uploads\/2023\/08\/Untitled-design-12.jpg","datePublished":"2023-08-03T06:16:53+00:00","dateModified":"2023-08-03T07:10:20+00:00","breadcrumb":{"@id":"https:\/\/www.specagra.ee\/?product=eys-srutu-priesduobes-siurblys-su-pamaisymu#breadcrumb"},"inLanguage":"et","potentialAction":[{"@type":"ReadAction","target":["https:\/\/www.specagra.ee\/?product=eys-srutu-priesduobes-siurblys-su-pamaisymu"]}]},{"@type":"ImageObject","inLanguage":"et","@id":"https:\/\/www.specagra.ee\/?product=eys-srutu-priesduobes-siurblys-su-pamaisymu#primaryimage","url":"https:\/\/www.specagra.ee\/wp-content\/uploads\/2023\/08\/Untitled-design-12.jpg","contentUrl":"https:\/\/www.specagra.ee\/wp-content\/uploads\/2023\/08\/Untitled-design-12.jpg","width":800,"height":800},{"@type":"BreadcrumbList","@id":"https:\/\/www.specagra.ee\/?product=eys-srutu-priesduobes-siurblys-su-pamaisymu#breadcrumb","itemListElement":[{"@type":"ListItem","position":1,"name":"Home","item":"https:\/\/www.specagra.ee\/"},{"@type":"ListItem","position":2,"name":"P\u00f5llumajandustehnika ja loomakasvatus","item":"https:\/\/specagra.ee\/?page_id=18493"},{"@type":"ListItem","position":3,"name":"EYS srut\u0173 prie\u0161duob\u0117s siurblys su pamai\u0161ymu"}]},{"@type":"WebSite","@id":"https:\/\/www.specagra.ee\/#website","url":"https:\/\/www.specagra.ee\/","name":"Specagra","description":"P\u00f5llumajandustehnika ja varuosad","publisher":{"@id":"https:\/\/www.specagra.ee\/#organization"},"potentialAction":[{"@type":"SearchAction","target":{"@type":"EntryPoint","urlTemplate":"https:\/\/www.specagra.ee\/?s={search_term_string}"},"query-input":{"@type":"PropertyValueSpecification","valueRequired":true,"valueName":"search_term_string"}}],"inLanguage":"et"},{"@type":"Organization","@id":"https:\/\/www.specagra.ee\/#organization","name":"UAB Specagra","url":"https:\/\/www.specagra.ee\/","logo":{"@type":"ImageObject","inLanguage":"et","@id":"https:\/\/www.specagra.ee\/#\/schema\/logo\/image\/","url":"http:\/\/www.specagra.ee\/wp-content\/uploads\/2022\/02\/SP-logo_naujas-scaled.jpg","contentUrl":"http:\/\/www.specagra.ee\/wp-content\/uploads\/2022\/02\/SP-logo_naujas-scaled.jpg","width":2560,"height":326,"caption":"UAB Specagra"},"image":{"@id":"https:\/\/www.specagra.ee\/#\/schema\/logo\/image\/"}}]}},"_links":{"self":[{"href":"https:\/\/www.specagra.ee\/index.php?rest_route=\/wp\/v2\/product\/32107","targetHints":{"allow":["GET"]}}],"collection":[{"href":"https:\/\/www.specagra.ee\/index.php?rest_route=\/wp\/v2\/product"}],"about":[{"href":"https:\/\/www.specagra.ee\/index.php?rest_route=\/wp\/v2\/types\/product"}],"wp:featuredmedia":[{"embeddable":true,"href":"https:\/\/www.specagra.ee\/index.php?rest_route=\/wp\/v2\/media\/32108"}],"wp:attachment":[{"href":"https:\/\/www.specagra.ee\/index.php?rest_route=%2Fwp%2Fv2%2Fmedia&parent=32107"}],"wp:term":[{"taxonomy":"product_brand","embeddable":true,"href":"https:\/\/www.specagra.ee\/index.php?rest_route=%2Fwp%2Fv2%2Fproduct_brand&post=32107"},{"taxonomy":"product_cat","embeddable":true,"href":"https:\/\/www.specagra.ee\/index.php?rest_route=%2Fwp%2Fv2%2Fproduct_cat&post=32107"},{"taxonomy":"product_tag","embeddable":true,"href":"https:\/\/www.specagra.ee\/index.php?rest_route=%2Fwp%2Fv2%2Fproduct_tag&post=32107"}],"curies":[{"name":"wp","href":"https:\/\/api.w.org\/{rel}","templated":true}]}}