{"id":32101,"date":"2023-08-01T11:14:44","date_gmt":"2023-08-01T13:14:44","guid":{"rendered":"https:\/\/www.specagra.ee\/?post_type=product&#038;p=32101"},"modified":"2023-08-02T09:57:20","modified_gmt":"2023-08-02T11:57:20","slug":"eys-srutu-priesduobes-siurblys-su-pamaisymu-ir-smulkinimu","status":"publish","type":"product","link":"https:\/\/www.specagra.ee\/?product=eys-srutu-priesduobes-siurblys-su-pamaisymu-ir-smulkinimu","title":{"rendered":"EYS srut\u0173 prie\u0161duob\u0117s siurblys su pamai\u0161ymu ir smulkinimu"},"content":{"rendered":"<p>MPN serijos prie\u0161duob\u0117s siurblys skirtas smulkinti, mai\u0161yti ir perpumpuoti srutas prie\u0161duob\u0117je.<br \/>\nGalima mai\u0161yti tik srutas, tada siurblio i\u0161\u0117jimo anga reikia u\u017edaryti. Kai i\u0161leidimo anga yra u\u017edaryta srutos siurbiamos atgal \u012f duob\u0119. Tai dar vienas mai\u0161ymo b\u016bdas, siekiant padidinti mai\u0161ymo efektyvum\u0105 prie\u0161duob\u0117je.<br \/>\nSiurbimo na\u0161umas ir mai\u0161ymo efektyvumas priklauso nuo variklio tipo.<\/p>\n","protected":false},"excerpt":{"rendered":"<p>MPN serijos prie\u0161duob\u0117s siurblys skirtas smulkinti, mai\u0161yti ir perpumpuoti srutas prie\u0161duob\u0117je. Galima mai\u0161yti tik srutas, tada siurblio i\u0161\u0117jimo anga reikia u\u017edaryti. Kai i\u0161leidimo anga yra u\u017edaryta srutos siurbiamos atgal \u012f duob\u0119. Tai dar vienas mai\u0161ymo b\u016bdas, siekiant padidinti mai\u0161ymo efektyvum\u0105 prie\u0161duob\u0117je. Siurbimo na\u0161umas ir mai\u0161ymo efektyvumas priklauso nuo variklio tipo.<\/p>\n","protected":false},"featured_media":32100,"template":"","meta":{"_et_pb_use_builder":"","_et_pb_old_content":"","_et_gb_content_width":""},"product_brand":[],"product_cat":[130],"product_tag":[],"class_list":{"0":"post-32101","1":"product","2":"type-product","3":"status-publish","4":"has-post-thumbnail","6":"product_cat-lagapumbad","8":"first","9":"instock","10":"shipping-taxable","11":"product-type-simple"},"yoast_head":"<!-- This site is optimized with the Yoast SEO plugin v26.4 - https:\/\/yoast.com\/wordpress\/plugins\/seo\/ -->\n<title>EYS srut\u0173 prie\u0161duob\u0117s siurblys su pamai\u0161ymu ir smulkinimu - Specagra<\/title>\n<meta name=\"robots\" content=\"index, follow, max-snippet:-1, max-image-preview:large, max-video-preview:-1\" \/>\n<link rel=\"canonical\" href=\"https:\/\/www.specagra.ee\/?product=eys-srutu-priesduobes-siurblys-su-pamaisymu-ir-smulkinimu\" \/>\n<meta property=\"og:locale\" content=\"et_EE\" \/>\n<meta property=\"og:type\" content=\"article\" \/>\n<meta property=\"og:title\" content=\"EYS srut\u0173 prie\u0161duob\u0117s siurblys su pamai\u0161ymu ir smulkinimu - Specagra\" \/>\n<meta property=\"og:description\" content=\"MPN serijos prie\u0161duob\u0117s siurblys skirtas smulkinti, mai\u0161yti ir perpumpuoti srutas prie\u0161duob\u0117je. Galima mai\u0161yti tik srutas, tada siurblio i\u0161\u0117jimo anga reikia u\u017edaryti. Kai i\u0161leidimo anga yra u\u017edaryta srutos siurbiamos atgal \u012f duob\u0119. Tai dar vienas mai\u0161ymo b\u016bdas, siekiant padidinti mai\u0161ymo efektyvum\u0105 prie\u0161duob\u0117je. Siurbimo na\u0161umas ir mai\u0161ymo efektyvumas priklauso nuo variklio tipo.\" \/>\n<meta property=\"og:url\" content=\"https:\/\/www.specagra.ee\/?product=eys-srutu-priesduobes-siurblys-su-pamaisymu-ir-smulkinimu\" \/>\n<meta property=\"og:site_name\" content=\"Specagra\" \/>\n<meta property=\"article:modified_time\" content=\"2023-08-02T11:57:20+00:00\" \/>\n<meta property=\"og:image\" content=\"https:\/\/www.specagra.ee\/wp-content\/uploads\/2023\/08\/Untitled-design-9.jpg\" \/>\n\t<meta property=\"og:image:width\" content=\"800\" \/>\n\t<meta property=\"og:image:height\" content=\"800\" \/>\n\t<meta property=\"og:image:type\" content=\"image\/jpeg\" \/>\n<meta name=\"twitter:card\" content=\"summary_large_image\" \/>\n<meta name=\"twitter:label1\" content=\"Est. reading time\" \/>\n\t<meta name=\"twitter:data1\" content=\"1 minut\" \/>\n<script type=\"application\/ld+json\" class=\"yoast-schema-graph\">{\"@context\":\"https:\/\/schema.org\",\"@graph\":[{\"@type\":\"WebPage\",\"@id\":\"https:\/\/www.specagra.ee\/?product=eys-srutu-priesduobes-siurblys-su-pamaisymu-ir-smulkinimu\",\"url\":\"https:\/\/www.specagra.ee\/?product=eys-srutu-priesduobes-siurblys-su-pamaisymu-ir-smulkinimu\",\"name\":\"EYS srut\u0173 prie\u0161duob\u0117s siurblys su pamai\u0161ymu ir smulkinimu - Specagra\",\"isPartOf\":{\"@id\":\"https:\/\/www.specagra.ee\/#website\"},\"primaryImageOfPage\":{\"@id\":\"https:\/\/www.specagra.ee\/?product=eys-srutu-priesduobes-siurblys-su-pamaisymu-ir-smulkinimu#primaryimage\"},\"image\":{\"@id\":\"https:\/\/www.specagra.ee\/?product=eys-srutu-priesduobes-siurblys-su-pamaisymu-ir-smulkinimu#primaryimage\"},\"thumbnailUrl\":\"https:\/\/www.specagra.ee\/wp-content\/uploads\/2023\/08\/Untitled-design-9.jpg\",\"datePublished\":\"2023-08-01T13:14:44+00:00\",\"dateModified\":\"2023-08-02T11:57:20+00:00\",\"breadcrumb\":{\"@id\":\"https:\/\/www.specagra.ee\/?product=eys-srutu-priesduobes-siurblys-su-pamaisymu-ir-smulkinimu#breadcrumb\"},\"inLanguage\":\"et\",\"potentialAction\":[{\"@type\":\"ReadAction\",\"target\":[\"https:\/\/www.specagra.ee\/?product=eys-srutu-priesduobes-siurblys-su-pamaisymu-ir-smulkinimu\"]}]},{\"@type\":\"ImageObject\",\"inLanguage\":\"et\",\"@id\":\"https:\/\/www.specagra.ee\/?product=eys-srutu-priesduobes-siurblys-su-pamaisymu-ir-smulkinimu#primaryimage\",\"url\":\"https:\/\/www.specagra.ee\/wp-content\/uploads\/2023\/08\/Untitled-design-9.jpg\",\"contentUrl\":\"https:\/\/www.specagra.ee\/wp-content\/uploads\/2023\/08\/Untitled-design-9.jpg\",\"width\":800,\"height\":800},{\"@type\":\"BreadcrumbList\",\"@id\":\"https:\/\/www.specagra.ee\/?product=eys-srutu-priesduobes-siurblys-su-pamaisymu-ir-smulkinimu#breadcrumb\",\"itemListElement\":[{\"@type\":\"ListItem\",\"position\":1,\"name\":\"Home\",\"item\":\"https:\/\/www.specagra.ee\/\"},{\"@type\":\"ListItem\",\"position\":2,\"name\":\"P\u00f5llumajandustehnika ja loomakasvatus\",\"item\":\"https:\/\/specagra.ee\/?page_id=18493\"},{\"@type\":\"ListItem\",\"position\":3,\"name\":\"EYS srut\u0173 prie\u0161duob\u0117s siurblys su pamai\u0161ymu ir smulkinimu\"}]},{\"@type\":\"WebSite\",\"@id\":\"https:\/\/www.specagra.ee\/#website\",\"url\":\"https:\/\/www.specagra.ee\/\",\"name\":\"Specagra\",\"description\":\"P\u00f5llumajandustehnika ja varuosad\",\"publisher\":{\"@id\":\"https:\/\/www.specagra.ee\/#organization\"},\"potentialAction\":[{\"@type\":\"SearchAction\",\"target\":{\"@type\":\"EntryPoint\",\"urlTemplate\":\"https:\/\/www.specagra.ee\/?s={search_term_string}\"},\"query-input\":{\"@type\":\"PropertyValueSpecification\",\"valueRequired\":true,\"valueName\":\"search_term_string\"}}],\"inLanguage\":\"et\"},{\"@type\":\"Organization\",\"@id\":\"https:\/\/www.specagra.ee\/#organization\",\"name\":\"UAB Specagra\",\"url\":\"https:\/\/www.specagra.ee\/\",\"logo\":{\"@type\":\"ImageObject\",\"inLanguage\":\"et\",\"@id\":\"https:\/\/www.specagra.ee\/#\/schema\/logo\/image\/\",\"url\":\"http:\/\/www.specagra.ee\/wp-content\/uploads\/2022\/02\/SP-logo_naujas-scaled.jpg\",\"contentUrl\":\"http:\/\/www.specagra.ee\/wp-content\/uploads\/2022\/02\/SP-logo_naujas-scaled.jpg\",\"width\":2560,\"height\":326,\"caption\":\"UAB Specagra\"},\"image\":{\"@id\":\"https:\/\/www.specagra.ee\/#\/schema\/logo\/image\/\"}}]}<\/script>\n<!-- \/ Yoast SEO plugin. -->","yoast_head_json":{"title":"EYS srut\u0173 prie\u0161duob\u0117s siurblys su pamai\u0161ymu ir smulkinimu - Specagra","robots":{"index":"index","follow":"follow","max-snippet":"max-snippet:-1","max-image-preview":"max-image-preview:large","max-video-preview":"max-video-preview:-1"},"canonical":"https:\/\/www.specagra.ee\/?product=eys-srutu-priesduobes-siurblys-su-pamaisymu-ir-smulkinimu","og_locale":"et_EE","og_type":"article","og_title":"EYS srut\u0173 prie\u0161duob\u0117s siurblys su pamai\u0161ymu ir smulkinimu - Specagra","og_description":"MPN serijos prie\u0161duob\u0117s siurblys skirtas smulkinti, mai\u0161yti ir perpumpuoti srutas prie\u0161duob\u0117je. Galima mai\u0161yti tik srutas, tada siurblio i\u0161\u0117jimo anga reikia u\u017edaryti. Kai i\u0161leidimo anga yra u\u017edaryta srutos siurbiamos atgal \u012f duob\u0119. Tai dar vienas mai\u0161ymo b\u016bdas, siekiant padidinti mai\u0161ymo efektyvum\u0105 prie\u0161duob\u0117je. Siurbimo na\u0161umas ir mai\u0161ymo efektyvumas priklauso nuo variklio tipo.","og_url":"https:\/\/www.specagra.ee\/?product=eys-srutu-priesduobes-siurblys-su-pamaisymu-ir-smulkinimu","og_site_name":"Specagra","article_modified_time":"2023-08-02T11:57:20+00:00","og_image":[{"width":800,"height":800,"url":"https:\/\/www.specagra.ee\/wp-content\/uploads\/2023\/08\/Untitled-design-9.jpg","type":"image\/jpeg"}],"twitter_card":"summary_large_image","twitter_misc":{"Est. reading time":"1 minut"},"schema":{"@context":"https:\/\/schema.org","@graph":[{"@type":"WebPage","@id":"https:\/\/www.specagra.ee\/?product=eys-srutu-priesduobes-siurblys-su-pamaisymu-ir-smulkinimu","url":"https:\/\/www.specagra.ee\/?product=eys-srutu-priesduobes-siurblys-su-pamaisymu-ir-smulkinimu","name":"EYS srut\u0173 prie\u0161duob\u0117s siurblys su pamai\u0161ymu ir smulkinimu - Specagra","isPartOf":{"@id":"https:\/\/www.specagra.ee\/#website"},"primaryImageOfPage":{"@id":"https:\/\/www.specagra.ee\/?product=eys-srutu-priesduobes-siurblys-su-pamaisymu-ir-smulkinimu#primaryimage"},"image":{"@id":"https:\/\/www.specagra.ee\/?product=eys-srutu-priesduobes-siurblys-su-pamaisymu-ir-smulkinimu#primaryimage"},"thumbnailUrl":"https:\/\/www.specagra.ee\/wp-content\/uploads\/2023\/08\/Untitled-design-9.jpg","datePublished":"2023-08-01T13:14:44+00:00","dateModified":"2023-08-02T11:57:20+00:00","breadcrumb":{"@id":"https:\/\/www.specagra.ee\/?product=eys-srutu-priesduobes-siurblys-su-pamaisymu-ir-smulkinimu#breadcrumb"},"inLanguage":"et","potentialAction":[{"@type":"ReadAction","target":["https:\/\/www.specagra.ee\/?product=eys-srutu-priesduobes-siurblys-su-pamaisymu-ir-smulkinimu"]}]},{"@type":"ImageObject","inLanguage":"et","@id":"https:\/\/www.specagra.ee\/?product=eys-srutu-priesduobes-siurblys-su-pamaisymu-ir-smulkinimu#primaryimage","url":"https:\/\/www.specagra.ee\/wp-content\/uploads\/2023\/08\/Untitled-design-9.jpg","contentUrl":"https:\/\/www.specagra.ee\/wp-content\/uploads\/2023\/08\/Untitled-design-9.jpg","width":800,"height":800},{"@type":"BreadcrumbList","@id":"https:\/\/www.specagra.ee\/?product=eys-srutu-priesduobes-siurblys-su-pamaisymu-ir-smulkinimu#breadcrumb","itemListElement":[{"@type":"ListItem","position":1,"name":"Home","item":"https:\/\/www.specagra.ee\/"},{"@type":"ListItem","position":2,"name":"P\u00f5llumajandustehnika ja loomakasvatus","item":"https:\/\/specagra.ee\/?page_id=18493"},{"@type":"ListItem","position":3,"name":"EYS srut\u0173 prie\u0161duob\u0117s siurblys su pamai\u0161ymu ir smulkinimu"}]},{"@type":"WebSite","@id":"https:\/\/www.specagra.ee\/#website","url":"https:\/\/www.specagra.ee\/","name":"Specagra","description":"P\u00f5llumajandustehnika ja varuosad","publisher":{"@id":"https:\/\/www.specagra.ee\/#organization"},"potentialAction":[{"@type":"SearchAction","target":{"@type":"EntryPoint","urlTemplate":"https:\/\/www.specagra.ee\/?s={search_term_string}"},"query-input":{"@type":"PropertyValueSpecification","valueRequired":true,"valueName":"search_term_string"}}],"inLanguage":"et"},{"@type":"Organization","@id":"https:\/\/www.specagra.ee\/#organization","name":"UAB Specagra","url":"https:\/\/www.specagra.ee\/","logo":{"@type":"ImageObject","inLanguage":"et","@id":"https:\/\/www.specagra.ee\/#\/schema\/logo\/image\/","url":"http:\/\/www.specagra.ee\/wp-content\/uploads\/2022\/02\/SP-logo_naujas-scaled.jpg","contentUrl":"http:\/\/www.specagra.ee\/wp-content\/uploads\/2022\/02\/SP-logo_naujas-scaled.jpg","width":2560,"height":326,"caption":"UAB Specagra"},"image":{"@id":"https:\/\/www.specagra.ee\/#\/schema\/logo\/image\/"}}]}},"_links":{"self":[{"href":"https:\/\/www.specagra.ee\/index.php?rest_route=\/wp\/v2\/product\/32101","targetHints":{"allow":["GET"]}}],"collection":[{"href":"https:\/\/www.specagra.ee\/index.php?rest_route=\/wp\/v2\/product"}],"about":[{"href":"https:\/\/www.specagra.ee\/index.php?rest_route=\/wp\/v2\/types\/product"}],"wp:featuredmedia":[{"embeddable":true,"href":"https:\/\/www.specagra.ee\/index.php?rest_route=\/wp\/v2\/media\/32100"}],"wp:attachment":[{"href":"https:\/\/www.specagra.ee\/index.php?rest_route=%2Fwp%2Fv2%2Fmedia&parent=32101"}],"wp:term":[{"taxonomy":"product_brand","embeddable":true,"href":"https:\/\/www.specagra.ee\/index.php?rest_route=%2Fwp%2Fv2%2Fproduct_brand&post=32101"},{"taxonomy":"product_cat","embeddable":true,"href":"https:\/\/www.specagra.ee\/index.php?rest_route=%2Fwp%2Fv2%2Fproduct_cat&post=32101"},{"taxonomy":"product_tag","embeddable":true,"href":"https:\/\/www.specagra.ee\/index.php?rest_route=%2Fwp%2Fv2%2Fproduct_tag&post=32101"}],"curies":[{"name":"wp","href":"https:\/\/api.w.org\/{rel}","templated":true}]}}