{"id":3199,"date":"2020-06-29T05:05:18","date_gmt":"2020-06-29T07:05:18","guid":{"rendered":"https:\/\/www.specagra.ee.nemokamossvetaines.hostingas.lt\/?post_type=product&#038;p=3199"},"modified":"2020-09-30T10:44:18","modified_gmt":"2020-09-30T12:44:18","slug":"metal-fach-t-711-priekabos","status":"publish","type":"product","link":"https:\/\/www.specagra.ee\/?product=metal-fach-t-711-priekabos","title":{"rendered":"Priekaba METAL &#8211; FACH T711"},"content":{"rendered":"<p>Standartin\u0117 \u012franga:<\/p>\n<ul>\n<li>Bort\u0173 centrinio u\u017erakto sistema;<\/li>\n<li>Sklend\u0117 su lataku galiniame borte;<\/li>\n<li>Kop\u0117t\u0117l\u0117s;<\/li>\n<li>Prikabinimo sijos tipas V 2000;<\/li>\n<li>Prikabinimo sijos kilpa \u00d840 mm;<\/li>\n<li>Antros priekabos hidraulin\u0117 ir elektrin\u0117 instaliacija;<\/li>\n<li>2-j\u0173 kont\u016br\u0173 pneumatiniai stabd\u017eiai;<\/li>\n<li>Ratai 385\/65 R22,5;<\/li>\n<li>Paki\u0161os po ratais;<\/li>\n<li>Purvasaugiai (plastikiniai).<\/li>\n<\/ul>\n<p>Papildoma \u012franga:<\/p>\n<ul>\n<li>Papildomi bortai su gumine apsauga 500 mm (T711\/1, T711\/2);<\/li>\n<li>Bortai 500 mm T 711\/2 (vietoje 600 mm)<\/li>\n<li>Papildomi bortai su gumine apsauga 500 mm (kai bortai 600 mm, T711\/2);<\/li>\n<li>Papildomi bortai su gumine apsauga 800 mm (T711\/3);<\/li>\n<li>Bortai 800 mm T 711\/3 (vietoje 600 mm);<\/li>\n<li>Papildomi bortai su gumine apsauga 600 mm (kai bortai 800 mm);<\/li>\n<li>Galinio borto hidraulinis u\u017eraktas T711\/3 (kai bortai 600+800 mm);<\/li>\n<li>Galinio borto hidraulinis u\u017eraktas T711\/3 (kai bortai 800+600 mm);<\/li>\n<li>Papildomi bortai 350 mm (tinkliniai);<\/li>\n<li>Papildomi bortai 500 mm (tinkliniai);<\/li>\n<li>Bort\u0173 prispaudimo spyruokl\u0117s;<\/li>\n<li>Gabaritin\u0117s \u0161viesos;<\/li>\n<li>Tentas su tvirtinimu;<\/li>\n<li>Darbin\u0117 aik\u0161tel\u0117;<\/li>\n<li>Prailginta prikabinimo sija <strong>V<\/strong> tipo 2000;<\/li>\n<li>Prailginta prikabinimo sija <strong>V<\/strong> tipo 2200;<\/li>\n<li>Prikabinimo sija <strong>Y<\/strong> tipo 2100;<\/li>\n<li>Prailginta prikabinimo sija <strong>Y<\/strong> tipo 2350;<\/li>\n<li>Prikabinimo sijos <strong>Y<\/strong> tipo kilpa \u00d850 mm;<\/li>\n<li>Automatinis galinis kablys;<\/li>\n<li>Hidrauliniai stabd\u017eiai;<\/li>\n<li>Automatinis reguliuojamas stabd\u017ei\u0173 kranas ALB;<\/li>\n<li>Naujos padangos 385\/65 R22,5;<\/li>\n<li>Ratai 400\/55-22,5 (T711\/2; T711\/3);<\/li>\n<li>Ratai 445\/45R19,5;<\/li>\n<li>Atsarginio rato tvirtinimas su keltuvu;<\/li>\n<li>Atsarginis ratas 385\/65 R22,5 (nauja padanga);<\/li>\n<li>Atsarginis ratas 385\/65 R22,5 (restauruota padanga);<\/li>\n<li>Atsarginis ratas 400\/55-22,5 (T711\/2; T711\/3);<\/li>\n<li>Atsarginis ratas 445\/45R19,5;<\/li>\n<li>Apsauginis r\u0117mas (juostos) po priekaba;<\/li>\n<li>Nestandartin\u0117 spalva (standartin\u0117 raudona).<\/li>\n<\/ul>\n","protected":false},"excerpt":{"rendered":"<p>Standartin\u0117 \u012franga: Bort\u0173 centrinio u\u017erakto sistema; Sklend\u0117 su lataku galiniame borte; Kop\u0117t\u0117l\u0117s; Prikabinimo sijos tipas V 2000; Prikabinimo sijos kilpa \u00d840 mm; Antros priekabos hidraulin\u0117 ir elektrin\u0117 instaliacija; 2-j\u0173 kont\u016br\u0173 pneumatiniai stabd\u017eiai; Ratai 385\/65 R22,5; Paki\u0161os po ratais; Purvasaugiai (plastikiniai). Papildoma \u012franga: Papildomi bortai su gumine apsauga 500 mm (T711\/1, T711\/2); Bortai 500 mm T [&hellip;]<\/p>\n","protected":false},"featured_media":4825,"template":"","meta":{"_et_pb_use_builder":"","_et_pb_old_content":"","_et_gb_content_width":""},"product_brand":[],"product_cat":[95],"product_tag":[],"class_list":{"0":"post-3199","1":"product","2":"type-product","3":"status-publish","4":"has-post-thumbnail","6":"product_cat-traktorikarud-ja-poolhaagised","8":"first","9":"instock","10":"shipping-taxable","11":"product-type-simple"},"yoast_head":"<!-- This site is optimized with the Yoast SEO plugin v26.4 - https:\/\/yoast.com\/wordpress\/plugins\/seo\/ -->\n<title>Priekaba METAL - FACH T711 - Specagra<\/title>\n<meta name=\"robots\" content=\"index, follow, max-snippet:-1, max-image-preview:large, max-video-preview:-1\" \/>\n<link rel=\"canonical\" href=\"https:\/\/www.specagra.ee\/?product=metal-fach-t-711-priekabos\" \/>\n<meta property=\"og:locale\" content=\"et_EE\" \/>\n<meta property=\"og:type\" content=\"article\" \/>\n<meta property=\"og:title\" content=\"Priekaba METAL - FACH T711 - Specagra\" \/>\n<meta property=\"og:description\" content=\"Standartin\u0117 \u012franga: Bort\u0173 centrinio u\u017erakto sistema; Sklend\u0117 su lataku galiniame borte; Kop\u0117t\u0117l\u0117s; Prikabinimo sijos tipas V 2000; Prikabinimo sijos kilpa \u00d840 mm; Antros priekabos hidraulin\u0117 ir elektrin\u0117 instaliacija; 2-j\u0173 kont\u016br\u0173 pneumatiniai stabd\u017eiai; Ratai 385\/65 R22,5; Paki\u0161os po ratais; Purvasaugiai (plastikiniai). Papildoma \u012franga: Papildomi bortai su gumine apsauga 500 mm (T711\/1, T711\/2); Bortai 500 mm T [&hellip;]\" \/>\n<meta property=\"og:url\" content=\"https:\/\/www.specagra.ee\/?product=metal-fach-t-711-priekabos\" \/>\n<meta property=\"og:site_name\" content=\"Specagra\" \/>\n<meta property=\"article:modified_time\" content=\"2020-09-30T12:44:18+00:00\" \/>\n<meta property=\"og:image\" content=\"https:\/\/www.specagra.ee\/wp-content\/uploads\/2020\/06\/przyczepa-rolnicza-dwuosiowa_T711-3.webp\" \/>\n\t<meta property=\"og:image:width\" content=\"1920\" \/>\n\t<meta property=\"og:image:height\" content=\"1080\" \/>\n\t<meta property=\"og:image:type\" content=\"image\/webp\" \/>\n<meta name=\"twitter:card\" content=\"summary_large_image\" \/>\n<meta name=\"twitter:label1\" content=\"Est. reading time\" \/>\n\t<meta name=\"twitter:data1\" content=\"1 minut\" \/>\n<script type=\"application\/ld+json\" class=\"yoast-schema-graph\">{\"@context\":\"https:\/\/schema.org\",\"@graph\":[{\"@type\":\"WebPage\",\"@id\":\"https:\/\/www.specagra.ee\/?product=metal-fach-t-711-priekabos\",\"url\":\"https:\/\/www.specagra.ee\/?product=metal-fach-t-711-priekabos\",\"name\":\"Priekaba METAL - FACH T711 - Specagra\",\"isPartOf\":{\"@id\":\"https:\/\/www.specagra.ee\/#website\"},\"primaryImageOfPage\":{\"@id\":\"https:\/\/www.specagra.ee\/?product=metal-fach-t-711-priekabos#primaryimage\"},\"image\":{\"@id\":\"https:\/\/www.specagra.ee\/?product=metal-fach-t-711-priekabos#primaryimage\"},\"thumbnailUrl\":\"https:\/\/www.specagra.ee\/wp-content\/uploads\/2020\/06\/przyczepa-rolnicza-dwuosiowa_T711-3.webp\",\"datePublished\":\"2020-06-29T07:05:18+00:00\",\"dateModified\":\"2020-09-30T12:44:18+00:00\",\"breadcrumb\":{\"@id\":\"https:\/\/www.specagra.ee\/?product=metal-fach-t-711-priekabos#breadcrumb\"},\"inLanguage\":\"et\",\"potentialAction\":[{\"@type\":\"ReadAction\",\"target\":[\"https:\/\/www.specagra.ee\/?product=metal-fach-t-711-priekabos\"]}]},{\"@type\":\"ImageObject\",\"inLanguage\":\"et\",\"@id\":\"https:\/\/www.specagra.ee\/?product=metal-fach-t-711-priekabos#primaryimage\",\"url\":\"https:\/\/www.specagra.ee\/wp-content\/uploads\/2020\/06\/przyczepa-rolnicza-dwuosiowa_T711-3.webp\",\"contentUrl\":\"https:\/\/www.specagra.ee\/wp-content\/uploads\/2020\/06\/przyczepa-rolnicza-dwuosiowa_T711-3.webp\",\"width\":1920,\"height\":1080,\"caption\":\"Priekaba METAL \u2013 FACH T711\"},{\"@type\":\"BreadcrumbList\",\"@id\":\"https:\/\/www.specagra.ee\/?product=metal-fach-t-711-priekabos#breadcrumb\",\"itemListElement\":[{\"@type\":\"ListItem\",\"position\":1,\"name\":\"Home\",\"item\":\"https:\/\/www.specagra.ee\/\"},{\"@type\":\"ListItem\",\"position\":2,\"name\":\"P\u00f5llumajandustehnika ja loomakasvatus\",\"item\":\"https:\/\/specagra.ee\/?page_id=18493\"},{\"@type\":\"ListItem\",\"position\":3,\"name\":\"Priekaba METAL &#8211; FACH T711\"}]},{\"@type\":\"WebSite\",\"@id\":\"https:\/\/www.specagra.ee\/#website\",\"url\":\"https:\/\/www.specagra.ee\/\",\"name\":\"Specagra\",\"description\":\"P\u00f5llumajandustehnika ja varuosad\",\"publisher\":{\"@id\":\"https:\/\/www.specagra.ee\/#organization\"},\"potentialAction\":[{\"@type\":\"SearchAction\",\"target\":{\"@type\":\"EntryPoint\",\"urlTemplate\":\"https:\/\/www.specagra.ee\/?s={search_term_string}\"},\"query-input\":{\"@type\":\"PropertyValueSpecification\",\"valueRequired\":true,\"valueName\":\"search_term_string\"}}],\"inLanguage\":\"et\"},{\"@type\":\"Organization\",\"@id\":\"https:\/\/www.specagra.ee\/#organization\",\"name\":\"UAB Specagra\",\"url\":\"https:\/\/www.specagra.ee\/\",\"logo\":{\"@type\":\"ImageObject\",\"inLanguage\":\"et\",\"@id\":\"https:\/\/www.specagra.ee\/#\/schema\/logo\/image\/\",\"url\":\"http:\/\/www.specagra.ee\/wp-content\/uploads\/2022\/02\/SP-logo_naujas-scaled.jpg\",\"contentUrl\":\"http:\/\/www.specagra.ee\/wp-content\/uploads\/2022\/02\/SP-logo_naujas-scaled.jpg\",\"width\":2560,\"height\":326,\"caption\":\"UAB Specagra\"},\"image\":{\"@id\":\"https:\/\/www.specagra.ee\/#\/schema\/logo\/image\/\"}}]}<\/script>\n<!-- \/ Yoast SEO plugin. -->","yoast_head_json":{"title":"Priekaba METAL - FACH T711 - Specagra","robots":{"index":"index","follow":"follow","max-snippet":"max-snippet:-1","max-image-preview":"max-image-preview:large","max-video-preview":"max-video-preview:-1"},"canonical":"https:\/\/www.specagra.ee\/?product=metal-fach-t-711-priekabos","og_locale":"et_EE","og_type":"article","og_title":"Priekaba METAL - FACH T711 - Specagra","og_description":"Standartin\u0117 \u012franga: Bort\u0173 centrinio u\u017erakto sistema; Sklend\u0117 su lataku galiniame borte; Kop\u0117t\u0117l\u0117s; Prikabinimo sijos tipas V 2000; Prikabinimo sijos kilpa \u00d840 mm; Antros priekabos hidraulin\u0117 ir elektrin\u0117 instaliacija; 2-j\u0173 kont\u016br\u0173 pneumatiniai stabd\u017eiai; Ratai 385\/65 R22,5; Paki\u0161os po ratais; Purvasaugiai (plastikiniai). Papildoma \u012franga: Papildomi bortai su gumine apsauga 500 mm (T711\/1, T711\/2); Bortai 500 mm T [&hellip;]","og_url":"https:\/\/www.specagra.ee\/?product=metal-fach-t-711-priekabos","og_site_name":"Specagra","article_modified_time":"2020-09-30T12:44:18+00:00","og_image":[{"width":1920,"height":1080,"url":"https:\/\/www.specagra.ee\/wp-content\/uploads\/2020\/06\/przyczepa-rolnicza-dwuosiowa_T711-3.webp","type":"image\/webp"}],"twitter_card":"summary_large_image","twitter_misc":{"Est. reading time":"1 minut"},"schema":{"@context":"https:\/\/schema.org","@graph":[{"@type":"WebPage","@id":"https:\/\/www.specagra.ee\/?product=metal-fach-t-711-priekabos","url":"https:\/\/www.specagra.ee\/?product=metal-fach-t-711-priekabos","name":"Priekaba METAL - FACH T711 - Specagra","isPartOf":{"@id":"https:\/\/www.specagra.ee\/#website"},"primaryImageOfPage":{"@id":"https:\/\/www.specagra.ee\/?product=metal-fach-t-711-priekabos#primaryimage"},"image":{"@id":"https:\/\/www.specagra.ee\/?product=metal-fach-t-711-priekabos#primaryimage"},"thumbnailUrl":"https:\/\/www.specagra.ee\/wp-content\/uploads\/2020\/06\/przyczepa-rolnicza-dwuosiowa_T711-3.webp","datePublished":"2020-06-29T07:05:18+00:00","dateModified":"2020-09-30T12:44:18+00:00","breadcrumb":{"@id":"https:\/\/www.specagra.ee\/?product=metal-fach-t-711-priekabos#breadcrumb"},"inLanguage":"et","potentialAction":[{"@type":"ReadAction","target":["https:\/\/www.specagra.ee\/?product=metal-fach-t-711-priekabos"]}]},{"@type":"ImageObject","inLanguage":"et","@id":"https:\/\/www.specagra.ee\/?product=metal-fach-t-711-priekabos#primaryimage","url":"https:\/\/www.specagra.ee\/wp-content\/uploads\/2020\/06\/przyczepa-rolnicza-dwuosiowa_T711-3.webp","contentUrl":"https:\/\/www.specagra.ee\/wp-content\/uploads\/2020\/06\/przyczepa-rolnicza-dwuosiowa_T711-3.webp","width":1920,"height":1080,"caption":"Priekaba METAL \u2013 FACH T711"},{"@type":"BreadcrumbList","@id":"https:\/\/www.specagra.ee\/?product=metal-fach-t-711-priekabos#breadcrumb","itemListElement":[{"@type":"ListItem","position":1,"name":"Home","item":"https:\/\/www.specagra.ee\/"},{"@type":"ListItem","position":2,"name":"P\u00f5llumajandustehnika ja loomakasvatus","item":"https:\/\/specagra.ee\/?page_id=18493"},{"@type":"ListItem","position":3,"name":"Priekaba METAL &#8211; FACH T711"}]},{"@type":"WebSite","@id":"https:\/\/www.specagra.ee\/#website","url":"https:\/\/www.specagra.ee\/","name":"Specagra","description":"P\u00f5llumajandustehnika ja varuosad","publisher":{"@id":"https:\/\/www.specagra.ee\/#organization"},"potentialAction":[{"@type":"SearchAction","target":{"@type":"EntryPoint","urlTemplate":"https:\/\/www.specagra.ee\/?s={search_term_string}"},"query-input":{"@type":"PropertyValueSpecification","valueRequired":true,"valueName":"search_term_string"}}],"inLanguage":"et"},{"@type":"Organization","@id":"https:\/\/www.specagra.ee\/#organization","name":"UAB Specagra","url":"https:\/\/www.specagra.ee\/","logo":{"@type":"ImageObject","inLanguage":"et","@id":"https:\/\/www.specagra.ee\/#\/schema\/logo\/image\/","url":"http:\/\/www.specagra.ee\/wp-content\/uploads\/2022\/02\/SP-logo_naujas-scaled.jpg","contentUrl":"http:\/\/www.specagra.ee\/wp-content\/uploads\/2022\/02\/SP-logo_naujas-scaled.jpg","width":2560,"height":326,"caption":"UAB Specagra"},"image":{"@id":"https:\/\/www.specagra.ee\/#\/schema\/logo\/image\/"}}]}},"_links":{"self":[{"href":"https:\/\/www.specagra.ee\/index.php?rest_route=\/wp\/v2\/product\/3199","targetHints":{"allow":["GET"]}}],"collection":[{"href":"https:\/\/www.specagra.ee\/index.php?rest_route=\/wp\/v2\/product"}],"about":[{"href":"https:\/\/www.specagra.ee\/index.php?rest_route=\/wp\/v2\/types\/product"}],"wp:featuredmedia":[{"embeddable":true,"href":"https:\/\/www.specagra.ee\/index.php?rest_route=\/wp\/v2\/media\/4825"}],"wp:attachment":[{"href":"https:\/\/www.specagra.ee\/index.php?rest_route=%2Fwp%2Fv2%2Fmedia&parent=3199"}],"wp:term":[{"taxonomy":"product_brand","embeddable":true,"href":"https:\/\/www.specagra.ee\/index.php?rest_route=%2Fwp%2Fv2%2Fproduct_brand&post=3199"},{"taxonomy":"product_cat","embeddable":true,"href":"https:\/\/www.specagra.ee\/index.php?rest_route=%2Fwp%2Fv2%2Fproduct_cat&post=3199"},{"taxonomy":"product_tag","embeddable":true,"href":"https:\/\/www.specagra.ee\/index.php?rest_route=%2Fwp%2Fv2%2Fproduct_tag&post=3199"}],"curies":[{"name":"wp","href":"https:\/\/api.w.org\/{rel}","templated":true}]}}