{"id":31824,"date":"2023-07-26T10:29:14","date_gmt":"2023-07-26T12:29:14","guid":{"rendered":"https:\/\/www.specagra.ee\/?post_type=product&#038;p=31824"},"modified":"2023-07-27T11:45:02","modified_gmt":"2023-07-27T13:45:02","slug":"girdykla-polypump","status":"publish","type":"product","link":"https:\/\/www.specagra.ee\/?product=girdykla-polypump","title":{"rendered":"Girdykla POLYPUMP"},"content":{"rendered":"<p>Polypump girdyklin\u0117 pompa puikiai tinkama karv\u0117ms ir \u017eirgams.<\/p>\n<p><strong>KOMPLEKTACIJA :<\/strong><br \/>\n&#8211; vienguba rotacin\u0117s formos girdykla, nedideliu nuolyd\u017eiu, kad vanduo visada b\u016bt\u0173 prieinamas.<br \/>\n&#8211; i\u0161leidimo kam\u0161tis (\u00d8 25 mm).<br \/>\n&#8211; tylus veikimas ir ilgas tarnavimo laikas.<br \/>\n&#8211; 4 tvirtinimo ta\u0161kai, skirti pritvirtinti ant nedidel\u0117s betonin\u0117s plok\u0161t\u0117s arba stovo.<\/p>\n<p>Kiekvienas paspaudimas i\u0161traukia vidutini\u0161kai 0,5 l g\u0117lo vandens.<br \/>\n<strong>MATMENYS :<\/strong><\/p>\n<ul>\n<li>Ilgis &#8211; 638 mm.<\/li>\n<li>Plotis &#8211; 310 mm.<\/li>\n<li>Auk\u0161tis &#8211; 420 mm.<\/li>\n<\/ul>\n<p>&nbsp;<\/p>\n","protected":false},"excerpt":{"rendered":"<p>Polypump girdyklin\u0117 pompa puikiai tinkama karv\u0117ms ir \u017eirgams. KOMPLEKTACIJA : &#8211; vienguba rotacin\u0117s formos girdykla, nedideliu nuolyd\u017eiu, kad vanduo visada b\u016bt\u0173 prieinamas. &#8211; i\u0161leidimo kam\u0161tis (\u00d8 25 mm). &#8211; tylus veikimas ir ilgas tarnavimo laikas. &#8211; 4 tvirtinimo ta\u0161kai, skirti pritvirtinti ant nedidel\u0117s betonin\u0117s plok\u0161t\u0117s arba stovo. Kiekvienas paspaudimas i\u0161traukia vidutini\u0161kai 0,5 l g\u0117lo vandens. [&hellip;]<\/p>\n","protected":false},"featured_media":31825,"template":"","meta":{"_et_pb_use_builder":"","_et_pb_old_content":"","_et_gb_content_width":""},"product_brand":[],"product_cat":[272],"product_tag":[],"class_list":{"0":"post-31824","1":"product","2":"type-product","3":"status-publish","4":"has-post-thumbnail","6":"product_cat-karjamaade-joogiseadmed-ja-veepumbad","8":"first","9":"instock","10":"shipping-taxable","11":"product-type-simple"},"yoast_head":"<!-- This site is optimized with the Yoast SEO plugin v26.4 - https:\/\/yoast.com\/wordpress\/plugins\/seo\/ -->\n<title>Girdykla POLYPUMP - Specagra<\/title>\n<meta name=\"robots\" content=\"index, follow, max-snippet:-1, max-image-preview:large, max-video-preview:-1\" \/>\n<link rel=\"canonical\" href=\"https:\/\/www.specagra.ee\/?product=girdykla-polypump\" \/>\n<meta property=\"og:locale\" content=\"et_EE\" \/>\n<meta property=\"og:type\" content=\"article\" \/>\n<meta property=\"og:title\" content=\"Girdykla POLYPUMP - Specagra\" \/>\n<meta property=\"og:description\" content=\"Polypump girdyklin\u0117 pompa puikiai tinkama karv\u0117ms ir \u017eirgams. KOMPLEKTACIJA : &#8211; vienguba rotacin\u0117s formos girdykla, nedideliu nuolyd\u017eiu, kad vanduo visada b\u016bt\u0173 prieinamas. &#8211; i\u0161leidimo kam\u0161tis (\u00d8 25 mm). &#8211; tylus veikimas ir ilgas tarnavimo laikas. &#8211; 4 tvirtinimo ta\u0161kai, skirti pritvirtinti ant nedidel\u0117s betonin\u0117s plok\u0161t\u0117s arba stovo. Kiekvienas paspaudimas i\u0161traukia vidutini\u0161kai 0,5 l g\u0117lo vandens. [&hellip;]\" \/>\n<meta property=\"og:url\" content=\"https:\/\/www.specagra.ee\/?product=girdykla-polypump\" \/>\n<meta property=\"og:site_name\" content=\"Specagra\" \/>\n<meta property=\"article:modified_time\" content=\"2023-07-27T13:45:02+00:00\" \/>\n<meta property=\"og:image\" content=\"https:\/\/www.specagra.ee\/wp-content\/uploads\/2023\/07\/Untitled-design-67.jpg\" \/>\n\t<meta property=\"og:image:width\" content=\"800\" \/>\n\t<meta property=\"og:image:height\" content=\"800\" \/>\n\t<meta property=\"og:image:type\" content=\"image\/jpeg\" \/>\n<meta name=\"twitter:card\" content=\"summary_large_image\" \/>\n<meta name=\"twitter:label1\" content=\"Est. reading time\" \/>\n\t<meta name=\"twitter:data1\" content=\"1 minut\" \/>\n<script type=\"application\/ld+json\" class=\"yoast-schema-graph\">{\"@context\":\"https:\/\/schema.org\",\"@graph\":[{\"@type\":\"WebPage\",\"@id\":\"https:\/\/www.specagra.ee\/?product=girdykla-polypump\",\"url\":\"https:\/\/www.specagra.ee\/?product=girdykla-polypump\",\"name\":\"Girdykla POLYPUMP - Specagra\",\"isPartOf\":{\"@id\":\"https:\/\/www.specagra.ee\/#website\"},\"primaryImageOfPage\":{\"@id\":\"https:\/\/www.specagra.ee\/?product=girdykla-polypump#primaryimage\"},\"image\":{\"@id\":\"https:\/\/www.specagra.ee\/?product=girdykla-polypump#primaryimage\"},\"thumbnailUrl\":\"https:\/\/www.specagra.ee\/wp-content\/uploads\/2023\/07\/Untitled-design-67.jpg\",\"datePublished\":\"2023-07-26T12:29:14+00:00\",\"dateModified\":\"2023-07-27T13:45:02+00:00\",\"breadcrumb\":{\"@id\":\"https:\/\/www.specagra.ee\/?product=girdykla-polypump#breadcrumb\"},\"inLanguage\":\"et\",\"potentialAction\":[{\"@type\":\"ReadAction\",\"target\":[\"https:\/\/www.specagra.ee\/?product=girdykla-polypump\"]}]},{\"@type\":\"ImageObject\",\"inLanguage\":\"et\",\"@id\":\"https:\/\/www.specagra.ee\/?product=girdykla-polypump#primaryimage\",\"url\":\"https:\/\/www.specagra.ee\/wp-content\/uploads\/2023\/07\/Untitled-design-67.jpg\",\"contentUrl\":\"https:\/\/www.specagra.ee\/wp-content\/uploads\/2023\/07\/Untitled-design-67.jpg\",\"width\":800,\"height\":800},{\"@type\":\"BreadcrumbList\",\"@id\":\"https:\/\/www.specagra.ee\/?product=girdykla-polypump#breadcrumb\",\"itemListElement\":[{\"@type\":\"ListItem\",\"position\":1,\"name\":\"Home\",\"item\":\"https:\/\/www.specagra.ee\/\"},{\"@type\":\"ListItem\",\"position\":2,\"name\":\"P\u00f5llumajandustehnika ja loomakasvatus\",\"item\":\"https:\/\/specagra.ee\/?page_id=18493\"},{\"@type\":\"ListItem\",\"position\":3,\"name\":\"Girdykla POLYPUMP\"}]},{\"@type\":\"WebSite\",\"@id\":\"https:\/\/www.specagra.ee\/#website\",\"url\":\"https:\/\/www.specagra.ee\/\",\"name\":\"Specagra\",\"description\":\"P\u00f5llumajandustehnika ja varuosad\",\"publisher\":{\"@id\":\"https:\/\/www.specagra.ee\/#organization\"},\"potentialAction\":[{\"@type\":\"SearchAction\",\"target\":{\"@type\":\"EntryPoint\",\"urlTemplate\":\"https:\/\/www.specagra.ee\/?s={search_term_string}\"},\"query-input\":{\"@type\":\"PropertyValueSpecification\",\"valueRequired\":true,\"valueName\":\"search_term_string\"}}],\"inLanguage\":\"et\"},{\"@type\":\"Organization\",\"@id\":\"https:\/\/www.specagra.ee\/#organization\",\"name\":\"UAB Specagra\",\"url\":\"https:\/\/www.specagra.ee\/\",\"logo\":{\"@type\":\"ImageObject\",\"inLanguage\":\"et\",\"@id\":\"https:\/\/www.specagra.ee\/#\/schema\/logo\/image\/\",\"url\":\"http:\/\/www.specagra.ee\/wp-content\/uploads\/2022\/02\/SP-logo_naujas-scaled.jpg\",\"contentUrl\":\"http:\/\/www.specagra.ee\/wp-content\/uploads\/2022\/02\/SP-logo_naujas-scaled.jpg\",\"width\":2560,\"height\":326,\"caption\":\"UAB Specagra\"},\"image\":{\"@id\":\"https:\/\/www.specagra.ee\/#\/schema\/logo\/image\/\"}}]}<\/script>\n<!-- \/ Yoast SEO plugin. -->","yoast_head_json":{"title":"Girdykla POLYPUMP - Specagra","robots":{"index":"index","follow":"follow","max-snippet":"max-snippet:-1","max-image-preview":"max-image-preview:large","max-video-preview":"max-video-preview:-1"},"canonical":"https:\/\/www.specagra.ee\/?product=girdykla-polypump","og_locale":"et_EE","og_type":"article","og_title":"Girdykla POLYPUMP - Specagra","og_description":"Polypump girdyklin\u0117 pompa puikiai tinkama karv\u0117ms ir \u017eirgams. KOMPLEKTACIJA : &#8211; vienguba rotacin\u0117s formos girdykla, nedideliu nuolyd\u017eiu, kad vanduo visada b\u016bt\u0173 prieinamas. &#8211; i\u0161leidimo kam\u0161tis (\u00d8 25 mm). &#8211; tylus veikimas ir ilgas tarnavimo laikas. &#8211; 4 tvirtinimo ta\u0161kai, skirti pritvirtinti ant nedidel\u0117s betonin\u0117s plok\u0161t\u0117s arba stovo. Kiekvienas paspaudimas i\u0161traukia vidutini\u0161kai 0,5 l g\u0117lo vandens. [&hellip;]","og_url":"https:\/\/www.specagra.ee\/?product=girdykla-polypump","og_site_name":"Specagra","article_modified_time":"2023-07-27T13:45:02+00:00","og_image":[{"width":800,"height":800,"url":"https:\/\/www.specagra.ee\/wp-content\/uploads\/2023\/07\/Untitled-design-67.jpg","type":"image\/jpeg"}],"twitter_card":"summary_large_image","twitter_misc":{"Est. reading time":"1 minut"},"schema":{"@context":"https:\/\/schema.org","@graph":[{"@type":"WebPage","@id":"https:\/\/www.specagra.ee\/?product=girdykla-polypump","url":"https:\/\/www.specagra.ee\/?product=girdykla-polypump","name":"Girdykla POLYPUMP - Specagra","isPartOf":{"@id":"https:\/\/www.specagra.ee\/#website"},"primaryImageOfPage":{"@id":"https:\/\/www.specagra.ee\/?product=girdykla-polypump#primaryimage"},"image":{"@id":"https:\/\/www.specagra.ee\/?product=girdykla-polypump#primaryimage"},"thumbnailUrl":"https:\/\/www.specagra.ee\/wp-content\/uploads\/2023\/07\/Untitled-design-67.jpg","datePublished":"2023-07-26T12:29:14+00:00","dateModified":"2023-07-27T13:45:02+00:00","breadcrumb":{"@id":"https:\/\/www.specagra.ee\/?product=girdykla-polypump#breadcrumb"},"inLanguage":"et","potentialAction":[{"@type":"ReadAction","target":["https:\/\/www.specagra.ee\/?product=girdykla-polypump"]}]},{"@type":"ImageObject","inLanguage":"et","@id":"https:\/\/www.specagra.ee\/?product=girdykla-polypump#primaryimage","url":"https:\/\/www.specagra.ee\/wp-content\/uploads\/2023\/07\/Untitled-design-67.jpg","contentUrl":"https:\/\/www.specagra.ee\/wp-content\/uploads\/2023\/07\/Untitled-design-67.jpg","width":800,"height":800},{"@type":"BreadcrumbList","@id":"https:\/\/www.specagra.ee\/?product=girdykla-polypump#breadcrumb","itemListElement":[{"@type":"ListItem","position":1,"name":"Home","item":"https:\/\/www.specagra.ee\/"},{"@type":"ListItem","position":2,"name":"P\u00f5llumajandustehnika ja loomakasvatus","item":"https:\/\/specagra.ee\/?page_id=18493"},{"@type":"ListItem","position":3,"name":"Girdykla POLYPUMP"}]},{"@type":"WebSite","@id":"https:\/\/www.specagra.ee\/#website","url":"https:\/\/www.specagra.ee\/","name":"Specagra","description":"P\u00f5llumajandustehnika ja varuosad","publisher":{"@id":"https:\/\/www.specagra.ee\/#organization"},"potentialAction":[{"@type":"SearchAction","target":{"@type":"EntryPoint","urlTemplate":"https:\/\/www.specagra.ee\/?s={search_term_string}"},"query-input":{"@type":"PropertyValueSpecification","valueRequired":true,"valueName":"search_term_string"}}],"inLanguage":"et"},{"@type":"Organization","@id":"https:\/\/www.specagra.ee\/#organization","name":"UAB Specagra","url":"https:\/\/www.specagra.ee\/","logo":{"@type":"ImageObject","inLanguage":"et","@id":"https:\/\/www.specagra.ee\/#\/schema\/logo\/image\/","url":"http:\/\/www.specagra.ee\/wp-content\/uploads\/2022\/02\/SP-logo_naujas-scaled.jpg","contentUrl":"http:\/\/www.specagra.ee\/wp-content\/uploads\/2022\/02\/SP-logo_naujas-scaled.jpg","width":2560,"height":326,"caption":"UAB Specagra"},"image":{"@id":"https:\/\/www.specagra.ee\/#\/schema\/logo\/image\/"}}]}},"_links":{"self":[{"href":"https:\/\/www.specagra.ee\/index.php?rest_route=\/wp\/v2\/product\/31824","targetHints":{"allow":["GET"]}}],"collection":[{"href":"https:\/\/www.specagra.ee\/index.php?rest_route=\/wp\/v2\/product"}],"about":[{"href":"https:\/\/www.specagra.ee\/index.php?rest_route=\/wp\/v2\/types\/product"}],"wp:featuredmedia":[{"embeddable":true,"href":"https:\/\/www.specagra.ee\/index.php?rest_route=\/wp\/v2\/media\/31825"}],"wp:attachment":[{"href":"https:\/\/www.specagra.ee\/index.php?rest_route=%2Fwp%2Fv2%2Fmedia&parent=31824"}],"wp:term":[{"taxonomy":"product_brand","embeddable":true,"href":"https:\/\/www.specagra.ee\/index.php?rest_route=%2Fwp%2Fv2%2Fproduct_brand&post=31824"},{"taxonomy":"product_cat","embeddable":true,"href":"https:\/\/www.specagra.ee\/index.php?rest_route=%2Fwp%2Fv2%2Fproduct_cat&post=31824"},{"taxonomy":"product_tag","embeddable":true,"href":"https:\/\/www.specagra.ee\/index.php?rest_route=%2Fwp%2Fv2%2Fproduct_tag&post=31824"}],"curies":[{"name":"wp","href":"https:\/\/api.w.org\/{rel}","templated":true}]}}