{"id":3173,"date":"2020-06-29T04:49:14","date_gmt":"2020-06-29T06:49:14","guid":{"rendered":"https:\/\/www.specagra.ee.nemokamossvetaines.hostingas.lt\/?post_type=product&#038;p=3173"},"modified":"2022-10-04T10:12:55","modified_gmt":"2022-10-04T12:12:55","slug":"metal-fach-t-755-puspriekabes","status":"publish","type":"product","link":"https:\/\/www.specagra.ee\/?product=metal-fach-t-755-puspriekabes","title":{"rendered":"Puspriekab\u0117 METAL-FACH T755"},"content":{"rendered":"<p>Standartin\u0117 \u012franga:<\/p>\n<ul>\n<li>Bort\u0173 centrinio u\u017erakto sistema;<\/li>\n<li>Sklend\u0117 su lataku galiniame borte;<\/li>\n<li>Kop\u0117t\u0117l\u0117s;<\/li>\n<li>Prikabinimo sija su adapteriu;<\/li>\n<li>Hidraulin\u0117 atramin\u0117 koja;<\/li>\n<li>Prikabinimo sijos kilpa \u00d840 mm;<\/li>\n<li>Rankinis stov\u0117jimo stabdys;<\/li>\n<li>Antros priekabos hidraulin\u0117 ir elektrin\u0117 instaliacija;<\/li>\n<li>2-j\u0173 kont\u016br\u0173 pneumatiniai stabd\u017eiai;<\/li>\n<li>Ratai 385\/65 R22,5;<\/li>\n<li>Paki\u0161os po ratais;<\/li>\n<li>Purvasaugiai (plastikiniai).<\/li>\n<\/ul>\n<p>Papildoma \u012franga:<\/p>\n<ul>\n<li>Bortai su gumine apsauga 800 mm (vietoje 600 mm);<\/li>\n<li>Spyruokl\u0117s priekinio borto (600 mm);<\/li>\n<li>Papildomi bortai su gumine apsauga 600 mm (kai bortai 800 mm);<\/li>\n<li>Papildomi bortai su gumine apsauga 800 mm (kai bortai 600 mm);<\/li>\n<li>Gabaritin\u0117s \u0161viesos;<\/li>\n<li>Tentas su tvirtinimu;<\/li>\n<li>Darbin\u0117 aik\u0161tel\u0117;<\/li>\n<li>Prikabinimo sijos kilpa \u00d850 mm;<\/li>\n<li>Prikabinimo sijos kilpa K80;<\/li>\n<li>Automatinis galinis kablys;<\/li>\n<li>Hidrauliniai stabd\u017eiai;<\/li>\n<li>Ratai 445\/45R19,5;<\/li>\n<li>Naujos padangos 385\/65 R22,5;<\/li>\n<li>Ratai 550\/45-22,5;<\/li>\n<li>Atsarginis ratas 385\/65 R22,5 (nauja padanga);<\/li>\n<li>Atsarginis ratas 385\/65 R22,5 (restauruota padanga);<\/li>\n<li>Atsarginis ratas 550\/45-22,5;<\/li>\n<li>Atsarginis ratas 445\/45R19,5;<\/li>\n<li>Bakelis vandeniui;<\/li>\n<li>Daiktad\u0117\u017e\u0117;<\/li>\n<li>Apsauginis r\u0117mas (juostos) po puspriekabe;<\/li>\n<li>Nestandartin\u0117 spalva (standartin\u0117 raudona).<\/li>\n<\/ul>\n","protected":false},"excerpt":{"rendered":"<p>Standartin\u0117 \u012franga: Bort\u0173 centrinio u\u017erakto sistema; Sklend\u0117 su lataku galiniame borte; Kop\u0117t\u0117l\u0117s; Prikabinimo sija su adapteriu; Hidraulin\u0117 atramin\u0117 koja; Prikabinimo sijos kilpa \u00d840 mm; Rankinis stov\u0117jimo stabdys; Antros priekabos hidraulin\u0117 ir elektrin\u0117 instaliacija; 2-j\u0173 kont\u016br\u0173 pneumatiniai stabd\u017eiai; Ratai 385\/65 R22,5; Paki\u0161os po ratais; Purvasaugiai (plastikiniai). Papildoma \u012franga: Bortai su gumine apsauga 800 mm (vietoje 600 [&hellip;]<\/p>\n","protected":false},"featured_media":18992,"template":"","meta":{"_et_pb_use_builder":"","_et_pb_old_content":"","_et_gb_content_width":""},"product_brand":[],"product_cat":[95],"product_tag":[],"class_list":{"0":"post-3173","1":"product","2":"type-product","3":"status-publish","4":"has-post-thumbnail","6":"product_cat-traktorikarud-ja-poolhaagised","8":"first","9":"instock","10":"shipping-taxable","11":"product-type-simple"},"yoast_head":"<!-- This site is optimized with the Yoast SEO plugin v26.4 - https:\/\/yoast.com\/wordpress\/plugins\/seo\/ -->\n<title>Puspriekab\u0117 METAL-FACH T755 - Specagra<\/title>\n<meta name=\"robots\" content=\"index, follow, max-snippet:-1, max-image-preview:large, max-video-preview:-1\" \/>\n<link rel=\"canonical\" href=\"https:\/\/www.specagra.ee\/?product=metal-fach-t-755-puspriekabes\" \/>\n<meta property=\"og:locale\" content=\"et_EE\" \/>\n<meta property=\"og:type\" content=\"article\" \/>\n<meta property=\"og:title\" content=\"Puspriekab\u0117 METAL-FACH T755 - Specagra\" \/>\n<meta property=\"og:description\" content=\"Standartin\u0117 \u012franga: Bort\u0173 centrinio u\u017erakto sistema; Sklend\u0117 su lataku galiniame borte; Kop\u0117t\u0117l\u0117s; Prikabinimo sija su adapteriu; Hidraulin\u0117 atramin\u0117 koja; Prikabinimo sijos kilpa \u00d840 mm; Rankinis stov\u0117jimo stabdys; Antros priekabos hidraulin\u0117 ir elektrin\u0117 instaliacija; 2-j\u0173 kont\u016br\u0173 pneumatiniai stabd\u017eiai; Ratai 385\/65 R22,5; Paki\u0161os po ratais; Purvasaugiai (plastikiniai). Papildoma \u012franga: Bortai su gumine apsauga 800 mm (vietoje 600 [&hellip;]\" \/>\n<meta property=\"og:url\" content=\"https:\/\/www.specagra.ee\/?product=metal-fach-t-755-puspriekabes\" \/>\n<meta property=\"og:site_name\" content=\"Specagra\" \/>\n<meta property=\"article:modified_time\" content=\"2022-10-04T12:12:55+00:00\" \/>\n<meta property=\"og:image\" content=\"https:\/\/www.specagra.ee\/wp-content\/uploads\/2020\/06\/Copy-of-0203139731-1280-\u00d7-720-px-896-\u00d7-503-px117.jpg\" \/>\n\t<meta property=\"og:image:width\" content=\"896\" \/>\n\t<meta property=\"og:image:height\" content=\"503\" \/>\n\t<meta property=\"og:image:type\" content=\"image\/jpeg\" \/>\n<meta name=\"twitter:card\" content=\"summary_large_image\" \/>\n<meta name=\"twitter:label1\" content=\"Est. reading time\" \/>\n\t<meta name=\"twitter:data1\" content=\"1 minut\" \/>\n<script type=\"application\/ld+json\" class=\"yoast-schema-graph\">{\"@context\":\"https:\/\/schema.org\",\"@graph\":[{\"@type\":\"WebPage\",\"@id\":\"https:\/\/www.specagra.ee\/?product=metal-fach-t-755-puspriekabes\",\"url\":\"https:\/\/www.specagra.ee\/?product=metal-fach-t-755-puspriekabes\",\"name\":\"Puspriekab\u0117 METAL-FACH T755 - Specagra\",\"isPartOf\":{\"@id\":\"https:\/\/www.specagra.ee\/#website\"},\"primaryImageOfPage\":{\"@id\":\"https:\/\/www.specagra.ee\/?product=metal-fach-t-755-puspriekabes#primaryimage\"},\"image\":{\"@id\":\"https:\/\/www.specagra.ee\/?product=metal-fach-t-755-puspriekabes#primaryimage\"},\"thumbnailUrl\":\"https:\/\/www.specagra.ee\/wp-content\/uploads\/2020\/06\/Copy-of-0203139731-1280-\u00d7-720-px-896-\u00d7-503-px117.jpg\",\"datePublished\":\"2020-06-29T06:49:14+00:00\",\"dateModified\":\"2022-10-04T12:12:55+00:00\",\"breadcrumb\":{\"@id\":\"https:\/\/www.specagra.ee\/?product=metal-fach-t-755-puspriekabes#breadcrumb\"},\"inLanguage\":\"et\",\"potentialAction\":[{\"@type\":\"ReadAction\",\"target\":[\"https:\/\/www.specagra.ee\/?product=metal-fach-t-755-puspriekabes\"]}]},{\"@type\":\"ImageObject\",\"inLanguage\":\"et\",\"@id\":\"https:\/\/www.specagra.ee\/?product=metal-fach-t-755-puspriekabes#primaryimage\",\"url\":\"https:\/\/www.specagra.ee\/wp-content\/uploads\/2020\/06\/Copy-of-0203139731-1280-\u00d7-720-px-896-\u00d7-503-px117.jpg\",\"contentUrl\":\"https:\/\/www.specagra.ee\/wp-content\/uploads\/2020\/06\/Copy-of-0203139731-1280-\u00d7-720-px-896-\u00d7-503-px117.jpg\",\"width\":896,\"height\":503,\"caption\":\"Puspriekab\u0117 METAL-FACH T755\"},{\"@type\":\"BreadcrumbList\",\"@id\":\"https:\/\/www.specagra.ee\/?product=metal-fach-t-755-puspriekabes#breadcrumb\",\"itemListElement\":[{\"@type\":\"ListItem\",\"position\":1,\"name\":\"Home\",\"item\":\"https:\/\/www.specagra.ee\/\"},{\"@type\":\"ListItem\",\"position\":2,\"name\":\"P\u00f5llumajandustehnika ja loomakasvatus\",\"item\":\"https:\/\/specagra.ee\/?page_id=18493\"},{\"@type\":\"ListItem\",\"position\":3,\"name\":\"Puspriekab\u0117 METAL-FACH T755\"}]},{\"@type\":\"WebSite\",\"@id\":\"https:\/\/www.specagra.ee\/#website\",\"url\":\"https:\/\/www.specagra.ee\/\",\"name\":\"Specagra\",\"description\":\"P\u00f5llumajandustehnika ja varuosad\",\"publisher\":{\"@id\":\"https:\/\/www.specagra.ee\/#organization\"},\"potentialAction\":[{\"@type\":\"SearchAction\",\"target\":{\"@type\":\"EntryPoint\",\"urlTemplate\":\"https:\/\/www.specagra.ee\/?s={search_term_string}\"},\"query-input\":{\"@type\":\"PropertyValueSpecification\",\"valueRequired\":true,\"valueName\":\"search_term_string\"}}],\"inLanguage\":\"et\"},{\"@type\":\"Organization\",\"@id\":\"https:\/\/www.specagra.ee\/#organization\",\"name\":\"UAB Specagra\",\"url\":\"https:\/\/www.specagra.ee\/\",\"logo\":{\"@type\":\"ImageObject\",\"inLanguage\":\"et\",\"@id\":\"https:\/\/www.specagra.ee\/#\/schema\/logo\/image\/\",\"url\":\"http:\/\/www.specagra.ee\/wp-content\/uploads\/2022\/02\/SP-logo_naujas-scaled.jpg\",\"contentUrl\":\"http:\/\/www.specagra.ee\/wp-content\/uploads\/2022\/02\/SP-logo_naujas-scaled.jpg\",\"width\":2560,\"height\":326,\"caption\":\"UAB Specagra\"},\"image\":{\"@id\":\"https:\/\/www.specagra.ee\/#\/schema\/logo\/image\/\"}}]}<\/script>\n<!-- \/ Yoast SEO plugin. -->","yoast_head_json":{"title":"Puspriekab\u0117 METAL-FACH T755 - Specagra","robots":{"index":"index","follow":"follow","max-snippet":"max-snippet:-1","max-image-preview":"max-image-preview:large","max-video-preview":"max-video-preview:-1"},"canonical":"https:\/\/www.specagra.ee\/?product=metal-fach-t-755-puspriekabes","og_locale":"et_EE","og_type":"article","og_title":"Puspriekab\u0117 METAL-FACH T755 - Specagra","og_description":"Standartin\u0117 \u012franga: Bort\u0173 centrinio u\u017erakto sistema; Sklend\u0117 su lataku galiniame borte; Kop\u0117t\u0117l\u0117s; Prikabinimo sija su adapteriu; Hidraulin\u0117 atramin\u0117 koja; Prikabinimo sijos kilpa \u00d840 mm; Rankinis stov\u0117jimo stabdys; Antros priekabos hidraulin\u0117 ir elektrin\u0117 instaliacija; 2-j\u0173 kont\u016br\u0173 pneumatiniai stabd\u017eiai; Ratai 385\/65 R22,5; Paki\u0161os po ratais; Purvasaugiai (plastikiniai). Papildoma \u012franga: Bortai su gumine apsauga 800 mm (vietoje 600 [&hellip;]","og_url":"https:\/\/www.specagra.ee\/?product=metal-fach-t-755-puspriekabes","og_site_name":"Specagra","article_modified_time":"2022-10-04T12:12:55+00:00","og_image":[{"width":896,"height":503,"url":"https:\/\/www.specagra.ee\/wp-content\/uploads\/2020\/06\/Copy-of-0203139731-1280-\u00d7-720-px-896-\u00d7-503-px117.jpg","type":"image\/jpeg"}],"twitter_card":"summary_large_image","twitter_misc":{"Est. reading time":"1 minut"},"schema":{"@context":"https:\/\/schema.org","@graph":[{"@type":"WebPage","@id":"https:\/\/www.specagra.ee\/?product=metal-fach-t-755-puspriekabes","url":"https:\/\/www.specagra.ee\/?product=metal-fach-t-755-puspriekabes","name":"Puspriekab\u0117 METAL-FACH T755 - Specagra","isPartOf":{"@id":"https:\/\/www.specagra.ee\/#website"},"primaryImageOfPage":{"@id":"https:\/\/www.specagra.ee\/?product=metal-fach-t-755-puspriekabes#primaryimage"},"image":{"@id":"https:\/\/www.specagra.ee\/?product=metal-fach-t-755-puspriekabes#primaryimage"},"thumbnailUrl":"https:\/\/www.specagra.ee\/wp-content\/uploads\/2020\/06\/Copy-of-0203139731-1280-\u00d7-720-px-896-\u00d7-503-px117.jpg","datePublished":"2020-06-29T06:49:14+00:00","dateModified":"2022-10-04T12:12:55+00:00","breadcrumb":{"@id":"https:\/\/www.specagra.ee\/?product=metal-fach-t-755-puspriekabes#breadcrumb"},"inLanguage":"et","potentialAction":[{"@type":"ReadAction","target":["https:\/\/www.specagra.ee\/?product=metal-fach-t-755-puspriekabes"]}]},{"@type":"ImageObject","inLanguage":"et","@id":"https:\/\/www.specagra.ee\/?product=metal-fach-t-755-puspriekabes#primaryimage","url":"https:\/\/www.specagra.ee\/wp-content\/uploads\/2020\/06\/Copy-of-0203139731-1280-\u00d7-720-px-896-\u00d7-503-px117.jpg","contentUrl":"https:\/\/www.specagra.ee\/wp-content\/uploads\/2020\/06\/Copy-of-0203139731-1280-\u00d7-720-px-896-\u00d7-503-px117.jpg","width":896,"height":503,"caption":"Puspriekab\u0117 METAL-FACH T755"},{"@type":"BreadcrumbList","@id":"https:\/\/www.specagra.ee\/?product=metal-fach-t-755-puspriekabes#breadcrumb","itemListElement":[{"@type":"ListItem","position":1,"name":"Home","item":"https:\/\/www.specagra.ee\/"},{"@type":"ListItem","position":2,"name":"P\u00f5llumajandustehnika ja loomakasvatus","item":"https:\/\/specagra.ee\/?page_id=18493"},{"@type":"ListItem","position":3,"name":"Puspriekab\u0117 METAL-FACH T755"}]},{"@type":"WebSite","@id":"https:\/\/www.specagra.ee\/#website","url":"https:\/\/www.specagra.ee\/","name":"Specagra","description":"P\u00f5llumajandustehnika ja varuosad","publisher":{"@id":"https:\/\/www.specagra.ee\/#organization"},"potentialAction":[{"@type":"SearchAction","target":{"@type":"EntryPoint","urlTemplate":"https:\/\/www.specagra.ee\/?s={search_term_string}"},"query-input":{"@type":"PropertyValueSpecification","valueRequired":true,"valueName":"search_term_string"}}],"inLanguage":"et"},{"@type":"Organization","@id":"https:\/\/www.specagra.ee\/#organization","name":"UAB Specagra","url":"https:\/\/www.specagra.ee\/","logo":{"@type":"ImageObject","inLanguage":"et","@id":"https:\/\/www.specagra.ee\/#\/schema\/logo\/image\/","url":"http:\/\/www.specagra.ee\/wp-content\/uploads\/2022\/02\/SP-logo_naujas-scaled.jpg","contentUrl":"http:\/\/www.specagra.ee\/wp-content\/uploads\/2022\/02\/SP-logo_naujas-scaled.jpg","width":2560,"height":326,"caption":"UAB Specagra"},"image":{"@id":"https:\/\/www.specagra.ee\/#\/schema\/logo\/image\/"}}]}},"_links":{"self":[{"href":"https:\/\/www.specagra.ee\/index.php?rest_route=\/wp\/v2\/product\/3173","targetHints":{"allow":["GET"]}}],"collection":[{"href":"https:\/\/www.specagra.ee\/index.php?rest_route=\/wp\/v2\/product"}],"about":[{"href":"https:\/\/www.specagra.ee\/index.php?rest_route=\/wp\/v2\/types\/product"}],"wp:featuredmedia":[{"embeddable":true,"href":"https:\/\/www.specagra.ee\/index.php?rest_route=\/wp\/v2\/media\/18992"}],"wp:attachment":[{"href":"https:\/\/www.specagra.ee\/index.php?rest_route=%2Fwp%2Fv2%2Fmedia&parent=3173"}],"wp:term":[{"taxonomy":"product_brand","embeddable":true,"href":"https:\/\/www.specagra.ee\/index.php?rest_route=%2Fwp%2Fv2%2Fproduct_brand&post=3173"},{"taxonomy":"product_cat","embeddable":true,"href":"https:\/\/www.specagra.ee\/index.php?rest_route=%2Fwp%2Fv2%2Fproduct_cat&post=3173"},{"taxonomy":"product_tag","embeddable":true,"href":"https:\/\/www.specagra.ee\/index.php?rest_route=%2Fwp%2Fv2%2Fproduct_tag&post=3173"}],"curies":[{"name":"wp","href":"https:\/\/api.w.org\/{rel}","templated":true}]}}