{"id":3161,"date":"2020-06-29T04:37:59","date_gmt":"2020-06-29T06:37:59","guid":{"rendered":"https:\/\/www.specagra.ee.nemokamossvetaines.hostingas.lt\/?post_type=product&#038;p=3161"},"modified":"2022-10-04T10:11:20","modified_gmt":"2022-10-04T12:11:20","slug":"metal-fach-t-957-puspriekabe","status":"publish","type":"product","link":"https:\/\/www.specagra.ee\/?product=metal-fach-t-957-puspriekabe","title":{"rendered":"Puspriekab\u0117 METAL-FACH T957"},"content":{"rendered":"<p>Standartin\u0117 \u012franga:<\/p>\n<ul>\n<li>Bort\u0173 auk\u0161tis 500 mm;<\/li>\n<li>Bort\u0173 centrinio u\u017erakto sistema;<\/li>\n<li>Sklend\u0117 su lataku galiniame borte;<\/li>\n<li>Prikabinimo sija su adapteriu;<\/li>\n<li>Prikabinimo sijos kilpa \u00d840 mm;<\/li>\n<li>Mechanin\u0117 pastatymo koja su atraminiu ratu;<\/li>\n<li>Antros priekabos hidraulin\u0117 ir elektrin\u0117 instaliacija;<\/li>\n<li>2-j\u0173 kont\u016br\u0173 pneumatiniai stabd\u017eiai;<\/li>\n<li>Rankinis stov\u0117jimo stabdys;<\/li>\n<li>Ratai 500\/50-17;<\/li>\n<li>Paki\u0161os po ratais.<\/li>\n<\/ul>\n<p>Papildoma \u012franga:<\/p>\n<ul>\n<li>Bortai 600 mm (pilni, vietoje 500 mm);<\/li>\n<li>Papildomi bortai 500 mm (pilni);<\/li>\n<li>Papildomi bortai 500 mm (tinkliniai);<\/li>\n<li>Tentas su tvirtinimo r\u0117mu;<\/li>\n<li>Darbin\u0117 aik\u0161tel\u0117;<\/li>\n<li>Inerciniai stabd\u017eiai;<\/li>\n<li>Hidrauliniai stabd\u017eiai;<\/li>\n<li>Prikabinimo sijos kilpa \u00d840 mm, nevartoma;<\/li>\n<li>Prikabinimo sijos kilpa \u00d850 mm, nevartoma;<\/li>\n<li>Prikabinimo sijos kilpa K80;<\/li>\n<li>Gabaritin\u0117s \u0161viesos;<\/li>\n<li>Apsauginis r\u0117mas (juostos) po priekaba;<\/li>\n<li>Daiktad\u0117\u017e\u0117;<\/li>\n<li>Bakelis vandeniui;<\/li>\n<li>Purvasaugiai (plastikiniai);<\/li>\n<li>Nestandartin\u0117 spalva (standartin\u0117 raudona)<\/li>\n<\/ul>\n","protected":false},"excerpt":{"rendered":"<p>Standartin\u0117 \u012franga: Bort\u0173 auk\u0161tis 500 mm; Bort\u0173 centrinio u\u017erakto sistema; Sklend\u0117 su lataku galiniame borte; Prikabinimo sija su adapteriu; Prikabinimo sijos kilpa \u00d840 mm; Mechanin\u0117 pastatymo koja su atraminiu ratu; Antros priekabos hidraulin\u0117 ir elektrin\u0117 instaliacija; 2-j\u0173 kont\u016br\u0173 pneumatiniai stabd\u017eiai; Rankinis stov\u0117jimo stabdys; Ratai 500\/50-17; Paki\u0161os po ratais. Papildoma \u012franga: Bortai 600 mm (pilni, vietoje [&hellip;]<\/p>\n","protected":false},"featured_media":18989,"template":"","meta":{"_et_pb_use_builder":"","_et_pb_old_content":"","_et_gb_content_width":""},"product_brand":[],"product_cat":[95],"product_tag":[],"class_list":{"0":"post-3161","1":"product","2":"type-product","3":"status-publish","4":"has-post-thumbnail","6":"product_cat-traktorikarud-ja-poolhaagised","8":"first","9":"instock","10":"shipping-taxable","11":"product-type-simple"},"yoast_head":"<!-- This site is optimized with the Yoast SEO plugin v26.4 - https:\/\/yoast.com\/wordpress\/plugins\/seo\/ -->\n<title>Puspriekab\u0117 METAL-FACH T957 - Specagra<\/title>\n<meta name=\"robots\" content=\"index, follow, max-snippet:-1, max-image-preview:large, max-video-preview:-1\" \/>\n<link rel=\"canonical\" href=\"https:\/\/www.specagra.ee\/?product=metal-fach-t-957-puspriekabe\" \/>\n<meta property=\"og:locale\" content=\"et_EE\" \/>\n<meta property=\"og:type\" content=\"article\" \/>\n<meta property=\"og:title\" content=\"Puspriekab\u0117 METAL-FACH T957 - Specagra\" \/>\n<meta property=\"og:description\" content=\"Standartin\u0117 \u012franga: Bort\u0173 auk\u0161tis 500 mm; Bort\u0173 centrinio u\u017erakto sistema; Sklend\u0117 su lataku galiniame borte; Prikabinimo sija su adapteriu; Prikabinimo sijos kilpa \u00d840 mm; Mechanin\u0117 pastatymo koja su atraminiu ratu; Antros priekabos hidraulin\u0117 ir elektrin\u0117 instaliacija; 2-j\u0173 kont\u016br\u0173 pneumatiniai stabd\u017eiai; Rankinis stov\u0117jimo stabdys; Ratai 500\/50-17; Paki\u0161os po ratais. Papildoma \u012franga: Bortai 600 mm (pilni, vietoje [&hellip;]\" \/>\n<meta property=\"og:url\" content=\"https:\/\/www.specagra.ee\/?product=metal-fach-t-957-puspriekabe\" \/>\n<meta property=\"og:site_name\" content=\"Specagra\" \/>\n<meta property=\"article:modified_time\" content=\"2022-10-04T12:11:20+00:00\" \/>\n<meta property=\"og:image\" content=\"https:\/\/specagra.ee\/wp-content\/uploads\/2020\/06\/Copy-of-0203139731-1280-\u00d7-720-px-896-\u00d7-503-px119.jpg\" \/>\n\t<meta property=\"og:image:width\" content=\"896\" \/>\n\t<meta property=\"og:image:height\" content=\"503\" \/>\n\t<meta property=\"og:image:type\" content=\"image\/jpeg\" \/>\n<meta name=\"twitter:card\" content=\"summary_large_image\" \/>\n<meta name=\"twitter:label1\" content=\"Est. reading time\" \/>\n\t<meta name=\"twitter:data1\" content=\"1 minut\" \/>\n<script type=\"application\/ld+json\" class=\"yoast-schema-graph\">{\"@context\":\"https:\/\/schema.org\",\"@graph\":[{\"@type\":\"WebPage\",\"@id\":\"https:\/\/www.specagra.ee\/?product=metal-fach-t-957-puspriekabe\",\"url\":\"https:\/\/www.specagra.ee\/?product=metal-fach-t-957-puspriekabe\",\"name\":\"Puspriekab\u0117 METAL-FACH T957 - Specagra\",\"isPartOf\":{\"@id\":\"https:\/\/www.specagra.ee\/#website\"},\"primaryImageOfPage\":{\"@id\":\"https:\/\/www.specagra.ee\/?product=metal-fach-t-957-puspriekabe#primaryimage\"},\"image\":{\"@id\":\"https:\/\/www.specagra.ee\/?product=metal-fach-t-957-puspriekabe#primaryimage\"},\"thumbnailUrl\":\"https:\/\/www.specagra.ee\/wp-content\/uploads\/2020\/06\/Copy-of-0203139731-1280-\u00d7-720-px-896-\u00d7-503-px119.jpg\",\"datePublished\":\"2020-06-29T06:37:59+00:00\",\"dateModified\":\"2022-10-04T12:11:20+00:00\",\"breadcrumb\":{\"@id\":\"https:\/\/www.specagra.ee\/?product=metal-fach-t-957-puspriekabe#breadcrumb\"},\"inLanguage\":\"et\",\"potentialAction\":[{\"@type\":\"ReadAction\",\"target\":[\"https:\/\/www.specagra.ee\/?product=metal-fach-t-957-puspriekabe\"]}]},{\"@type\":\"ImageObject\",\"inLanguage\":\"et\",\"@id\":\"https:\/\/www.specagra.ee\/?product=metal-fach-t-957-puspriekabe#primaryimage\",\"url\":\"https:\/\/www.specagra.ee\/wp-content\/uploads\/2020\/06\/Copy-of-0203139731-1280-\u00d7-720-px-896-\u00d7-503-px119.jpg\",\"contentUrl\":\"https:\/\/www.specagra.ee\/wp-content\/uploads\/2020\/06\/Copy-of-0203139731-1280-\u00d7-720-px-896-\u00d7-503-px119.jpg\",\"width\":896,\"height\":503,\"caption\":\"Puspriekab\u0117 METAL-FACH T957\"},{\"@type\":\"BreadcrumbList\",\"@id\":\"https:\/\/www.specagra.ee\/?product=metal-fach-t-957-puspriekabe#breadcrumb\",\"itemListElement\":[{\"@type\":\"ListItem\",\"position\":1,\"name\":\"Home\",\"item\":\"https:\/\/www.specagra.ee\/\"},{\"@type\":\"ListItem\",\"position\":2,\"name\":\"P\u00f5llumajandustehnika ja loomakasvatus\",\"item\":\"https:\/\/specagra.ee\/?page_id=18493\"},{\"@type\":\"ListItem\",\"position\":3,\"name\":\"Puspriekab\u0117 METAL-FACH T957\"}]},{\"@type\":\"WebSite\",\"@id\":\"https:\/\/www.specagra.ee\/#website\",\"url\":\"https:\/\/www.specagra.ee\/\",\"name\":\"Specagra\",\"description\":\"P\u00f5llumajandustehnika ja varuosad\",\"publisher\":{\"@id\":\"https:\/\/www.specagra.ee\/#organization\"},\"potentialAction\":[{\"@type\":\"SearchAction\",\"target\":{\"@type\":\"EntryPoint\",\"urlTemplate\":\"https:\/\/www.specagra.ee\/?s={search_term_string}\"},\"query-input\":{\"@type\":\"PropertyValueSpecification\",\"valueRequired\":true,\"valueName\":\"search_term_string\"}}],\"inLanguage\":\"et\"},{\"@type\":\"Organization\",\"@id\":\"https:\/\/www.specagra.ee\/#organization\",\"name\":\"UAB Specagra\",\"url\":\"https:\/\/www.specagra.ee\/\",\"logo\":{\"@type\":\"ImageObject\",\"inLanguage\":\"et\",\"@id\":\"https:\/\/www.specagra.ee\/#\/schema\/logo\/image\/\",\"url\":\"http:\/\/www.specagra.ee\/wp-content\/uploads\/2022\/02\/SP-logo_naujas-scaled.jpg\",\"contentUrl\":\"http:\/\/www.specagra.ee\/wp-content\/uploads\/2022\/02\/SP-logo_naujas-scaled.jpg\",\"width\":2560,\"height\":326,\"caption\":\"UAB Specagra\"},\"image\":{\"@id\":\"https:\/\/www.specagra.ee\/#\/schema\/logo\/image\/\"}}]}<\/script>\n<!-- \/ Yoast SEO plugin. -->","yoast_head_json":{"title":"Puspriekab\u0117 METAL-FACH T957 - Specagra","robots":{"index":"index","follow":"follow","max-snippet":"max-snippet:-1","max-image-preview":"max-image-preview:large","max-video-preview":"max-video-preview:-1"},"canonical":"https:\/\/www.specagra.ee\/?product=metal-fach-t-957-puspriekabe","og_locale":"et_EE","og_type":"article","og_title":"Puspriekab\u0117 METAL-FACH T957 - Specagra","og_description":"Standartin\u0117 \u012franga: Bort\u0173 auk\u0161tis 500 mm; Bort\u0173 centrinio u\u017erakto sistema; Sklend\u0117 su lataku galiniame borte; Prikabinimo sija su adapteriu; Prikabinimo sijos kilpa \u00d840 mm; Mechanin\u0117 pastatymo koja su atraminiu ratu; Antros priekabos hidraulin\u0117 ir elektrin\u0117 instaliacija; 2-j\u0173 kont\u016br\u0173 pneumatiniai stabd\u017eiai; Rankinis stov\u0117jimo stabdys; Ratai 500\/50-17; Paki\u0161os po ratais. Papildoma \u012franga: Bortai 600 mm (pilni, vietoje [&hellip;]","og_url":"https:\/\/www.specagra.ee\/?product=metal-fach-t-957-puspriekabe","og_site_name":"Specagra","article_modified_time":"2022-10-04T12:11:20+00:00","og_image":[{"width":896,"height":503,"url":"https:\/\/specagra.ee\/wp-content\/uploads\/2020\/06\/Copy-of-0203139731-1280-\u00d7-720-px-896-\u00d7-503-px119.jpg","type":"image\/jpeg"}],"twitter_card":"summary_large_image","twitter_misc":{"Est. reading time":"1 minut"},"schema":{"@context":"https:\/\/schema.org","@graph":[{"@type":"WebPage","@id":"https:\/\/www.specagra.ee\/?product=metal-fach-t-957-puspriekabe","url":"https:\/\/www.specagra.ee\/?product=metal-fach-t-957-puspriekabe","name":"Puspriekab\u0117 METAL-FACH T957 - Specagra","isPartOf":{"@id":"https:\/\/www.specagra.ee\/#website"},"primaryImageOfPage":{"@id":"https:\/\/www.specagra.ee\/?product=metal-fach-t-957-puspriekabe#primaryimage"},"image":{"@id":"https:\/\/www.specagra.ee\/?product=metal-fach-t-957-puspriekabe#primaryimage"},"thumbnailUrl":"https:\/\/www.specagra.ee\/wp-content\/uploads\/2020\/06\/Copy-of-0203139731-1280-\u00d7-720-px-896-\u00d7-503-px119.jpg","datePublished":"2020-06-29T06:37:59+00:00","dateModified":"2022-10-04T12:11:20+00:00","breadcrumb":{"@id":"https:\/\/www.specagra.ee\/?product=metal-fach-t-957-puspriekabe#breadcrumb"},"inLanguage":"et","potentialAction":[{"@type":"ReadAction","target":["https:\/\/www.specagra.ee\/?product=metal-fach-t-957-puspriekabe"]}]},{"@type":"ImageObject","inLanguage":"et","@id":"https:\/\/www.specagra.ee\/?product=metal-fach-t-957-puspriekabe#primaryimage","url":"https:\/\/www.specagra.ee\/wp-content\/uploads\/2020\/06\/Copy-of-0203139731-1280-\u00d7-720-px-896-\u00d7-503-px119.jpg","contentUrl":"https:\/\/www.specagra.ee\/wp-content\/uploads\/2020\/06\/Copy-of-0203139731-1280-\u00d7-720-px-896-\u00d7-503-px119.jpg","width":896,"height":503,"caption":"Puspriekab\u0117 METAL-FACH T957"},{"@type":"BreadcrumbList","@id":"https:\/\/www.specagra.ee\/?product=metal-fach-t-957-puspriekabe#breadcrumb","itemListElement":[{"@type":"ListItem","position":1,"name":"Home","item":"https:\/\/www.specagra.ee\/"},{"@type":"ListItem","position":2,"name":"P\u00f5llumajandustehnika ja loomakasvatus","item":"https:\/\/specagra.ee\/?page_id=18493"},{"@type":"ListItem","position":3,"name":"Puspriekab\u0117 METAL-FACH T957"}]},{"@type":"WebSite","@id":"https:\/\/www.specagra.ee\/#website","url":"https:\/\/www.specagra.ee\/","name":"Specagra","description":"P\u00f5llumajandustehnika ja varuosad","publisher":{"@id":"https:\/\/www.specagra.ee\/#organization"},"potentialAction":[{"@type":"SearchAction","target":{"@type":"EntryPoint","urlTemplate":"https:\/\/www.specagra.ee\/?s={search_term_string}"},"query-input":{"@type":"PropertyValueSpecification","valueRequired":true,"valueName":"search_term_string"}}],"inLanguage":"et"},{"@type":"Organization","@id":"https:\/\/www.specagra.ee\/#organization","name":"UAB Specagra","url":"https:\/\/www.specagra.ee\/","logo":{"@type":"ImageObject","inLanguage":"et","@id":"https:\/\/www.specagra.ee\/#\/schema\/logo\/image\/","url":"http:\/\/www.specagra.ee\/wp-content\/uploads\/2022\/02\/SP-logo_naujas-scaled.jpg","contentUrl":"http:\/\/www.specagra.ee\/wp-content\/uploads\/2022\/02\/SP-logo_naujas-scaled.jpg","width":2560,"height":326,"caption":"UAB Specagra"},"image":{"@id":"https:\/\/www.specagra.ee\/#\/schema\/logo\/image\/"}}]}},"_links":{"self":[{"href":"https:\/\/www.specagra.ee\/index.php?rest_route=\/wp\/v2\/product\/3161","targetHints":{"allow":["GET"]}}],"collection":[{"href":"https:\/\/www.specagra.ee\/index.php?rest_route=\/wp\/v2\/product"}],"about":[{"href":"https:\/\/www.specagra.ee\/index.php?rest_route=\/wp\/v2\/types\/product"}],"wp:featuredmedia":[{"embeddable":true,"href":"https:\/\/www.specagra.ee\/index.php?rest_route=\/wp\/v2\/media\/18989"}],"wp:attachment":[{"href":"https:\/\/www.specagra.ee\/index.php?rest_route=%2Fwp%2Fv2%2Fmedia&parent=3161"}],"wp:term":[{"taxonomy":"product_brand","embeddable":true,"href":"https:\/\/www.specagra.ee\/index.php?rest_route=%2Fwp%2Fv2%2Fproduct_brand&post=3161"},{"taxonomy":"product_cat","embeddable":true,"href":"https:\/\/www.specagra.ee\/index.php?rest_route=%2Fwp%2Fv2%2Fproduct_cat&post=3161"},{"taxonomy":"product_tag","embeddable":true,"href":"https:\/\/www.specagra.ee\/index.php?rest_route=%2Fwp%2Fv2%2Fproduct_tag&post=3161"}],"curies":[{"name":"wp","href":"https:\/\/api.w.org\/{rel}","templated":true}]}}