{"id":3148,"date":"2020-06-29T04:29:29","date_gmt":"2020-06-29T06:29:29","guid":{"rendered":"https:\/\/www.specagra.ee.nemokamossvetaines.hostingas.lt\/?post_type=product&#038;p=3148"},"modified":"2020-09-30T06:38:35","modified_gmt":"2020-09-30T08:38:35","slug":"metal-fach-t-735-puspriekabes","status":"publish","type":"product","link":"https:\/\/www.specagra.ee\/?product=metal-fach-t-735-puspriekabes","title":{"rendered":"Puspriekab\u0117 METAL &#8211; FACH T735"},"content":{"rendered":"<p>Standartin\u0117 \u012franga:<\/p>\n<ul>\n<li>Prikabinimo sijos kilpa \u00d840 mm;<\/li>\n<li>Prikabinimo sija su adapteriu;<\/li>\n<li>Mechanin\u0117 pastatymo koja;<\/li>\n<li>Rankinis stov\u0117jimo stabdys;<\/li>\n<li>Vieno kont\u016bro pneumatiniai stabd\u017eiai;<\/li>\n<li>Ratai 10,0\/80-12;<\/li>\n<li>Paki\u0161os po ratais<\/li>\n<\/ul>\n<p>Papildoma \u012franga:<\/p>\n<ul>\n<li>Papildomi bortai 700 mm\u00a0 (tinkliniai);<\/li>\n<li>Hidrauliniai stabd\u017eiai;<\/li>\n<li>2-j\u0173 kont\u016br\u0173 pneumatiniai stabd\u017eiai;<\/li>\n<li>Inerciniai stabd\u017eiai;<\/li>\n<li>Be stabd\u017ei\u0173 versija;<\/li>\n<li>Nestandartin\u0117 spalva (standartin\u0117 raudona).<\/li>\n<\/ul>\n","protected":false},"excerpt":{"rendered":"<p>Standartin\u0117 \u012franga: Prikabinimo sijos kilpa \u00d840 mm; Prikabinimo sija su adapteriu; Mechanin\u0117 pastatymo koja; Rankinis stov\u0117jimo stabdys; Vieno kont\u016bro pneumatiniai stabd\u017eiai; Ratai 10,0\/80-12; Paki\u0161os po ratais Papildoma \u012franga: Papildomi bortai 700 mm\u00a0 (tinkliniai); Hidrauliniai stabd\u017eiai; 2-j\u0173 kont\u016br\u0173 pneumatiniai stabd\u017eiai; Inerciniai stabd\u017eiai; Be stabd\u017ei\u0173 versija; Nestandartin\u0117 spalva (standartin\u0117 raudona).<\/p>\n","protected":false},"featured_media":3149,"template":"","meta":{"_et_pb_use_builder":"","_et_pb_old_content":"","_et_gb_content_width":""},"product_brand":[],"product_cat":[95],"product_tag":[],"class_list":{"0":"post-3148","1":"product","2":"type-product","3":"status-publish","4":"has-post-thumbnail","6":"product_cat-traktorikarud-ja-poolhaagised","8":"first","9":"instock","10":"shipping-taxable","11":"product-type-simple"},"yoast_head":"<!-- This site is optimized with the Yoast SEO plugin v26.4 - https:\/\/yoast.com\/wordpress\/plugins\/seo\/ -->\n<title>Puspriekab\u0117 METAL - FACH T735 - Specagra<\/title>\n<meta name=\"robots\" content=\"index, follow, max-snippet:-1, max-image-preview:large, max-video-preview:-1\" \/>\n<link rel=\"canonical\" href=\"https:\/\/www.specagra.ee\/?product=metal-fach-t-735-puspriekabes\" \/>\n<meta property=\"og:locale\" content=\"et_EE\" \/>\n<meta property=\"og:type\" content=\"article\" \/>\n<meta property=\"og:title\" content=\"Puspriekab\u0117 METAL - FACH T735 - Specagra\" \/>\n<meta property=\"og:description\" content=\"Standartin\u0117 \u012franga: Prikabinimo sijos kilpa \u00d840 mm; Prikabinimo sija su adapteriu; Mechanin\u0117 pastatymo koja; Rankinis stov\u0117jimo stabdys; Vieno kont\u016bro pneumatiniai stabd\u017eiai; Ratai 10,0\/80-12; Paki\u0161os po ratais Papildoma \u012franga: Papildomi bortai 700 mm\u00a0 (tinkliniai); Hidrauliniai stabd\u017eiai; 2-j\u0173 kont\u016br\u0173 pneumatiniai stabd\u017eiai; Inerciniai stabd\u017eiai; Be stabd\u017ei\u0173 versija; Nestandartin\u0117 spalva (standartin\u0117 raudona).\" \/>\n<meta property=\"og:url\" content=\"https:\/\/www.specagra.ee\/?product=metal-fach-t-735-puspriekabes\" \/>\n<meta property=\"og:site_name\" content=\"Specagra\" \/>\n<meta property=\"article:modified_time\" content=\"2020-09-30T08:38:35+00:00\" \/>\n<meta property=\"og:image\" content=\"https:\/\/www.specagra.ee\/wp-content\/uploads\/2020\/06\/przyczepa-rolnicza-jednoosiowa_T735_tyl.jpg\" \/>\n\t<meta property=\"og:image:width\" content=\"1902\" \/>\n\t<meta property=\"og:image:height\" content=\"1070\" \/>\n\t<meta property=\"og:image:type\" content=\"image\/jpeg\" \/>\n<meta name=\"twitter:card\" content=\"summary_large_image\" \/>\n<script type=\"application\/ld+json\" class=\"yoast-schema-graph\">{\"@context\":\"https:\/\/schema.org\",\"@graph\":[{\"@type\":\"WebPage\",\"@id\":\"https:\/\/www.specagra.ee\/?product=metal-fach-t-735-puspriekabes\",\"url\":\"https:\/\/www.specagra.ee\/?product=metal-fach-t-735-puspriekabes\",\"name\":\"Puspriekab\u0117 METAL - FACH T735 - Specagra\",\"isPartOf\":{\"@id\":\"https:\/\/www.specagra.ee\/#website\"},\"primaryImageOfPage\":{\"@id\":\"https:\/\/www.specagra.ee\/?product=metal-fach-t-735-puspriekabes#primaryimage\"},\"image\":{\"@id\":\"https:\/\/www.specagra.ee\/?product=metal-fach-t-735-puspriekabes#primaryimage\"},\"thumbnailUrl\":\"https:\/\/www.specagra.ee\/wp-content\/uploads\/2020\/06\/przyczepa-rolnicza-jednoosiowa_T735_tyl.jpg\",\"datePublished\":\"2020-06-29T06:29:29+00:00\",\"dateModified\":\"2020-09-30T08:38:35+00:00\",\"breadcrumb\":{\"@id\":\"https:\/\/www.specagra.ee\/?product=metal-fach-t-735-puspriekabes#breadcrumb\"},\"inLanguage\":\"et\",\"potentialAction\":[{\"@type\":\"ReadAction\",\"target\":[\"https:\/\/www.specagra.ee\/?product=metal-fach-t-735-puspriekabes\"]}]},{\"@type\":\"ImageObject\",\"inLanguage\":\"et\",\"@id\":\"https:\/\/www.specagra.ee\/?product=metal-fach-t-735-puspriekabes#primaryimage\",\"url\":\"https:\/\/www.specagra.ee\/wp-content\/uploads\/2020\/06\/przyczepa-rolnicza-jednoosiowa_T735_tyl.jpg\",\"contentUrl\":\"https:\/\/www.specagra.ee\/wp-content\/uploads\/2020\/06\/przyczepa-rolnicza-jednoosiowa_T735_tyl.jpg\",\"width\":1902,\"height\":1070,\"caption\":\"Puspriekab\u0117 METAL \u2013 FACH T735\"},{\"@type\":\"BreadcrumbList\",\"@id\":\"https:\/\/www.specagra.ee\/?product=metal-fach-t-735-puspriekabes#breadcrumb\",\"itemListElement\":[{\"@type\":\"ListItem\",\"position\":1,\"name\":\"Home\",\"item\":\"https:\/\/www.specagra.ee\/\"},{\"@type\":\"ListItem\",\"position\":2,\"name\":\"P\u00f5llumajandustehnika ja loomakasvatus\",\"item\":\"https:\/\/specagra.ee\/?page_id=18493\"},{\"@type\":\"ListItem\",\"position\":3,\"name\":\"Puspriekab\u0117 METAL &#8211; FACH T735\"}]},{\"@type\":\"WebSite\",\"@id\":\"https:\/\/www.specagra.ee\/#website\",\"url\":\"https:\/\/www.specagra.ee\/\",\"name\":\"Specagra\",\"description\":\"P\u00f5llumajandustehnika ja varuosad\",\"publisher\":{\"@id\":\"https:\/\/www.specagra.ee\/#organization\"},\"potentialAction\":[{\"@type\":\"SearchAction\",\"target\":{\"@type\":\"EntryPoint\",\"urlTemplate\":\"https:\/\/www.specagra.ee\/?s={search_term_string}\"},\"query-input\":{\"@type\":\"PropertyValueSpecification\",\"valueRequired\":true,\"valueName\":\"search_term_string\"}}],\"inLanguage\":\"et\"},{\"@type\":\"Organization\",\"@id\":\"https:\/\/www.specagra.ee\/#organization\",\"name\":\"UAB Specagra\",\"url\":\"https:\/\/www.specagra.ee\/\",\"logo\":{\"@type\":\"ImageObject\",\"inLanguage\":\"et\",\"@id\":\"https:\/\/www.specagra.ee\/#\/schema\/logo\/image\/\",\"url\":\"http:\/\/www.specagra.ee\/wp-content\/uploads\/2022\/02\/SP-logo_naujas-scaled.jpg\",\"contentUrl\":\"http:\/\/www.specagra.ee\/wp-content\/uploads\/2022\/02\/SP-logo_naujas-scaled.jpg\",\"width\":2560,\"height\":326,\"caption\":\"UAB Specagra\"},\"image\":{\"@id\":\"https:\/\/www.specagra.ee\/#\/schema\/logo\/image\/\"}}]}<\/script>\n<!-- \/ Yoast SEO plugin. -->","yoast_head_json":{"title":"Puspriekab\u0117 METAL - FACH T735 - Specagra","robots":{"index":"index","follow":"follow","max-snippet":"max-snippet:-1","max-image-preview":"max-image-preview:large","max-video-preview":"max-video-preview:-1"},"canonical":"https:\/\/www.specagra.ee\/?product=metal-fach-t-735-puspriekabes","og_locale":"et_EE","og_type":"article","og_title":"Puspriekab\u0117 METAL - FACH T735 - Specagra","og_description":"Standartin\u0117 \u012franga: Prikabinimo sijos kilpa \u00d840 mm; Prikabinimo sija su adapteriu; Mechanin\u0117 pastatymo koja; Rankinis stov\u0117jimo stabdys; Vieno kont\u016bro pneumatiniai stabd\u017eiai; Ratai 10,0\/80-12; Paki\u0161os po ratais Papildoma \u012franga: Papildomi bortai 700 mm\u00a0 (tinkliniai); Hidrauliniai stabd\u017eiai; 2-j\u0173 kont\u016br\u0173 pneumatiniai stabd\u017eiai; Inerciniai stabd\u017eiai; Be stabd\u017ei\u0173 versija; Nestandartin\u0117 spalva (standartin\u0117 raudona).","og_url":"https:\/\/www.specagra.ee\/?product=metal-fach-t-735-puspriekabes","og_site_name":"Specagra","article_modified_time":"2020-09-30T08:38:35+00:00","og_image":[{"width":1902,"height":1070,"url":"https:\/\/www.specagra.ee\/wp-content\/uploads\/2020\/06\/przyczepa-rolnicza-jednoosiowa_T735_tyl.jpg","type":"image\/jpeg"}],"twitter_card":"summary_large_image","schema":{"@context":"https:\/\/schema.org","@graph":[{"@type":"WebPage","@id":"https:\/\/www.specagra.ee\/?product=metal-fach-t-735-puspriekabes","url":"https:\/\/www.specagra.ee\/?product=metal-fach-t-735-puspriekabes","name":"Puspriekab\u0117 METAL - FACH T735 - Specagra","isPartOf":{"@id":"https:\/\/www.specagra.ee\/#website"},"primaryImageOfPage":{"@id":"https:\/\/www.specagra.ee\/?product=metal-fach-t-735-puspriekabes#primaryimage"},"image":{"@id":"https:\/\/www.specagra.ee\/?product=metal-fach-t-735-puspriekabes#primaryimage"},"thumbnailUrl":"https:\/\/www.specagra.ee\/wp-content\/uploads\/2020\/06\/przyczepa-rolnicza-jednoosiowa_T735_tyl.jpg","datePublished":"2020-06-29T06:29:29+00:00","dateModified":"2020-09-30T08:38:35+00:00","breadcrumb":{"@id":"https:\/\/www.specagra.ee\/?product=metal-fach-t-735-puspriekabes#breadcrumb"},"inLanguage":"et","potentialAction":[{"@type":"ReadAction","target":["https:\/\/www.specagra.ee\/?product=metal-fach-t-735-puspriekabes"]}]},{"@type":"ImageObject","inLanguage":"et","@id":"https:\/\/www.specagra.ee\/?product=metal-fach-t-735-puspriekabes#primaryimage","url":"https:\/\/www.specagra.ee\/wp-content\/uploads\/2020\/06\/przyczepa-rolnicza-jednoosiowa_T735_tyl.jpg","contentUrl":"https:\/\/www.specagra.ee\/wp-content\/uploads\/2020\/06\/przyczepa-rolnicza-jednoosiowa_T735_tyl.jpg","width":1902,"height":1070,"caption":"Puspriekab\u0117 METAL \u2013 FACH T735"},{"@type":"BreadcrumbList","@id":"https:\/\/www.specagra.ee\/?product=metal-fach-t-735-puspriekabes#breadcrumb","itemListElement":[{"@type":"ListItem","position":1,"name":"Home","item":"https:\/\/www.specagra.ee\/"},{"@type":"ListItem","position":2,"name":"P\u00f5llumajandustehnika ja loomakasvatus","item":"https:\/\/specagra.ee\/?page_id=18493"},{"@type":"ListItem","position":3,"name":"Puspriekab\u0117 METAL &#8211; FACH T735"}]},{"@type":"WebSite","@id":"https:\/\/www.specagra.ee\/#website","url":"https:\/\/www.specagra.ee\/","name":"Specagra","description":"P\u00f5llumajandustehnika ja varuosad","publisher":{"@id":"https:\/\/www.specagra.ee\/#organization"},"potentialAction":[{"@type":"SearchAction","target":{"@type":"EntryPoint","urlTemplate":"https:\/\/www.specagra.ee\/?s={search_term_string}"},"query-input":{"@type":"PropertyValueSpecification","valueRequired":true,"valueName":"search_term_string"}}],"inLanguage":"et"},{"@type":"Organization","@id":"https:\/\/www.specagra.ee\/#organization","name":"UAB Specagra","url":"https:\/\/www.specagra.ee\/","logo":{"@type":"ImageObject","inLanguage":"et","@id":"https:\/\/www.specagra.ee\/#\/schema\/logo\/image\/","url":"http:\/\/www.specagra.ee\/wp-content\/uploads\/2022\/02\/SP-logo_naujas-scaled.jpg","contentUrl":"http:\/\/www.specagra.ee\/wp-content\/uploads\/2022\/02\/SP-logo_naujas-scaled.jpg","width":2560,"height":326,"caption":"UAB Specagra"},"image":{"@id":"https:\/\/www.specagra.ee\/#\/schema\/logo\/image\/"}}]}},"_links":{"self":[{"href":"https:\/\/www.specagra.ee\/index.php?rest_route=\/wp\/v2\/product\/3148","targetHints":{"allow":["GET"]}}],"collection":[{"href":"https:\/\/www.specagra.ee\/index.php?rest_route=\/wp\/v2\/product"}],"about":[{"href":"https:\/\/www.specagra.ee\/index.php?rest_route=\/wp\/v2\/types\/product"}],"wp:featuredmedia":[{"embeddable":true,"href":"https:\/\/www.specagra.ee\/index.php?rest_route=\/wp\/v2\/media\/3149"}],"wp:attachment":[{"href":"https:\/\/www.specagra.ee\/index.php?rest_route=%2Fwp%2Fv2%2Fmedia&parent=3148"}],"wp:term":[{"taxonomy":"product_brand","embeddable":true,"href":"https:\/\/www.specagra.ee\/index.php?rest_route=%2Fwp%2Fv2%2Fproduct_brand&post=3148"},{"taxonomy":"product_cat","embeddable":true,"href":"https:\/\/www.specagra.ee\/index.php?rest_route=%2Fwp%2Fv2%2Fproduct_cat&post=3148"},{"taxonomy":"product_tag","embeddable":true,"href":"https:\/\/www.specagra.ee\/index.php?rest_route=%2Fwp%2Fv2%2Fproduct_tag&post=3148"}],"curies":[{"name":"wp","href":"https:\/\/api.w.org\/{rel}","templated":true}]}}