{"id":31100,"date":"2023-07-13T11:44:03","date_gmt":"2023-07-13T13:44:03","guid":{"rendered":"https:\/\/www.specagra.ee\/?post_type=product&#038;p=31100"},"modified":"2023-07-13T11:48:48","modified_gmt":"2023-07-13T13:48:48","slug":"vandens-talpyklos","status":"publish","type":"product","link":"https:\/\/www.specagra.ee\/?product=vandens-talpyklos","title":{"rendered":"Vandens talpyklos"},"content":{"rendered":"<p>1,2 tankio cilindrin\u0117s vienbok\u0161t\u0117s talpyklos gaminamos i\u0161 polietileno dervos, kuri yra atspari puvimui, stabilizuota UV spinduliams ir atspari \u0161al\u010diui. Jos atsparios plovikliams, dezinfekcijos priemon\u0117ms ir gali b\u016bti plaunamos auk\u0161tos sl\u0117gio srove. J\u0173 forma riboja sieneli\u0173 deformacij\u0105.<\/p>\n","protected":false},"excerpt":{"rendered":"<p>1,2 tankio cilindrin\u0117s vienbok\u0161t\u0117s talpyklos gaminamos i\u0161 polietileno dervos, kuri yra atspari puvimui, stabilizuota UV spinduliams ir atspari \u0161al\u010diui. Jos atsparios plovikliams, dezinfekcijos priemon\u0117ms ir gali b\u016bti plaunamos auk\u0161tos sl\u0117gio srove. J\u0173 forma riboja sieneli\u0173 deformacij\u0105.<\/p>\n","protected":false},"featured_media":31101,"template":"","meta":{"_et_pb_use_builder":"","_et_pb_old_content":"","_et_gb_content_width":""},"product_brand":[],"product_cat":[269],"product_tag":[],"class_list":{"0":"post-31100","1":"product","2":"type-product","3":"status-publish","4":"has-post-thumbnail","6":"product_cat-veekogumismahutid","8":"first","9":"instock","10":"shipping-taxable","11":"product-type-simple"},"yoast_head":"<!-- This site is optimized with the Yoast SEO plugin v26.4 - https:\/\/yoast.com\/wordpress\/plugins\/seo\/ -->\n<title>Vandens talpyklos - Specagra<\/title>\n<meta name=\"robots\" content=\"index, follow, max-snippet:-1, max-image-preview:large, max-video-preview:-1\" \/>\n<link rel=\"canonical\" href=\"https:\/\/www.specagra.ee\/?product=vandens-talpyklos\" \/>\n<meta property=\"og:locale\" content=\"et_EE\" \/>\n<meta property=\"og:type\" content=\"article\" \/>\n<meta property=\"og:title\" content=\"Vandens talpyklos - Specagra\" \/>\n<meta property=\"og:description\" content=\"1,2 tankio cilindrin\u0117s vienbok\u0161t\u0117s talpyklos gaminamos i\u0161 polietileno dervos, kuri yra atspari puvimui, stabilizuota UV spinduliams ir atspari \u0161al\u010diui. Jos atsparios plovikliams, dezinfekcijos priemon\u0117ms ir gali b\u016bti plaunamos auk\u0161tos sl\u0117gio srove. J\u0173 forma riboja sieneli\u0173 deformacij\u0105.\" \/>\n<meta property=\"og:url\" content=\"https:\/\/www.specagra.ee\/?product=vandens-talpyklos\" \/>\n<meta property=\"og:site_name\" content=\"Specagra\" \/>\n<meta property=\"article:modified_time\" content=\"2023-07-13T13:48:48+00:00\" \/>\n<meta property=\"og:image\" content=\"https:\/\/www.specagra.ee\/wp-content\/uploads\/2023\/07\/Untitled-design-2023-07-13T164351.259.jpg\" \/>\n\t<meta property=\"og:image:width\" content=\"800\" \/>\n\t<meta property=\"og:image:height\" content=\"800\" \/>\n\t<meta property=\"og:image:type\" content=\"image\/jpeg\" \/>\n<meta name=\"twitter:card\" content=\"summary_large_image\" \/>\n<meta name=\"twitter:label1\" content=\"Est. reading time\" \/>\n\t<meta name=\"twitter:data1\" content=\"1 minut\" \/>\n<script type=\"application\/ld+json\" class=\"yoast-schema-graph\">{\"@context\":\"https:\/\/schema.org\",\"@graph\":[{\"@type\":\"WebPage\",\"@id\":\"https:\/\/www.specagra.ee\/?product=vandens-talpyklos\",\"url\":\"https:\/\/www.specagra.ee\/?product=vandens-talpyklos\",\"name\":\"Vandens talpyklos - Specagra\",\"isPartOf\":{\"@id\":\"https:\/\/www.specagra.ee\/#website\"},\"primaryImageOfPage\":{\"@id\":\"https:\/\/www.specagra.ee\/?product=vandens-talpyklos#primaryimage\"},\"image\":{\"@id\":\"https:\/\/www.specagra.ee\/?product=vandens-talpyklos#primaryimage\"},\"thumbnailUrl\":\"https:\/\/specagra.ee\/wp-content\/uploads\/2023\/07\/Untitled-design-2023-07-13T164351.259.jpg\",\"datePublished\":\"2023-07-13T13:44:03+00:00\",\"dateModified\":\"2023-07-13T13:48:48+00:00\",\"breadcrumb\":{\"@id\":\"https:\/\/www.specagra.ee\/?product=vandens-talpyklos#breadcrumb\"},\"inLanguage\":\"et\",\"potentialAction\":[{\"@type\":\"ReadAction\",\"target\":[\"https:\/\/www.specagra.ee\/?product=vandens-talpyklos\"]}]},{\"@type\":\"ImageObject\",\"inLanguage\":\"et\",\"@id\":\"https:\/\/www.specagra.ee\/?product=vandens-talpyklos#primaryimage\",\"url\":\"https:\/\/specagra.ee\/wp-content\/uploads\/2023\/07\/Untitled-design-2023-07-13T164351.259.jpg\",\"contentUrl\":\"https:\/\/specagra.ee\/wp-content\/uploads\/2023\/07\/Untitled-design-2023-07-13T164351.259.jpg\",\"width\":800,\"height\":800},{\"@type\":\"BreadcrumbList\",\"@id\":\"https:\/\/www.specagra.ee\/?product=vandens-talpyklos#breadcrumb\",\"itemListElement\":[{\"@type\":\"ListItem\",\"position\":1,\"name\":\"Home\",\"item\":\"https:\/\/www.specagra.ee\/\"},{\"@type\":\"ListItem\",\"position\":2,\"name\":\"P\u00f5llumajandustehnika ja loomakasvatus\",\"item\":\"https:\/\/specagra.ee\/?page_id=18493\"},{\"@type\":\"ListItem\",\"position\":3,\"name\":\"Vandens talpyklos\"}]},{\"@type\":\"WebSite\",\"@id\":\"https:\/\/www.specagra.ee\/#website\",\"url\":\"https:\/\/www.specagra.ee\/\",\"name\":\"Specagra\",\"description\":\"P\u00f5llumajandustehnika ja varuosad\",\"publisher\":{\"@id\":\"https:\/\/www.specagra.ee\/#organization\"},\"potentialAction\":[{\"@type\":\"SearchAction\",\"target\":{\"@type\":\"EntryPoint\",\"urlTemplate\":\"https:\/\/www.specagra.ee\/?s={search_term_string}\"},\"query-input\":{\"@type\":\"PropertyValueSpecification\",\"valueRequired\":true,\"valueName\":\"search_term_string\"}}],\"inLanguage\":\"et\"},{\"@type\":\"Organization\",\"@id\":\"https:\/\/www.specagra.ee\/#organization\",\"name\":\"UAB Specagra\",\"url\":\"https:\/\/www.specagra.ee\/\",\"logo\":{\"@type\":\"ImageObject\",\"inLanguage\":\"et\",\"@id\":\"https:\/\/www.specagra.ee\/#\/schema\/logo\/image\/\",\"url\":\"http:\/\/www.specagra.ee\/wp-content\/uploads\/2022\/02\/SP-logo_naujas-scaled.jpg\",\"contentUrl\":\"http:\/\/www.specagra.ee\/wp-content\/uploads\/2022\/02\/SP-logo_naujas-scaled.jpg\",\"width\":2560,\"height\":326,\"caption\":\"UAB Specagra\"},\"image\":{\"@id\":\"https:\/\/www.specagra.ee\/#\/schema\/logo\/image\/\"}}]}<\/script>\n<!-- \/ Yoast SEO plugin. -->","yoast_head_json":{"title":"Vandens talpyklos - Specagra","robots":{"index":"index","follow":"follow","max-snippet":"max-snippet:-1","max-image-preview":"max-image-preview:large","max-video-preview":"max-video-preview:-1"},"canonical":"https:\/\/www.specagra.ee\/?product=vandens-talpyklos","og_locale":"et_EE","og_type":"article","og_title":"Vandens talpyklos - Specagra","og_description":"1,2 tankio cilindrin\u0117s vienbok\u0161t\u0117s talpyklos gaminamos i\u0161 polietileno dervos, kuri yra atspari puvimui, stabilizuota UV spinduliams ir atspari \u0161al\u010diui. Jos atsparios plovikliams, dezinfekcijos priemon\u0117ms ir gali b\u016bti plaunamos auk\u0161tos sl\u0117gio srove. J\u0173 forma riboja sieneli\u0173 deformacij\u0105.","og_url":"https:\/\/www.specagra.ee\/?product=vandens-talpyklos","og_site_name":"Specagra","article_modified_time":"2023-07-13T13:48:48+00:00","og_image":[{"width":800,"height":800,"url":"https:\/\/www.specagra.ee\/wp-content\/uploads\/2023\/07\/Untitled-design-2023-07-13T164351.259.jpg","type":"image\/jpeg"}],"twitter_card":"summary_large_image","twitter_misc":{"Est. reading time":"1 minut"},"schema":{"@context":"https:\/\/schema.org","@graph":[{"@type":"WebPage","@id":"https:\/\/www.specagra.ee\/?product=vandens-talpyklos","url":"https:\/\/www.specagra.ee\/?product=vandens-talpyklos","name":"Vandens talpyklos - Specagra","isPartOf":{"@id":"https:\/\/www.specagra.ee\/#website"},"primaryImageOfPage":{"@id":"https:\/\/www.specagra.ee\/?product=vandens-talpyklos#primaryimage"},"image":{"@id":"https:\/\/www.specagra.ee\/?product=vandens-talpyklos#primaryimage"},"thumbnailUrl":"https:\/\/specagra.ee\/wp-content\/uploads\/2023\/07\/Untitled-design-2023-07-13T164351.259.jpg","datePublished":"2023-07-13T13:44:03+00:00","dateModified":"2023-07-13T13:48:48+00:00","breadcrumb":{"@id":"https:\/\/www.specagra.ee\/?product=vandens-talpyklos#breadcrumb"},"inLanguage":"et","potentialAction":[{"@type":"ReadAction","target":["https:\/\/www.specagra.ee\/?product=vandens-talpyklos"]}]},{"@type":"ImageObject","inLanguage":"et","@id":"https:\/\/www.specagra.ee\/?product=vandens-talpyklos#primaryimage","url":"https:\/\/specagra.ee\/wp-content\/uploads\/2023\/07\/Untitled-design-2023-07-13T164351.259.jpg","contentUrl":"https:\/\/specagra.ee\/wp-content\/uploads\/2023\/07\/Untitled-design-2023-07-13T164351.259.jpg","width":800,"height":800},{"@type":"BreadcrumbList","@id":"https:\/\/www.specagra.ee\/?product=vandens-talpyklos#breadcrumb","itemListElement":[{"@type":"ListItem","position":1,"name":"Home","item":"https:\/\/www.specagra.ee\/"},{"@type":"ListItem","position":2,"name":"P\u00f5llumajandustehnika ja loomakasvatus","item":"https:\/\/specagra.ee\/?page_id=18493"},{"@type":"ListItem","position":3,"name":"Vandens talpyklos"}]},{"@type":"WebSite","@id":"https:\/\/www.specagra.ee\/#website","url":"https:\/\/www.specagra.ee\/","name":"Specagra","description":"P\u00f5llumajandustehnika ja varuosad","publisher":{"@id":"https:\/\/www.specagra.ee\/#organization"},"potentialAction":[{"@type":"SearchAction","target":{"@type":"EntryPoint","urlTemplate":"https:\/\/www.specagra.ee\/?s={search_term_string}"},"query-input":{"@type":"PropertyValueSpecification","valueRequired":true,"valueName":"search_term_string"}}],"inLanguage":"et"},{"@type":"Organization","@id":"https:\/\/www.specagra.ee\/#organization","name":"UAB Specagra","url":"https:\/\/www.specagra.ee\/","logo":{"@type":"ImageObject","inLanguage":"et","@id":"https:\/\/www.specagra.ee\/#\/schema\/logo\/image\/","url":"http:\/\/www.specagra.ee\/wp-content\/uploads\/2022\/02\/SP-logo_naujas-scaled.jpg","contentUrl":"http:\/\/www.specagra.ee\/wp-content\/uploads\/2022\/02\/SP-logo_naujas-scaled.jpg","width":2560,"height":326,"caption":"UAB Specagra"},"image":{"@id":"https:\/\/www.specagra.ee\/#\/schema\/logo\/image\/"}}]}},"_links":{"self":[{"href":"https:\/\/www.specagra.ee\/index.php?rest_route=\/wp\/v2\/product\/31100","targetHints":{"allow":["GET"]}}],"collection":[{"href":"https:\/\/www.specagra.ee\/index.php?rest_route=\/wp\/v2\/product"}],"about":[{"href":"https:\/\/www.specagra.ee\/index.php?rest_route=\/wp\/v2\/types\/product"}],"wp:featuredmedia":[{"embeddable":true,"href":"https:\/\/www.specagra.ee\/index.php?rest_route=\/wp\/v2\/media\/31101"}],"wp:attachment":[{"href":"https:\/\/www.specagra.ee\/index.php?rest_route=%2Fwp%2Fv2%2Fmedia&parent=31100"}],"wp:term":[{"taxonomy":"product_brand","embeddable":true,"href":"https:\/\/www.specagra.ee\/index.php?rest_route=%2Fwp%2Fv2%2Fproduct_brand&post=31100"},{"taxonomy":"product_cat","embeddable":true,"href":"https:\/\/www.specagra.ee\/index.php?rest_route=%2Fwp%2Fv2%2Fproduct_cat&post=31100"},{"taxonomy":"product_tag","embeddable":true,"href":"https:\/\/www.specagra.ee\/index.php?rest_route=%2Fwp%2Fv2%2Fproduct_tag&post=31100"}],"curies":[{"name":"wp","href":"https:\/\/api.w.org\/{rel}","templated":true}]}}