{"id":31096,"date":"2023-07-13T11:31:58","date_gmt":"2023-07-13T13:31:58","guid":{"rendered":"https:\/\/www.specagra.ee\/?post_type=product&#038;p=31096"},"modified":"2025-04-04T10:42:22","modified_gmt":"2025-04-04T12:42:22","slug":"vandens-talpyklos-vientisos","status":"publish","type":"product","link":"https:\/\/www.specagra.ee\/?product=vandens-talpyklos-vientisos","title":{"rendered":"Vandens talpyklos &#8211; vientisos"},"content":{"rendered":"<ul>\n<li>Sta\u010diakampio formos monoblokin\u0117s talpyklos gaminamos i\u0161 polietileno dervos, atsparios puvimui, stabilizuotos UV spinduliams ir \u0161al\u010diui, atsparios plovikliams, dezinfekavimo priemon\u0117ms, jas galima valyti auk\u0161tu sl\u0117giu.<\/li>\n<li>Suprojektuotos sta\u010diakampio formos vienbok\u0161t\u0117s 1 tankio talpyklos:<br \/>\n&#8211; ma\u017eesniam kiekiui,<br \/>\n&#8211; \u017eemas svorio centras u\u017etikrina stabil\u0173 transportavim\u0105,<br \/>\n&#8211; vo\u017etuvo apsauga, suformuota rezervuaro \u012fduboje.<br \/>\nJuose sumontuota:<br \/>\n&#8211; 1\/4\u00a0 i\u0161leidimo vo\u017etuvas,<br \/>\n&#8211; srieginis sraigtinis dangtelis su degazavimo kam\u0161\u010diu, kad b\u016bt\u0173 i\u0161vengta vakuumo.<br \/>\nPapildoma komplektacija: pripildymo pl\u016bdinis vo\u017etuvas .<\/li>\n<\/ul>\n","protected":false},"excerpt":{"rendered":"<p>Sta\u010diakampio formos monoblokin\u0117s talpyklos gaminamos i\u0161 polietileno dervos, atsparios puvimui, stabilizuotos UV spinduliams ir \u0161al\u010diui, atsparios plovikliams, dezinfekavimo priemon\u0117ms, jas galima valyti auk\u0161tu sl\u0117giu. Suprojektuotos sta\u010diakampio formos vienbok\u0161t\u0117s 1 tankio talpyklos: &#8211; ma\u017eesniam kiekiui, &#8211; \u017eemas svorio centras u\u017etikrina stabil\u0173 transportavim\u0105, &#8211; vo\u017etuvo apsauga, suformuota rezervuaro \u012fduboje. Juose sumontuota: &#8211; 1\/4\u00a0 i\u0161leidimo vo\u017etuvas, &#8211; srieginis [&hellip;]<\/p>\n","protected":false},"featured_media":44225,"template":"","meta":{"_et_pb_use_builder":"","_et_pb_old_content":"","_et_gb_content_width":""},"product_brand":[],"product_cat":[269],"product_tag":[],"class_list":{"0":"post-31096","1":"product","2":"type-product","3":"status-publish","4":"has-post-thumbnail","6":"product_cat-veekogumismahutid","8":"first","9":"instock","10":"shipping-taxable","11":"product-type-simple"},"yoast_head":"<!-- This site is optimized with the Yoast SEO plugin v26.4 - https:\/\/yoast.com\/wordpress\/plugins\/seo\/ -->\n<title>Vandens talpyklos - vientisos - Specagra<\/title>\n<meta name=\"robots\" content=\"index, follow, max-snippet:-1, max-image-preview:large, max-video-preview:-1\" \/>\n<link rel=\"canonical\" href=\"https:\/\/www.specagra.ee\/?product=vandens-talpyklos-vientisos\" \/>\n<meta property=\"og:locale\" content=\"et_EE\" \/>\n<meta property=\"og:type\" content=\"article\" \/>\n<meta property=\"og:title\" content=\"Vandens talpyklos - vientisos - Specagra\" \/>\n<meta property=\"og:description\" content=\"Sta\u010diakampio formos monoblokin\u0117s talpyklos gaminamos i\u0161 polietileno dervos, atsparios puvimui, stabilizuotos UV spinduliams ir \u0161al\u010diui, atsparios plovikliams, dezinfekavimo priemon\u0117ms, jas galima valyti auk\u0161tu sl\u0117giu. Suprojektuotos sta\u010diakampio formos vienbok\u0161t\u0117s 1 tankio talpyklos: &#8211; ma\u017eesniam kiekiui, &#8211; \u017eemas svorio centras u\u017etikrina stabil\u0173 transportavim\u0105, &#8211; vo\u017etuvo apsauga, suformuota rezervuaro \u012fduboje. Juose sumontuota: &#8211; 1\/4\u00a0 i\u0161leidimo vo\u017etuvas, &#8211; srieginis [&hellip;]\" \/>\n<meta property=\"og:url\" content=\"https:\/\/www.specagra.ee\/?product=vandens-talpyklos-vientisos\" \/>\n<meta property=\"og:site_name\" content=\"Specagra\" \/>\n<meta property=\"article:modified_time\" content=\"2025-04-04T12:42:22+00:00\" \/>\n<meta property=\"og:image\" content=\"https:\/\/www.specagra.ee\/wp-content\/uploads\/2023\/07\/Untitled-design-1.png\" \/>\n\t<meta property=\"og:image:width\" content=\"900\" \/>\n\t<meta property=\"og:image:height\" content=\"900\" \/>\n\t<meta property=\"og:image:type\" content=\"image\/png\" \/>\n<meta name=\"twitter:card\" content=\"summary_large_image\" \/>\n<meta name=\"twitter:label1\" content=\"Est. reading time\" \/>\n\t<meta name=\"twitter:data1\" content=\"1 minut\" \/>\n<script type=\"application\/ld+json\" class=\"yoast-schema-graph\">{\"@context\":\"https:\/\/schema.org\",\"@graph\":[{\"@type\":\"WebPage\",\"@id\":\"https:\/\/www.specagra.ee\/?product=vandens-talpyklos-vientisos\",\"url\":\"https:\/\/www.specagra.ee\/?product=vandens-talpyklos-vientisos\",\"name\":\"Vandens talpyklos - vientisos - Specagra\",\"isPartOf\":{\"@id\":\"https:\/\/www.specagra.ee\/#website\"},\"primaryImageOfPage\":{\"@id\":\"https:\/\/www.specagra.ee\/?product=vandens-talpyklos-vientisos#primaryimage\"},\"image\":{\"@id\":\"https:\/\/www.specagra.ee\/?product=vandens-talpyklos-vientisos#primaryimage\"},\"thumbnailUrl\":\"https:\/\/www.specagra.ee\/wp-content\/uploads\/2023\/07\/Untitled-design-1.png\",\"datePublished\":\"2023-07-13T13:31:58+00:00\",\"dateModified\":\"2025-04-04T12:42:22+00:00\",\"breadcrumb\":{\"@id\":\"https:\/\/www.specagra.ee\/?product=vandens-talpyklos-vientisos#breadcrumb\"},\"inLanguage\":\"et\",\"potentialAction\":[{\"@type\":\"ReadAction\",\"target\":[\"https:\/\/www.specagra.ee\/?product=vandens-talpyklos-vientisos\"]}]},{\"@type\":\"ImageObject\",\"inLanguage\":\"et\",\"@id\":\"https:\/\/www.specagra.ee\/?product=vandens-talpyklos-vientisos#primaryimage\",\"url\":\"https:\/\/www.specagra.ee\/wp-content\/uploads\/2023\/07\/Untitled-design-1.png\",\"contentUrl\":\"https:\/\/www.specagra.ee\/wp-content\/uploads\/2023\/07\/Untitled-design-1.png\",\"width\":900,\"height\":900},{\"@type\":\"BreadcrumbList\",\"@id\":\"https:\/\/www.specagra.ee\/?product=vandens-talpyklos-vientisos#breadcrumb\",\"itemListElement\":[{\"@type\":\"ListItem\",\"position\":1,\"name\":\"Home\",\"item\":\"https:\/\/www.specagra.ee\/\"},{\"@type\":\"ListItem\",\"position\":2,\"name\":\"P\u00f5llumajandustehnika ja loomakasvatus\",\"item\":\"https:\/\/specagra.ee\/?page_id=18493\"},{\"@type\":\"ListItem\",\"position\":3,\"name\":\"Vandens talpyklos &#8211; vientisos\"}]},{\"@type\":\"WebSite\",\"@id\":\"https:\/\/www.specagra.ee\/#website\",\"url\":\"https:\/\/www.specagra.ee\/\",\"name\":\"Specagra\",\"description\":\"P\u00f5llumajandustehnika ja varuosad\",\"publisher\":{\"@id\":\"https:\/\/www.specagra.ee\/#organization\"},\"potentialAction\":[{\"@type\":\"SearchAction\",\"target\":{\"@type\":\"EntryPoint\",\"urlTemplate\":\"https:\/\/www.specagra.ee\/?s={search_term_string}\"},\"query-input\":{\"@type\":\"PropertyValueSpecification\",\"valueRequired\":true,\"valueName\":\"search_term_string\"}}],\"inLanguage\":\"et\"},{\"@type\":\"Organization\",\"@id\":\"https:\/\/www.specagra.ee\/#organization\",\"name\":\"UAB Specagra\",\"url\":\"https:\/\/www.specagra.ee\/\",\"logo\":{\"@type\":\"ImageObject\",\"inLanguage\":\"et\",\"@id\":\"https:\/\/www.specagra.ee\/#\/schema\/logo\/image\/\",\"url\":\"http:\/\/www.specagra.ee\/wp-content\/uploads\/2022\/02\/SP-logo_naujas-scaled.jpg\",\"contentUrl\":\"http:\/\/www.specagra.ee\/wp-content\/uploads\/2022\/02\/SP-logo_naujas-scaled.jpg\",\"width\":2560,\"height\":326,\"caption\":\"UAB Specagra\"},\"image\":{\"@id\":\"https:\/\/www.specagra.ee\/#\/schema\/logo\/image\/\"}}]}<\/script>\n<!-- \/ Yoast SEO plugin. -->","yoast_head_json":{"title":"Vandens talpyklos - vientisos - Specagra","robots":{"index":"index","follow":"follow","max-snippet":"max-snippet:-1","max-image-preview":"max-image-preview:large","max-video-preview":"max-video-preview:-1"},"canonical":"https:\/\/www.specagra.ee\/?product=vandens-talpyklos-vientisos","og_locale":"et_EE","og_type":"article","og_title":"Vandens talpyklos - vientisos - Specagra","og_description":"Sta\u010diakampio formos monoblokin\u0117s talpyklos gaminamos i\u0161 polietileno dervos, atsparios puvimui, stabilizuotos UV spinduliams ir \u0161al\u010diui, atsparios plovikliams, dezinfekavimo priemon\u0117ms, jas galima valyti auk\u0161tu sl\u0117giu. Suprojektuotos sta\u010diakampio formos vienbok\u0161t\u0117s 1 tankio talpyklos: &#8211; ma\u017eesniam kiekiui, &#8211; \u017eemas svorio centras u\u017etikrina stabil\u0173 transportavim\u0105, &#8211; vo\u017etuvo apsauga, suformuota rezervuaro \u012fduboje. Juose sumontuota: &#8211; 1\/4\u00a0 i\u0161leidimo vo\u017etuvas, &#8211; srieginis [&hellip;]","og_url":"https:\/\/www.specagra.ee\/?product=vandens-talpyklos-vientisos","og_site_name":"Specagra","article_modified_time":"2025-04-04T12:42:22+00:00","og_image":[{"width":900,"height":900,"url":"https:\/\/www.specagra.ee\/wp-content\/uploads\/2023\/07\/Untitled-design-1.png","type":"image\/png"}],"twitter_card":"summary_large_image","twitter_misc":{"Est. reading time":"1 minut"},"schema":{"@context":"https:\/\/schema.org","@graph":[{"@type":"WebPage","@id":"https:\/\/www.specagra.ee\/?product=vandens-talpyklos-vientisos","url":"https:\/\/www.specagra.ee\/?product=vandens-talpyklos-vientisos","name":"Vandens talpyklos - vientisos - Specagra","isPartOf":{"@id":"https:\/\/www.specagra.ee\/#website"},"primaryImageOfPage":{"@id":"https:\/\/www.specagra.ee\/?product=vandens-talpyklos-vientisos#primaryimage"},"image":{"@id":"https:\/\/www.specagra.ee\/?product=vandens-talpyklos-vientisos#primaryimage"},"thumbnailUrl":"https:\/\/www.specagra.ee\/wp-content\/uploads\/2023\/07\/Untitled-design-1.png","datePublished":"2023-07-13T13:31:58+00:00","dateModified":"2025-04-04T12:42:22+00:00","breadcrumb":{"@id":"https:\/\/www.specagra.ee\/?product=vandens-talpyklos-vientisos#breadcrumb"},"inLanguage":"et","potentialAction":[{"@type":"ReadAction","target":["https:\/\/www.specagra.ee\/?product=vandens-talpyklos-vientisos"]}]},{"@type":"ImageObject","inLanguage":"et","@id":"https:\/\/www.specagra.ee\/?product=vandens-talpyklos-vientisos#primaryimage","url":"https:\/\/www.specagra.ee\/wp-content\/uploads\/2023\/07\/Untitled-design-1.png","contentUrl":"https:\/\/www.specagra.ee\/wp-content\/uploads\/2023\/07\/Untitled-design-1.png","width":900,"height":900},{"@type":"BreadcrumbList","@id":"https:\/\/www.specagra.ee\/?product=vandens-talpyklos-vientisos#breadcrumb","itemListElement":[{"@type":"ListItem","position":1,"name":"Home","item":"https:\/\/www.specagra.ee\/"},{"@type":"ListItem","position":2,"name":"P\u00f5llumajandustehnika ja loomakasvatus","item":"https:\/\/specagra.ee\/?page_id=18493"},{"@type":"ListItem","position":3,"name":"Vandens talpyklos &#8211; vientisos"}]},{"@type":"WebSite","@id":"https:\/\/www.specagra.ee\/#website","url":"https:\/\/www.specagra.ee\/","name":"Specagra","description":"P\u00f5llumajandustehnika ja varuosad","publisher":{"@id":"https:\/\/www.specagra.ee\/#organization"},"potentialAction":[{"@type":"SearchAction","target":{"@type":"EntryPoint","urlTemplate":"https:\/\/www.specagra.ee\/?s={search_term_string}"},"query-input":{"@type":"PropertyValueSpecification","valueRequired":true,"valueName":"search_term_string"}}],"inLanguage":"et"},{"@type":"Organization","@id":"https:\/\/www.specagra.ee\/#organization","name":"UAB Specagra","url":"https:\/\/www.specagra.ee\/","logo":{"@type":"ImageObject","inLanguage":"et","@id":"https:\/\/www.specagra.ee\/#\/schema\/logo\/image\/","url":"http:\/\/www.specagra.ee\/wp-content\/uploads\/2022\/02\/SP-logo_naujas-scaled.jpg","contentUrl":"http:\/\/www.specagra.ee\/wp-content\/uploads\/2022\/02\/SP-logo_naujas-scaled.jpg","width":2560,"height":326,"caption":"UAB Specagra"},"image":{"@id":"https:\/\/www.specagra.ee\/#\/schema\/logo\/image\/"}}]}},"_links":{"self":[{"href":"https:\/\/www.specagra.ee\/index.php?rest_route=\/wp\/v2\/product\/31096","targetHints":{"allow":["GET"]}}],"collection":[{"href":"https:\/\/www.specagra.ee\/index.php?rest_route=\/wp\/v2\/product"}],"about":[{"href":"https:\/\/www.specagra.ee\/index.php?rest_route=\/wp\/v2\/types\/product"}],"wp:featuredmedia":[{"embeddable":true,"href":"https:\/\/www.specagra.ee\/index.php?rest_route=\/wp\/v2\/media\/44225"}],"wp:attachment":[{"href":"https:\/\/www.specagra.ee\/index.php?rest_route=%2Fwp%2Fv2%2Fmedia&parent=31096"}],"wp:term":[{"taxonomy":"product_brand","embeddable":true,"href":"https:\/\/www.specagra.ee\/index.php?rest_route=%2Fwp%2Fv2%2Fproduct_brand&post=31096"},{"taxonomy":"product_cat","embeddable":true,"href":"https:\/\/www.specagra.ee\/index.php?rest_route=%2Fwp%2Fv2%2Fproduct_cat&post=31096"},{"taxonomy":"product_tag","embeddable":true,"href":"https:\/\/www.specagra.ee\/index.php?rest_route=%2Fwp%2Fv2%2Fproduct_tag&post=31096"}],"curies":[{"name":"wp","href":"https:\/\/api.w.org\/{rel}","templated":true}]}}