{"id":31069,"date":"2023-07-13T09:39:59","date_gmt":"2023-07-13T11:39:59","guid":{"rendered":"https:\/\/www.specagra.ee\/?post_type=product&#038;p=31069"},"modified":"2024-04-23T05:12:21","modified_gmt":"2024-04-23T07:12:21","slug":"serimo-loviai","status":"publish","type":"product","link":"https:\/\/www.specagra.ee\/?product=serimo-loviai","title":{"rendered":"\u0160\u0117rimo loviai galvijams"},"content":{"rendered":"<p>Yra dviej\u0173 skirting\u0173 plo\u010di\u0173: 0,60 m ir 0,80 m. Kokybi\u0161ki, tvirti ir ilgaam\u017eiai.<\/p>\n<p>\u2013 pagamintas i\u0161 2 mm vientiso metalo, kuris u\u017etikrina tvirtum\u0105;<\/p>\n<p>\u2013 kampuose yra \u012fpjovos, tod\u0117l loviai gali b\u016bti sujungti su suvirinimo si\u016bleliu;<\/p>\n<p>\u2013 lovys apsaugotas nuo korozijos;<\/p>\n<p>\u2013 i\u0161or\u0117 nuda\u017eyta poliuretano da\u017eais;<\/p>\n<p>\u2013 lovio vidus padengtas apsaugine danga;<\/p>\n<p>&nbsp;<\/p>\n<p>\u0160\u0117rimo loviuose yra:<\/p>\n<p>2 skersiniai sutvirtinimo strypai<\/p>\n<p>4 tvirtos lovio kojos, u\u017etikrinan\u010dios stabilum\u0105<\/p>\n<p>Nuo i\u0161siliejimo apsaugantis kra\u0161tas, kurio plotis:<\/p>\n<p>75 mm loviams nuo 0,80 m iki 1,5 m plo\u010dio<\/p>\n<p>55 mm 0,60 m plo\u010dio loviams.<\/p>\n<p>Vienas \u00d8 45 mm i\u0161sukamas kam\u0161tis i\u0161leidimui.<\/p>\n<p>Cinkuotos kojos:<\/p>\n<p>\u00d8 50 mm, skirtos 0,80-1,50 m plo\u010dio loviams<\/p>\n<p>\u00d8 42,4 mm, skirtos 0,60 m plo\u010dio loviams.<\/p>\n<p>Reguliuojamas auk\u0161tis kas 7 cm, naudojant vidinius var\u017etus.<\/p>\n","protected":false},"excerpt":{"rendered":"<p>Med\u017eiaga: metalas<\/p>\n<p>Plotis: 0.60 m<\/p>\n<p>Ilgis: 3 m<\/p>\n<p>T\u016bris: 480 l<\/p>\n<p>Minimalus auk\u0161tis: 55,5 cm<\/p>\n<p>Did\u017eiausias auk\u0161tis: 69,5 cm<\/p>\n<p>Gylis: 30 cm<\/p>\n<p>Apdaila: da\u017eyta<\/p>\n<p>Dugnas: padengtas apsaugine danga<\/p>\n","protected":false},"featured_media":41046,"template":"","meta":{"_et_pb_use_builder":"","_et_pb_old_content":"","_et_gb_content_width":""},"product_brand":[],"product_cat":[114],"product_tag":[],"class_list":{"0":"post-31069","1":"product","2":"type-product","3":"status-publish","4":"has-post-thumbnail","6":"product_cat-soodakunad","8":"first","9":"instock","10":"shipping-taxable","11":"product-type-simple"},"yoast_head":"<!-- This site is optimized with the Yoast SEO plugin v26.4 - https:\/\/yoast.com\/wordpress\/plugins\/seo\/ -->\n<title>\u0160\u0117rimo loviai galvijams - Specagra<\/title>\n<meta name=\"robots\" content=\"index, follow, max-snippet:-1, max-image-preview:large, max-video-preview:-1\" \/>\n<link rel=\"canonical\" href=\"https:\/\/www.specagra.ee\/?product=serimo-loviai\" \/>\n<meta property=\"og:locale\" content=\"et_EE\" \/>\n<meta property=\"og:type\" content=\"article\" \/>\n<meta property=\"og:title\" content=\"\u0160\u0117rimo loviai galvijams - Specagra\" \/>\n<meta property=\"og:description\" content=\"Med\u017eiaga: metalas  Plotis: 0.60 m  Ilgis: 3 m  T\u016bris: 480 l  Minimalus auk\u0161tis: 55,5 cm  Did\u017eiausias auk\u0161tis: 69,5 cm  Gylis: 30 cm  Apdaila: da\u017eyta  Dugnas: padengtas apsaugine danga\" \/>\n<meta property=\"og:url\" content=\"https:\/\/www.specagra.ee\/?product=serimo-loviai\" \/>\n<meta property=\"og:site_name\" content=\"Specagra\" \/>\n<meta property=\"article:modified_time\" content=\"2024-04-23T07:12:21+00:00\" \/>\n<meta property=\"og:image\" content=\"https:\/\/specagra.ee\/wp-content\/uploads\/2023\/07\/11.jpg\" \/>\n\t<meta property=\"og:image:width\" content=\"800\" \/>\n\t<meta property=\"og:image:height\" content=\"800\" \/>\n\t<meta property=\"og:image:type\" content=\"image\/jpeg\" \/>\n<meta name=\"twitter:card\" content=\"summary_large_image\" \/>\n<meta name=\"twitter:label1\" content=\"Est. reading time\" \/>\n\t<meta name=\"twitter:data1\" content=\"1 minut\" \/>\n<script type=\"application\/ld+json\" class=\"yoast-schema-graph\">{\"@context\":\"https:\/\/schema.org\",\"@graph\":[{\"@type\":\"WebPage\",\"@id\":\"https:\/\/www.specagra.ee\/?product=serimo-loviai\",\"url\":\"https:\/\/www.specagra.ee\/?product=serimo-loviai\",\"name\":\"\u0160\u0117rimo loviai galvijams - Specagra\",\"isPartOf\":{\"@id\":\"https:\/\/www.specagra.ee\/#website\"},\"primaryImageOfPage\":{\"@id\":\"https:\/\/www.specagra.ee\/?product=serimo-loviai#primaryimage\"},\"image\":{\"@id\":\"https:\/\/www.specagra.ee\/?product=serimo-loviai#primaryimage\"},\"thumbnailUrl\":\"https:\/\/www.specagra.ee\/wp-content\/uploads\/2023\/07\/11.jpg\",\"datePublished\":\"2023-07-13T11:39:59+00:00\",\"dateModified\":\"2024-04-23T07:12:21+00:00\",\"breadcrumb\":{\"@id\":\"https:\/\/www.specagra.ee\/?product=serimo-loviai#breadcrumb\"},\"inLanguage\":\"et\",\"potentialAction\":[{\"@type\":\"ReadAction\",\"target\":[\"https:\/\/www.specagra.ee\/?product=serimo-loviai\"]}]},{\"@type\":\"ImageObject\",\"inLanguage\":\"et\",\"@id\":\"https:\/\/www.specagra.ee\/?product=serimo-loviai#primaryimage\",\"url\":\"https:\/\/www.specagra.ee\/wp-content\/uploads\/2023\/07\/11.jpg\",\"contentUrl\":\"https:\/\/www.specagra.ee\/wp-content\/uploads\/2023\/07\/11.jpg\",\"width\":800,\"height\":800},{\"@type\":\"BreadcrumbList\",\"@id\":\"https:\/\/www.specagra.ee\/?product=serimo-loviai#breadcrumb\",\"itemListElement\":[{\"@type\":\"ListItem\",\"position\":1,\"name\":\"Home\",\"item\":\"https:\/\/www.specagra.ee\/\"},{\"@type\":\"ListItem\",\"position\":2,\"name\":\"P\u00f5llumajandustehnika ja loomakasvatus\",\"item\":\"https:\/\/specagra.ee\/?page_id=18493\"},{\"@type\":\"ListItem\",\"position\":3,\"name\":\"\u0160\u0117rimo loviai galvijams\"}]},{\"@type\":\"WebSite\",\"@id\":\"https:\/\/www.specagra.ee\/#website\",\"url\":\"https:\/\/www.specagra.ee\/\",\"name\":\"Specagra\",\"description\":\"P\u00f5llumajandustehnika ja varuosad\",\"publisher\":{\"@id\":\"https:\/\/www.specagra.ee\/#organization\"},\"potentialAction\":[{\"@type\":\"SearchAction\",\"target\":{\"@type\":\"EntryPoint\",\"urlTemplate\":\"https:\/\/www.specagra.ee\/?s={search_term_string}\"},\"query-input\":{\"@type\":\"PropertyValueSpecification\",\"valueRequired\":true,\"valueName\":\"search_term_string\"}}],\"inLanguage\":\"et\"},{\"@type\":\"Organization\",\"@id\":\"https:\/\/www.specagra.ee\/#organization\",\"name\":\"UAB Specagra\",\"url\":\"https:\/\/www.specagra.ee\/\",\"logo\":{\"@type\":\"ImageObject\",\"inLanguage\":\"et\",\"@id\":\"https:\/\/www.specagra.ee\/#\/schema\/logo\/image\/\",\"url\":\"http:\/\/www.specagra.ee\/wp-content\/uploads\/2022\/02\/SP-logo_naujas-scaled.jpg\",\"contentUrl\":\"http:\/\/www.specagra.ee\/wp-content\/uploads\/2022\/02\/SP-logo_naujas-scaled.jpg\",\"width\":2560,\"height\":326,\"caption\":\"UAB Specagra\"},\"image\":{\"@id\":\"https:\/\/www.specagra.ee\/#\/schema\/logo\/image\/\"}}]}<\/script>\n<!-- \/ Yoast SEO plugin. -->","yoast_head_json":{"title":"\u0160\u0117rimo loviai galvijams - Specagra","robots":{"index":"index","follow":"follow","max-snippet":"max-snippet:-1","max-image-preview":"max-image-preview:large","max-video-preview":"max-video-preview:-1"},"canonical":"https:\/\/www.specagra.ee\/?product=serimo-loviai","og_locale":"et_EE","og_type":"article","og_title":"\u0160\u0117rimo loviai galvijams - Specagra","og_description":"Med\u017eiaga: metalas  Plotis: 0.60 m  Ilgis: 3 m  T\u016bris: 480 l  Minimalus auk\u0161tis: 55,5 cm  Did\u017eiausias auk\u0161tis: 69,5 cm  Gylis: 30 cm  Apdaila: da\u017eyta  Dugnas: padengtas apsaugine danga","og_url":"https:\/\/www.specagra.ee\/?product=serimo-loviai","og_site_name":"Specagra","article_modified_time":"2024-04-23T07:12:21+00:00","og_image":[{"width":800,"height":800,"url":"https:\/\/specagra.ee\/wp-content\/uploads\/2023\/07\/11.jpg","type":"image\/jpeg"}],"twitter_card":"summary_large_image","twitter_misc":{"Est. reading time":"1 minut"},"schema":{"@context":"https:\/\/schema.org","@graph":[{"@type":"WebPage","@id":"https:\/\/www.specagra.ee\/?product=serimo-loviai","url":"https:\/\/www.specagra.ee\/?product=serimo-loviai","name":"\u0160\u0117rimo loviai galvijams - Specagra","isPartOf":{"@id":"https:\/\/www.specagra.ee\/#website"},"primaryImageOfPage":{"@id":"https:\/\/www.specagra.ee\/?product=serimo-loviai#primaryimage"},"image":{"@id":"https:\/\/www.specagra.ee\/?product=serimo-loviai#primaryimage"},"thumbnailUrl":"https:\/\/www.specagra.ee\/wp-content\/uploads\/2023\/07\/11.jpg","datePublished":"2023-07-13T11:39:59+00:00","dateModified":"2024-04-23T07:12:21+00:00","breadcrumb":{"@id":"https:\/\/www.specagra.ee\/?product=serimo-loviai#breadcrumb"},"inLanguage":"et","potentialAction":[{"@type":"ReadAction","target":["https:\/\/www.specagra.ee\/?product=serimo-loviai"]}]},{"@type":"ImageObject","inLanguage":"et","@id":"https:\/\/www.specagra.ee\/?product=serimo-loviai#primaryimage","url":"https:\/\/www.specagra.ee\/wp-content\/uploads\/2023\/07\/11.jpg","contentUrl":"https:\/\/www.specagra.ee\/wp-content\/uploads\/2023\/07\/11.jpg","width":800,"height":800},{"@type":"BreadcrumbList","@id":"https:\/\/www.specagra.ee\/?product=serimo-loviai#breadcrumb","itemListElement":[{"@type":"ListItem","position":1,"name":"Home","item":"https:\/\/www.specagra.ee\/"},{"@type":"ListItem","position":2,"name":"P\u00f5llumajandustehnika ja loomakasvatus","item":"https:\/\/specagra.ee\/?page_id=18493"},{"@type":"ListItem","position":3,"name":"\u0160\u0117rimo loviai galvijams"}]},{"@type":"WebSite","@id":"https:\/\/www.specagra.ee\/#website","url":"https:\/\/www.specagra.ee\/","name":"Specagra","description":"P\u00f5llumajandustehnika ja varuosad","publisher":{"@id":"https:\/\/www.specagra.ee\/#organization"},"potentialAction":[{"@type":"SearchAction","target":{"@type":"EntryPoint","urlTemplate":"https:\/\/www.specagra.ee\/?s={search_term_string}"},"query-input":{"@type":"PropertyValueSpecification","valueRequired":true,"valueName":"search_term_string"}}],"inLanguage":"et"},{"@type":"Organization","@id":"https:\/\/www.specagra.ee\/#organization","name":"UAB Specagra","url":"https:\/\/www.specagra.ee\/","logo":{"@type":"ImageObject","inLanguage":"et","@id":"https:\/\/www.specagra.ee\/#\/schema\/logo\/image\/","url":"http:\/\/www.specagra.ee\/wp-content\/uploads\/2022\/02\/SP-logo_naujas-scaled.jpg","contentUrl":"http:\/\/www.specagra.ee\/wp-content\/uploads\/2022\/02\/SP-logo_naujas-scaled.jpg","width":2560,"height":326,"caption":"UAB Specagra"},"image":{"@id":"https:\/\/www.specagra.ee\/#\/schema\/logo\/image\/"}}]}},"_links":{"self":[{"href":"https:\/\/www.specagra.ee\/index.php?rest_route=\/wp\/v2\/product\/31069","targetHints":{"allow":["GET"]}}],"collection":[{"href":"https:\/\/www.specagra.ee\/index.php?rest_route=\/wp\/v2\/product"}],"about":[{"href":"https:\/\/www.specagra.ee\/index.php?rest_route=\/wp\/v2\/types\/product"}],"wp:featuredmedia":[{"embeddable":true,"href":"https:\/\/www.specagra.ee\/index.php?rest_route=\/wp\/v2\/media\/41046"}],"wp:attachment":[{"href":"https:\/\/www.specagra.ee\/index.php?rest_route=%2Fwp%2Fv2%2Fmedia&parent=31069"}],"wp:term":[{"taxonomy":"product_brand","embeddable":true,"href":"https:\/\/www.specagra.ee\/index.php?rest_route=%2Fwp%2Fv2%2Fproduct_brand&post=31069"},{"taxonomy":"product_cat","embeddable":true,"href":"https:\/\/www.specagra.ee\/index.php?rest_route=%2Fwp%2Fv2%2Fproduct_cat&post=31069"},{"taxonomy":"product_tag","embeddable":true,"href":"https:\/\/www.specagra.ee\/index.php?rest_route=%2Fwp%2Fv2%2Fproduct_tag&post=31069"}],"curies":[{"name":"wp","href":"https:\/\/api.w.org\/{rel}","templated":true}]}}