{"id":30465,"date":"2023-06-29T09:43:10","date_gmt":"2023-06-29T11:43:10","guid":{"rendered":"https:\/\/www.specagra.ee\/?post_type=product&#038;p=30465"},"modified":"2023-06-29T09:53:38","modified_gmt":"2023-06-29T11:53:38","slug":"pilstymo-irenginys-easyfill-500","status":"publish","type":"product","link":"https:\/\/www.specagra.ee\/?product=pilstymo-irenginys-easyfill-500","title":{"rendered":"Pilstymo \u012frenginys EASYFILL 500"},"content":{"rendered":"<p>EASYFILL pilstymo \u012frenginys skirtas naudotojams, kurie nori pereiti nuo rankinio prie automatinio u\u017epildymo.<br \/>\nPilstymo \u012frengin\u012f galima naudoti pienui, i\u0161r\u016bgoms, jogurtui ir vaisiniam jogurtui (kuriame yra iki 6 mm dyd\u017eio vaisi\u0173 gabal\u0117li\u0173 ir 4mm dyd\u017eio kiet\u0173 gabal\u0117li\u0173) pildyti.<br \/>\nJis tinka pildyti pieno ir kitus produktus, kuri\u0173 klampumas iki 2600 CPs, ir kiekius nuo 0,2 iki 2 litr\u0173.<\/p>\n<p>PRIVALUMAI :<\/p>\n<ul>\n<li>Automatinis u\u017epildymas: Greitas ir tikslus pieno produkt\u0173 kiekis vienu mygtuko paspaudimu.<br \/>\nTalpa 500 l\/h. Rankinis u\u017edarymas ir \u017eenklinimas.<\/li>\n<li>Ilgesnis produkt\u0173 galiojimo laikas d\u0117l patobulint\u0172 higienini\u0173 s\u0105lyg\u0173.<\/li>\n<li>I\u0161laikoma pirmin\u0117 produkt\u0173 kokyb\u0117.<\/li>\n<li>50 l buferin\u0117 talpykla: leid\u017eia vaisi\u0173 pagrindui ir kitiems ingredientams ar priedams lengvai \u012fsimai\u0161yti.<\/li>\n<li>Lengvas valymas: plovikl\u012f galima paruo\u0161ti buferin\u0117s talpyklos viduje. Siurblys naudojamas cirkuliuoti plovikl\u012f ir taip i\u0161valyti prietais\u0105.<\/li>\n<li>Lengvas transportavimas d\u0117l prietaise esan\u010dios atramos ir ratuk\u0173.<\/li>\n<\/ul>\n","protected":false},"excerpt":{"rendered":"<p>EASYFILL pilstymo \u012frenginys skirtas naudotojams, kurie nori pereiti nuo rankinio prie automatinio u\u017epildymo. Pilstymo \u012frengin\u012f galima naudoti pienui, i\u0161r\u016bgoms, jogurtui ir vaisiniam jogurtui (kuriame yra iki 6 mm dyd\u017eio vaisi\u0173 gabal\u0117li\u0173 ir 4mm dyd\u017eio kiet\u0173 gabal\u0117li\u0173) pildyti. Jis tinka pildyti pieno ir kitus produktus, kuri\u0173 klampumas iki 2600 CPs, ir kiekius nuo 0,2 iki 2 [&hellip;]<\/p>\n","protected":false},"featured_media":30466,"template":"","meta":{"_et_pb_use_builder":"","_et_pb_old_content":"","_et_gb_content_width":""},"product_brand":[],"product_cat":[211],"product_tag":[],"class_list":{"0":"post-30465","1":"product","2":"type-product","3":"status-publish","4":"has-post-thumbnail","6":"product_cat-juustutootmise-ja-muud-lahendused","8":"first","9":"instock","10":"shipping-taxable","11":"product-type-simple"},"yoast_head":"<!-- This site is optimized with the Yoast SEO plugin v26.4 - https:\/\/yoast.com\/wordpress\/plugins\/seo\/ -->\n<title>Pilstymo \u012frenginys EASYFILL 500 - Specagra<\/title>\n<meta name=\"robots\" content=\"index, follow, max-snippet:-1, max-image-preview:large, max-video-preview:-1\" \/>\n<link rel=\"canonical\" href=\"https:\/\/www.specagra.ee\/?product=pilstymo-irenginys-easyfill-500\" \/>\n<meta property=\"og:locale\" content=\"et_EE\" \/>\n<meta property=\"og:type\" content=\"article\" \/>\n<meta property=\"og:title\" content=\"Pilstymo \u012frenginys EASYFILL 500 - Specagra\" \/>\n<meta property=\"og:description\" content=\"EASYFILL pilstymo \u012frenginys skirtas naudotojams, kurie nori pereiti nuo rankinio prie automatinio u\u017epildymo. Pilstymo \u012frengin\u012f galima naudoti pienui, i\u0161r\u016bgoms, jogurtui ir vaisiniam jogurtui (kuriame yra iki 6 mm dyd\u017eio vaisi\u0173 gabal\u0117li\u0173 ir 4mm dyd\u017eio kiet\u0173 gabal\u0117li\u0173) pildyti. Jis tinka pildyti pieno ir kitus produktus, kuri\u0173 klampumas iki 2600 CPs, ir kiekius nuo 0,2 iki 2 [&hellip;]\" \/>\n<meta property=\"og:url\" content=\"https:\/\/www.specagra.ee\/?product=pilstymo-irenginys-easyfill-500\" \/>\n<meta property=\"og:site_name\" content=\"Specagra\" \/>\n<meta property=\"article:modified_time\" content=\"2023-06-29T11:53:38+00:00\" \/>\n<meta property=\"og:image\" content=\"https:\/\/www.specagra.ee\/wp-content\/uploads\/2023\/06\/Untitled-design-2023-06-29T144224.547.jpg\" \/>\n\t<meta property=\"og:image:width\" content=\"800\" \/>\n\t<meta property=\"og:image:height\" content=\"800\" \/>\n\t<meta property=\"og:image:type\" content=\"image\/jpeg\" \/>\n<meta name=\"twitter:card\" content=\"summary_large_image\" \/>\n<meta name=\"twitter:label1\" content=\"Est. reading time\" \/>\n\t<meta name=\"twitter:data1\" content=\"1 minut\" \/>\n<script type=\"application\/ld+json\" class=\"yoast-schema-graph\">{\"@context\":\"https:\/\/schema.org\",\"@graph\":[{\"@type\":\"WebPage\",\"@id\":\"https:\/\/www.specagra.ee\/?product=pilstymo-irenginys-easyfill-500\",\"url\":\"https:\/\/www.specagra.ee\/?product=pilstymo-irenginys-easyfill-500\",\"name\":\"Pilstymo \u012frenginys EASYFILL 500 - Specagra\",\"isPartOf\":{\"@id\":\"https:\/\/www.specagra.ee\/#website\"},\"primaryImageOfPage\":{\"@id\":\"https:\/\/www.specagra.ee\/?product=pilstymo-irenginys-easyfill-500#primaryimage\"},\"image\":{\"@id\":\"https:\/\/www.specagra.ee\/?product=pilstymo-irenginys-easyfill-500#primaryimage\"},\"thumbnailUrl\":\"https:\/\/www.specagra.ee\/wp-content\/uploads\/2023\/06\/Untitled-design-2023-06-29T144224.547.jpg\",\"datePublished\":\"2023-06-29T11:43:10+00:00\",\"dateModified\":\"2023-06-29T11:53:38+00:00\",\"breadcrumb\":{\"@id\":\"https:\/\/www.specagra.ee\/?product=pilstymo-irenginys-easyfill-500#breadcrumb\"},\"inLanguage\":\"et\",\"potentialAction\":[{\"@type\":\"ReadAction\",\"target\":[\"https:\/\/www.specagra.ee\/?product=pilstymo-irenginys-easyfill-500\"]}]},{\"@type\":\"ImageObject\",\"inLanguage\":\"et\",\"@id\":\"https:\/\/www.specagra.ee\/?product=pilstymo-irenginys-easyfill-500#primaryimage\",\"url\":\"https:\/\/www.specagra.ee\/wp-content\/uploads\/2023\/06\/Untitled-design-2023-06-29T144224.547.jpg\",\"contentUrl\":\"https:\/\/www.specagra.ee\/wp-content\/uploads\/2023\/06\/Untitled-design-2023-06-29T144224.547.jpg\",\"width\":800,\"height\":800},{\"@type\":\"BreadcrumbList\",\"@id\":\"https:\/\/www.specagra.ee\/?product=pilstymo-irenginys-easyfill-500#breadcrumb\",\"itemListElement\":[{\"@type\":\"ListItem\",\"position\":1,\"name\":\"Home\",\"item\":\"https:\/\/www.specagra.ee\/\"},{\"@type\":\"ListItem\",\"position\":2,\"name\":\"P\u00f5llumajandustehnika ja loomakasvatus\",\"item\":\"https:\/\/specagra.ee\/?page_id=18493\"},{\"@type\":\"ListItem\",\"position\":3,\"name\":\"Pilstymo \u012frenginys EASYFILL 500\"}]},{\"@type\":\"WebSite\",\"@id\":\"https:\/\/www.specagra.ee\/#website\",\"url\":\"https:\/\/www.specagra.ee\/\",\"name\":\"Specagra\",\"description\":\"P\u00f5llumajandustehnika ja varuosad\",\"publisher\":{\"@id\":\"https:\/\/www.specagra.ee\/#organization\"},\"potentialAction\":[{\"@type\":\"SearchAction\",\"target\":{\"@type\":\"EntryPoint\",\"urlTemplate\":\"https:\/\/www.specagra.ee\/?s={search_term_string}\"},\"query-input\":{\"@type\":\"PropertyValueSpecification\",\"valueRequired\":true,\"valueName\":\"search_term_string\"}}],\"inLanguage\":\"et\"},{\"@type\":\"Organization\",\"@id\":\"https:\/\/www.specagra.ee\/#organization\",\"name\":\"UAB Specagra\",\"url\":\"https:\/\/www.specagra.ee\/\",\"logo\":{\"@type\":\"ImageObject\",\"inLanguage\":\"et\",\"@id\":\"https:\/\/www.specagra.ee\/#\/schema\/logo\/image\/\",\"url\":\"http:\/\/www.specagra.ee\/wp-content\/uploads\/2022\/02\/SP-logo_naujas-scaled.jpg\",\"contentUrl\":\"http:\/\/www.specagra.ee\/wp-content\/uploads\/2022\/02\/SP-logo_naujas-scaled.jpg\",\"width\":2560,\"height\":326,\"caption\":\"UAB Specagra\"},\"image\":{\"@id\":\"https:\/\/www.specagra.ee\/#\/schema\/logo\/image\/\"}}]}<\/script>\n<!-- \/ Yoast SEO plugin. -->","yoast_head_json":{"title":"Pilstymo \u012frenginys EASYFILL 500 - Specagra","robots":{"index":"index","follow":"follow","max-snippet":"max-snippet:-1","max-image-preview":"max-image-preview:large","max-video-preview":"max-video-preview:-1"},"canonical":"https:\/\/www.specagra.ee\/?product=pilstymo-irenginys-easyfill-500","og_locale":"et_EE","og_type":"article","og_title":"Pilstymo \u012frenginys EASYFILL 500 - Specagra","og_description":"EASYFILL pilstymo \u012frenginys skirtas naudotojams, kurie nori pereiti nuo rankinio prie automatinio u\u017epildymo. Pilstymo \u012frengin\u012f galima naudoti pienui, i\u0161r\u016bgoms, jogurtui ir vaisiniam jogurtui (kuriame yra iki 6 mm dyd\u017eio vaisi\u0173 gabal\u0117li\u0173 ir 4mm dyd\u017eio kiet\u0173 gabal\u0117li\u0173) pildyti. Jis tinka pildyti pieno ir kitus produktus, kuri\u0173 klampumas iki 2600 CPs, ir kiekius nuo 0,2 iki 2 [&hellip;]","og_url":"https:\/\/www.specagra.ee\/?product=pilstymo-irenginys-easyfill-500","og_site_name":"Specagra","article_modified_time":"2023-06-29T11:53:38+00:00","og_image":[{"width":800,"height":800,"url":"https:\/\/www.specagra.ee\/wp-content\/uploads\/2023\/06\/Untitled-design-2023-06-29T144224.547.jpg","type":"image\/jpeg"}],"twitter_card":"summary_large_image","twitter_misc":{"Est. reading time":"1 minut"},"schema":{"@context":"https:\/\/schema.org","@graph":[{"@type":"WebPage","@id":"https:\/\/www.specagra.ee\/?product=pilstymo-irenginys-easyfill-500","url":"https:\/\/www.specagra.ee\/?product=pilstymo-irenginys-easyfill-500","name":"Pilstymo \u012frenginys EASYFILL 500 - Specagra","isPartOf":{"@id":"https:\/\/www.specagra.ee\/#website"},"primaryImageOfPage":{"@id":"https:\/\/www.specagra.ee\/?product=pilstymo-irenginys-easyfill-500#primaryimage"},"image":{"@id":"https:\/\/www.specagra.ee\/?product=pilstymo-irenginys-easyfill-500#primaryimage"},"thumbnailUrl":"https:\/\/www.specagra.ee\/wp-content\/uploads\/2023\/06\/Untitled-design-2023-06-29T144224.547.jpg","datePublished":"2023-06-29T11:43:10+00:00","dateModified":"2023-06-29T11:53:38+00:00","breadcrumb":{"@id":"https:\/\/www.specagra.ee\/?product=pilstymo-irenginys-easyfill-500#breadcrumb"},"inLanguage":"et","potentialAction":[{"@type":"ReadAction","target":["https:\/\/www.specagra.ee\/?product=pilstymo-irenginys-easyfill-500"]}]},{"@type":"ImageObject","inLanguage":"et","@id":"https:\/\/www.specagra.ee\/?product=pilstymo-irenginys-easyfill-500#primaryimage","url":"https:\/\/www.specagra.ee\/wp-content\/uploads\/2023\/06\/Untitled-design-2023-06-29T144224.547.jpg","contentUrl":"https:\/\/www.specagra.ee\/wp-content\/uploads\/2023\/06\/Untitled-design-2023-06-29T144224.547.jpg","width":800,"height":800},{"@type":"BreadcrumbList","@id":"https:\/\/www.specagra.ee\/?product=pilstymo-irenginys-easyfill-500#breadcrumb","itemListElement":[{"@type":"ListItem","position":1,"name":"Home","item":"https:\/\/www.specagra.ee\/"},{"@type":"ListItem","position":2,"name":"P\u00f5llumajandustehnika ja loomakasvatus","item":"https:\/\/specagra.ee\/?page_id=18493"},{"@type":"ListItem","position":3,"name":"Pilstymo \u012frenginys EASYFILL 500"}]},{"@type":"WebSite","@id":"https:\/\/www.specagra.ee\/#website","url":"https:\/\/www.specagra.ee\/","name":"Specagra","description":"P\u00f5llumajandustehnika ja varuosad","publisher":{"@id":"https:\/\/www.specagra.ee\/#organization"},"potentialAction":[{"@type":"SearchAction","target":{"@type":"EntryPoint","urlTemplate":"https:\/\/www.specagra.ee\/?s={search_term_string}"},"query-input":{"@type":"PropertyValueSpecification","valueRequired":true,"valueName":"search_term_string"}}],"inLanguage":"et"},{"@type":"Organization","@id":"https:\/\/www.specagra.ee\/#organization","name":"UAB Specagra","url":"https:\/\/www.specagra.ee\/","logo":{"@type":"ImageObject","inLanguage":"et","@id":"https:\/\/www.specagra.ee\/#\/schema\/logo\/image\/","url":"http:\/\/www.specagra.ee\/wp-content\/uploads\/2022\/02\/SP-logo_naujas-scaled.jpg","contentUrl":"http:\/\/www.specagra.ee\/wp-content\/uploads\/2022\/02\/SP-logo_naujas-scaled.jpg","width":2560,"height":326,"caption":"UAB Specagra"},"image":{"@id":"https:\/\/www.specagra.ee\/#\/schema\/logo\/image\/"}}]}},"_links":{"self":[{"href":"https:\/\/www.specagra.ee\/index.php?rest_route=\/wp\/v2\/product\/30465","targetHints":{"allow":["GET"]}}],"collection":[{"href":"https:\/\/www.specagra.ee\/index.php?rest_route=\/wp\/v2\/product"}],"about":[{"href":"https:\/\/www.specagra.ee\/index.php?rest_route=\/wp\/v2\/types\/product"}],"wp:featuredmedia":[{"embeddable":true,"href":"https:\/\/www.specagra.ee\/index.php?rest_route=\/wp\/v2\/media\/30466"}],"wp:attachment":[{"href":"https:\/\/www.specagra.ee\/index.php?rest_route=%2Fwp%2Fv2%2Fmedia&parent=30465"}],"wp:term":[{"taxonomy":"product_brand","embeddable":true,"href":"https:\/\/www.specagra.ee\/index.php?rest_route=%2Fwp%2Fv2%2Fproduct_brand&post=30465"},{"taxonomy":"product_cat","embeddable":true,"href":"https:\/\/www.specagra.ee\/index.php?rest_route=%2Fwp%2Fv2%2Fproduct_cat&post=30465"},{"taxonomy":"product_tag","embeddable":true,"href":"https:\/\/www.specagra.ee\/index.php?rest_route=%2Fwp%2Fv2%2Fproduct_tag&post=30465"}],"curies":[{"name":"wp","href":"https:\/\/api.w.org\/{rel}","templated":true}]}}