{"id":30311,"date":"2023-06-14T08:19:13","date_gmt":"2023-06-14T10:19:13","guid":{"rendered":"https:\/\/www.specagra.ee\/?post_type=product&#038;p=30311"},"modified":"2023-06-14T08:29:55","modified_gmt":"2023-06-14T10:29:55","slug":"pasterizatorius-p50-1250","status":"publish","type":"product","link":"https:\/\/www.specagra.ee\/?product=pasterizatorius-p50-1250","title":{"rendered":"Pasterizatorius P50-1250"},"content":{"rendered":"<p>Pasterizatoriai P 50-1250 gaminami nuo 50 iki 1250 litr\u0173 talpos.<\/p>\n<ul>\n<li>Su mai\u0161ykl\u0117mis.<\/li>\n<li>Kaitinimas elektra arba kombinuotas nuo kito kaitinimo \u0161altinio<\/li>\n<\/ul>\n<p>Pasterizatoriai skirstomi \u012f 4 tipus:<\/p>\n<p>BASIC+ Pasiekiama temperat\u016bra iki +90C, GPC-145 procesorius.kaitinimas-elektra.400V, 3F, 50 Hz<\/p>\n<p>ADVANCED+ Pasiekiam temperat\u016bra iki+90C,GPC-145 procesorius Kaitinimas elektra.\u0161ilumokaitis,400V,3F,50 Hz<\/p>\n<p>PROFESIONAL pasiekima kaitinimo temperat\u016bra iki +100C GPC-145 procesorius Kaitinimas elektra, kar\u0161tu vandeniu, kombinuotas 400V, 3F, 50 Hz<\/p>\n<p>PREMIUM pasiekiama kaitinimo temperat\u016bra iki +100C.MC1 valdiklis, poliruotas katilo vidus, mai\u0161ykl\u0117s apsuk\u0173 reguliatorius, kaitinimas elektra, kar\u0161tu vandeniu, kombinuotas 400V,3F,50 Hz<\/p>\n","protected":false},"excerpt":{"rendered":"<ul>\n<li>Dvisluoksnis indas su dang\u010diu , pagamintas i\u0161 ner\u016bdijan\u010diojo plieno (AISI 304).<\/li>\n<li>\u0160ildymas ir au\u0161inimas veikia per indo dugn\u0105 ir dangt\u012f.<\/li>\n<li>Katilas \u0161ildomas vandens vonioje ir au\u0161inamas vandeniu i\u0161 vamzd\u017eio arba vandens kolektoriaus.<\/li>\n<li>Terminis apdorojimas galimas iki 75 \u00b0C. Temperat\u016bra gali b\u016bti reguliuojama valdymo pulte esan\u010diu termostatu.<\/li>\n<li>Virdul\u012f i\u0161tu\u0161tinti padeda DN40 i\u0161leidimo vo\u017etuvas.<\/li>\n<\/ul>\n<p>&nbsp;<\/p>\n","protected":false},"featured_media":30312,"template":"","meta":{"_et_pb_use_builder":"","_et_pb_old_content":"","_et_gb_content_width":""},"product_brand":[],"product_cat":[246],"product_tag":[],"class_list":{"0":"post-30311","1":"product","2":"type-product","3":"status-publish","4":"has-post-thumbnail","6":"product_cat-pastoriseerijad","8":"first","9":"instock","10":"shipping-taxable","11":"product-type-simple"},"yoast_head":"<!-- This site is optimized with the Yoast SEO plugin v26.4 - https:\/\/yoast.com\/wordpress\/plugins\/seo\/ -->\n<title>Pasterizatorius P50-1250 - Specagra<\/title>\n<meta name=\"robots\" content=\"index, follow, max-snippet:-1, max-image-preview:large, max-video-preview:-1\" \/>\n<link rel=\"canonical\" href=\"https:\/\/www.specagra.ee\/?product=pasterizatorius-p50-1250\" \/>\n<meta property=\"og:locale\" content=\"et_EE\" \/>\n<meta property=\"og:type\" content=\"article\" \/>\n<meta property=\"og:title\" content=\"Pasterizatorius P50-1250 - Specagra\" \/>\n<meta property=\"og:description\" content=\"Dvisluoksnis indas su dang\u010diu , pagamintas i\u0161 ner\u016bdijan\u010diojo plieno (AISI 304).  \u0160ildymas ir au\u0161inimas veikia per indo dugn\u0105 ir dangt\u012f.  Katilas \u0161ildomas vandens vonioje ir au\u0161inamas vandeniu i\u0161 vamzd\u017eio arba vandens kolektoriaus.  Terminis apdorojimas galimas iki 75 \u00b0C. Temperat\u016bra gali b\u016bti reguliuojama valdymo pulte esan\u010diu termostatu.  Virdul\u012f i\u0161tu\u0161tinti padeda DN40 i\u0161leidimo vo\u017etuvas.  &nbsp;\" \/>\n<meta property=\"og:url\" content=\"https:\/\/www.specagra.ee\/?product=pasterizatorius-p50-1250\" \/>\n<meta property=\"og:site_name\" content=\"Specagra\" \/>\n<meta property=\"article:modified_time\" content=\"2023-06-14T10:29:55+00:00\" \/>\n<meta property=\"og:image\" content=\"https:\/\/specagra.ee\/wp-content\/uploads\/2023\/06\/Untitled-design-98.jpg\" \/>\n\t<meta property=\"og:image:width\" content=\"800\" \/>\n\t<meta property=\"og:image:height\" content=\"800\" \/>\n\t<meta property=\"og:image:type\" content=\"image\/jpeg\" \/>\n<meta name=\"twitter:card\" content=\"summary_large_image\" \/>\n<meta name=\"twitter:label1\" content=\"Est. reading time\" \/>\n\t<meta name=\"twitter:data1\" content=\"1 minut\" \/>\n<script type=\"application\/ld+json\" class=\"yoast-schema-graph\">{\"@context\":\"https:\/\/schema.org\",\"@graph\":[{\"@type\":\"WebPage\",\"@id\":\"https:\/\/www.specagra.ee\/?product=pasterizatorius-p50-1250\",\"url\":\"https:\/\/www.specagra.ee\/?product=pasterizatorius-p50-1250\",\"name\":\"Pasterizatorius P50-1250 - Specagra\",\"isPartOf\":{\"@id\":\"https:\/\/www.specagra.ee\/#website\"},\"primaryImageOfPage\":{\"@id\":\"https:\/\/www.specagra.ee\/?product=pasterizatorius-p50-1250#primaryimage\"},\"image\":{\"@id\":\"https:\/\/www.specagra.ee\/?product=pasterizatorius-p50-1250#primaryimage\"},\"thumbnailUrl\":\"https:\/\/www.specagra.ee\/wp-content\/uploads\/2023\/06\/Untitled-design-98.jpg\",\"datePublished\":\"2023-06-14T10:19:13+00:00\",\"dateModified\":\"2023-06-14T10:29:55+00:00\",\"breadcrumb\":{\"@id\":\"https:\/\/www.specagra.ee\/?product=pasterizatorius-p50-1250#breadcrumb\"},\"inLanguage\":\"et\",\"potentialAction\":[{\"@type\":\"ReadAction\",\"target\":[\"https:\/\/www.specagra.ee\/?product=pasterizatorius-p50-1250\"]}]},{\"@type\":\"ImageObject\",\"inLanguage\":\"et\",\"@id\":\"https:\/\/www.specagra.ee\/?product=pasterizatorius-p50-1250#primaryimage\",\"url\":\"https:\/\/www.specagra.ee\/wp-content\/uploads\/2023\/06\/Untitled-design-98.jpg\",\"contentUrl\":\"https:\/\/www.specagra.ee\/wp-content\/uploads\/2023\/06\/Untitled-design-98.jpg\",\"width\":800,\"height\":800},{\"@type\":\"BreadcrumbList\",\"@id\":\"https:\/\/www.specagra.ee\/?product=pasterizatorius-p50-1250#breadcrumb\",\"itemListElement\":[{\"@type\":\"ListItem\",\"position\":1,\"name\":\"Home\",\"item\":\"https:\/\/www.specagra.ee\/\"},{\"@type\":\"ListItem\",\"position\":2,\"name\":\"P\u00f5llumajandustehnika ja loomakasvatus\",\"item\":\"https:\/\/specagra.ee\/?page_id=18493\"},{\"@type\":\"ListItem\",\"position\":3,\"name\":\"Pasterizatorius P50-1250\"}]},{\"@type\":\"WebSite\",\"@id\":\"https:\/\/www.specagra.ee\/#website\",\"url\":\"https:\/\/www.specagra.ee\/\",\"name\":\"Specagra\",\"description\":\"P\u00f5llumajandustehnika ja varuosad\",\"publisher\":{\"@id\":\"https:\/\/www.specagra.ee\/#organization\"},\"potentialAction\":[{\"@type\":\"SearchAction\",\"target\":{\"@type\":\"EntryPoint\",\"urlTemplate\":\"https:\/\/www.specagra.ee\/?s={search_term_string}\"},\"query-input\":{\"@type\":\"PropertyValueSpecification\",\"valueRequired\":true,\"valueName\":\"search_term_string\"}}],\"inLanguage\":\"et\"},{\"@type\":\"Organization\",\"@id\":\"https:\/\/www.specagra.ee\/#organization\",\"name\":\"UAB Specagra\",\"url\":\"https:\/\/www.specagra.ee\/\",\"logo\":{\"@type\":\"ImageObject\",\"inLanguage\":\"et\",\"@id\":\"https:\/\/www.specagra.ee\/#\/schema\/logo\/image\/\",\"url\":\"http:\/\/www.specagra.ee\/wp-content\/uploads\/2022\/02\/SP-logo_naujas-scaled.jpg\",\"contentUrl\":\"http:\/\/www.specagra.ee\/wp-content\/uploads\/2022\/02\/SP-logo_naujas-scaled.jpg\",\"width\":2560,\"height\":326,\"caption\":\"UAB Specagra\"},\"image\":{\"@id\":\"https:\/\/www.specagra.ee\/#\/schema\/logo\/image\/\"}}]}<\/script>\n<!-- \/ Yoast SEO plugin. -->","yoast_head_json":{"title":"Pasterizatorius P50-1250 - Specagra","robots":{"index":"index","follow":"follow","max-snippet":"max-snippet:-1","max-image-preview":"max-image-preview:large","max-video-preview":"max-video-preview:-1"},"canonical":"https:\/\/www.specagra.ee\/?product=pasterizatorius-p50-1250","og_locale":"et_EE","og_type":"article","og_title":"Pasterizatorius P50-1250 - Specagra","og_description":"Dvisluoksnis indas su dang\u010diu , pagamintas i\u0161 ner\u016bdijan\u010diojo plieno (AISI 304).  \u0160ildymas ir au\u0161inimas veikia per indo dugn\u0105 ir dangt\u012f.  Katilas \u0161ildomas vandens vonioje ir au\u0161inamas vandeniu i\u0161 vamzd\u017eio arba vandens kolektoriaus.  Terminis apdorojimas galimas iki 75 \u00b0C. Temperat\u016bra gali b\u016bti reguliuojama valdymo pulte esan\u010diu termostatu.  Virdul\u012f i\u0161tu\u0161tinti padeda DN40 i\u0161leidimo vo\u017etuvas.  &nbsp;","og_url":"https:\/\/www.specagra.ee\/?product=pasterizatorius-p50-1250","og_site_name":"Specagra","article_modified_time":"2023-06-14T10:29:55+00:00","og_image":[{"width":800,"height":800,"url":"https:\/\/specagra.ee\/wp-content\/uploads\/2023\/06\/Untitled-design-98.jpg","type":"image\/jpeg"}],"twitter_card":"summary_large_image","twitter_misc":{"Est. reading time":"1 minut"},"schema":{"@context":"https:\/\/schema.org","@graph":[{"@type":"WebPage","@id":"https:\/\/www.specagra.ee\/?product=pasterizatorius-p50-1250","url":"https:\/\/www.specagra.ee\/?product=pasterizatorius-p50-1250","name":"Pasterizatorius P50-1250 - Specagra","isPartOf":{"@id":"https:\/\/www.specagra.ee\/#website"},"primaryImageOfPage":{"@id":"https:\/\/www.specagra.ee\/?product=pasterizatorius-p50-1250#primaryimage"},"image":{"@id":"https:\/\/www.specagra.ee\/?product=pasterizatorius-p50-1250#primaryimage"},"thumbnailUrl":"https:\/\/www.specagra.ee\/wp-content\/uploads\/2023\/06\/Untitled-design-98.jpg","datePublished":"2023-06-14T10:19:13+00:00","dateModified":"2023-06-14T10:29:55+00:00","breadcrumb":{"@id":"https:\/\/www.specagra.ee\/?product=pasterizatorius-p50-1250#breadcrumb"},"inLanguage":"et","potentialAction":[{"@type":"ReadAction","target":["https:\/\/www.specagra.ee\/?product=pasterizatorius-p50-1250"]}]},{"@type":"ImageObject","inLanguage":"et","@id":"https:\/\/www.specagra.ee\/?product=pasterizatorius-p50-1250#primaryimage","url":"https:\/\/www.specagra.ee\/wp-content\/uploads\/2023\/06\/Untitled-design-98.jpg","contentUrl":"https:\/\/www.specagra.ee\/wp-content\/uploads\/2023\/06\/Untitled-design-98.jpg","width":800,"height":800},{"@type":"BreadcrumbList","@id":"https:\/\/www.specagra.ee\/?product=pasterizatorius-p50-1250#breadcrumb","itemListElement":[{"@type":"ListItem","position":1,"name":"Home","item":"https:\/\/www.specagra.ee\/"},{"@type":"ListItem","position":2,"name":"P\u00f5llumajandustehnika ja loomakasvatus","item":"https:\/\/specagra.ee\/?page_id=18493"},{"@type":"ListItem","position":3,"name":"Pasterizatorius P50-1250"}]},{"@type":"WebSite","@id":"https:\/\/www.specagra.ee\/#website","url":"https:\/\/www.specagra.ee\/","name":"Specagra","description":"P\u00f5llumajandustehnika ja varuosad","publisher":{"@id":"https:\/\/www.specagra.ee\/#organization"},"potentialAction":[{"@type":"SearchAction","target":{"@type":"EntryPoint","urlTemplate":"https:\/\/www.specagra.ee\/?s={search_term_string}"},"query-input":{"@type":"PropertyValueSpecification","valueRequired":true,"valueName":"search_term_string"}}],"inLanguage":"et"},{"@type":"Organization","@id":"https:\/\/www.specagra.ee\/#organization","name":"UAB Specagra","url":"https:\/\/www.specagra.ee\/","logo":{"@type":"ImageObject","inLanguage":"et","@id":"https:\/\/www.specagra.ee\/#\/schema\/logo\/image\/","url":"http:\/\/www.specagra.ee\/wp-content\/uploads\/2022\/02\/SP-logo_naujas-scaled.jpg","contentUrl":"http:\/\/www.specagra.ee\/wp-content\/uploads\/2022\/02\/SP-logo_naujas-scaled.jpg","width":2560,"height":326,"caption":"UAB Specagra"},"image":{"@id":"https:\/\/www.specagra.ee\/#\/schema\/logo\/image\/"}}]}},"_links":{"self":[{"href":"https:\/\/www.specagra.ee\/index.php?rest_route=\/wp\/v2\/product\/30311","targetHints":{"allow":["GET"]}}],"collection":[{"href":"https:\/\/www.specagra.ee\/index.php?rest_route=\/wp\/v2\/product"}],"about":[{"href":"https:\/\/www.specagra.ee\/index.php?rest_route=\/wp\/v2\/types\/product"}],"wp:featuredmedia":[{"embeddable":true,"href":"https:\/\/www.specagra.ee\/index.php?rest_route=\/wp\/v2\/media\/30312"}],"wp:attachment":[{"href":"https:\/\/www.specagra.ee\/index.php?rest_route=%2Fwp%2Fv2%2Fmedia&parent=30311"}],"wp:term":[{"taxonomy":"product_brand","embeddable":true,"href":"https:\/\/www.specagra.ee\/index.php?rest_route=%2Fwp%2Fv2%2Fproduct_brand&post=30311"},{"taxonomy":"product_cat","embeddable":true,"href":"https:\/\/www.specagra.ee\/index.php?rest_route=%2Fwp%2Fv2%2Fproduct_cat&post=30311"},{"taxonomy":"product_tag","embeddable":true,"href":"https:\/\/www.specagra.ee\/index.php?rest_route=%2Fwp%2Fv2%2Fproduct_tag&post=30311"}],"curies":[{"name":"wp","href":"https:\/\/api.w.org\/{rel}","templated":true}]}}