{"id":30299,"date":"2023-06-09T10:59:56","date_gmt":"2023-06-09T12:59:56","guid":{"rendered":"https:\/\/www.specagra.ee\/?post_type=product&#038;p=30299"},"modified":"2023-06-09T11:06:18","modified_gmt":"2023-06-09T13:06:18","slug":"vandens-talpos-lygio-matuokle","status":"publish","type":"product","link":"https:\/\/www.specagra.ee\/?product=vandens-talpos-lygio-matuokle","title":{"rendered":"Vandens talpos lygio matuokl\u0117"},"content":{"rendered":"<p><strong>Ramiai ils\u0117kit\u0117s, u\u017etikrin\u0119 nenutr\u016bkstam\u0105 vandens tiekim\u0105 galvijams<\/strong><\/p>\n<p>\u0160ienaukite bei ruo\u0161kite galvijams pa\u0161arus be streso ! Persp\u0117jan\u010dios trumposios \u017einut\u0117s telefone su vandens sunaudojimo kreive bei prognoz\u0117mis, kada planuojamas vandens papildymo poreikis, leis suplanuoti i\u0161 anksto<br \/>\nnumatom\u0105 vandens papildym\u0105. Paprasta, tiksli bei patikima sistema, kuri gali b\u016bti naudojama bet kur.<\/p>\n<p><strong>PRIVALUMAI :<\/strong><\/p>\n<ul>\n<li>Tinkama vis\u0173 tip\u0173 talpoms<\/li>\n<li>I\u0161mani monitoringo sistema<\/li>\n<li>\u012emontuojama ir susiejama per 5 minutes<\/li>\n<li>B\u016bkite laisvas (Prid\u0117kite po Blue Level matuokl\u0119 \u012f visas, norimas steb\u0117ti talpas, ir matykite pasikeitimus.)<\/li>\n<\/ul>\n","protected":false},"excerpt":{"rendered":"<p>Ramiai ils\u0117kit\u0117s, u\u017etikrin\u0119 nenutr\u016bkstam\u0105 vandens tiekim\u0105 galvijams \u0160ienaukite bei ruo\u0161kite galvijams pa\u0161arus be streso ! Persp\u0117jan\u010dios trumposios \u017einut\u0117s telefone su vandens sunaudojimo kreive bei prognoz\u0117mis, kada planuojamas vandens papildymo poreikis, leis suplanuoti i\u0161 anksto numatom\u0105 vandens papildym\u0105. Paprasta, tiksli bei patikima sistema, kuri gali b\u016bti naudojama bet kur. PRIVALUMAI : Tinkama vis\u0173 tip\u0173 talpoms I\u0161mani [&hellip;]<\/p>\n","protected":false},"featured_media":30300,"template":"","meta":[],"product_brand":[],"product_cat":[269],"product_tag":[],"class_list":{"0":"post-30299","1":"product","2":"type-product","3":"status-publish","4":"has-post-thumbnail","6":"product_cat-veekogumismahutid","8":"first","9":"instock","10":"shipping-taxable","11":"product-type-simple"},"yoast_head":"<!-- This site is optimized with the Yoast SEO plugin v27.3 - https:\/\/yoast.com\/product\/yoast-seo-wordpress\/ -->\n<title>Vandens talpos lygio matuokl\u0117 - Specagra<\/title>\n<meta name=\"robots\" content=\"index, follow, max-snippet:-1, max-image-preview:large, max-video-preview:-1\" \/>\n<link rel=\"canonical\" href=\"https:\/\/www.specagra.ee\/?product=vandens-talpos-lygio-matuokle\" \/>\n<meta property=\"og:locale\" content=\"et_EE\" \/>\n<meta property=\"og:type\" content=\"article\" \/>\n<meta property=\"og:title\" content=\"Vandens talpos lygio matuokl\u0117 - Specagra\" \/>\n<meta property=\"og:description\" content=\"Ramiai ils\u0117kit\u0117s, u\u017etikrin\u0119 nenutr\u016bkstam\u0105 vandens tiekim\u0105 galvijams \u0160ienaukite bei ruo\u0161kite galvijams pa\u0161arus be streso ! Persp\u0117jan\u010dios trumposios \u017einut\u0117s telefone su vandens sunaudojimo kreive bei prognoz\u0117mis, kada planuojamas vandens papildymo poreikis, leis suplanuoti i\u0161 anksto numatom\u0105 vandens papildym\u0105. Paprasta, tiksli bei patikima sistema, kuri gali b\u016bti naudojama bet kur. PRIVALUMAI : Tinkama vis\u0173 tip\u0173 talpoms I\u0161mani [&hellip;]\" \/>\n<meta property=\"og:url\" content=\"https:\/\/www.specagra.ee\/?product=vandens-talpos-lygio-matuokle\" \/>\n<meta property=\"og:site_name\" content=\"Specagra\" \/>\n<meta property=\"article:modified_time\" content=\"2023-06-09T13:06:18+00:00\" \/>\n<meta property=\"og:image\" content=\"https:\/\/www.specagra.ee\/wp-content\/uploads\/2023\/06\/Untitled-design-90.jpg\" \/>\n\t<meta property=\"og:image:width\" content=\"800\" \/>\n\t<meta property=\"og:image:height\" content=\"800\" \/>\n\t<meta property=\"og:image:type\" content=\"image\/jpeg\" \/>\n<meta name=\"twitter:card\" content=\"summary_large_image\" \/>\n<meta name=\"twitter:label1\" content=\"Est. reading time\" \/>\n\t<meta name=\"twitter:data1\" content=\"1 minut\" \/>\n<script type=\"application\/ld+json\" class=\"yoast-schema-graph\">{\"@context\":\"https:\\\/\\\/schema.org\",\"@graph\":[{\"@type\":\"WebPage\",\"@id\":\"https:\\\/\\\/www.specagra.ee\\\/?product=vandens-talpos-lygio-matuokle\",\"url\":\"https:\\\/\\\/www.specagra.ee\\\/?product=vandens-talpos-lygio-matuokle\",\"name\":\"Vandens talpos lygio matuokl\u0117 - Specagra\",\"isPartOf\":{\"@id\":\"https:\\\/\\\/www.specagra.ee\\\/#website\"},\"primaryImageOfPage\":{\"@id\":\"https:\\\/\\\/www.specagra.ee\\\/?product=vandens-talpos-lygio-matuokle#primaryimage\"},\"image\":{\"@id\":\"https:\\\/\\\/www.specagra.ee\\\/?product=vandens-talpos-lygio-matuokle#primaryimage\"},\"thumbnailUrl\":\"https:\\\/\\\/specagra.ee\\\/wp-content\\\/uploads\\\/2023\\\/06\\\/Untitled-design-90.jpg\",\"datePublished\":\"2023-06-09T12:59:56+00:00\",\"dateModified\":\"2023-06-09T13:06:18+00:00\",\"breadcrumb\":{\"@id\":\"https:\\\/\\\/www.specagra.ee\\\/?product=vandens-talpos-lygio-matuokle#breadcrumb\"},\"inLanguage\":\"et\",\"potentialAction\":[{\"@type\":\"ReadAction\",\"target\":[\"https:\\\/\\\/www.specagra.ee\\\/?product=vandens-talpos-lygio-matuokle\"]}]},{\"@type\":\"ImageObject\",\"inLanguage\":\"et\",\"@id\":\"https:\\\/\\\/www.specagra.ee\\\/?product=vandens-talpos-lygio-matuokle#primaryimage\",\"url\":\"https:\\\/\\\/specagra.ee\\\/wp-content\\\/uploads\\\/2023\\\/06\\\/Untitled-design-90.jpg\",\"contentUrl\":\"https:\\\/\\\/specagra.ee\\\/wp-content\\\/uploads\\\/2023\\\/06\\\/Untitled-design-90.jpg\",\"width\":800,\"height\":800},{\"@type\":\"BreadcrumbList\",\"@id\":\"https:\\\/\\\/www.specagra.ee\\\/?product=vandens-talpos-lygio-matuokle#breadcrumb\",\"itemListElement\":[{\"@type\":\"ListItem\",\"position\":1,\"name\":\"Home\",\"item\":\"https:\\\/\\\/specagra.ee\\\/\"},{\"@type\":\"ListItem\",\"position\":2,\"name\":\"P\u00f5llumajandustehnika ja loomakasvatus\",\"item\":\"https:\\\/\\\/specagra.ee\\\/?page_id=18493\"},{\"@type\":\"ListItem\",\"position\":3,\"name\":\"Vandens talpos lygio matuokl\u0117\"}]},{\"@type\":\"WebSite\",\"@id\":\"https:\\\/\\\/www.specagra.ee\\\/#website\",\"url\":\"https:\\\/\\\/www.specagra.ee\\\/\",\"name\":\"Specagra\",\"description\":\"P\u00f5llumajandustehnika ja varuosad\",\"publisher\":{\"@id\":\"https:\\\/\\\/www.specagra.ee\\\/#organization\"},\"potentialAction\":[{\"@type\":\"SearchAction\",\"target\":{\"@type\":\"EntryPoint\",\"urlTemplate\":\"https:\\\/\\\/www.specagra.ee\\\/?s={search_term_string}\"},\"query-input\":{\"@type\":\"PropertyValueSpecification\",\"valueRequired\":true,\"valueName\":\"search_term_string\"}}],\"inLanguage\":\"et\"},{\"@type\":\"Organization\",\"@id\":\"https:\\\/\\\/www.specagra.ee\\\/#organization\",\"name\":\"UAB Specagra\",\"url\":\"https:\\\/\\\/www.specagra.ee\\\/\",\"logo\":{\"@type\":\"ImageObject\",\"inLanguage\":\"et\",\"@id\":\"https:\\\/\\\/www.specagra.ee\\\/#\\\/schema\\\/logo\\\/image\\\/\",\"url\":\"http:\\\/\\\/www.specagra.ee\\\/wp-content\\\/uploads\\\/2022\\\/02\\\/SP-logo_naujas-scaled.jpg\",\"contentUrl\":\"http:\\\/\\\/www.specagra.ee\\\/wp-content\\\/uploads\\\/2022\\\/02\\\/SP-logo_naujas-scaled.jpg\",\"width\":2560,\"height\":326,\"caption\":\"UAB Specagra\"},\"image\":{\"@id\":\"https:\\\/\\\/www.specagra.ee\\\/#\\\/schema\\\/logo\\\/image\\\/\"}}]}<\/script>\n<!-- \/ Yoast SEO plugin. -->","yoast_head_json":{"title":"Vandens talpos lygio matuokl\u0117 - Specagra","robots":{"index":"index","follow":"follow","max-snippet":"max-snippet:-1","max-image-preview":"max-image-preview:large","max-video-preview":"max-video-preview:-1"},"canonical":"https:\/\/www.specagra.ee\/?product=vandens-talpos-lygio-matuokle","og_locale":"et_EE","og_type":"article","og_title":"Vandens talpos lygio matuokl\u0117 - Specagra","og_description":"Ramiai ils\u0117kit\u0117s, u\u017etikrin\u0119 nenutr\u016bkstam\u0105 vandens tiekim\u0105 galvijams \u0160ienaukite bei ruo\u0161kite galvijams pa\u0161arus be streso ! Persp\u0117jan\u010dios trumposios \u017einut\u0117s telefone su vandens sunaudojimo kreive bei prognoz\u0117mis, kada planuojamas vandens papildymo poreikis, leis suplanuoti i\u0161 anksto numatom\u0105 vandens papildym\u0105. Paprasta, tiksli bei patikima sistema, kuri gali b\u016bti naudojama bet kur. PRIVALUMAI : Tinkama vis\u0173 tip\u0173 talpoms I\u0161mani [&hellip;]","og_url":"https:\/\/www.specagra.ee\/?product=vandens-talpos-lygio-matuokle","og_site_name":"Specagra","article_modified_time":"2023-06-09T13:06:18+00:00","og_image":[{"width":800,"height":800,"url":"https:\/\/www.specagra.ee\/wp-content\/uploads\/2023\/06\/Untitled-design-90.jpg","type":"image\/jpeg"}],"twitter_card":"summary_large_image","twitter_misc":{"Est. reading time":"1 minut"},"schema":{"@context":"https:\/\/schema.org","@graph":[{"@type":"WebPage","@id":"https:\/\/www.specagra.ee\/?product=vandens-talpos-lygio-matuokle","url":"https:\/\/www.specagra.ee\/?product=vandens-talpos-lygio-matuokle","name":"Vandens talpos lygio matuokl\u0117 - Specagra","isPartOf":{"@id":"https:\/\/www.specagra.ee\/#website"},"primaryImageOfPage":{"@id":"https:\/\/www.specagra.ee\/?product=vandens-talpos-lygio-matuokle#primaryimage"},"image":{"@id":"https:\/\/www.specagra.ee\/?product=vandens-talpos-lygio-matuokle#primaryimage"},"thumbnailUrl":"https:\/\/specagra.ee\/wp-content\/uploads\/2023\/06\/Untitled-design-90.jpg","datePublished":"2023-06-09T12:59:56+00:00","dateModified":"2023-06-09T13:06:18+00:00","breadcrumb":{"@id":"https:\/\/www.specagra.ee\/?product=vandens-talpos-lygio-matuokle#breadcrumb"},"inLanguage":"et","potentialAction":[{"@type":"ReadAction","target":["https:\/\/www.specagra.ee\/?product=vandens-talpos-lygio-matuokle"]}]},{"@type":"ImageObject","inLanguage":"et","@id":"https:\/\/www.specagra.ee\/?product=vandens-talpos-lygio-matuokle#primaryimage","url":"https:\/\/specagra.ee\/wp-content\/uploads\/2023\/06\/Untitled-design-90.jpg","contentUrl":"https:\/\/specagra.ee\/wp-content\/uploads\/2023\/06\/Untitled-design-90.jpg","width":800,"height":800},{"@type":"BreadcrumbList","@id":"https:\/\/www.specagra.ee\/?product=vandens-talpos-lygio-matuokle#breadcrumb","itemListElement":[{"@type":"ListItem","position":1,"name":"Home","item":"https:\/\/specagra.ee\/"},{"@type":"ListItem","position":2,"name":"P\u00f5llumajandustehnika ja loomakasvatus","item":"https:\/\/specagra.ee\/?page_id=18493"},{"@type":"ListItem","position":3,"name":"Vandens talpos lygio matuokl\u0117"}]},{"@type":"WebSite","@id":"https:\/\/www.specagra.ee\/#website","url":"https:\/\/www.specagra.ee\/","name":"Specagra","description":"P\u00f5llumajandustehnika ja varuosad","publisher":{"@id":"https:\/\/www.specagra.ee\/#organization"},"potentialAction":[{"@type":"SearchAction","target":{"@type":"EntryPoint","urlTemplate":"https:\/\/www.specagra.ee\/?s={search_term_string}"},"query-input":{"@type":"PropertyValueSpecification","valueRequired":true,"valueName":"search_term_string"}}],"inLanguage":"et"},{"@type":"Organization","@id":"https:\/\/www.specagra.ee\/#organization","name":"UAB Specagra","url":"https:\/\/www.specagra.ee\/","logo":{"@type":"ImageObject","inLanguage":"et","@id":"https:\/\/www.specagra.ee\/#\/schema\/logo\/image\/","url":"http:\/\/www.specagra.ee\/wp-content\/uploads\/2022\/02\/SP-logo_naujas-scaled.jpg","contentUrl":"http:\/\/www.specagra.ee\/wp-content\/uploads\/2022\/02\/SP-logo_naujas-scaled.jpg","width":2560,"height":326,"caption":"UAB Specagra"},"image":{"@id":"https:\/\/www.specagra.ee\/#\/schema\/logo\/image\/"}}]}},"_links":{"self":[{"href":"https:\/\/www.specagra.ee\/index.php?rest_route=\/wp\/v2\/product\/30299","targetHints":{"allow":["GET"]}}],"collection":[{"href":"https:\/\/www.specagra.ee\/index.php?rest_route=\/wp\/v2\/product"}],"about":[{"href":"https:\/\/www.specagra.ee\/index.php?rest_route=\/wp\/v2\/types\/product"}],"wp:featuredmedia":[{"embeddable":true,"href":"https:\/\/www.specagra.ee\/index.php?rest_route=\/wp\/v2\/media\/30300"}],"wp:attachment":[{"href":"https:\/\/www.specagra.ee\/index.php?rest_route=%2Fwp%2Fv2%2Fmedia&parent=30299"}],"wp:term":[{"taxonomy":"product_brand","embeddable":true,"href":"https:\/\/www.specagra.ee\/index.php?rest_route=%2Fwp%2Fv2%2Fproduct_brand&post=30299"},{"taxonomy":"product_cat","embeddable":true,"href":"https:\/\/www.specagra.ee\/index.php?rest_route=%2Fwp%2Fv2%2Fproduct_cat&post=30299"},{"taxonomy":"product_tag","embeddable":true,"href":"https:\/\/www.specagra.ee\/index.php?rest_route=%2Fwp%2Fv2%2Fproduct_tag&post=30299"}],"curies":[{"name":"wp","href":"https:\/\/api.w.org\/{rel}","templated":true}]}}