{"id":2993,"date":"2020-06-26T10:47:36","date_gmt":"2020-06-26T12:47:36","guid":{"rendered":"https:\/\/www.specagra.ee.nemokamossvetaines.hostingas.lt\/?post_type=product&#038;p=2993"},"modified":"2022-07-15T08:22:30","modified_gmt":"2022-07-15T10:22:30","slug":"bulviu-kombainas-pyra-3000","status":"publish","type":"product","link":"https:\/\/www.specagra.ee\/?product=bulviu-kombainas-pyra-3000","title":{"rendered":"Bulvi\u0173 kombainas PYRA 3000"},"content":{"rendered":"<div class=\"woocommerce-tabs wc-tabs-wrapper\">\n<div id=\"tab-ywtm_274\" class=\"woocommerce-Tabs-panel woocommerce-Tabs-panel--ywtm_274 panel entry-content wc-tab\" role=\"tabpanel\" aria-labelledby=\"tab-title-ywtm_274\">\n<div class=\"tab-editor-container ywtm_content_tab\">\n<p>Standartin\u0117 komplektacija :<\/p>\n<ul>\n<li>Hidrauli\u0161kai valdoma prikabinimo sija;<\/li>\n<li>Papildomi gumuoti prispaud\u0117jai;<\/li>\n<li>Hidrauli\u0161kai varomas transporteris;<\/li>\n<li>Hidrauli\u0161kai pakeliama ir nuleid\u017eiama kasamoji;<\/li>\n<li>Aktyvus pir\u0161tinis grandiklis;<\/li>\n<li>Vairuojama rat\u0173 a\u0161is;<\/li>\n<li>Ratai : 385\/60 R22,5;<\/li>\n<li>Reguliuojamas transporterio greitis, prispaud\u0117jas;<\/li>\n<li>Darbin\u0117s \u0161viesos;<\/li>\n<li>Darbinis velenas.<\/li>\n<\/ul>\n<p>Papildoma komplektacija:<\/p>\n<ul>\n<li>Svog\u016bn\u0173 nu\u0117mimo priedas;<\/li>\n<li>Mork\u0173 nu\u0117mimo priedas;<\/li>\n<li>Elektrohidraulinis valdymas.<\/li>\n<\/ul>\n<\/div>\n<\/div>\n<\/div>\n","protected":false},"excerpt":{"rendered":"<p>Standartin\u0117 komplektacija : Hidrauli\u0161kai valdoma prikabinimo sija; Papildomi gumuoti prispaud\u0117jai; Hidrauli\u0161kai varomas transporteris; Hidrauli\u0161kai pakeliama ir nuleid\u017eiama kasamoji; Aktyvus pir\u0161tinis grandiklis; Vairuojama rat\u0173 a\u0161is; Ratai : 385\/60 R22,5; Reguliuojamas transporterio greitis, prispaud\u0117jas; Darbin\u0117s \u0161viesos; Darbinis velenas. Papildoma komplektacija: Svog\u016bn\u0173 nu\u0117mimo priedas; Mork\u0173 nu\u0117mimo priedas; Elektrohidraulinis valdymas.<\/p>\n","protected":false},"featured_media":17438,"template":"","meta":{"_et_pb_use_builder":"","_et_pb_old_content":"","_et_gb_content_width":""},"product_brand":[],"product_cat":[45],"product_tag":[],"class_list":{"0":"post-2993","1":"product","2":"type-product","3":"status-publish","4":"has-post-thumbnail","6":"product_cat-koogiviljatehnika","8":"first","9":"instock","10":"shipping-taxable","11":"product-type-simple"},"yoast_head":"<!-- This site is optimized with the Yoast SEO plugin v26.4 - https:\/\/yoast.com\/wordpress\/plugins\/seo\/ -->\n<title>Bulvi\u0173 kombainas PYRA 3000 - Specagra<\/title>\n<meta name=\"robots\" content=\"index, follow, max-snippet:-1, max-image-preview:large, max-video-preview:-1\" \/>\n<link rel=\"canonical\" href=\"https:\/\/www.specagra.ee\/?product=bulviu-kombainas-pyra-3000\" \/>\n<meta property=\"og:locale\" content=\"et_EE\" \/>\n<meta property=\"og:type\" content=\"article\" \/>\n<meta property=\"og:title\" content=\"Bulvi\u0173 kombainas PYRA 3000 - Specagra\" \/>\n<meta property=\"og:description\" content=\"Standartin\u0117 komplektacija : Hidrauli\u0161kai valdoma prikabinimo sija; Papildomi gumuoti prispaud\u0117jai; Hidrauli\u0161kai varomas transporteris; Hidrauli\u0161kai pakeliama ir nuleid\u017eiama kasamoji; Aktyvus pir\u0161tinis grandiklis; Vairuojama rat\u0173 a\u0161is; Ratai : 385\/60 R22,5; Reguliuojamas transporterio greitis, prispaud\u0117jas; Darbin\u0117s \u0161viesos; Darbinis velenas. Papildoma komplektacija: Svog\u016bn\u0173 nu\u0117mimo priedas; Mork\u0173 nu\u0117mimo priedas; Elektrohidraulinis valdymas.\" \/>\n<meta property=\"og:url\" content=\"https:\/\/www.specagra.ee\/?product=bulviu-kombainas-pyra-3000\" \/>\n<meta property=\"og:site_name\" content=\"Specagra\" \/>\n<meta property=\"article:modified_time\" content=\"2022-07-15T10:22:30+00:00\" \/>\n<meta property=\"og:image\" content=\"https:\/\/www.specagra.ee\/wp-content\/uploads\/2020\/06\/Copy-of-0203139731-1280-\u00d7-720-px9.jpg\" \/>\n\t<meta property=\"og:image:width\" content=\"1280\" \/>\n\t<meta property=\"og:image:height\" content=\"720\" \/>\n\t<meta property=\"og:image:type\" content=\"image\/jpeg\" \/>\n<meta name=\"twitter:card\" content=\"summary_large_image\" \/>\n<script type=\"application\/ld+json\" class=\"yoast-schema-graph\">{\"@context\":\"https:\/\/schema.org\",\"@graph\":[{\"@type\":\"WebPage\",\"@id\":\"https:\/\/www.specagra.ee\/?product=bulviu-kombainas-pyra-3000\",\"url\":\"https:\/\/www.specagra.ee\/?product=bulviu-kombainas-pyra-3000\",\"name\":\"Bulvi\u0173 kombainas PYRA 3000 - Specagra\",\"isPartOf\":{\"@id\":\"https:\/\/www.specagra.ee\/#website\"},\"primaryImageOfPage\":{\"@id\":\"https:\/\/www.specagra.ee\/?product=bulviu-kombainas-pyra-3000#primaryimage\"},\"image\":{\"@id\":\"https:\/\/www.specagra.ee\/?product=bulviu-kombainas-pyra-3000#primaryimage\"},\"thumbnailUrl\":\"https:\/\/www.specagra.ee\/wp-content\/uploads\/2020\/06\/Copy-of-0203139731-1280-\u00d7-720-px9.jpg\",\"datePublished\":\"2020-06-26T12:47:36+00:00\",\"dateModified\":\"2022-07-15T10:22:30+00:00\",\"breadcrumb\":{\"@id\":\"https:\/\/www.specagra.ee\/?product=bulviu-kombainas-pyra-3000#breadcrumb\"},\"inLanguage\":\"et\",\"potentialAction\":[{\"@type\":\"ReadAction\",\"target\":[\"https:\/\/www.specagra.ee\/?product=bulviu-kombainas-pyra-3000\"]}]},{\"@type\":\"ImageObject\",\"inLanguage\":\"et\",\"@id\":\"https:\/\/www.specagra.ee\/?product=bulviu-kombainas-pyra-3000#primaryimage\",\"url\":\"https:\/\/www.specagra.ee\/wp-content\/uploads\/2020\/06\/Copy-of-0203139731-1280-\u00d7-720-px9.jpg\",\"contentUrl\":\"https:\/\/www.specagra.ee\/wp-content\/uploads\/2020\/06\/Copy-of-0203139731-1280-\u00d7-720-px9.jpg\",\"width\":1280,\"height\":720,\"caption\":\"Bulvi\u0173 kombainas PYRA 3000\"},{\"@type\":\"BreadcrumbList\",\"@id\":\"https:\/\/www.specagra.ee\/?product=bulviu-kombainas-pyra-3000#breadcrumb\",\"itemListElement\":[{\"@type\":\"ListItem\",\"position\":1,\"name\":\"Home\",\"item\":\"https:\/\/www.specagra.ee\/\"},{\"@type\":\"ListItem\",\"position\":2,\"name\":\"P\u00f5llumajandustehnika ja loomakasvatus\",\"item\":\"https:\/\/specagra.ee\/?page_id=18493\"},{\"@type\":\"ListItem\",\"position\":3,\"name\":\"Bulvi\u0173 kombainas PYRA 3000\"}]},{\"@type\":\"WebSite\",\"@id\":\"https:\/\/www.specagra.ee\/#website\",\"url\":\"https:\/\/www.specagra.ee\/\",\"name\":\"Specagra\",\"description\":\"P\u00f5llumajandustehnika ja varuosad\",\"publisher\":{\"@id\":\"https:\/\/www.specagra.ee\/#organization\"},\"potentialAction\":[{\"@type\":\"SearchAction\",\"target\":{\"@type\":\"EntryPoint\",\"urlTemplate\":\"https:\/\/www.specagra.ee\/?s={search_term_string}\"},\"query-input\":{\"@type\":\"PropertyValueSpecification\",\"valueRequired\":true,\"valueName\":\"search_term_string\"}}],\"inLanguage\":\"et\"},{\"@type\":\"Organization\",\"@id\":\"https:\/\/www.specagra.ee\/#organization\",\"name\":\"UAB Specagra\",\"url\":\"https:\/\/www.specagra.ee\/\",\"logo\":{\"@type\":\"ImageObject\",\"inLanguage\":\"et\",\"@id\":\"https:\/\/www.specagra.ee\/#\/schema\/logo\/image\/\",\"url\":\"http:\/\/www.specagra.ee\/wp-content\/uploads\/2022\/02\/SP-logo_naujas-scaled.jpg\",\"contentUrl\":\"http:\/\/www.specagra.ee\/wp-content\/uploads\/2022\/02\/SP-logo_naujas-scaled.jpg\",\"width\":2560,\"height\":326,\"caption\":\"UAB Specagra\"},\"image\":{\"@id\":\"https:\/\/www.specagra.ee\/#\/schema\/logo\/image\/\"}}]}<\/script>\n<!-- \/ Yoast SEO plugin. -->","yoast_head_json":{"title":"Bulvi\u0173 kombainas PYRA 3000 - Specagra","robots":{"index":"index","follow":"follow","max-snippet":"max-snippet:-1","max-image-preview":"max-image-preview:large","max-video-preview":"max-video-preview:-1"},"canonical":"https:\/\/www.specagra.ee\/?product=bulviu-kombainas-pyra-3000","og_locale":"et_EE","og_type":"article","og_title":"Bulvi\u0173 kombainas PYRA 3000 - Specagra","og_description":"Standartin\u0117 komplektacija : Hidrauli\u0161kai valdoma prikabinimo sija; Papildomi gumuoti prispaud\u0117jai; Hidrauli\u0161kai varomas transporteris; Hidrauli\u0161kai pakeliama ir nuleid\u017eiama kasamoji; Aktyvus pir\u0161tinis grandiklis; Vairuojama rat\u0173 a\u0161is; Ratai : 385\/60 R22,5; Reguliuojamas transporterio greitis, prispaud\u0117jas; Darbin\u0117s \u0161viesos; Darbinis velenas. Papildoma komplektacija: Svog\u016bn\u0173 nu\u0117mimo priedas; Mork\u0173 nu\u0117mimo priedas; Elektrohidraulinis valdymas.","og_url":"https:\/\/www.specagra.ee\/?product=bulviu-kombainas-pyra-3000","og_site_name":"Specagra","article_modified_time":"2022-07-15T10:22:30+00:00","og_image":[{"width":1280,"height":720,"url":"https:\/\/www.specagra.ee\/wp-content\/uploads\/2020\/06\/Copy-of-0203139731-1280-\u00d7-720-px9.jpg","type":"image\/jpeg"}],"twitter_card":"summary_large_image","schema":{"@context":"https:\/\/schema.org","@graph":[{"@type":"WebPage","@id":"https:\/\/www.specagra.ee\/?product=bulviu-kombainas-pyra-3000","url":"https:\/\/www.specagra.ee\/?product=bulviu-kombainas-pyra-3000","name":"Bulvi\u0173 kombainas PYRA 3000 - Specagra","isPartOf":{"@id":"https:\/\/www.specagra.ee\/#website"},"primaryImageOfPage":{"@id":"https:\/\/www.specagra.ee\/?product=bulviu-kombainas-pyra-3000#primaryimage"},"image":{"@id":"https:\/\/www.specagra.ee\/?product=bulviu-kombainas-pyra-3000#primaryimage"},"thumbnailUrl":"https:\/\/www.specagra.ee\/wp-content\/uploads\/2020\/06\/Copy-of-0203139731-1280-\u00d7-720-px9.jpg","datePublished":"2020-06-26T12:47:36+00:00","dateModified":"2022-07-15T10:22:30+00:00","breadcrumb":{"@id":"https:\/\/www.specagra.ee\/?product=bulviu-kombainas-pyra-3000#breadcrumb"},"inLanguage":"et","potentialAction":[{"@type":"ReadAction","target":["https:\/\/www.specagra.ee\/?product=bulviu-kombainas-pyra-3000"]}]},{"@type":"ImageObject","inLanguage":"et","@id":"https:\/\/www.specagra.ee\/?product=bulviu-kombainas-pyra-3000#primaryimage","url":"https:\/\/www.specagra.ee\/wp-content\/uploads\/2020\/06\/Copy-of-0203139731-1280-\u00d7-720-px9.jpg","contentUrl":"https:\/\/www.specagra.ee\/wp-content\/uploads\/2020\/06\/Copy-of-0203139731-1280-\u00d7-720-px9.jpg","width":1280,"height":720,"caption":"Bulvi\u0173 kombainas PYRA 3000"},{"@type":"BreadcrumbList","@id":"https:\/\/www.specagra.ee\/?product=bulviu-kombainas-pyra-3000#breadcrumb","itemListElement":[{"@type":"ListItem","position":1,"name":"Home","item":"https:\/\/www.specagra.ee\/"},{"@type":"ListItem","position":2,"name":"P\u00f5llumajandustehnika ja loomakasvatus","item":"https:\/\/specagra.ee\/?page_id=18493"},{"@type":"ListItem","position":3,"name":"Bulvi\u0173 kombainas PYRA 3000"}]},{"@type":"WebSite","@id":"https:\/\/www.specagra.ee\/#website","url":"https:\/\/www.specagra.ee\/","name":"Specagra","description":"P\u00f5llumajandustehnika ja varuosad","publisher":{"@id":"https:\/\/www.specagra.ee\/#organization"},"potentialAction":[{"@type":"SearchAction","target":{"@type":"EntryPoint","urlTemplate":"https:\/\/www.specagra.ee\/?s={search_term_string}"},"query-input":{"@type":"PropertyValueSpecification","valueRequired":true,"valueName":"search_term_string"}}],"inLanguage":"et"},{"@type":"Organization","@id":"https:\/\/www.specagra.ee\/#organization","name":"UAB Specagra","url":"https:\/\/www.specagra.ee\/","logo":{"@type":"ImageObject","inLanguage":"et","@id":"https:\/\/www.specagra.ee\/#\/schema\/logo\/image\/","url":"http:\/\/www.specagra.ee\/wp-content\/uploads\/2022\/02\/SP-logo_naujas-scaled.jpg","contentUrl":"http:\/\/www.specagra.ee\/wp-content\/uploads\/2022\/02\/SP-logo_naujas-scaled.jpg","width":2560,"height":326,"caption":"UAB Specagra"},"image":{"@id":"https:\/\/www.specagra.ee\/#\/schema\/logo\/image\/"}}]}},"_links":{"self":[{"href":"https:\/\/www.specagra.ee\/index.php?rest_route=\/wp\/v2\/product\/2993","targetHints":{"allow":["GET"]}}],"collection":[{"href":"https:\/\/www.specagra.ee\/index.php?rest_route=\/wp\/v2\/product"}],"about":[{"href":"https:\/\/www.specagra.ee\/index.php?rest_route=\/wp\/v2\/types\/product"}],"wp:featuredmedia":[{"embeddable":true,"href":"https:\/\/www.specagra.ee\/index.php?rest_route=\/wp\/v2\/media\/17438"}],"wp:attachment":[{"href":"https:\/\/www.specagra.ee\/index.php?rest_route=%2Fwp%2Fv2%2Fmedia&parent=2993"}],"wp:term":[{"taxonomy":"product_brand","embeddable":true,"href":"https:\/\/www.specagra.ee\/index.php?rest_route=%2Fwp%2Fv2%2Fproduct_brand&post=2993"},{"taxonomy":"product_cat","embeddable":true,"href":"https:\/\/www.specagra.ee\/index.php?rest_route=%2Fwp%2Fv2%2Fproduct_cat&post=2993"},{"taxonomy":"product_tag","embeddable":true,"href":"https:\/\/www.specagra.ee\/index.php?rest_route=%2Fwp%2Fv2%2Fproduct_tag&post=2993"}],"curies":[{"name":"wp","href":"https:\/\/api.w.org\/{rel}","templated":true}]}}