{"id":2912,"date":"2020-06-26T09:27:02","date_gmt":"2020-06-26T11:27:02","guid":{"rendered":"https:\/\/www.specagra.ee.nemokamossvetaines.hostingas.lt\/?post_type=product&#038;p=2912"},"modified":"2022-10-28T10:48:10","modified_gmt":"2022-10-28T12:48:10","slug":"skutikai-kos-premium","status":"publish","type":"product","link":"https:\/\/www.specagra.ee\/?product=skutikai-kos-premium","title":{"rendered":"Skutiklis UNIA KOS PREMIUM"},"content":{"rendered":"<p>Standartin\u0117 komplektacija:<\/p>\n<ul>\n<li>Pakabinimo a\u0161is 825\/\u00f836 mm;<\/li>\n<li>Dvi eil\u0117s noragu su nuimamais sparneliais CX (pjovimas 370 mm);<\/li>\n<li>Reguliuojamos lyginimo- vertimo l\u0117k\u0161t\u0117s 460 mm;<\/li>\n<li>Vamzdinis volas diametru 600mm;<\/li>\n<li>Spyruoklin\u0117 apsauga;<\/li>\n<li>Laipsni\u0161kai hidrauliniu b\u016bdu reguliuojamas dirbimo gylis per vol\u0105;<\/li>\n<li>Sulankstomas hidrauli\u0161kai su H;<\/li>\n<li>Darbinis rekomenduojamas gylis 15 cm su sparneliais (be sparneli\u0173 darbinis gylis iki 30 cm);<\/li>\n<li>Spaudimas vieno norago \u012f dirv\u0105 560 kg.<\/li>\n<\/ul>\n<p><sup>\u00a0\u00a0<\/sup>Papildoma komplektacija:<\/p>\n<ul>\n<li>Transportavimo \u0161viesos;<\/li>\n<li>Prikabinimo mechanizmas (ve\u017eim\u0117lis)ratai- 480\/45-17, \u0161arnyrinio di\u0161lio ilgis 2000 mm;<\/li>\n<li>Priekiniai atraminiai ratai (versija 4,5 ir 6);<\/li>\n<li>Pasirinktinai volai;<\/li>\n<li>Smulkinimo- mai\u0161ymo dviej\u0173 eili\u0173 disk\u0173 komplektas (su guminiais amortizatoriais);<\/li>\n<li>Versija PREMIUM LONG (standarte prikabinama versija) (LONG 3 ir LONG 4).<\/li>\n<\/ul>\n","protected":false},"excerpt":{"rendered":"<p>Standartin\u0117 komplektacija: Pakabinimo a\u0161is 825\/\u00f836 mm; Dvi eil\u0117s noragu su nuimamais sparneliais CX (pjovimas 370 mm); Reguliuojamos lyginimo- vertimo l\u0117k\u0161t\u0117s 460 mm; Vamzdinis volas diametru 600mm; Spyruoklin\u0117 apsauga; Laipsni\u0161kai hidrauliniu b\u016bdu reguliuojamas dirbimo gylis per vol\u0105; Sulankstomas hidrauli\u0161kai su H; Darbinis rekomenduojamas gylis 15 cm su sparneliais (be sparneli\u0173 darbinis gylis iki 30 cm); Spaudimas [&hellip;]<\/p>\n","protected":false},"featured_media":19152,"template":"","meta":{"_et_pb_use_builder":"","_et_pb_old_content":"","_et_gb_content_width":""},"product_brand":[],"product_cat":[37,39],"product_tag":[],"class_list":{"0":"post-2912","1":"product","2":"type-product","3":"status-publish","4":"has-post-thumbnail","6":"product_cat-kobestid","7":"product_cat-piik-kultivaatorid","9":"first","10":"instock","11":"shipping-taxable","12":"product-type-simple"},"yoast_head":"<!-- This site is optimized with the Yoast SEO plugin v26.4 - https:\/\/yoast.com\/wordpress\/plugins\/seo\/ -->\n<title>Skutiklis UNIA KOS PREMIUM - Specagra<\/title>\n<meta name=\"robots\" content=\"index, follow, max-snippet:-1, max-image-preview:large, max-video-preview:-1\" \/>\n<link rel=\"canonical\" href=\"https:\/\/www.specagra.ee\/?product=skutikai-kos-premium\" \/>\n<meta property=\"og:locale\" content=\"et_EE\" \/>\n<meta property=\"og:type\" content=\"article\" \/>\n<meta property=\"og:title\" content=\"Skutiklis UNIA KOS PREMIUM - Specagra\" \/>\n<meta property=\"og:description\" content=\"Standartin\u0117 komplektacija: Pakabinimo a\u0161is 825\/\u00f836 mm; Dvi eil\u0117s noragu su nuimamais sparneliais CX (pjovimas 370 mm); Reguliuojamos lyginimo- vertimo l\u0117k\u0161t\u0117s 460 mm; Vamzdinis volas diametru 600mm; Spyruoklin\u0117 apsauga; Laipsni\u0161kai hidrauliniu b\u016bdu reguliuojamas dirbimo gylis per vol\u0105; Sulankstomas hidrauli\u0161kai su H; Darbinis rekomenduojamas gylis 15 cm su sparneliais (be sparneli\u0173 darbinis gylis iki 30 cm); Spaudimas [&hellip;]\" \/>\n<meta property=\"og:url\" content=\"https:\/\/www.specagra.ee\/?product=skutikai-kos-premium\" \/>\n<meta property=\"og:site_name\" content=\"Specagra\" \/>\n<meta property=\"article:modified_time\" content=\"2022-10-28T12:48:10+00:00\" \/>\n<meta property=\"og:image\" content=\"https:\/\/specagra.ee\/wp-content\/uploads\/2020\/06\/Copy-of-0203139731-1280-\u00d7-720-px-896-\u00d7-503-px141.jpg\" \/>\n\t<meta property=\"og:image:width\" content=\"896\" \/>\n\t<meta property=\"og:image:height\" content=\"503\" \/>\n\t<meta property=\"og:image:type\" content=\"image\/jpeg\" \/>\n<meta name=\"twitter:card\" content=\"summary_large_image\" \/>\n<meta name=\"twitter:label1\" content=\"Est. reading time\" \/>\n\t<meta name=\"twitter:data1\" content=\"1 minut\" \/>\n<script type=\"application\/ld+json\" class=\"yoast-schema-graph\">{\"@context\":\"https:\/\/schema.org\",\"@graph\":[{\"@type\":\"WebPage\",\"@id\":\"https:\/\/www.specagra.ee\/?product=skutikai-kos-premium\",\"url\":\"https:\/\/www.specagra.ee\/?product=skutikai-kos-premium\",\"name\":\"Skutiklis UNIA KOS PREMIUM - Specagra\",\"isPartOf\":{\"@id\":\"https:\/\/www.specagra.ee\/#website\"},\"primaryImageOfPage\":{\"@id\":\"https:\/\/www.specagra.ee\/?product=skutikai-kos-premium#primaryimage\"},\"image\":{\"@id\":\"https:\/\/www.specagra.ee\/?product=skutikai-kos-premium#primaryimage\"},\"thumbnailUrl\":\"https:\/\/www.specagra.ee\/wp-content\/uploads\/2020\/06\/Copy-of-0203139731-1280-\u00d7-720-px-896-\u00d7-503-px141.jpg\",\"datePublished\":\"2020-06-26T11:27:02+00:00\",\"dateModified\":\"2022-10-28T12:48:10+00:00\",\"breadcrumb\":{\"@id\":\"https:\/\/www.specagra.ee\/?product=skutikai-kos-premium#breadcrumb\"},\"inLanguage\":\"et\",\"potentialAction\":[{\"@type\":\"ReadAction\",\"target\":[\"https:\/\/www.specagra.ee\/?product=skutikai-kos-premium\"]}]},{\"@type\":\"ImageObject\",\"inLanguage\":\"et\",\"@id\":\"https:\/\/www.specagra.ee\/?product=skutikai-kos-premium#primaryimage\",\"url\":\"https:\/\/www.specagra.ee\/wp-content\/uploads\/2020\/06\/Copy-of-0203139731-1280-\u00d7-720-px-896-\u00d7-503-px141.jpg\",\"contentUrl\":\"https:\/\/www.specagra.ee\/wp-content\/uploads\/2020\/06\/Copy-of-0203139731-1280-\u00d7-720-px-896-\u00d7-503-px141.jpg\",\"width\":896,\"height\":503,\"caption\":\"Skutiklis UNIA KOS PREMIUM\"},{\"@type\":\"BreadcrumbList\",\"@id\":\"https:\/\/www.specagra.ee\/?product=skutikai-kos-premium#breadcrumb\",\"itemListElement\":[{\"@type\":\"ListItem\",\"position\":1,\"name\":\"Home\",\"item\":\"https:\/\/www.specagra.ee\/\"},{\"@type\":\"ListItem\",\"position\":2,\"name\":\"P\u00f5llumajandustehnika ja loomakasvatus\",\"item\":\"https:\/\/specagra.ee\/?page_id=18493\"},{\"@type\":\"ListItem\",\"position\":3,\"name\":\"Skutiklis UNIA KOS PREMIUM\"}]},{\"@type\":\"WebSite\",\"@id\":\"https:\/\/www.specagra.ee\/#website\",\"url\":\"https:\/\/www.specagra.ee\/\",\"name\":\"Specagra\",\"description\":\"P\u00f5llumajandustehnika ja varuosad\",\"publisher\":{\"@id\":\"https:\/\/www.specagra.ee\/#organization\"},\"potentialAction\":[{\"@type\":\"SearchAction\",\"target\":{\"@type\":\"EntryPoint\",\"urlTemplate\":\"https:\/\/www.specagra.ee\/?s={search_term_string}\"},\"query-input\":{\"@type\":\"PropertyValueSpecification\",\"valueRequired\":true,\"valueName\":\"search_term_string\"}}],\"inLanguage\":\"et\"},{\"@type\":\"Organization\",\"@id\":\"https:\/\/www.specagra.ee\/#organization\",\"name\":\"UAB Specagra\",\"url\":\"https:\/\/www.specagra.ee\/\",\"logo\":{\"@type\":\"ImageObject\",\"inLanguage\":\"et\",\"@id\":\"https:\/\/www.specagra.ee\/#\/schema\/logo\/image\/\",\"url\":\"http:\/\/www.specagra.ee\/wp-content\/uploads\/2022\/02\/SP-logo_naujas-scaled.jpg\",\"contentUrl\":\"http:\/\/www.specagra.ee\/wp-content\/uploads\/2022\/02\/SP-logo_naujas-scaled.jpg\",\"width\":2560,\"height\":326,\"caption\":\"UAB Specagra\"},\"image\":{\"@id\":\"https:\/\/www.specagra.ee\/#\/schema\/logo\/image\/\"}}]}<\/script>\n<!-- \/ Yoast SEO plugin. -->","yoast_head_json":{"title":"Skutiklis UNIA KOS PREMIUM - Specagra","robots":{"index":"index","follow":"follow","max-snippet":"max-snippet:-1","max-image-preview":"max-image-preview:large","max-video-preview":"max-video-preview:-1"},"canonical":"https:\/\/www.specagra.ee\/?product=skutikai-kos-premium","og_locale":"et_EE","og_type":"article","og_title":"Skutiklis UNIA KOS PREMIUM - Specagra","og_description":"Standartin\u0117 komplektacija: Pakabinimo a\u0161is 825\/\u00f836 mm; Dvi eil\u0117s noragu su nuimamais sparneliais CX (pjovimas 370 mm); Reguliuojamos lyginimo- vertimo l\u0117k\u0161t\u0117s 460 mm; Vamzdinis volas diametru 600mm; Spyruoklin\u0117 apsauga; Laipsni\u0161kai hidrauliniu b\u016bdu reguliuojamas dirbimo gylis per vol\u0105; Sulankstomas hidrauli\u0161kai su H; Darbinis rekomenduojamas gylis 15 cm su sparneliais (be sparneli\u0173 darbinis gylis iki 30 cm); Spaudimas [&hellip;]","og_url":"https:\/\/www.specagra.ee\/?product=skutikai-kos-premium","og_site_name":"Specagra","article_modified_time":"2022-10-28T12:48:10+00:00","og_image":[{"width":896,"height":503,"url":"https:\/\/specagra.ee\/wp-content\/uploads\/2020\/06\/Copy-of-0203139731-1280-\u00d7-720-px-896-\u00d7-503-px141.jpg","type":"image\/jpeg"}],"twitter_card":"summary_large_image","twitter_misc":{"Est. reading time":"1 minut"},"schema":{"@context":"https:\/\/schema.org","@graph":[{"@type":"WebPage","@id":"https:\/\/www.specagra.ee\/?product=skutikai-kos-premium","url":"https:\/\/www.specagra.ee\/?product=skutikai-kos-premium","name":"Skutiklis UNIA KOS PREMIUM - Specagra","isPartOf":{"@id":"https:\/\/www.specagra.ee\/#website"},"primaryImageOfPage":{"@id":"https:\/\/www.specagra.ee\/?product=skutikai-kos-premium#primaryimage"},"image":{"@id":"https:\/\/www.specagra.ee\/?product=skutikai-kos-premium#primaryimage"},"thumbnailUrl":"https:\/\/www.specagra.ee\/wp-content\/uploads\/2020\/06\/Copy-of-0203139731-1280-\u00d7-720-px-896-\u00d7-503-px141.jpg","datePublished":"2020-06-26T11:27:02+00:00","dateModified":"2022-10-28T12:48:10+00:00","breadcrumb":{"@id":"https:\/\/www.specagra.ee\/?product=skutikai-kos-premium#breadcrumb"},"inLanguage":"et","potentialAction":[{"@type":"ReadAction","target":["https:\/\/www.specagra.ee\/?product=skutikai-kos-premium"]}]},{"@type":"ImageObject","inLanguage":"et","@id":"https:\/\/www.specagra.ee\/?product=skutikai-kos-premium#primaryimage","url":"https:\/\/www.specagra.ee\/wp-content\/uploads\/2020\/06\/Copy-of-0203139731-1280-\u00d7-720-px-896-\u00d7-503-px141.jpg","contentUrl":"https:\/\/www.specagra.ee\/wp-content\/uploads\/2020\/06\/Copy-of-0203139731-1280-\u00d7-720-px-896-\u00d7-503-px141.jpg","width":896,"height":503,"caption":"Skutiklis UNIA KOS PREMIUM"},{"@type":"BreadcrumbList","@id":"https:\/\/www.specagra.ee\/?product=skutikai-kos-premium#breadcrumb","itemListElement":[{"@type":"ListItem","position":1,"name":"Home","item":"https:\/\/www.specagra.ee\/"},{"@type":"ListItem","position":2,"name":"P\u00f5llumajandustehnika ja loomakasvatus","item":"https:\/\/specagra.ee\/?page_id=18493"},{"@type":"ListItem","position":3,"name":"Skutiklis UNIA KOS PREMIUM"}]},{"@type":"WebSite","@id":"https:\/\/www.specagra.ee\/#website","url":"https:\/\/www.specagra.ee\/","name":"Specagra","description":"P\u00f5llumajandustehnika ja varuosad","publisher":{"@id":"https:\/\/www.specagra.ee\/#organization"},"potentialAction":[{"@type":"SearchAction","target":{"@type":"EntryPoint","urlTemplate":"https:\/\/www.specagra.ee\/?s={search_term_string}"},"query-input":{"@type":"PropertyValueSpecification","valueRequired":true,"valueName":"search_term_string"}}],"inLanguage":"et"},{"@type":"Organization","@id":"https:\/\/www.specagra.ee\/#organization","name":"UAB Specagra","url":"https:\/\/www.specagra.ee\/","logo":{"@type":"ImageObject","inLanguage":"et","@id":"https:\/\/www.specagra.ee\/#\/schema\/logo\/image\/","url":"http:\/\/www.specagra.ee\/wp-content\/uploads\/2022\/02\/SP-logo_naujas-scaled.jpg","contentUrl":"http:\/\/www.specagra.ee\/wp-content\/uploads\/2022\/02\/SP-logo_naujas-scaled.jpg","width":2560,"height":326,"caption":"UAB Specagra"},"image":{"@id":"https:\/\/www.specagra.ee\/#\/schema\/logo\/image\/"}}]}},"_links":{"self":[{"href":"https:\/\/www.specagra.ee\/index.php?rest_route=\/wp\/v2\/product\/2912","targetHints":{"allow":["GET"]}}],"collection":[{"href":"https:\/\/www.specagra.ee\/index.php?rest_route=\/wp\/v2\/product"}],"about":[{"href":"https:\/\/www.specagra.ee\/index.php?rest_route=\/wp\/v2\/types\/product"}],"wp:featuredmedia":[{"embeddable":true,"href":"https:\/\/www.specagra.ee\/index.php?rest_route=\/wp\/v2\/media\/19152"}],"wp:attachment":[{"href":"https:\/\/www.specagra.ee\/index.php?rest_route=%2Fwp%2Fv2%2Fmedia&parent=2912"}],"wp:term":[{"taxonomy":"product_brand","embeddable":true,"href":"https:\/\/www.specagra.ee\/index.php?rest_route=%2Fwp%2Fv2%2Fproduct_brand&post=2912"},{"taxonomy":"product_cat","embeddable":true,"href":"https:\/\/www.specagra.ee\/index.php?rest_route=%2Fwp%2Fv2%2Fproduct_cat&post=2912"},{"taxonomy":"product_tag","embeddable":true,"href":"https:\/\/www.specagra.ee\/index.php?rest_route=%2Fwp%2Fv2%2Fproduct_tag&post=2912"}],"curies":[{"name":"wp","href":"https:\/\/api.w.org\/{rel}","templated":true}]}}