{"id":2882,"date":"2020-06-26T09:07:30","date_gmt":"2020-06-26T11:07:30","guid":{"rendered":"https:\/\/www.specagra.ee.nemokamossvetaines.hostingas.lt\/?post_type=product&#038;p=2882"},"modified":"2022-05-27T11:41:21","modified_gmt":"2022-05-27T13:41:21","slug":"skutikai-cross-hp","status":"publish","type":"product","link":"https:\/\/www.specagra.ee\/?product=skutikai-cross-hp","title":{"rendered":"Skutikas CROSS HP"},"content":{"rendered":"<p>Standartin\u0117 komplektacija:<\/p>\n<ul>\n<li>Prikabinimo a\u0161is 965\/\u00f836 mm;<\/li>\n<li>Keturios eil\u0117s noragu su nuimamais sparneliais CX (pjovimas 370 mm);<\/li>\n<li>\u0160oniniai noragai su atmu\u0161\u0117jais;<\/li>\n<li>Reguliuojamos lyginimo- vertimo l\u0117k\u0161t\u0117s 460 mm (su guminiais amortizatoriais);<\/li>\n<li>Vamzdinis volas diametru 600mm;<\/li>\n<li>Spyruoklin\u0117 apsauga su papildomu saugikliu;<\/li>\n<li>Laipsni\u0161kai hidrauliniu b\u016bdu reguliuojamas dirbimo gylis per vol\u0105;<\/li>\n<li>Sulankstomas transportavimui \u2013 hidrauli\u0161kai;<\/li>\n<li>Darbinis rekomenduojamas gylis 15 cm su sparneliais (be sparneli\u0173 darbinis gylis iki 30 cm);<\/li>\n<li>Spaudimas vieno norago \u012f dirv\u0105 550 kg;<\/li>\n<li>Transportavimo ratai 500\/45-22,5;<\/li>\n<li>Priekiniai atraminiai ratai 340\/55-16;<\/li>\n<\/ul>\n<p><sup>\u00a0\u00a0<\/sup>Papildoma komplektacija:<\/p>\n<ul>\n<li>Transportavimo \u0161viesos;<\/li>\n<li>Hidrauli\u0161kai reguliuojami priekiniai atraminiai ratai;<\/li>\n<li>Pneumatiniai arba hidrauliniai stabd\u017eiai;<\/li>\n<li>Prikabinimo kilpa vietoje \u0161arnyrinio di\u0161liaus (Hitch \u00f840 mm ir Hitch \u00f850 mm) tik DRIVE versija;<\/li>\n<li>Dvigubi arba viengubi volai;<\/li>\n<\/ul>\n","protected":false},"excerpt":{"rendered":"<p>Standartin\u0117 komplektacija: Prikabinimo a\u0161is 965\/\u00f836 mm; Keturios eil\u0117s noragu su nuimamais sparneliais CX (pjovimas 370 mm); \u0160oniniai noragai su atmu\u0161\u0117jais; Reguliuojamos lyginimo- vertimo l\u0117k\u0161t\u0117s 460 mm (su guminiais amortizatoriais); Vamzdinis volas diametru 600mm; Spyruoklin\u0117 apsauga su papildomu saugikliu; Laipsni\u0161kai hidrauliniu b\u016bdu reguliuojamas dirbimo gylis per vol\u0105; Sulankstomas transportavimui \u2013 hidrauli\u0161kai; Darbinis rekomenduojamas gylis 15 cm [&hellip;]<\/p>\n","protected":false},"featured_media":17482,"template":"","meta":{"_et_pb_use_builder":"","_et_pb_old_content":"","_et_gb_content_width":""},"product_brand":[],"product_cat":[37,39],"product_tag":[],"class_list":{"0":"post-2882","1":"product","2":"type-product","3":"status-publish","4":"has-post-thumbnail","6":"product_cat-kobestid","7":"product_cat-piik-kultivaatorid","9":"first","10":"instock","11":"shipping-taxable","12":"product-type-simple"},"yoast_head":"<!-- This site is optimized with the Yoast SEO plugin v26.4 - https:\/\/yoast.com\/wordpress\/plugins\/seo\/ -->\n<title>Skutikas CROSS HP - Specagra<\/title>\n<meta name=\"robots\" content=\"index, follow, max-snippet:-1, max-image-preview:large, max-video-preview:-1\" \/>\n<link rel=\"canonical\" href=\"https:\/\/www.specagra.ee\/?product=skutikai-cross-hp\" \/>\n<meta property=\"og:locale\" content=\"et_EE\" \/>\n<meta property=\"og:type\" content=\"article\" \/>\n<meta property=\"og:title\" content=\"Skutikas CROSS HP - Specagra\" \/>\n<meta property=\"og:description\" content=\"Standartin\u0117 komplektacija: Prikabinimo a\u0161is 965\/\u00f836 mm; Keturios eil\u0117s noragu su nuimamais sparneliais CX (pjovimas 370 mm); \u0160oniniai noragai su atmu\u0161\u0117jais; Reguliuojamos lyginimo- vertimo l\u0117k\u0161t\u0117s 460 mm (su guminiais amortizatoriais); Vamzdinis volas diametru 600mm; Spyruoklin\u0117 apsauga su papildomu saugikliu; Laipsni\u0161kai hidrauliniu b\u016bdu reguliuojamas dirbimo gylis per vol\u0105; Sulankstomas transportavimui \u2013 hidrauli\u0161kai; Darbinis rekomenduojamas gylis 15 cm [&hellip;]\" \/>\n<meta property=\"og:url\" content=\"https:\/\/www.specagra.ee\/?product=skutikai-cross-hp\" \/>\n<meta property=\"og:site_name\" content=\"Specagra\" \/>\n<meta property=\"article:modified_time\" content=\"2022-05-27T13:41:21+00:00\" \/>\n<meta property=\"og:image\" content=\"https:\/\/specagra.ee\/wp-content\/uploads\/2020\/06\/cross-hp.jpg\" \/>\n\t<meta property=\"og:image:width\" content=\"1280\" \/>\n\t<meta property=\"og:image:height\" content=\"720\" \/>\n\t<meta property=\"og:image:type\" content=\"image\/jpeg\" \/>\n<meta name=\"twitter:card\" content=\"summary_large_image\" \/>\n<meta name=\"twitter:label1\" content=\"Est. reading time\" \/>\n\t<meta name=\"twitter:data1\" content=\"1 minut\" \/>\n<script type=\"application\/ld+json\" class=\"yoast-schema-graph\">{\"@context\":\"https:\/\/schema.org\",\"@graph\":[{\"@type\":\"WebPage\",\"@id\":\"https:\/\/www.specagra.ee\/?product=skutikai-cross-hp\",\"url\":\"https:\/\/www.specagra.ee\/?product=skutikai-cross-hp\",\"name\":\"Skutikas CROSS HP - Specagra\",\"isPartOf\":{\"@id\":\"https:\/\/www.specagra.ee\/#website\"},\"primaryImageOfPage\":{\"@id\":\"https:\/\/www.specagra.ee\/?product=skutikai-cross-hp#primaryimage\"},\"image\":{\"@id\":\"https:\/\/www.specagra.ee\/?product=skutikai-cross-hp#primaryimage\"},\"thumbnailUrl\":\"https:\/\/www.specagra.ee\/wp-content\/uploads\/2020\/06\/cross-hp.jpg\",\"datePublished\":\"2020-06-26T11:07:30+00:00\",\"dateModified\":\"2022-05-27T13:41:21+00:00\",\"breadcrumb\":{\"@id\":\"https:\/\/www.specagra.ee\/?product=skutikai-cross-hp#breadcrumb\"},\"inLanguage\":\"et\",\"potentialAction\":[{\"@type\":\"ReadAction\",\"target\":[\"https:\/\/www.specagra.ee\/?product=skutikai-cross-hp\"]}]},{\"@type\":\"ImageObject\",\"inLanguage\":\"et\",\"@id\":\"https:\/\/www.specagra.ee\/?product=skutikai-cross-hp#primaryimage\",\"url\":\"https:\/\/www.specagra.ee\/wp-content\/uploads\/2020\/06\/cross-hp.jpg\",\"contentUrl\":\"https:\/\/www.specagra.ee\/wp-content\/uploads\/2020\/06\/cross-hp.jpg\",\"width\":1280,\"height\":720,\"caption\":\"Skutikas CROSS HP\"},{\"@type\":\"BreadcrumbList\",\"@id\":\"https:\/\/www.specagra.ee\/?product=skutikai-cross-hp#breadcrumb\",\"itemListElement\":[{\"@type\":\"ListItem\",\"position\":1,\"name\":\"Home\",\"item\":\"https:\/\/www.specagra.ee\/\"},{\"@type\":\"ListItem\",\"position\":2,\"name\":\"P\u00f5llumajandustehnika ja loomakasvatus\",\"item\":\"https:\/\/specagra.ee\/?page_id=18493\"},{\"@type\":\"ListItem\",\"position\":3,\"name\":\"Skutikas CROSS HP\"}]},{\"@type\":\"WebSite\",\"@id\":\"https:\/\/www.specagra.ee\/#website\",\"url\":\"https:\/\/www.specagra.ee\/\",\"name\":\"Specagra\",\"description\":\"P\u00f5llumajandustehnika ja varuosad\",\"publisher\":{\"@id\":\"https:\/\/www.specagra.ee\/#organization\"},\"potentialAction\":[{\"@type\":\"SearchAction\",\"target\":{\"@type\":\"EntryPoint\",\"urlTemplate\":\"https:\/\/www.specagra.ee\/?s={search_term_string}\"},\"query-input\":{\"@type\":\"PropertyValueSpecification\",\"valueRequired\":true,\"valueName\":\"search_term_string\"}}],\"inLanguage\":\"et\"},{\"@type\":\"Organization\",\"@id\":\"https:\/\/www.specagra.ee\/#organization\",\"name\":\"UAB Specagra\",\"url\":\"https:\/\/www.specagra.ee\/\",\"logo\":{\"@type\":\"ImageObject\",\"inLanguage\":\"et\",\"@id\":\"https:\/\/www.specagra.ee\/#\/schema\/logo\/image\/\",\"url\":\"http:\/\/www.specagra.ee\/wp-content\/uploads\/2022\/02\/SP-logo_naujas-scaled.jpg\",\"contentUrl\":\"http:\/\/www.specagra.ee\/wp-content\/uploads\/2022\/02\/SP-logo_naujas-scaled.jpg\",\"width\":2560,\"height\":326,\"caption\":\"UAB Specagra\"},\"image\":{\"@id\":\"https:\/\/www.specagra.ee\/#\/schema\/logo\/image\/\"}}]}<\/script>\n<!-- \/ Yoast SEO plugin. -->","yoast_head_json":{"title":"Skutikas CROSS HP - Specagra","robots":{"index":"index","follow":"follow","max-snippet":"max-snippet:-1","max-image-preview":"max-image-preview:large","max-video-preview":"max-video-preview:-1"},"canonical":"https:\/\/www.specagra.ee\/?product=skutikai-cross-hp","og_locale":"et_EE","og_type":"article","og_title":"Skutikas CROSS HP - Specagra","og_description":"Standartin\u0117 komplektacija: Prikabinimo a\u0161is 965\/\u00f836 mm; Keturios eil\u0117s noragu su nuimamais sparneliais CX (pjovimas 370 mm); \u0160oniniai noragai su atmu\u0161\u0117jais; Reguliuojamos lyginimo- vertimo l\u0117k\u0161t\u0117s 460 mm (su guminiais amortizatoriais); Vamzdinis volas diametru 600mm; Spyruoklin\u0117 apsauga su papildomu saugikliu; Laipsni\u0161kai hidrauliniu b\u016bdu reguliuojamas dirbimo gylis per vol\u0105; Sulankstomas transportavimui \u2013 hidrauli\u0161kai; Darbinis rekomenduojamas gylis 15 cm [&hellip;]","og_url":"https:\/\/www.specagra.ee\/?product=skutikai-cross-hp","og_site_name":"Specagra","article_modified_time":"2022-05-27T13:41:21+00:00","og_image":[{"width":1280,"height":720,"url":"https:\/\/specagra.ee\/wp-content\/uploads\/2020\/06\/cross-hp.jpg","type":"image\/jpeg"}],"twitter_card":"summary_large_image","twitter_misc":{"Est. reading time":"1 minut"},"schema":{"@context":"https:\/\/schema.org","@graph":[{"@type":"WebPage","@id":"https:\/\/www.specagra.ee\/?product=skutikai-cross-hp","url":"https:\/\/www.specagra.ee\/?product=skutikai-cross-hp","name":"Skutikas CROSS HP - Specagra","isPartOf":{"@id":"https:\/\/www.specagra.ee\/#website"},"primaryImageOfPage":{"@id":"https:\/\/www.specagra.ee\/?product=skutikai-cross-hp#primaryimage"},"image":{"@id":"https:\/\/www.specagra.ee\/?product=skutikai-cross-hp#primaryimage"},"thumbnailUrl":"https:\/\/www.specagra.ee\/wp-content\/uploads\/2020\/06\/cross-hp.jpg","datePublished":"2020-06-26T11:07:30+00:00","dateModified":"2022-05-27T13:41:21+00:00","breadcrumb":{"@id":"https:\/\/www.specagra.ee\/?product=skutikai-cross-hp#breadcrumb"},"inLanguage":"et","potentialAction":[{"@type":"ReadAction","target":["https:\/\/www.specagra.ee\/?product=skutikai-cross-hp"]}]},{"@type":"ImageObject","inLanguage":"et","@id":"https:\/\/www.specagra.ee\/?product=skutikai-cross-hp#primaryimage","url":"https:\/\/www.specagra.ee\/wp-content\/uploads\/2020\/06\/cross-hp.jpg","contentUrl":"https:\/\/www.specagra.ee\/wp-content\/uploads\/2020\/06\/cross-hp.jpg","width":1280,"height":720,"caption":"Skutikas CROSS HP"},{"@type":"BreadcrumbList","@id":"https:\/\/www.specagra.ee\/?product=skutikai-cross-hp#breadcrumb","itemListElement":[{"@type":"ListItem","position":1,"name":"Home","item":"https:\/\/www.specagra.ee\/"},{"@type":"ListItem","position":2,"name":"P\u00f5llumajandustehnika ja loomakasvatus","item":"https:\/\/specagra.ee\/?page_id=18493"},{"@type":"ListItem","position":3,"name":"Skutikas CROSS HP"}]},{"@type":"WebSite","@id":"https:\/\/www.specagra.ee\/#website","url":"https:\/\/www.specagra.ee\/","name":"Specagra","description":"P\u00f5llumajandustehnika ja varuosad","publisher":{"@id":"https:\/\/www.specagra.ee\/#organization"},"potentialAction":[{"@type":"SearchAction","target":{"@type":"EntryPoint","urlTemplate":"https:\/\/www.specagra.ee\/?s={search_term_string}"},"query-input":{"@type":"PropertyValueSpecification","valueRequired":true,"valueName":"search_term_string"}}],"inLanguage":"et"},{"@type":"Organization","@id":"https:\/\/www.specagra.ee\/#organization","name":"UAB Specagra","url":"https:\/\/www.specagra.ee\/","logo":{"@type":"ImageObject","inLanguage":"et","@id":"https:\/\/www.specagra.ee\/#\/schema\/logo\/image\/","url":"http:\/\/www.specagra.ee\/wp-content\/uploads\/2022\/02\/SP-logo_naujas-scaled.jpg","contentUrl":"http:\/\/www.specagra.ee\/wp-content\/uploads\/2022\/02\/SP-logo_naujas-scaled.jpg","width":2560,"height":326,"caption":"UAB Specagra"},"image":{"@id":"https:\/\/www.specagra.ee\/#\/schema\/logo\/image\/"}}]}},"_links":{"self":[{"href":"https:\/\/www.specagra.ee\/index.php?rest_route=\/wp\/v2\/product\/2882","targetHints":{"allow":["GET"]}}],"collection":[{"href":"https:\/\/www.specagra.ee\/index.php?rest_route=\/wp\/v2\/product"}],"about":[{"href":"https:\/\/www.specagra.ee\/index.php?rest_route=\/wp\/v2\/types\/product"}],"wp:featuredmedia":[{"embeddable":true,"href":"https:\/\/www.specagra.ee\/index.php?rest_route=\/wp\/v2\/media\/17482"}],"wp:attachment":[{"href":"https:\/\/www.specagra.ee\/index.php?rest_route=%2Fwp%2Fv2%2Fmedia&parent=2882"}],"wp:term":[{"taxonomy":"product_brand","embeddable":true,"href":"https:\/\/www.specagra.ee\/index.php?rest_route=%2Fwp%2Fv2%2Fproduct_brand&post=2882"},{"taxonomy":"product_cat","embeddable":true,"href":"https:\/\/www.specagra.ee\/index.php?rest_route=%2Fwp%2Fv2%2Fproduct_cat&post=2882"},{"taxonomy":"product_tag","embeddable":true,"href":"https:\/\/www.specagra.ee\/index.php?rest_route=%2Fwp%2Fv2%2Fproduct_tag&post=2882"}],"curies":[{"name":"wp","href":"https:\/\/api.w.org\/{rel}","templated":true}]}}