{"id":2860,"date":"2020-06-26T08:48:33","date_gmt":"2020-06-26T10:48:33","guid":{"rendered":"https:\/\/www.specagra.ee.nemokamossvetaines.hostingas.lt\/?post_type=product&#038;p=2860"},"modified":"2024-12-17T12:32:03","modified_gmt":"2024-12-17T14:32:03","slug":"skutikai-front-c-tl","status":"publish","type":"product","link":"https:\/\/www.specagra.ee\/?product=skutikai-front-c-tl","title":{"rendered":"Skutikas FRONT C\/TL"},"content":{"rendered":"<p>Komplektacija\u00a0<strong>FRONT C<\/strong>\u00a0:<\/p>\n<ul>\n<li>Pakabinimo a\u0161is diam. 60-825\/28;<\/li>\n<li>Dvi eil\u0117s l\u0117k\u0161\u010di\u0173 \u201eLANKSTYTOS\u201c diametras 560 mm.<\/li>\n<\/ul>\n<p>Komplektacija\u00a0<strong>FRONT TL<\/strong>\u00a0:<\/p>\n<ul>\n<li>Pakabinimo a\u0161is diam. 60-825\/28;<\/li>\n<li>Dvi eil\u0117s l\u0117k\u0161\u010di\u0173 \u201eCLASSIC\u201c diametras 460 mm., su gumini\u0173 amortizatori\u0173 apsauga.<\/li>\n<\/ul>\n<p>Papildoma komplektacija :<\/p>\n<ul>\n<li>Svoriai ( 8 x35 kg) FRONT C;<\/li>\n<li>Atraminiai ratai FRONT TL;<\/li>\n<li>Deflektoriai FRONT TL;<\/li>\n<li>\u017dibintai<\/li>\n<\/ul>\n","protected":false},"excerpt":{"rendered":"<p>Komplektacija\u00a0FRONT C\u00a0: Pakabinimo a\u0161is diam. 60-825\/28; Dvi eil\u0117s l\u0117k\u0161\u010di\u0173 \u201eLANKSTYTOS\u201c diametras 560 mm. Komplektacija\u00a0FRONT TL\u00a0: Pakabinimo a\u0161is diam. 60-825\/28; Dvi eil\u0117s l\u0117k\u0161\u010di\u0173 \u201eCLASSIC\u201c diametras 460 mm., su gumini\u0173 amortizatori\u0173 apsauga. Papildoma komplektacija : Svoriai ( 8 x35 kg) FRONT C; Atraminiai ratai FRONT TL; Deflektoriai FRONT TL; \u017dibintai<\/p>\n","protected":false},"featured_media":43344,"template":"","meta":{"_et_pb_use_builder":"","_et_pb_old_content":"","_et_gb_content_width":""},"product_brand":[],"product_cat":[38],"product_tag":[],"class_list":{"0":"post-2860","1":"product","2":"type-product","3":"status-publish","4":"has-post-thumbnail","6":"product_cat-ketaskultivaator","8":"first","9":"instock","10":"shipping-taxable","11":"product-type-simple"},"yoast_head":"<!-- This site is optimized with the Yoast SEO plugin v26.4 - https:\/\/yoast.com\/wordpress\/plugins\/seo\/ -->\n<title>Skutikas FRONT C\/TL - Specagra<\/title>\n<meta name=\"robots\" content=\"index, follow, max-snippet:-1, max-image-preview:large, max-video-preview:-1\" \/>\n<link rel=\"canonical\" href=\"https:\/\/www.specagra.ee\/?product=skutikai-front-c-tl\" \/>\n<meta property=\"og:locale\" content=\"et_EE\" \/>\n<meta property=\"og:type\" content=\"article\" \/>\n<meta property=\"og:title\" content=\"Skutikas FRONT C\/TL - Specagra\" \/>\n<meta property=\"og:description\" content=\"Komplektacija\u00a0FRONT C\u00a0: Pakabinimo a\u0161is diam. 60-825\/28; Dvi eil\u0117s l\u0117k\u0161\u010di\u0173 \u201eLANKSTYTOS\u201c diametras 560 mm. Komplektacija\u00a0FRONT TL\u00a0: Pakabinimo a\u0161is diam. 60-825\/28; Dvi eil\u0117s l\u0117k\u0161\u010di\u0173 \u201eCLASSIC\u201c diametras 460 mm., su gumini\u0173 amortizatori\u0173 apsauga. Papildoma komplektacija : Svoriai ( 8 x35 kg) FRONT C; Atraminiai ratai FRONT TL; Deflektoriai FRONT TL; \u017dibintai\" \/>\n<meta property=\"og:url\" content=\"https:\/\/www.specagra.ee\/?product=skutikai-front-c-tl\" \/>\n<meta property=\"og:site_name\" content=\"Specagra\" \/>\n<meta property=\"article:modified_time\" content=\"2024-12-17T14:32:03+00:00\" \/>\n<meta property=\"og:image\" content=\"https:\/\/www.specagra.ee\/wp-content\/uploads\/2020\/06\/Skutikas-FRONT-CTL.jpg\" \/>\n\t<meta property=\"og:image:width\" content=\"896\" \/>\n\t<meta property=\"og:image:height\" content=\"503\" \/>\n\t<meta property=\"og:image:type\" content=\"image\/jpeg\" \/>\n<meta name=\"twitter:card\" content=\"summary_large_image\" \/>\n<meta name=\"twitter:label1\" content=\"Est. reading time\" \/>\n\t<meta name=\"twitter:data1\" content=\"1 minut\" \/>\n<script type=\"application\/ld+json\" class=\"yoast-schema-graph\">{\"@context\":\"https:\/\/schema.org\",\"@graph\":[{\"@type\":\"WebPage\",\"@id\":\"https:\/\/www.specagra.ee\/?product=skutikai-front-c-tl\",\"url\":\"https:\/\/www.specagra.ee\/?product=skutikai-front-c-tl\",\"name\":\"Skutikas FRONT C\/TL - Specagra\",\"isPartOf\":{\"@id\":\"https:\/\/www.specagra.ee\/#website\"},\"primaryImageOfPage\":{\"@id\":\"https:\/\/www.specagra.ee\/?product=skutikai-front-c-tl#primaryimage\"},\"image\":{\"@id\":\"https:\/\/www.specagra.ee\/?product=skutikai-front-c-tl#primaryimage\"},\"thumbnailUrl\":\"https:\/\/www.specagra.ee\/wp-content\/uploads\/2020\/06\/Skutikas-FRONT-CTL.jpg\",\"datePublished\":\"2020-06-26T10:48:33+00:00\",\"dateModified\":\"2024-12-17T14:32:03+00:00\",\"breadcrumb\":{\"@id\":\"https:\/\/www.specagra.ee\/?product=skutikai-front-c-tl#breadcrumb\"},\"inLanguage\":\"et\",\"potentialAction\":[{\"@type\":\"ReadAction\",\"target\":[\"https:\/\/www.specagra.ee\/?product=skutikai-front-c-tl\"]}]},{\"@type\":\"ImageObject\",\"inLanguage\":\"et\",\"@id\":\"https:\/\/www.specagra.ee\/?product=skutikai-front-c-tl#primaryimage\",\"url\":\"https:\/\/www.specagra.ee\/wp-content\/uploads\/2020\/06\/Skutikas-FRONT-CTL.jpg\",\"contentUrl\":\"https:\/\/www.specagra.ee\/wp-content\/uploads\/2020\/06\/Skutikas-FRONT-CTL.jpg\",\"width\":896,\"height\":503},{\"@type\":\"BreadcrumbList\",\"@id\":\"https:\/\/www.specagra.ee\/?product=skutikai-front-c-tl#breadcrumb\",\"itemListElement\":[{\"@type\":\"ListItem\",\"position\":1,\"name\":\"Home\",\"item\":\"https:\/\/www.specagra.ee\/\"},{\"@type\":\"ListItem\",\"position\":2,\"name\":\"P\u00f5llumajandustehnika ja loomakasvatus\",\"item\":\"https:\/\/specagra.ee\/?page_id=18493\"},{\"@type\":\"ListItem\",\"position\":3,\"name\":\"Skutikas FRONT C\/TL\"}]},{\"@type\":\"WebSite\",\"@id\":\"https:\/\/www.specagra.ee\/#website\",\"url\":\"https:\/\/www.specagra.ee\/\",\"name\":\"Specagra\",\"description\":\"P\u00f5llumajandustehnika ja varuosad\",\"publisher\":{\"@id\":\"https:\/\/www.specagra.ee\/#organization\"},\"potentialAction\":[{\"@type\":\"SearchAction\",\"target\":{\"@type\":\"EntryPoint\",\"urlTemplate\":\"https:\/\/www.specagra.ee\/?s={search_term_string}\"},\"query-input\":{\"@type\":\"PropertyValueSpecification\",\"valueRequired\":true,\"valueName\":\"search_term_string\"}}],\"inLanguage\":\"et\"},{\"@type\":\"Organization\",\"@id\":\"https:\/\/www.specagra.ee\/#organization\",\"name\":\"UAB Specagra\",\"url\":\"https:\/\/www.specagra.ee\/\",\"logo\":{\"@type\":\"ImageObject\",\"inLanguage\":\"et\",\"@id\":\"https:\/\/www.specagra.ee\/#\/schema\/logo\/image\/\",\"url\":\"http:\/\/www.specagra.ee\/wp-content\/uploads\/2022\/02\/SP-logo_naujas-scaled.jpg\",\"contentUrl\":\"http:\/\/www.specagra.ee\/wp-content\/uploads\/2022\/02\/SP-logo_naujas-scaled.jpg\",\"width\":2560,\"height\":326,\"caption\":\"UAB Specagra\"},\"image\":{\"@id\":\"https:\/\/www.specagra.ee\/#\/schema\/logo\/image\/\"}}]}<\/script>\n<!-- \/ Yoast SEO plugin. -->","yoast_head_json":{"title":"Skutikas FRONT C\/TL - Specagra","robots":{"index":"index","follow":"follow","max-snippet":"max-snippet:-1","max-image-preview":"max-image-preview:large","max-video-preview":"max-video-preview:-1"},"canonical":"https:\/\/www.specagra.ee\/?product=skutikai-front-c-tl","og_locale":"et_EE","og_type":"article","og_title":"Skutikas FRONT C\/TL - Specagra","og_description":"Komplektacija\u00a0FRONT C\u00a0: Pakabinimo a\u0161is diam. 60-825\/28; Dvi eil\u0117s l\u0117k\u0161\u010di\u0173 \u201eLANKSTYTOS\u201c diametras 560 mm. Komplektacija\u00a0FRONT TL\u00a0: Pakabinimo a\u0161is diam. 60-825\/28; Dvi eil\u0117s l\u0117k\u0161\u010di\u0173 \u201eCLASSIC\u201c diametras 460 mm., su gumini\u0173 amortizatori\u0173 apsauga. Papildoma komplektacija : Svoriai ( 8 x35 kg) FRONT C; Atraminiai ratai FRONT TL; Deflektoriai FRONT TL; \u017dibintai","og_url":"https:\/\/www.specagra.ee\/?product=skutikai-front-c-tl","og_site_name":"Specagra","article_modified_time":"2024-12-17T14:32:03+00:00","og_image":[{"width":896,"height":503,"url":"https:\/\/www.specagra.ee\/wp-content\/uploads\/2020\/06\/Skutikas-FRONT-CTL.jpg","type":"image\/jpeg"}],"twitter_card":"summary_large_image","twitter_misc":{"Est. reading time":"1 minut"},"schema":{"@context":"https:\/\/schema.org","@graph":[{"@type":"WebPage","@id":"https:\/\/www.specagra.ee\/?product=skutikai-front-c-tl","url":"https:\/\/www.specagra.ee\/?product=skutikai-front-c-tl","name":"Skutikas FRONT C\/TL - Specagra","isPartOf":{"@id":"https:\/\/www.specagra.ee\/#website"},"primaryImageOfPage":{"@id":"https:\/\/www.specagra.ee\/?product=skutikai-front-c-tl#primaryimage"},"image":{"@id":"https:\/\/www.specagra.ee\/?product=skutikai-front-c-tl#primaryimage"},"thumbnailUrl":"https:\/\/www.specagra.ee\/wp-content\/uploads\/2020\/06\/Skutikas-FRONT-CTL.jpg","datePublished":"2020-06-26T10:48:33+00:00","dateModified":"2024-12-17T14:32:03+00:00","breadcrumb":{"@id":"https:\/\/www.specagra.ee\/?product=skutikai-front-c-tl#breadcrumb"},"inLanguage":"et","potentialAction":[{"@type":"ReadAction","target":["https:\/\/www.specagra.ee\/?product=skutikai-front-c-tl"]}]},{"@type":"ImageObject","inLanguage":"et","@id":"https:\/\/www.specagra.ee\/?product=skutikai-front-c-tl#primaryimage","url":"https:\/\/www.specagra.ee\/wp-content\/uploads\/2020\/06\/Skutikas-FRONT-CTL.jpg","contentUrl":"https:\/\/www.specagra.ee\/wp-content\/uploads\/2020\/06\/Skutikas-FRONT-CTL.jpg","width":896,"height":503},{"@type":"BreadcrumbList","@id":"https:\/\/www.specagra.ee\/?product=skutikai-front-c-tl#breadcrumb","itemListElement":[{"@type":"ListItem","position":1,"name":"Home","item":"https:\/\/www.specagra.ee\/"},{"@type":"ListItem","position":2,"name":"P\u00f5llumajandustehnika ja loomakasvatus","item":"https:\/\/specagra.ee\/?page_id=18493"},{"@type":"ListItem","position":3,"name":"Skutikas FRONT C\/TL"}]},{"@type":"WebSite","@id":"https:\/\/www.specagra.ee\/#website","url":"https:\/\/www.specagra.ee\/","name":"Specagra","description":"P\u00f5llumajandustehnika ja varuosad","publisher":{"@id":"https:\/\/www.specagra.ee\/#organization"},"potentialAction":[{"@type":"SearchAction","target":{"@type":"EntryPoint","urlTemplate":"https:\/\/www.specagra.ee\/?s={search_term_string}"},"query-input":{"@type":"PropertyValueSpecification","valueRequired":true,"valueName":"search_term_string"}}],"inLanguage":"et"},{"@type":"Organization","@id":"https:\/\/www.specagra.ee\/#organization","name":"UAB Specagra","url":"https:\/\/www.specagra.ee\/","logo":{"@type":"ImageObject","inLanguage":"et","@id":"https:\/\/www.specagra.ee\/#\/schema\/logo\/image\/","url":"http:\/\/www.specagra.ee\/wp-content\/uploads\/2022\/02\/SP-logo_naujas-scaled.jpg","contentUrl":"http:\/\/www.specagra.ee\/wp-content\/uploads\/2022\/02\/SP-logo_naujas-scaled.jpg","width":2560,"height":326,"caption":"UAB Specagra"},"image":{"@id":"https:\/\/www.specagra.ee\/#\/schema\/logo\/image\/"}}]}},"_links":{"self":[{"href":"https:\/\/www.specagra.ee\/index.php?rest_route=\/wp\/v2\/product\/2860","targetHints":{"allow":["GET"]}}],"collection":[{"href":"https:\/\/www.specagra.ee\/index.php?rest_route=\/wp\/v2\/product"}],"about":[{"href":"https:\/\/www.specagra.ee\/index.php?rest_route=\/wp\/v2\/types\/product"}],"wp:featuredmedia":[{"embeddable":true,"href":"https:\/\/www.specagra.ee\/index.php?rest_route=\/wp\/v2\/media\/43344"}],"wp:attachment":[{"href":"https:\/\/www.specagra.ee\/index.php?rest_route=%2Fwp%2Fv2%2Fmedia&parent=2860"}],"wp:term":[{"taxonomy":"product_brand","embeddable":true,"href":"https:\/\/www.specagra.ee\/index.php?rest_route=%2Fwp%2Fv2%2Fproduct_brand&post=2860"},{"taxonomy":"product_cat","embeddable":true,"href":"https:\/\/www.specagra.ee\/index.php?rest_route=%2Fwp%2Fv2%2Fproduct_cat&post=2860"},{"taxonomy":"product_tag","embeddable":true,"href":"https:\/\/www.specagra.ee\/index.php?rest_route=%2Fwp%2Fv2%2Fproduct_tag&post=2860"}],"curies":[{"name":"wp","href":"https:\/\/api.w.org\/{rel}","templated":true}]}}