{"id":2824,"date":"2020-06-26T08:33:43","date_gmt":"2020-06-26T10:33:43","guid":{"rendered":"https:\/\/www.specagra.ee.nemokamossvetaines.hostingas.lt\/?post_type=product&#038;p=2824"},"modified":"2024-12-17T12:57:49","modified_gmt":"2024-12-17T14:57:49","slug":"skutikai-ares-xla","status":"publish","type":"product","link":"https:\/\/www.specagra.ee\/?product=skutikai-ares-xla","title":{"rendered":"Skutikas ARES XLA"},"content":{"rendered":"<p>STANDARTIN\u0116 KOMPLEKTACIJA :<\/p>\n<ul>\n<li>Pakabinimo a\u0161is 70-825\/36;<\/li>\n<li>Dvi eil\u0117s l\u0117k\u0161\u010di\u0173 CLASSIC 560\/4 su gumini\u0173 amortizatori\u0173 apsauga;<\/li>\n<li>Kei\u010diama ,neaptarnaujama guoliaviet\u0117;<\/li>\n<li>Standus r\u0117mas (3-4);<\/li>\n<li>Hidrauli\u0161kai sulankstomas r\u0117mas (H 4,5-H7,5);<\/li>\n<li>\u012eterp\u0117jai sumontuoti ant priekin\u0117s disk\u0173 eil\u0117s;<\/li>\n<\/ul>\n<p>PAPILDOMA KOMPLEKTACIJA:<\/p>\n<ul>\n<li>Vamzdinis volas ( diametras 600 mm);<\/li>\n<li>Volo tvirtinimo konstrukcija;<\/li>\n<li>AGRESSIVE 560\/4 mm l\u0117k\u0161t\u0117s;<\/li>\n<li>Ak\u0117t\u0117l\u0117s;<\/li>\n<li>\u0160oniniai deflektoriai;<\/li>\n<li>Atraminiai priekiniai ratai;<\/li>\n<li>Dozatorius Dosimat LVX (3\/3,5\/4);<\/li>\n<li>Dozatorius Exa Cutr ECL (H4,5\/H6\/H7,5);<\/li>\n<li>\u017dibintai;<\/li>\n<\/ul>\n","protected":false},"excerpt":{"rendered":"<p>STANDARTIN\u0116 KOMPLEKTACIJA : Pakabinimo a\u0161is 70-825\/36; Dvi eil\u0117s l\u0117k\u0161\u010di\u0173 CLASSIC 560\/4 su gumini\u0173 amortizatori\u0173 apsauga; Kei\u010diama ,neaptarnaujama guoliaviet\u0117; Standus r\u0117mas (3-4); Hidrauli\u0161kai sulankstomas r\u0117mas (H 4,5-H7,5); \u012eterp\u0117jai sumontuoti ant priekin\u0117s disk\u0173 eil\u0117s; PAPILDOMA KOMPLEKTACIJA: Vamzdinis volas ( diametras 600 mm); Volo tvirtinimo konstrukcija; AGRESSIVE 560\/4 mm l\u0117k\u0161t\u0117s; Ak\u0117t\u0117l\u0117s; \u0160oniniai deflektoriai; Atraminiai priekiniai ratai; Dozatorius Dosimat [&hellip;]<\/p>\n","protected":false},"featured_media":43349,"template":"","meta":{"_et_pb_use_builder":"","_et_pb_old_content":"","_et_gb_content_width":""},"product_brand":[],"product_cat":[37,38],"product_tag":[],"class_list":{"0":"post-2824","1":"product","2":"type-product","3":"status-publish","4":"has-post-thumbnail","6":"product_cat-kobestid","7":"product_cat-ketaskultivaator","9":"first","10":"instock","11":"shipping-taxable","12":"product-type-simple"},"yoast_head":"<!-- This site is optimized with the Yoast SEO plugin v26.4 - https:\/\/yoast.com\/wordpress\/plugins\/seo\/ -->\n<title>Skutikas ARES XLA - Specagra<\/title>\n<meta name=\"robots\" content=\"index, follow, max-snippet:-1, max-image-preview:large, max-video-preview:-1\" \/>\n<link rel=\"canonical\" href=\"https:\/\/www.specagra.ee\/?product=skutikai-ares-xla\" \/>\n<meta property=\"og:locale\" content=\"et_EE\" \/>\n<meta property=\"og:type\" content=\"article\" \/>\n<meta property=\"og:title\" content=\"Skutikas ARES XLA - Specagra\" \/>\n<meta property=\"og:description\" content=\"STANDARTIN\u0116 KOMPLEKTACIJA : Pakabinimo a\u0161is 70-825\/36; Dvi eil\u0117s l\u0117k\u0161\u010di\u0173 CLASSIC 560\/4 su gumini\u0173 amortizatori\u0173 apsauga; Kei\u010diama ,neaptarnaujama guoliaviet\u0117; Standus r\u0117mas (3-4); Hidrauli\u0161kai sulankstomas r\u0117mas (H 4,5-H7,5); \u012eterp\u0117jai sumontuoti ant priekin\u0117s disk\u0173 eil\u0117s; PAPILDOMA KOMPLEKTACIJA: Vamzdinis volas ( diametras 600 mm); Volo tvirtinimo konstrukcija; AGRESSIVE 560\/4 mm l\u0117k\u0161t\u0117s; Ak\u0117t\u0117l\u0117s; \u0160oniniai deflektoriai; Atraminiai priekiniai ratai; Dozatorius Dosimat [&hellip;]\" \/>\n<meta property=\"og:url\" content=\"https:\/\/www.specagra.ee\/?product=skutikai-ares-xla\" \/>\n<meta property=\"og:site_name\" content=\"Specagra\" \/>\n<meta property=\"article:modified_time\" content=\"2024-12-17T14:57:49+00:00\" \/>\n<meta property=\"og:image\" content=\"https:\/\/www.specagra.ee\/wp-content\/uploads\/2020\/06\/Skutikas-ARES-XLA.jpg\" \/>\n\t<meta property=\"og:image:width\" content=\"896\" \/>\n\t<meta property=\"og:image:height\" content=\"503\" \/>\n\t<meta property=\"og:image:type\" content=\"image\/jpeg\" \/>\n<meta name=\"twitter:card\" content=\"summary_large_image\" \/>\n<meta name=\"twitter:label1\" content=\"Est. reading time\" \/>\n\t<meta name=\"twitter:data1\" content=\"1 minut\" \/>\n<script type=\"application\/ld+json\" class=\"yoast-schema-graph\">{\"@context\":\"https:\/\/schema.org\",\"@graph\":[{\"@type\":\"WebPage\",\"@id\":\"https:\/\/www.specagra.ee\/?product=skutikai-ares-xla\",\"url\":\"https:\/\/www.specagra.ee\/?product=skutikai-ares-xla\",\"name\":\"Skutikas ARES XLA - Specagra\",\"isPartOf\":{\"@id\":\"https:\/\/www.specagra.ee\/#website\"},\"primaryImageOfPage\":{\"@id\":\"https:\/\/www.specagra.ee\/?product=skutikai-ares-xla#primaryimage\"},\"image\":{\"@id\":\"https:\/\/www.specagra.ee\/?product=skutikai-ares-xla#primaryimage\"},\"thumbnailUrl\":\"https:\/\/www.specagra.ee\/wp-content\/uploads\/2020\/06\/Skutikas-ARES-XLA.jpg\",\"datePublished\":\"2020-06-26T10:33:43+00:00\",\"dateModified\":\"2024-12-17T14:57:49+00:00\",\"breadcrumb\":{\"@id\":\"https:\/\/www.specagra.ee\/?product=skutikai-ares-xla#breadcrumb\"},\"inLanguage\":\"et\",\"potentialAction\":[{\"@type\":\"ReadAction\",\"target\":[\"https:\/\/www.specagra.ee\/?product=skutikai-ares-xla\"]}]},{\"@type\":\"ImageObject\",\"inLanguage\":\"et\",\"@id\":\"https:\/\/www.specagra.ee\/?product=skutikai-ares-xla#primaryimage\",\"url\":\"https:\/\/www.specagra.ee\/wp-content\/uploads\/2020\/06\/Skutikas-ARES-XLA.jpg\",\"contentUrl\":\"https:\/\/www.specagra.ee\/wp-content\/uploads\/2020\/06\/Skutikas-ARES-XLA.jpg\",\"width\":896,\"height\":503},{\"@type\":\"BreadcrumbList\",\"@id\":\"https:\/\/www.specagra.ee\/?product=skutikai-ares-xla#breadcrumb\",\"itemListElement\":[{\"@type\":\"ListItem\",\"position\":1,\"name\":\"Home\",\"item\":\"https:\/\/www.specagra.ee\/\"},{\"@type\":\"ListItem\",\"position\":2,\"name\":\"P\u00f5llumajandustehnika ja loomakasvatus\",\"item\":\"https:\/\/specagra.ee\/?page_id=18493\"},{\"@type\":\"ListItem\",\"position\":3,\"name\":\"Skutikas ARES XLA\"}]},{\"@type\":\"WebSite\",\"@id\":\"https:\/\/www.specagra.ee\/#website\",\"url\":\"https:\/\/www.specagra.ee\/\",\"name\":\"Specagra\",\"description\":\"P\u00f5llumajandustehnika ja varuosad\",\"publisher\":{\"@id\":\"https:\/\/www.specagra.ee\/#organization\"},\"potentialAction\":[{\"@type\":\"SearchAction\",\"target\":{\"@type\":\"EntryPoint\",\"urlTemplate\":\"https:\/\/www.specagra.ee\/?s={search_term_string}\"},\"query-input\":{\"@type\":\"PropertyValueSpecification\",\"valueRequired\":true,\"valueName\":\"search_term_string\"}}],\"inLanguage\":\"et\"},{\"@type\":\"Organization\",\"@id\":\"https:\/\/www.specagra.ee\/#organization\",\"name\":\"UAB Specagra\",\"url\":\"https:\/\/www.specagra.ee\/\",\"logo\":{\"@type\":\"ImageObject\",\"inLanguage\":\"et\",\"@id\":\"https:\/\/www.specagra.ee\/#\/schema\/logo\/image\/\",\"url\":\"http:\/\/www.specagra.ee\/wp-content\/uploads\/2022\/02\/SP-logo_naujas-scaled.jpg\",\"contentUrl\":\"http:\/\/www.specagra.ee\/wp-content\/uploads\/2022\/02\/SP-logo_naujas-scaled.jpg\",\"width\":2560,\"height\":326,\"caption\":\"UAB Specagra\"},\"image\":{\"@id\":\"https:\/\/www.specagra.ee\/#\/schema\/logo\/image\/\"}}]}<\/script>\n<!-- \/ Yoast SEO plugin. -->","yoast_head_json":{"title":"Skutikas ARES XLA - Specagra","robots":{"index":"index","follow":"follow","max-snippet":"max-snippet:-1","max-image-preview":"max-image-preview:large","max-video-preview":"max-video-preview:-1"},"canonical":"https:\/\/www.specagra.ee\/?product=skutikai-ares-xla","og_locale":"et_EE","og_type":"article","og_title":"Skutikas ARES XLA - Specagra","og_description":"STANDARTIN\u0116 KOMPLEKTACIJA : Pakabinimo a\u0161is 70-825\/36; Dvi eil\u0117s l\u0117k\u0161\u010di\u0173 CLASSIC 560\/4 su gumini\u0173 amortizatori\u0173 apsauga; Kei\u010diama ,neaptarnaujama guoliaviet\u0117; Standus r\u0117mas (3-4); Hidrauli\u0161kai sulankstomas r\u0117mas (H 4,5-H7,5); \u012eterp\u0117jai sumontuoti ant priekin\u0117s disk\u0173 eil\u0117s; PAPILDOMA KOMPLEKTACIJA: Vamzdinis volas ( diametras 600 mm); Volo tvirtinimo konstrukcija; AGRESSIVE 560\/4 mm l\u0117k\u0161t\u0117s; Ak\u0117t\u0117l\u0117s; \u0160oniniai deflektoriai; Atraminiai priekiniai ratai; Dozatorius Dosimat [&hellip;]","og_url":"https:\/\/www.specagra.ee\/?product=skutikai-ares-xla","og_site_name":"Specagra","article_modified_time":"2024-12-17T14:57:49+00:00","og_image":[{"width":896,"height":503,"url":"https:\/\/www.specagra.ee\/wp-content\/uploads\/2020\/06\/Skutikas-ARES-XLA.jpg","type":"image\/jpeg"}],"twitter_card":"summary_large_image","twitter_misc":{"Est. reading time":"1 minut"},"schema":{"@context":"https:\/\/schema.org","@graph":[{"@type":"WebPage","@id":"https:\/\/www.specagra.ee\/?product=skutikai-ares-xla","url":"https:\/\/www.specagra.ee\/?product=skutikai-ares-xla","name":"Skutikas ARES XLA - Specagra","isPartOf":{"@id":"https:\/\/www.specagra.ee\/#website"},"primaryImageOfPage":{"@id":"https:\/\/www.specagra.ee\/?product=skutikai-ares-xla#primaryimage"},"image":{"@id":"https:\/\/www.specagra.ee\/?product=skutikai-ares-xla#primaryimage"},"thumbnailUrl":"https:\/\/www.specagra.ee\/wp-content\/uploads\/2020\/06\/Skutikas-ARES-XLA.jpg","datePublished":"2020-06-26T10:33:43+00:00","dateModified":"2024-12-17T14:57:49+00:00","breadcrumb":{"@id":"https:\/\/www.specagra.ee\/?product=skutikai-ares-xla#breadcrumb"},"inLanguage":"et","potentialAction":[{"@type":"ReadAction","target":["https:\/\/www.specagra.ee\/?product=skutikai-ares-xla"]}]},{"@type":"ImageObject","inLanguage":"et","@id":"https:\/\/www.specagra.ee\/?product=skutikai-ares-xla#primaryimage","url":"https:\/\/www.specagra.ee\/wp-content\/uploads\/2020\/06\/Skutikas-ARES-XLA.jpg","contentUrl":"https:\/\/www.specagra.ee\/wp-content\/uploads\/2020\/06\/Skutikas-ARES-XLA.jpg","width":896,"height":503},{"@type":"BreadcrumbList","@id":"https:\/\/www.specagra.ee\/?product=skutikai-ares-xla#breadcrumb","itemListElement":[{"@type":"ListItem","position":1,"name":"Home","item":"https:\/\/www.specagra.ee\/"},{"@type":"ListItem","position":2,"name":"P\u00f5llumajandustehnika ja loomakasvatus","item":"https:\/\/specagra.ee\/?page_id=18493"},{"@type":"ListItem","position":3,"name":"Skutikas ARES XLA"}]},{"@type":"WebSite","@id":"https:\/\/www.specagra.ee\/#website","url":"https:\/\/www.specagra.ee\/","name":"Specagra","description":"P\u00f5llumajandustehnika ja varuosad","publisher":{"@id":"https:\/\/www.specagra.ee\/#organization"},"potentialAction":[{"@type":"SearchAction","target":{"@type":"EntryPoint","urlTemplate":"https:\/\/www.specagra.ee\/?s={search_term_string}"},"query-input":{"@type":"PropertyValueSpecification","valueRequired":true,"valueName":"search_term_string"}}],"inLanguage":"et"},{"@type":"Organization","@id":"https:\/\/www.specagra.ee\/#organization","name":"UAB Specagra","url":"https:\/\/www.specagra.ee\/","logo":{"@type":"ImageObject","inLanguage":"et","@id":"https:\/\/www.specagra.ee\/#\/schema\/logo\/image\/","url":"http:\/\/www.specagra.ee\/wp-content\/uploads\/2022\/02\/SP-logo_naujas-scaled.jpg","contentUrl":"http:\/\/www.specagra.ee\/wp-content\/uploads\/2022\/02\/SP-logo_naujas-scaled.jpg","width":2560,"height":326,"caption":"UAB Specagra"},"image":{"@id":"https:\/\/www.specagra.ee\/#\/schema\/logo\/image\/"}}]}},"_links":{"self":[{"href":"https:\/\/www.specagra.ee\/index.php?rest_route=\/wp\/v2\/product\/2824","targetHints":{"allow":["GET"]}}],"collection":[{"href":"https:\/\/www.specagra.ee\/index.php?rest_route=\/wp\/v2\/product"}],"about":[{"href":"https:\/\/www.specagra.ee\/index.php?rest_route=\/wp\/v2\/types\/product"}],"wp:featuredmedia":[{"embeddable":true,"href":"https:\/\/www.specagra.ee\/index.php?rest_route=\/wp\/v2\/media\/43349"}],"wp:attachment":[{"href":"https:\/\/www.specagra.ee\/index.php?rest_route=%2Fwp%2Fv2%2Fmedia&parent=2824"}],"wp:term":[{"taxonomy":"product_brand","embeddable":true,"href":"https:\/\/www.specagra.ee\/index.php?rest_route=%2Fwp%2Fv2%2Fproduct_brand&post=2824"},{"taxonomy":"product_cat","embeddable":true,"href":"https:\/\/www.specagra.ee\/index.php?rest_route=%2Fwp%2Fv2%2Fproduct_cat&post=2824"},{"taxonomy":"product_tag","embeddable":true,"href":"https:\/\/www.specagra.ee\/index.php?rest_route=%2Fwp%2Fv2%2Fproduct_tag&post=2824"}],"curies":[{"name":"wp","href":"https:\/\/api.w.org\/{rel}","templated":true}]}}