{"id":2785,"date":"2020-06-26T08:14:18","date_gmt":"2020-06-26T10:14:18","guid":{"rendered":"https:\/\/www.specagra.ee.nemokamossvetaines.hostingas.lt\/?post_type=product&#038;p=2785"},"modified":"2024-12-17T12:54:24","modified_gmt":"2024-12-17T14:54:24","slug":"skutikai-ares-l-plus","status":"publish","type":"product","link":"https:\/\/www.specagra.ee\/?product=skutikai-ares-l-plus","title":{"rendered":"Skutikas ARES L PLUS"},"content":{"rendered":"<p>Komplektacija\u00a0<strong>ARES L PLUS<\/strong>\u00a0:<\/p>\n<ul>\n<li>Pakabinimo a\u0161is diam. 60-825\/28 ( ARES 2,5 \/ 3,0);<\/li>\n<li>Pakabinimo a\u0161is diam. 60-825\/36 mm ( ARES 3,5 \/ 4,0);<\/li>\n<li>Dvi eil\u0117s l\u0117k\u0161\u010di\u0173 \u201eCLASSIC\u201c;<\/li>\n<li>L\u0117k\u0161\u010di\u0173 diametras : 560\/4 mm;<\/li>\n<li>Apsauga \u00a0gumuoti trikampiai amortizatoriai;<\/li>\n<li>Vamzdelinis volas ( diametras 500 mm);<\/li>\n<li>Mechaninis gylio reguliavimas;<\/li>\n<li>Neaptarnaujama kei\u010diama guoliaviet\u0117;<\/li>\n<\/ul>\n<p>Papildoma \u012franga:<\/p>\n<ul>\n<li>L\u0117k\u0161\u010di\u0173 komplektas \u201eAGRESSIVE\u201c;<\/li>\n<li>Deflektori\u0173 komplektas;<\/li>\n<li>S\u0117jamosios pakaba;<\/li>\n<li>Transpotravimo \u017eibintai;<\/li>\n<li>Volai : PACKER 500 \/ GUMUOTAS 500 mm<\/li>\n<\/ul>\n","protected":false},"excerpt":{"rendered":"<p>Komplektacija\u00a0ARES L PLUS\u00a0: Pakabinimo a\u0161is diam. 60-825\/28 ( ARES 2,5 \/ 3,0); Pakabinimo a\u0161is diam. 60-825\/36 mm ( ARES 3,5 \/ 4,0); Dvi eil\u0117s l\u0117k\u0161\u010di\u0173 \u201eCLASSIC\u201c; L\u0117k\u0161\u010di\u0173 diametras : 560\/4 mm; Apsauga \u00a0gumuoti trikampiai amortizatoriai; Vamzdelinis volas ( diametras 500 mm); Mechaninis gylio reguliavimas; Neaptarnaujama kei\u010diama guoliaviet\u0117; Papildoma \u012franga: L\u0117k\u0161\u010di\u0173 komplektas \u201eAGRESSIVE\u201c; Deflektori\u0173 komplektas; S\u0117jamosios [&hellip;]<\/p>\n","protected":false},"featured_media":43346,"template":"","meta":{"_et_pb_use_builder":"","_et_pb_old_content":"","_et_gb_content_width":""},"product_brand":[],"product_cat":[37,38],"product_tag":[],"class_list":{"0":"post-2785","1":"product","2":"type-product","3":"status-publish","4":"has-post-thumbnail","6":"product_cat-kobestid","7":"product_cat-ketaskultivaator","9":"first","10":"instock","11":"shipping-taxable","12":"product-type-simple"},"yoast_head":"<!-- This site is optimized with the Yoast SEO plugin v26.4 - https:\/\/yoast.com\/wordpress\/plugins\/seo\/ -->\n<title>Skutikas ARES L PLUS - Specagra<\/title>\n<meta name=\"robots\" content=\"index, follow, max-snippet:-1, max-image-preview:large, max-video-preview:-1\" \/>\n<link rel=\"canonical\" href=\"https:\/\/www.specagra.ee\/?product=skutikai-ares-l-plus\" \/>\n<meta property=\"og:locale\" content=\"et_EE\" \/>\n<meta property=\"og:type\" content=\"article\" \/>\n<meta property=\"og:title\" content=\"Skutikas ARES L PLUS - Specagra\" \/>\n<meta property=\"og:description\" content=\"Komplektacija\u00a0ARES L PLUS\u00a0: Pakabinimo a\u0161is diam. 60-825\/28 ( ARES 2,5 \/ 3,0); Pakabinimo a\u0161is diam. 60-825\/36 mm ( ARES 3,5 \/ 4,0); Dvi eil\u0117s l\u0117k\u0161\u010di\u0173 \u201eCLASSIC\u201c; L\u0117k\u0161\u010di\u0173 diametras : 560\/4 mm; Apsauga \u00a0gumuoti trikampiai amortizatoriai; Vamzdelinis volas ( diametras 500 mm); Mechaninis gylio reguliavimas; Neaptarnaujama kei\u010diama guoliaviet\u0117; Papildoma \u012franga: L\u0117k\u0161\u010di\u0173 komplektas \u201eAGRESSIVE\u201c; Deflektori\u0173 komplektas; S\u0117jamosios [&hellip;]\" \/>\n<meta property=\"og:url\" content=\"https:\/\/www.specagra.ee\/?product=skutikai-ares-l-plus\" \/>\n<meta property=\"og:site_name\" content=\"Specagra\" \/>\n<meta property=\"article:modified_time\" content=\"2024-12-17T14:54:24+00:00\" \/>\n<meta property=\"og:image\" content=\"https:\/\/specagra.ee\/wp-content\/uploads\/2020\/06\/Skutikas-ARES-L-PLUS.jpg\" \/>\n\t<meta property=\"og:image:width\" content=\"896\" \/>\n\t<meta property=\"og:image:height\" content=\"503\" \/>\n\t<meta property=\"og:image:type\" content=\"image\/jpeg\" \/>\n<meta name=\"twitter:card\" content=\"summary_large_image\" \/>\n<meta name=\"twitter:label1\" content=\"Est. reading time\" \/>\n\t<meta name=\"twitter:data1\" content=\"1 minut\" \/>\n<script type=\"application\/ld+json\" class=\"yoast-schema-graph\">{\"@context\":\"https:\/\/schema.org\",\"@graph\":[{\"@type\":\"WebPage\",\"@id\":\"https:\/\/www.specagra.ee\/?product=skutikai-ares-l-plus\",\"url\":\"https:\/\/www.specagra.ee\/?product=skutikai-ares-l-plus\",\"name\":\"Skutikas ARES L PLUS - Specagra\",\"isPartOf\":{\"@id\":\"https:\/\/www.specagra.ee\/#website\"},\"primaryImageOfPage\":{\"@id\":\"https:\/\/www.specagra.ee\/?product=skutikai-ares-l-plus#primaryimage\"},\"image\":{\"@id\":\"https:\/\/www.specagra.ee\/?product=skutikai-ares-l-plus#primaryimage\"},\"thumbnailUrl\":\"https:\/\/www.specagra.ee\/wp-content\/uploads\/2020\/06\/Skutikas-ARES-L-PLUS.jpg\",\"datePublished\":\"2020-06-26T10:14:18+00:00\",\"dateModified\":\"2024-12-17T14:54:24+00:00\",\"breadcrumb\":{\"@id\":\"https:\/\/www.specagra.ee\/?product=skutikai-ares-l-plus#breadcrumb\"},\"inLanguage\":\"et\",\"potentialAction\":[{\"@type\":\"ReadAction\",\"target\":[\"https:\/\/www.specagra.ee\/?product=skutikai-ares-l-plus\"]}]},{\"@type\":\"ImageObject\",\"inLanguage\":\"et\",\"@id\":\"https:\/\/www.specagra.ee\/?product=skutikai-ares-l-plus#primaryimage\",\"url\":\"https:\/\/www.specagra.ee\/wp-content\/uploads\/2020\/06\/Skutikas-ARES-L-PLUS.jpg\",\"contentUrl\":\"https:\/\/www.specagra.ee\/wp-content\/uploads\/2020\/06\/Skutikas-ARES-L-PLUS.jpg\",\"width\":896,\"height\":503},{\"@type\":\"BreadcrumbList\",\"@id\":\"https:\/\/www.specagra.ee\/?product=skutikai-ares-l-plus#breadcrumb\",\"itemListElement\":[{\"@type\":\"ListItem\",\"position\":1,\"name\":\"Home\",\"item\":\"https:\/\/www.specagra.ee\/\"},{\"@type\":\"ListItem\",\"position\":2,\"name\":\"P\u00f5llumajandustehnika ja loomakasvatus\",\"item\":\"https:\/\/specagra.ee\/?page_id=18493\"},{\"@type\":\"ListItem\",\"position\":3,\"name\":\"Skutikas ARES L PLUS\"}]},{\"@type\":\"WebSite\",\"@id\":\"https:\/\/www.specagra.ee\/#website\",\"url\":\"https:\/\/www.specagra.ee\/\",\"name\":\"Specagra\",\"description\":\"P\u00f5llumajandustehnika ja varuosad\",\"publisher\":{\"@id\":\"https:\/\/www.specagra.ee\/#organization\"},\"potentialAction\":[{\"@type\":\"SearchAction\",\"target\":{\"@type\":\"EntryPoint\",\"urlTemplate\":\"https:\/\/www.specagra.ee\/?s={search_term_string}\"},\"query-input\":{\"@type\":\"PropertyValueSpecification\",\"valueRequired\":true,\"valueName\":\"search_term_string\"}}],\"inLanguage\":\"et\"},{\"@type\":\"Organization\",\"@id\":\"https:\/\/www.specagra.ee\/#organization\",\"name\":\"UAB Specagra\",\"url\":\"https:\/\/www.specagra.ee\/\",\"logo\":{\"@type\":\"ImageObject\",\"inLanguage\":\"et\",\"@id\":\"https:\/\/www.specagra.ee\/#\/schema\/logo\/image\/\",\"url\":\"http:\/\/www.specagra.ee\/wp-content\/uploads\/2022\/02\/SP-logo_naujas-scaled.jpg\",\"contentUrl\":\"http:\/\/www.specagra.ee\/wp-content\/uploads\/2022\/02\/SP-logo_naujas-scaled.jpg\",\"width\":2560,\"height\":326,\"caption\":\"UAB Specagra\"},\"image\":{\"@id\":\"https:\/\/www.specagra.ee\/#\/schema\/logo\/image\/\"}}]}<\/script>\n<!-- \/ Yoast SEO plugin. -->","yoast_head_json":{"title":"Skutikas ARES L PLUS - Specagra","robots":{"index":"index","follow":"follow","max-snippet":"max-snippet:-1","max-image-preview":"max-image-preview:large","max-video-preview":"max-video-preview:-1"},"canonical":"https:\/\/www.specagra.ee\/?product=skutikai-ares-l-plus","og_locale":"et_EE","og_type":"article","og_title":"Skutikas ARES L PLUS - Specagra","og_description":"Komplektacija\u00a0ARES L PLUS\u00a0: Pakabinimo a\u0161is diam. 60-825\/28 ( ARES 2,5 \/ 3,0); Pakabinimo a\u0161is diam. 60-825\/36 mm ( ARES 3,5 \/ 4,0); Dvi eil\u0117s l\u0117k\u0161\u010di\u0173 \u201eCLASSIC\u201c; L\u0117k\u0161\u010di\u0173 diametras : 560\/4 mm; Apsauga \u00a0gumuoti trikampiai amortizatoriai; Vamzdelinis volas ( diametras 500 mm); Mechaninis gylio reguliavimas; Neaptarnaujama kei\u010diama guoliaviet\u0117; Papildoma \u012franga: L\u0117k\u0161\u010di\u0173 komplektas \u201eAGRESSIVE\u201c; Deflektori\u0173 komplektas; S\u0117jamosios [&hellip;]","og_url":"https:\/\/www.specagra.ee\/?product=skutikai-ares-l-plus","og_site_name":"Specagra","article_modified_time":"2024-12-17T14:54:24+00:00","og_image":[{"width":896,"height":503,"url":"https:\/\/specagra.ee\/wp-content\/uploads\/2020\/06\/Skutikas-ARES-L-PLUS.jpg","type":"image\/jpeg"}],"twitter_card":"summary_large_image","twitter_misc":{"Est. reading time":"1 minut"},"schema":{"@context":"https:\/\/schema.org","@graph":[{"@type":"WebPage","@id":"https:\/\/www.specagra.ee\/?product=skutikai-ares-l-plus","url":"https:\/\/www.specagra.ee\/?product=skutikai-ares-l-plus","name":"Skutikas ARES L PLUS - Specagra","isPartOf":{"@id":"https:\/\/www.specagra.ee\/#website"},"primaryImageOfPage":{"@id":"https:\/\/www.specagra.ee\/?product=skutikai-ares-l-plus#primaryimage"},"image":{"@id":"https:\/\/www.specagra.ee\/?product=skutikai-ares-l-plus#primaryimage"},"thumbnailUrl":"https:\/\/www.specagra.ee\/wp-content\/uploads\/2020\/06\/Skutikas-ARES-L-PLUS.jpg","datePublished":"2020-06-26T10:14:18+00:00","dateModified":"2024-12-17T14:54:24+00:00","breadcrumb":{"@id":"https:\/\/www.specagra.ee\/?product=skutikai-ares-l-plus#breadcrumb"},"inLanguage":"et","potentialAction":[{"@type":"ReadAction","target":["https:\/\/www.specagra.ee\/?product=skutikai-ares-l-plus"]}]},{"@type":"ImageObject","inLanguage":"et","@id":"https:\/\/www.specagra.ee\/?product=skutikai-ares-l-plus#primaryimage","url":"https:\/\/www.specagra.ee\/wp-content\/uploads\/2020\/06\/Skutikas-ARES-L-PLUS.jpg","contentUrl":"https:\/\/www.specagra.ee\/wp-content\/uploads\/2020\/06\/Skutikas-ARES-L-PLUS.jpg","width":896,"height":503},{"@type":"BreadcrumbList","@id":"https:\/\/www.specagra.ee\/?product=skutikai-ares-l-plus#breadcrumb","itemListElement":[{"@type":"ListItem","position":1,"name":"Home","item":"https:\/\/www.specagra.ee\/"},{"@type":"ListItem","position":2,"name":"P\u00f5llumajandustehnika ja loomakasvatus","item":"https:\/\/specagra.ee\/?page_id=18493"},{"@type":"ListItem","position":3,"name":"Skutikas ARES L PLUS"}]},{"@type":"WebSite","@id":"https:\/\/www.specagra.ee\/#website","url":"https:\/\/www.specagra.ee\/","name":"Specagra","description":"P\u00f5llumajandustehnika ja varuosad","publisher":{"@id":"https:\/\/www.specagra.ee\/#organization"},"potentialAction":[{"@type":"SearchAction","target":{"@type":"EntryPoint","urlTemplate":"https:\/\/www.specagra.ee\/?s={search_term_string}"},"query-input":{"@type":"PropertyValueSpecification","valueRequired":true,"valueName":"search_term_string"}}],"inLanguage":"et"},{"@type":"Organization","@id":"https:\/\/www.specagra.ee\/#organization","name":"UAB Specagra","url":"https:\/\/www.specagra.ee\/","logo":{"@type":"ImageObject","inLanguage":"et","@id":"https:\/\/www.specagra.ee\/#\/schema\/logo\/image\/","url":"http:\/\/www.specagra.ee\/wp-content\/uploads\/2022\/02\/SP-logo_naujas-scaled.jpg","contentUrl":"http:\/\/www.specagra.ee\/wp-content\/uploads\/2022\/02\/SP-logo_naujas-scaled.jpg","width":2560,"height":326,"caption":"UAB Specagra"},"image":{"@id":"https:\/\/www.specagra.ee\/#\/schema\/logo\/image\/"}}]}},"_links":{"self":[{"href":"https:\/\/www.specagra.ee\/index.php?rest_route=\/wp\/v2\/product\/2785","targetHints":{"allow":["GET"]}}],"collection":[{"href":"https:\/\/www.specagra.ee\/index.php?rest_route=\/wp\/v2\/product"}],"about":[{"href":"https:\/\/www.specagra.ee\/index.php?rest_route=\/wp\/v2\/types\/product"}],"wp:featuredmedia":[{"embeddable":true,"href":"https:\/\/www.specagra.ee\/index.php?rest_route=\/wp\/v2\/media\/43346"}],"wp:attachment":[{"href":"https:\/\/www.specagra.ee\/index.php?rest_route=%2Fwp%2Fv2%2Fmedia&parent=2785"}],"wp:term":[{"taxonomy":"product_brand","embeddable":true,"href":"https:\/\/www.specagra.ee\/index.php?rest_route=%2Fwp%2Fv2%2Fproduct_brand&post=2785"},{"taxonomy":"product_cat","embeddable":true,"href":"https:\/\/www.specagra.ee\/index.php?rest_route=%2Fwp%2Fv2%2Fproduct_cat&post=2785"},{"taxonomy":"product_tag","embeddable":true,"href":"https:\/\/www.specagra.ee\/index.php?rest_route=%2Fwp%2Fv2%2Fproduct_tag&post=2785"}],"curies":[{"name":"wp","href":"https:\/\/api.w.org\/{rel}","templated":true}]}}