{"id":27706,"date":"2023-03-24T05:27:48","date_gmt":"2023-03-24T07:27:48","guid":{"rendered":"https:\/\/www.specagra.ee\/?post_type=product&#038;p=27706"},"modified":"2023-03-24T05:38:42","modified_gmt":"2023-03-24T07:38:42","slug":"pasterizatorius-surio-katilas-sk-classic","status":"publish","type":"product","link":"https:\/\/www.specagra.ee\/?product=pasterizatorius-surio-katilas-sk-classic","title":{"rendered":"Pasterizatorius-s\u016brio katilas SK Classic"},"content":{"rendered":"<p>Bendrosios savyb\u0117s :<\/p>\n<ul>\n<li>&#8220;Classic&#8221; modelio 50l ir 125l versijos turi dvigubu sluoksniu izoliuot\u0105 ind\u0105 su dang\u010diu, kuris pagamintas i\u0161 AISI 304 ner\u016bdijan\u010dio plieno.<\/li>\n<li>Terminis apdorojimas galimas iki 92 \u00b0C temperat\u016bros.<\/li>\n<li>\u012erenginio temperat\u016br\u0105 galima reguliuoti termostatu.<\/li>\n<li>200l ir 300l &#8220;Classic&#8221; modeliai sunaudoja nuo 10-30 % ma\u017eiau energijos d\u0117l efektyvaus energijos vartojimo, kuriuos u\u017etikrina gerai izoliuotas indas (su trimis sluoksniais).<\/li>\n<li>Terminis apdorojimas galimas iki 100 \u00b0C<\/li>\n<li>Vandens siurblys palengvina \u0161ilumos mainus, kurie pagreitina \u0161ildymo ir au\u0161inimo procesus ir taip taupo energij\u0105 ir pinigus.<\/li>\n<li>Patogus ir paprastas naudoti MC 350 i\u0161manusis valdiklis turi proces\u0173 valdym\u0105, kuris suma\u017eina nuolatinio s\u016brininko buvimo poreik\u012f ir daro gamyb\u0105 ekonomi\u0161kesn\u0119.<\/li>\n<\/ul>\n","protected":false},"excerpt":{"rendered":"<ul>\n<li>Dvisluoksnis indas su dang\u010diu , pagamintas i\u0161 ner\u016bdijan\u010diojo plieno (AISI 304).<\/li>\n<li>\u0160ildymas ir au\u0161inimas veikia per indo dugn\u0105 ir dangt\u012f.<\/li>\n<li>Katilas \u0161ildomas vandens vonioje ir au\u0161inamas vandeniu i\u0161 vamzd\u017eio arba vandens kolektoriaus.<\/li>\n<li>Terminis apdorojimas galimas iki 75 \u00b0C. Temperat\u016bra gali b\u016bti reguliuojama valdymo pulte esan\u010diu termostatu.<\/li>\n<li>Virdul\u012f i\u0161tu\u0161tinti padeda DN40 i\u0161leidimo vo\u017etuvas.<\/li>\n<\/ul>\n<p>&nbsp;<\/p>\n","protected":false},"featured_media":27708,"template":"","meta":{"_et_pb_use_builder":"","_et_pb_old_content":"","_et_gb_content_width":""},"product_brand":[],"product_cat":[246],"product_tag":[],"class_list":{"0":"post-27706","1":"product","2":"type-product","3":"status-publish","4":"has-post-thumbnail","6":"product_cat-pastoriseerijad","8":"first","9":"instock","10":"shipping-taxable","11":"product-type-simple"},"yoast_head":"<!-- This site is optimized with the Yoast SEO plugin v26.4 - https:\/\/yoast.com\/wordpress\/plugins\/seo\/ -->\n<title>Pasterizatorius-s\u016brio katilas SK Classic - Specagra<\/title>\n<meta name=\"robots\" content=\"index, follow, max-snippet:-1, max-image-preview:large, max-video-preview:-1\" \/>\n<link rel=\"canonical\" href=\"https:\/\/www.specagra.ee\/?product=pasterizatorius-surio-katilas-sk-classic\" \/>\n<meta property=\"og:locale\" content=\"et_EE\" \/>\n<meta property=\"og:type\" content=\"article\" \/>\n<meta property=\"og:title\" content=\"Pasterizatorius-s\u016brio katilas SK Classic - Specagra\" \/>\n<meta property=\"og:description\" content=\"Dvisluoksnis indas su dang\u010diu , pagamintas i\u0161 ner\u016bdijan\u010diojo plieno (AISI 304).  \u0160ildymas ir au\u0161inimas veikia per indo dugn\u0105 ir dangt\u012f.  Katilas \u0161ildomas vandens vonioje ir au\u0161inamas vandeniu i\u0161 vamzd\u017eio arba vandens kolektoriaus.  Terminis apdorojimas galimas iki 75 \u00b0C. Temperat\u016bra gali b\u016bti reguliuojama valdymo pulte esan\u010diu termostatu.  Virdul\u012f i\u0161tu\u0161tinti padeda DN40 i\u0161leidimo vo\u017etuvas.  &nbsp;\" \/>\n<meta property=\"og:url\" content=\"https:\/\/www.specagra.ee\/?product=pasterizatorius-surio-katilas-sk-classic\" \/>\n<meta property=\"og:site_name\" content=\"Specagra\" \/>\n<meta property=\"article:modified_time\" content=\"2023-03-24T07:38:42+00:00\" \/>\n<meta property=\"og:image\" content=\"https:\/\/www.specagra.ee\/wp-content\/uploads\/2023\/03\/Untitled_design__20_-removebg-preview.png\" \/>\n\t<meta property=\"og:image:width\" content=\"500\" \/>\n\t<meta property=\"og:image:height\" content=\"500\" \/>\n\t<meta property=\"og:image:type\" content=\"image\/png\" \/>\n<meta name=\"twitter:card\" content=\"summary_large_image\" \/>\n<meta name=\"twitter:label1\" content=\"Est. reading time\" \/>\n\t<meta name=\"twitter:data1\" content=\"1 minut\" \/>\n<script type=\"application\/ld+json\" class=\"yoast-schema-graph\">{\"@context\":\"https:\/\/schema.org\",\"@graph\":[{\"@type\":\"WebPage\",\"@id\":\"https:\/\/www.specagra.ee\/?product=pasterizatorius-surio-katilas-sk-classic\",\"url\":\"https:\/\/www.specagra.ee\/?product=pasterizatorius-surio-katilas-sk-classic\",\"name\":\"Pasterizatorius-s\u016brio katilas SK Classic - Specagra\",\"isPartOf\":{\"@id\":\"https:\/\/www.specagra.ee\/#website\"},\"primaryImageOfPage\":{\"@id\":\"https:\/\/www.specagra.ee\/?product=pasterizatorius-surio-katilas-sk-classic#primaryimage\"},\"image\":{\"@id\":\"https:\/\/www.specagra.ee\/?product=pasterizatorius-surio-katilas-sk-classic#primaryimage\"},\"thumbnailUrl\":\"https:\/\/specagra.ee\/wp-content\/uploads\/2023\/03\/Untitled_design__20_-removebg-preview.png\",\"datePublished\":\"2023-03-24T07:27:48+00:00\",\"dateModified\":\"2023-03-24T07:38:42+00:00\",\"breadcrumb\":{\"@id\":\"https:\/\/www.specagra.ee\/?product=pasterizatorius-surio-katilas-sk-classic#breadcrumb\"},\"inLanguage\":\"et\",\"potentialAction\":[{\"@type\":\"ReadAction\",\"target\":[\"https:\/\/www.specagra.ee\/?product=pasterizatorius-surio-katilas-sk-classic\"]}]},{\"@type\":\"ImageObject\",\"inLanguage\":\"et\",\"@id\":\"https:\/\/www.specagra.ee\/?product=pasterizatorius-surio-katilas-sk-classic#primaryimage\",\"url\":\"https:\/\/specagra.ee\/wp-content\/uploads\/2023\/03\/Untitled_design__20_-removebg-preview.png\",\"contentUrl\":\"https:\/\/specagra.ee\/wp-content\/uploads\/2023\/03\/Untitled_design__20_-removebg-preview.png\",\"width\":500,\"height\":500},{\"@type\":\"BreadcrumbList\",\"@id\":\"https:\/\/www.specagra.ee\/?product=pasterizatorius-surio-katilas-sk-classic#breadcrumb\",\"itemListElement\":[{\"@type\":\"ListItem\",\"position\":1,\"name\":\"Home\",\"item\":\"https:\/\/www.specagra.ee\/\"},{\"@type\":\"ListItem\",\"position\":2,\"name\":\"P\u00f5llumajandustehnika ja loomakasvatus\",\"item\":\"https:\/\/specagra.ee\/?page_id=18493\"},{\"@type\":\"ListItem\",\"position\":3,\"name\":\"Pasterizatorius-s\u016brio katilas SK Classic\"}]},{\"@type\":\"WebSite\",\"@id\":\"https:\/\/www.specagra.ee\/#website\",\"url\":\"https:\/\/www.specagra.ee\/\",\"name\":\"Specagra\",\"description\":\"P\u00f5llumajandustehnika ja varuosad\",\"publisher\":{\"@id\":\"https:\/\/www.specagra.ee\/#organization\"},\"potentialAction\":[{\"@type\":\"SearchAction\",\"target\":{\"@type\":\"EntryPoint\",\"urlTemplate\":\"https:\/\/www.specagra.ee\/?s={search_term_string}\"},\"query-input\":{\"@type\":\"PropertyValueSpecification\",\"valueRequired\":true,\"valueName\":\"search_term_string\"}}],\"inLanguage\":\"et\"},{\"@type\":\"Organization\",\"@id\":\"https:\/\/www.specagra.ee\/#organization\",\"name\":\"UAB Specagra\",\"url\":\"https:\/\/www.specagra.ee\/\",\"logo\":{\"@type\":\"ImageObject\",\"inLanguage\":\"et\",\"@id\":\"https:\/\/www.specagra.ee\/#\/schema\/logo\/image\/\",\"url\":\"http:\/\/www.specagra.ee\/wp-content\/uploads\/2022\/02\/SP-logo_naujas-scaled.jpg\",\"contentUrl\":\"http:\/\/www.specagra.ee\/wp-content\/uploads\/2022\/02\/SP-logo_naujas-scaled.jpg\",\"width\":2560,\"height\":326,\"caption\":\"UAB Specagra\"},\"image\":{\"@id\":\"https:\/\/www.specagra.ee\/#\/schema\/logo\/image\/\"}}]}<\/script>\n<!-- \/ Yoast SEO plugin. -->","yoast_head_json":{"title":"Pasterizatorius-s\u016brio katilas SK Classic - Specagra","robots":{"index":"index","follow":"follow","max-snippet":"max-snippet:-1","max-image-preview":"max-image-preview:large","max-video-preview":"max-video-preview:-1"},"canonical":"https:\/\/www.specagra.ee\/?product=pasterizatorius-surio-katilas-sk-classic","og_locale":"et_EE","og_type":"article","og_title":"Pasterizatorius-s\u016brio katilas SK Classic - Specagra","og_description":"Dvisluoksnis indas su dang\u010diu , pagamintas i\u0161 ner\u016bdijan\u010diojo plieno (AISI 304).  \u0160ildymas ir au\u0161inimas veikia per indo dugn\u0105 ir dangt\u012f.  Katilas \u0161ildomas vandens vonioje ir au\u0161inamas vandeniu i\u0161 vamzd\u017eio arba vandens kolektoriaus.  Terminis apdorojimas galimas iki 75 \u00b0C. Temperat\u016bra gali b\u016bti reguliuojama valdymo pulte esan\u010diu termostatu.  Virdul\u012f i\u0161tu\u0161tinti padeda DN40 i\u0161leidimo vo\u017etuvas.  &nbsp;","og_url":"https:\/\/www.specagra.ee\/?product=pasterizatorius-surio-katilas-sk-classic","og_site_name":"Specagra","article_modified_time":"2023-03-24T07:38:42+00:00","og_image":[{"width":500,"height":500,"url":"https:\/\/www.specagra.ee\/wp-content\/uploads\/2023\/03\/Untitled_design__20_-removebg-preview.png","type":"image\/png"}],"twitter_card":"summary_large_image","twitter_misc":{"Est. reading time":"1 minut"},"schema":{"@context":"https:\/\/schema.org","@graph":[{"@type":"WebPage","@id":"https:\/\/www.specagra.ee\/?product=pasterizatorius-surio-katilas-sk-classic","url":"https:\/\/www.specagra.ee\/?product=pasterizatorius-surio-katilas-sk-classic","name":"Pasterizatorius-s\u016brio katilas SK Classic - Specagra","isPartOf":{"@id":"https:\/\/www.specagra.ee\/#website"},"primaryImageOfPage":{"@id":"https:\/\/www.specagra.ee\/?product=pasterizatorius-surio-katilas-sk-classic#primaryimage"},"image":{"@id":"https:\/\/www.specagra.ee\/?product=pasterizatorius-surio-katilas-sk-classic#primaryimage"},"thumbnailUrl":"https:\/\/specagra.ee\/wp-content\/uploads\/2023\/03\/Untitled_design__20_-removebg-preview.png","datePublished":"2023-03-24T07:27:48+00:00","dateModified":"2023-03-24T07:38:42+00:00","breadcrumb":{"@id":"https:\/\/www.specagra.ee\/?product=pasterizatorius-surio-katilas-sk-classic#breadcrumb"},"inLanguage":"et","potentialAction":[{"@type":"ReadAction","target":["https:\/\/www.specagra.ee\/?product=pasterizatorius-surio-katilas-sk-classic"]}]},{"@type":"ImageObject","inLanguage":"et","@id":"https:\/\/www.specagra.ee\/?product=pasterizatorius-surio-katilas-sk-classic#primaryimage","url":"https:\/\/specagra.ee\/wp-content\/uploads\/2023\/03\/Untitled_design__20_-removebg-preview.png","contentUrl":"https:\/\/specagra.ee\/wp-content\/uploads\/2023\/03\/Untitled_design__20_-removebg-preview.png","width":500,"height":500},{"@type":"BreadcrumbList","@id":"https:\/\/www.specagra.ee\/?product=pasterizatorius-surio-katilas-sk-classic#breadcrumb","itemListElement":[{"@type":"ListItem","position":1,"name":"Home","item":"https:\/\/www.specagra.ee\/"},{"@type":"ListItem","position":2,"name":"P\u00f5llumajandustehnika ja loomakasvatus","item":"https:\/\/specagra.ee\/?page_id=18493"},{"@type":"ListItem","position":3,"name":"Pasterizatorius-s\u016brio katilas SK Classic"}]},{"@type":"WebSite","@id":"https:\/\/www.specagra.ee\/#website","url":"https:\/\/www.specagra.ee\/","name":"Specagra","description":"P\u00f5llumajandustehnika ja varuosad","publisher":{"@id":"https:\/\/www.specagra.ee\/#organization"},"potentialAction":[{"@type":"SearchAction","target":{"@type":"EntryPoint","urlTemplate":"https:\/\/www.specagra.ee\/?s={search_term_string}"},"query-input":{"@type":"PropertyValueSpecification","valueRequired":true,"valueName":"search_term_string"}}],"inLanguage":"et"},{"@type":"Organization","@id":"https:\/\/www.specagra.ee\/#organization","name":"UAB Specagra","url":"https:\/\/www.specagra.ee\/","logo":{"@type":"ImageObject","inLanguage":"et","@id":"https:\/\/www.specagra.ee\/#\/schema\/logo\/image\/","url":"http:\/\/www.specagra.ee\/wp-content\/uploads\/2022\/02\/SP-logo_naujas-scaled.jpg","contentUrl":"http:\/\/www.specagra.ee\/wp-content\/uploads\/2022\/02\/SP-logo_naujas-scaled.jpg","width":2560,"height":326,"caption":"UAB Specagra"},"image":{"@id":"https:\/\/www.specagra.ee\/#\/schema\/logo\/image\/"}}]}},"_links":{"self":[{"href":"https:\/\/www.specagra.ee\/index.php?rest_route=\/wp\/v2\/product\/27706","targetHints":{"allow":["GET"]}}],"collection":[{"href":"https:\/\/www.specagra.ee\/index.php?rest_route=\/wp\/v2\/product"}],"about":[{"href":"https:\/\/www.specagra.ee\/index.php?rest_route=\/wp\/v2\/types\/product"}],"wp:featuredmedia":[{"embeddable":true,"href":"https:\/\/www.specagra.ee\/index.php?rest_route=\/wp\/v2\/media\/27708"}],"wp:attachment":[{"href":"https:\/\/www.specagra.ee\/index.php?rest_route=%2Fwp%2Fv2%2Fmedia&parent=27706"}],"wp:term":[{"taxonomy":"product_brand","embeddable":true,"href":"https:\/\/www.specagra.ee\/index.php?rest_route=%2Fwp%2Fv2%2Fproduct_brand&post=27706"},{"taxonomy":"product_cat","embeddable":true,"href":"https:\/\/www.specagra.ee\/index.php?rest_route=%2Fwp%2Fv2%2Fproduct_cat&post=27706"},{"taxonomy":"product_tag","embeddable":true,"href":"https:\/\/www.specagra.ee\/index.php?rest_route=%2Fwp%2Fv2%2Fproduct_tag&post=27706"}],"curies":[{"name":"wp","href":"https:\/\/api.w.org\/{rel}","templated":true}]}}