{"id":2746,"date":"2020-06-26T07:40:19","date_gmt":"2020-06-26T09:40:19","guid":{"rendered":"https:\/\/www.specagra.ee.nemokamossvetaines.hostingas.lt\/?post_type=product&#038;p=2746"},"modified":"2022-07-15T09:16:27","modified_gmt":"2022-07-15T11:16:27","slug":"kratytuvai-apollo-premium","status":"publish","type":"product","link":"https:\/\/www.specagra.ee\/?product=kratytuvai-apollo-premium","title":{"rendered":"M\u0117\u0161lo kratytuvas UNIA APOLLO PREMIUM"},"content":{"rendered":"<p>Standartin\u0117 komplektacija:<\/p>\n<ul>\n<li>Adabteri\u0173 plotis 1,8 m.,\u00a0 APOLLO 8\/10 PREMIUM;<\/li>\n<li>Adabteri\u0173 plotis 2,0 m., APOLLO 11\/13\/14\/16\/24 PREMIUM<\/li>\n<li>Hidrauli\u0161kai varomas transporteris;<\/li>\n<li>Transporteris : 2- grandin\u0117s , viena pora (11 mm) ( APOLLO 8\/10\/11\/13 PREMIUM);<\/li>\n<li>Transporteris : 4- grandin\u0117s, dvi poros (14 mm) ( APOLLO 14\/16\/24 PREMIUM);<\/li>\n<li>Vir\u0161utinis prikabinimas su amortizuojama linge;<\/li>\n<li>Mechanin\u0117 pastatymo koja;<\/li>\n<li>Vieno kont\u016bro pneumatiniai stabd\u017eiai;<\/li>\n<li>Rankinis stov\u0117jimo stabdys;<\/li>\n<li>Transportavimo \u017eibintai;<\/li>\n<li>Galios perdavimo velenas (830Nm L. nom 1110 mm. 1000 aps\/min).<\/li>\n<\/ul>\n<p>Papildoma komplektacija:<\/p>\n<ul>\n<li>Galinis hidrauli\u0161kai darin\u0117jamas dangtis u\u017e biteri\u0173;<\/li>\n<li>Hidrauli\u0161kai darin\u0117jama sienel\u0117 prie\u0161 biterius;<\/li>\n<li>Siloso perve\u017eimo galinis dangtis vietoje biteri\u0173 ( padidinta talpa +);<\/li>\n<li>Mechani\u0161kai valdomi deflektoriai;<\/li>\n<li>Hidrauli\u0161kai valdomi deflektoriai;<\/li>\n<li>Purvasargiai;<\/li>\n<li>RBS \u2013 valdymas;<\/li>\n<li>Hidraulin\u0117 pastatymo koja;<\/li>\n<li>Elektrinis transporterio valdymas MSR-5;<\/li>\n<li>Prikabinimas su kilpa : 80;<\/li>\n<li>2- kont\u016br\u0173 pneumatiniai stabd\u017eiai.<\/li>\n<\/ul>\n","protected":false},"excerpt":{"rendered":"<p>Standartin\u0117 komplektacija: Adabteri\u0173 plotis 1,8 m.,\u00a0 APOLLO 8\/10 PREMIUM; Adabteri\u0173 plotis 2,0 m., APOLLO 11\/13\/14\/16\/24 PREMIUM Hidrauli\u0161kai varomas transporteris; Transporteris : 2- grandin\u0117s , viena pora (11 mm) ( APOLLO 8\/10\/11\/13 PREMIUM); Transporteris : 4- grandin\u0117s, dvi poros (14 mm) ( APOLLO 14\/16\/24 PREMIUM); Vir\u0161utinis prikabinimas su amortizuojama linge; Mechanin\u0117 pastatymo koja; Vieno kont\u016bro pneumatiniai [&hellip;]<\/p>\n","protected":false},"featured_media":17625,"template":"","meta":{"_et_pb_use_builder":"","_et_pb_old_content":"","_et_gb_content_width":""},"product_brand":[],"product_cat":[133],"product_tag":[],"class_list":{"0":"post-2746","1":"product","2":"type-product","3":"status-publish","4":"has-post-thumbnail","6":"product_cat-sonniku-raputid","8":"first","9":"instock","10":"shipping-taxable","11":"product-type-simple"},"yoast_head":"<!-- This site is optimized with the Yoast SEO plugin v26.4 - https:\/\/yoast.com\/wordpress\/plugins\/seo\/ -->\n<title>M\u0117\u0161lo kratytuvas UNIA APOLLO PREMIUM - Specagra<\/title>\n<meta name=\"robots\" content=\"index, follow, max-snippet:-1, max-image-preview:large, max-video-preview:-1\" \/>\n<link rel=\"canonical\" href=\"https:\/\/www.specagra.ee\/?product=kratytuvai-apollo-premium\" \/>\n<meta property=\"og:locale\" content=\"et_EE\" \/>\n<meta property=\"og:type\" content=\"article\" \/>\n<meta property=\"og:title\" content=\"M\u0117\u0161lo kratytuvas UNIA APOLLO PREMIUM - Specagra\" \/>\n<meta property=\"og:description\" content=\"Standartin\u0117 komplektacija: Adabteri\u0173 plotis 1,8 m.,\u00a0 APOLLO 8\/10 PREMIUM; Adabteri\u0173 plotis 2,0 m., APOLLO 11\/13\/14\/16\/24 PREMIUM Hidrauli\u0161kai varomas transporteris; Transporteris : 2- grandin\u0117s , viena pora (11 mm) ( APOLLO 8\/10\/11\/13 PREMIUM); Transporteris : 4- grandin\u0117s, dvi poros (14 mm) ( APOLLO 14\/16\/24 PREMIUM); Vir\u0161utinis prikabinimas su amortizuojama linge; Mechanin\u0117 pastatymo koja; Vieno kont\u016bro pneumatiniai [&hellip;]\" \/>\n<meta property=\"og:url\" content=\"https:\/\/www.specagra.ee\/?product=kratytuvai-apollo-premium\" \/>\n<meta property=\"og:site_name\" content=\"Specagra\" \/>\n<meta property=\"article:modified_time\" content=\"2022-07-15T11:16:27+00:00\" \/>\n<meta property=\"og:image\" content=\"https:\/\/www.specagra.ee\/wp-content\/uploads\/2020\/06\/Kratytuvas-APOLLO-PREMIUM.png\" \/>\n\t<meta property=\"og:image:width\" content=\"1280\" \/>\n\t<meta property=\"og:image:height\" content=\"720\" \/>\n\t<meta property=\"og:image:type\" content=\"image\/webp\" \/>\n<meta name=\"twitter:card\" content=\"summary_large_image\" \/>\n<meta name=\"twitter:label1\" content=\"Est. reading time\" \/>\n\t<meta name=\"twitter:data1\" content=\"1 minut\" \/>\n<script type=\"application\/ld+json\" class=\"yoast-schema-graph\">{\"@context\":\"https:\/\/schema.org\",\"@graph\":[{\"@type\":\"WebPage\",\"@id\":\"https:\/\/www.specagra.ee\/?product=kratytuvai-apollo-premium\",\"url\":\"https:\/\/www.specagra.ee\/?product=kratytuvai-apollo-premium\",\"name\":\"M\u0117\u0161lo kratytuvas UNIA APOLLO PREMIUM - Specagra\",\"isPartOf\":{\"@id\":\"https:\/\/www.specagra.ee\/#website\"},\"primaryImageOfPage\":{\"@id\":\"https:\/\/www.specagra.ee\/?product=kratytuvai-apollo-premium#primaryimage\"},\"image\":{\"@id\":\"https:\/\/www.specagra.ee\/?product=kratytuvai-apollo-premium#primaryimage\"},\"thumbnailUrl\":\"https:\/\/www.specagra.ee\/wp-content\/uploads\/2020\/06\/Kratytuvas-APOLLO-PREMIUM.png\",\"datePublished\":\"2020-06-26T09:40:19+00:00\",\"dateModified\":\"2022-07-15T11:16:27+00:00\",\"breadcrumb\":{\"@id\":\"https:\/\/www.specagra.ee\/?product=kratytuvai-apollo-premium#breadcrumb\"},\"inLanguage\":\"et\",\"potentialAction\":[{\"@type\":\"ReadAction\",\"target\":[\"https:\/\/www.specagra.ee\/?product=kratytuvai-apollo-premium\"]}]},{\"@type\":\"ImageObject\",\"inLanguage\":\"et\",\"@id\":\"https:\/\/www.specagra.ee\/?product=kratytuvai-apollo-premium#primaryimage\",\"url\":\"https:\/\/www.specagra.ee\/wp-content\/uploads\/2020\/06\/Kratytuvas-APOLLO-PREMIUM.png\",\"contentUrl\":\"https:\/\/www.specagra.ee\/wp-content\/uploads\/2020\/06\/Kratytuvas-APOLLO-PREMIUM.png\",\"width\":1280,\"height\":720,\"caption\":\"M\u0117\u0161lo kratytuvas UNIA APOLLO PREMIUM\"},{\"@type\":\"BreadcrumbList\",\"@id\":\"https:\/\/www.specagra.ee\/?product=kratytuvai-apollo-premium#breadcrumb\",\"itemListElement\":[{\"@type\":\"ListItem\",\"position\":1,\"name\":\"Home\",\"item\":\"https:\/\/www.specagra.ee\/\"},{\"@type\":\"ListItem\",\"position\":2,\"name\":\"P\u00f5llumajandustehnika ja loomakasvatus\",\"item\":\"https:\/\/specagra.ee\/?page_id=18493\"},{\"@type\":\"ListItem\",\"position\":3,\"name\":\"M\u0117\u0161lo kratytuvas UNIA APOLLO PREMIUM\"}]},{\"@type\":\"WebSite\",\"@id\":\"https:\/\/www.specagra.ee\/#website\",\"url\":\"https:\/\/www.specagra.ee\/\",\"name\":\"Specagra\",\"description\":\"P\u00f5llumajandustehnika ja varuosad\",\"publisher\":{\"@id\":\"https:\/\/www.specagra.ee\/#organization\"},\"potentialAction\":[{\"@type\":\"SearchAction\",\"target\":{\"@type\":\"EntryPoint\",\"urlTemplate\":\"https:\/\/www.specagra.ee\/?s={search_term_string}\"},\"query-input\":{\"@type\":\"PropertyValueSpecification\",\"valueRequired\":true,\"valueName\":\"search_term_string\"}}],\"inLanguage\":\"et\"},{\"@type\":\"Organization\",\"@id\":\"https:\/\/www.specagra.ee\/#organization\",\"name\":\"UAB Specagra\",\"url\":\"https:\/\/www.specagra.ee\/\",\"logo\":{\"@type\":\"ImageObject\",\"inLanguage\":\"et\",\"@id\":\"https:\/\/www.specagra.ee\/#\/schema\/logo\/image\/\",\"url\":\"http:\/\/www.specagra.ee\/wp-content\/uploads\/2022\/02\/SP-logo_naujas-scaled.jpg\",\"contentUrl\":\"http:\/\/www.specagra.ee\/wp-content\/uploads\/2022\/02\/SP-logo_naujas-scaled.jpg\",\"width\":2560,\"height\":326,\"caption\":\"UAB Specagra\"},\"image\":{\"@id\":\"https:\/\/www.specagra.ee\/#\/schema\/logo\/image\/\"}}]}<\/script>\n<!-- \/ Yoast SEO plugin. -->","yoast_head_json":{"title":"M\u0117\u0161lo kratytuvas UNIA APOLLO PREMIUM - Specagra","robots":{"index":"index","follow":"follow","max-snippet":"max-snippet:-1","max-image-preview":"max-image-preview:large","max-video-preview":"max-video-preview:-1"},"canonical":"https:\/\/www.specagra.ee\/?product=kratytuvai-apollo-premium","og_locale":"et_EE","og_type":"article","og_title":"M\u0117\u0161lo kratytuvas UNIA APOLLO PREMIUM - Specagra","og_description":"Standartin\u0117 komplektacija: Adabteri\u0173 plotis 1,8 m.,\u00a0 APOLLO 8\/10 PREMIUM; Adabteri\u0173 plotis 2,0 m., APOLLO 11\/13\/14\/16\/24 PREMIUM Hidrauli\u0161kai varomas transporteris; Transporteris : 2- grandin\u0117s , viena pora (11 mm) ( APOLLO 8\/10\/11\/13 PREMIUM); Transporteris : 4- grandin\u0117s, dvi poros (14 mm) ( APOLLO 14\/16\/24 PREMIUM); Vir\u0161utinis prikabinimas su amortizuojama linge; Mechanin\u0117 pastatymo koja; Vieno kont\u016bro pneumatiniai [&hellip;]","og_url":"https:\/\/www.specagra.ee\/?product=kratytuvai-apollo-premium","og_site_name":"Specagra","article_modified_time":"2022-07-15T11:16:27+00:00","og_image":[{"width":1280,"height":720,"url":"https:\/\/www.specagra.ee\/wp-content\/uploads\/2020\/06\/Kratytuvas-APOLLO-PREMIUM.png","type":"image\/webp"}],"twitter_card":"summary_large_image","twitter_misc":{"Est. reading time":"1 minut"},"schema":{"@context":"https:\/\/schema.org","@graph":[{"@type":"WebPage","@id":"https:\/\/www.specagra.ee\/?product=kratytuvai-apollo-premium","url":"https:\/\/www.specagra.ee\/?product=kratytuvai-apollo-premium","name":"M\u0117\u0161lo kratytuvas UNIA APOLLO PREMIUM - Specagra","isPartOf":{"@id":"https:\/\/www.specagra.ee\/#website"},"primaryImageOfPage":{"@id":"https:\/\/www.specagra.ee\/?product=kratytuvai-apollo-premium#primaryimage"},"image":{"@id":"https:\/\/www.specagra.ee\/?product=kratytuvai-apollo-premium#primaryimage"},"thumbnailUrl":"https:\/\/www.specagra.ee\/wp-content\/uploads\/2020\/06\/Kratytuvas-APOLLO-PREMIUM.png","datePublished":"2020-06-26T09:40:19+00:00","dateModified":"2022-07-15T11:16:27+00:00","breadcrumb":{"@id":"https:\/\/www.specagra.ee\/?product=kratytuvai-apollo-premium#breadcrumb"},"inLanguage":"et","potentialAction":[{"@type":"ReadAction","target":["https:\/\/www.specagra.ee\/?product=kratytuvai-apollo-premium"]}]},{"@type":"ImageObject","inLanguage":"et","@id":"https:\/\/www.specagra.ee\/?product=kratytuvai-apollo-premium#primaryimage","url":"https:\/\/www.specagra.ee\/wp-content\/uploads\/2020\/06\/Kratytuvas-APOLLO-PREMIUM.png","contentUrl":"https:\/\/www.specagra.ee\/wp-content\/uploads\/2020\/06\/Kratytuvas-APOLLO-PREMIUM.png","width":1280,"height":720,"caption":"M\u0117\u0161lo kratytuvas UNIA APOLLO PREMIUM"},{"@type":"BreadcrumbList","@id":"https:\/\/www.specagra.ee\/?product=kratytuvai-apollo-premium#breadcrumb","itemListElement":[{"@type":"ListItem","position":1,"name":"Home","item":"https:\/\/www.specagra.ee\/"},{"@type":"ListItem","position":2,"name":"P\u00f5llumajandustehnika ja loomakasvatus","item":"https:\/\/specagra.ee\/?page_id=18493"},{"@type":"ListItem","position":3,"name":"M\u0117\u0161lo kratytuvas UNIA APOLLO PREMIUM"}]},{"@type":"WebSite","@id":"https:\/\/www.specagra.ee\/#website","url":"https:\/\/www.specagra.ee\/","name":"Specagra","description":"P\u00f5llumajandustehnika ja varuosad","publisher":{"@id":"https:\/\/www.specagra.ee\/#organization"},"potentialAction":[{"@type":"SearchAction","target":{"@type":"EntryPoint","urlTemplate":"https:\/\/www.specagra.ee\/?s={search_term_string}"},"query-input":{"@type":"PropertyValueSpecification","valueRequired":true,"valueName":"search_term_string"}}],"inLanguage":"et"},{"@type":"Organization","@id":"https:\/\/www.specagra.ee\/#organization","name":"UAB Specagra","url":"https:\/\/www.specagra.ee\/","logo":{"@type":"ImageObject","inLanguage":"et","@id":"https:\/\/www.specagra.ee\/#\/schema\/logo\/image\/","url":"http:\/\/www.specagra.ee\/wp-content\/uploads\/2022\/02\/SP-logo_naujas-scaled.jpg","contentUrl":"http:\/\/www.specagra.ee\/wp-content\/uploads\/2022\/02\/SP-logo_naujas-scaled.jpg","width":2560,"height":326,"caption":"UAB Specagra"},"image":{"@id":"https:\/\/www.specagra.ee\/#\/schema\/logo\/image\/"}}]}},"_links":{"self":[{"href":"https:\/\/www.specagra.ee\/index.php?rest_route=\/wp\/v2\/product\/2746","targetHints":{"allow":["GET"]}}],"collection":[{"href":"https:\/\/www.specagra.ee\/index.php?rest_route=\/wp\/v2\/product"}],"about":[{"href":"https:\/\/www.specagra.ee\/index.php?rest_route=\/wp\/v2\/types\/product"}],"wp:featuredmedia":[{"embeddable":true,"href":"https:\/\/www.specagra.ee\/index.php?rest_route=\/wp\/v2\/media\/17625"}],"wp:attachment":[{"href":"https:\/\/www.specagra.ee\/index.php?rest_route=%2Fwp%2Fv2%2Fmedia&parent=2746"}],"wp:term":[{"taxonomy":"product_brand","embeddable":true,"href":"https:\/\/www.specagra.ee\/index.php?rest_route=%2Fwp%2Fv2%2Fproduct_brand&post=2746"},{"taxonomy":"product_cat","embeddable":true,"href":"https:\/\/www.specagra.ee\/index.php?rest_route=%2Fwp%2Fv2%2Fproduct_cat&post=2746"},{"taxonomy":"product_tag","embeddable":true,"href":"https:\/\/www.specagra.ee\/index.php?rest_route=%2Fwp%2Fv2%2Fproduct_tag&post=2746"}],"curies":[{"name":"wp","href":"https:\/\/api.w.org\/{rel}","templated":true}]}}