{"id":27406,"date":"2023-03-10T10:59:32","date_gmt":"2023-03-10T12:59:32","guid":{"rendered":"https:\/\/www.specagra.ee\/?post_type=product&#038;p=27406"},"modified":"2023-03-10T11:05:14","modified_gmt":"2023-03-10T13:05:14","slug":"gumines-grindjuostes","status":"publish","type":"product","link":"https:\/\/www.specagra.ee\/?product=gumines-grindjuostes","title":{"rendered":"Gumin\u0117s grindjuost\u0117s"},"content":{"rendered":"<p>Privalumai :<\/p>\n<ul>\n<li>Imituoja nat\u016bral\u0173 grunt\u0105.<\/li>\n<li>Kilim\u0117lis pasi\u017eymi didesniu tvirtumu ir atsparumu dilimui.<\/li>\n<li>Slidum\u0105 ma\u017einantis pavir\u0161ius.<\/li>\n<li>Greitas ir paprastas surinkimas.<\/li>\n<li>Galimi individual\u016bs dyd\u017eiai.<\/li>\n<li>Lameliniai kilim\u0117liai pjaustomi i\u0161 d\u0117lion\u0117s kilim\u0117li\u0173, t. y. GH 2.1, GH 2.4 ir GH 2.7<\/li>\n<li>DLG sertifikatas GH-S 2.4 24 mm<\/li>\n<\/ul>\n","protected":false},"excerpt":{"rendered":"<p>Privalumai : Imituoja nat\u016bral\u0173 grunt\u0105. Kilim\u0117lis pasi\u017eymi didesniu tvirtumu ir atsparumu dilimui. Slidum\u0105 ma\u017einantis pavir\u0161ius. Greitas ir paprastas surinkimas. Galimi individual\u016bs dyd\u017eiai. Lameliniai kilim\u0117liai pjaustomi i\u0161 d\u0117lion\u0117s kilim\u0117li\u0173, t. y. GH 2.1, GH 2.4 ir GH 2.7 DLG sertifikatas GH-S 2.4 24 mm<\/p>\n","protected":false},"featured_media":27407,"template":"","meta":{"_et_pb_use_builder":"","_et_pb_old_content":"","_et_gb_content_width":""},"product_brand":[],"product_cat":[149],"product_tag":[],"class_list":{"0":"post-27406","1":"product","2":"type-product","3":"status-publish","4":"has-post-thumbnail","6":"product_cat-kummist-lautakattematerjalid","8":"first","9":"instock","10":"shipping-taxable","11":"product-type-simple"},"yoast_head":"<!-- This site is optimized with the Yoast SEO plugin v26.4 - https:\/\/yoast.com\/wordpress\/plugins\/seo\/ -->\n<title>Gumin\u0117s grindjuost\u0117s - Specagra<\/title>\n<meta name=\"robots\" content=\"index, follow, max-snippet:-1, max-image-preview:large, max-video-preview:-1\" \/>\n<link rel=\"canonical\" href=\"https:\/\/www.specagra.ee\/?product=gumines-grindjuostes\" \/>\n<meta property=\"og:locale\" content=\"et_EE\" \/>\n<meta property=\"og:type\" content=\"article\" \/>\n<meta property=\"og:title\" content=\"Gumin\u0117s grindjuost\u0117s - Specagra\" \/>\n<meta property=\"og:description\" content=\"Privalumai : Imituoja nat\u016bral\u0173 grunt\u0105. Kilim\u0117lis pasi\u017eymi didesniu tvirtumu ir atsparumu dilimui. Slidum\u0105 ma\u017einantis pavir\u0161ius. Greitas ir paprastas surinkimas. Galimi individual\u016bs dyd\u017eiai. Lameliniai kilim\u0117liai pjaustomi i\u0161 d\u0117lion\u0117s kilim\u0117li\u0173, t. y. GH 2.1, GH 2.4 ir GH 2.7 DLG sertifikatas GH-S 2.4 24 mm\" \/>\n<meta property=\"og:url\" content=\"https:\/\/www.specagra.ee\/?product=gumines-grindjuostes\" \/>\n<meta property=\"og:site_name\" content=\"Specagra\" \/>\n<meta property=\"article:modified_time\" content=\"2023-03-10T13:05:14+00:00\" \/>\n<meta property=\"og:image\" content=\"https:\/\/www.specagra.ee\/wp-content\/uploads\/2023\/03\/Untitled-design-47.jpg\" \/>\n\t<meta property=\"og:image:width\" content=\"800\" \/>\n\t<meta property=\"og:image:height\" content=\"800\" \/>\n\t<meta property=\"og:image:type\" content=\"image\/jpeg\" \/>\n<meta name=\"twitter:card\" content=\"summary_large_image\" \/>\n<meta name=\"twitter:label1\" content=\"Est. reading time\" \/>\n\t<meta name=\"twitter:data1\" content=\"1 minut\" \/>\n<script type=\"application\/ld+json\" class=\"yoast-schema-graph\">{\"@context\":\"https:\/\/schema.org\",\"@graph\":[{\"@type\":\"WebPage\",\"@id\":\"https:\/\/www.specagra.ee\/?product=gumines-grindjuostes\",\"url\":\"https:\/\/www.specagra.ee\/?product=gumines-grindjuostes\",\"name\":\"Gumin\u0117s grindjuost\u0117s - Specagra\",\"isPartOf\":{\"@id\":\"https:\/\/www.specagra.ee\/#website\"},\"primaryImageOfPage\":{\"@id\":\"https:\/\/www.specagra.ee\/?product=gumines-grindjuostes#primaryimage\"},\"image\":{\"@id\":\"https:\/\/www.specagra.ee\/?product=gumines-grindjuostes#primaryimage\"},\"thumbnailUrl\":\"https:\/\/www.specagra.ee\/wp-content\/uploads\/2023\/03\/Untitled-design-47.jpg\",\"datePublished\":\"2023-03-10T12:59:32+00:00\",\"dateModified\":\"2023-03-10T13:05:14+00:00\",\"breadcrumb\":{\"@id\":\"https:\/\/www.specagra.ee\/?product=gumines-grindjuostes#breadcrumb\"},\"inLanguage\":\"et\",\"potentialAction\":[{\"@type\":\"ReadAction\",\"target\":[\"https:\/\/www.specagra.ee\/?product=gumines-grindjuostes\"]}]},{\"@type\":\"ImageObject\",\"inLanguage\":\"et\",\"@id\":\"https:\/\/www.specagra.ee\/?product=gumines-grindjuostes#primaryimage\",\"url\":\"https:\/\/www.specagra.ee\/wp-content\/uploads\/2023\/03\/Untitled-design-47.jpg\",\"contentUrl\":\"https:\/\/www.specagra.ee\/wp-content\/uploads\/2023\/03\/Untitled-design-47.jpg\",\"width\":800,\"height\":800},{\"@type\":\"BreadcrumbList\",\"@id\":\"https:\/\/www.specagra.ee\/?product=gumines-grindjuostes#breadcrumb\",\"itemListElement\":[{\"@type\":\"ListItem\",\"position\":1,\"name\":\"Home\",\"item\":\"https:\/\/www.specagra.ee\/\"},{\"@type\":\"ListItem\",\"position\":2,\"name\":\"P\u00f5llumajandustehnika ja loomakasvatus\",\"item\":\"https:\/\/specagra.ee\/?page_id=18493\"},{\"@type\":\"ListItem\",\"position\":3,\"name\":\"Gumin\u0117s grindjuost\u0117s\"}]},{\"@type\":\"WebSite\",\"@id\":\"https:\/\/www.specagra.ee\/#website\",\"url\":\"https:\/\/www.specagra.ee\/\",\"name\":\"Specagra\",\"description\":\"P\u00f5llumajandustehnika ja varuosad\",\"publisher\":{\"@id\":\"https:\/\/www.specagra.ee\/#organization\"},\"potentialAction\":[{\"@type\":\"SearchAction\",\"target\":{\"@type\":\"EntryPoint\",\"urlTemplate\":\"https:\/\/www.specagra.ee\/?s={search_term_string}\"},\"query-input\":{\"@type\":\"PropertyValueSpecification\",\"valueRequired\":true,\"valueName\":\"search_term_string\"}}],\"inLanguage\":\"et\"},{\"@type\":\"Organization\",\"@id\":\"https:\/\/www.specagra.ee\/#organization\",\"name\":\"UAB Specagra\",\"url\":\"https:\/\/www.specagra.ee\/\",\"logo\":{\"@type\":\"ImageObject\",\"inLanguage\":\"et\",\"@id\":\"https:\/\/www.specagra.ee\/#\/schema\/logo\/image\/\",\"url\":\"http:\/\/www.specagra.ee\/wp-content\/uploads\/2022\/02\/SP-logo_naujas-scaled.jpg\",\"contentUrl\":\"http:\/\/www.specagra.ee\/wp-content\/uploads\/2022\/02\/SP-logo_naujas-scaled.jpg\",\"width\":2560,\"height\":326,\"caption\":\"UAB Specagra\"},\"image\":{\"@id\":\"https:\/\/www.specagra.ee\/#\/schema\/logo\/image\/\"}}]}<\/script>\n<!-- \/ Yoast SEO plugin. -->","yoast_head_json":{"title":"Gumin\u0117s grindjuost\u0117s - Specagra","robots":{"index":"index","follow":"follow","max-snippet":"max-snippet:-1","max-image-preview":"max-image-preview:large","max-video-preview":"max-video-preview:-1"},"canonical":"https:\/\/www.specagra.ee\/?product=gumines-grindjuostes","og_locale":"et_EE","og_type":"article","og_title":"Gumin\u0117s grindjuost\u0117s - Specagra","og_description":"Privalumai : Imituoja nat\u016bral\u0173 grunt\u0105. Kilim\u0117lis pasi\u017eymi didesniu tvirtumu ir atsparumu dilimui. Slidum\u0105 ma\u017einantis pavir\u0161ius. Greitas ir paprastas surinkimas. Galimi individual\u016bs dyd\u017eiai. Lameliniai kilim\u0117liai pjaustomi i\u0161 d\u0117lion\u0117s kilim\u0117li\u0173, t. y. GH 2.1, GH 2.4 ir GH 2.7 DLG sertifikatas GH-S 2.4 24 mm","og_url":"https:\/\/www.specagra.ee\/?product=gumines-grindjuostes","og_site_name":"Specagra","article_modified_time":"2023-03-10T13:05:14+00:00","og_image":[{"width":800,"height":800,"url":"https:\/\/www.specagra.ee\/wp-content\/uploads\/2023\/03\/Untitled-design-47.jpg","type":"image\/jpeg"}],"twitter_card":"summary_large_image","twitter_misc":{"Est. reading time":"1 minut"},"schema":{"@context":"https:\/\/schema.org","@graph":[{"@type":"WebPage","@id":"https:\/\/www.specagra.ee\/?product=gumines-grindjuostes","url":"https:\/\/www.specagra.ee\/?product=gumines-grindjuostes","name":"Gumin\u0117s grindjuost\u0117s - Specagra","isPartOf":{"@id":"https:\/\/www.specagra.ee\/#website"},"primaryImageOfPage":{"@id":"https:\/\/www.specagra.ee\/?product=gumines-grindjuostes#primaryimage"},"image":{"@id":"https:\/\/www.specagra.ee\/?product=gumines-grindjuostes#primaryimage"},"thumbnailUrl":"https:\/\/www.specagra.ee\/wp-content\/uploads\/2023\/03\/Untitled-design-47.jpg","datePublished":"2023-03-10T12:59:32+00:00","dateModified":"2023-03-10T13:05:14+00:00","breadcrumb":{"@id":"https:\/\/www.specagra.ee\/?product=gumines-grindjuostes#breadcrumb"},"inLanguage":"et","potentialAction":[{"@type":"ReadAction","target":["https:\/\/www.specagra.ee\/?product=gumines-grindjuostes"]}]},{"@type":"ImageObject","inLanguage":"et","@id":"https:\/\/www.specagra.ee\/?product=gumines-grindjuostes#primaryimage","url":"https:\/\/www.specagra.ee\/wp-content\/uploads\/2023\/03\/Untitled-design-47.jpg","contentUrl":"https:\/\/www.specagra.ee\/wp-content\/uploads\/2023\/03\/Untitled-design-47.jpg","width":800,"height":800},{"@type":"BreadcrumbList","@id":"https:\/\/www.specagra.ee\/?product=gumines-grindjuostes#breadcrumb","itemListElement":[{"@type":"ListItem","position":1,"name":"Home","item":"https:\/\/www.specagra.ee\/"},{"@type":"ListItem","position":2,"name":"P\u00f5llumajandustehnika ja loomakasvatus","item":"https:\/\/specagra.ee\/?page_id=18493"},{"@type":"ListItem","position":3,"name":"Gumin\u0117s grindjuost\u0117s"}]},{"@type":"WebSite","@id":"https:\/\/www.specagra.ee\/#website","url":"https:\/\/www.specagra.ee\/","name":"Specagra","description":"P\u00f5llumajandustehnika ja varuosad","publisher":{"@id":"https:\/\/www.specagra.ee\/#organization"},"potentialAction":[{"@type":"SearchAction","target":{"@type":"EntryPoint","urlTemplate":"https:\/\/www.specagra.ee\/?s={search_term_string}"},"query-input":{"@type":"PropertyValueSpecification","valueRequired":true,"valueName":"search_term_string"}}],"inLanguage":"et"},{"@type":"Organization","@id":"https:\/\/www.specagra.ee\/#organization","name":"UAB Specagra","url":"https:\/\/www.specagra.ee\/","logo":{"@type":"ImageObject","inLanguage":"et","@id":"https:\/\/www.specagra.ee\/#\/schema\/logo\/image\/","url":"http:\/\/www.specagra.ee\/wp-content\/uploads\/2022\/02\/SP-logo_naujas-scaled.jpg","contentUrl":"http:\/\/www.specagra.ee\/wp-content\/uploads\/2022\/02\/SP-logo_naujas-scaled.jpg","width":2560,"height":326,"caption":"UAB Specagra"},"image":{"@id":"https:\/\/www.specagra.ee\/#\/schema\/logo\/image\/"}}]}},"_links":{"self":[{"href":"https:\/\/www.specagra.ee\/index.php?rest_route=\/wp\/v2\/product\/27406","targetHints":{"allow":["GET"]}}],"collection":[{"href":"https:\/\/www.specagra.ee\/index.php?rest_route=\/wp\/v2\/product"}],"about":[{"href":"https:\/\/www.specagra.ee\/index.php?rest_route=\/wp\/v2\/types\/product"}],"wp:featuredmedia":[{"embeddable":true,"href":"https:\/\/www.specagra.ee\/index.php?rest_route=\/wp\/v2\/media\/27407"}],"wp:attachment":[{"href":"https:\/\/www.specagra.ee\/index.php?rest_route=%2Fwp%2Fv2%2Fmedia&parent=27406"}],"wp:term":[{"taxonomy":"product_brand","embeddable":true,"href":"https:\/\/www.specagra.ee\/index.php?rest_route=%2Fwp%2Fv2%2Fproduct_brand&post=27406"},{"taxonomy":"product_cat","embeddable":true,"href":"https:\/\/www.specagra.ee\/index.php?rest_route=%2Fwp%2Fv2%2Fproduct_cat&post=27406"},{"taxonomy":"product_tag","embeddable":true,"href":"https:\/\/www.specagra.ee\/index.php?rest_route=%2Fwp%2Fv2%2Fproduct_tag&post=27406"}],"curies":[{"name":"wp","href":"https:\/\/api.w.org\/{rel}","templated":true}]}}