{"id":27377,"date":"2023-03-10T10:03:29","date_gmt":"2023-03-10T12:03:29","guid":{"rendered":"https:\/\/www.specagra.ee\/?post_type=product&#038;p=27377"},"modified":"2023-03-10T10:15:24","modified_gmt":"2023-03-10T12:15:24","slug":"guminis-kilimelis-gh-1-4","status":"publish","type":"product","link":"https:\/\/www.specagra.ee\/?product=guminis-kilimelis-gh-1-4","title":{"rendered":"Guminis kilim\u0117lis GH 1.4."},"content":{"rendered":"<p>Privalumai :<\/p>\n<ul>\n<li>Apatin\u0117je pus\u0117je esantys spygliukai u\u017etikrina auk\u0161\u010diausio lygio komfort\u0105.<\/li>\n<li>Kilim\u0117lio gale yra grioveliai, palengvinantys drena\u017e\u0105.<\/li>\n<li>Slidum\u0105 ma\u017einantis pavir\u0161ius.<\/li>\n<li>Reguliuojamas pagal dyd\u012f.<\/li>\n<li>Galimi matmenys po kirpimo: 120\/115\/110 x 180\/175\/170 cm.<\/li>\n<li>Storis 32 mm<\/li>\n<\/ul>\n","protected":false},"excerpt":{"rendered":"<p>Privalumai : Apatin\u0117je pus\u0117je esantys spygliukai u\u017etikrina auk\u0161\u010diausio lygio komfort\u0105. Kilim\u0117lio gale yra grioveliai, palengvinantys drena\u017e\u0105. Slidum\u0105 ma\u017einantis pavir\u0161ius. Reguliuojamas pagal dyd\u012f. Galimi matmenys po kirpimo: 120\/115\/110 x 180\/175\/170 cm. Storis 32 mm<\/p>\n","protected":false},"featured_media":27378,"template":"","meta":{"_et_pb_use_builder":"","_et_pb_old_content":"","_et_gb_content_width":""},"product_brand":[],"product_cat":[149],"product_tag":[],"class_list":{"0":"post-27377","1":"product","2":"type-product","3":"status-publish","4":"has-post-thumbnail","6":"product_cat-kummist-lautakattematerjalid","8":"first","9":"instock","10":"shipping-taxable","11":"product-type-simple"},"yoast_head":"<!-- This site is optimized with the Yoast SEO plugin v26.4 - https:\/\/yoast.com\/wordpress\/plugins\/seo\/ -->\n<title>Guminis kilim\u0117lis GH 1.4. - Specagra<\/title>\n<meta name=\"robots\" content=\"index, follow, max-snippet:-1, max-image-preview:large, max-video-preview:-1\" \/>\n<link rel=\"canonical\" href=\"https:\/\/www.specagra.ee\/?product=guminis-kilimelis-gh-1-4\" \/>\n<meta property=\"og:locale\" content=\"et_EE\" \/>\n<meta property=\"og:type\" content=\"article\" \/>\n<meta property=\"og:title\" content=\"Guminis kilim\u0117lis GH 1.4. - Specagra\" \/>\n<meta property=\"og:description\" content=\"Privalumai : Apatin\u0117je pus\u0117je esantys spygliukai u\u017etikrina auk\u0161\u010diausio lygio komfort\u0105. Kilim\u0117lio gale yra grioveliai, palengvinantys drena\u017e\u0105. Slidum\u0105 ma\u017einantis pavir\u0161ius. Reguliuojamas pagal dyd\u012f. Galimi matmenys po kirpimo: 120\/115\/110 x 180\/175\/170 cm. Storis 32 mm\" \/>\n<meta property=\"og:url\" content=\"https:\/\/www.specagra.ee\/?product=guminis-kilimelis-gh-1-4\" \/>\n<meta property=\"og:site_name\" content=\"Specagra\" \/>\n<meta property=\"article:modified_time\" content=\"2023-03-10T12:15:24+00:00\" \/>\n<meta property=\"og:image\" content=\"https:\/\/www.specagra.ee\/wp-content\/uploads\/2023\/03\/Untitled-design-29.jpg\" \/>\n\t<meta property=\"og:image:width\" content=\"800\" \/>\n\t<meta property=\"og:image:height\" content=\"800\" \/>\n\t<meta property=\"og:image:type\" content=\"image\/jpeg\" \/>\n<meta name=\"twitter:card\" content=\"summary_large_image\" \/>\n<meta name=\"twitter:label1\" content=\"Est. reading time\" \/>\n\t<meta name=\"twitter:data1\" content=\"1 minut\" \/>\n<script type=\"application\/ld+json\" class=\"yoast-schema-graph\">{\"@context\":\"https:\/\/schema.org\",\"@graph\":[{\"@type\":\"WebPage\",\"@id\":\"https:\/\/www.specagra.ee\/?product=guminis-kilimelis-gh-1-4\",\"url\":\"https:\/\/www.specagra.ee\/?product=guminis-kilimelis-gh-1-4\",\"name\":\"Guminis kilim\u0117lis GH 1.4. - Specagra\",\"isPartOf\":{\"@id\":\"https:\/\/www.specagra.ee\/#website\"},\"primaryImageOfPage\":{\"@id\":\"https:\/\/www.specagra.ee\/?product=guminis-kilimelis-gh-1-4#primaryimage\"},\"image\":{\"@id\":\"https:\/\/www.specagra.ee\/?product=guminis-kilimelis-gh-1-4#primaryimage\"},\"thumbnailUrl\":\"https:\/\/www.specagra.ee\/wp-content\/uploads\/2023\/03\/Untitled-design-29.jpg\",\"datePublished\":\"2023-03-10T12:03:29+00:00\",\"dateModified\":\"2023-03-10T12:15:24+00:00\",\"breadcrumb\":{\"@id\":\"https:\/\/www.specagra.ee\/?product=guminis-kilimelis-gh-1-4#breadcrumb\"},\"inLanguage\":\"et\",\"potentialAction\":[{\"@type\":\"ReadAction\",\"target\":[\"https:\/\/www.specagra.ee\/?product=guminis-kilimelis-gh-1-4\"]}]},{\"@type\":\"ImageObject\",\"inLanguage\":\"et\",\"@id\":\"https:\/\/www.specagra.ee\/?product=guminis-kilimelis-gh-1-4#primaryimage\",\"url\":\"https:\/\/www.specagra.ee\/wp-content\/uploads\/2023\/03\/Untitled-design-29.jpg\",\"contentUrl\":\"https:\/\/www.specagra.ee\/wp-content\/uploads\/2023\/03\/Untitled-design-29.jpg\",\"width\":800,\"height\":800},{\"@type\":\"BreadcrumbList\",\"@id\":\"https:\/\/www.specagra.ee\/?product=guminis-kilimelis-gh-1-4#breadcrumb\",\"itemListElement\":[{\"@type\":\"ListItem\",\"position\":1,\"name\":\"Home\",\"item\":\"https:\/\/www.specagra.ee\/\"},{\"@type\":\"ListItem\",\"position\":2,\"name\":\"P\u00f5llumajandustehnika ja loomakasvatus\",\"item\":\"https:\/\/specagra.ee\/?page_id=18493\"},{\"@type\":\"ListItem\",\"position\":3,\"name\":\"Guminis kilim\u0117lis GH 1.4.\"}]},{\"@type\":\"WebSite\",\"@id\":\"https:\/\/www.specagra.ee\/#website\",\"url\":\"https:\/\/www.specagra.ee\/\",\"name\":\"Specagra\",\"description\":\"P\u00f5llumajandustehnika ja varuosad\",\"publisher\":{\"@id\":\"https:\/\/www.specagra.ee\/#organization\"},\"potentialAction\":[{\"@type\":\"SearchAction\",\"target\":{\"@type\":\"EntryPoint\",\"urlTemplate\":\"https:\/\/www.specagra.ee\/?s={search_term_string}\"},\"query-input\":{\"@type\":\"PropertyValueSpecification\",\"valueRequired\":true,\"valueName\":\"search_term_string\"}}],\"inLanguage\":\"et\"},{\"@type\":\"Organization\",\"@id\":\"https:\/\/www.specagra.ee\/#organization\",\"name\":\"UAB Specagra\",\"url\":\"https:\/\/www.specagra.ee\/\",\"logo\":{\"@type\":\"ImageObject\",\"inLanguage\":\"et\",\"@id\":\"https:\/\/www.specagra.ee\/#\/schema\/logo\/image\/\",\"url\":\"http:\/\/www.specagra.ee\/wp-content\/uploads\/2022\/02\/SP-logo_naujas-scaled.jpg\",\"contentUrl\":\"http:\/\/www.specagra.ee\/wp-content\/uploads\/2022\/02\/SP-logo_naujas-scaled.jpg\",\"width\":2560,\"height\":326,\"caption\":\"UAB Specagra\"},\"image\":{\"@id\":\"https:\/\/www.specagra.ee\/#\/schema\/logo\/image\/\"}}]}<\/script>\n<!-- \/ Yoast SEO plugin. -->","yoast_head_json":{"title":"Guminis kilim\u0117lis GH 1.4. - Specagra","robots":{"index":"index","follow":"follow","max-snippet":"max-snippet:-1","max-image-preview":"max-image-preview:large","max-video-preview":"max-video-preview:-1"},"canonical":"https:\/\/www.specagra.ee\/?product=guminis-kilimelis-gh-1-4","og_locale":"et_EE","og_type":"article","og_title":"Guminis kilim\u0117lis GH 1.4. - Specagra","og_description":"Privalumai : Apatin\u0117je pus\u0117je esantys spygliukai u\u017etikrina auk\u0161\u010diausio lygio komfort\u0105. Kilim\u0117lio gale yra grioveliai, palengvinantys drena\u017e\u0105. Slidum\u0105 ma\u017einantis pavir\u0161ius. Reguliuojamas pagal dyd\u012f. Galimi matmenys po kirpimo: 120\/115\/110 x 180\/175\/170 cm. Storis 32 mm","og_url":"https:\/\/www.specagra.ee\/?product=guminis-kilimelis-gh-1-4","og_site_name":"Specagra","article_modified_time":"2023-03-10T12:15:24+00:00","og_image":[{"width":800,"height":800,"url":"https:\/\/www.specagra.ee\/wp-content\/uploads\/2023\/03\/Untitled-design-29.jpg","type":"image\/jpeg"}],"twitter_card":"summary_large_image","twitter_misc":{"Est. reading time":"1 minut"},"schema":{"@context":"https:\/\/schema.org","@graph":[{"@type":"WebPage","@id":"https:\/\/www.specagra.ee\/?product=guminis-kilimelis-gh-1-4","url":"https:\/\/www.specagra.ee\/?product=guminis-kilimelis-gh-1-4","name":"Guminis kilim\u0117lis GH 1.4. - Specagra","isPartOf":{"@id":"https:\/\/www.specagra.ee\/#website"},"primaryImageOfPage":{"@id":"https:\/\/www.specagra.ee\/?product=guminis-kilimelis-gh-1-4#primaryimage"},"image":{"@id":"https:\/\/www.specagra.ee\/?product=guminis-kilimelis-gh-1-4#primaryimage"},"thumbnailUrl":"https:\/\/www.specagra.ee\/wp-content\/uploads\/2023\/03\/Untitled-design-29.jpg","datePublished":"2023-03-10T12:03:29+00:00","dateModified":"2023-03-10T12:15:24+00:00","breadcrumb":{"@id":"https:\/\/www.specagra.ee\/?product=guminis-kilimelis-gh-1-4#breadcrumb"},"inLanguage":"et","potentialAction":[{"@type":"ReadAction","target":["https:\/\/www.specagra.ee\/?product=guminis-kilimelis-gh-1-4"]}]},{"@type":"ImageObject","inLanguage":"et","@id":"https:\/\/www.specagra.ee\/?product=guminis-kilimelis-gh-1-4#primaryimage","url":"https:\/\/www.specagra.ee\/wp-content\/uploads\/2023\/03\/Untitled-design-29.jpg","contentUrl":"https:\/\/www.specagra.ee\/wp-content\/uploads\/2023\/03\/Untitled-design-29.jpg","width":800,"height":800},{"@type":"BreadcrumbList","@id":"https:\/\/www.specagra.ee\/?product=guminis-kilimelis-gh-1-4#breadcrumb","itemListElement":[{"@type":"ListItem","position":1,"name":"Home","item":"https:\/\/www.specagra.ee\/"},{"@type":"ListItem","position":2,"name":"P\u00f5llumajandustehnika ja loomakasvatus","item":"https:\/\/specagra.ee\/?page_id=18493"},{"@type":"ListItem","position":3,"name":"Guminis kilim\u0117lis GH 1.4."}]},{"@type":"WebSite","@id":"https:\/\/www.specagra.ee\/#website","url":"https:\/\/www.specagra.ee\/","name":"Specagra","description":"P\u00f5llumajandustehnika ja varuosad","publisher":{"@id":"https:\/\/www.specagra.ee\/#organization"},"potentialAction":[{"@type":"SearchAction","target":{"@type":"EntryPoint","urlTemplate":"https:\/\/www.specagra.ee\/?s={search_term_string}"},"query-input":{"@type":"PropertyValueSpecification","valueRequired":true,"valueName":"search_term_string"}}],"inLanguage":"et"},{"@type":"Organization","@id":"https:\/\/www.specagra.ee\/#organization","name":"UAB Specagra","url":"https:\/\/www.specagra.ee\/","logo":{"@type":"ImageObject","inLanguage":"et","@id":"https:\/\/www.specagra.ee\/#\/schema\/logo\/image\/","url":"http:\/\/www.specagra.ee\/wp-content\/uploads\/2022\/02\/SP-logo_naujas-scaled.jpg","contentUrl":"http:\/\/www.specagra.ee\/wp-content\/uploads\/2022\/02\/SP-logo_naujas-scaled.jpg","width":2560,"height":326,"caption":"UAB Specagra"},"image":{"@id":"https:\/\/www.specagra.ee\/#\/schema\/logo\/image\/"}}]}},"_links":{"self":[{"href":"https:\/\/www.specagra.ee\/index.php?rest_route=\/wp\/v2\/product\/27377","targetHints":{"allow":["GET"]}}],"collection":[{"href":"https:\/\/www.specagra.ee\/index.php?rest_route=\/wp\/v2\/product"}],"about":[{"href":"https:\/\/www.specagra.ee\/index.php?rest_route=\/wp\/v2\/types\/product"}],"wp:featuredmedia":[{"embeddable":true,"href":"https:\/\/www.specagra.ee\/index.php?rest_route=\/wp\/v2\/media\/27378"}],"wp:attachment":[{"href":"https:\/\/www.specagra.ee\/index.php?rest_route=%2Fwp%2Fv2%2Fmedia&parent=27377"}],"wp:term":[{"taxonomy":"product_brand","embeddable":true,"href":"https:\/\/www.specagra.ee\/index.php?rest_route=%2Fwp%2Fv2%2Fproduct_brand&post=27377"},{"taxonomy":"product_cat","embeddable":true,"href":"https:\/\/www.specagra.ee\/index.php?rest_route=%2Fwp%2Fv2%2Fproduct_cat&post=27377"},{"taxonomy":"product_tag","embeddable":true,"href":"https:\/\/www.specagra.ee\/index.php?rest_route=%2Fwp%2Fv2%2Fproduct_tag&post=27377"}],"curies":[{"name":"wp","href":"https:\/\/api.w.org\/{rel}","templated":true}]}}