{"id":2697,"date":"2020-06-26T06:26:58","date_gmt":"2020-06-26T08:26:58","guid":{"rendered":"https:\/\/www.specagra.ee.nemokamossvetaines.hostingas.lt\/?post_type=product&#038;p=2697"},"modified":"2022-06-17T11:28:23","modified_gmt":"2022-06-17T13:28:23","slug":"krautytuvai-tytan-premium","status":"publish","type":"product","link":"https:\/\/www.specagra.ee\/?product=krautytuvai-tytan-premium","title":{"rendered":"Krautytuvas TYTAN PREMIUM"},"content":{"rendered":"<p>Standartin\u0117 komplektacija :<\/p>\n<ul>\n<li>Belaipsnis hidraulinis transporterio valdymas;<\/li>\n<li>Biteri\u0173 plotis 2,0 m;<\/li>\n<li>Keturios grandin\u0117s (2 poros), grandin\u0117s 11 mm;<\/li>\n<li>TYTAN 7\/8\/10 PREMIUM \u2013 vienaa\u0161\u0117 va\u017eiuokl\u0117<\/li>\n<li>TYTAN 7TD\/8TD\/10TD\/11TD\/13TD\/18TD\/PREMIUM \u2013 TANDEM va\u017eiuokl\u0117<\/li>\n<li>Pakaba lingin\u0117;<\/li>\n<li>U\u017edaroma talpos sienel\u0117 TYTAN 10\/10TD\/11TD\/13TD\/18TD PREMIUM (hidraulinis valdymas);<\/li>\n<li>Pasirenkama prikabinimo sija : vir\u0161utinio arba apatinio prikabinimo (11TD\/13TD\/18TD PREMIUM);<\/li>\n<li>Atramin\u0117 reguliuojama pastatymo koja;<\/li>\n<li>1 konturo oriniai stabd\u017eiai;<\/li>\n<li>Rankinis stabdis;<\/li>\n<li>Transportavimo \u017eibintai;<\/li>\n<li>Galios perdavimo velenas;<\/li>\n<\/ul>\n<p>Papildoma komplektacija:<\/p>\n<ul>\n<li>BITERIAI : 2- horizontal\u016bs velenai su l\u0117k\u0161t\u0117mis;<\/li>\n<li>BITERIAI : horizontalus plaktukinis su l\u0117k\u0161t\u0117mis;<\/li>\n<li>U\u017edarymo sienel\u0117 prie\u0161\u00a0 biterius (TYTAN 7\/8\/7TD\/8TD PREMIUM);<\/li>\n<li>Galinis u\u017edarymo dangtis u\u017e biteri\u0173;<\/li>\n<li>\u0160oniniai deflektoriai valdomi mechani\u0161kai ( plaktukinis BITERIS);<\/li>\n<li>\u0160oniniai deflektoriai valdomi mechani\u0161kai ( du arba keturi vertikal\u016bs BITERIAI)(TYTAN 7\/8\/10\/11\/13\/18 PREMIUM);<\/li>\n<li>\u0160oniniai deflektoriai valdomi hidrauli\u0161kai (du vertikal\u016bs BITERIAI)(TYTAN 7\/8\/10\/11\/13\/18 PREMIUM);<\/li>\n<li>RBS hidraulinis skirstytuvas<\/li>\n<li>Siloso perve\u017eimo galinis dangtis vietoje biteri\u0173 su 500 mm paauk\u0161tinimais;<\/li>\n<li>Elektrinis transporterio valdymas MSR5;<\/li>\n<li>Prikabinimo kilpa 80mm;<\/li>\n<li>2- kont\u016br\u0173 pneumatiniai stabd\u017eiai;<\/li>\n<\/ul>\n","protected":false},"excerpt":{"rendered":"<p>Standartin\u0117 komplektacija : Belaipsnis hidraulinis transporterio valdymas; Biteri\u0173 plotis 2,0 m; Keturios grandin\u0117s (2 poros), grandin\u0117s 11 mm; TYTAN 7\/8\/10 PREMIUM \u2013 vienaa\u0161\u0117 va\u017eiuokl\u0117 TYTAN 7TD\/8TD\/10TD\/11TD\/13TD\/18TD\/PREMIUM \u2013 TANDEM va\u017eiuokl\u0117 Pakaba lingin\u0117; U\u017edaroma talpos sienel\u0117 TYTAN 10\/10TD\/11TD\/13TD\/18TD PREMIUM (hidraulinis valdymas); Pasirenkama prikabinimo sija : vir\u0161utinio arba apatinio prikabinimo (11TD\/13TD\/18TD PREMIUM); Atramin\u0117 reguliuojama pastatymo koja; 1 konturo [&hellip;]<\/p>\n","protected":false},"featured_media":17637,"template":"","meta":{"_et_pb_use_builder":"","_et_pb_old_content":"","_et_gb_content_width":""},"product_brand":[],"product_cat":[133],"product_tag":[],"class_list":{"0":"post-2697","1":"product","2":"type-product","3":"status-publish","4":"has-post-thumbnail","6":"product_cat-sonniku-raputid","8":"first","9":"instock","10":"shipping-taxable","11":"product-type-simple"},"yoast_head":"<!-- This site is optimized with the Yoast SEO plugin v26.4 - https:\/\/yoast.com\/wordpress\/plugins\/seo\/ -->\n<title>Krautytuvas TYTAN PREMIUM - Specagra<\/title>\n<meta name=\"robots\" content=\"index, follow, max-snippet:-1, max-image-preview:large, max-video-preview:-1\" \/>\n<link rel=\"canonical\" href=\"https:\/\/www.specagra.ee\/?product=krautytuvai-tytan-premium\" \/>\n<meta property=\"og:locale\" content=\"et_EE\" \/>\n<meta property=\"og:type\" content=\"article\" \/>\n<meta property=\"og:title\" content=\"Krautytuvas TYTAN PREMIUM - Specagra\" \/>\n<meta property=\"og:description\" content=\"Standartin\u0117 komplektacija : Belaipsnis hidraulinis transporterio valdymas; Biteri\u0173 plotis 2,0 m; Keturios grandin\u0117s (2 poros), grandin\u0117s 11 mm; TYTAN 7\/8\/10 PREMIUM \u2013 vienaa\u0161\u0117 va\u017eiuokl\u0117 TYTAN 7TD\/8TD\/10TD\/11TD\/13TD\/18TD\/PREMIUM \u2013 TANDEM va\u017eiuokl\u0117 Pakaba lingin\u0117; U\u017edaroma talpos sienel\u0117 TYTAN 10\/10TD\/11TD\/13TD\/18TD PREMIUM (hidraulinis valdymas); Pasirenkama prikabinimo sija : vir\u0161utinio arba apatinio prikabinimo (11TD\/13TD\/18TD PREMIUM); Atramin\u0117 reguliuojama pastatymo koja; 1 konturo [&hellip;]\" \/>\n<meta property=\"og:url\" content=\"https:\/\/www.specagra.ee\/?product=krautytuvai-tytan-premium\" \/>\n<meta property=\"og:site_name\" content=\"Specagra\" \/>\n<meta property=\"article:modified_time\" content=\"2022-06-17T13:28:23+00:00\" \/>\n<meta property=\"og:image\" content=\"https:\/\/www.specagra.ee\/wp-content\/uploads\/2020\/06\/TYTAN-PREMIUM.png\" \/>\n\t<meta property=\"og:image:width\" content=\"1280\" \/>\n\t<meta property=\"og:image:height\" content=\"720\" \/>\n\t<meta property=\"og:image:type\" content=\"image\/webp\" \/>\n<meta name=\"twitter:card\" content=\"summary_large_image\" \/>\n<meta name=\"twitter:label1\" content=\"Est. reading time\" \/>\n\t<meta name=\"twitter:data1\" content=\"1 minut\" \/>\n<script type=\"application\/ld+json\" class=\"yoast-schema-graph\">{\"@context\":\"https:\/\/schema.org\",\"@graph\":[{\"@type\":\"WebPage\",\"@id\":\"https:\/\/www.specagra.ee\/?product=krautytuvai-tytan-premium\",\"url\":\"https:\/\/www.specagra.ee\/?product=krautytuvai-tytan-premium\",\"name\":\"Krautytuvas TYTAN PREMIUM - Specagra\",\"isPartOf\":{\"@id\":\"https:\/\/www.specagra.ee\/#website\"},\"primaryImageOfPage\":{\"@id\":\"https:\/\/www.specagra.ee\/?product=krautytuvai-tytan-premium#primaryimage\"},\"image\":{\"@id\":\"https:\/\/www.specagra.ee\/?product=krautytuvai-tytan-premium#primaryimage\"},\"thumbnailUrl\":\"https:\/\/www.specagra.ee\/wp-content\/uploads\/2020\/06\/TYTAN-PREMIUM.png\",\"datePublished\":\"2020-06-26T08:26:58+00:00\",\"dateModified\":\"2022-06-17T13:28:23+00:00\",\"breadcrumb\":{\"@id\":\"https:\/\/www.specagra.ee\/?product=krautytuvai-tytan-premium#breadcrumb\"},\"inLanguage\":\"et\",\"potentialAction\":[{\"@type\":\"ReadAction\",\"target\":[\"https:\/\/www.specagra.ee\/?product=krautytuvai-tytan-premium\"]}]},{\"@type\":\"ImageObject\",\"inLanguage\":\"et\",\"@id\":\"https:\/\/www.specagra.ee\/?product=krautytuvai-tytan-premium#primaryimage\",\"url\":\"https:\/\/www.specagra.ee\/wp-content\/uploads\/2020\/06\/TYTAN-PREMIUM.png\",\"contentUrl\":\"https:\/\/www.specagra.ee\/wp-content\/uploads\/2020\/06\/TYTAN-PREMIUM.png\",\"width\":1280,\"height\":720,\"caption\":\"Krautytuvas TYTAN PREMIUM\"},{\"@type\":\"BreadcrumbList\",\"@id\":\"https:\/\/www.specagra.ee\/?product=krautytuvai-tytan-premium#breadcrumb\",\"itemListElement\":[{\"@type\":\"ListItem\",\"position\":1,\"name\":\"Home\",\"item\":\"https:\/\/www.specagra.ee\/\"},{\"@type\":\"ListItem\",\"position\":2,\"name\":\"P\u00f5llumajandustehnika ja loomakasvatus\",\"item\":\"https:\/\/specagra.ee\/?page_id=18493\"},{\"@type\":\"ListItem\",\"position\":3,\"name\":\"Krautytuvas TYTAN PREMIUM\"}]},{\"@type\":\"WebSite\",\"@id\":\"https:\/\/www.specagra.ee\/#website\",\"url\":\"https:\/\/www.specagra.ee\/\",\"name\":\"Specagra\",\"description\":\"P\u00f5llumajandustehnika ja varuosad\",\"publisher\":{\"@id\":\"https:\/\/www.specagra.ee\/#organization\"},\"potentialAction\":[{\"@type\":\"SearchAction\",\"target\":{\"@type\":\"EntryPoint\",\"urlTemplate\":\"https:\/\/www.specagra.ee\/?s={search_term_string}\"},\"query-input\":{\"@type\":\"PropertyValueSpecification\",\"valueRequired\":true,\"valueName\":\"search_term_string\"}}],\"inLanguage\":\"et\"},{\"@type\":\"Organization\",\"@id\":\"https:\/\/www.specagra.ee\/#organization\",\"name\":\"UAB Specagra\",\"url\":\"https:\/\/www.specagra.ee\/\",\"logo\":{\"@type\":\"ImageObject\",\"inLanguage\":\"et\",\"@id\":\"https:\/\/www.specagra.ee\/#\/schema\/logo\/image\/\",\"url\":\"http:\/\/www.specagra.ee\/wp-content\/uploads\/2022\/02\/SP-logo_naujas-scaled.jpg\",\"contentUrl\":\"http:\/\/www.specagra.ee\/wp-content\/uploads\/2022\/02\/SP-logo_naujas-scaled.jpg\",\"width\":2560,\"height\":326,\"caption\":\"UAB Specagra\"},\"image\":{\"@id\":\"https:\/\/www.specagra.ee\/#\/schema\/logo\/image\/\"}}]}<\/script>\n<!-- \/ Yoast SEO plugin. -->","yoast_head_json":{"title":"Krautytuvas TYTAN PREMIUM - Specagra","robots":{"index":"index","follow":"follow","max-snippet":"max-snippet:-1","max-image-preview":"max-image-preview:large","max-video-preview":"max-video-preview:-1"},"canonical":"https:\/\/www.specagra.ee\/?product=krautytuvai-tytan-premium","og_locale":"et_EE","og_type":"article","og_title":"Krautytuvas TYTAN PREMIUM - Specagra","og_description":"Standartin\u0117 komplektacija : Belaipsnis hidraulinis transporterio valdymas; Biteri\u0173 plotis 2,0 m; Keturios grandin\u0117s (2 poros), grandin\u0117s 11 mm; TYTAN 7\/8\/10 PREMIUM \u2013 vienaa\u0161\u0117 va\u017eiuokl\u0117 TYTAN 7TD\/8TD\/10TD\/11TD\/13TD\/18TD\/PREMIUM \u2013 TANDEM va\u017eiuokl\u0117 Pakaba lingin\u0117; U\u017edaroma talpos sienel\u0117 TYTAN 10\/10TD\/11TD\/13TD\/18TD PREMIUM (hidraulinis valdymas); Pasirenkama prikabinimo sija : vir\u0161utinio arba apatinio prikabinimo (11TD\/13TD\/18TD PREMIUM); Atramin\u0117 reguliuojama pastatymo koja; 1 konturo [&hellip;]","og_url":"https:\/\/www.specagra.ee\/?product=krautytuvai-tytan-premium","og_site_name":"Specagra","article_modified_time":"2022-06-17T13:28:23+00:00","og_image":[{"width":1280,"height":720,"url":"https:\/\/www.specagra.ee\/wp-content\/uploads\/2020\/06\/TYTAN-PREMIUM.png","type":"image\/webp"}],"twitter_card":"summary_large_image","twitter_misc":{"Est. reading time":"1 minut"},"schema":{"@context":"https:\/\/schema.org","@graph":[{"@type":"WebPage","@id":"https:\/\/www.specagra.ee\/?product=krautytuvai-tytan-premium","url":"https:\/\/www.specagra.ee\/?product=krautytuvai-tytan-premium","name":"Krautytuvas TYTAN PREMIUM - Specagra","isPartOf":{"@id":"https:\/\/www.specagra.ee\/#website"},"primaryImageOfPage":{"@id":"https:\/\/www.specagra.ee\/?product=krautytuvai-tytan-premium#primaryimage"},"image":{"@id":"https:\/\/www.specagra.ee\/?product=krautytuvai-tytan-premium#primaryimage"},"thumbnailUrl":"https:\/\/www.specagra.ee\/wp-content\/uploads\/2020\/06\/TYTAN-PREMIUM.png","datePublished":"2020-06-26T08:26:58+00:00","dateModified":"2022-06-17T13:28:23+00:00","breadcrumb":{"@id":"https:\/\/www.specagra.ee\/?product=krautytuvai-tytan-premium#breadcrumb"},"inLanguage":"et","potentialAction":[{"@type":"ReadAction","target":["https:\/\/www.specagra.ee\/?product=krautytuvai-tytan-premium"]}]},{"@type":"ImageObject","inLanguage":"et","@id":"https:\/\/www.specagra.ee\/?product=krautytuvai-tytan-premium#primaryimage","url":"https:\/\/www.specagra.ee\/wp-content\/uploads\/2020\/06\/TYTAN-PREMIUM.png","contentUrl":"https:\/\/www.specagra.ee\/wp-content\/uploads\/2020\/06\/TYTAN-PREMIUM.png","width":1280,"height":720,"caption":"Krautytuvas TYTAN PREMIUM"},{"@type":"BreadcrumbList","@id":"https:\/\/www.specagra.ee\/?product=krautytuvai-tytan-premium#breadcrumb","itemListElement":[{"@type":"ListItem","position":1,"name":"Home","item":"https:\/\/www.specagra.ee\/"},{"@type":"ListItem","position":2,"name":"P\u00f5llumajandustehnika ja loomakasvatus","item":"https:\/\/specagra.ee\/?page_id=18493"},{"@type":"ListItem","position":3,"name":"Krautytuvas TYTAN PREMIUM"}]},{"@type":"WebSite","@id":"https:\/\/www.specagra.ee\/#website","url":"https:\/\/www.specagra.ee\/","name":"Specagra","description":"P\u00f5llumajandustehnika ja varuosad","publisher":{"@id":"https:\/\/www.specagra.ee\/#organization"},"potentialAction":[{"@type":"SearchAction","target":{"@type":"EntryPoint","urlTemplate":"https:\/\/www.specagra.ee\/?s={search_term_string}"},"query-input":{"@type":"PropertyValueSpecification","valueRequired":true,"valueName":"search_term_string"}}],"inLanguage":"et"},{"@type":"Organization","@id":"https:\/\/www.specagra.ee\/#organization","name":"UAB Specagra","url":"https:\/\/www.specagra.ee\/","logo":{"@type":"ImageObject","inLanguage":"et","@id":"https:\/\/www.specagra.ee\/#\/schema\/logo\/image\/","url":"http:\/\/www.specagra.ee\/wp-content\/uploads\/2022\/02\/SP-logo_naujas-scaled.jpg","contentUrl":"http:\/\/www.specagra.ee\/wp-content\/uploads\/2022\/02\/SP-logo_naujas-scaled.jpg","width":2560,"height":326,"caption":"UAB Specagra"},"image":{"@id":"https:\/\/www.specagra.ee\/#\/schema\/logo\/image\/"}}]}},"_links":{"self":[{"href":"https:\/\/www.specagra.ee\/index.php?rest_route=\/wp\/v2\/product\/2697","targetHints":{"allow":["GET"]}}],"collection":[{"href":"https:\/\/www.specagra.ee\/index.php?rest_route=\/wp\/v2\/product"}],"about":[{"href":"https:\/\/www.specagra.ee\/index.php?rest_route=\/wp\/v2\/types\/product"}],"wp:featuredmedia":[{"embeddable":true,"href":"https:\/\/www.specagra.ee\/index.php?rest_route=\/wp\/v2\/media\/17637"}],"wp:attachment":[{"href":"https:\/\/www.specagra.ee\/index.php?rest_route=%2Fwp%2Fv2%2Fmedia&parent=2697"}],"wp:term":[{"taxonomy":"product_brand","embeddable":true,"href":"https:\/\/www.specagra.ee\/index.php?rest_route=%2Fwp%2Fv2%2Fproduct_brand&post=2697"},{"taxonomy":"product_cat","embeddable":true,"href":"https:\/\/www.specagra.ee\/index.php?rest_route=%2Fwp%2Fv2%2Fproduct_cat&post=2697"},{"taxonomy":"product_tag","embeddable":true,"href":"https:\/\/www.specagra.ee\/index.php?rest_route=%2Fwp%2Fv2%2Fproduct_tag&post=2697"}],"curies":[{"name":"wp","href":"https:\/\/api.w.org\/{rel}","templated":true}]}}