{"id":2637,"date":"2020-06-26T05:38:01","date_gmt":"2020-06-26T07:38:01","guid":{"rendered":"https:\/\/www.specagra.ee.nemokamossvetaines.hostingas.lt\/?post_type=product&#038;p=2637"},"modified":"2020-10-08T11:14:29","modified_gmt":"2020-10-08T13:14:29","slug":"purkstuvai-lux","status":"publish","type":"product","link":"https:\/\/www.specagra.ee\/?product=purkstuvai-lux","title":{"rendered":"Purk\u0161tuvas LUX"},"content":{"rendered":"<p>Standartin\u0117 komplektacija:<\/p>\n<ul>\n<li>Plastikin\u0117 bako talpa 3-j\u0173 kamer\u0173;<\/li>\n<li>\u0160varaus vandens talpa rankoms plauti;<\/li>\n<li>Bako praplovimui \u0161varaus vandens talpa;<\/li>\n<li>Pagrindin\u0117 talpa;<\/li>\n<li>Membraninis siurblys ZETA 100 \u2013 400, 600 l , ZETA 140 \u2013 800\/1000 l;<\/li>\n<li>Rankinis purk\u0161tuvo valdymas \u2013 ZSF;<\/li>\n<li>Pur\u0161kimo sijos sulankstomos ir i\u0161lankstomos simetri\u0161kai hidrauli\u0161kai, pakeliamos hidrauliniu b\u016bdu (2 poros hidraulio);<\/li>\n<li>I\u0161pur\u0161kimo sijos pak\u0117limas iki 2,1 m. (400\/600 l \u2013 1,7 m)<\/li>\n<li>Trapecin\u0117 sij\u0173 stabilizacija;<\/li>\n<li>Sijose sumontuotos skys\u010diui tek\u0117ti \u017eym\u0117tos \u017earnos , purk\u0161tukai i\u0161d\u0117styti kas 50 cm;<\/li>\n<li>LT technin\u0117 ap\u017ei\u016bra;<\/li>\n<li>I\u0161pur\u0161kimo purk\u0161tukai 1-pozicijos.<\/li>\n<\/ul>\n<p><sup>\u00a0\u00a0<\/sup>Papildoma komplektacija:<\/p>\n<ul>\n<li>Purk\u0161tuvo valdymas mechaninis su sl\u0117gio kompensavimu ir sekcij\u0173 valdymu;<\/li>\n<li>Elektrinis valdymas 5 sekcijoms;<\/li>\n<li>Kompiuteris MULLER SPRAY;<\/li>\n<li>NAVI-GPS, SECTION CONTROL, TRACK LEADER II;<\/li>\n<li>\u0160oninis in\u017eektorinis bakelis;<\/li>\n<li>Kompiuterio laikiklis tvirtinamas ant stiklo;<\/li>\n<li>Nepriklausomas sij\u0173 i\u0161lankstymas : kair\u0117 \/ de\u0161in\u0117 ( 1 hidraulio pora);<\/li>\n<li>Transportavimo \u0161viesos;<\/li>\n<li>Galios velenas;<\/li>\n<li>Prisitraukimo \u017earna su pl\u016bduru 6m;<\/li>\n<li>Transportavimo rateliai;<\/li>\n<li>3 pozicij\u0173 purk\u0161tukai;<\/li>\n<\/ul>\n","protected":false},"excerpt":{"rendered":"<p>Standartin\u0117 komplektacija: Plastikin\u0117 bako talpa 3-j\u0173 kamer\u0173; \u0160varaus vandens talpa rankoms plauti; Bako praplovimui \u0161varaus vandens talpa; Pagrindin\u0117 talpa; Membraninis siurblys ZETA 100 \u2013 400, 600 l , ZETA 140 \u2013 800\/1000 l; Rankinis purk\u0161tuvo valdymas \u2013 ZSF; Pur\u0161kimo sijos sulankstomos ir i\u0161lankstomos simetri\u0161kai hidrauli\u0161kai, pakeliamos hidrauliniu b\u016bdu (2 poros hidraulio); I\u0161pur\u0161kimo sijos pak\u0117limas iki [&hellip;]<\/p>\n","protected":false},"featured_media":2638,"template":"","meta":{"_et_pb_use_builder":"","_et_pb_old_content":"","_et_gb_content_width":""},"product_brand":[],"product_cat":[58],"product_tag":[],"class_list":{"0":"post-2637","1":"product","2":"type-product","3":"status-publish","4":"has-post-thumbnail","6":"product_cat-pritsid","8":"first","9":"instock","10":"shipping-taxable","11":"product-type-simple"},"yoast_head":"<!-- This site is optimized with the Yoast SEO plugin v26.4 - https:\/\/yoast.com\/wordpress\/plugins\/seo\/ -->\n<title>Purk\u0161tuvas LUX - Specagra<\/title>\n<meta name=\"robots\" content=\"index, follow, max-snippet:-1, max-image-preview:large, max-video-preview:-1\" \/>\n<link rel=\"canonical\" href=\"https:\/\/www.specagra.ee\/?product=purkstuvai-lux\" \/>\n<meta property=\"og:locale\" content=\"et_EE\" \/>\n<meta property=\"og:type\" content=\"article\" \/>\n<meta property=\"og:title\" content=\"Purk\u0161tuvas LUX - Specagra\" \/>\n<meta property=\"og:description\" content=\"Standartin\u0117 komplektacija: Plastikin\u0117 bako talpa 3-j\u0173 kamer\u0173; \u0160varaus vandens talpa rankoms plauti; Bako praplovimui \u0161varaus vandens talpa; Pagrindin\u0117 talpa; Membraninis siurblys ZETA 100 \u2013 400, 600 l , ZETA 140 \u2013 800\/1000 l; Rankinis purk\u0161tuvo valdymas \u2013 ZSF; Pur\u0161kimo sijos sulankstomos ir i\u0161lankstomos simetri\u0161kai hidrauli\u0161kai, pakeliamos hidrauliniu b\u016bdu (2 poros hidraulio); I\u0161pur\u0161kimo sijos pak\u0117limas iki [&hellip;]\" \/>\n<meta property=\"og:url\" content=\"https:\/\/www.specagra.ee\/?product=purkstuvai-lux\" \/>\n<meta property=\"og:site_name\" content=\"Specagra\" \/>\n<meta property=\"article:modified_time\" content=\"2020-10-08T13:14:29+00:00\" \/>\n<meta property=\"og:image\" content=\"https:\/\/www.specagra.ee\/wp-content\/uploads\/2020\/06\/si\u0142ownikwychylenia-600x338-1.jpg\" \/>\n\t<meta property=\"og:image:width\" content=\"600\" \/>\n\t<meta property=\"og:image:height\" content=\"338\" \/>\n\t<meta property=\"og:image:type\" content=\"image\/jpeg\" \/>\n<meta name=\"twitter:card\" content=\"summary_large_image\" \/>\n<meta name=\"twitter:label1\" content=\"Est. reading time\" \/>\n\t<meta name=\"twitter:data1\" content=\"1 minut\" \/>\n<script type=\"application\/ld+json\" class=\"yoast-schema-graph\">{\"@context\":\"https:\/\/schema.org\",\"@graph\":[{\"@type\":\"WebPage\",\"@id\":\"https:\/\/www.specagra.ee\/?product=purkstuvai-lux\",\"url\":\"https:\/\/www.specagra.ee\/?product=purkstuvai-lux\",\"name\":\"Purk\u0161tuvas LUX - Specagra\",\"isPartOf\":{\"@id\":\"https:\/\/www.specagra.ee\/#website\"},\"primaryImageOfPage\":{\"@id\":\"https:\/\/www.specagra.ee\/?product=purkstuvai-lux#primaryimage\"},\"image\":{\"@id\":\"https:\/\/www.specagra.ee\/?product=purkstuvai-lux#primaryimage\"},\"thumbnailUrl\":\"https:\/\/www.specagra.ee\/wp-content\/uploads\/2020\/06\/si\u0142ownikwychylenia-600x338-1.jpg\",\"datePublished\":\"2020-06-26T07:38:01+00:00\",\"dateModified\":\"2020-10-08T13:14:29+00:00\",\"breadcrumb\":{\"@id\":\"https:\/\/www.specagra.ee\/?product=purkstuvai-lux#breadcrumb\"},\"inLanguage\":\"et\",\"potentialAction\":[{\"@type\":\"ReadAction\",\"target\":[\"https:\/\/www.specagra.ee\/?product=purkstuvai-lux\"]}]},{\"@type\":\"ImageObject\",\"inLanguage\":\"et\",\"@id\":\"https:\/\/www.specagra.ee\/?product=purkstuvai-lux#primaryimage\",\"url\":\"https:\/\/www.specagra.ee\/wp-content\/uploads\/2020\/06\/si\u0142ownikwychylenia-600x338-1.jpg\",\"contentUrl\":\"https:\/\/www.specagra.ee\/wp-content\/uploads\/2020\/06\/si\u0142ownikwychylenia-600x338-1.jpg\",\"width\":600,\"height\":338,\"caption\":\"Purk\u0161tuvas LUX\"},{\"@type\":\"BreadcrumbList\",\"@id\":\"https:\/\/www.specagra.ee\/?product=purkstuvai-lux#breadcrumb\",\"itemListElement\":[{\"@type\":\"ListItem\",\"position\":1,\"name\":\"Home\",\"item\":\"https:\/\/www.specagra.ee\/\"},{\"@type\":\"ListItem\",\"position\":2,\"name\":\"P\u00f5llumajandustehnika ja loomakasvatus\",\"item\":\"https:\/\/specagra.ee\/?page_id=18493\"},{\"@type\":\"ListItem\",\"position\":3,\"name\":\"Purk\u0161tuvas LUX\"}]},{\"@type\":\"WebSite\",\"@id\":\"https:\/\/www.specagra.ee\/#website\",\"url\":\"https:\/\/www.specagra.ee\/\",\"name\":\"Specagra\",\"description\":\"P\u00f5llumajandustehnika ja varuosad\",\"publisher\":{\"@id\":\"https:\/\/www.specagra.ee\/#organization\"},\"potentialAction\":[{\"@type\":\"SearchAction\",\"target\":{\"@type\":\"EntryPoint\",\"urlTemplate\":\"https:\/\/www.specagra.ee\/?s={search_term_string}\"},\"query-input\":{\"@type\":\"PropertyValueSpecification\",\"valueRequired\":true,\"valueName\":\"search_term_string\"}}],\"inLanguage\":\"et\"},{\"@type\":\"Organization\",\"@id\":\"https:\/\/www.specagra.ee\/#organization\",\"name\":\"UAB Specagra\",\"url\":\"https:\/\/www.specagra.ee\/\",\"logo\":{\"@type\":\"ImageObject\",\"inLanguage\":\"et\",\"@id\":\"https:\/\/www.specagra.ee\/#\/schema\/logo\/image\/\",\"url\":\"http:\/\/www.specagra.ee\/wp-content\/uploads\/2022\/02\/SP-logo_naujas-scaled.jpg\",\"contentUrl\":\"http:\/\/www.specagra.ee\/wp-content\/uploads\/2022\/02\/SP-logo_naujas-scaled.jpg\",\"width\":2560,\"height\":326,\"caption\":\"UAB Specagra\"},\"image\":{\"@id\":\"https:\/\/www.specagra.ee\/#\/schema\/logo\/image\/\"}}]}<\/script>\n<!-- \/ Yoast SEO plugin. -->","yoast_head_json":{"title":"Purk\u0161tuvas LUX - Specagra","robots":{"index":"index","follow":"follow","max-snippet":"max-snippet:-1","max-image-preview":"max-image-preview:large","max-video-preview":"max-video-preview:-1"},"canonical":"https:\/\/www.specagra.ee\/?product=purkstuvai-lux","og_locale":"et_EE","og_type":"article","og_title":"Purk\u0161tuvas LUX - Specagra","og_description":"Standartin\u0117 komplektacija: Plastikin\u0117 bako talpa 3-j\u0173 kamer\u0173; \u0160varaus vandens talpa rankoms plauti; Bako praplovimui \u0161varaus vandens talpa; Pagrindin\u0117 talpa; Membraninis siurblys ZETA 100 \u2013 400, 600 l , ZETA 140 \u2013 800\/1000 l; Rankinis purk\u0161tuvo valdymas \u2013 ZSF; Pur\u0161kimo sijos sulankstomos ir i\u0161lankstomos simetri\u0161kai hidrauli\u0161kai, pakeliamos hidrauliniu b\u016bdu (2 poros hidraulio); I\u0161pur\u0161kimo sijos pak\u0117limas iki [&hellip;]","og_url":"https:\/\/www.specagra.ee\/?product=purkstuvai-lux","og_site_name":"Specagra","article_modified_time":"2020-10-08T13:14:29+00:00","og_image":[{"width":600,"height":338,"url":"https:\/\/www.specagra.ee\/wp-content\/uploads\/2020\/06\/si\u0142ownikwychylenia-600x338-1.jpg","type":"image\/jpeg"}],"twitter_card":"summary_large_image","twitter_misc":{"Est. reading time":"1 minut"},"schema":{"@context":"https:\/\/schema.org","@graph":[{"@type":"WebPage","@id":"https:\/\/www.specagra.ee\/?product=purkstuvai-lux","url":"https:\/\/www.specagra.ee\/?product=purkstuvai-lux","name":"Purk\u0161tuvas LUX - Specagra","isPartOf":{"@id":"https:\/\/www.specagra.ee\/#website"},"primaryImageOfPage":{"@id":"https:\/\/www.specagra.ee\/?product=purkstuvai-lux#primaryimage"},"image":{"@id":"https:\/\/www.specagra.ee\/?product=purkstuvai-lux#primaryimage"},"thumbnailUrl":"https:\/\/www.specagra.ee\/wp-content\/uploads\/2020\/06\/si\u0142ownikwychylenia-600x338-1.jpg","datePublished":"2020-06-26T07:38:01+00:00","dateModified":"2020-10-08T13:14:29+00:00","breadcrumb":{"@id":"https:\/\/www.specagra.ee\/?product=purkstuvai-lux#breadcrumb"},"inLanguage":"et","potentialAction":[{"@type":"ReadAction","target":["https:\/\/www.specagra.ee\/?product=purkstuvai-lux"]}]},{"@type":"ImageObject","inLanguage":"et","@id":"https:\/\/www.specagra.ee\/?product=purkstuvai-lux#primaryimage","url":"https:\/\/www.specagra.ee\/wp-content\/uploads\/2020\/06\/si\u0142ownikwychylenia-600x338-1.jpg","contentUrl":"https:\/\/www.specagra.ee\/wp-content\/uploads\/2020\/06\/si\u0142ownikwychylenia-600x338-1.jpg","width":600,"height":338,"caption":"Purk\u0161tuvas LUX"},{"@type":"BreadcrumbList","@id":"https:\/\/www.specagra.ee\/?product=purkstuvai-lux#breadcrumb","itemListElement":[{"@type":"ListItem","position":1,"name":"Home","item":"https:\/\/www.specagra.ee\/"},{"@type":"ListItem","position":2,"name":"P\u00f5llumajandustehnika ja loomakasvatus","item":"https:\/\/specagra.ee\/?page_id=18493"},{"@type":"ListItem","position":3,"name":"Purk\u0161tuvas LUX"}]},{"@type":"WebSite","@id":"https:\/\/www.specagra.ee\/#website","url":"https:\/\/www.specagra.ee\/","name":"Specagra","description":"P\u00f5llumajandustehnika ja varuosad","publisher":{"@id":"https:\/\/www.specagra.ee\/#organization"},"potentialAction":[{"@type":"SearchAction","target":{"@type":"EntryPoint","urlTemplate":"https:\/\/www.specagra.ee\/?s={search_term_string}"},"query-input":{"@type":"PropertyValueSpecification","valueRequired":true,"valueName":"search_term_string"}}],"inLanguage":"et"},{"@type":"Organization","@id":"https:\/\/www.specagra.ee\/#organization","name":"UAB Specagra","url":"https:\/\/www.specagra.ee\/","logo":{"@type":"ImageObject","inLanguage":"et","@id":"https:\/\/www.specagra.ee\/#\/schema\/logo\/image\/","url":"http:\/\/www.specagra.ee\/wp-content\/uploads\/2022\/02\/SP-logo_naujas-scaled.jpg","contentUrl":"http:\/\/www.specagra.ee\/wp-content\/uploads\/2022\/02\/SP-logo_naujas-scaled.jpg","width":2560,"height":326,"caption":"UAB Specagra"},"image":{"@id":"https:\/\/www.specagra.ee\/#\/schema\/logo\/image\/"}}]}},"_links":{"self":[{"href":"https:\/\/www.specagra.ee\/index.php?rest_route=\/wp\/v2\/product\/2637","targetHints":{"allow":["GET"]}}],"collection":[{"href":"https:\/\/www.specagra.ee\/index.php?rest_route=\/wp\/v2\/product"}],"about":[{"href":"https:\/\/www.specagra.ee\/index.php?rest_route=\/wp\/v2\/types\/product"}],"wp:featuredmedia":[{"embeddable":true,"href":"https:\/\/www.specagra.ee\/index.php?rest_route=\/wp\/v2\/media\/2638"}],"wp:attachment":[{"href":"https:\/\/www.specagra.ee\/index.php?rest_route=%2Fwp%2Fv2%2Fmedia&parent=2637"}],"wp:term":[{"taxonomy":"product_brand","embeddable":true,"href":"https:\/\/www.specagra.ee\/index.php?rest_route=%2Fwp%2Fv2%2Fproduct_brand&post=2637"},{"taxonomy":"product_cat","embeddable":true,"href":"https:\/\/www.specagra.ee\/index.php?rest_route=%2Fwp%2Fv2%2Fproduct_cat&post=2637"},{"taxonomy":"product_tag","embeddable":true,"href":"https:\/\/www.specagra.ee\/index.php?rest_route=%2Fwp%2Fv2%2Fproduct_tag&post=2637"}],"curies":[{"name":"wp","href":"https:\/\/api.w.org\/{rel}","templated":true}]}}