{"id":2567,"date":"2020-06-26T04:53:59","date_gmt":"2020-06-26T06:53:59","guid":{"rendered":"https:\/\/www.specagra.ee.nemokamossvetaines.hostingas.lt\/?post_type=product&#038;p=2567"},"modified":"2022-07-07T11:54:48","modified_gmt":"2022-07-07T13:54:48","slug":"purkstuvai-europa-xl","status":"publish","type":"product","link":"https:\/\/www.specagra.ee\/?product=purkstuvai-europa-xl","title":{"rendered":"Purk\u0161tuvas UNIA EUROPA XL"},"content":{"rendered":"<div class=\"woocommerce-tabs wc-tabs-wrapper\">\n<div id=\"tab-ywtm_274\" class=\"woocommerce-Tabs-panel woocommerce-Tabs-panel--ywtm_274 panel entry-content wc-tab\" role=\"tabpanel\" aria-labelledby=\"tab-title-ywtm_274\">\n<div class=\"tab-editor-container ywtm_content_tab\">\n<p>Standartin\u0117 komplektacija:<\/p>\n<ul>\n<li>Bakas \u2013 poliesterinis su pertvaromis;<\/li>\n<li>Bako vidaus i\u0161plovimo \u012franga;<\/li>\n<li>\u0160varaus vandens talpa (rankoms);<\/li>\n<li>Atskira vandens talpa bako i\u0161plovimui;<\/li>\n<li>Speciali sij\u0173 kopijavimo sistema PROFI;<\/li>\n<li>Standus prikabinimas (kilpos diametras 40);<\/li>\n<li>Membraninis siurblys;<\/li>\n<li>Valdymas i\u0161 kabinos;<\/li>\n<li>\u0160oninis chemikal\u0173 \u012fpilimo bakelis;<\/li>\n<li>Simetrinis- hidraulinis sij\u0173 i\u0161lankstymas;<\/li>\n<li>Sekcij\u0173 filtrai;<\/li>\n<li>Hidraulinis sij\u0173 pak\u0117limas iki 2,3 m. su mechanine amortizacija;<\/li>\n<li>Sij\u0173 stabilizacija su amortizacija;<\/li>\n<li>Ner\u016bdyjan\u010dio plieno vamzdeliai, purk\u0161tukai sumontuoti kas 0,5 m;<\/li>\n<li>Vienos pozicijos purk\u0161tukai;<\/li>\n<li>Ratai : 18,4R38;<\/li>\n<li>Reguliuojamas a\u0161ies plotis nuo 1,8 -2,25 m;<\/li>\n<li>Dviej\u0173 kont\u016br\u0173 oriniai stabd\u017eiai;<\/li>\n<li>Transportavimo \u0161viesos.<\/li>\n<\/ul>\n<p>Papildoma komplektacija:<\/p>\n<ul>\n<li>Galimyb\u012f i\u0161 5 sekcij\u0173 u\u017esakyti 7 sekcijas ir i\u0161 7 \u012f 9 sekcijas (reikalingi kompiuteriai pasirinktinai: MULLER SPRAY , UTS, UTS KOMFORT;<\/li>\n<li>Kompiuteris SPRAY MULLER;<\/li>\n<li>NAVI \u2014 GPS su funkcija SECTION CONTROL ir TRACK LEADER II<br \/>\n(tolygus va\u017eiavimas ) komplektuojama su Komputeriu SPRAY;<\/li>\n<li>Kompiuterio laikiklis (tvirtinamas ant stiklo);<\/li>\n<li>Kompiuteris MULLER ISOBUS (UTS su \u201eJOYSTIC\u201c);<\/li>\n<li>Kompiuteris MULLER ISOBUS komfort (UTS su \u201eJOYSTIC\u201c);<\/li>\n<li>NAVI \u2014 GPS su funkcija SECTION CONTROL ir TRACK LEADER II;<br \/>\n(tolygus va\u017eiavimas ) komplektuojama su Komputeriu MULLER ISOBUS UTS;<\/li>\n<li>Tolygaus vairavimo panele su \u0161vieslente (durba su GPS \u2013 TRACK LEADER II kompiuteris ISOBUS);<\/li>\n<li>S-BOX (sekcij\u0173 valdiklis) reikalingas kompiuteris ISOBUS;<\/li>\n<li>Nepriklausomas sij\u0173 i\u0161lankstymas (elektrohidraulika) 1 pora \u017earn\u0173;<\/li>\n<li>Sij\u0173 auk\u0161\u010dio kontrol\u0117s sensoriai\u00a0 DYSTANS CONTROL (reikalingas kompiuteris ISOBUS);<\/li>\n<li>R- SYSTEM (sij\u0173 sulankstymas kei\u010diamas darbinis plotis i\u0161 28\/21, 27\/21, 24\/18, 21\/15, 18\/12)- reikalingas kompiuteris ISOBUS;<\/li>\n<li>Pusiau automatinis sekimas (b\u016btina komplektacija su kompiuteriu SPRAY ir elektrohidraulika);<\/li>\n<li>Automatinis pilnas sekimas prikabinimo sijos (reikalingas kompiuteris ISOBUS);<\/li>\n<li>Prikabinimo kilpa diametru 80;<\/li>\n<li>EDS Sistema (nepriklausomai u\u017edarin\u0117jami arba atidarin\u0117jami pur\u0161kimo purk\u0161tukai pagal GPS)reikalingas kompiuteris ISOBUS;<\/li>\n<li>Pneumatin\u0117 amortizuojanti a\u0161is;<\/li>\n<li>Ratai : 11,2R48 (EUROPA 2500\/3000), 11,2 R54 (EUROPA 2500\/300), 13,6 R 48(EUROPA 2500\/3000\/4000);<\/li>\n<li>Purvasargiai;<\/li>\n<li>\u017dym\u0117jimas putomis+ 5 ltr., koncentrato;<\/li>\n<li>\u0160viesos darbui nakt\u012f;<\/li>\n<li>Kardaninis velenas (didelio pos\u016bkio);<\/li>\n<li>Prisitraukimo \u017earna su pl\u016bduru (6 m);<\/li>\n<li>Hidranto pajungimas;<\/li>\n<li>Trij\u0173 arba keturi\u0173 pozicij\u0173 purk\u0161tukai.<\/li>\n<\/ul>\n<\/div>\n<\/div>\n<\/div>\n","protected":false},"excerpt":{"rendered":"<p>Standartin\u0117 komplektacija: Bakas \u2013 poliesterinis su pertvaromis; Bako vidaus i\u0161plovimo \u012franga; \u0160varaus vandens talpa (rankoms); Atskira vandens talpa bako i\u0161plovimui; Speciali sij\u0173 kopijavimo sistema PROFI; Standus prikabinimas (kilpos diametras 40); Membraninis siurblys; Valdymas i\u0161 kabinos; \u0160oninis chemikal\u0173 \u012fpilimo bakelis; Simetrinis- hidraulinis sij\u0173 i\u0161lankstymas; Sekcij\u0173 filtrai; Hidraulinis sij\u0173 pak\u0117limas iki 2,3 m. su mechanine amortizacija; Sij\u0173 [&hellip;]<\/p>\n","protected":false},"featured_media":17781,"template":"","meta":{"_et_pb_use_builder":"","_et_pb_old_content":"","_et_gb_content_width":""},"product_brand":[],"product_cat":[58],"product_tag":[],"class_list":{"0":"post-2567","1":"product","2":"type-product","3":"status-publish","4":"has-post-thumbnail","6":"product_cat-pritsid","8":"first","9":"instock","10":"shipping-taxable","11":"product-type-simple"},"yoast_head":"<!-- This site is optimized with the Yoast SEO plugin v26.4 - https:\/\/yoast.com\/wordpress\/plugins\/seo\/ -->\n<title>Purk\u0161tuvas UNIA EUROPA XL - Specagra<\/title>\n<meta name=\"robots\" content=\"index, follow, max-snippet:-1, max-image-preview:large, max-video-preview:-1\" \/>\n<link rel=\"canonical\" href=\"https:\/\/www.specagra.ee\/?product=purkstuvai-europa-xl\" \/>\n<meta property=\"og:locale\" content=\"et_EE\" \/>\n<meta property=\"og:type\" content=\"article\" \/>\n<meta property=\"og:title\" content=\"Purk\u0161tuvas UNIA EUROPA XL - Specagra\" \/>\n<meta property=\"og:description\" content=\"Standartin\u0117 komplektacija: Bakas \u2013 poliesterinis su pertvaromis; Bako vidaus i\u0161plovimo \u012franga; \u0160varaus vandens talpa (rankoms); Atskira vandens talpa bako i\u0161plovimui; Speciali sij\u0173 kopijavimo sistema PROFI; Standus prikabinimas (kilpos diametras 40); Membraninis siurblys; Valdymas i\u0161 kabinos; \u0160oninis chemikal\u0173 \u012fpilimo bakelis; Simetrinis- hidraulinis sij\u0173 i\u0161lankstymas; Sekcij\u0173 filtrai; Hidraulinis sij\u0173 pak\u0117limas iki 2,3 m. su mechanine amortizacija; Sij\u0173 [&hellip;]\" \/>\n<meta property=\"og:url\" content=\"https:\/\/www.specagra.ee\/?product=purkstuvai-europa-xl\" \/>\n<meta property=\"og:site_name\" content=\"Specagra\" \/>\n<meta property=\"article:modified_time\" content=\"2022-07-07T13:54:48+00:00\" \/>\n<meta property=\"og:image\" content=\"https:\/\/www.specagra.ee\/wp-content\/uploads\/2020\/06\/Copy-of-0203139731-1280-\u00d7-720-px-896-\u00d7-503-px19.jpg\" \/>\n\t<meta property=\"og:image:width\" content=\"896\" \/>\n\t<meta property=\"og:image:height\" content=\"503\" \/>\n\t<meta property=\"og:image:type\" content=\"image\/jpeg\" \/>\n<meta name=\"twitter:card\" content=\"summary_large_image\" \/>\n<meta name=\"twitter:label1\" content=\"Est. reading time\" \/>\n\t<meta name=\"twitter:data1\" content=\"1 minut\" \/>\n<script type=\"application\/ld+json\" class=\"yoast-schema-graph\">{\"@context\":\"https:\/\/schema.org\",\"@graph\":[{\"@type\":\"WebPage\",\"@id\":\"https:\/\/www.specagra.ee\/?product=purkstuvai-europa-xl\",\"url\":\"https:\/\/www.specagra.ee\/?product=purkstuvai-europa-xl\",\"name\":\"Purk\u0161tuvas UNIA EUROPA XL - Specagra\",\"isPartOf\":{\"@id\":\"https:\/\/www.specagra.ee\/#website\"},\"primaryImageOfPage\":{\"@id\":\"https:\/\/www.specagra.ee\/?product=purkstuvai-europa-xl#primaryimage\"},\"image\":{\"@id\":\"https:\/\/www.specagra.ee\/?product=purkstuvai-europa-xl#primaryimage\"},\"thumbnailUrl\":\"https:\/\/www.specagra.ee\/wp-content\/uploads\/2020\/06\/Copy-of-0203139731-1280-\u00d7-720-px-896-\u00d7-503-px19.jpg\",\"datePublished\":\"2020-06-26T06:53:59+00:00\",\"dateModified\":\"2022-07-07T13:54:48+00:00\",\"breadcrumb\":{\"@id\":\"https:\/\/www.specagra.ee\/?product=purkstuvai-europa-xl#breadcrumb\"},\"inLanguage\":\"et\",\"potentialAction\":[{\"@type\":\"ReadAction\",\"target\":[\"https:\/\/www.specagra.ee\/?product=purkstuvai-europa-xl\"]}]},{\"@type\":\"ImageObject\",\"inLanguage\":\"et\",\"@id\":\"https:\/\/www.specagra.ee\/?product=purkstuvai-europa-xl#primaryimage\",\"url\":\"https:\/\/www.specagra.ee\/wp-content\/uploads\/2020\/06\/Copy-of-0203139731-1280-\u00d7-720-px-896-\u00d7-503-px19.jpg\",\"contentUrl\":\"https:\/\/www.specagra.ee\/wp-content\/uploads\/2020\/06\/Copy-of-0203139731-1280-\u00d7-720-px-896-\u00d7-503-px19.jpg\",\"width\":896,\"height\":503,\"caption\":\"Purk\u0161tuvas UNIA EUROPA XL\"},{\"@type\":\"BreadcrumbList\",\"@id\":\"https:\/\/www.specagra.ee\/?product=purkstuvai-europa-xl#breadcrumb\",\"itemListElement\":[{\"@type\":\"ListItem\",\"position\":1,\"name\":\"Home\",\"item\":\"https:\/\/www.specagra.ee\/\"},{\"@type\":\"ListItem\",\"position\":2,\"name\":\"P\u00f5llumajandustehnika ja loomakasvatus\",\"item\":\"https:\/\/specagra.ee\/?page_id=18493\"},{\"@type\":\"ListItem\",\"position\":3,\"name\":\"Purk\u0161tuvas UNIA EUROPA XL\"}]},{\"@type\":\"WebSite\",\"@id\":\"https:\/\/www.specagra.ee\/#website\",\"url\":\"https:\/\/www.specagra.ee\/\",\"name\":\"Specagra\",\"description\":\"P\u00f5llumajandustehnika ja varuosad\",\"publisher\":{\"@id\":\"https:\/\/www.specagra.ee\/#organization\"},\"potentialAction\":[{\"@type\":\"SearchAction\",\"target\":{\"@type\":\"EntryPoint\",\"urlTemplate\":\"https:\/\/www.specagra.ee\/?s={search_term_string}\"},\"query-input\":{\"@type\":\"PropertyValueSpecification\",\"valueRequired\":true,\"valueName\":\"search_term_string\"}}],\"inLanguage\":\"et\"},{\"@type\":\"Organization\",\"@id\":\"https:\/\/www.specagra.ee\/#organization\",\"name\":\"UAB Specagra\",\"url\":\"https:\/\/www.specagra.ee\/\",\"logo\":{\"@type\":\"ImageObject\",\"inLanguage\":\"et\",\"@id\":\"https:\/\/www.specagra.ee\/#\/schema\/logo\/image\/\",\"url\":\"http:\/\/www.specagra.ee\/wp-content\/uploads\/2022\/02\/SP-logo_naujas-scaled.jpg\",\"contentUrl\":\"http:\/\/www.specagra.ee\/wp-content\/uploads\/2022\/02\/SP-logo_naujas-scaled.jpg\",\"width\":2560,\"height\":326,\"caption\":\"UAB Specagra\"},\"image\":{\"@id\":\"https:\/\/www.specagra.ee\/#\/schema\/logo\/image\/\"}}]}<\/script>\n<!-- \/ Yoast SEO plugin. -->","yoast_head_json":{"title":"Purk\u0161tuvas UNIA EUROPA XL - Specagra","robots":{"index":"index","follow":"follow","max-snippet":"max-snippet:-1","max-image-preview":"max-image-preview:large","max-video-preview":"max-video-preview:-1"},"canonical":"https:\/\/www.specagra.ee\/?product=purkstuvai-europa-xl","og_locale":"et_EE","og_type":"article","og_title":"Purk\u0161tuvas UNIA EUROPA XL - Specagra","og_description":"Standartin\u0117 komplektacija: Bakas \u2013 poliesterinis su pertvaromis; Bako vidaus i\u0161plovimo \u012franga; \u0160varaus vandens talpa (rankoms); Atskira vandens talpa bako i\u0161plovimui; Speciali sij\u0173 kopijavimo sistema PROFI; Standus prikabinimas (kilpos diametras 40); Membraninis siurblys; Valdymas i\u0161 kabinos; \u0160oninis chemikal\u0173 \u012fpilimo bakelis; Simetrinis- hidraulinis sij\u0173 i\u0161lankstymas; Sekcij\u0173 filtrai; Hidraulinis sij\u0173 pak\u0117limas iki 2,3 m. su mechanine amortizacija; Sij\u0173 [&hellip;]","og_url":"https:\/\/www.specagra.ee\/?product=purkstuvai-europa-xl","og_site_name":"Specagra","article_modified_time":"2022-07-07T13:54:48+00:00","og_image":[{"width":896,"height":503,"url":"https:\/\/www.specagra.ee\/wp-content\/uploads\/2020\/06\/Copy-of-0203139731-1280-\u00d7-720-px-896-\u00d7-503-px19.jpg","type":"image\/jpeg"}],"twitter_card":"summary_large_image","twitter_misc":{"Est. reading time":"1 minut"},"schema":{"@context":"https:\/\/schema.org","@graph":[{"@type":"WebPage","@id":"https:\/\/www.specagra.ee\/?product=purkstuvai-europa-xl","url":"https:\/\/www.specagra.ee\/?product=purkstuvai-europa-xl","name":"Purk\u0161tuvas UNIA EUROPA XL - Specagra","isPartOf":{"@id":"https:\/\/www.specagra.ee\/#website"},"primaryImageOfPage":{"@id":"https:\/\/www.specagra.ee\/?product=purkstuvai-europa-xl#primaryimage"},"image":{"@id":"https:\/\/www.specagra.ee\/?product=purkstuvai-europa-xl#primaryimage"},"thumbnailUrl":"https:\/\/www.specagra.ee\/wp-content\/uploads\/2020\/06\/Copy-of-0203139731-1280-\u00d7-720-px-896-\u00d7-503-px19.jpg","datePublished":"2020-06-26T06:53:59+00:00","dateModified":"2022-07-07T13:54:48+00:00","breadcrumb":{"@id":"https:\/\/www.specagra.ee\/?product=purkstuvai-europa-xl#breadcrumb"},"inLanguage":"et","potentialAction":[{"@type":"ReadAction","target":["https:\/\/www.specagra.ee\/?product=purkstuvai-europa-xl"]}]},{"@type":"ImageObject","inLanguage":"et","@id":"https:\/\/www.specagra.ee\/?product=purkstuvai-europa-xl#primaryimage","url":"https:\/\/www.specagra.ee\/wp-content\/uploads\/2020\/06\/Copy-of-0203139731-1280-\u00d7-720-px-896-\u00d7-503-px19.jpg","contentUrl":"https:\/\/www.specagra.ee\/wp-content\/uploads\/2020\/06\/Copy-of-0203139731-1280-\u00d7-720-px-896-\u00d7-503-px19.jpg","width":896,"height":503,"caption":"Purk\u0161tuvas UNIA EUROPA XL"},{"@type":"BreadcrumbList","@id":"https:\/\/www.specagra.ee\/?product=purkstuvai-europa-xl#breadcrumb","itemListElement":[{"@type":"ListItem","position":1,"name":"Home","item":"https:\/\/www.specagra.ee\/"},{"@type":"ListItem","position":2,"name":"P\u00f5llumajandustehnika ja loomakasvatus","item":"https:\/\/specagra.ee\/?page_id=18493"},{"@type":"ListItem","position":3,"name":"Purk\u0161tuvas UNIA EUROPA XL"}]},{"@type":"WebSite","@id":"https:\/\/www.specagra.ee\/#website","url":"https:\/\/www.specagra.ee\/","name":"Specagra","description":"P\u00f5llumajandustehnika ja varuosad","publisher":{"@id":"https:\/\/www.specagra.ee\/#organization"},"potentialAction":[{"@type":"SearchAction","target":{"@type":"EntryPoint","urlTemplate":"https:\/\/www.specagra.ee\/?s={search_term_string}"},"query-input":{"@type":"PropertyValueSpecification","valueRequired":true,"valueName":"search_term_string"}}],"inLanguage":"et"},{"@type":"Organization","@id":"https:\/\/www.specagra.ee\/#organization","name":"UAB Specagra","url":"https:\/\/www.specagra.ee\/","logo":{"@type":"ImageObject","inLanguage":"et","@id":"https:\/\/www.specagra.ee\/#\/schema\/logo\/image\/","url":"http:\/\/www.specagra.ee\/wp-content\/uploads\/2022\/02\/SP-logo_naujas-scaled.jpg","contentUrl":"http:\/\/www.specagra.ee\/wp-content\/uploads\/2022\/02\/SP-logo_naujas-scaled.jpg","width":2560,"height":326,"caption":"UAB Specagra"},"image":{"@id":"https:\/\/www.specagra.ee\/#\/schema\/logo\/image\/"}}]}},"_links":{"self":[{"href":"https:\/\/www.specagra.ee\/index.php?rest_route=\/wp\/v2\/product\/2567","targetHints":{"allow":["GET"]}}],"collection":[{"href":"https:\/\/www.specagra.ee\/index.php?rest_route=\/wp\/v2\/product"}],"about":[{"href":"https:\/\/www.specagra.ee\/index.php?rest_route=\/wp\/v2\/types\/product"}],"wp:featuredmedia":[{"embeddable":true,"href":"https:\/\/www.specagra.ee\/index.php?rest_route=\/wp\/v2\/media\/17781"}],"wp:attachment":[{"href":"https:\/\/www.specagra.ee\/index.php?rest_route=%2Fwp%2Fv2%2Fmedia&parent=2567"}],"wp:term":[{"taxonomy":"product_brand","embeddable":true,"href":"https:\/\/www.specagra.ee\/index.php?rest_route=%2Fwp%2Fv2%2Fproduct_brand&post=2567"},{"taxonomy":"product_cat","embeddable":true,"href":"https:\/\/www.specagra.ee\/index.php?rest_route=%2Fwp%2Fv2%2Fproduct_cat&post=2567"},{"taxonomy":"product_tag","embeddable":true,"href":"https:\/\/www.specagra.ee\/index.php?rest_route=%2Fwp%2Fv2%2Fproduct_tag&post=2567"}],"curies":[{"name":"wp","href":"https:\/\/api.w.org\/{rel}","templated":true}]}}