{"id":2532,"date":"2020-06-26T04:31:56","date_gmt":"2020-06-26T06:31:56","guid":{"rendered":"https:\/\/www.specagra.ee.nemokamossvetaines.hostingas.lt\/?post_type=product&#038;p=2532"},"modified":"2022-07-07T11:49:05","modified_gmt":"2022-07-07T13:49:05","slug":"purkstuvai-heron","status":"publish","type":"product","link":"https:\/\/www.specagra.ee\/?product=purkstuvai-heron","title":{"rendered":"Purk\u0161tuvas HERON"},"content":{"rendered":"<p>Standartin\u0117 komplektacija:<\/p>\n<ul>\n<li>Bakas \u2013 poliesterinis su pertvaromis;<\/li>\n<li>Bako vidaus i\u0161plovimo \u012franga;<\/li>\n<li>\u0160varaus vandens talpa (rankoms);<\/li>\n<li>Atskira vandens talpa bako i\u0161plovimui (550l);<\/li>\n<li>Hidraulin\u0117 pastatymo atrama;<\/li>\n<li>Amortizuojanti prikabinimo sija su kilpa 40mm;<\/li>\n<li>Galios perdavimo velenas;<\/li>\n<li>Kompiuteris UNIA RADION 8140;<\/li>\n<li>Nepriklausoma sij\u0173 valdymo sistema;<\/li>\n<li>Darbinio plo\u010dio pakeitimas sijomis : 24\/18; 27\/21; 28\/20; 30\/20;<\/li>\n<li>Speciali sij\u0173 kopijavimo sistema PROFI;<\/li>\n<li>Standus prikabinimas (kilpos diametras 40);<\/li>\n<li>Membraninis siurblys;<\/li>\n<li>\u0160oninis chemikal\u0173 \u012fpilimo bakelis;<\/li>\n<li>Sekcij\u0173 filtrai;<\/li>\n<li>Hidraulinis sij\u0173 pak\u0117limas iki 2,3 m. su hidrauline amortizacija;<\/li>\n<li>Sij\u0173 stabilizacija su amortizacija;<\/li>\n<li>Ner\u016bdyjan\u010dio plieno vamzdeliai, purk\u0161tukai sumontuoti kas 0,5 m;<\/li>\n<li>Keturi\u0173 pozicij\u0173 purk\u0161tukai;<\/li>\n<li>Ratai : 18,4R38;<\/li>\n<li>Purvasaugiai;<\/li>\n<li>Reguliuojamas a\u0161ies plotis nuo 1,8 -2,25 m;<\/li>\n<li>Dviej\u0173 kont\u016br\u0173 oriniai stabd\u017eiai;<\/li>\n<li>Hidrantas;<\/li>\n<li>\u017dibintai LED sijoms darbui nakt\u012f;<\/li>\n<li>Transportavimo LED\u0161viesos;<\/li>\n<\/ul>\n<p>Papildoma komplektacija:<\/p>\n<ul>\n<li>Galimyb\u012f i\u0161 5 sekcij\u0173 u\u017esakyti 7 sekcijas ir i\u0161 7 \u012f 9 sekcijas (reikalingi kompiuteriai pasirinktinai: MULLER SPRAY , RADION, UTS, TOUCH;<\/li>\n<li>SIurblys ZETA 400 (400ltr\/min);<\/li>\n<li>NAVI \u2014 GPS su funkcija SECTION CONTROL ir TRACK LEADER II<br \/>\n(tolygus va\u017eiavimas ) komplektuojama su Komputeriu SPRAY;<\/li>\n<li>Kompiuterio laikiklis (tvirtinamas ant stiklo);<\/li>\n<li>Kompiuteris UTS MULLER &#8211; 6 coli\u0173 ekranas (UTS su \u201eJOYSTIC\u201c);<\/li>\n<li>Kompiuteris TOUCH MULLER &#8211; 8 coli\u0173 ekranas\u00a0 (TOUCH su \u201eJOYSTIC\u201c);<\/li>\n<li>Kompiuteris TOUCH MULLER &#8211; 12 coli\u0173 ekranas\u00a0 (TOUCH su \u201eJOYSTIC\u201c);<\/li>\n<li>MATRIX 840 (sekcij\u0173 valdymas, tolygus vairavimas kartu su kompiuteriu RAION);<\/li>\n<li>NAVI \u2014 GPS su funkcija SECTION CONTROL ir TRACK LEADER II-(tolygus va\u017eiavimas );<\/li>\n<li>Tolygaus vairavimo panele su \u0161vieslente LIGHTBAR (durba su GPS \u2013 TRACK LEADER II kompiuteris UTS ir TOUCH);<\/li>\n<li>S-BOX (sekcij\u0173 valdiklis) reikalingas kompiuteris ISOBUS;<\/li>\n<li>Sij\u0173 auk\u0161\u010dio kontrol\u0117s sensoriai\u00a0 DYSTANS CONTROL (reikalingas kompiuteris ISOBUS);<\/li>\n<li>V- SYSTEM ( sij\u0173 geometrijos pakeitimas dirbant su DYSTANS CONTROL sensoriais);<\/li>\n<li>Automatinis pilnas sekimas prikabinimo sijos (reikalingas kompiuteris ISOBUS);<\/li>\n<li>Prikabinimo kilpa diametru 80;<\/li>\n<li>Vairuojama a\u0161is;<\/li>\n<li>EDS Sistema (nepriklausomai u\u017edarin\u0117jami arba atidarin\u0117jami pur\u0161kimo purk\u0161tukai pagal GPS)reikalingas kompiuteris ISOBUS;<\/li>\n<li>UNIA Dyna JET;<\/li>\n<li>LED pilnas sij\u0173 ap\u0161vietimas;<\/li>\n<li>Recirkuliacija;<\/li>\n<li>Pneumatin\u0117 amortizuojanti a\u0161is;<\/li>\n<li>Ratai : 14,9R46; 16,9 R38; 20,8 R 38; 580\/70R38;<\/li>\n<li>TANK CONTROL II;<\/li>\n<li>Plovimo \u012frenginys;<\/li>\n<li>Prisitraukimo \u017earna su pl\u016bduru (6 m);<\/li>\n<\/ul>\n","protected":false},"excerpt":{"rendered":"<p>Standartin\u0117 komplektacija: Bakas \u2013 poliesterinis su pertvaromis; Bako vidaus i\u0161plovimo \u012franga; \u0160varaus vandens talpa (rankoms); Atskira vandens talpa bako i\u0161plovimui (550l); Hidraulin\u0117 pastatymo atrama; Amortizuojanti prikabinimo sija su kilpa 40mm; Galios perdavimo velenas; Kompiuteris UNIA RADION 8140; Nepriklausoma sij\u0173 valdymo sistema; Darbinio plo\u010dio pakeitimas sijomis : 24\/18; 27\/21; 28\/20; 30\/20; Speciali sij\u0173 kopijavimo sistema PROFI; [&hellip;]<\/p>\n","protected":false},"featured_media":17774,"template":"","meta":{"_et_pb_use_builder":"","_et_pb_old_content":"","_et_gb_content_width":""},"product_brand":[],"product_cat":[58],"product_tag":[],"class_list":{"0":"post-2532","1":"product","2":"type-product","3":"status-publish","4":"has-post-thumbnail","6":"product_cat-pritsid","8":"first","9":"instock","10":"shipping-taxable","11":"product-type-simple"},"yoast_head":"<!-- This site is optimized with the Yoast SEO plugin v26.4 - https:\/\/yoast.com\/wordpress\/plugins\/seo\/ -->\n<title>Purk\u0161tuvas HERON - Specagra<\/title>\n<meta name=\"robots\" content=\"index, follow, max-snippet:-1, max-image-preview:large, max-video-preview:-1\" \/>\n<link rel=\"canonical\" href=\"https:\/\/www.specagra.ee\/?product=purkstuvai-heron\" \/>\n<meta property=\"og:locale\" content=\"et_EE\" \/>\n<meta property=\"og:type\" content=\"article\" \/>\n<meta property=\"og:title\" content=\"Purk\u0161tuvas HERON - Specagra\" \/>\n<meta property=\"og:description\" content=\"Standartin\u0117 komplektacija: Bakas \u2013 poliesterinis su pertvaromis; Bako vidaus i\u0161plovimo \u012franga; \u0160varaus vandens talpa (rankoms); Atskira vandens talpa bako i\u0161plovimui (550l); Hidraulin\u0117 pastatymo atrama; Amortizuojanti prikabinimo sija su kilpa 40mm; Galios perdavimo velenas; Kompiuteris UNIA RADION 8140; Nepriklausoma sij\u0173 valdymo sistema; Darbinio plo\u010dio pakeitimas sijomis : 24\/18; 27\/21; 28\/20; 30\/20; Speciali sij\u0173 kopijavimo sistema PROFI; [&hellip;]\" \/>\n<meta property=\"og:url\" content=\"https:\/\/www.specagra.ee\/?product=purkstuvai-heron\" \/>\n<meta property=\"og:site_name\" content=\"Specagra\" \/>\n<meta property=\"article:modified_time\" content=\"2022-07-07T13:49:05+00:00\" \/>\n<meta property=\"og:image\" content=\"https:\/\/www.specagra.ee\/wp-content\/uploads\/2020\/06\/490-2-1.jpg\" \/>\n\t<meta property=\"og:image:width\" content=\"896\" \/>\n\t<meta property=\"og:image:height\" content=\"503\" \/>\n\t<meta property=\"og:image:type\" content=\"image\/jpeg\" \/>\n<meta name=\"twitter:card\" content=\"summary_large_image\" \/>\n<meta name=\"twitter:label1\" content=\"Est. reading time\" \/>\n\t<meta name=\"twitter:data1\" content=\"2 minutit\" \/>\n<script type=\"application\/ld+json\" class=\"yoast-schema-graph\">{\"@context\":\"https:\/\/schema.org\",\"@graph\":[{\"@type\":\"WebPage\",\"@id\":\"https:\/\/www.specagra.ee\/?product=purkstuvai-heron\",\"url\":\"https:\/\/www.specagra.ee\/?product=purkstuvai-heron\",\"name\":\"Purk\u0161tuvas HERON - Specagra\",\"isPartOf\":{\"@id\":\"https:\/\/www.specagra.ee\/#website\"},\"primaryImageOfPage\":{\"@id\":\"https:\/\/www.specagra.ee\/?product=purkstuvai-heron#primaryimage\"},\"image\":{\"@id\":\"https:\/\/www.specagra.ee\/?product=purkstuvai-heron#primaryimage\"},\"thumbnailUrl\":\"https:\/\/www.specagra.ee\/wp-content\/uploads\/2020\/06\/490-2-1.jpg\",\"datePublished\":\"2020-06-26T06:31:56+00:00\",\"dateModified\":\"2022-07-07T13:49:05+00:00\",\"breadcrumb\":{\"@id\":\"https:\/\/www.specagra.ee\/?product=purkstuvai-heron#breadcrumb\"},\"inLanguage\":\"et\",\"potentialAction\":[{\"@type\":\"ReadAction\",\"target\":[\"https:\/\/www.specagra.ee\/?product=purkstuvai-heron\"]}]},{\"@type\":\"ImageObject\",\"inLanguage\":\"et\",\"@id\":\"https:\/\/www.specagra.ee\/?product=purkstuvai-heron#primaryimage\",\"url\":\"https:\/\/www.specagra.ee\/wp-content\/uploads\/2020\/06\/490-2-1.jpg\",\"contentUrl\":\"https:\/\/www.specagra.ee\/wp-content\/uploads\/2020\/06\/490-2-1.jpg\",\"width\":896,\"height\":503,\"caption\":\"Purk\u0161tuvas HERON\"},{\"@type\":\"BreadcrumbList\",\"@id\":\"https:\/\/www.specagra.ee\/?product=purkstuvai-heron#breadcrumb\",\"itemListElement\":[{\"@type\":\"ListItem\",\"position\":1,\"name\":\"Home\",\"item\":\"https:\/\/www.specagra.ee\/\"},{\"@type\":\"ListItem\",\"position\":2,\"name\":\"P\u00f5llumajandustehnika ja loomakasvatus\",\"item\":\"https:\/\/specagra.ee\/?page_id=18493\"},{\"@type\":\"ListItem\",\"position\":3,\"name\":\"Purk\u0161tuvas HERON\"}]},{\"@type\":\"WebSite\",\"@id\":\"https:\/\/www.specagra.ee\/#website\",\"url\":\"https:\/\/www.specagra.ee\/\",\"name\":\"Specagra\",\"description\":\"P\u00f5llumajandustehnika ja varuosad\",\"publisher\":{\"@id\":\"https:\/\/www.specagra.ee\/#organization\"},\"potentialAction\":[{\"@type\":\"SearchAction\",\"target\":{\"@type\":\"EntryPoint\",\"urlTemplate\":\"https:\/\/www.specagra.ee\/?s={search_term_string}\"},\"query-input\":{\"@type\":\"PropertyValueSpecification\",\"valueRequired\":true,\"valueName\":\"search_term_string\"}}],\"inLanguage\":\"et\"},{\"@type\":\"Organization\",\"@id\":\"https:\/\/www.specagra.ee\/#organization\",\"name\":\"UAB Specagra\",\"url\":\"https:\/\/www.specagra.ee\/\",\"logo\":{\"@type\":\"ImageObject\",\"inLanguage\":\"et\",\"@id\":\"https:\/\/www.specagra.ee\/#\/schema\/logo\/image\/\",\"url\":\"http:\/\/www.specagra.ee\/wp-content\/uploads\/2022\/02\/SP-logo_naujas-scaled.jpg\",\"contentUrl\":\"http:\/\/www.specagra.ee\/wp-content\/uploads\/2022\/02\/SP-logo_naujas-scaled.jpg\",\"width\":2560,\"height\":326,\"caption\":\"UAB Specagra\"},\"image\":{\"@id\":\"https:\/\/www.specagra.ee\/#\/schema\/logo\/image\/\"}}]}<\/script>\n<!-- \/ Yoast SEO plugin. -->","yoast_head_json":{"title":"Purk\u0161tuvas HERON - Specagra","robots":{"index":"index","follow":"follow","max-snippet":"max-snippet:-1","max-image-preview":"max-image-preview:large","max-video-preview":"max-video-preview:-1"},"canonical":"https:\/\/www.specagra.ee\/?product=purkstuvai-heron","og_locale":"et_EE","og_type":"article","og_title":"Purk\u0161tuvas HERON - Specagra","og_description":"Standartin\u0117 komplektacija: Bakas \u2013 poliesterinis su pertvaromis; Bako vidaus i\u0161plovimo \u012franga; \u0160varaus vandens talpa (rankoms); Atskira vandens talpa bako i\u0161plovimui (550l); Hidraulin\u0117 pastatymo atrama; Amortizuojanti prikabinimo sija su kilpa 40mm; Galios perdavimo velenas; Kompiuteris UNIA RADION 8140; Nepriklausoma sij\u0173 valdymo sistema; Darbinio plo\u010dio pakeitimas sijomis : 24\/18; 27\/21; 28\/20; 30\/20; Speciali sij\u0173 kopijavimo sistema PROFI; [&hellip;]","og_url":"https:\/\/www.specagra.ee\/?product=purkstuvai-heron","og_site_name":"Specagra","article_modified_time":"2022-07-07T13:49:05+00:00","og_image":[{"width":896,"height":503,"url":"https:\/\/www.specagra.ee\/wp-content\/uploads\/2020\/06\/490-2-1.jpg","type":"image\/jpeg"}],"twitter_card":"summary_large_image","twitter_misc":{"Est. reading time":"2 minutit"},"schema":{"@context":"https:\/\/schema.org","@graph":[{"@type":"WebPage","@id":"https:\/\/www.specagra.ee\/?product=purkstuvai-heron","url":"https:\/\/www.specagra.ee\/?product=purkstuvai-heron","name":"Purk\u0161tuvas HERON - Specagra","isPartOf":{"@id":"https:\/\/www.specagra.ee\/#website"},"primaryImageOfPage":{"@id":"https:\/\/www.specagra.ee\/?product=purkstuvai-heron#primaryimage"},"image":{"@id":"https:\/\/www.specagra.ee\/?product=purkstuvai-heron#primaryimage"},"thumbnailUrl":"https:\/\/www.specagra.ee\/wp-content\/uploads\/2020\/06\/490-2-1.jpg","datePublished":"2020-06-26T06:31:56+00:00","dateModified":"2022-07-07T13:49:05+00:00","breadcrumb":{"@id":"https:\/\/www.specagra.ee\/?product=purkstuvai-heron#breadcrumb"},"inLanguage":"et","potentialAction":[{"@type":"ReadAction","target":["https:\/\/www.specagra.ee\/?product=purkstuvai-heron"]}]},{"@type":"ImageObject","inLanguage":"et","@id":"https:\/\/www.specagra.ee\/?product=purkstuvai-heron#primaryimage","url":"https:\/\/www.specagra.ee\/wp-content\/uploads\/2020\/06\/490-2-1.jpg","contentUrl":"https:\/\/www.specagra.ee\/wp-content\/uploads\/2020\/06\/490-2-1.jpg","width":896,"height":503,"caption":"Purk\u0161tuvas HERON"},{"@type":"BreadcrumbList","@id":"https:\/\/www.specagra.ee\/?product=purkstuvai-heron#breadcrumb","itemListElement":[{"@type":"ListItem","position":1,"name":"Home","item":"https:\/\/www.specagra.ee\/"},{"@type":"ListItem","position":2,"name":"P\u00f5llumajandustehnika ja loomakasvatus","item":"https:\/\/specagra.ee\/?page_id=18493"},{"@type":"ListItem","position":3,"name":"Purk\u0161tuvas HERON"}]},{"@type":"WebSite","@id":"https:\/\/www.specagra.ee\/#website","url":"https:\/\/www.specagra.ee\/","name":"Specagra","description":"P\u00f5llumajandustehnika ja varuosad","publisher":{"@id":"https:\/\/www.specagra.ee\/#organization"},"potentialAction":[{"@type":"SearchAction","target":{"@type":"EntryPoint","urlTemplate":"https:\/\/www.specagra.ee\/?s={search_term_string}"},"query-input":{"@type":"PropertyValueSpecification","valueRequired":true,"valueName":"search_term_string"}}],"inLanguage":"et"},{"@type":"Organization","@id":"https:\/\/www.specagra.ee\/#organization","name":"UAB Specagra","url":"https:\/\/www.specagra.ee\/","logo":{"@type":"ImageObject","inLanguage":"et","@id":"https:\/\/www.specagra.ee\/#\/schema\/logo\/image\/","url":"http:\/\/www.specagra.ee\/wp-content\/uploads\/2022\/02\/SP-logo_naujas-scaled.jpg","contentUrl":"http:\/\/www.specagra.ee\/wp-content\/uploads\/2022\/02\/SP-logo_naujas-scaled.jpg","width":2560,"height":326,"caption":"UAB Specagra"},"image":{"@id":"https:\/\/www.specagra.ee\/#\/schema\/logo\/image\/"}}]}},"_links":{"self":[{"href":"https:\/\/www.specagra.ee\/index.php?rest_route=\/wp\/v2\/product\/2532","targetHints":{"allow":["GET"]}}],"collection":[{"href":"https:\/\/www.specagra.ee\/index.php?rest_route=\/wp\/v2\/product"}],"about":[{"href":"https:\/\/www.specagra.ee\/index.php?rest_route=\/wp\/v2\/types\/product"}],"wp:featuredmedia":[{"embeddable":true,"href":"https:\/\/www.specagra.ee\/index.php?rest_route=\/wp\/v2\/media\/17774"}],"wp:attachment":[{"href":"https:\/\/www.specagra.ee\/index.php?rest_route=%2Fwp%2Fv2%2Fmedia&parent=2532"}],"wp:term":[{"taxonomy":"product_brand","embeddable":true,"href":"https:\/\/www.specagra.ee\/index.php?rest_route=%2Fwp%2Fv2%2Fproduct_brand&post=2532"},{"taxonomy":"product_cat","embeddable":true,"href":"https:\/\/www.specagra.ee\/index.php?rest_route=%2Fwp%2Fv2%2Fproduct_cat&post=2532"},{"taxonomy":"product_tag","embeddable":true,"href":"https:\/\/www.specagra.ee\/index.php?rest_route=%2Fwp%2Fv2%2Fproduct_tag&post=2532"}],"curies":[{"name":"wp","href":"https:\/\/api.w.org\/{rel}","templated":true}]}}