{"id":24475,"date":"2023-03-02T05:27:58","date_gmt":"2023-03-02T07:27:58","guid":{"rendered":"https:\/\/www.specagra.ee\/?post_type=product&#038;p=24475"},"modified":"2023-07-31T09:51:23","modified_gmt":"2023-07-31T11:51:23","slug":"individualus-verseliu-nameliai","status":"publish","type":"product","link":"https:\/\/www.specagra.ee\/?product=individualus-verseliu-nameliai","title":{"rendered":"Individualus ver\u0161eli\u0173 nameliai"},"content":{"rendered":"<p>K\u0105 tik gim\u0119 ver\u0161eliai yra pa\u017eeid\u017eiami ir silpni. Tod\u0117l laikant juos izoliuotoje aplinkoje u\u017etikrinama, kad j\u0173 imunin\u0117 sistema sustipr\u0117s ir ateityje bus geresni genetiniai rodikliai.<\/p>\n<ul>\n<li>Pagamintas i\u0161 plastiko.<\/li>\n<li>Daugiausia d\u0117mesio skiriama gyv\u016bn\u0173 komfortui.<\/li>\n<li>Jame n\u0117ra a\u0161tri\u0173 kamp\u0173, kad b\u016bt\u0173 lengva valyti.<\/li>\n<li>Specialiai sukurta taip, kad nesilaikyt\u0173 ne\u0161varumai.<\/li>\n<li>Erdvus.<\/li>\n<li>Patogu ir lengva prieiti prie vandens ir maisto pa\u0161ar\u0173.<\/li>\n<li>Apsaugo nuo galim\u0173 infekcij\u0173 plitimo.<\/li>\n<li>D\u0117l naudojamos gamyboje \u017ealiavos \u017eiem\u0105 jis i\u0161laiko \u0161ilum\u0105, o vasar\u0105 &#8211; v\u0117s\u0105.<\/li>\n<li>Atsparus aplinkos veiksniams.<\/li>\n<\/ul>\n","protected":false},"excerpt":{"rendered":"<p>K\u0105 tik gim\u0119 ver\u0161eliai yra pa\u017eeid\u017eiami ir silpni. Tod\u0117l laikant juos izoliuotoje aplinkoje u\u017etikrinama, kad j\u0173 imunin\u0117 sistema sustipr\u0117s ir ateityje bus geresni genetiniai rodikliai. Pagamintas i\u0161 plastiko. Daugiausia d\u0117mesio skiriama gyv\u016bn\u0173 komfortui. Jame n\u0117ra a\u0161tri\u0173 kamp\u0173, kad b\u016bt\u0173 lengva valyti. Specialiai sukurta taip, kad nesilaikyt\u0173 ne\u0161varumai. Erdvus. Patogu ir lengva prieiti prie vandens ir [&hellip;]<\/p>\n","protected":false},"featured_media":24476,"template":"","meta":[],"product_brand":[],"product_cat":[155],"product_tag":[],"class_list":{"0":"post-24475","1":"product","2":"type-product","3":"status-publish","4":"has-post-thumbnail","6":"product_cat-vasikate-varjualused-ja-aedikud","8":"first","9":"instock","10":"shipping-taxable","11":"product-type-simple"},"yoast_head":"<!-- This site is optimized with the Yoast SEO plugin v27.3 - https:\/\/yoast.com\/product\/yoast-seo-wordpress\/ -->\n<title>Individualus ver\u0161eli\u0173 nameliai - Specagra<\/title>\n<meta name=\"robots\" content=\"index, follow, max-snippet:-1, max-image-preview:large, max-video-preview:-1\" \/>\n<link rel=\"canonical\" href=\"https:\/\/www.specagra.ee\/?product=individualus-verseliu-nameliai\" \/>\n<meta property=\"og:locale\" content=\"et_EE\" \/>\n<meta property=\"og:type\" content=\"article\" \/>\n<meta property=\"og:title\" content=\"Individualus ver\u0161eli\u0173 nameliai - Specagra\" \/>\n<meta property=\"og:description\" content=\"K\u0105 tik gim\u0119 ver\u0161eliai yra pa\u017eeid\u017eiami ir silpni. Tod\u0117l laikant juos izoliuotoje aplinkoje u\u017etikrinama, kad j\u0173 imunin\u0117 sistema sustipr\u0117s ir ateityje bus geresni genetiniai rodikliai. Pagamintas i\u0161 plastiko. Daugiausia d\u0117mesio skiriama gyv\u016bn\u0173 komfortui. Jame n\u0117ra a\u0161tri\u0173 kamp\u0173, kad b\u016bt\u0173 lengva valyti. Specialiai sukurta taip, kad nesilaikyt\u0173 ne\u0161varumai. Erdvus. Patogu ir lengva prieiti prie vandens ir [&hellip;]\" \/>\n<meta property=\"og:url\" content=\"https:\/\/www.specagra.ee\/?product=individualus-verseliu-nameliai\" \/>\n<meta property=\"og:site_name\" content=\"Specagra\" \/>\n<meta property=\"article:modified_time\" content=\"2023-07-31T11:51:23+00:00\" \/>\n<meta property=\"og:image\" content=\"https:\/\/www.specagra.ee\/wp-content\/uploads\/2023\/03\/Untitled-design-64.jpg\" \/>\n\t<meta property=\"og:image:width\" content=\"800\" \/>\n\t<meta property=\"og:image:height\" content=\"800\" \/>\n\t<meta property=\"og:image:type\" content=\"image\/jpeg\" \/>\n<meta name=\"twitter:card\" content=\"summary_large_image\" \/>\n<meta name=\"twitter:label1\" content=\"Est. reading time\" \/>\n\t<meta name=\"twitter:data1\" content=\"1 minut\" \/>\n<script type=\"application\/ld+json\" class=\"yoast-schema-graph\">{\"@context\":\"https:\\\/\\\/schema.org\",\"@graph\":[{\"@type\":\"WebPage\",\"@id\":\"https:\\\/\\\/www.specagra.ee\\\/?product=individualus-verseliu-nameliai\",\"url\":\"https:\\\/\\\/www.specagra.ee\\\/?product=individualus-verseliu-nameliai\",\"name\":\"Individualus ver\u0161eli\u0173 nameliai - Specagra\",\"isPartOf\":{\"@id\":\"https:\\\/\\\/www.specagra.ee\\\/#website\"},\"primaryImageOfPage\":{\"@id\":\"https:\\\/\\\/www.specagra.ee\\\/?product=individualus-verseliu-nameliai#primaryimage\"},\"image\":{\"@id\":\"https:\\\/\\\/www.specagra.ee\\\/?product=individualus-verseliu-nameliai#primaryimage\"},\"thumbnailUrl\":\"https:\\\/\\\/specagra.ee\\\/wp-content\\\/uploads\\\/2023\\\/03\\\/Untitled-design-64.jpg\",\"datePublished\":\"2023-03-02T07:27:58+00:00\",\"dateModified\":\"2023-07-31T11:51:23+00:00\",\"breadcrumb\":{\"@id\":\"https:\\\/\\\/www.specagra.ee\\\/?product=individualus-verseliu-nameliai#breadcrumb\"},\"inLanguage\":\"et\",\"potentialAction\":[{\"@type\":\"ReadAction\",\"target\":[\"https:\\\/\\\/www.specagra.ee\\\/?product=individualus-verseliu-nameliai\"]}]},{\"@type\":\"ImageObject\",\"inLanguage\":\"et\",\"@id\":\"https:\\\/\\\/www.specagra.ee\\\/?product=individualus-verseliu-nameliai#primaryimage\",\"url\":\"https:\\\/\\\/specagra.ee\\\/wp-content\\\/uploads\\\/2023\\\/03\\\/Untitled-design-64.jpg\",\"contentUrl\":\"https:\\\/\\\/specagra.ee\\\/wp-content\\\/uploads\\\/2023\\\/03\\\/Untitled-design-64.jpg\",\"width\":800,\"height\":800},{\"@type\":\"BreadcrumbList\",\"@id\":\"https:\\\/\\\/www.specagra.ee\\\/?product=individualus-verseliu-nameliai#breadcrumb\",\"itemListElement\":[{\"@type\":\"ListItem\",\"position\":1,\"name\":\"Home\",\"item\":\"https:\\\/\\\/specagra.ee\\\/\"},{\"@type\":\"ListItem\",\"position\":2,\"name\":\"P\u00f5llumajandustehnika ja loomakasvatus\",\"item\":\"https:\\\/\\\/www.specagra.ee\\\/?page_id=18493\"},{\"@type\":\"ListItem\",\"position\":3,\"name\":\"Individualus ver\u0161eli\u0173 nameliai\"}]},{\"@type\":\"WebSite\",\"@id\":\"https:\\\/\\\/www.specagra.ee\\\/#website\",\"url\":\"https:\\\/\\\/www.specagra.ee\\\/\",\"name\":\"Specagra\",\"description\":\"P\u00f5llumajandustehnika ja varuosad\",\"publisher\":{\"@id\":\"https:\\\/\\\/www.specagra.ee\\\/#organization\"},\"potentialAction\":[{\"@type\":\"SearchAction\",\"target\":{\"@type\":\"EntryPoint\",\"urlTemplate\":\"https:\\\/\\\/www.specagra.ee\\\/?s={search_term_string}\"},\"query-input\":{\"@type\":\"PropertyValueSpecification\",\"valueRequired\":true,\"valueName\":\"search_term_string\"}}],\"inLanguage\":\"et\"},{\"@type\":\"Organization\",\"@id\":\"https:\\\/\\\/www.specagra.ee\\\/#organization\",\"name\":\"UAB Specagra\",\"url\":\"https:\\\/\\\/www.specagra.ee\\\/\",\"logo\":{\"@type\":\"ImageObject\",\"inLanguage\":\"et\",\"@id\":\"https:\\\/\\\/www.specagra.ee\\\/#\\\/schema\\\/logo\\\/image\\\/\",\"url\":\"http:\\\/\\\/www.specagra.ee\\\/wp-content\\\/uploads\\\/2022\\\/02\\\/SP-logo_naujas-scaled.jpg\",\"contentUrl\":\"http:\\\/\\\/www.specagra.ee\\\/wp-content\\\/uploads\\\/2022\\\/02\\\/SP-logo_naujas-scaled.jpg\",\"width\":2560,\"height\":326,\"caption\":\"UAB Specagra\"},\"image\":{\"@id\":\"https:\\\/\\\/www.specagra.ee\\\/#\\\/schema\\\/logo\\\/image\\\/\"}}]}<\/script>\n<!-- \/ Yoast SEO plugin. -->","yoast_head_json":{"title":"Individualus ver\u0161eli\u0173 nameliai - Specagra","robots":{"index":"index","follow":"follow","max-snippet":"max-snippet:-1","max-image-preview":"max-image-preview:large","max-video-preview":"max-video-preview:-1"},"canonical":"https:\/\/www.specagra.ee\/?product=individualus-verseliu-nameliai","og_locale":"et_EE","og_type":"article","og_title":"Individualus ver\u0161eli\u0173 nameliai - Specagra","og_description":"K\u0105 tik gim\u0119 ver\u0161eliai yra pa\u017eeid\u017eiami ir silpni. Tod\u0117l laikant juos izoliuotoje aplinkoje u\u017etikrinama, kad j\u0173 imunin\u0117 sistema sustipr\u0117s ir ateityje bus geresni genetiniai rodikliai. Pagamintas i\u0161 plastiko. Daugiausia d\u0117mesio skiriama gyv\u016bn\u0173 komfortui. Jame n\u0117ra a\u0161tri\u0173 kamp\u0173, kad b\u016bt\u0173 lengva valyti. Specialiai sukurta taip, kad nesilaikyt\u0173 ne\u0161varumai. Erdvus. Patogu ir lengva prieiti prie vandens ir [&hellip;]","og_url":"https:\/\/www.specagra.ee\/?product=individualus-verseliu-nameliai","og_site_name":"Specagra","article_modified_time":"2023-07-31T11:51:23+00:00","og_image":[{"width":800,"height":800,"url":"https:\/\/www.specagra.ee\/wp-content\/uploads\/2023\/03\/Untitled-design-64.jpg","type":"image\/jpeg"}],"twitter_card":"summary_large_image","twitter_misc":{"Est. reading time":"1 minut"},"schema":{"@context":"https:\/\/schema.org","@graph":[{"@type":"WebPage","@id":"https:\/\/www.specagra.ee\/?product=individualus-verseliu-nameliai","url":"https:\/\/www.specagra.ee\/?product=individualus-verseliu-nameliai","name":"Individualus ver\u0161eli\u0173 nameliai - Specagra","isPartOf":{"@id":"https:\/\/www.specagra.ee\/#website"},"primaryImageOfPage":{"@id":"https:\/\/www.specagra.ee\/?product=individualus-verseliu-nameliai#primaryimage"},"image":{"@id":"https:\/\/www.specagra.ee\/?product=individualus-verseliu-nameliai#primaryimage"},"thumbnailUrl":"https:\/\/specagra.ee\/wp-content\/uploads\/2023\/03\/Untitled-design-64.jpg","datePublished":"2023-03-02T07:27:58+00:00","dateModified":"2023-07-31T11:51:23+00:00","breadcrumb":{"@id":"https:\/\/www.specagra.ee\/?product=individualus-verseliu-nameliai#breadcrumb"},"inLanguage":"et","potentialAction":[{"@type":"ReadAction","target":["https:\/\/www.specagra.ee\/?product=individualus-verseliu-nameliai"]}]},{"@type":"ImageObject","inLanguage":"et","@id":"https:\/\/www.specagra.ee\/?product=individualus-verseliu-nameliai#primaryimage","url":"https:\/\/specagra.ee\/wp-content\/uploads\/2023\/03\/Untitled-design-64.jpg","contentUrl":"https:\/\/specagra.ee\/wp-content\/uploads\/2023\/03\/Untitled-design-64.jpg","width":800,"height":800},{"@type":"BreadcrumbList","@id":"https:\/\/www.specagra.ee\/?product=individualus-verseliu-nameliai#breadcrumb","itemListElement":[{"@type":"ListItem","position":1,"name":"Home","item":"https:\/\/specagra.ee\/"},{"@type":"ListItem","position":2,"name":"P\u00f5llumajandustehnika ja loomakasvatus","item":"https:\/\/www.specagra.ee\/?page_id=18493"},{"@type":"ListItem","position":3,"name":"Individualus ver\u0161eli\u0173 nameliai"}]},{"@type":"WebSite","@id":"https:\/\/www.specagra.ee\/#website","url":"https:\/\/www.specagra.ee\/","name":"Specagra","description":"P\u00f5llumajandustehnika ja varuosad","publisher":{"@id":"https:\/\/www.specagra.ee\/#organization"},"potentialAction":[{"@type":"SearchAction","target":{"@type":"EntryPoint","urlTemplate":"https:\/\/www.specagra.ee\/?s={search_term_string}"},"query-input":{"@type":"PropertyValueSpecification","valueRequired":true,"valueName":"search_term_string"}}],"inLanguage":"et"},{"@type":"Organization","@id":"https:\/\/www.specagra.ee\/#organization","name":"UAB Specagra","url":"https:\/\/www.specagra.ee\/","logo":{"@type":"ImageObject","inLanguage":"et","@id":"https:\/\/www.specagra.ee\/#\/schema\/logo\/image\/","url":"http:\/\/www.specagra.ee\/wp-content\/uploads\/2022\/02\/SP-logo_naujas-scaled.jpg","contentUrl":"http:\/\/www.specagra.ee\/wp-content\/uploads\/2022\/02\/SP-logo_naujas-scaled.jpg","width":2560,"height":326,"caption":"UAB Specagra"},"image":{"@id":"https:\/\/www.specagra.ee\/#\/schema\/logo\/image\/"}}]}},"_links":{"self":[{"href":"https:\/\/www.specagra.ee\/index.php?rest_route=\/wp\/v2\/product\/24475","targetHints":{"allow":["GET"]}}],"collection":[{"href":"https:\/\/www.specagra.ee\/index.php?rest_route=\/wp\/v2\/product"}],"about":[{"href":"https:\/\/www.specagra.ee\/index.php?rest_route=\/wp\/v2\/types\/product"}],"wp:featuredmedia":[{"embeddable":true,"href":"https:\/\/www.specagra.ee\/index.php?rest_route=\/wp\/v2\/media\/24476"}],"wp:attachment":[{"href":"https:\/\/www.specagra.ee\/index.php?rest_route=%2Fwp%2Fv2%2Fmedia&parent=24475"}],"wp:term":[{"taxonomy":"product_brand","embeddable":true,"href":"https:\/\/www.specagra.ee\/index.php?rest_route=%2Fwp%2Fv2%2Fproduct_brand&post=24475"},{"taxonomy":"product_cat","embeddable":true,"href":"https:\/\/www.specagra.ee\/index.php?rest_route=%2Fwp%2Fv2%2Fproduct_cat&post=24475"},{"taxonomy":"product_tag","embeddable":true,"href":"https:\/\/www.specagra.ee\/index.php?rest_route=%2Fwp%2Fv2%2Fproduct_tag&post=24475"}],"curies":[{"name":"wp","href":"https:\/\/api.w.org\/{rel}","templated":true}]}}