{"id":24380,"date":"2023-02-13T11:18:15","date_gmt":"2023-02-13T13:18:15","guid":{"rendered":"https:\/\/www.specagra.ee\/?post_type=product&#038;p=24380"},"modified":"2025-03-25T12:35:04","modified_gmt":"2025-03-25T14:35:04","slug":"pasaru-pristumimo-robotas-i-bold","status":"publish","type":"product","link":"https:\/\/www.specagra.ee\/?product=pasaru-pristumimo-robotas-i-bold","title":{"rendered":"Pa\u0161ar\u0173 prist\u016bmimo robotas I-BOLD"},"content":{"rendered":"<p>I-BOLD automatinis pa\u0161ar\u0173 prist\u016bmimo robotas &#8211; tai akumuliatorinis robotas, kuris stumia pa\u0161arus link \u0161\u0117rimo tvoros. D\u0117l unikalios sraigtin\u0117s st\u016bmimo sistemos jis laisvai, nespaud\u017eiant stumia pa\u0161arus i\u0161saugodamas \u0161vie\u017eum\u0105 ir kokyb\u0119. Operatorius u\u017eprogramuoja mar\u0161rut\u0105, kuriuo turi va\u017eiuoti I-BOLD robotas, naudodamas program\u0117le i\u0161maniajame telefone. Galima pasirinkti, kad tam tikrose tvarto vietose tam tikru paros metu b\u016bt\u0173 pristumiama daugiau pa\u0161aro. Be to, robotas (naudodamasis papildomai \u012fsigyjamu priedu) gali barstyti koncentruotus pa\u0161arus arba mineralus, kad pritraukt\u0173 karves.<\/p>\n<p>&nbsp;<\/p>\n<p><strong>TECHNINIAI DUOMENYS:<\/strong><\/p>\n<p>SVORIS (KG): 640 KG<br \/>\nGREITIS (m\/min): 7.2 m\/min<br \/>\nKROVIMO LAIKAS (min): 100 min<br \/>\nNAUDOJIMO LAIKAS(min): 100 &#8211; 120 min<br \/>\nAUK\u0160TIS (CM):130 CM<br \/>\nPLOTIS (CM):100 CM<br \/>\nILGIS (CM): 170 CM<br \/>\nSISTEMA: elektra<br \/>\nMAX \u017dEM\u0116S NUOLYDIS: 5%<br \/>\nDARBO TEMPERAT\u016aRA (\u00b0C): -10\u00b0C + 50\u00b0C<br \/>\nDUR\u0172 VALDYMAS: pasirenkama<br \/>\nKLI\u016a\u010cI\u0172 APTIKIMO SISTEMA: pasirenkama<br \/>\nMOBILI PROGRAMA: pasirenkama<br \/>\nNAUDOJIMAS LAUKE: galimas<\/p>\n","protected":false},"excerpt":{"rendered":"<p>I-BOLD automatinis pa\u0161ar\u0173 prist\u016bmimo robotas &#8211; tai akumuliatorinis robotas, kuris stumia pa\u0161arus link \u0161\u0117rimo tvoros. D\u0117l unikalios sraigtin\u0117s st\u016bmimo sistemos jis laisvai, nespaud\u017eiant stumia pa\u0161arus i\u0161saugodamas \u0161vie\u017eum\u0105 ir kokyb\u0119. Operatorius u\u017eprogramuoja mar\u0161rut\u0105, kuriuo turi va\u017eiuoti I-BOLD robotas, naudodamas program\u0117le i\u0161maniajame telefone. Galima pasirinkti, kad tam tikrose tvarto vietose tam tikru paros metu b\u016bt\u0173 pristumiama daugiau [&hellip;]<\/p>\n","protected":false},"featured_media":44149,"template":"","meta":{"_et_pb_use_builder":"","_et_pb_old_content":"","_et_gb_content_width":""},"product_brand":[],"product_cat":[262],"product_tag":[],"class_list":{"0":"post-24380","1":"product","2":"type-product","3":"status-publish","4":"has-post-thumbnail","6":"product_cat-sooda-lukkurid","8":"first","9":"instock","10":"shipping-taxable","11":"product-type-simple"},"yoast_head":"<!-- This site is optimized with the Yoast SEO plugin v26.4 - https:\/\/yoast.com\/wordpress\/plugins\/seo\/ -->\n<title>Pa\u0161ar\u0173 prist\u016bmimo robotas I-BOLD - Specagra<\/title>\n<meta name=\"robots\" content=\"index, follow, max-snippet:-1, max-image-preview:large, max-video-preview:-1\" \/>\n<link rel=\"canonical\" href=\"https:\/\/www.specagra.ee\/?product=pasaru-pristumimo-robotas-i-bold\" \/>\n<meta property=\"og:locale\" content=\"et_EE\" \/>\n<meta property=\"og:type\" content=\"article\" \/>\n<meta property=\"og:title\" content=\"Pa\u0161ar\u0173 prist\u016bmimo robotas I-BOLD - Specagra\" \/>\n<meta property=\"og:description\" content=\"I-BOLD automatinis pa\u0161ar\u0173 prist\u016bmimo robotas &#8211; tai akumuliatorinis robotas, kuris stumia pa\u0161arus link \u0161\u0117rimo tvoros. D\u0117l unikalios sraigtin\u0117s st\u016bmimo sistemos jis laisvai, nespaud\u017eiant stumia pa\u0161arus i\u0161saugodamas \u0161vie\u017eum\u0105 ir kokyb\u0119. Operatorius u\u017eprogramuoja mar\u0161rut\u0105, kuriuo turi va\u017eiuoti I-BOLD robotas, naudodamas program\u0117le i\u0161maniajame telefone. Galima pasirinkti, kad tam tikrose tvarto vietose tam tikru paros metu b\u016bt\u0173 pristumiama daugiau [&hellip;]\" \/>\n<meta property=\"og:url\" content=\"https:\/\/www.specagra.ee\/?product=pasaru-pristumimo-robotas-i-bold\" \/>\n<meta property=\"og:site_name\" content=\"Specagra\" \/>\n<meta property=\"article:modified_time\" content=\"2025-03-25T14:35:04+00:00\" \/>\n<meta property=\"og:image\" content=\"https:\/\/www.specagra.ee\/wp-content\/uploads\/2023\/02\/Untitled-design1-1.png\" \/>\n\t<meta property=\"og:image:width\" content=\"900\" \/>\n\t<meta property=\"og:image:height\" content=\"900\" \/>\n\t<meta property=\"og:image:type\" content=\"image\/png\" \/>\n<meta name=\"twitter:card\" content=\"summary_large_image\" \/>\n<meta name=\"twitter:label1\" content=\"Est. reading time\" \/>\n\t<meta name=\"twitter:data1\" content=\"1 minut\" \/>\n<script type=\"application\/ld+json\" class=\"yoast-schema-graph\">{\"@context\":\"https:\/\/schema.org\",\"@graph\":[{\"@type\":\"WebPage\",\"@id\":\"https:\/\/www.specagra.ee\/?product=pasaru-pristumimo-robotas-i-bold\",\"url\":\"https:\/\/www.specagra.ee\/?product=pasaru-pristumimo-robotas-i-bold\",\"name\":\"Pa\u0161ar\u0173 prist\u016bmimo robotas I-BOLD - Specagra\",\"isPartOf\":{\"@id\":\"https:\/\/www.specagra.ee\/#website\"},\"primaryImageOfPage\":{\"@id\":\"https:\/\/www.specagra.ee\/?product=pasaru-pristumimo-robotas-i-bold#primaryimage\"},\"image\":{\"@id\":\"https:\/\/www.specagra.ee\/?product=pasaru-pristumimo-robotas-i-bold#primaryimage\"},\"thumbnailUrl\":\"https:\/\/www.specagra.ee\/wp-content\/uploads\/2023\/02\/Untitled-design1-1.png\",\"datePublished\":\"2023-02-13T13:18:15+00:00\",\"dateModified\":\"2025-03-25T14:35:04+00:00\",\"breadcrumb\":{\"@id\":\"https:\/\/www.specagra.ee\/?product=pasaru-pristumimo-robotas-i-bold#breadcrumb\"},\"inLanguage\":\"et\",\"potentialAction\":[{\"@type\":\"ReadAction\",\"target\":[\"https:\/\/www.specagra.ee\/?product=pasaru-pristumimo-robotas-i-bold\"]}]},{\"@type\":\"ImageObject\",\"inLanguage\":\"et\",\"@id\":\"https:\/\/www.specagra.ee\/?product=pasaru-pristumimo-robotas-i-bold#primaryimage\",\"url\":\"https:\/\/www.specagra.ee\/wp-content\/uploads\/2023\/02\/Untitled-design1-1.png\",\"contentUrl\":\"https:\/\/www.specagra.ee\/wp-content\/uploads\/2023\/02\/Untitled-design1-1.png\",\"width\":900,\"height\":900},{\"@type\":\"BreadcrumbList\",\"@id\":\"https:\/\/www.specagra.ee\/?product=pasaru-pristumimo-robotas-i-bold#breadcrumb\",\"itemListElement\":[{\"@type\":\"ListItem\",\"position\":1,\"name\":\"Home\",\"item\":\"https:\/\/www.specagra.ee\/\"},{\"@type\":\"ListItem\",\"position\":2,\"name\":\"P\u00f5llumajandustehnika ja loomakasvatus\",\"item\":\"https:\/\/specagra.ee\/?page_id=18493\"},{\"@type\":\"ListItem\",\"position\":3,\"name\":\"Pa\u0161ar\u0173 prist\u016bmimo robotas I-BOLD\"}]},{\"@type\":\"WebSite\",\"@id\":\"https:\/\/www.specagra.ee\/#website\",\"url\":\"https:\/\/www.specagra.ee\/\",\"name\":\"Specagra\",\"description\":\"P\u00f5llumajandustehnika ja varuosad\",\"publisher\":{\"@id\":\"https:\/\/www.specagra.ee\/#organization\"},\"potentialAction\":[{\"@type\":\"SearchAction\",\"target\":{\"@type\":\"EntryPoint\",\"urlTemplate\":\"https:\/\/www.specagra.ee\/?s={search_term_string}\"},\"query-input\":{\"@type\":\"PropertyValueSpecification\",\"valueRequired\":true,\"valueName\":\"search_term_string\"}}],\"inLanguage\":\"et\"},{\"@type\":\"Organization\",\"@id\":\"https:\/\/www.specagra.ee\/#organization\",\"name\":\"UAB Specagra\",\"url\":\"https:\/\/www.specagra.ee\/\",\"logo\":{\"@type\":\"ImageObject\",\"inLanguage\":\"et\",\"@id\":\"https:\/\/www.specagra.ee\/#\/schema\/logo\/image\/\",\"url\":\"http:\/\/www.specagra.ee\/wp-content\/uploads\/2022\/02\/SP-logo_naujas-scaled.jpg\",\"contentUrl\":\"http:\/\/www.specagra.ee\/wp-content\/uploads\/2022\/02\/SP-logo_naujas-scaled.jpg\",\"width\":2560,\"height\":326,\"caption\":\"UAB Specagra\"},\"image\":{\"@id\":\"https:\/\/www.specagra.ee\/#\/schema\/logo\/image\/\"}}]}<\/script>\n<!-- \/ Yoast SEO plugin. -->","yoast_head_json":{"title":"Pa\u0161ar\u0173 prist\u016bmimo robotas I-BOLD - Specagra","robots":{"index":"index","follow":"follow","max-snippet":"max-snippet:-1","max-image-preview":"max-image-preview:large","max-video-preview":"max-video-preview:-1"},"canonical":"https:\/\/www.specagra.ee\/?product=pasaru-pristumimo-robotas-i-bold","og_locale":"et_EE","og_type":"article","og_title":"Pa\u0161ar\u0173 prist\u016bmimo robotas I-BOLD - Specagra","og_description":"I-BOLD automatinis pa\u0161ar\u0173 prist\u016bmimo robotas &#8211; tai akumuliatorinis robotas, kuris stumia pa\u0161arus link \u0161\u0117rimo tvoros. D\u0117l unikalios sraigtin\u0117s st\u016bmimo sistemos jis laisvai, nespaud\u017eiant stumia pa\u0161arus i\u0161saugodamas \u0161vie\u017eum\u0105 ir kokyb\u0119. Operatorius u\u017eprogramuoja mar\u0161rut\u0105, kuriuo turi va\u017eiuoti I-BOLD robotas, naudodamas program\u0117le i\u0161maniajame telefone. Galima pasirinkti, kad tam tikrose tvarto vietose tam tikru paros metu b\u016bt\u0173 pristumiama daugiau [&hellip;]","og_url":"https:\/\/www.specagra.ee\/?product=pasaru-pristumimo-robotas-i-bold","og_site_name":"Specagra","article_modified_time":"2025-03-25T14:35:04+00:00","og_image":[{"width":900,"height":900,"url":"https:\/\/www.specagra.ee\/wp-content\/uploads\/2023\/02\/Untitled-design1-1.png","type":"image\/png"}],"twitter_card":"summary_large_image","twitter_misc":{"Est. reading time":"1 minut"},"schema":{"@context":"https:\/\/schema.org","@graph":[{"@type":"WebPage","@id":"https:\/\/www.specagra.ee\/?product=pasaru-pristumimo-robotas-i-bold","url":"https:\/\/www.specagra.ee\/?product=pasaru-pristumimo-robotas-i-bold","name":"Pa\u0161ar\u0173 prist\u016bmimo robotas I-BOLD - Specagra","isPartOf":{"@id":"https:\/\/www.specagra.ee\/#website"},"primaryImageOfPage":{"@id":"https:\/\/www.specagra.ee\/?product=pasaru-pristumimo-robotas-i-bold#primaryimage"},"image":{"@id":"https:\/\/www.specagra.ee\/?product=pasaru-pristumimo-robotas-i-bold#primaryimage"},"thumbnailUrl":"https:\/\/www.specagra.ee\/wp-content\/uploads\/2023\/02\/Untitled-design1-1.png","datePublished":"2023-02-13T13:18:15+00:00","dateModified":"2025-03-25T14:35:04+00:00","breadcrumb":{"@id":"https:\/\/www.specagra.ee\/?product=pasaru-pristumimo-robotas-i-bold#breadcrumb"},"inLanguage":"et","potentialAction":[{"@type":"ReadAction","target":["https:\/\/www.specagra.ee\/?product=pasaru-pristumimo-robotas-i-bold"]}]},{"@type":"ImageObject","inLanguage":"et","@id":"https:\/\/www.specagra.ee\/?product=pasaru-pristumimo-robotas-i-bold#primaryimage","url":"https:\/\/www.specagra.ee\/wp-content\/uploads\/2023\/02\/Untitled-design1-1.png","contentUrl":"https:\/\/www.specagra.ee\/wp-content\/uploads\/2023\/02\/Untitled-design1-1.png","width":900,"height":900},{"@type":"BreadcrumbList","@id":"https:\/\/www.specagra.ee\/?product=pasaru-pristumimo-robotas-i-bold#breadcrumb","itemListElement":[{"@type":"ListItem","position":1,"name":"Home","item":"https:\/\/www.specagra.ee\/"},{"@type":"ListItem","position":2,"name":"P\u00f5llumajandustehnika ja loomakasvatus","item":"https:\/\/specagra.ee\/?page_id=18493"},{"@type":"ListItem","position":3,"name":"Pa\u0161ar\u0173 prist\u016bmimo robotas I-BOLD"}]},{"@type":"WebSite","@id":"https:\/\/www.specagra.ee\/#website","url":"https:\/\/www.specagra.ee\/","name":"Specagra","description":"P\u00f5llumajandustehnika ja varuosad","publisher":{"@id":"https:\/\/www.specagra.ee\/#organization"},"potentialAction":[{"@type":"SearchAction","target":{"@type":"EntryPoint","urlTemplate":"https:\/\/www.specagra.ee\/?s={search_term_string}"},"query-input":{"@type":"PropertyValueSpecification","valueRequired":true,"valueName":"search_term_string"}}],"inLanguage":"et"},{"@type":"Organization","@id":"https:\/\/www.specagra.ee\/#organization","name":"UAB Specagra","url":"https:\/\/www.specagra.ee\/","logo":{"@type":"ImageObject","inLanguage":"et","@id":"https:\/\/www.specagra.ee\/#\/schema\/logo\/image\/","url":"http:\/\/www.specagra.ee\/wp-content\/uploads\/2022\/02\/SP-logo_naujas-scaled.jpg","contentUrl":"http:\/\/www.specagra.ee\/wp-content\/uploads\/2022\/02\/SP-logo_naujas-scaled.jpg","width":2560,"height":326,"caption":"UAB Specagra"},"image":{"@id":"https:\/\/www.specagra.ee\/#\/schema\/logo\/image\/"}}]}},"_links":{"self":[{"href":"https:\/\/www.specagra.ee\/index.php?rest_route=\/wp\/v2\/product\/24380","targetHints":{"allow":["GET"]}}],"collection":[{"href":"https:\/\/www.specagra.ee\/index.php?rest_route=\/wp\/v2\/product"}],"about":[{"href":"https:\/\/www.specagra.ee\/index.php?rest_route=\/wp\/v2\/types\/product"}],"wp:featuredmedia":[{"embeddable":true,"href":"https:\/\/www.specagra.ee\/index.php?rest_route=\/wp\/v2\/media\/44149"}],"wp:attachment":[{"href":"https:\/\/www.specagra.ee\/index.php?rest_route=%2Fwp%2Fv2%2Fmedia&parent=24380"}],"wp:term":[{"taxonomy":"product_brand","embeddable":true,"href":"https:\/\/www.specagra.ee\/index.php?rest_route=%2Fwp%2Fv2%2Fproduct_brand&post=24380"},{"taxonomy":"product_cat","embeddable":true,"href":"https:\/\/www.specagra.ee\/index.php?rest_route=%2Fwp%2Fv2%2Fproduct_cat&post=24380"},{"taxonomy":"product_tag","embeddable":true,"href":"https:\/\/www.specagra.ee\/index.php?rest_route=%2Fwp%2Fv2%2Fproduct_tag&post=24380"}],"curies":[{"name":"wp","href":"https:\/\/api.w.org\/{rel}","templated":true}]}}