{"id":24112,"date":"2023-02-07T11:36:09","date_gmt":"2023-02-07T13:36:09","guid":{"rendered":"https:\/\/www.specagra.ee\/?post_type=product&#038;p=24112"},"modified":"2023-02-07T12:00:43","modified_gmt":"2023-02-07T14:00:43","slug":"surio-stalas-plevnik-sm","status":"publish","type":"product","link":"https:\/\/www.specagra.ee\/?product=surio-stalas-plevnik-sm","title":{"rendered":"S\u016brio stalas &#8211; \u0161ildomas Plevnik SMG"},"content":{"rendered":"<p>Bendrosios savyb\u0117s :<\/p>\n<ul>\n<li>S\u016brio stalas ant ratuk\u0173 su paauk\u0161tintu pavir\u0161iaus kra\u0161tu (40 mm) ir \u0161ildomu darbiniu pavir\u0161iumi.<\/li>\n<li>\u0160ildomas darbinis pavir\u0161ius apsaugo nuo visi\u0161ko atv\u0117sinimo ir s\u016brio su\u0161okimo gr\u016bdeliais.<\/li>\n<li>Pagaminta i\u0161 AISI 304 ner\u016bdijan\u010dio plieno.<\/li>\n<li><strong>Papildoma \u012franga:<\/strong><br \/>\n&#8211; Nuimama lentyna po stalu.<\/li>\n<\/ul>\n","protected":false},"excerpt":{"rendered":"<p>Bendrosios savyb\u0117s : S\u016brio stalas ant ratuk\u0173 su paauk\u0161tintu pavir\u0161iaus kra\u0161tu (40 mm) ir \u0161ildomu darbiniu pavir\u0161iumi. \u0160ildomas darbinis pavir\u0161ius apsaugo nuo visi\u0161ko atv\u0117sinimo ir s\u016brio su\u0161okimo gr\u016bdeliais. Pagaminta i\u0161 AISI 304 ner\u016bdijan\u010dio plieno. Papildoma \u012franga: &#8211; Nuimama lentyna po stalu.<\/p>\n","protected":false},"featured_media":24120,"template":"","meta":{"_et_pb_use_builder":"","_et_pb_old_content":"","_et_gb_content_width":""},"product_brand":[],"product_cat":[191],"product_tag":[],"class_list":{"0":"post-24112","1":"product","2":"type-product","3":"status-publish","4":"has-post-thumbnail","6":"product_cat-juustutootmisseadmed-ja-muud-lahendused","8":"first","9":"instock","10":"shipping-taxable","11":"product-type-simple"},"yoast_head":"<!-- This site is optimized with the Yoast SEO plugin v26.4 - https:\/\/yoast.com\/wordpress\/plugins\/seo\/ -->\n<title>S\u016brio stalas - \u0161ildomas Plevnik SMG - Specagra<\/title>\n<meta name=\"robots\" content=\"index, follow, max-snippet:-1, max-image-preview:large, max-video-preview:-1\" \/>\n<link rel=\"canonical\" href=\"https:\/\/www.specagra.ee\/?product=surio-stalas-plevnik-sm\" \/>\n<meta property=\"og:locale\" content=\"et_EE\" \/>\n<meta property=\"og:type\" content=\"article\" \/>\n<meta property=\"og:title\" content=\"S\u016brio stalas - \u0161ildomas Plevnik SMG - Specagra\" \/>\n<meta property=\"og:description\" content=\"Bendrosios savyb\u0117s : S\u016brio stalas ant ratuk\u0173 su paauk\u0161tintu pavir\u0161iaus kra\u0161tu (40 mm) ir \u0161ildomu darbiniu pavir\u0161iumi. \u0160ildomas darbinis pavir\u0161ius apsaugo nuo visi\u0161ko atv\u0117sinimo ir s\u016brio su\u0161okimo gr\u016bdeliais. Pagaminta i\u0161 AISI 304 ner\u016bdijan\u010dio plieno. Papildoma \u012franga: &#8211; Nuimama lentyna po stalu.\" \/>\n<meta property=\"og:url\" content=\"https:\/\/www.specagra.ee\/?product=surio-stalas-plevnik-sm\" \/>\n<meta property=\"og:site_name\" content=\"Specagra\" \/>\n<meta property=\"article:modified_time\" content=\"2023-02-07T14:00:43+00:00\" \/>\n<meta property=\"og:image\" content=\"https:\/\/specagra.ee\/wp-content\/uploads\/2023\/02\/Untitled-design-11.jpg\" \/>\n\t<meta property=\"og:image:width\" content=\"800\" \/>\n\t<meta property=\"og:image:height\" content=\"800\" \/>\n\t<meta property=\"og:image:type\" content=\"image\/jpeg\" \/>\n<meta name=\"twitter:card\" content=\"summary_large_image\" \/>\n<meta name=\"twitter:label1\" content=\"Est. reading time\" \/>\n\t<meta name=\"twitter:data1\" content=\"1 minut\" \/>\n<script type=\"application\/ld+json\" class=\"yoast-schema-graph\">{\"@context\":\"https:\/\/schema.org\",\"@graph\":[{\"@type\":\"WebPage\",\"@id\":\"https:\/\/www.specagra.ee\/?product=surio-stalas-plevnik-sm\",\"url\":\"https:\/\/www.specagra.ee\/?product=surio-stalas-plevnik-sm\",\"name\":\"S\u016brio stalas - \u0161ildomas Plevnik SMG - Specagra\",\"isPartOf\":{\"@id\":\"https:\/\/www.specagra.ee\/#website\"},\"primaryImageOfPage\":{\"@id\":\"https:\/\/www.specagra.ee\/?product=surio-stalas-plevnik-sm#primaryimage\"},\"image\":{\"@id\":\"https:\/\/www.specagra.ee\/?product=surio-stalas-plevnik-sm#primaryimage\"},\"thumbnailUrl\":\"https:\/\/www.specagra.ee\/wp-content\/uploads\/2023\/02\/Untitled-design-11.jpg\",\"datePublished\":\"2023-02-07T13:36:09+00:00\",\"dateModified\":\"2023-02-07T14:00:43+00:00\",\"breadcrumb\":{\"@id\":\"https:\/\/www.specagra.ee\/?product=surio-stalas-plevnik-sm#breadcrumb\"},\"inLanguage\":\"et\",\"potentialAction\":[{\"@type\":\"ReadAction\",\"target\":[\"https:\/\/www.specagra.ee\/?product=surio-stalas-plevnik-sm\"]}]},{\"@type\":\"ImageObject\",\"inLanguage\":\"et\",\"@id\":\"https:\/\/www.specagra.ee\/?product=surio-stalas-plevnik-sm#primaryimage\",\"url\":\"https:\/\/www.specagra.ee\/wp-content\/uploads\/2023\/02\/Untitled-design-11.jpg\",\"contentUrl\":\"https:\/\/www.specagra.ee\/wp-content\/uploads\/2023\/02\/Untitled-design-11.jpg\",\"width\":800,\"height\":800},{\"@type\":\"BreadcrumbList\",\"@id\":\"https:\/\/www.specagra.ee\/?product=surio-stalas-plevnik-sm#breadcrumb\",\"itemListElement\":[{\"@type\":\"ListItem\",\"position\":1,\"name\":\"Home\",\"item\":\"https:\/\/www.specagra.ee\/\"},{\"@type\":\"ListItem\",\"position\":2,\"name\":\"P\u00f5llumajandustehnika ja loomakasvatus\",\"item\":\"https:\/\/specagra.ee\/?page_id=18493\"},{\"@type\":\"ListItem\",\"position\":3,\"name\":\"S\u016brio stalas &#8211; \u0161ildomas Plevnik SMG\"}]},{\"@type\":\"WebSite\",\"@id\":\"https:\/\/www.specagra.ee\/#website\",\"url\":\"https:\/\/www.specagra.ee\/\",\"name\":\"Specagra\",\"description\":\"P\u00f5llumajandustehnika ja varuosad\",\"publisher\":{\"@id\":\"https:\/\/www.specagra.ee\/#organization\"},\"potentialAction\":[{\"@type\":\"SearchAction\",\"target\":{\"@type\":\"EntryPoint\",\"urlTemplate\":\"https:\/\/www.specagra.ee\/?s={search_term_string}\"},\"query-input\":{\"@type\":\"PropertyValueSpecification\",\"valueRequired\":true,\"valueName\":\"search_term_string\"}}],\"inLanguage\":\"et\"},{\"@type\":\"Organization\",\"@id\":\"https:\/\/www.specagra.ee\/#organization\",\"name\":\"UAB Specagra\",\"url\":\"https:\/\/www.specagra.ee\/\",\"logo\":{\"@type\":\"ImageObject\",\"inLanguage\":\"et\",\"@id\":\"https:\/\/www.specagra.ee\/#\/schema\/logo\/image\/\",\"url\":\"http:\/\/www.specagra.ee\/wp-content\/uploads\/2022\/02\/SP-logo_naujas-scaled.jpg\",\"contentUrl\":\"http:\/\/www.specagra.ee\/wp-content\/uploads\/2022\/02\/SP-logo_naujas-scaled.jpg\",\"width\":2560,\"height\":326,\"caption\":\"UAB Specagra\"},\"image\":{\"@id\":\"https:\/\/www.specagra.ee\/#\/schema\/logo\/image\/\"}}]}<\/script>\n<!-- \/ Yoast SEO plugin. -->","yoast_head_json":{"title":"S\u016brio stalas - \u0161ildomas Plevnik SMG - Specagra","robots":{"index":"index","follow":"follow","max-snippet":"max-snippet:-1","max-image-preview":"max-image-preview:large","max-video-preview":"max-video-preview:-1"},"canonical":"https:\/\/www.specagra.ee\/?product=surio-stalas-plevnik-sm","og_locale":"et_EE","og_type":"article","og_title":"S\u016brio stalas - \u0161ildomas Plevnik SMG - Specagra","og_description":"Bendrosios savyb\u0117s : S\u016brio stalas ant ratuk\u0173 su paauk\u0161tintu pavir\u0161iaus kra\u0161tu (40 mm) ir \u0161ildomu darbiniu pavir\u0161iumi. \u0160ildomas darbinis pavir\u0161ius apsaugo nuo visi\u0161ko atv\u0117sinimo ir s\u016brio su\u0161okimo gr\u016bdeliais. Pagaminta i\u0161 AISI 304 ner\u016bdijan\u010dio plieno. Papildoma \u012franga: &#8211; Nuimama lentyna po stalu.","og_url":"https:\/\/www.specagra.ee\/?product=surio-stalas-plevnik-sm","og_site_name":"Specagra","article_modified_time":"2023-02-07T14:00:43+00:00","og_image":[{"width":800,"height":800,"url":"https:\/\/specagra.ee\/wp-content\/uploads\/2023\/02\/Untitled-design-11.jpg","type":"image\/jpeg"}],"twitter_card":"summary_large_image","twitter_misc":{"Est. reading time":"1 minut"},"schema":{"@context":"https:\/\/schema.org","@graph":[{"@type":"WebPage","@id":"https:\/\/www.specagra.ee\/?product=surio-stalas-plevnik-sm","url":"https:\/\/www.specagra.ee\/?product=surio-stalas-plevnik-sm","name":"S\u016brio stalas - \u0161ildomas Plevnik SMG - Specagra","isPartOf":{"@id":"https:\/\/www.specagra.ee\/#website"},"primaryImageOfPage":{"@id":"https:\/\/www.specagra.ee\/?product=surio-stalas-plevnik-sm#primaryimage"},"image":{"@id":"https:\/\/www.specagra.ee\/?product=surio-stalas-plevnik-sm#primaryimage"},"thumbnailUrl":"https:\/\/www.specagra.ee\/wp-content\/uploads\/2023\/02\/Untitled-design-11.jpg","datePublished":"2023-02-07T13:36:09+00:00","dateModified":"2023-02-07T14:00:43+00:00","breadcrumb":{"@id":"https:\/\/www.specagra.ee\/?product=surio-stalas-plevnik-sm#breadcrumb"},"inLanguage":"et","potentialAction":[{"@type":"ReadAction","target":["https:\/\/www.specagra.ee\/?product=surio-stalas-plevnik-sm"]}]},{"@type":"ImageObject","inLanguage":"et","@id":"https:\/\/www.specagra.ee\/?product=surio-stalas-plevnik-sm#primaryimage","url":"https:\/\/www.specagra.ee\/wp-content\/uploads\/2023\/02\/Untitled-design-11.jpg","contentUrl":"https:\/\/www.specagra.ee\/wp-content\/uploads\/2023\/02\/Untitled-design-11.jpg","width":800,"height":800},{"@type":"BreadcrumbList","@id":"https:\/\/www.specagra.ee\/?product=surio-stalas-plevnik-sm#breadcrumb","itemListElement":[{"@type":"ListItem","position":1,"name":"Home","item":"https:\/\/www.specagra.ee\/"},{"@type":"ListItem","position":2,"name":"P\u00f5llumajandustehnika ja loomakasvatus","item":"https:\/\/specagra.ee\/?page_id=18493"},{"@type":"ListItem","position":3,"name":"S\u016brio stalas &#8211; \u0161ildomas Plevnik SMG"}]},{"@type":"WebSite","@id":"https:\/\/www.specagra.ee\/#website","url":"https:\/\/www.specagra.ee\/","name":"Specagra","description":"P\u00f5llumajandustehnika ja varuosad","publisher":{"@id":"https:\/\/www.specagra.ee\/#organization"},"potentialAction":[{"@type":"SearchAction","target":{"@type":"EntryPoint","urlTemplate":"https:\/\/www.specagra.ee\/?s={search_term_string}"},"query-input":{"@type":"PropertyValueSpecification","valueRequired":true,"valueName":"search_term_string"}}],"inLanguage":"et"},{"@type":"Organization","@id":"https:\/\/www.specagra.ee\/#organization","name":"UAB Specagra","url":"https:\/\/www.specagra.ee\/","logo":{"@type":"ImageObject","inLanguage":"et","@id":"https:\/\/www.specagra.ee\/#\/schema\/logo\/image\/","url":"http:\/\/www.specagra.ee\/wp-content\/uploads\/2022\/02\/SP-logo_naujas-scaled.jpg","contentUrl":"http:\/\/www.specagra.ee\/wp-content\/uploads\/2022\/02\/SP-logo_naujas-scaled.jpg","width":2560,"height":326,"caption":"UAB Specagra"},"image":{"@id":"https:\/\/www.specagra.ee\/#\/schema\/logo\/image\/"}}]}},"_links":{"self":[{"href":"https:\/\/www.specagra.ee\/index.php?rest_route=\/wp\/v2\/product\/24112","targetHints":{"allow":["GET"]}}],"collection":[{"href":"https:\/\/www.specagra.ee\/index.php?rest_route=\/wp\/v2\/product"}],"about":[{"href":"https:\/\/www.specagra.ee\/index.php?rest_route=\/wp\/v2\/types\/product"}],"wp:featuredmedia":[{"embeddable":true,"href":"https:\/\/www.specagra.ee\/index.php?rest_route=\/wp\/v2\/media\/24120"}],"wp:attachment":[{"href":"https:\/\/www.specagra.ee\/index.php?rest_route=%2Fwp%2Fv2%2Fmedia&parent=24112"}],"wp:term":[{"taxonomy":"product_brand","embeddable":true,"href":"https:\/\/www.specagra.ee\/index.php?rest_route=%2Fwp%2Fv2%2Fproduct_brand&post=24112"},{"taxonomy":"product_cat","embeddable":true,"href":"https:\/\/www.specagra.ee\/index.php?rest_route=%2Fwp%2Fv2%2Fproduct_cat&post=24112"},{"taxonomy":"product_tag","embeddable":true,"href":"https:\/\/www.specagra.ee\/index.php?rest_route=%2Fwp%2Fv2%2Fproduct_tag&post=24112"}],"curies":[{"name":"wp","href":"https:\/\/api.w.org\/{rel}","templated":true}]}}