{"id":24075,"date":"2023-02-06T10:15:29","date_gmt":"2023-02-06T12:15:29","guid":{"rendered":"https:\/\/www.specagra.ee\/?post_type=product&#038;p=24075"},"modified":"2023-02-06T10:36:28","modified_gmt":"2023-02-06T12:36:28","slug":"pieno-separatorius-plevnik-sp-600","status":"publish","type":"product","link":"https:\/\/www.specagra.ee\/?product=pieno-separatorius-plevnik-sp-600","title":{"rendered":"Pieno separatorius Plevnik SP 600"},"content":{"rendered":"<p>Bendrosios savyb\u0117s:<\/p>\n<ul>\n<li>Separatori\u0173 labai paprasta naudoti &#8211; jis veikia automati\u0161kai, kai pienas supilamas \u012f ind\u0105. Riebal\u0173 kiek\u012f grietin\u0117l\u0117je ir nugriebtame piene galite reguliuoti reguliavimo sraigtu.<\/li>\n<li>Separatorius pagamintas i\u0161 auk\u0161tos kokyb\u0117s med\u017eiag\u0173, kurias lengva valyti ir paprasta pri\u017ei\u016br\u0117ti.<\/li>\n<li>80-95 proc. energijos paver\u010diama variklio galia, kad b\u016bt\u0173 u\u017etikrintas efektyviausias apdorojimas. Vidinis variklis yra be \u0161epet\u0117li\u0173 ir u\u017etikrina ilg\u0105 prietaiso tarnavimo laik\u0105.<\/li>\n<\/ul>\n","protected":false},"excerpt":{"rendered":"<p>Bendrosios savyb\u0117s: Separatori\u0173 labai paprasta naudoti &#8211; jis veikia automati\u0161kai, kai pienas supilamas \u012f ind\u0105. Riebal\u0173 kiek\u012f grietin\u0117l\u0117je ir nugriebtame piene galite reguliuoti reguliavimo sraigtu. Separatorius pagamintas i\u0161 auk\u0161tos kokyb\u0117s med\u017eiag\u0173, kurias lengva valyti ir paprasta pri\u017ei\u016br\u0117ti. 80-95 proc. energijos paver\u010diama variklio galia, kad b\u016bt\u0173 u\u017etikrintas efektyviausias apdorojimas. Vidinis variklis yra be \u0161epet\u0117li\u0173 ir u\u017etikrina [&hellip;]<\/p>\n","protected":false},"featured_media":24076,"template":"","meta":{"_et_pb_use_builder":"","_et_pb_old_content":"","_et_gb_content_width":""},"product_brand":[],"product_cat":[188],"product_tag":[],"class_list":{"0":"post-24075","1":"product","2":"type-product","3":"status-publish","4":"has-post-thumbnail","6":"product_cat-piima-separaatorid","8":"first","9":"instock","10":"shipping-taxable","11":"product-type-simple"},"yoast_head":"<!-- This site is optimized with the Yoast SEO plugin v26.4 - https:\/\/yoast.com\/wordpress\/plugins\/seo\/ -->\n<title>Pieno separatorius Plevnik SP 600 - Specagra<\/title>\n<meta name=\"robots\" content=\"index, follow, max-snippet:-1, max-image-preview:large, max-video-preview:-1\" \/>\n<link rel=\"canonical\" href=\"https:\/\/www.specagra.ee\/?product=pieno-separatorius-plevnik-sp-600\" \/>\n<meta property=\"og:locale\" content=\"et_EE\" \/>\n<meta property=\"og:type\" content=\"article\" \/>\n<meta property=\"og:title\" content=\"Pieno separatorius Plevnik SP 600 - Specagra\" \/>\n<meta property=\"og:description\" content=\"Bendrosios savyb\u0117s: Separatori\u0173 labai paprasta naudoti &#8211; jis veikia automati\u0161kai, kai pienas supilamas \u012f ind\u0105. Riebal\u0173 kiek\u012f grietin\u0117l\u0117je ir nugriebtame piene galite reguliuoti reguliavimo sraigtu. Separatorius pagamintas i\u0161 auk\u0161tos kokyb\u0117s med\u017eiag\u0173, kurias lengva valyti ir paprasta pri\u017ei\u016br\u0117ti. 80-95 proc. energijos paver\u010diama variklio galia, kad b\u016bt\u0173 u\u017etikrintas efektyviausias apdorojimas. Vidinis variklis yra be \u0161epet\u0117li\u0173 ir u\u017etikrina [&hellip;]\" \/>\n<meta property=\"og:url\" content=\"https:\/\/www.specagra.ee\/?product=pieno-separatorius-plevnik-sp-600\" \/>\n<meta property=\"og:site_name\" content=\"Specagra\" \/>\n<meta property=\"article:modified_time\" content=\"2023-02-06T12:36:28+00:00\" \/>\n<meta property=\"og:image\" content=\"https:\/\/www.specagra.ee\/wp-content\/uploads\/2023\/02\/Untitled-design-4.jpg\" \/>\n\t<meta property=\"og:image:width\" content=\"800\" \/>\n\t<meta property=\"og:image:height\" content=\"800\" \/>\n\t<meta property=\"og:image:type\" content=\"image\/jpeg\" \/>\n<meta name=\"twitter:card\" content=\"summary_large_image\" \/>\n<meta name=\"twitter:label1\" content=\"Est. reading time\" \/>\n\t<meta name=\"twitter:data1\" content=\"1 minut\" \/>\n<script type=\"application\/ld+json\" class=\"yoast-schema-graph\">{\"@context\":\"https:\/\/schema.org\",\"@graph\":[{\"@type\":\"WebPage\",\"@id\":\"https:\/\/www.specagra.ee\/?product=pieno-separatorius-plevnik-sp-600\",\"url\":\"https:\/\/www.specagra.ee\/?product=pieno-separatorius-plevnik-sp-600\",\"name\":\"Pieno separatorius Plevnik SP 600 - Specagra\",\"isPartOf\":{\"@id\":\"https:\/\/www.specagra.ee\/#website\"},\"primaryImageOfPage\":{\"@id\":\"https:\/\/www.specagra.ee\/?product=pieno-separatorius-plevnik-sp-600#primaryimage\"},\"image\":{\"@id\":\"https:\/\/www.specagra.ee\/?product=pieno-separatorius-plevnik-sp-600#primaryimage\"},\"thumbnailUrl\":\"https:\/\/www.specagra.ee\/wp-content\/uploads\/2023\/02\/Untitled-design-4.jpg\",\"datePublished\":\"2023-02-06T12:15:29+00:00\",\"dateModified\":\"2023-02-06T12:36:28+00:00\",\"breadcrumb\":{\"@id\":\"https:\/\/www.specagra.ee\/?product=pieno-separatorius-plevnik-sp-600#breadcrumb\"},\"inLanguage\":\"et\",\"potentialAction\":[{\"@type\":\"ReadAction\",\"target\":[\"https:\/\/www.specagra.ee\/?product=pieno-separatorius-plevnik-sp-600\"]}]},{\"@type\":\"ImageObject\",\"inLanguage\":\"et\",\"@id\":\"https:\/\/www.specagra.ee\/?product=pieno-separatorius-plevnik-sp-600#primaryimage\",\"url\":\"https:\/\/www.specagra.ee\/wp-content\/uploads\/2023\/02\/Untitled-design-4.jpg\",\"contentUrl\":\"https:\/\/www.specagra.ee\/wp-content\/uploads\/2023\/02\/Untitled-design-4.jpg\",\"width\":800,\"height\":800},{\"@type\":\"BreadcrumbList\",\"@id\":\"https:\/\/www.specagra.ee\/?product=pieno-separatorius-plevnik-sp-600#breadcrumb\",\"itemListElement\":[{\"@type\":\"ListItem\",\"position\":1,\"name\":\"Home\",\"item\":\"https:\/\/www.specagra.ee\/\"},{\"@type\":\"ListItem\",\"position\":2,\"name\":\"P\u00f5llumajandustehnika ja loomakasvatus\",\"item\":\"https:\/\/specagra.ee\/?page_id=18493\"},{\"@type\":\"ListItem\",\"position\":3,\"name\":\"Pieno separatorius Plevnik SP 600\"}]},{\"@type\":\"WebSite\",\"@id\":\"https:\/\/www.specagra.ee\/#website\",\"url\":\"https:\/\/www.specagra.ee\/\",\"name\":\"Specagra\",\"description\":\"P\u00f5llumajandustehnika ja varuosad\",\"publisher\":{\"@id\":\"https:\/\/www.specagra.ee\/#organization\"},\"potentialAction\":[{\"@type\":\"SearchAction\",\"target\":{\"@type\":\"EntryPoint\",\"urlTemplate\":\"https:\/\/www.specagra.ee\/?s={search_term_string}\"},\"query-input\":{\"@type\":\"PropertyValueSpecification\",\"valueRequired\":true,\"valueName\":\"search_term_string\"}}],\"inLanguage\":\"et\"},{\"@type\":\"Organization\",\"@id\":\"https:\/\/www.specagra.ee\/#organization\",\"name\":\"UAB Specagra\",\"url\":\"https:\/\/www.specagra.ee\/\",\"logo\":{\"@type\":\"ImageObject\",\"inLanguage\":\"et\",\"@id\":\"https:\/\/www.specagra.ee\/#\/schema\/logo\/image\/\",\"url\":\"http:\/\/www.specagra.ee\/wp-content\/uploads\/2022\/02\/SP-logo_naujas-scaled.jpg\",\"contentUrl\":\"http:\/\/www.specagra.ee\/wp-content\/uploads\/2022\/02\/SP-logo_naujas-scaled.jpg\",\"width\":2560,\"height\":326,\"caption\":\"UAB Specagra\"},\"image\":{\"@id\":\"https:\/\/www.specagra.ee\/#\/schema\/logo\/image\/\"}}]}<\/script>\n<!-- \/ Yoast SEO plugin. -->","yoast_head_json":{"title":"Pieno separatorius Plevnik SP 600 - Specagra","robots":{"index":"index","follow":"follow","max-snippet":"max-snippet:-1","max-image-preview":"max-image-preview:large","max-video-preview":"max-video-preview:-1"},"canonical":"https:\/\/www.specagra.ee\/?product=pieno-separatorius-plevnik-sp-600","og_locale":"et_EE","og_type":"article","og_title":"Pieno separatorius Plevnik SP 600 - Specagra","og_description":"Bendrosios savyb\u0117s: Separatori\u0173 labai paprasta naudoti &#8211; jis veikia automati\u0161kai, kai pienas supilamas \u012f ind\u0105. Riebal\u0173 kiek\u012f grietin\u0117l\u0117je ir nugriebtame piene galite reguliuoti reguliavimo sraigtu. Separatorius pagamintas i\u0161 auk\u0161tos kokyb\u0117s med\u017eiag\u0173, kurias lengva valyti ir paprasta pri\u017ei\u016br\u0117ti. 80-95 proc. energijos paver\u010diama variklio galia, kad b\u016bt\u0173 u\u017etikrintas efektyviausias apdorojimas. Vidinis variklis yra be \u0161epet\u0117li\u0173 ir u\u017etikrina [&hellip;]","og_url":"https:\/\/www.specagra.ee\/?product=pieno-separatorius-plevnik-sp-600","og_site_name":"Specagra","article_modified_time":"2023-02-06T12:36:28+00:00","og_image":[{"width":800,"height":800,"url":"https:\/\/www.specagra.ee\/wp-content\/uploads\/2023\/02\/Untitled-design-4.jpg","type":"image\/jpeg"}],"twitter_card":"summary_large_image","twitter_misc":{"Est. reading time":"1 minut"},"schema":{"@context":"https:\/\/schema.org","@graph":[{"@type":"WebPage","@id":"https:\/\/www.specagra.ee\/?product=pieno-separatorius-plevnik-sp-600","url":"https:\/\/www.specagra.ee\/?product=pieno-separatorius-plevnik-sp-600","name":"Pieno separatorius Plevnik SP 600 - Specagra","isPartOf":{"@id":"https:\/\/www.specagra.ee\/#website"},"primaryImageOfPage":{"@id":"https:\/\/www.specagra.ee\/?product=pieno-separatorius-plevnik-sp-600#primaryimage"},"image":{"@id":"https:\/\/www.specagra.ee\/?product=pieno-separatorius-plevnik-sp-600#primaryimage"},"thumbnailUrl":"https:\/\/www.specagra.ee\/wp-content\/uploads\/2023\/02\/Untitled-design-4.jpg","datePublished":"2023-02-06T12:15:29+00:00","dateModified":"2023-02-06T12:36:28+00:00","breadcrumb":{"@id":"https:\/\/www.specagra.ee\/?product=pieno-separatorius-plevnik-sp-600#breadcrumb"},"inLanguage":"et","potentialAction":[{"@type":"ReadAction","target":["https:\/\/www.specagra.ee\/?product=pieno-separatorius-plevnik-sp-600"]}]},{"@type":"ImageObject","inLanguage":"et","@id":"https:\/\/www.specagra.ee\/?product=pieno-separatorius-plevnik-sp-600#primaryimage","url":"https:\/\/www.specagra.ee\/wp-content\/uploads\/2023\/02\/Untitled-design-4.jpg","contentUrl":"https:\/\/www.specagra.ee\/wp-content\/uploads\/2023\/02\/Untitled-design-4.jpg","width":800,"height":800},{"@type":"BreadcrumbList","@id":"https:\/\/www.specagra.ee\/?product=pieno-separatorius-plevnik-sp-600#breadcrumb","itemListElement":[{"@type":"ListItem","position":1,"name":"Home","item":"https:\/\/www.specagra.ee\/"},{"@type":"ListItem","position":2,"name":"P\u00f5llumajandustehnika ja loomakasvatus","item":"https:\/\/specagra.ee\/?page_id=18493"},{"@type":"ListItem","position":3,"name":"Pieno separatorius Plevnik SP 600"}]},{"@type":"WebSite","@id":"https:\/\/www.specagra.ee\/#website","url":"https:\/\/www.specagra.ee\/","name":"Specagra","description":"P\u00f5llumajandustehnika ja varuosad","publisher":{"@id":"https:\/\/www.specagra.ee\/#organization"},"potentialAction":[{"@type":"SearchAction","target":{"@type":"EntryPoint","urlTemplate":"https:\/\/www.specagra.ee\/?s={search_term_string}"},"query-input":{"@type":"PropertyValueSpecification","valueRequired":true,"valueName":"search_term_string"}}],"inLanguage":"et"},{"@type":"Organization","@id":"https:\/\/www.specagra.ee\/#organization","name":"UAB Specagra","url":"https:\/\/www.specagra.ee\/","logo":{"@type":"ImageObject","inLanguage":"et","@id":"https:\/\/www.specagra.ee\/#\/schema\/logo\/image\/","url":"http:\/\/www.specagra.ee\/wp-content\/uploads\/2022\/02\/SP-logo_naujas-scaled.jpg","contentUrl":"http:\/\/www.specagra.ee\/wp-content\/uploads\/2022\/02\/SP-logo_naujas-scaled.jpg","width":2560,"height":326,"caption":"UAB Specagra"},"image":{"@id":"https:\/\/www.specagra.ee\/#\/schema\/logo\/image\/"}}]}},"_links":{"self":[{"href":"https:\/\/www.specagra.ee\/index.php?rest_route=\/wp\/v2\/product\/24075","targetHints":{"allow":["GET"]}}],"collection":[{"href":"https:\/\/www.specagra.ee\/index.php?rest_route=\/wp\/v2\/product"}],"about":[{"href":"https:\/\/www.specagra.ee\/index.php?rest_route=\/wp\/v2\/types\/product"}],"wp:featuredmedia":[{"embeddable":true,"href":"https:\/\/www.specagra.ee\/index.php?rest_route=\/wp\/v2\/media\/24076"}],"wp:attachment":[{"href":"https:\/\/www.specagra.ee\/index.php?rest_route=%2Fwp%2Fv2%2Fmedia&parent=24075"}],"wp:term":[{"taxonomy":"product_brand","embeddable":true,"href":"https:\/\/www.specagra.ee\/index.php?rest_route=%2Fwp%2Fv2%2Fproduct_brand&post=24075"},{"taxonomy":"product_cat","embeddable":true,"href":"https:\/\/www.specagra.ee\/index.php?rest_route=%2Fwp%2Fv2%2Fproduct_cat&post=24075"},{"taxonomy":"product_tag","embeddable":true,"href":"https:\/\/www.specagra.ee\/index.php?rest_route=%2Fwp%2Fv2%2Fproduct_tag&post=24075"}],"curies":[{"name":"wp","href":"https:\/\/api.w.org\/{rel}","templated":true}]}}