{"id":24070,"date":"2023-02-06T07:20:53","date_gmt":"2023-02-06T09:20:53","guid":{"rendered":"https:\/\/www.specagra.ee\/?post_type=product&#038;p=24070"},"modified":"2023-08-04T05:47:41","modified_gmt":"2023-08-04T07:47:41","slug":"mini-surio-katilas-skh-300-el","status":"publish","type":"product","link":"https:\/\/www.specagra.ee\/?product=mini-surio-katilas-skh-300-el","title":{"rendered":"Mini s\u016brio katilas SKH EL"},"content":{"rendered":"<p>PRIVALUMAI :<\/p>\n<ul>\n<li>Iki 30 proc. ma\u017eiau energijos suvartojama d\u0117l gerai izoliuotos talpyklos ir lazeriu suvirintos dangos, leid\u017eian\u010dios efektyviai keistis energija.<\/li>\n<li>Pjaustykl\u0117s su a\u0161triais a\u0161menimis u\u017etikrina kokybi\u0161k\u0105 pjovim\u0105, o tai pagerina galutinio produkto kokyb\u0119 (ma\u017eiau s\u016brio dulki\u0173 ir daugiau s\u016brio).<\/li>\n<li>Automati\u0161kai valdomi terminiai procesai u\u017etikrina patikim\u0105, kontroliuojam\u0105 apdorojim\u0105.<\/li>\n<li>Patogus ir paprastas valdymas su i\u0161maniaisiais valdikliais, kurie valdo procesus ir u\u017etikrina darbo dienos sklandum\u0105 ir efektyvum\u0105.<\/li>\n<li>Patogiai ir paprastai naudojamas MC 350 i\u0161manusis valdiklis , kuriame \u012fdiegta proces\u0173 valdymo programa, kuri suma\u017eina nuolatinio s\u016brininko buvimo poreik\u012f ir daro gamyb\u0105 ekonomi\u0161kesn\u0119.<\/li>\n<li>Terminis apdorojimas galimas iki 100 \u00b0C.<\/li>\n<li>Paprastas temperat\u016bros reguliavimas norimai temperat\u016brai pasiekti.<\/li>\n<\/ul>\n","protected":false},"excerpt":{"rendered":"<ul>\n<li>Dvisluoksnis indas su dang\u010diu , pagamintas i\u0161 ner\u016bdijan\u010diojo plieno (AISI 304).<\/li>\n<li>\u0160ildymas ir au\u0161inimas veikia per indo dugn\u0105 ir dangt\u012f.<\/li>\n<li>Katilas \u0161ildomas vandens vonioje ir au\u0161inamas vandeniu i\u0161 vamzd\u017eio arba vandens kolektoriaus.<\/li>\n<li>Terminis apdorojimas galimas iki 75 \u00b0C. Temperat\u016bra gali b\u016bti reguliuojama valdymo pulte esan\u010diu termostatu.<\/li>\n<li>Virdul\u012f i\u0161tu\u0161tinti padeda DN40 i\u0161leidimo vo\u017etuvas.<\/li>\n<\/ul>\n<p>&nbsp;<\/p>\n","protected":false},"featured_media":24071,"template":"","meta":{"_et_pb_use_builder":"","_et_pb_old_content":"","_et_gb_content_width":""},"product_brand":[],"product_cat":[246],"product_tag":[],"class_list":{"0":"post-24070","1":"product","2":"type-product","3":"status-publish","4":"has-post-thumbnail","6":"product_cat-pastoriseerijad","8":"first","9":"instock","10":"shipping-taxable","11":"product-type-simple"},"yoast_head":"<!-- This site is optimized with the Yoast SEO plugin v26.4 - https:\/\/yoast.com\/wordpress\/plugins\/seo\/ -->\n<title>Mini s\u016brio katilas SKH EL - Specagra<\/title>\n<meta name=\"robots\" content=\"index, follow, max-snippet:-1, max-image-preview:large, max-video-preview:-1\" \/>\n<link rel=\"canonical\" href=\"https:\/\/www.specagra.ee\/?product=mini-surio-katilas-skh-300-el\" \/>\n<meta property=\"og:locale\" content=\"et_EE\" \/>\n<meta property=\"og:type\" content=\"article\" \/>\n<meta property=\"og:title\" content=\"Mini s\u016brio katilas SKH EL - Specagra\" \/>\n<meta property=\"og:description\" content=\"Dvisluoksnis indas su dang\u010diu , pagamintas i\u0161 ner\u016bdijan\u010diojo plieno (AISI 304).  \u0160ildymas ir au\u0161inimas veikia per indo dugn\u0105 ir dangt\u012f.  Katilas \u0161ildomas vandens vonioje ir au\u0161inamas vandeniu i\u0161 vamzd\u017eio arba vandens kolektoriaus.  Terminis apdorojimas galimas iki 75 \u00b0C. Temperat\u016bra gali b\u016bti reguliuojama valdymo pulte esan\u010diu termostatu.  Virdul\u012f i\u0161tu\u0161tinti padeda DN40 i\u0161leidimo vo\u017etuvas.  &nbsp;\" \/>\n<meta property=\"og:url\" content=\"https:\/\/www.specagra.ee\/?product=mini-surio-katilas-skh-300-el\" \/>\n<meta property=\"og:site_name\" content=\"Specagra\" \/>\n<meta property=\"article:modified_time\" content=\"2023-08-04T07:47:41+00:00\" \/>\n<meta property=\"og:image\" content=\"https:\/\/www.specagra.ee\/wp-content\/uploads\/2023\/02\/Untitled-design-3.jpg\" \/>\n\t<meta property=\"og:image:width\" content=\"800\" \/>\n\t<meta property=\"og:image:height\" content=\"800\" \/>\n\t<meta property=\"og:image:type\" content=\"image\/jpeg\" \/>\n<meta name=\"twitter:card\" content=\"summary_large_image\" \/>\n<meta name=\"twitter:label1\" content=\"Est. reading time\" \/>\n\t<meta name=\"twitter:data1\" content=\"1 minut\" \/>\n<script type=\"application\/ld+json\" class=\"yoast-schema-graph\">{\"@context\":\"https:\/\/schema.org\",\"@graph\":[{\"@type\":\"WebPage\",\"@id\":\"https:\/\/www.specagra.ee\/?product=mini-surio-katilas-skh-300-el\",\"url\":\"https:\/\/www.specagra.ee\/?product=mini-surio-katilas-skh-300-el\",\"name\":\"Mini s\u016brio katilas SKH EL - Specagra\",\"isPartOf\":{\"@id\":\"https:\/\/www.specagra.ee\/#website\"},\"primaryImageOfPage\":{\"@id\":\"https:\/\/www.specagra.ee\/?product=mini-surio-katilas-skh-300-el#primaryimage\"},\"image\":{\"@id\":\"https:\/\/www.specagra.ee\/?product=mini-surio-katilas-skh-300-el#primaryimage\"},\"thumbnailUrl\":\"https:\/\/www.specagra.ee\/wp-content\/uploads\/2023\/02\/Untitled-design-3.jpg\",\"datePublished\":\"2023-02-06T09:20:53+00:00\",\"dateModified\":\"2023-08-04T07:47:41+00:00\",\"breadcrumb\":{\"@id\":\"https:\/\/www.specagra.ee\/?product=mini-surio-katilas-skh-300-el#breadcrumb\"},\"inLanguage\":\"et\",\"potentialAction\":[{\"@type\":\"ReadAction\",\"target\":[\"https:\/\/www.specagra.ee\/?product=mini-surio-katilas-skh-300-el\"]}]},{\"@type\":\"ImageObject\",\"inLanguage\":\"et\",\"@id\":\"https:\/\/www.specagra.ee\/?product=mini-surio-katilas-skh-300-el#primaryimage\",\"url\":\"https:\/\/www.specagra.ee\/wp-content\/uploads\/2023\/02\/Untitled-design-3.jpg\",\"contentUrl\":\"https:\/\/www.specagra.ee\/wp-content\/uploads\/2023\/02\/Untitled-design-3.jpg\",\"width\":800,\"height\":800},{\"@type\":\"BreadcrumbList\",\"@id\":\"https:\/\/www.specagra.ee\/?product=mini-surio-katilas-skh-300-el#breadcrumb\",\"itemListElement\":[{\"@type\":\"ListItem\",\"position\":1,\"name\":\"Home\",\"item\":\"https:\/\/www.specagra.ee\/\"},{\"@type\":\"ListItem\",\"position\":2,\"name\":\"P\u00f5llumajandustehnika ja loomakasvatus\",\"item\":\"https:\/\/specagra.ee\/?page_id=18493\"},{\"@type\":\"ListItem\",\"position\":3,\"name\":\"Mini s\u016brio katilas SKH EL\"}]},{\"@type\":\"WebSite\",\"@id\":\"https:\/\/www.specagra.ee\/#website\",\"url\":\"https:\/\/www.specagra.ee\/\",\"name\":\"Specagra\",\"description\":\"P\u00f5llumajandustehnika ja varuosad\",\"publisher\":{\"@id\":\"https:\/\/www.specagra.ee\/#organization\"},\"potentialAction\":[{\"@type\":\"SearchAction\",\"target\":{\"@type\":\"EntryPoint\",\"urlTemplate\":\"https:\/\/www.specagra.ee\/?s={search_term_string}\"},\"query-input\":{\"@type\":\"PropertyValueSpecification\",\"valueRequired\":true,\"valueName\":\"search_term_string\"}}],\"inLanguage\":\"et\"},{\"@type\":\"Organization\",\"@id\":\"https:\/\/www.specagra.ee\/#organization\",\"name\":\"UAB Specagra\",\"url\":\"https:\/\/www.specagra.ee\/\",\"logo\":{\"@type\":\"ImageObject\",\"inLanguage\":\"et\",\"@id\":\"https:\/\/www.specagra.ee\/#\/schema\/logo\/image\/\",\"url\":\"http:\/\/www.specagra.ee\/wp-content\/uploads\/2022\/02\/SP-logo_naujas-scaled.jpg\",\"contentUrl\":\"http:\/\/www.specagra.ee\/wp-content\/uploads\/2022\/02\/SP-logo_naujas-scaled.jpg\",\"width\":2560,\"height\":326,\"caption\":\"UAB Specagra\"},\"image\":{\"@id\":\"https:\/\/www.specagra.ee\/#\/schema\/logo\/image\/\"}}]}<\/script>\n<!-- \/ Yoast SEO plugin. -->","yoast_head_json":{"title":"Mini s\u016brio katilas SKH EL - Specagra","robots":{"index":"index","follow":"follow","max-snippet":"max-snippet:-1","max-image-preview":"max-image-preview:large","max-video-preview":"max-video-preview:-1"},"canonical":"https:\/\/www.specagra.ee\/?product=mini-surio-katilas-skh-300-el","og_locale":"et_EE","og_type":"article","og_title":"Mini s\u016brio katilas SKH EL - Specagra","og_description":"Dvisluoksnis indas su dang\u010diu , pagamintas i\u0161 ner\u016bdijan\u010diojo plieno (AISI 304).  \u0160ildymas ir au\u0161inimas veikia per indo dugn\u0105 ir dangt\u012f.  Katilas \u0161ildomas vandens vonioje ir au\u0161inamas vandeniu i\u0161 vamzd\u017eio arba vandens kolektoriaus.  Terminis apdorojimas galimas iki 75 \u00b0C. Temperat\u016bra gali b\u016bti reguliuojama valdymo pulte esan\u010diu termostatu.  Virdul\u012f i\u0161tu\u0161tinti padeda DN40 i\u0161leidimo vo\u017etuvas.  &nbsp;","og_url":"https:\/\/www.specagra.ee\/?product=mini-surio-katilas-skh-300-el","og_site_name":"Specagra","article_modified_time":"2023-08-04T07:47:41+00:00","og_image":[{"width":800,"height":800,"url":"https:\/\/www.specagra.ee\/wp-content\/uploads\/2023\/02\/Untitled-design-3.jpg","type":"image\/jpeg"}],"twitter_card":"summary_large_image","twitter_misc":{"Est. reading time":"1 minut"},"schema":{"@context":"https:\/\/schema.org","@graph":[{"@type":"WebPage","@id":"https:\/\/www.specagra.ee\/?product=mini-surio-katilas-skh-300-el","url":"https:\/\/www.specagra.ee\/?product=mini-surio-katilas-skh-300-el","name":"Mini s\u016brio katilas SKH EL - Specagra","isPartOf":{"@id":"https:\/\/www.specagra.ee\/#website"},"primaryImageOfPage":{"@id":"https:\/\/www.specagra.ee\/?product=mini-surio-katilas-skh-300-el#primaryimage"},"image":{"@id":"https:\/\/www.specagra.ee\/?product=mini-surio-katilas-skh-300-el#primaryimage"},"thumbnailUrl":"https:\/\/www.specagra.ee\/wp-content\/uploads\/2023\/02\/Untitled-design-3.jpg","datePublished":"2023-02-06T09:20:53+00:00","dateModified":"2023-08-04T07:47:41+00:00","breadcrumb":{"@id":"https:\/\/www.specagra.ee\/?product=mini-surio-katilas-skh-300-el#breadcrumb"},"inLanguage":"et","potentialAction":[{"@type":"ReadAction","target":["https:\/\/www.specagra.ee\/?product=mini-surio-katilas-skh-300-el"]}]},{"@type":"ImageObject","inLanguage":"et","@id":"https:\/\/www.specagra.ee\/?product=mini-surio-katilas-skh-300-el#primaryimage","url":"https:\/\/www.specagra.ee\/wp-content\/uploads\/2023\/02\/Untitled-design-3.jpg","contentUrl":"https:\/\/www.specagra.ee\/wp-content\/uploads\/2023\/02\/Untitled-design-3.jpg","width":800,"height":800},{"@type":"BreadcrumbList","@id":"https:\/\/www.specagra.ee\/?product=mini-surio-katilas-skh-300-el#breadcrumb","itemListElement":[{"@type":"ListItem","position":1,"name":"Home","item":"https:\/\/www.specagra.ee\/"},{"@type":"ListItem","position":2,"name":"P\u00f5llumajandustehnika ja loomakasvatus","item":"https:\/\/specagra.ee\/?page_id=18493"},{"@type":"ListItem","position":3,"name":"Mini s\u016brio katilas SKH EL"}]},{"@type":"WebSite","@id":"https:\/\/www.specagra.ee\/#website","url":"https:\/\/www.specagra.ee\/","name":"Specagra","description":"P\u00f5llumajandustehnika ja varuosad","publisher":{"@id":"https:\/\/www.specagra.ee\/#organization"},"potentialAction":[{"@type":"SearchAction","target":{"@type":"EntryPoint","urlTemplate":"https:\/\/www.specagra.ee\/?s={search_term_string}"},"query-input":{"@type":"PropertyValueSpecification","valueRequired":true,"valueName":"search_term_string"}}],"inLanguage":"et"},{"@type":"Organization","@id":"https:\/\/www.specagra.ee\/#organization","name":"UAB Specagra","url":"https:\/\/www.specagra.ee\/","logo":{"@type":"ImageObject","inLanguage":"et","@id":"https:\/\/www.specagra.ee\/#\/schema\/logo\/image\/","url":"http:\/\/www.specagra.ee\/wp-content\/uploads\/2022\/02\/SP-logo_naujas-scaled.jpg","contentUrl":"http:\/\/www.specagra.ee\/wp-content\/uploads\/2022\/02\/SP-logo_naujas-scaled.jpg","width":2560,"height":326,"caption":"UAB Specagra"},"image":{"@id":"https:\/\/www.specagra.ee\/#\/schema\/logo\/image\/"}}]}},"_links":{"self":[{"href":"https:\/\/www.specagra.ee\/index.php?rest_route=\/wp\/v2\/product\/24070","targetHints":{"allow":["GET"]}}],"collection":[{"href":"https:\/\/www.specagra.ee\/index.php?rest_route=\/wp\/v2\/product"}],"about":[{"href":"https:\/\/www.specagra.ee\/index.php?rest_route=\/wp\/v2\/types\/product"}],"wp:featuredmedia":[{"embeddable":true,"href":"https:\/\/www.specagra.ee\/index.php?rest_route=\/wp\/v2\/media\/24071"}],"wp:attachment":[{"href":"https:\/\/www.specagra.ee\/index.php?rest_route=%2Fwp%2Fv2%2Fmedia&parent=24070"}],"wp:term":[{"taxonomy":"product_brand","embeddable":true,"href":"https:\/\/www.specagra.ee\/index.php?rest_route=%2Fwp%2Fv2%2Fproduct_brand&post=24070"},{"taxonomy":"product_cat","embeddable":true,"href":"https:\/\/www.specagra.ee\/index.php?rest_route=%2Fwp%2Fv2%2Fproduct_cat&post=24070"},{"taxonomy":"product_tag","embeddable":true,"href":"https:\/\/www.specagra.ee\/index.php?rest_route=%2Fwp%2Fv2%2Fproduct_tag&post=24070"}],"curies":[{"name":"wp","href":"https:\/\/api.w.org\/{rel}","templated":true}]}}