{"id":24065,"date":"2023-02-06T07:05:24","date_gmt":"2023-02-06T09:05:24","guid":{"rendered":"https:\/\/www.specagra.ee\/?post_type=product&#038;p=24065"},"modified":"2023-03-24T05:40:17","modified_gmt":"2023-03-24T07:40:17","slug":"mini-surio-katilas-skm-100","status":"publish","type":"product","link":"https:\/\/www.specagra.ee\/?product=mini-surio-katilas-skm-100","title":{"rendered":"Mini s\u016brio katilas SKM 100"},"content":{"rendered":"<p>Bendrosios savyb\u0117s :<\/p>\n<ul>\n<li>Dvisluoksnis indas su dang\u010diu , pagamintas i\u0161 ner\u016bdijan\u010diojo plieno (AISI 304).<\/li>\n<li>\u0160ildymas ir au\u0161inimas veikia per indo dugn\u0105.<\/li>\n<li>Katilas \u0161ildomas ir au\u0161inamas vandeniu.<\/li>\n<li>Terminis apdorojimas galimas iki 90 \u00b0C. Temperat\u016bra gali b\u016bti reguliuojama valdymo pulte esan\u010diu termostatu.<\/li>\n<li>Katil\u0105 i\u0161tu\u0161tinti padeda DN40 i\u0161leidimo vo\u017etuvas<\/li>\n<\/ul>\n","protected":false},"excerpt":{"rendered":"<ul>\n<li>Dvisluoksnis indas su dang\u010diu , pagamintas i\u0161 ner\u016bdijan\u010diojo plieno (AISI 304).<\/li>\n<li>\u0160ildymas ir au\u0161inimas veikia per indo dugn\u0105 ir dangt\u012f.<\/li>\n<li>Katilas \u0161ildomas vandens vonioje ir au\u0161inamas vandeniu i\u0161 vamzd\u017eio arba vandens kolektoriaus.<\/li>\n<li>Terminis apdorojimas galimas iki 75 \u00b0C. Temperat\u016bra gali b\u016bti reguliuojama valdymo pulte esan\u010diu termostatu.<\/li>\n<li>Virdul\u012f i\u0161tu\u0161tinti padeda DN40 i\u0161leidimo vo\u017etuvas.<\/li>\n<\/ul>\n<p>&nbsp;<\/p>\n","protected":false},"featured_media":27709,"template":"","meta":{"_et_pb_use_builder":"","_et_pb_old_content":"","_et_gb_content_width":""},"product_brand":[],"product_cat":[246],"product_tag":[],"class_list":{"0":"post-24065","1":"product","2":"type-product","3":"status-publish","4":"has-post-thumbnail","6":"product_cat-pastoriseerijad","8":"first","9":"instock","10":"shipping-taxable","11":"product-type-simple"},"yoast_head":"<!-- This site is optimized with the Yoast SEO plugin v26.4 - https:\/\/yoast.com\/wordpress\/plugins\/seo\/ -->\n<title>Mini s\u016brio katilas SKM 100 - Specagra<\/title>\n<meta name=\"robots\" content=\"index, follow, max-snippet:-1, max-image-preview:large, max-video-preview:-1\" \/>\n<link rel=\"canonical\" href=\"https:\/\/www.specagra.ee\/?product=mini-surio-katilas-skm-100\" \/>\n<meta property=\"og:locale\" content=\"et_EE\" \/>\n<meta property=\"og:type\" content=\"article\" \/>\n<meta property=\"og:title\" content=\"Mini s\u016brio katilas SKM 100 - Specagra\" \/>\n<meta property=\"og:description\" content=\"Dvisluoksnis indas su dang\u010diu , pagamintas i\u0161 ner\u016bdijan\u010diojo plieno (AISI 304).  \u0160ildymas ir au\u0161inimas veikia per indo dugn\u0105 ir dangt\u012f.  Katilas \u0161ildomas vandens vonioje ir au\u0161inamas vandeniu i\u0161 vamzd\u017eio arba vandens kolektoriaus.  Terminis apdorojimas galimas iki 75 \u00b0C. Temperat\u016bra gali b\u016bti reguliuojama valdymo pulte esan\u010diu termostatu.  Virdul\u012f i\u0161tu\u0161tinti padeda DN40 i\u0161leidimo vo\u017etuvas.  &nbsp;\" \/>\n<meta property=\"og:url\" content=\"https:\/\/www.specagra.ee\/?product=mini-surio-katilas-skm-100\" \/>\n<meta property=\"og:site_name\" content=\"Specagra\" \/>\n<meta property=\"article:modified_time\" content=\"2023-03-24T07:40:17+00:00\" \/>\n<meta property=\"og:image\" content=\"https:\/\/www.specagra.ee\/wp-content\/uploads\/2023\/02\/Untitled-design-21-1.jpg\" \/>\n\t<meta property=\"og:image:width\" content=\"800\" \/>\n\t<meta property=\"og:image:height\" content=\"800\" \/>\n\t<meta property=\"og:image:type\" content=\"image\/jpeg\" \/>\n<meta name=\"twitter:card\" content=\"summary_large_image\" \/>\n<meta name=\"twitter:label1\" content=\"Est. reading time\" \/>\n\t<meta name=\"twitter:data1\" content=\"1 minut\" \/>\n<script type=\"application\/ld+json\" class=\"yoast-schema-graph\">{\"@context\":\"https:\/\/schema.org\",\"@graph\":[{\"@type\":\"WebPage\",\"@id\":\"https:\/\/www.specagra.ee\/?product=mini-surio-katilas-skm-100\",\"url\":\"https:\/\/www.specagra.ee\/?product=mini-surio-katilas-skm-100\",\"name\":\"Mini s\u016brio katilas SKM 100 - Specagra\",\"isPartOf\":{\"@id\":\"https:\/\/www.specagra.ee\/#website\"},\"primaryImageOfPage\":{\"@id\":\"https:\/\/www.specagra.ee\/?product=mini-surio-katilas-skm-100#primaryimage\"},\"image\":{\"@id\":\"https:\/\/www.specagra.ee\/?product=mini-surio-katilas-skm-100#primaryimage\"},\"thumbnailUrl\":\"https:\/\/www.specagra.ee\/wp-content\/uploads\/2023\/02\/Untitled-design-21-1.jpg\",\"datePublished\":\"2023-02-06T09:05:24+00:00\",\"dateModified\":\"2023-03-24T07:40:17+00:00\",\"breadcrumb\":{\"@id\":\"https:\/\/www.specagra.ee\/?product=mini-surio-katilas-skm-100#breadcrumb\"},\"inLanguage\":\"et\",\"potentialAction\":[{\"@type\":\"ReadAction\",\"target\":[\"https:\/\/www.specagra.ee\/?product=mini-surio-katilas-skm-100\"]}]},{\"@type\":\"ImageObject\",\"inLanguage\":\"et\",\"@id\":\"https:\/\/www.specagra.ee\/?product=mini-surio-katilas-skm-100#primaryimage\",\"url\":\"https:\/\/www.specagra.ee\/wp-content\/uploads\/2023\/02\/Untitled-design-21-1.jpg\",\"contentUrl\":\"https:\/\/www.specagra.ee\/wp-content\/uploads\/2023\/02\/Untitled-design-21-1.jpg\",\"width\":800,\"height\":800},{\"@type\":\"BreadcrumbList\",\"@id\":\"https:\/\/www.specagra.ee\/?product=mini-surio-katilas-skm-100#breadcrumb\",\"itemListElement\":[{\"@type\":\"ListItem\",\"position\":1,\"name\":\"Home\",\"item\":\"https:\/\/www.specagra.ee\/\"},{\"@type\":\"ListItem\",\"position\":2,\"name\":\"P\u00f5llumajandustehnika ja loomakasvatus\",\"item\":\"https:\/\/specagra.ee\/?page_id=18493\"},{\"@type\":\"ListItem\",\"position\":3,\"name\":\"Mini s\u016brio katilas SKM 100\"}]},{\"@type\":\"WebSite\",\"@id\":\"https:\/\/www.specagra.ee\/#website\",\"url\":\"https:\/\/www.specagra.ee\/\",\"name\":\"Specagra\",\"description\":\"P\u00f5llumajandustehnika ja varuosad\",\"publisher\":{\"@id\":\"https:\/\/www.specagra.ee\/#organization\"},\"potentialAction\":[{\"@type\":\"SearchAction\",\"target\":{\"@type\":\"EntryPoint\",\"urlTemplate\":\"https:\/\/www.specagra.ee\/?s={search_term_string}\"},\"query-input\":{\"@type\":\"PropertyValueSpecification\",\"valueRequired\":true,\"valueName\":\"search_term_string\"}}],\"inLanguage\":\"et\"},{\"@type\":\"Organization\",\"@id\":\"https:\/\/www.specagra.ee\/#organization\",\"name\":\"UAB Specagra\",\"url\":\"https:\/\/www.specagra.ee\/\",\"logo\":{\"@type\":\"ImageObject\",\"inLanguage\":\"et\",\"@id\":\"https:\/\/www.specagra.ee\/#\/schema\/logo\/image\/\",\"url\":\"http:\/\/www.specagra.ee\/wp-content\/uploads\/2022\/02\/SP-logo_naujas-scaled.jpg\",\"contentUrl\":\"http:\/\/www.specagra.ee\/wp-content\/uploads\/2022\/02\/SP-logo_naujas-scaled.jpg\",\"width\":2560,\"height\":326,\"caption\":\"UAB Specagra\"},\"image\":{\"@id\":\"https:\/\/www.specagra.ee\/#\/schema\/logo\/image\/\"}}]}<\/script>\n<!-- \/ Yoast SEO plugin. -->","yoast_head_json":{"title":"Mini s\u016brio katilas SKM 100 - Specagra","robots":{"index":"index","follow":"follow","max-snippet":"max-snippet:-1","max-image-preview":"max-image-preview:large","max-video-preview":"max-video-preview:-1"},"canonical":"https:\/\/www.specagra.ee\/?product=mini-surio-katilas-skm-100","og_locale":"et_EE","og_type":"article","og_title":"Mini s\u016brio katilas SKM 100 - Specagra","og_description":"Dvisluoksnis indas su dang\u010diu , pagamintas i\u0161 ner\u016bdijan\u010diojo plieno (AISI 304).  \u0160ildymas ir au\u0161inimas veikia per indo dugn\u0105 ir dangt\u012f.  Katilas \u0161ildomas vandens vonioje ir au\u0161inamas vandeniu i\u0161 vamzd\u017eio arba vandens kolektoriaus.  Terminis apdorojimas galimas iki 75 \u00b0C. Temperat\u016bra gali b\u016bti reguliuojama valdymo pulte esan\u010diu termostatu.  Virdul\u012f i\u0161tu\u0161tinti padeda DN40 i\u0161leidimo vo\u017etuvas.  &nbsp;","og_url":"https:\/\/www.specagra.ee\/?product=mini-surio-katilas-skm-100","og_site_name":"Specagra","article_modified_time":"2023-03-24T07:40:17+00:00","og_image":[{"width":800,"height":800,"url":"https:\/\/www.specagra.ee\/wp-content\/uploads\/2023\/02\/Untitled-design-21-1.jpg","type":"image\/jpeg"}],"twitter_card":"summary_large_image","twitter_misc":{"Est. reading time":"1 minut"},"schema":{"@context":"https:\/\/schema.org","@graph":[{"@type":"WebPage","@id":"https:\/\/www.specagra.ee\/?product=mini-surio-katilas-skm-100","url":"https:\/\/www.specagra.ee\/?product=mini-surio-katilas-skm-100","name":"Mini s\u016brio katilas SKM 100 - Specagra","isPartOf":{"@id":"https:\/\/www.specagra.ee\/#website"},"primaryImageOfPage":{"@id":"https:\/\/www.specagra.ee\/?product=mini-surio-katilas-skm-100#primaryimage"},"image":{"@id":"https:\/\/www.specagra.ee\/?product=mini-surio-katilas-skm-100#primaryimage"},"thumbnailUrl":"https:\/\/www.specagra.ee\/wp-content\/uploads\/2023\/02\/Untitled-design-21-1.jpg","datePublished":"2023-02-06T09:05:24+00:00","dateModified":"2023-03-24T07:40:17+00:00","breadcrumb":{"@id":"https:\/\/www.specagra.ee\/?product=mini-surio-katilas-skm-100#breadcrumb"},"inLanguage":"et","potentialAction":[{"@type":"ReadAction","target":["https:\/\/www.specagra.ee\/?product=mini-surio-katilas-skm-100"]}]},{"@type":"ImageObject","inLanguage":"et","@id":"https:\/\/www.specagra.ee\/?product=mini-surio-katilas-skm-100#primaryimage","url":"https:\/\/www.specagra.ee\/wp-content\/uploads\/2023\/02\/Untitled-design-21-1.jpg","contentUrl":"https:\/\/www.specagra.ee\/wp-content\/uploads\/2023\/02\/Untitled-design-21-1.jpg","width":800,"height":800},{"@type":"BreadcrumbList","@id":"https:\/\/www.specagra.ee\/?product=mini-surio-katilas-skm-100#breadcrumb","itemListElement":[{"@type":"ListItem","position":1,"name":"Home","item":"https:\/\/www.specagra.ee\/"},{"@type":"ListItem","position":2,"name":"P\u00f5llumajandustehnika ja loomakasvatus","item":"https:\/\/specagra.ee\/?page_id=18493"},{"@type":"ListItem","position":3,"name":"Mini s\u016brio katilas SKM 100"}]},{"@type":"WebSite","@id":"https:\/\/www.specagra.ee\/#website","url":"https:\/\/www.specagra.ee\/","name":"Specagra","description":"P\u00f5llumajandustehnika ja varuosad","publisher":{"@id":"https:\/\/www.specagra.ee\/#organization"},"potentialAction":[{"@type":"SearchAction","target":{"@type":"EntryPoint","urlTemplate":"https:\/\/www.specagra.ee\/?s={search_term_string}"},"query-input":{"@type":"PropertyValueSpecification","valueRequired":true,"valueName":"search_term_string"}}],"inLanguage":"et"},{"@type":"Organization","@id":"https:\/\/www.specagra.ee\/#organization","name":"UAB Specagra","url":"https:\/\/www.specagra.ee\/","logo":{"@type":"ImageObject","inLanguage":"et","@id":"https:\/\/www.specagra.ee\/#\/schema\/logo\/image\/","url":"http:\/\/www.specagra.ee\/wp-content\/uploads\/2022\/02\/SP-logo_naujas-scaled.jpg","contentUrl":"http:\/\/www.specagra.ee\/wp-content\/uploads\/2022\/02\/SP-logo_naujas-scaled.jpg","width":2560,"height":326,"caption":"UAB Specagra"},"image":{"@id":"https:\/\/www.specagra.ee\/#\/schema\/logo\/image\/"}}]}},"_links":{"self":[{"href":"https:\/\/www.specagra.ee\/index.php?rest_route=\/wp\/v2\/product\/24065","targetHints":{"allow":["GET"]}}],"collection":[{"href":"https:\/\/www.specagra.ee\/index.php?rest_route=\/wp\/v2\/product"}],"about":[{"href":"https:\/\/www.specagra.ee\/index.php?rest_route=\/wp\/v2\/types\/product"}],"wp:featuredmedia":[{"embeddable":true,"href":"https:\/\/www.specagra.ee\/index.php?rest_route=\/wp\/v2\/media\/27709"}],"wp:attachment":[{"href":"https:\/\/www.specagra.ee\/index.php?rest_route=%2Fwp%2Fv2%2Fmedia&parent=24065"}],"wp:term":[{"taxonomy":"product_brand","embeddable":true,"href":"https:\/\/www.specagra.ee\/index.php?rest_route=%2Fwp%2Fv2%2Fproduct_brand&post=24065"},{"taxonomy":"product_cat","embeddable":true,"href":"https:\/\/www.specagra.ee\/index.php?rest_route=%2Fwp%2Fv2%2Fproduct_cat&post=24065"},{"taxonomy":"product_tag","embeddable":true,"href":"https:\/\/www.specagra.ee\/index.php?rest_route=%2Fwp%2Fv2%2Fproduct_tag&post=24065"}],"curies":[{"name":"wp","href":"https:\/\/api.w.org\/{rel}","templated":true}]}}