{"id":24052,"date":"2023-02-06T06:19:13","date_gmt":"2023-02-06T08:19:13","guid":{"rendered":"https:\/\/www.specagra.ee\/?post_type=product&#038;p=24052"},"modified":"2025-01-14T05:51:36","modified_gmt":"2025-01-14T07:51:36","slug":"sviestmuse-plevnik-pj25","status":"publish","type":"product","link":"https:\/\/www.specagra.ee\/?product=sviestmuse-plevnik-pj25","title":{"rendered":"Sviestmu\u0161\u0117s Plevnik PJ"},"content":{"rendered":"<p>Sviestmu\u0161\u0117 yra modernus prietaisas, skirtas greitai ir efektyviai <strong>sviesto gamybai<\/strong>. Jame galima gaminti ne tik sviest\u0105, bet ir pasukas &#8211; komerci\u0161kai patraukl\u0173 produkt\u0105. U\u017etikrinama <strong>didel\u0117 i\u0161eiga<\/strong> perdirbant: I\u0161 grietin\u0117l\u0117s gaunama 50-60 % sviesto. Tai puiki galimyb\u0117 <strong>i\u0161pl\u0117sti savo produkt\u0173 asortiment\u0105<\/strong>.<\/p>\n<p>&nbsp;<\/p>\n<p>Bendrosios savyb\u0117s:<\/p>\n<ul>\n<li>Prie pat sieneli\u0173 prigludusios mai\u0161ymo mentel\u0117s pagreitina proces\u0105 10 %, u\u017etikrina efektyv\u0173 mai\u0161ym\u0105 net ir minimaliai pripild\u017eius talp\u0105 ir u\u017etikrina vienod\u0105 pasuk\u0173 pasiskirstym\u0105 svieste.<\/li>\n<li>Greitj reguliuojantis elektros variklis u\u017etikrina proceso valdym\u0105 ir prisitaikym\u0105 prie skirtingo riebal\u0173 kiekio produktuose.<\/li>\n<li>Dvigubas sluoksnis padeda pasiekti ir i\u0161laikyti optimali\u0105 temperat\u016bra (PJ50 ir PJ100).<\/li>\n<li>Sviestmu\u0161\u0117s dangtis u\u017etikrina saug\u0173 ir kontroliuojam\u0105 apdorojim\u0105. Skaidrus akrilo dangtis skirtas PJ13 ir PJ25, o PJ50 ir PJ100 &#8211; ner\u016bdijan\u010diojo plieno dangtis su permatomu stiklu.<\/li>\n<li>Sviestmu\u0161\u0119 galima i\u0161ardyti naudojant special\u0173 pried\u0105. Tai palengvina talpyklos i\u0161tu\u0161tinim\u0105.<\/li>\n<li>Specialiai apdoroti vidiniai pavir\u0161iai, kad b\u016bt\u0173 lengviau i\u0161tu\u0161tinti ir i\u0161valyti vid\u0173.<\/li>\n<li>I\u0161leidimo vo\u017etuvas leid\u017eia grei\u010diau i\u0161pilti skys\u010dius. Taip sutaupoma laiko plaunant sviest\u0105.<\/li>\n<\/ul>\n","protected":false},"excerpt":{"rendered":"<p>Sviestmu\u0161\u0117 yra modernus prietaisas, skirtas greitai ir efektyviai sviesto gamybai. Jame galima gaminti ne tik sviest\u0105, bet ir pasukas &#8211; komerci\u0161kai patraukl\u0173 produkt\u0105. U\u017etikrinama didel\u0117 i\u0161eiga perdirbant: I\u0161 grietin\u0117l\u0117s gaunama 50-60 % sviesto. Tai puiki galimyb\u0117 i\u0161pl\u0117sti savo produkt\u0173 asortiment\u0105. &nbsp; Bendrosios savyb\u0117s: Prie pat sieneli\u0173 prigludusios mai\u0161ymo mentel\u0117s pagreitina proces\u0105 10 %, u\u017etikrina efektyv\u0173 [&hellip;]<\/p>\n","protected":false},"featured_media":43403,"template":"","meta":{"_et_pb_use_builder":"","_et_pb_old_content":"","_et_gb_content_width":""},"product_brand":[],"product_cat":[190],"product_tag":[],"class_list":{"0":"post-24052","1":"product","2":"type-product","3":"status-publish","4":"has-post-thumbnail","6":"product_cat-voimasinad","8":"first","9":"instock","10":"shipping-taxable","11":"product-type-simple"},"yoast_head":"<!-- This site is optimized with the Yoast SEO plugin v26.4 - https:\/\/yoast.com\/wordpress\/plugins\/seo\/ -->\n<title>Sviestmu\u0161\u0117s Plevnik PJ - Specagra<\/title>\n<meta name=\"robots\" content=\"index, follow, max-snippet:-1, max-image-preview:large, max-video-preview:-1\" \/>\n<link rel=\"canonical\" href=\"https:\/\/www.specagra.ee\/?product=sviestmuse-plevnik-pj25\" \/>\n<meta property=\"og:locale\" content=\"et_EE\" \/>\n<meta property=\"og:type\" content=\"article\" \/>\n<meta property=\"og:title\" content=\"Sviestmu\u0161\u0117s Plevnik PJ - Specagra\" \/>\n<meta property=\"og:description\" content=\"Sviestmu\u0161\u0117 yra modernus prietaisas, skirtas greitai ir efektyviai sviesto gamybai. Jame galima gaminti ne tik sviest\u0105, bet ir pasukas &#8211; komerci\u0161kai patraukl\u0173 produkt\u0105. U\u017etikrinama didel\u0117 i\u0161eiga perdirbant: I\u0161 grietin\u0117l\u0117s gaunama 50-60 % sviesto. Tai puiki galimyb\u0117 i\u0161pl\u0117sti savo produkt\u0173 asortiment\u0105. &nbsp; Bendrosios savyb\u0117s: Prie pat sieneli\u0173 prigludusios mai\u0161ymo mentel\u0117s pagreitina proces\u0105 10 %, u\u017etikrina efektyv\u0173 [&hellip;]\" \/>\n<meta property=\"og:url\" content=\"https:\/\/www.specagra.ee\/?product=sviestmuse-plevnik-pj25\" \/>\n<meta property=\"og:site_name\" content=\"Specagra\" \/>\n<meta property=\"article:modified_time\" content=\"2025-01-14T07:51:36+00:00\" \/>\n<meta property=\"og:image\" content=\"https:\/\/www.specagra.ee\/wp-content\/uploads\/2023\/02\/Untitled-design1.png\" \/>\n\t<meta property=\"og:image:width\" content=\"900\" \/>\n\t<meta property=\"og:image:height\" content=\"900\" \/>\n\t<meta property=\"og:image:type\" content=\"image\/png\" \/>\n<meta name=\"twitter:card\" content=\"summary_large_image\" \/>\n<meta name=\"twitter:label1\" content=\"Est. reading time\" \/>\n\t<meta name=\"twitter:data1\" content=\"1 minut\" \/>\n<script type=\"application\/ld+json\" class=\"yoast-schema-graph\">{\"@context\":\"https:\/\/schema.org\",\"@graph\":[{\"@type\":\"WebPage\",\"@id\":\"https:\/\/www.specagra.ee\/?product=sviestmuse-plevnik-pj25\",\"url\":\"https:\/\/www.specagra.ee\/?product=sviestmuse-plevnik-pj25\",\"name\":\"Sviestmu\u0161\u0117s Plevnik PJ - Specagra\",\"isPartOf\":{\"@id\":\"https:\/\/www.specagra.ee\/#website\"},\"primaryImageOfPage\":{\"@id\":\"https:\/\/www.specagra.ee\/?product=sviestmuse-plevnik-pj25#primaryimage\"},\"image\":{\"@id\":\"https:\/\/www.specagra.ee\/?product=sviestmuse-plevnik-pj25#primaryimage\"},\"thumbnailUrl\":\"https:\/\/www.specagra.ee\/wp-content\/uploads\/2023\/02\/Untitled-design1.png\",\"datePublished\":\"2023-02-06T08:19:13+00:00\",\"dateModified\":\"2025-01-14T07:51:36+00:00\",\"breadcrumb\":{\"@id\":\"https:\/\/www.specagra.ee\/?product=sviestmuse-plevnik-pj25#breadcrumb\"},\"inLanguage\":\"et\",\"potentialAction\":[{\"@type\":\"ReadAction\",\"target\":[\"https:\/\/www.specagra.ee\/?product=sviestmuse-plevnik-pj25\"]}]},{\"@type\":\"ImageObject\",\"inLanguage\":\"et\",\"@id\":\"https:\/\/www.specagra.ee\/?product=sviestmuse-plevnik-pj25#primaryimage\",\"url\":\"https:\/\/www.specagra.ee\/wp-content\/uploads\/2023\/02\/Untitled-design1.png\",\"contentUrl\":\"https:\/\/www.specagra.ee\/wp-content\/uploads\/2023\/02\/Untitled-design1.png\",\"width\":900,\"height\":900},{\"@type\":\"BreadcrumbList\",\"@id\":\"https:\/\/www.specagra.ee\/?product=sviestmuse-plevnik-pj25#breadcrumb\",\"itemListElement\":[{\"@type\":\"ListItem\",\"position\":1,\"name\":\"Home\",\"item\":\"https:\/\/www.specagra.ee\/\"},{\"@type\":\"ListItem\",\"position\":2,\"name\":\"P\u00f5llumajandustehnika ja loomakasvatus\",\"item\":\"https:\/\/specagra.ee\/?page_id=18493\"},{\"@type\":\"ListItem\",\"position\":3,\"name\":\"Sviestmu\u0161\u0117s Plevnik PJ\"}]},{\"@type\":\"WebSite\",\"@id\":\"https:\/\/www.specagra.ee\/#website\",\"url\":\"https:\/\/www.specagra.ee\/\",\"name\":\"Specagra\",\"description\":\"P\u00f5llumajandustehnika ja varuosad\",\"publisher\":{\"@id\":\"https:\/\/www.specagra.ee\/#organization\"},\"potentialAction\":[{\"@type\":\"SearchAction\",\"target\":{\"@type\":\"EntryPoint\",\"urlTemplate\":\"https:\/\/www.specagra.ee\/?s={search_term_string}\"},\"query-input\":{\"@type\":\"PropertyValueSpecification\",\"valueRequired\":true,\"valueName\":\"search_term_string\"}}],\"inLanguage\":\"et\"},{\"@type\":\"Organization\",\"@id\":\"https:\/\/www.specagra.ee\/#organization\",\"name\":\"UAB Specagra\",\"url\":\"https:\/\/www.specagra.ee\/\",\"logo\":{\"@type\":\"ImageObject\",\"inLanguage\":\"et\",\"@id\":\"https:\/\/www.specagra.ee\/#\/schema\/logo\/image\/\",\"url\":\"http:\/\/www.specagra.ee\/wp-content\/uploads\/2022\/02\/SP-logo_naujas-scaled.jpg\",\"contentUrl\":\"http:\/\/www.specagra.ee\/wp-content\/uploads\/2022\/02\/SP-logo_naujas-scaled.jpg\",\"width\":2560,\"height\":326,\"caption\":\"UAB Specagra\"},\"image\":{\"@id\":\"https:\/\/www.specagra.ee\/#\/schema\/logo\/image\/\"}}]}<\/script>\n<!-- \/ Yoast SEO plugin. -->","yoast_head_json":{"title":"Sviestmu\u0161\u0117s Plevnik PJ - Specagra","robots":{"index":"index","follow":"follow","max-snippet":"max-snippet:-1","max-image-preview":"max-image-preview:large","max-video-preview":"max-video-preview:-1"},"canonical":"https:\/\/www.specagra.ee\/?product=sviestmuse-plevnik-pj25","og_locale":"et_EE","og_type":"article","og_title":"Sviestmu\u0161\u0117s Plevnik PJ - Specagra","og_description":"Sviestmu\u0161\u0117 yra modernus prietaisas, skirtas greitai ir efektyviai sviesto gamybai. Jame galima gaminti ne tik sviest\u0105, bet ir pasukas &#8211; komerci\u0161kai patraukl\u0173 produkt\u0105. U\u017etikrinama didel\u0117 i\u0161eiga perdirbant: I\u0161 grietin\u0117l\u0117s gaunama 50-60 % sviesto. Tai puiki galimyb\u0117 i\u0161pl\u0117sti savo produkt\u0173 asortiment\u0105. &nbsp; Bendrosios savyb\u0117s: Prie pat sieneli\u0173 prigludusios mai\u0161ymo mentel\u0117s pagreitina proces\u0105 10 %, u\u017etikrina efektyv\u0173 [&hellip;]","og_url":"https:\/\/www.specagra.ee\/?product=sviestmuse-plevnik-pj25","og_site_name":"Specagra","article_modified_time":"2025-01-14T07:51:36+00:00","og_image":[{"width":900,"height":900,"url":"https:\/\/www.specagra.ee\/wp-content\/uploads\/2023\/02\/Untitled-design1.png","type":"image\/png"}],"twitter_card":"summary_large_image","twitter_misc":{"Est. reading time":"1 minut"},"schema":{"@context":"https:\/\/schema.org","@graph":[{"@type":"WebPage","@id":"https:\/\/www.specagra.ee\/?product=sviestmuse-plevnik-pj25","url":"https:\/\/www.specagra.ee\/?product=sviestmuse-plevnik-pj25","name":"Sviestmu\u0161\u0117s Plevnik PJ - Specagra","isPartOf":{"@id":"https:\/\/www.specagra.ee\/#website"},"primaryImageOfPage":{"@id":"https:\/\/www.specagra.ee\/?product=sviestmuse-plevnik-pj25#primaryimage"},"image":{"@id":"https:\/\/www.specagra.ee\/?product=sviestmuse-plevnik-pj25#primaryimage"},"thumbnailUrl":"https:\/\/www.specagra.ee\/wp-content\/uploads\/2023\/02\/Untitled-design1.png","datePublished":"2023-02-06T08:19:13+00:00","dateModified":"2025-01-14T07:51:36+00:00","breadcrumb":{"@id":"https:\/\/www.specagra.ee\/?product=sviestmuse-plevnik-pj25#breadcrumb"},"inLanguage":"et","potentialAction":[{"@type":"ReadAction","target":["https:\/\/www.specagra.ee\/?product=sviestmuse-plevnik-pj25"]}]},{"@type":"ImageObject","inLanguage":"et","@id":"https:\/\/www.specagra.ee\/?product=sviestmuse-plevnik-pj25#primaryimage","url":"https:\/\/www.specagra.ee\/wp-content\/uploads\/2023\/02\/Untitled-design1.png","contentUrl":"https:\/\/www.specagra.ee\/wp-content\/uploads\/2023\/02\/Untitled-design1.png","width":900,"height":900},{"@type":"BreadcrumbList","@id":"https:\/\/www.specagra.ee\/?product=sviestmuse-plevnik-pj25#breadcrumb","itemListElement":[{"@type":"ListItem","position":1,"name":"Home","item":"https:\/\/www.specagra.ee\/"},{"@type":"ListItem","position":2,"name":"P\u00f5llumajandustehnika ja loomakasvatus","item":"https:\/\/specagra.ee\/?page_id=18493"},{"@type":"ListItem","position":3,"name":"Sviestmu\u0161\u0117s Plevnik PJ"}]},{"@type":"WebSite","@id":"https:\/\/www.specagra.ee\/#website","url":"https:\/\/www.specagra.ee\/","name":"Specagra","description":"P\u00f5llumajandustehnika ja varuosad","publisher":{"@id":"https:\/\/www.specagra.ee\/#organization"},"potentialAction":[{"@type":"SearchAction","target":{"@type":"EntryPoint","urlTemplate":"https:\/\/www.specagra.ee\/?s={search_term_string}"},"query-input":{"@type":"PropertyValueSpecification","valueRequired":true,"valueName":"search_term_string"}}],"inLanguage":"et"},{"@type":"Organization","@id":"https:\/\/www.specagra.ee\/#organization","name":"UAB Specagra","url":"https:\/\/www.specagra.ee\/","logo":{"@type":"ImageObject","inLanguage":"et","@id":"https:\/\/www.specagra.ee\/#\/schema\/logo\/image\/","url":"http:\/\/www.specagra.ee\/wp-content\/uploads\/2022\/02\/SP-logo_naujas-scaled.jpg","contentUrl":"http:\/\/www.specagra.ee\/wp-content\/uploads\/2022\/02\/SP-logo_naujas-scaled.jpg","width":2560,"height":326,"caption":"UAB Specagra"},"image":{"@id":"https:\/\/www.specagra.ee\/#\/schema\/logo\/image\/"}}]}},"_links":{"self":[{"href":"https:\/\/www.specagra.ee\/index.php?rest_route=\/wp\/v2\/product\/24052","targetHints":{"allow":["GET"]}}],"collection":[{"href":"https:\/\/www.specagra.ee\/index.php?rest_route=\/wp\/v2\/product"}],"about":[{"href":"https:\/\/www.specagra.ee\/index.php?rest_route=\/wp\/v2\/types\/product"}],"wp:featuredmedia":[{"embeddable":true,"href":"https:\/\/www.specagra.ee\/index.php?rest_route=\/wp\/v2\/media\/43403"}],"wp:attachment":[{"href":"https:\/\/www.specagra.ee\/index.php?rest_route=%2Fwp%2Fv2%2Fmedia&parent=24052"}],"wp:term":[{"taxonomy":"product_brand","embeddable":true,"href":"https:\/\/www.specagra.ee\/index.php?rest_route=%2Fwp%2Fv2%2Fproduct_brand&post=24052"},{"taxonomy":"product_cat","embeddable":true,"href":"https:\/\/www.specagra.ee\/index.php?rest_route=%2Fwp%2Fv2%2Fproduct_cat&post=24052"},{"taxonomy":"product_tag","embeddable":true,"href":"https:\/\/www.specagra.ee\/index.php?rest_route=%2Fwp%2Fv2%2Fproduct_tag&post=24052"}],"curies":[{"name":"wp","href":"https:\/\/api.w.org\/{rel}","templated":true}]}}